{"id":20227,"date":"2024-07-04T16:11:23","date_gmt":"2024-07-04T14:11:23","guid":{"rendered":"https:\/\/www.matts-guitar-shop.com\/le-nostre-mostre\/"},"modified":"2026-03-07T03:50:37","modified_gmt":"2026-03-07T02:50:37","slug":"le-nostre-mostre","status":"publish","type":"page","link":"https:\/\/www.matts-guitar-shop.com\/it\/le-nostre-mostre\/","title":{"rendered":"Le nostre mostre"},"content":{"rendered":"<p>[et_pb_section fb_built=&#8221;1&#8243; fullwidth=&#8221;on&#8221; _builder_version=&#8221;4.25.2&#8243; _module_preset=&#8221;default&#8221; width=&#8221;100%&#8221; min_height=&#8221;100vh&#8221; locked=&#8221;off&#8221; global_colors_info=&#8221;{}&#8221;][et_pb_fullwidth_slider _builder_version=&#8221;4.25.2&#8243; _module_preset=&#8221;default&#8221; header_level=&#8221;h1&#8243; header_font=&#8221;|600|||||||&#8221; body_font=&#8221;||||||||&#8221; width=&#8221;100%&#8221; min_height=&#8221;100vh&#8221; auto=&#8221;on&#8221; auto_speed=&#8221;4500&#8243; auto_ignore_hover=&#8221;on&#8221; hover_transition_duration=&#8221;50ms&#8221; hover_transition_speed_curve=&#8221;linear&#8221; global_colors_info=&#8221;{}&#8221;][et_pb_slide heading=&#8221;Le nostre mostre&#8221; _builder_version=&#8221;4.25.2&#8243; _module_preset=&#8221;default&#8221; header_level=&#8221;h1&#8243; header_font_size=&#8221;70px&#8221; body_font_size=&#8221;20px&#8221; background_enable_color=&#8221;off&#8221; background_image=&#8221;https:\/\/www.matts-guitar-shop.com\/wp-content\/uploads\/2025\/03\/slide-art-merch-01.jpg&#8221; background_enable_image=&#8221;on&#8221; background_size=&#8221;custom&#8221; header_font_size_tablet=&#8221;60px&#8221; header_font_size_phone=&#8221;32px&#8221; header_font_size_last_edited=&#8221;on|phone&#8221; body_font_size_tablet=&#8221;20px&#8221; body_font_size_phone=&#8221;16px&#8221; body_font_size_last_edited=&#8221;on|phone&#8221; global_colors_info=&#8221;{}&#8221; sticky_transition=&#8221;on&#8221;][\/et_pb_slide][\/et_pb_fullwidth_slider][\/et_pb_section][et_pb_section fb_built=&#8221;1&#8243; _builder_version=&#8221;4.25.2&#8243; _module_preset=&#8221;default&#8221; background_color=&#8221;#000000&#8243; top_divider_style=&#8221;arrow2&#8243; top_divider_color=&#8221;#d0a957&#8243; top_divider_height=&#8221;12px&#8221; bottom_divider_style=&#8221;arrow2&#8243; bottom_divider_color=&#8221;gcid-heading-color&#8221; bottom_divider_height=&#8221;12px&#8221; bottom_divider_flip=&#8221;vertical&#8221; global_colors_info=&#8221;{%22gcid-heading-color%22:%91%22bottom_divider_color%22,%22bottom_divider_color%22%93}&#8221;][et_pb_row _builder_version=&#8221;4.25.2&#8243; _module_preset=&#8221;default&#8221; global_colors_info=&#8221;{}&#8221;][et_pb_column type=&#8221;4_4&#8243; _builder_version=&#8221;4.25.2&#8243; _module_preset=&#8221;default&#8221; global_colors_info=&#8221;{}&#8221;][et_pb_text disabled_on=&#8221;on|on|on&#8221; _builder_version=&#8221;4.25.2&#8243; _module_preset=&#8221;default&#8221; header_font=&#8221;|700|||||||&#8221; header_text_align=&#8221;center&#8221; header_font_size=&#8221;36px&#8221; background_layout=&#8221;dark&#8221; disabled=&#8221;on&#8221; global_colors_info=&#8221;{}&#8221;]<\/p>\n<h1>Le nostre mostre<\/h1>\n<p>[\/et_pb_text][et_pb_text _builder_version=&#8221;4.25.2&#8243; _module_preset=&#8221;default&#8221; text_font_size=&#8221;16px&#8221; link_font=&#8221;|600|||on||||&#8221; link_text_color=&#8221;#FFFFFF&#8221; header_font=&#8221;|700|||||||&#8221; header_text_align=&#8221;center&#8221; header_font_size=&#8221;36px&#8221; text_orientation=&#8221;center&#8221; background_layout=&#8221;dark&#8221; global_colors_info=&#8221;{}&#8221;]<\/p>\n<p>Il Matt\u2019s Guitar Shop ha sempre posto la condivisione al centro del suo approccio. Consapevole che \u00e8 scambiando attorno alla nostra passione comune per la musica che questa cresce, ha aperto molto presto le sue porte su appuntamento per permettere a ciascuno di avvicinarsi alle chitarre eccezionali della sua collezione.<\/p>\n<p>Successivamente, la volont\u00e0 di aprire un vero e proprio reparto artistico si \u00e8 concretizzata con la <b>Matt\u2019s Rock Gallery<\/b>, permettendo a ciascuno di collezionare veri pezzi di storia. Abbiamo inoltre cercato di integrare direttamente gli appassionati e di portare alla musica una dimensione fino a quel momento piuttosto rara: le <b>mostre<\/b> retrospettive.<\/p>\n<p>Da questa volont\u00e0 di offrire agli appassionati di musica un\u2019estensione alle chitarre, abbiamo deciso di organizzare vere e proprie mostre dedicate ad alcuni dei pi\u00f9 grandi artisti. Il nostro primo progetto \u00e8 stato dedicato a uno dei pi\u00f9 rispettati guitar heroes, <b>Slash<\/b>. Organizzato in collaborazione con suo fratello Ash Hudson, questo bellissimo evento ha riunito per la prima volta disegni di Slash adolescente, allora semplicemente \u2018Saul Hudson\u2019, direttamente dagli archivi familiari, oltre a chitarre da palco e creazioni visive che hanno accompagnato la sua carriera. Ash era presente per parlare delle sue creazioni (tra cui il <i>Snakepit<\/i>) con gli appassionati provenienti da tutta Europa. Abbiamo anche creato una <b>serigrafia<\/b> completamente stampata a mano in un laboratorio di Parigi, cos\u00ec come una <b>litografia<\/b>, entrambe <b>firmate da Slash<\/b>. Alcune copie sono ancora disponibili sul nostro sito Matt\u2019s Rock Gallery!<\/p>\n<p>Poco dopo, abbiamo deciso di replicare il progetto con <b>Kaleo<\/b>. Organizzata in collaborazione con J.J. Julius Son, questa prima retrospettiva dedicata a uno dei pi\u00f9 celebri gruppi islandesi ha riunito <b>manoscritti<\/b> originali, <b>setlist<\/b> e chitarre da studio e da palco. La serata d\u2019apertura si \u00e8 svolta intorno a un <b>concerto privato<\/b>, un incontro intimo che ha riunito diverse decine di spettatori appassionati provenienti da tutta Europa. Per alcuni brani, J.J. Julius Son e Thor \u2013 l\u2019armonicista del gruppo \u2013 ci hanno fatto sognare e hanno potuto rivelare nel miglior modo la nostra nuova creazione: un <b>poster inedito<\/b> del Payback Tour. Anch\u2019esso firmato da J.J., \u00e8 ancora disponibile sul sito Matt\u2019s Rock Gallery.<\/p>\n<p>Seguiteci per non perdere i nostri prossimi progetti e per condividere insieme questa passione per la musica e il rock!<\/p>\n<p>[\/et_pb_text][\/et_pb_column][\/et_pb_row][et_pb_row column_structure=&#8221;1_2,1_2&#8243; use_custom_gutter=&#8221;on&#8221; gutter_width=&#8221;2&#8243; _builder_version=&#8221;4.25.2&#8243; _module_preset=&#8221;default&#8221; border_width_bottom=&#8221;1px&#8221; border_color_bottom=&#8221;rgba(255,255,255,0.29)&#8221; locked=&#8221;off&#8221; global_colors_info=&#8221;{}&#8221;][et_pb_column type=&#8221;1_2&#8243; _builder_version=&#8221;4.25.2&#8243; _module_preset=&#8221;default&#8221; global_colors_info=&#8221;{}&#8221;][et_pb_text _builder_version=&#8221;4.25.2&#8243; _module_preset=&#8221;default&#8221; text_font_size=&#8221;16px&#8221; link_font=&#8221;|600|||on||||&#8221; link_text_color=&#8221;#FFFFFF&#8221; header_font=&#8221;|700|||||||&#8221; header_text_align=&#8221;center&#8221; header_font_size=&#8221;36px&#8221; header_2_font=&#8221;||||||||&#8221; text_orientation=&#8221;center&#8221; background_layout=&#8221;dark&#8221; global_colors_info=&#8221;{}&#8221;]<\/p>\n<h2>\u2018\u2019Slash, La mostra\u2019\u2019 &#8211; in collaborazione con Ash Hudson, aprile 2024<\/h2>\n<p>[\/et_pb_text][et_pb_button button_url=&#8221;@ET-DC@eyJkeW5hbWljIjp0cnVlLCJjb250ZW50IjoicG9zdF9saW5rX3VybF9wb3N0Iiwic2V0dGluZ3MiOnsicG9zdF9pZCI6IjE0NjQwIn19@&#8221; url_new_window=&#8221;on&#8221; button_text=&#8221;Scopri di pi\u00f9 sulla mostra SLASH&#8221; button_alignment=&#8221;center&#8221; _builder_version=&#8221;4.25.2&#8243; _module_preset=&#8221;default&#8221; custom_button=&#8221;on&#8221; button_text_size=&#8221;14px&#8221; button_text_color=&#8221;#FFFFFF&#8221; button_bg_color=&#8221;#000000&#8243; button_border_width=&#8221;1px&#8221; button_border_color=&#8221;#FFFFFF&#8221; button_border_radius=&#8221;0px&#8221; button_letter_spacing=&#8221;1px&#8221; button_font=&#8221;|600|||||||&#8221; custom_margin=&#8221;||||false|false&#8221; custom_padding=&#8221;||||false|false&#8221; hover_enabled=&#8221;0&#8243; global_colors_info=&#8221;{%22gcid-heading-color%22:%91%22button_bg_color%22,%22button_bg_color%22%93}&#8221; locked=&#8221;off&#8221; _dynamic_attributes=&#8221;button_url&#8221; sticky_enabled=&#8221;0&#8243;][\/et_pb_button][et_pb_image src=&#8221;https:\/\/www.matts-guitar-shop.com\/wp-content\/uploads\/2025\/01\/slash-expo-matt-s-guitar-shop-01.jpg&#8221; alt=&#8221;Post Instagram Slash &#8211; 15&#8243; title_text=&#8221;slash-expo-matt-s-guitar-shop-01&#8243; align=&#8221;center&#8221; disabled_on=&#8221;off|off|off&#8221; _builder_version=&#8221;4.25.2&#8243; _module_preset=&#8221;default&#8221; global_colors_info=&#8221;{}&#8221;][\/et_pb_image][et_pb_image src=&#8221;https:\/\/www.matts-guitar-shop.com\/wp-content\/uploads\/2025\/01\/slash-expo-matt-s-guitar-shop-02.jpg&#8221; alt=&#8221;Slash, La mostra&#8221; title_text=&#8221;slash-expo-matt-s-guitar-shop-02&#8243; align=&#8221;center&#8221; disabled_on=&#8221;off|off|off&#8221; _builder_version=&#8221;4.25.2&#8243; _module_preset=&#8221;default&#8221; global_colors_info=&#8221;{}&#8221;][\/et_pb_image][\/et_pb_column][et_pb_column type=&#8221;1_2&#8243; _builder_version=&#8221;4.25.2&#8243; _module_preset=&#8221;default&#8221; global_colors_info=&#8221;{}&#8221;][et_pb_image src=&#8221;https:\/\/www.matts-guitar-shop.com\/wp-content\/uploads\/2025\/01\/slash-expo-matt-s-guitar-shop-03.jpg&#8221; alt=&#8221;in collaborazione con Ash Hudson&#8221; title_text=&#8221;slash-expo-matt-s-guitar-shop-03&#8243; align=&#8221;center&#8221; disabled_on=&#8221;off|off|off&#8221; _builder_version=&#8221;4.25.2&#8243; _module_preset=&#8221;default&#8221; global_colors_info=&#8221;{}&#8221;][\/et_pb_image][et_pb_image src=&#8221;https:\/\/www.matts-guitar-shop.com\/wp-content\/uploads\/2025\/01\/slash-expo-matt-s-guitar-shop-04.jpg&#8221; alt=&#8221;mostra di Slash con il Matt&#039;s Guitar Shop&#8221; title_text=&#8221;slash-expo-matt-s-guitar-shop-04&#8243; align=&#8221;center&#8221; disabled_on=&#8221;off|off|off&#8221; _builder_version=&#8221;4.25.2&#8243; _module_preset=&#8221;default&#8221; global_colors_info=&#8221;{}&#8221;][\/et_pb_image][et_pb_image src=&#8221;https:\/\/www.matts-guitar-shop.com\/wp-content\/uploads\/2025\/01\/slash-expo-matt-s-guitar-shop-05.jpg&#8221; alt=&#8221;Slash, La mostra &#8211; in collaborazione con Ash Hudson, aprile 2024&#8243; title_text=&#8221;slash-expo-matt-s-guitar-shop-05&#8243; align=&#8221;center&#8221; disabled_on=&#8221;off|off|off&#8221; _builder_version=&#8221;4.25.2&#8243; _module_preset=&#8221;default&#8221; global_colors_info=&#8221;{}&#8221;][\/et_pb_image][\/et_pb_column][\/et_pb_row][et_pb_row column_structure=&#8221;1_2,1_2&#8243; use_custom_gutter=&#8221;on&#8221; gutter_width=&#8221;2&#8243; _builder_version=&#8221;4.25.2&#8243; _module_preset=&#8221;default&#8221; border_width_bottom=&#8221;1px&#8221; border_color_bottom=&#8221;rgba(255,255,255,0.29)&#8221; locked=&#8221;off&#8221; global_colors_info=&#8221;{}&#8221;][et_pb_column type=&#8221;1_2&#8243; _builder_version=&#8221;4.25.2&#8243; _module_preset=&#8221;default&#8221; global_colors_info=&#8221;{}&#8221;][et_pb_text _builder_version=&#8221;4.25.2&#8243; _module_preset=&#8221;default&#8221; text_font_size=&#8221;16px&#8221; link_font=&#8221;|600|||on||||&#8221; link_text_color=&#8221;#FFFFFF&#8221; header_font=&#8221;|700|||||||&#8221; header_text_align=&#8221;center&#8221; header_font_size=&#8221;36px&#8221; header_2_font=&#8221;||||||||&#8221; text_orientation=&#8221;center&#8221; background_layout=&#8221;dark&#8221; global_colors_info=&#8221;{}&#8221;]<\/p>\n<h2>\u2018\u2019Kaleo &#8211; una retrospettiva intima e performance\u2019\u2019 &#8211; in collaborazione con JJ Julius Son, novembre 2024<\/h2>\n<p>[\/et_pb_text][et_pb_button button_url=&#8221;@ET-DC@eyJkeW5hbWljIjp0cnVlLCJjb250ZW50IjoicG9zdF9saW5rX3VybF9wb3N0Iiwic2V0dGluZ3MiOnsicG9zdF9pZCI6IjE0NTkwIn19@&#8221; url_new_window=&#8221;on&#8221; button_text=&#8221;Scopri di pi\u00f9 sulla mostra KALEO&#8221; button_alignment=&#8221;center&#8221; _builder_version=&#8221;4.25.2&#8243; _module_preset=&#8221;default&#8221; custom_button=&#8221;on&#8221; button_text_size=&#8221;14px&#8221; button_text_color=&#8221;#FFFFFF&#8221; button_bg_color=&#8221;#000000&#8243; button_border_width=&#8221;1px&#8221; button_border_color=&#8221;#FFFFFF&#8221; button_border_radius=&#8221;0px&#8221; button_letter_spacing=&#8221;1px&#8221; button_font=&#8221;|600|||||||&#8221; custom_margin=&#8221;||||false|false&#8221; custom_padding=&#8221;||||false|false&#8221; hover_enabled=&#8221;0&#8243; global_colors_info=&#8221;{%22gcid-heading-color%22:%91%22button_bg_color%22,%22button_bg_color%22%93}&#8221; locked=&#8221;off&#8221; _dynamic_attributes=&#8221;button_url&#8221; sticky_enabled=&#8221;0&#8243;][\/et_pb_button][et_pb_image src=&#8221;https:\/\/www.matts-guitar-shop.com\/wp-content\/uploads\/2025\/01\/kaleo-expo-an-intimate-retrospective-and-performance-04.jpg&#8221; alt=&#8221;Mostra in collaborazione con JJ Julius Son&#8221; title_text=&#8221;kaleo-expo-an-intimate-retrospective-and-performance-04&#8243; align=&#8221;center&#8221; disabled_on=&#8221;off|off|off&#8221; _builder_version=&#8221;4.25.2&#8243; _module_preset=&#8221;default&#8221; global_colors_info=&#8221;{}&#8221;][\/et_pb_image][\/et_pb_column][et_pb_column type=&#8221;1_2&#8243; _builder_version=&#8221;4.25.2&#8243; _module_preset=&#8221;default&#8221; global_colors_info=&#8221;{}&#8221;][et_pb_image src=&#8221;https:\/\/www.matts-guitar-shop.com\/wp-content\/uploads\/2025\/01\/kaleo-expo-an-intimate-retrospective-and-performance-01.jpg&#8221; alt=&#8221;Mostra Kaleo&#8221; title_text=&#8221;kaleo-expo-an-intimate-retrospective-and-performance-01&#8243; align=&#8221;center&#8221; disabled_on=&#8221;off|off|off&#8221; _builder_version=&#8221;4.25.2&#8243; _module_preset=&#8221;default&#8221; global_colors_info=&#8221;{}&#8221;][\/et_pb_image][et_pb_image src=&#8221;https:\/\/www.matts-guitar-shop.com\/wp-content\/uploads\/2025\/01\/kaleo-expo-an-intimate-retrospective-and-performance-02.jpg&#8221; alt=&#8221;Kaleo &#8211; una retrospettiva intima e performance&#8221; title_text=&#8221;kaleo-expo-an-intimate-retrospective-and-performance-02&#8243; align=&#8221;center&#8221; disabled_on=&#8221;off|off|off&#8221; _builder_version=&#8221;4.25.2&#8243; _module_preset=&#8221;default&#8221; global_colors_info=&#8221;{}&#8221;][\/et_pb_image][et_pb_image src=&#8221;https:\/\/www.matts-guitar-shop.com\/wp-content\/uploads\/2025\/01\/kaleo-expo-an-intimate-retrospective-and-performance-03.jpg&#8221; alt=&#8221;Mostra &#8211; in collaborazione con JJ Julius Son, novembre 2024&#8243; title_text=&#8221;kaleo-expo-an-intimate-retrospective-and-performance-03&#8243; align=&#8221;center&#8221; disabled_on=&#8221;off|off|off&#8221; _builder_version=&#8221;4.25.2&#8243; _module_preset=&#8221;default&#8221; global_colors_info=&#8221;{}&#8221;][\/et_pb_image][\/et_pb_column][\/et_pb_row][\/et_pb_section]<\/p>\n","protected":false},"excerpt":{"rendered":"<p>Le nostre mostreIl Matt\u2019s Guitar Shop ha sempre posto la condivisione al centro del suo approccio. Consapevole che \u00e8 scambiando attorno alla nostra passione comune per la musica che questa cresce, ha aperto molto presto le sue porte su appuntamento per permettere a ciascuno di avvicinarsi alle chitarre eccezionali della sua collezione.Successivamente, la volont\u00e0 di [&hellip;]<\/p>\n","protected":false},"author":1,"featured_media":0,"parent":0,"menu_order":0,"comment_status":"closed","ping_status":"closed","template":"","meta":{"_et_pb_use_builder":"on","_et_pb_old_content":"","_et_gb_content_width":"","footnotes":""},"class_list":["post-20227","page","type-page","status-publish","hentry"],"yoast_head":"<!-- This site is optimized with the Yoast SEO plugin v26.8 - https:\/\/yoast.com\/product\/yoast-seo-wordpress\/ -->\n<title>Le nostre mostre - Matt&#039;s Guitar Shop<\/title>\n<meta name=\"robots\" content=\"index, follow, max-snippet:-1, max-image-preview:large, max-video-preview:-1\" \/>\n<link rel=\"canonical\" href=\"https:\/\/www.matts-guitar-shop.com\/it\/le-nostre-mostre\/\" \/>\n<meta property=\"og:locale\" content=\"it_IT\" \/>\n<meta property=\"og:type\" content=\"article\" \/>\n<meta property=\"og:title\" content=\"Le nostre mostre - Matt&#039;s Guitar Shop\" \/>\n<meta property=\"og:description\" content=\"Le nostre mostreIl Matt\u2019s Guitar Shop ha sempre posto la condivisione al centro del suo approccio. Consapevole che \u00e8 scambiando attorno alla nostra passione comune per la musica che questa cresce, ha aperto molto presto le sue porte su appuntamento per permettere a ciascuno di avvicinarsi alle chitarre eccezionali della sua collezione.Successivamente, la volont\u00e0 di [&hellip;]\" \/>\n<meta property=\"og:url\" content=\"https:\/\/www.matts-guitar-shop.com\/it\/le-nostre-mostre\/\" \/>\n<meta property=\"og:site_name\" content=\"Matt&#039;s Guitar Shop\" \/>\n<meta property=\"article:publisher\" content=\"https:\/\/www.facebook.com\/profile.php?id=100044359842817\" \/>\n<meta property=\"article:modified_time\" content=\"2026-03-07T02:50:37+00:00\" \/>\n<meta name=\"twitter:card\" content=\"summary_large_image\" \/>\n<meta name=\"twitter:label1\" content=\"Tempo di lettura stimato\" \/>\n\t<meta name=\"twitter:data1\" content=\"8 minuti\" \/>\n<script type=\"application\/ld+json\" class=\"yoast-schema-graph\">{\"@context\":\"https:\/\/schema.org\",\"@graph\":[{\"@type\":\"WebPage\",\"@id\":\"https:\/\/www.matts-guitar-shop.com\/it\/le-nostre-mostre\/\",\"url\":\"https:\/\/www.matts-guitar-shop.com\/it\/le-nostre-mostre\/\",\"name\":\"Le nostre mostre - Matt&#039;s Guitar Shop\",\"isPartOf\":{\"@id\":\"https:\/\/www.matts-guitar-shop.com\/it\/#website\"},\"datePublished\":\"2024-07-04T14:11:23+00:00\",\"dateModified\":\"2026-03-07T02:50:37+00:00\",\"breadcrumb\":{\"@id\":\"https:\/\/www.matts-guitar-shop.com\/it\/le-nostre-mostre\/#breadcrumb\"},\"inLanguage\":\"it-IT\",\"potentialAction\":[{\"@type\":\"ReadAction\",\"target\":[\"https:\/\/www.matts-guitar-shop.com\/it\/le-nostre-mostre\/\"]}]},{\"@type\":\"BreadcrumbList\",\"@id\":\"https:\/\/www.matts-guitar-shop.com\/it\/le-nostre-mostre\/#breadcrumb\",\"itemListElement\":[{\"@type\":\"ListItem\",\"position\":1,\"name\":\"Home\",\"item\":\"https:\/\/www.matts-guitar-shop.com\/it\/\"},{\"@type\":\"ListItem\",\"position\":2,\"name\":\"Le nostre mostre\"}]},{\"@type\":\"WebSite\",\"@id\":\"https:\/\/www.matts-guitar-shop.com\/it\/#website\",\"url\":\"https:\/\/www.matts-guitar-shop.com\/it\/\",\"name\":\"matts-guitar-shop.com\",\"description\":\"Guitar Shop\",\"publisher\":{\"@id\":\"https:\/\/www.matts-guitar-shop.com\/it\/#organization\"},\"potentialAction\":[{\"@type\":\"SearchAction\",\"target\":{\"@type\":\"EntryPoint\",\"urlTemplate\":\"https:\/\/www.matts-guitar-shop.com\/it\/?s={search_term_string}\"},\"query-input\":{\"@type\":\"PropertyValueSpecification\",\"valueRequired\":true,\"valueName\":\"search_term_string\"}}],\"inLanguage\":\"it-IT\"},{\"@type\":\"Organization\",\"@id\":\"https:\/\/www.matts-guitar-shop.com\/it\/#organization\",\"name\":\"matts-guitar-shop.com\",\"url\":\"https:\/\/www.matts-guitar-shop.com\/it\/\",\"logo\":{\"@type\":\"ImageObject\",\"inLanguage\":\"it-IT\",\"@id\":\"https:\/\/www.matts-guitar-shop.com\/it\/#\/schema\/logo\/image\/\",\"url\":\"https:\/\/www.matts-guitar-shop.com\/wp-content\/uploads\/2024\/09\/MGS-logo-site-02.png\",\"contentUrl\":\"https:\/\/www.matts-guitar-shop.com\/wp-content\/uploads\/2024\/09\/MGS-logo-site-02.png\",\"width\":200,\"height\":122,\"caption\":\"matts-guitar-shop.com\"},\"image\":{\"@id\":\"https:\/\/www.matts-guitar-shop.com\/it\/#\/schema\/logo\/image\/\"},\"sameAs\":[\"https:\/\/www.facebook.com\/profile.php?id=100044359842817\",\"https:\/\/www.instagram.com\/mattsguitarshop\/\",\"https:\/\/www.youtube.com\/@MattLucasMan\/videos\"]}]}<\/script>\n<!-- \/ Yoast SEO plugin. -->","yoast_head_json":{"title":"Le nostre mostre - Matt&#039;s Guitar Shop","robots":{"index":"index","follow":"follow","max-snippet":"max-snippet:-1","max-image-preview":"max-image-preview:large","max-video-preview":"max-video-preview:-1"},"canonical":"https:\/\/www.matts-guitar-shop.com\/it\/le-nostre-mostre\/","og_locale":"it_IT","og_type":"article","og_title":"Le nostre mostre - Matt&#039;s Guitar Shop","og_description":"Le nostre mostreIl Matt\u2019s Guitar Shop ha sempre posto la condivisione al centro del suo approccio. Consapevole che \u00e8 scambiando attorno alla nostra passione comune per la musica che questa cresce, ha aperto molto presto le sue porte su appuntamento per permettere a ciascuno di avvicinarsi alle chitarre eccezionali della sua collezione.Successivamente, la volont\u00e0 di [&hellip;]","og_url":"https:\/\/www.matts-guitar-shop.com\/it\/le-nostre-mostre\/","og_site_name":"Matt&#039;s Guitar Shop","article_publisher":"https:\/\/www.facebook.com\/profile.php?id=100044359842817","article_modified_time":"2026-03-07T02:50:37+00:00","twitter_card":"summary_large_image","twitter_misc":{"Tempo di lettura stimato":"8 minuti"},"schema":{"@context":"https:\/\/schema.org","@graph":[{"@type":"WebPage","@id":"https:\/\/www.matts-guitar-shop.com\/it\/le-nostre-mostre\/","url":"https:\/\/www.matts-guitar-shop.com\/it\/le-nostre-mostre\/","name":"Le nostre mostre - Matt&#039;s Guitar Shop","isPartOf":{"@id":"https:\/\/www.matts-guitar-shop.com\/it\/#website"},"datePublished":"2024-07-04T14:11:23+00:00","dateModified":"2026-03-07T02:50:37+00:00","breadcrumb":{"@id":"https:\/\/www.matts-guitar-shop.com\/it\/le-nostre-mostre\/#breadcrumb"},"inLanguage":"it-IT","potentialAction":[{"@type":"ReadAction","target":["https:\/\/www.matts-guitar-shop.com\/it\/le-nostre-mostre\/"]}]},{"@type":"BreadcrumbList","@id":"https:\/\/www.matts-guitar-shop.com\/it\/le-nostre-mostre\/#breadcrumb","itemListElement":[{"@type":"ListItem","position":1,"name":"Home","item":"https:\/\/www.matts-guitar-shop.com\/it\/"},{"@type":"ListItem","position":2,"name":"Le nostre mostre"}]},{"@type":"WebSite","@id":"https:\/\/www.matts-guitar-shop.com\/it\/#website","url":"https:\/\/www.matts-guitar-shop.com\/it\/","name":"matts-guitar-shop.com","description":"Guitar Shop","publisher":{"@id":"https:\/\/www.matts-guitar-shop.com\/it\/#organization"},"potentialAction":[{"@type":"SearchAction","target":{"@type":"EntryPoint","urlTemplate":"https:\/\/www.matts-guitar-shop.com\/it\/?s={search_term_string}"},"query-input":{"@type":"PropertyValueSpecification","valueRequired":true,"valueName":"search_term_string"}}],"inLanguage":"it-IT"},{"@type":"Organization","@id":"https:\/\/www.matts-guitar-shop.com\/it\/#organization","name":"matts-guitar-shop.com","url":"https:\/\/www.matts-guitar-shop.com\/it\/","logo":{"@type":"ImageObject","inLanguage":"it-IT","@id":"https:\/\/www.matts-guitar-shop.com\/it\/#\/schema\/logo\/image\/","url":"https:\/\/www.matts-guitar-shop.com\/wp-content\/uploads\/2024\/09\/MGS-logo-site-02.png","contentUrl":"https:\/\/www.matts-guitar-shop.com\/wp-content\/uploads\/2024\/09\/MGS-logo-site-02.png","width":200,"height":122,"caption":"matts-guitar-shop.com"},"image":{"@id":"https:\/\/www.matts-guitar-shop.com\/it\/#\/schema\/logo\/image\/"},"sameAs":["https:\/\/www.facebook.com\/profile.php?id=100044359842817","https:\/\/www.instagram.com\/mattsguitarshop\/","https:\/\/www.youtube.com\/@MattLucasMan\/videos"]}]}},"_links":{"self":[{"href":"https:\/\/www.matts-guitar-shop.com\/it\/wp-json\/wp\/v2\/pages\/20227","targetHints":{"allow":["GET"]}}],"collection":[{"href":"https:\/\/www.matts-guitar-shop.com\/it\/wp-json\/wp\/v2\/pages"}],"about":[{"href":"https:\/\/www.matts-guitar-shop.com\/it\/wp-json\/wp\/v2\/types\/page"}],"author":[{"embeddable":true,"href":"https:\/\/www.matts-guitar-shop.com\/it\/wp-json\/wp\/v2\/users\/1"}],"replies":[{"embeddable":true,"href":"https:\/\/www.matts-guitar-shop.com\/it\/wp-json\/wp\/v2\/comments?post=20227"}],"version-history":[{"count":4,"href":"https:\/\/www.matts-guitar-shop.com\/it\/wp-json\/wp\/v2\/pages\/20227\/revisions"}],"predecessor-version":[{"id":29373,"href":"https:\/\/www.matts-guitar-shop.com\/it\/wp-json\/wp\/v2\/pages\/20227\/revisions\/29373"}],"wp:attachment":[{"href":"https:\/\/www.matts-guitar-shop.com\/it\/wp-json\/wp\/v2\/media?parent=20227"}],"curies":[{"name":"wp","href":"https:\/\/api.w.org\/{rel}","templated":true}]}}