{"id":35674,"date":"2026-04-15T15:38:15","date_gmt":"2026-04-15T13:38:15","guid":{"rendered":"https:\/\/www.matts-guitar-shop.com\/?post_type=product&#038;p=35674"},"modified":"2026-04-15T15:38:15","modified_gmt":"2026-04-15T13:38:15","slug":"fender-stratocaster-custom-shop-super-heavy-relic-sunburst-overspray","status":"publish","type":"product","link":"https:\/\/www.matts-guitar-shop.com\/es\/produit\/fender-stratocaster-custom-shop-super-heavy-relic-sunburst-overspray\/","title":{"rendered":"Fender Stratocaster Custom Shop super heavy relic sunburst (overspray)"},"content":{"rendered":"","protected":false},"excerpt":{"rendered":"<p>Cette Stratocaster Custom Shop se pr\u00e9sente comme un instrument au temp\u00e9rament visuel et acoustique redoutable. Elle tire sa singularit\u00e9 d&#8217;une finition \u00ab Overspray \u00bb peu commune, o\u00f9 un blanc Olympic White recouvre un Sunburst initial, le tout sublim\u00e9 par un vieillissement de type Super Heavy Relic. L&#8217;usure prononc\u00e9e laisse appara\u00eetre les diff\u00e9rentes strates chromatiques, cr\u00e9ant une esth\u00e9tique profonde qui rappelle les guitares de tourn\u00e9e \u00e9prouv\u00e9es par le temps. Au-del\u00e0 de son allure embl\u00e9matique, l&#8217;instrument offre une r\u00e9sonance exceptionnelle et le timbre percutant caract\u00e9ristique des productions les plus abouties du Custom Shop Fender. Ce mod\u00e8le unit l&#8217;excellence de la lutherie contemporaine \u00e0 l&#8217;esprit d&#8217;une relique authentique du rock.<\/p>\n","protected":false},"featured_media":35675,"comment_status":"closed","ping_status":"closed","template":"","meta":{"_et_pb_use_builder":"","_et_pb_old_content":"","_et_gb_content_width":""},"product_brand":[],"product_cat":[123,152],"product_tag":[],"class_list":{"0":"post-35674","1":"product","2":"type-product","3":"status-publish","4":"has-post-thumbnail","6":"product_cat-guitares-electriques","7":"product_cat-guitares","8":"pa_disponibilite-en-vente","9":"pa_marque-fender","11":"first","12":"instock","13":"shipping-taxable","14":"purchasable","15":"product-type-simple"},"yoast_head":"<!-- This site is optimized with the Yoast SEO plugin v26.8 - https:\/\/yoast.com\/product\/yoast-seo-wordpress\/ -->\n<title>Fender Stratocaster Custom Shop super heavy relic sunburst (overspray) - Matt&#039;s Guitar Shop<\/title>\n<meta name=\"robots\" content=\"index, follow, max-snippet:-1, max-image-preview:large, max-video-preview:-1\" \/>\n<link rel=\"canonical\" href=\"https:\/\/www.matts-guitar-shop.com\/es\/produit\/fender-stratocaster-custom-shop-super-heavy-relic-sunburst-overspray\/\" \/>\n<meta property=\"og:locale\" content=\"es_ES\" \/>\n<meta property=\"og:type\" content=\"article\" \/>\n<meta property=\"og:title\" content=\"Fender Stratocaster Custom Shop super heavy relic sunburst (overspray) - Matt&#039;s Guitar Shop\" \/>\n<meta property=\"og:description\" content=\"Cette Stratocaster Custom Shop se pr\u00e9sente comme un instrument au temp\u00e9rament visuel et acoustique redoutable. Elle tire sa singularit\u00e9 d&#039;une finition \u00ab Overspray \u00bb peu commune, o\u00f9 un blanc Olympic White recouvre un Sunburst initial, le tout sublim\u00e9 par un vieillissement de type Super Heavy Relic. L&#039;usure prononc\u00e9e laisse appara\u00eetre les diff\u00e9rentes strates chromatiques, cr\u00e9ant une esth\u00e9tique profonde qui rappelle les guitares de tourn\u00e9e \u00e9prouv\u00e9es par le temps. Au-del\u00e0 de son allure embl\u00e9matique, l&#039;instrument offre une r\u00e9sonance exceptionnelle et le timbre percutant caract\u00e9ristique des productions les plus abouties du Custom Shop Fender. Ce mod\u00e8le unit l&#039;excellence de la lutherie contemporaine \u00e0 l&#039;esprit d&#039;une relique authentique du rock.\" \/>\n<meta property=\"og:url\" content=\"https:\/\/www.matts-guitar-shop.com\/es\/produit\/fender-stratocaster-custom-shop-super-heavy-relic-sunburst-overspray\/\" \/>\n<meta property=\"og:site_name\" content=\"Matt&#039;s Guitar Shop\" \/>\n<meta property=\"article:publisher\" content=\"https:\/\/www.facebook.com\/profile.php?id=100044359842817\" \/>\n<meta property=\"og:image\" content=\"https:\/\/www.matts-guitar-shop.com\/wp-content\/uploads\/2026\/04\/Fender-Stratocaster-Custom-Shop-Super-Heavy-Relic-Sunburst-Overspray-Olympic-White-01.webp\" \/>\n\t<meta property=\"og:image:width\" content=\"969\" \/>\n\t<meta property=\"og:image:height\" content=\"1452\" \/>\n\t<meta property=\"og:image:type\" content=\"image\/webp\" \/>\n<meta name=\"twitter:card\" content=\"summary_large_image\" \/>\n<meta name=\"twitter:label1\" content=\"Tiempo de lectura\" \/>\n\t<meta name=\"twitter:data1\" content=\"1 minuto\" \/>\n<script type=\"application\/ld+json\" class=\"yoast-schema-graph\">{\"@context\":\"https:\/\/schema.org\",\"@graph\":[{\"@type\":\"WebPage\",\"@id\":\"https:\/\/www.matts-guitar-shop.com\/es\/produit\/fender-stratocaster-custom-shop-super-heavy-relic-sunburst-overspray\/\",\"url\":\"https:\/\/www.matts-guitar-shop.com\/es\/produit\/fender-stratocaster-custom-shop-super-heavy-relic-sunburst-overspray\/\",\"name\":\"Fender Stratocaster Custom Shop super heavy relic sunburst (overspray) - Matt&#039;s Guitar Shop\",\"isPartOf\":{\"@id\":\"https:\/\/www.matts-guitar-shop.com\/es\/#website\"},\"primaryImageOfPage\":{\"@id\":\"https:\/\/www.matts-guitar-shop.com\/es\/produit\/fender-stratocaster-custom-shop-super-heavy-relic-sunburst-overspray\/#primaryimage\"},\"image\":{\"@id\":\"https:\/\/www.matts-guitar-shop.com\/es\/produit\/fender-stratocaster-custom-shop-super-heavy-relic-sunburst-overspray\/#primaryimage\"},\"thumbnailUrl\":\"https:\/\/www.matts-guitar-shop.com\/wp-content\/uploads\/2026\/04\/Fender-Stratocaster-Custom-Shop-Super-Heavy-Relic-Sunburst-Overspray-Olympic-White-01.webp\",\"datePublished\":\"2026-04-15T13:38:15+00:00\",\"breadcrumb\":{\"@id\":\"https:\/\/www.matts-guitar-shop.com\/es\/produit\/fender-stratocaster-custom-shop-super-heavy-relic-sunburst-overspray\/#breadcrumb\"},\"inLanguage\":\"es\",\"potentialAction\":[{\"@type\":\"ReadAction\",\"target\":[\"https:\/\/www.matts-guitar-shop.com\/es\/produit\/fender-stratocaster-custom-shop-super-heavy-relic-sunburst-overspray\/\"]}]},{\"@type\":\"ImageObject\",\"inLanguage\":\"es\",\"@id\":\"https:\/\/www.matts-guitar-shop.com\/es\/produit\/fender-stratocaster-custom-shop-super-heavy-relic-sunburst-overspray\/#primaryimage\",\"url\":\"https:\/\/www.matts-guitar-shop.com\/wp-content\/uploads\/2026\/04\/Fender-Stratocaster-Custom-Shop-Super-Heavy-Relic-Sunburst-Overspray-Olympic-White-01.webp\",\"contentUrl\":\"https:\/\/www.matts-guitar-shop.com\/wp-content\/uploads\/2026\/04\/Fender-Stratocaster-Custom-Shop-Super-Heavy-Relic-Sunburst-Overspray-Olympic-White-01.webp\",\"width\":969,\"height\":1452},{\"@type\":\"BreadcrumbList\",\"@id\":\"https:\/\/www.matts-guitar-shop.com\/es\/produit\/fender-stratocaster-custom-shop-super-heavy-relic-sunburst-overspray\/#breadcrumb\",\"itemListElement\":[{\"@type\":\"ListItem\",\"position\":1,\"name\":\"Inicio\",\"item\":\"https:\/\/www.matts-guitar-shop.com\/es\/\"},{\"@type\":\"ListItem\",\"position\":2,\"name\":\"Tienda\",\"item\":\"https:\/\/www.matts-guitar-shop.com\/es\/tienda\/\"},{\"@type\":\"ListItem\",\"position\":3,\"name\":\"Fender Stratocaster Custom Shop super heavy relic sunburst (overspray)\"}]},{\"@type\":\"WebSite\",\"@id\":\"https:\/\/www.matts-guitar-shop.com\/es\/#website\",\"url\":\"https:\/\/www.matts-guitar-shop.com\/es\/\",\"name\":\"matts-guitar-shop.com\",\"description\":\"Guitar Shop\",\"publisher\":{\"@id\":\"https:\/\/www.matts-guitar-shop.com\/es\/#organization\"},\"potentialAction\":[{\"@type\":\"SearchAction\",\"target\":{\"@type\":\"EntryPoint\",\"urlTemplate\":\"https:\/\/www.matts-guitar-shop.com\/es\/?s={search_term_string}\"},\"query-input\":{\"@type\":\"PropertyValueSpecification\",\"valueRequired\":true,\"valueName\":\"search_term_string\"}}],\"inLanguage\":\"es\"},{\"@type\":\"Organization\",\"@id\":\"https:\/\/www.matts-guitar-shop.com\/es\/#organization\",\"name\":\"matts-guitar-shop.com\",\"url\":\"https:\/\/www.matts-guitar-shop.com\/es\/\",\"logo\":{\"@type\":\"ImageObject\",\"inLanguage\":\"es\",\"@id\":\"https:\/\/www.matts-guitar-shop.com\/es\/#\/schema\/logo\/image\/\",\"url\":\"https:\/\/www.matts-guitar-shop.com\/wp-content\/uploads\/2024\/09\/MGS-logo-site-02.png\",\"contentUrl\":\"https:\/\/www.matts-guitar-shop.com\/wp-content\/uploads\/2024\/09\/MGS-logo-site-02.png\",\"width\":200,\"height\":122,\"caption\":\"matts-guitar-shop.com\"},\"image\":{\"@id\":\"https:\/\/www.matts-guitar-shop.com\/es\/#\/schema\/logo\/image\/\"},\"sameAs\":[\"https:\/\/www.facebook.com\/profile.php?id=100044359842817\",\"https:\/\/www.instagram.com\/mattsguitarshop\/\",\"https:\/\/www.youtube.com\/@MattLucasMan\/videos\"]}]}<\/script>\n<!-- \/ Yoast SEO plugin. -->","yoast_head_json":{"title":"Fender Stratocaster Custom Shop super heavy relic sunburst (overspray) - Matt&#039;s Guitar Shop","robots":{"index":"index","follow":"follow","max-snippet":"max-snippet:-1","max-image-preview":"max-image-preview:large","max-video-preview":"max-video-preview:-1"},"canonical":"https:\/\/www.matts-guitar-shop.com\/es\/produit\/fender-stratocaster-custom-shop-super-heavy-relic-sunburst-overspray\/","og_locale":"es_ES","og_type":"article","og_title":"Fender Stratocaster Custom Shop super heavy relic sunburst (overspray) - Matt&#039;s Guitar Shop","og_description":"Cette Stratocaster Custom Shop se pr\u00e9sente comme un instrument au temp\u00e9rament visuel et acoustique redoutable. Elle tire sa singularit\u00e9 d'une finition \u00ab Overspray \u00bb peu commune, o\u00f9 un blanc Olympic White recouvre un Sunburst initial, le tout sublim\u00e9 par un vieillissement de type Super Heavy Relic. L'usure prononc\u00e9e laisse appara\u00eetre les diff\u00e9rentes strates chromatiques, cr\u00e9ant une esth\u00e9tique profonde qui rappelle les guitares de tourn\u00e9e \u00e9prouv\u00e9es par le temps. Au-del\u00e0 de son allure embl\u00e9matique, l'instrument offre une r\u00e9sonance exceptionnelle et le timbre percutant caract\u00e9ristique des productions les plus abouties du Custom Shop Fender. Ce mod\u00e8le unit l'excellence de la lutherie contemporaine \u00e0 l'esprit d'une relique authentique du rock.","og_url":"https:\/\/www.matts-guitar-shop.com\/es\/produit\/fender-stratocaster-custom-shop-super-heavy-relic-sunburst-overspray\/","og_site_name":"Matt&#039;s Guitar Shop","article_publisher":"https:\/\/www.facebook.com\/profile.php?id=100044359842817","og_image":[{"width":969,"height":1452,"url":"https:\/\/www.matts-guitar-shop.com\/wp-content\/uploads\/2026\/04\/Fender-Stratocaster-Custom-Shop-Super-Heavy-Relic-Sunburst-Overspray-Olympic-White-01.webp","type":"image\/webp"}],"twitter_card":"summary_large_image","twitter_misc":{"Tiempo de lectura":"1 minuto"},"schema":{"@context":"https:\/\/schema.org","@graph":[{"@type":"WebPage","@id":"https:\/\/www.matts-guitar-shop.com\/es\/produit\/fender-stratocaster-custom-shop-super-heavy-relic-sunburst-overspray\/","url":"https:\/\/www.matts-guitar-shop.com\/es\/produit\/fender-stratocaster-custom-shop-super-heavy-relic-sunburst-overspray\/","name":"Fender Stratocaster Custom Shop super heavy relic sunburst (overspray) - Matt&#039;s Guitar Shop","isPartOf":{"@id":"https:\/\/www.matts-guitar-shop.com\/es\/#website"},"primaryImageOfPage":{"@id":"https:\/\/www.matts-guitar-shop.com\/es\/produit\/fender-stratocaster-custom-shop-super-heavy-relic-sunburst-overspray\/#primaryimage"},"image":{"@id":"https:\/\/www.matts-guitar-shop.com\/es\/produit\/fender-stratocaster-custom-shop-super-heavy-relic-sunburst-overspray\/#primaryimage"},"thumbnailUrl":"https:\/\/www.matts-guitar-shop.com\/wp-content\/uploads\/2026\/04\/Fender-Stratocaster-Custom-Shop-Super-Heavy-Relic-Sunburst-Overspray-Olympic-White-01.webp","datePublished":"2026-04-15T13:38:15+00:00","breadcrumb":{"@id":"https:\/\/www.matts-guitar-shop.com\/es\/produit\/fender-stratocaster-custom-shop-super-heavy-relic-sunburst-overspray\/#breadcrumb"},"inLanguage":"es","potentialAction":[{"@type":"ReadAction","target":["https:\/\/www.matts-guitar-shop.com\/es\/produit\/fender-stratocaster-custom-shop-super-heavy-relic-sunburst-overspray\/"]}]},{"@type":"ImageObject","inLanguage":"es","@id":"https:\/\/www.matts-guitar-shop.com\/es\/produit\/fender-stratocaster-custom-shop-super-heavy-relic-sunburst-overspray\/#primaryimage","url":"https:\/\/www.matts-guitar-shop.com\/wp-content\/uploads\/2026\/04\/Fender-Stratocaster-Custom-Shop-Super-Heavy-Relic-Sunburst-Overspray-Olympic-White-01.webp","contentUrl":"https:\/\/www.matts-guitar-shop.com\/wp-content\/uploads\/2026\/04\/Fender-Stratocaster-Custom-Shop-Super-Heavy-Relic-Sunburst-Overspray-Olympic-White-01.webp","width":969,"height":1452},{"@type":"BreadcrumbList","@id":"https:\/\/www.matts-guitar-shop.com\/es\/produit\/fender-stratocaster-custom-shop-super-heavy-relic-sunburst-overspray\/#breadcrumb","itemListElement":[{"@type":"ListItem","position":1,"name":"Inicio","item":"https:\/\/www.matts-guitar-shop.com\/es\/"},{"@type":"ListItem","position":2,"name":"Tienda","item":"https:\/\/www.matts-guitar-shop.com\/es\/tienda\/"},{"@type":"ListItem","position":3,"name":"Fender Stratocaster Custom Shop super heavy relic sunburst (overspray)"}]},{"@type":"WebSite","@id":"https:\/\/www.matts-guitar-shop.com\/es\/#website","url":"https:\/\/www.matts-guitar-shop.com\/es\/","name":"matts-guitar-shop.com","description":"Guitar Shop","publisher":{"@id":"https:\/\/www.matts-guitar-shop.com\/es\/#organization"},"potentialAction":[{"@type":"SearchAction","target":{"@type":"EntryPoint","urlTemplate":"https:\/\/www.matts-guitar-shop.com\/es\/?s={search_term_string}"},"query-input":{"@type":"PropertyValueSpecification","valueRequired":true,"valueName":"search_term_string"}}],"inLanguage":"es"},{"@type":"Organization","@id":"https:\/\/www.matts-guitar-shop.com\/es\/#organization","name":"matts-guitar-shop.com","url":"https:\/\/www.matts-guitar-shop.com\/es\/","logo":{"@type":"ImageObject","inLanguage":"es","@id":"https:\/\/www.matts-guitar-shop.com\/es\/#\/schema\/logo\/image\/","url":"https:\/\/www.matts-guitar-shop.com\/wp-content\/uploads\/2024\/09\/MGS-logo-site-02.png","contentUrl":"https:\/\/www.matts-guitar-shop.com\/wp-content\/uploads\/2024\/09\/MGS-logo-site-02.png","width":200,"height":122,"caption":"matts-guitar-shop.com"},"image":{"@id":"https:\/\/www.matts-guitar-shop.com\/es\/#\/schema\/logo\/image\/"},"sameAs":["https:\/\/www.facebook.com\/profile.php?id=100044359842817","https:\/\/www.instagram.com\/mattsguitarshop\/","https:\/\/www.youtube.com\/@MattLucasMan\/videos"]}]}},"_links":{"self":[{"href":"https:\/\/www.matts-guitar-shop.com\/es\/wp-json\/wp\/v2\/product\/35674","targetHints":{"allow":["GET"]}}],"collection":[{"href":"https:\/\/www.matts-guitar-shop.com\/es\/wp-json\/wp\/v2\/product"}],"about":[{"href":"https:\/\/www.matts-guitar-shop.com\/es\/wp-json\/wp\/v2\/types\/product"}],"replies":[{"embeddable":true,"href":"https:\/\/www.matts-guitar-shop.com\/es\/wp-json\/wp\/v2\/comments?post=35674"}],"wp:featuredmedia":[{"embeddable":true,"href":"https:\/\/www.matts-guitar-shop.com\/es\/wp-json\/wp\/v2\/media\/35675"}],"wp:attachment":[{"href":"https:\/\/www.matts-guitar-shop.com\/es\/wp-json\/wp\/v2\/media?parent=35674"}],"wp:term":[{"taxonomy":"product_brand","embeddable":true,"href":"https:\/\/www.matts-guitar-shop.com\/es\/wp-json\/wp\/v2\/product_brand?post=35674"},{"taxonomy":"product_cat","embeddable":true,"href":"https:\/\/www.matts-guitar-shop.com\/es\/wp-json\/wp\/v2\/product_cat?post=35674"},{"taxonomy":"product_tag","embeddable":true,"href":"https:\/\/www.matts-guitar-shop.com\/es\/wp-json\/wp\/v2\/product_tag?post=35674"}],"curies":[{"name":"wp","href":"https:\/\/api.w.org\/{rel}","templated":true}]}}