{"id":35396,"date":"2026-04-11T20:31:10","date_gmt":"2026-04-11T18:31:10","guid":{"rendered":"https:\/\/www.matts-guitar-shop.com\/?post_type=product&#038;p=35396"},"modified":"2026-04-11T20:36:24","modified_gmt":"2026-04-11T18:36:24","slug":"gibson-sg-1963-ex-bernie-bonvoisin-trust","status":"publish","type":"product","link":"https:\/\/www.matts-guitar-shop.com\/es\/produit\/gibson-sg-1963-ex-bernie-bonvoisin-trust\/","title":{"rendered":"Gibson SG 1963 ex Bernie Bonvoisin \u2013 Trust"},"content":{"rendered":"","protected":false},"excerpt":{"rendered":"<p>Figure de proue de Trust et voix infatigable d&#8217;un rock socialement engag\u00e9, Bernie Bonvoisin a marqu\u00e9 l&#8217;histoire de la musique fran\u00e7aise bien au-del\u00e0 de nos fronti\u00e8res. Si son talent d&#8217;auteur et son \u00e9nergie sc\u00e9nique sont l\u00e9gendaires, son rapport intime \u00e0 la guitare est une facette plus secr\u00e8te de sa cr\u00e9ation.<\/p>\n<p>Fascin\u00e9 par les lignes ac\u00e9r\u00e9es de la Gibson SG, qu&#8217;il consid\u00e8re comme l&#8217;incarnation m\u00eame du rock, il fait l&#8217;acquisition de ce mod\u00e8le de 1963 en 1978. Durant pr\u00e8s de cinquante ans, cet instrument a \u00e9t\u00e9 son compagnon fid\u00e8le, des sessions de r\u00e9p\u00e9tition mythiques aux c\u00f4t\u00e9s de Nono Krief jusqu&#8217;aux enregistrements r\u00e9cents avec Yso. V\u00e9ritable t\u00e9moin de l&#8217;\u00e9pop\u00e9e Trust et des jams en studio, cette SG s&#8217;accompagne d&#8217;un \u00e9tui int\u00e9gralement personnalis\u00e9 par Bernie, d\u00e9cor\u00e9 de peintures et de pass de tourn\u00e9es, transformant l&#8217;ensemble en une \u0153uvre d&#8217;art totale.<\/p>\n<p>Nous sommes honor\u00e9s de la confiance de Bernie pour transmettre ce pilier du patrimoine rock fran\u00e7ais,un instrument charg\u00e9 d&#8217;une vivacit\u00e9 intacte.<\/p>\n","protected":false},"featured_media":35397,"comment_status":"closed","ping_status":"closed","template":"","meta":{"_et_pb_use_builder":"","_et_pb_old_content":"","_et_gb_content_width":""},"product_brand":[],"product_cat":[123,82,152],"product_tag":[],"class_list":{"0":"post-35396","1":"product","2":"type-product","3":"status-publish","4":"has-post-thumbnail","6":"product_cat-guitares-electriques","7":"product_cat-artistes","8":"product_cat-guitares","9":"pa_artiste-bernie-bonvoisin","10":"pa_artiste-trust","11":"pa_disponibilite-en-vente","12":"pa_marque-gibson","14":"first","15":"instock","16":"shipping-taxable","17":"purchasable","18":"product-type-simple"},"yoast_head":"<!-- This site is optimized with the Yoast SEO plugin v26.8 - https:\/\/yoast.com\/product\/yoast-seo-wordpress\/ -->\n<title>Gibson SG 1963 ex Bernie Bonvoisin \u2013 Trust - Matt&#039;s Guitar Shop<\/title>\n<meta name=\"robots\" content=\"index, follow, max-snippet:-1, max-image-preview:large, max-video-preview:-1\" \/>\n<link rel=\"canonical\" href=\"https:\/\/www.matts-guitar-shop.com\/es\/produit\/gibson-sg-1963-ex-bernie-bonvoisin-trust\/\" \/>\n<meta property=\"og:locale\" content=\"es_ES\" \/>\n<meta property=\"og:type\" content=\"article\" \/>\n<meta property=\"og:title\" content=\"Gibson SG 1963 ex Bernie Bonvoisin \u2013 Trust - Matt&#039;s Guitar Shop\" \/>\n<meta property=\"og:description\" content=\"Figure de proue de Trust et voix infatigable d&#039;un rock socialement engag\u00e9, Bernie Bonvoisin a marqu\u00e9 l&#039;histoire de la musique fran\u00e7aise bien au-del\u00e0 de nos fronti\u00e8res. Si son talent d&#039;auteur et son \u00e9nergie sc\u00e9nique sont l\u00e9gendaires, son rapport intime \u00e0 la guitare est une facette plus secr\u00e8te de sa cr\u00e9ation.  Fascin\u00e9 par les lignes ac\u00e9r\u00e9es de la Gibson SG, qu&#039;il consid\u00e8re comme l&#039;incarnation m\u00eame du rock, il fait l&#039;acquisition de ce mod\u00e8le de 1963 en 1978. Durant pr\u00e8s de cinquante ans, cet instrument a \u00e9t\u00e9 son compagnon fid\u00e8le, des sessions de r\u00e9p\u00e9tition mythiques aux c\u00f4t\u00e9s de Nono Krief jusqu&#039;aux enregistrements r\u00e9cents avec Yso. V\u00e9ritable t\u00e9moin de l&#039;\u00e9pop\u00e9e Trust et des jams en studio, cette SG s&#039;accompagne d&#039;un \u00e9tui int\u00e9gralement personnalis\u00e9 par Bernie, d\u00e9cor\u00e9 de peintures et de pass de tourn\u00e9es, transformant l&#039;ensemble en une \u0153uvre d&#039;art totale.  Nous sommes honor\u00e9s de la confiance de Bernie pour transmettre ce pilier du patrimoine rock fran\u00e7ais,un instrument charg\u00e9 d&#039;une vivacit\u00e9 intacte.\" \/>\n<meta property=\"og:url\" content=\"https:\/\/www.matts-guitar-shop.com\/es\/produit\/gibson-sg-1963-ex-bernie-bonvoisin-trust\/\" \/>\n<meta property=\"og:site_name\" content=\"Matt&#039;s Guitar Shop\" \/>\n<meta property=\"article:publisher\" content=\"https:\/\/www.facebook.com\/profile.php?id=100044359842817\" \/>\n<meta property=\"article:modified_time\" content=\"2026-04-11T18:36:24+00:00\" \/>\n<meta property=\"og:image\" content=\"https:\/\/www.matts-guitar-shop.com\/wp-content\/uploads\/2026\/04\/gibson-sg-1963-bernie-bonvoisin-trust-01.webp\" \/>\n\t<meta property=\"og:image:width\" content=\"969\" \/>\n\t<meta property=\"og:image:height\" content=\"1454\" \/>\n\t<meta property=\"og:image:type\" content=\"image\/webp\" \/>\n<meta name=\"twitter:card\" content=\"summary_large_image\" \/>\n<meta name=\"twitter:label1\" content=\"Tiempo de lectura\" \/>\n\t<meta name=\"twitter:data1\" content=\"1 minuto\" \/>\n<script type=\"application\/ld+json\" class=\"yoast-schema-graph\">{\"@context\":\"https:\/\/schema.org\",\"@graph\":[{\"@type\":\"WebPage\",\"@id\":\"https:\/\/www.matts-guitar-shop.com\/es\/produit\/gibson-sg-1963-ex-bernie-bonvoisin-trust\/\",\"url\":\"https:\/\/www.matts-guitar-shop.com\/es\/produit\/gibson-sg-1963-ex-bernie-bonvoisin-trust\/\",\"name\":\"Gibson SG 1963 ex Bernie Bonvoisin \u2013 Trust - Matt&#039;s Guitar Shop\",\"isPartOf\":{\"@id\":\"https:\/\/www.matts-guitar-shop.com\/es\/#website\"},\"primaryImageOfPage\":{\"@id\":\"https:\/\/www.matts-guitar-shop.com\/es\/produit\/gibson-sg-1963-ex-bernie-bonvoisin-trust\/#primaryimage\"},\"image\":{\"@id\":\"https:\/\/www.matts-guitar-shop.com\/es\/produit\/gibson-sg-1963-ex-bernie-bonvoisin-trust\/#primaryimage\"},\"thumbnailUrl\":\"https:\/\/www.matts-guitar-shop.com\/wp-content\/uploads\/2026\/04\/gibson-sg-1963-bernie-bonvoisin-trust-01.webp\",\"datePublished\":\"2026-04-11T18:31:10+00:00\",\"dateModified\":\"2026-04-11T18:36:24+00:00\",\"breadcrumb\":{\"@id\":\"https:\/\/www.matts-guitar-shop.com\/es\/produit\/gibson-sg-1963-ex-bernie-bonvoisin-trust\/#breadcrumb\"},\"inLanguage\":\"es\",\"potentialAction\":[{\"@type\":\"ReadAction\",\"target\":[\"https:\/\/www.matts-guitar-shop.com\/es\/produit\/gibson-sg-1963-ex-bernie-bonvoisin-trust\/\"]}]},{\"@type\":\"ImageObject\",\"inLanguage\":\"es\",\"@id\":\"https:\/\/www.matts-guitar-shop.com\/es\/produit\/gibson-sg-1963-ex-bernie-bonvoisin-trust\/#primaryimage\",\"url\":\"https:\/\/www.matts-guitar-shop.com\/wp-content\/uploads\/2026\/04\/gibson-sg-1963-bernie-bonvoisin-trust-01.webp\",\"contentUrl\":\"https:\/\/www.matts-guitar-shop.com\/wp-content\/uploads\/2026\/04\/gibson-sg-1963-bernie-bonvoisin-trust-01.webp\",\"width\":969,\"height\":1454},{\"@type\":\"BreadcrumbList\",\"@id\":\"https:\/\/www.matts-guitar-shop.com\/es\/produit\/gibson-sg-1963-ex-bernie-bonvoisin-trust\/#breadcrumb\",\"itemListElement\":[{\"@type\":\"ListItem\",\"position\":1,\"name\":\"Inicio\",\"item\":\"https:\/\/www.matts-guitar-shop.com\/es\/\"},{\"@type\":\"ListItem\",\"position\":2,\"name\":\"Tienda\",\"item\":\"https:\/\/www.matts-guitar-shop.com\/es\/tienda\/\"},{\"@type\":\"ListItem\",\"position\":3,\"name\":\"Gibson SG 1963 ex Bernie Bonvoisin \u2013 Trust\"}]},{\"@type\":\"WebSite\",\"@id\":\"https:\/\/www.matts-guitar-shop.com\/es\/#website\",\"url\":\"https:\/\/www.matts-guitar-shop.com\/es\/\",\"name\":\"matts-guitar-shop.com\",\"description\":\"Guitar Shop\",\"publisher\":{\"@id\":\"https:\/\/www.matts-guitar-shop.com\/es\/#organization\"},\"potentialAction\":[{\"@type\":\"SearchAction\",\"target\":{\"@type\":\"EntryPoint\",\"urlTemplate\":\"https:\/\/www.matts-guitar-shop.com\/es\/?s={search_term_string}\"},\"query-input\":{\"@type\":\"PropertyValueSpecification\",\"valueRequired\":true,\"valueName\":\"search_term_string\"}}],\"inLanguage\":\"es\"},{\"@type\":\"Organization\",\"@id\":\"https:\/\/www.matts-guitar-shop.com\/es\/#organization\",\"name\":\"matts-guitar-shop.com\",\"url\":\"https:\/\/www.matts-guitar-shop.com\/es\/\",\"logo\":{\"@type\":\"ImageObject\",\"inLanguage\":\"es\",\"@id\":\"https:\/\/www.matts-guitar-shop.com\/es\/#\/schema\/logo\/image\/\",\"url\":\"https:\/\/www.matts-guitar-shop.com\/wp-content\/uploads\/2024\/09\/MGS-logo-site-02.png\",\"contentUrl\":\"https:\/\/www.matts-guitar-shop.com\/wp-content\/uploads\/2024\/09\/MGS-logo-site-02.png\",\"width\":200,\"height\":122,\"caption\":\"matts-guitar-shop.com\"},\"image\":{\"@id\":\"https:\/\/www.matts-guitar-shop.com\/es\/#\/schema\/logo\/image\/\"},\"sameAs\":[\"https:\/\/www.facebook.com\/profile.php?id=100044359842817\",\"https:\/\/www.instagram.com\/mattsguitarshop\/\",\"https:\/\/www.youtube.com\/@MattLucasMan\/videos\"]}]}<\/script>\n<!-- \/ Yoast SEO plugin. -->","yoast_head_json":{"title":"Gibson SG 1963 ex Bernie Bonvoisin \u2013 Trust - Matt&#039;s Guitar Shop","robots":{"index":"index","follow":"follow","max-snippet":"max-snippet:-1","max-image-preview":"max-image-preview:large","max-video-preview":"max-video-preview:-1"},"canonical":"https:\/\/www.matts-guitar-shop.com\/es\/produit\/gibson-sg-1963-ex-bernie-bonvoisin-trust\/","og_locale":"es_ES","og_type":"article","og_title":"Gibson SG 1963 ex Bernie Bonvoisin \u2013 Trust - Matt&#039;s Guitar Shop","og_description":"Figure de proue de Trust et voix infatigable d'un rock socialement engag\u00e9, Bernie Bonvoisin a marqu\u00e9 l'histoire de la musique fran\u00e7aise bien au-del\u00e0 de nos fronti\u00e8res. Si son talent d'auteur et son \u00e9nergie sc\u00e9nique sont l\u00e9gendaires, son rapport intime \u00e0 la guitare est une facette plus secr\u00e8te de sa cr\u00e9ation.  Fascin\u00e9 par les lignes ac\u00e9r\u00e9es de la Gibson SG, qu'il consid\u00e8re comme l'incarnation m\u00eame du rock, il fait l'acquisition de ce mod\u00e8le de 1963 en 1978. Durant pr\u00e8s de cinquante ans, cet instrument a \u00e9t\u00e9 son compagnon fid\u00e8le, des sessions de r\u00e9p\u00e9tition mythiques aux c\u00f4t\u00e9s de Nono Krief jusqu'aux enregistrements r\u00e9cents avec Yso. V\u00e9ritable t\u00e9moin de l'\u00e9pop\u00e9e Trust et des jams en studio, cette SG s'accompagne d'un \u00e9tui int\u00e9gralement personnalis\u00e9 par Bernie, d\u00e9cor\u00e9 de peintures et de pass de tourn\u00e9es, transformant l'ensemble en une \u0153uvre d'art totale.  Nous sommes honor\u00e9s de la confiance de Bernie pour transmettre ce pilier du patrimoine rock fran\u00e7ais,un instrument charg\u00e9 d'une vivacit\u00e9 intacte.","og_url":"https:\/\/www.matts-guitar-shop.com\/es\/produit\/gibson-sg-1963-ex-bernie-bonvoisin-trust\/","og_site_name":"Matt&#039;s Guitar Shop","article_publisher":"https:\/\/www.facebook.com\/profile.php?id=100044359842817","article_modified_time":"2026-04-11T18:36:24+00:00","og_image":[{"width":969,"height":1454,"url":"https:\/\/www.matts-guitar-shop.com\/wp-content\/uploads\/2026\/04\/gibson-sg-1963-bernie-bonvoisin-trust-01.webp","type":"image\/webp"}],"twitter_card":"summary_large_image","twitter_misc":{"Tiempo de lectura":"1 minuto"},"schema":{"@context":"https:\/\/schema.org","@graph":[{"@type":"WebPage","@id":"https:\/\/www.matts-guitar-shop.com\/es\/produit\/gibson-sg-1963-ex-bernie-bonvoisin-trust\/","url":"https:\/\/www.matts-guitar-shop.com\/es\/produit\/gibson-sg-1963-ex-bernie-bonvoisin-trust\/","name":"Gibson SG 1963 ex Bernie Bonvoisin \u2013 Trust - Matt&#039;s Guitar Shop","isPartOf":{"@id":"https:\/\/www.matts-guitar-shop.com\/es\/#website"},"primaryImageOfPage":{"@id":"https:\/\/www.matts-guitar-shop.com\/es\/produit\/gibson-sg-1963-ex-bernie-bonvoisin-trust\/#primaryimage"},"image":{"@id":"https:\/\/www.matts-guitar-shop.com\/es\/produit\/gibson-sg-1963-ex-bernie-bonvoisin-trust\/#primaryimage"},"thumbnailUrl":"https:\/\/www.matts-guitar-shop.com\/wp-content\/uploads\/2026\/04\/gibson-sg-1963-bernie-bonvoisin-trust-01.webp","datePublished":"2026-04-11T18:31:10+00:00","dateModified":"2026-04-11T18:36:24+00:00","breadcrumb":{"@id":"https:\/\/www.matts-guitar-shop.com\/es\/produit\/gibson-sg-1963-ex-bernie-bonvoisin-trust\/#breadcrumb"},"inLanguage":"es","potentialAction":[{"@type":"ReadAction","target":["https:\/\/www.matts-guitar-shop.com\/es\/produit\/gibson-sg-1963-ex-bernie-bonvoisin-trust\/"]}]},{"@type":"ImageObject","inLanguage":"es","@id":"https:\/\/www.matts-guitar-shop.com\/es\/produit\/gibson-sg-1963-ex-bernie-bonvoisin-trust\/#primaryimage","url":"https:\/\/www.matts-guitar-shop.com\/wp-content\/uploads\/2026\/04\/gibson-sg-1963-bernie-bonvoisin-trust-01.webp","contentUrl":"https:\/\/www.matts-guitar-shop.com\/wp-content\/uploads\/2026\/04\/gibson-sg-1963-bernie-bonvoisin-trust-01.webp","width":969,"height":1454},{"@type":"BreadcrumbList","@id":"https:\/\/www.matts-guitar-shop.com\/es\/produit\/gibson-sg-1963-ex-bernie-bonvoisin-trust\/#breadcrumb","itemListElement":[{"@type":"ListItem","position":1,"name":"Inicio","item":"https:\/\/www.matts-guitar-shop.com\/es\/"},{"@type":"ListItem","position":2,"name":"Tienda","item":"https:\/\/www.matts-guitar-shop.com\/es\/tienda\/"},{"@type":"ListItem","position":3,"name":"Gibson SG 1963 ex Bernie Bonvoisin \u2013 Trust"}]},{"@type":"WebSite","@id":"https:\/\/www.matts-guitar-shop.com\/es\/#website","url":"https:\/\/www.matts-guitar-shop.com\/es\/","name":"matts-guitar-shop.com","description":"Guitar Shop","publisher":{"@id":"https:\/\/www.matts-guitar-shop.com\/es\/#organization"},"potentialAction":[{"@type":"SearchAction","target":{"@type":"EntryPoint","urlTemplate":"https:\/\/www.matts-guitar-shop.com\/es\/?s={search_term_string}"},"query-input":{"@type":"PropertyValueSpecification","valueRequired":true,"valueName":"search_term_string"}}],"inLanguage":"es"},{"@type":"Organization","@id":"https:\/\/www.matts-guitar-shop.com\/es\/#organization","name":"matts-guitar-shop.com","url":"https:\/\/www.matts-guitar-shop.com\/es\/","logo":{"@type":"ImageObject","inLanguage":"es","@id":"https:\/\/www.matts-guitar-shop.com\/es\/#\/schema\/logo\/image\/","url":"https:\/\/www.matts-guitar-shop.com\/wp-content\/uploads\/2024\/09\/MGS-logo-site-02.png","contentUrl":"https:\/\/www.matts-guitar-shop.com\/wp-content\/uploads\/2024\/09\/MGS-logo-site-02.png","width":200,"height":122,"caption":"matts-guitar-shop.com"},"image":{"@id":"https:\/\/www.matts-guitar-shop.com\/es\/#\/schema\/logo\/image\/"},"sameAs":["https:\/\/www.facebook.com\/profile.php?id=100044359842817","https:\/\/www.instagram.com\/mattsguitarshop\/","https:\/\/www.youtube.com\/@MattLucasMan\/videos"]}]}},"_links":{"self":[{"href":"https:\/\/www.matts-guitar-shop.com\/es\/wp-json\/wp\/v2\/product\/35396","targetHints":{"allow":["GET"]}}],"collection":[{"href":"https:\/\/www.matts-guitar-shop.com\/es\/wp-json\/wp\/v2\/product"}],"about":[{"href":"https:\/\/www.matts-guitar-shop.com\/es\/wp-json\/wp\/v2\/types\/product"}],"replies":[{"embeddable":true,"href":"https:\/\/www.matts-guitar-shop.com\/es\/wp-json\/wp\/v2\/comments?post=35396"}],"wp:featuredmedia":[{"embeddable":true,"href":"https:\/\/www.matts-guitar-shop.com\/es\/wp-json\/wp\/v2\/media\/35397"}],"wp:attachment":[{"href":"https:\/\/www.matts-guitar-shop.com\/es\/wp-json\/wp\/v2\/media?parent=35396"}],"wp:term":[{"taxonomy":"product_brand","embeddable":true,"href":"https:\/\/www.matts-guitar-shop.com\/es\/wp-json\/wp\/v2\/product_brand?post=35396"},{"taxonomy":"product_cat","embeddable":true,"href":"https:\/\/www.matts-guitar-shop.com\/es\/wp-json\/wp\/v2\/product_cat?post=35396"},{"taxonomy":"product_tag","embeddable":true,"href":"https:\/\/www.matts-guitar-shop.com\/es\/wp-json\/wp\/v2\/product_tag?post=35396"}],"curies":[{"name":"wp","href":"https:\/\/api.w.org\/{rel}","templated":true}]}}