{"id":34506,"date":"2026-04-10T18:08:08","date_gmt":"2026-04-10T16:08:08","guid":{"rendered":"https:\/\/www.matts-guitar-shop.com\/?post_type=product&#038;p=34506"},"modified":"2026-04-10T18:12:08","modified_gmt":"2026-04-10T16:12:08","slug":"gibson-les-paul-custom-1980-ex-billy-duffy-the-cult","status":"publish","type":"product","link":"https:\/\/www.matts-guitar-shop.com\/es\/produit\/gibson-les-paul-custom-1980-ex-billy-duffy-the-cult\/","title":{"rendered":"Gibson Les Paul Custom 1980 ex Billy Duffy The Cult"},"content":{"rendered":"","protected":false},"excerpt":{"rendered":"<p>V\u00e9ritable pilier de The Cult, Billy Duffy s&#8217;impose comme une figure embl\u00e9matique de la guitare britannique, et cet instrument constitue un t\u00e9moin privil\u00e9gi\u00e9 de son parcours. Cette Gibson Les Paul Custom de 1980, issue de sa collection personnelle, se distingue par sa finition en \u00e9rable naturel qui lui conf\u00e8re un look imm\u00e9diatement reconnaissable. Ce choix esth\u00e9tique n&#8217;est pas fortuit : grand admirateur de Mick Ronson, Duffy a utilis\u00e9 cette guitare comme un hommage direct \u00e0 la c\u00e9l\u00e8bre Les Paul de 1968 \u00e0 la table ponc\u00e9e de son idole. Jou\u00e9e intens\u00e9ment sur sc\u00e8ne et en studio avec The Cult, ainsi que lors de collaborations plus r\u00e9centes avec Mike Peters, elle porte en elle l&#8217;\u00e9nergie d&#8217;un guitar hero innovant. Cette pi\u00e8ce rare, au carrefour de l&#8217;influence de Ronson et de la carri\u00e8re de Duffy, repr\u00e9sente un fragment essentiel de l&#8217;histoire du rock anglais.<\/p>\n","protected":false},"featured_media":34507,"comment_status":"closed","ping_status":"closed","template":"","meta":{"_et_pb_use_builder":"","_et_pb_old_content":"","_et_gb_content_width":""},"product_brand":[],"product_cat":[123,82,152],"product_tag":[],"class_list":{"0":"post-34506","1":"product","2":"type-product","3":"status-publish","4":"has-post-thumbnail","6":"product_cat-guitares-electriques","7":"product_cat-artistes","8":"product_cat-guitares","9":"pa_artiste-billy-duffy","10":"pa_disponibilite-en-vente","11":"pa_marque-gibson","13":"first","14":"instock","15":"shipping-taxable","16":"purchasable","17":"product-type-simple"},"yoast_head":"<!-- This site is optimized with the Yoast SEO plugin v26.8 - https:\/\/yoast.com\/product\/yoast-seo-wordpress\/ -->\n<title>Gibson Les Paul Custom 1980 ex Billy Duffy The Cult - Matt&#039;s Guitar Shop<\/title>\n<meta name=\"robots\" content=\"index, follow, max-snippet:-1, max-image-preview:large, max-video-preview:-1\" \/>\n<link rel=\"canonical\" href=\"https:\/\/www.matts-guitar-shop.com\/es\/produit\/gibson-les-paul-custom-1980-ex-billy-duffy-the-cult\/\" \/>\n<meta property=\"og:locale\" content=\"es_ES\" \/>\n<meta property=\"og:type\" content=\"article\" \/>\n<meta property=\"og:title\" content=\"Gibson Les Paul Custom 1980 ex Billy Duffy The Cult - Matt&#039;s Guitar Shop\" \/>\n<meta property=\"og:description\" content=\"V\u00e9ritable pilier de The Cult, Billy Duffy s&#039;impose comme une figure embl\u00e9matique de la guitare britannique, et cet instrument constitue un t\u00e9moin privil\u00e9gi\u00e9 de son parcours. Cette Gibson Les Paul Custom de 1980, issue de sa collection personnelle, se distingue par sa finition en \u00e9rable naturel qui lui conf\u00e8re un look imm\u00e9diatement reconnaissable. Ce choix esth\u00e9tique n&#039;est pas fortuit : grand admirateur de Mick Ronson, Duffy a utilis\u00e9 cette guitare comme un hommage direct \u00e0 la c\u00e9l\u00e8bre Les Paul de 1968 \u00e0 la table ponc\u00e9e de son idole. Jou\u00e9e intens\u00e9ment sur sc\u00e8ne et en studio avec The Cult, ainsi que lors de collaborations plus r\u00e9centes avec Mike Peters, elle porte en elle l&#039;\u00e9nergie d&#039;un guitar hero innovant. Cette pi\u00e8ce rare, au carrefour de l&#039;influence de Ronson et de la carri\u00e8re de Duffy, repr\u00e9sente un fragment essentiel de l&#039;histoire du rock anglais.\" \/>\n<meta property=\"og:url\" content=\"https:\/\/www.matts-guitar-shop.com\/es\/produit\/gibson-les-paul-custom-1980-ex-billy-duffy-the-cult\/\" \/>\n<meta property=\"og:site_name\" content=\"Matt&#039;s Guitar Shop\" \/>\n<meta property=\"article:publisher\" content=\"https:\/\/www.facebook.com\/profile.php?id=100044359842817\" \/>\n<meta property=\"article:modified_time\" content=\"2026-04-10T16:12:08+00:00\" \/>\n<meta property=\"og:image\" content=\"https:\/\/www.matts-guitar-shop.com\/wp-content\/uploads\/2026\/04\/Gibson-Les-Paul-Custom-1980-ex-Billy-Duffy-The-Cult-01.jpg\" \/>\n\t<meta property=\"og:image:width\" content=\"800\" \/>\n\t<meta property=\"og:image:height\" content=\"1199\" \/>\n\t<meta property=\"og:image:type\" content=\"image\/jpeg\" \/>\n<meta name=\"twitter:card\" content=\"summary_large_image\" \/>\n<meta name=\"twitter:label1\" content=\"Tiempo de lectura\" \/>\n\t<meta name=\"twitter:data1\" content=\"1 minuto\" \/>\n<script type=\"application\/ld+json\" class=\"yoast-schema-graph\">{\"@context\":\"https:\/\/schema.org\",\"@graph\":[{\"@type\":\"WebPage\",\"@id\":\"https:\/\/www.matts-guitar-shop.com\/es\/produit\/gibson-les-paul-custom-1980-ex-billy-duffy-the-cult\/\",\"url\":\"https:\/\/www.matts-guitar-shop.com\/es\/produit\/gibson-les-paul-custom-1980-ex-billy-duffy-the-cult\/\",\"name\":\"Gibson Les Paul Custom 1980 ex Billy Duffy The Cult - Matt&#039;s Guitar Shop\",\"isPartOf\":{\"@id\":\"https:\/\/www.matts-guitar-shop.com\/es\/#website\"},\"primaryImageOfPage\":{\"@id\":\"https:\/\/www.matts-guitar-shop.com\/es\/produit\/gibson-les-paul-custom-1980-ex-billy-duffy-the-cult\/#primaryimage\"},\"image\":{\"@id\":\"https:\/\/www.matts-guitar-shop.com\/es\/produit\/gibson-les-paul-custom-1980-ex-billy-duffy-the-cult\/#primaryimage\"},\"thumbnailUrl\":\"https:\/\/www.matts-guitar-shop.com\/wp-content\/uploads\/2026\/04\/Gibson-Les-Paul-Custom-1980-ex-Billy-Duffy-The-Cult-01.jpg\",\"datePublished\":\"2026-04-10T16:08:08+00:00\",\"dateModified\":\"2026-04-10T16:12:08+00:00\",\"breadcrumb\":{\"@id\":\"https:\/\/www.matts-guitar-shop.com\/es\/produit\/gibson-les-paul-custom-1980-ex-billy-duffy-the-cult\/#breadcrumb\"},\"inLanguage\":\"es\",\"potentialAction\":[{\"@type\":\"ReadAction\",\"target\":[\"https:\/\/www.matts-guitar-shop.com\/es\/produit\/gibson-les-paul-custom-1980-ex-billy-duffy-the-cult\/\"]}]},{\"@type\":\"ImageObject\",\"inLanguage\":\"es\",\"@id\":\"https:\/\/www.matts-guitar-shop.com\/es\/produit\/gibson-les-paul-custom-1980-ex-billy-duffy-the-cult\/#primaryimage\",\"url\":\"https:\/\/www.matts-guitar-shop.com\/wp-content\/uploads\/2026\/04\/Gibson-Les-Paul-Custom-1980-ex-Billy-Duffy-The-Cult-01.jpg\",\"contentUrl\":\"https:\/\/www.matts-guitar-shop.com\/wp-content\/uploads\/2026\/04\/Gibson-Les-Paul-Custom-1980-ex-Billy-Duffy-The-Cult-01.jpg\",\"width\":800,\"height\":1199},{\"@type\":\"BreadcrumbList\",\"@id\":\"https:\/\/www.matts-guitar-shop.com\/es\/produit\/gibson-les-paul-custom-1980-ex-billy-duffy-the-cult\/#breadcrumb\",\"itemListElement\":[{\"@type\":\"ListItem\",\"position\":1,\"name\":\"Inicio\",\"item\":\"https:\/\/www.matts-guitar-shop.com\/es\/\"},{\"@type\":\"ListItem\",\"position\":2,\"name\":\"Tienda\",\"item\":\"https:\/\/www.matts-guitar-shop.com\/es\/tienda\/\"},{\"@type\":\"ListItem\",\"position\":3,\"name\":\"Gibson Les Paul Custom 1980 ex Billy Duffy The Cult\"}]},{\"@type\":\"WebSite\",\"@id\":\"https:\/\/www.matts-guitar-shop.com\/es\/#website\",\"url\":\"https:\/\/www.matts-guitar-shop.com\/es\/\",\"name\":\"matts-guitar-shop.com\",\"description\":\"Guitar Shop\",\"publisher\":{\"@id\":\"https:\/\/www.matts-guitar-shop.com\/es\/#organization\"},\"potentialAction\":[{\"@type\":\"SearchAction\",\"target\":{\"@type\":\"EntryPoint\",\"urlTemplate\":\"https:\/\/www.matts-guitar-shop.com\/es\/?s={search_term_string}\"},\"query-input\":{\"@type\":\"PropertyValueSpecification\",\"valueRequired\":true,\"valueName\":\"search_term_string\"}}],\"inLanguage\":\"es\"},{\"@type\":\"Organization\",\"@id\":\"https:\/\/www.matts-guitar-shop.com\/es\/#organization\",\"name\":\"matts-guitar-shop.com\",\"url\":\"https:\/\/www.matts-guitar-shop.com\/es\/\",\"logo\":{\"@type\":\"ImageObject\",\"inLanguage\":\"es\",\"@id\":\"https:\/\/www.matts-guitar-shop.com\/es\/#\/schema\/logo\/image\/\",\"url\":\"https:\/\/www.matts-guitar-shop.com\/wp-content\/uploads\/2024\/09\/MGS-logo-site-02.png\",\"contentUrl\":\"https:\/\/www.matts-guitar-shop.com\/wp-content\/uploads\/2024\/09\/MGS-logo-site-02.png\",\"width\":200,\"height\":122,\"caption\":\"matts-guitar-shop.com\"},\"image\":{\"@id\":\"https:\/\/www.matts-guitar-shop.com\/es\/#\/schema\/logo\/image\/\"},\"sameAs\":[\"https:\/\/www.facebook.com\/profile.php?id=100044359842817\",\"https:\/\/www.instagram.com\/mattsguitarshop\/\",\"https:\/\/www.youtube.com\/@MattLucasMan\/videos\"]}]}<\/script>\n<!-- \/ Yoast SEO plugin. -->","yoast_head_json":{"title":"Gibson Les Paul Custom 1980 ex Billy Duffy The Cult - Matt&#039;s Guitar Shop","robots":{"index":"index","follow":"follow","max-snippet":"max-snippet:-1","max-image-preview":"max-image-preview:large","max-video-preview":"max-video-preview:-1"},"canonical":"https:\/\/www.matts-guitar-shop.com\/es\/produit\/gibson-les-paul-custom-1980-ex-billy-duffy-the-cult\/","og_locale":"es_ES","og_type":"article","og_title":"Gibson Les Paul Custom 1980 ex Billy Duffy The Cult - Matt&#039;s Guitar Shop","og_description":"V\u00e9ritable pilier de The Cult, Billy Duffy s'impose comme une figure embl\u00e9matique de la guitare britannique, et cet instrument constitue un t\u00e9moin privil\u00e9gi\u00e9 de son parcours. Cette Gibson Les Paul Custom de 1980, issue de sa collection personnelle, se distingue par sa finition en \u00e9rable naturel qui lui conf\u00e8re un look imm\u00e9diatement reconnaissable. Ce choix esth\u00e9tique n'est pas fortuit : grand admirateur de Mick Ronson, Duffy a utilis\u00e9 cette guitare comme un hommage direct \u00e0 la c\u00e9l\u00e8bre Les Paul de 1968 \u00e0 la table ponc\u00e9e de son idole. Jou\u00e9e intens\u00e9ment sur sc\u00e8ne et en studio avec The Cult, ainsi que lors de collaborations plus r\u00e9centes avec Mike Peters, elle porte en elle l'\u00e9nergie d'un guitar hero innovant. Cette pi\u00e8ce rare, au carrefour de l'influence de Ronson et de la carri\u00e8re de Duffy, repr\u00e9sente un fragment essentiel de l'histoire du rock anglais.","og_url":"https:\/\/www.matts-guitar-shop.com\/es\/produit\/gibson-les-paul-custom-1980-ex-billy-duffy-the-cult\/","og_site_name":"Matt&#039;s Guitar Shop","article_publisher":"https:\/\/www.facebook.com\/profile.php?id=100044359842817","article_modified_time":"2026-04-10T16:12:08+00:00","og_image":[{"width":800,"height":1199,"url":"https:\/\/www.matts-guitar-shop.com\/wp-content\/uploads\/2026\/04\/Gibson-Les-Paul-Custom-1980-ex-Billy-Duffy-The-Cult-01.jpg","type":"image\/jpeg"}],"twitter_card":"summary_large_image","twitter_misc":{"Tiempo de lectura":"1 minuto"},"schema":{"@context":"https:\/\/schema.org","@graph":[{"@type":"WebPage","@id":"https:\/\/www.matts-guitar-shop.com\/es\/produit\/gibson-les-paul-custom-1980-ex-billy-duffy-the-cult\/","url":"https:\/\/www.matts-guitar-shop.com\/es\/produit\/gibson-les-paul-custom-1980-ex-billy-duffy-the-cult\/","name":"Gibson Les Paul Custom 1980 ex Billy Duffy The Cult - Matt&#039;s Guitar Shop","isPartOf":{"@id":"https:\/\/www.matts-guitar-shop.com\/es\/#website"},"primaryImageOfPage":{"@id":"https:\/\/www.matts-guitar-shop.com\/es\/produit\/gibson-les-paul-custom-1980-ex-billy-duffy-the-cult\/#primaryimage"},"image":{"@id":"https:\/\/www.matts-guitar-shop.com\/es\/produit\/gibson-les-paul-custom-1980-ex-billy-duffy-the-cult\/#primaryimage"},"thumbnailUrl":"https:\/\/www.matts-guitar-shop.com\/wp-content\/uploads\/2026\/04\/Gibson-Les-Paul-Custom-1980-ex-Billy-Duffy-The-Cult-01.jpg","datePublished":"2026-04-10T16:08:08+00:00","dateModified":"2026-04-10T16:12:08+00:00","breadcrumb":{"@id":"https:\/\/www.matts-guitar-shop.com\/es\/produit\/gibson-les-paul-custom-1980-ex-billy-duffy-the-cult\/#breadcrumb"},"inLanguage":"es","potentialAction":[{"@type":"ReadAction","target":["https:\/\/www.matts-guitar-shop.com\/es\/produit\/gibson-les-paul-custom-1980-ex-billy-duffy-the-cult\/"]}]},{"@type":"ImageObject","inLanguage":"es","@id":"https:\/\/www.matts-guitar-shop.com\/es\/produit\/gibson-les-paul-custom-1980-ex-billy-duffy-the-cult\/#primaryimage","url":"https:\/\/www.matts-guitar-shop.com\/wp-content\/uploads\/2026\/04\/Gibson-Les-Paul-Custom-1980-ex-Billy-Duffy-The-Cult-01.jpg","contentUrl":"https:\/\/www.matts-guitar-shop.com\/wp-content\/uploads\/2026\/04\/Gibson-Les-Paul-Custom-1980-ex-Billy-Duffy-The-Cult-01.jpg","width":800,"height":1199},{"@type":"BreadcrumbList","@id":"https:\/\/www.matts-guitar-shop.com\/es\/produit\/gibson-les-paul-custom-1980-ex-billy-duffy-the-cult\/#breadcrumb","itemListElement":[{"@type":"ListItem","position":1,"name":"Inicio","item":"https:\/\/www.matts-guitar-shop.com\/es\/"},{"@type":"ListItem","position":2,"name":"Tienda","item":"https:\/\/www.matts-guitar-shop.com\/es\/tienda\/"},{"@type":"ListItem","position":3,"name":"Gibson Les Paul Custom 1980 ex Billy Duffy The Cult"}]},{"@type":"WebSite","@id":"https:\/\/www.matts-guitar-shop.com\/es\/#website","url":"https:\/\/www.matts-guitar-shop.com\/es\/","name":"matts-guitar-shop.com","description":"Guitar Shop","publisher":{"@id":"https:\/\/www.matts-guitar-shop.com\/es\/#organization"},"potentialAction":[{"@type":"SearchAction","target":{"@type":"EntryPoint","urlTemplate":"https:\/\/www.matts-guitar-shop.com\/es\/?s={search_term_string}"},"query-input":{"@type":"PropertyValueSpecification","valueRequired":true,"valueName":"search_term_string"}}],"inLanguage":"es"},{"@type":"Organization","@id":"https:\/\/www.matts-guitar-shop.com\/es\/#organization","name":"matts-guitar-shop.com","url":"https:\/\/www.matts-guitar-shop.com\/es\/","logo":{"@type":"ImageObject","inLanguage":"es","@id":"https:\/\/www.matts-guitar-shop.com\/es\/#\/schema\/logo\/image\/","url":"https:\/\/www.matts-guitar-shop.com\/wp-content\/uploads\/2024\/09\/MGS-logo-site-02.png","contentUrl":"https:\/\/www.matts-guitar-shop.com\/wp-content\/uploads\/2024\/09\/MGS-logo-site-02.png","width":200,"height":122,"caption":"matts-guitar-shop.com"},"image":{"@id":"https:\/\/www.matts-guitar-shop.com\/es\/#\/schema\/logo\/image\/"},"sameAs":["https:\/\/www.facebook.com\/profile.php?id=100044359842817","https:\/\/www.instagram.com\/mattsguitarshop\/","https:\/\/www.youtube.com\/@MattLucasMan\/videos"]}]}},"_links":{"self":[{"href":"https:\/\/www.matts-guitar-shop.com\/es\/wp-json\/wp\/v2\/product\/34506","targetHints":{"allow":["GET"]}}],"collection":[{"href":"https:\/\/www.matts-guitar-shop.com\/es\/wp-json\/wp\/v2\/product"}],"about":[{"href":"https:\/\/www.matts-guitar-shop.com\/es\/wp-json\/wp\/v2\/types\/product"}],"replies":[{"embeddable":true,"href":"https:\/\/www.matts-guitar-shop.com\/es\/wp-json\/wp\/v2\/comments?post=34506"}],"wp:featuredmedia":[{"embeddable":true,"href":"https:\/\/www.matts-guitar-shop.com\/es\/wp-json\/wp\/v2\/media\/34507"}],"wp:attachment":[{"href":"https:\/\/www.matts-guitar-shop.com\/es\/wp-json\/wp\/v2\/media?parent=34506"}],"wp:term":[{"taxonomy":"product_brand","embeddable":true,"href":"https:\/\/www.matts-guitar-shop.com\/es\/wp-json\/wp\/v2\/product_brand?post=34506"},{"taxonomy":"product_cat","embeddable":true,"href":"https:\/\/www.matts-guitar-shop.com\/es\/wp-json\/wp\/v2\/product_cat?post=34506"},{"taxonomy":"product_tag","embeddable":true,"href":"https:\/\/www.matts-guitar-shop.com\/es\/wp-json\/wp\/v2\/product_tag?post=34506"}],"curies":[{"name":"wp","href":"https:\/\/api.w.org\/{rel}","templated":true}]}}