{"id":34109,"date":"2026-04-10T16:50:02","date_gmt":"2026-04-10T14:50:02","guid":{"rendered":"https:\/\/www.matts-guitar-shop.com\/?post_type=product&#038;p=34109"},"modified":"2026-04-10T16:50:03","modified_gmt":"2026-04-10T14:50:03","slug":"washburn-starfire-guitar","status":"publish","type":"product","link":"https:\/\/www.matts-guitar-shop.com\/es\/produit\/washburn-starfire-guitar\/","title":{"rendered":"Washburn Starfire Guitar"},"content":{"rendered":"","protected":false},"excerpt":{"rendered":"<p>Bien plus qu&#8217;un instrument, cette Washburn Starfire argent\u00e9e \u00e0 paillettes constitue un v\u00e9ritable vestige de l&#8217;histoire du rock. Con\u00e7ue sp\u00e9cifiquement pour Paul Stanley en 2012, elle refl\u00e8te l&#8217;esth\u00e9tique flamboyante du cofondateur de KISS. Son corps en acajou, sa finition scintillante noire et argent et son accastillage chrom\u00e9 incarnent l&#8217;extravagance spectaculaire du groupe. Utilis\u00e9e intensivement sur sc\u00e8ne, notamment lors du spectacle mythique KISS Rocks Vegas en 2014 et durant la tourn\u00e9e End of the Road, elle porte encore les stigmates de ces performances \u00e9lectrisantes, incluant des m\u00e9diators fix\u00e9s sur le corps et la t\u00eate. L&#8217;objet devient une relique pr\u00e9cieuse gr\u00e2ce \u00e0 la signature manuscrite de Paul Stanley, accompagn\u00e9e de l&#8217;inscription : \u00ab This Starfire was rocked around the world and Kiss Rocks Vegas \u00bb.<\/p>\n<p>L&#8217;instrument est livr\u00e9 dans son \u00e9tui Washburn d&#8217;origine, marqu\u00e9 par les d\u00e9placements en tourn\u00e9e, et accompagn\u00e9 d&#8217;un T-shirt officiel de la tourn\u00e9e d&#8217;adieu ainsi que de deux bracelets de concert. Rare et authentique, cette pi\u00e8ce de collection t\u00e9moigne de l&#8217;\u00e9nergie indomptable de l&#8217;un des plus grands performers de l&#8217;histoire.<\/p>\n","protected":false},"featured_media":34110,"comment_status":"closed","ping_status":"closed","template":"","meta":{"_et_pb_use_builder":"","_et_pb_old_content":"","_et_gb_content_width":""},"product_brand":[],"product_cat":[123,82,152],"product_tag":[],"class_list":{"0":"post-34109","1":"product","2":"type-product","3":"status-publish","4":"has-post-thumbnail","6":"product_cat-guitares-electriques","7":"product_cat-artistes","8":"product_cat-guitares","9":"pa_artiste-paul-stanley","10":"pa_disponibilite-en-vente","11":"pa_marque-washburn","13":"first","14":"instock","15":"shipping-taxable","16":"purchasable","17":"product-type-simple"},"yoast_head":"<!-- This site is optimized with the Yoast SEO plugin v26.8 - https:\/\/yoast.com\/product\/yoast-seo-wordpress\/ -->\n<title>Washburn Starfire Guitar - Matt&#039;s Guitar Shop<\/title>\n<meta name=\"robots\" content=\"index, follow, max-snippet:-1, max-image-preview:large, max-video-preview:-1\" \/>\n<link rel=\"canonical\" href=\"https:\/\/www.matts-guitar-shop.com\/es\/produit\/washburn-starfire-guitar\/\" \/>\n<meta property=\"og:locale\" content=\"es_ES\" \/>\n<meta property=\"og:type\" content=\"article\" \/>\n<meta property=\"og:title\" content=\"Washburn Starfire Guitar - Matt&#039;s Guitar Shop\" \/>\n<meta property=\"og:description\" content=\"Bien plus qu&#039;un instrument, cette Washburn Starfire argent\u00e9e \u00e0 paillettes constitue un v\u00e9ritable vestige de l&#039;histoire du rock. Con\u00e7ue sp\u00e9cifiquement pour Paul Stanley en 2012, elle refl\u00e8te l&#039;esth\u00e9tique flamboyante du cofondateur de KISS. Son corps en acajou, sa finition scintillante noire et argent et son accastillage chrom\u00e9 incarnent l&#039;extravagance spectaculaire du groupe. Utilis\u00e9e intensivement sur sc\u00e8ne, notamment lors du spectacle mythique KISS Rocks Vegas en 2014 et durant la tourn\u00e9e End of the Road, elle porte encore les stigmates de ces performances \u00e9lectrisantes, incluant des m\u00e9diators fix\u00e9s sur le corps et la t\u00eate. L&#039;objet devient une relique pr\u00e9cieuse gr\u00e2ce \u00e0 la signature manuscrite de Paul Stanley, accompagn\u00e9e de l&#039;inscription : \u00ab This Starfire was rocked around the world and Kiss Rocks Vegas \u00bb.  L&#039;instrument est livr\u00e9 dans son \u00e9tui Washburn d&#039;origine, marqu\u00e9 par les d\u00e9placements en tourn\u00e9e, et accompagn\u00e9 d&#039;un T-shirt officiel de la tourn\u00e9e d&#039;adieu ainsi que de deux bracelets de concert. Rare et authentique, cette pi\u00e8ce de collection t\u00e9moigne de l&#039;\u00e9nergie indomptable de l&#039;un des plus grands performers de l&#039;histoire.\" \/>\n<meta property=\"og:url\" content=\"https:\/\/www.matts-guitar-shop.com\/es\/produit\/washburn-starfire-guitar\/\" \/>\n<meta property=\"og:site_name\" content=\"Matt&#039;s Guitar Shop\" \/>\n<meta property=\"article:publisher\" content=\"https:\/\/www.facebook.com\/profile.php?id=100044359842817\" \/>\n<meta property=\"article:modified_time\" content=\"2026-04-10T14:50:03+00:00\" \/>\n<meta property=\"og:image\" content=\"https:\/\/www.matts-guitar-shop.com\/wp-content\/uploads\/2026\/04\/Washburn-Starfire-Guitar-Paul-Stanley-played-and-signed-02.jpg\" \/>\n\t<meta property=\"og:image:width\" content=\"800\" \/>\n\t<meta property=\"og:image:height\" content=\"1200\" \/>\n\t<meta property=\"og:image:type\" content=\"image\/jpeg\" \/>\n<meta name=\"twitter:card\" content=\"summary_large_image\" \/>\n<meta name=\"twitter:label1\" content=\"Tiempo de lectura\" \/>\n\t<meta name=\"twitter:data1\" content=\"1 minuto\" \/>\n<script type=\"application\/ld+json\" class=\"yoast-schema-graph\">{\"@context\":\"https:\/\/schema.org\",\"@graph\":[{\"@type\":\"WebPage\",\"@id\":\"https:\/\/www.matts-guitar-shop.com\/es\/produit\/washburn-starfire-guitar\/\",\"url\":\"https:\/\/www.matts-guitar-shop.com\/es\/produit\/washburn-starfire-guitar\/\",\"name\":\"Washburn Starfire Guitar - Matt&#039;s Guitar Shop\",\"isPartOf\":{\"@id\":\"https:\/\/www.matts-guitar-shop.com\/es\/#website\"},\"primaryImageOfPage\":{\"@id\":\"https:\/\/www.matts-guitar-shop.com\/es\/produit\/washburn-starfire-guitar\/#primaryimage\"},\"image\":{\"@id\":\"https:\/\/www.matts-guitar-shop.com\/es\/produit\/washburn-starfire-guitar\/#primaryimage\"},\"thumbnailUrl\":\"https:\/\/www.matts-guitar-shop.com\/wp-content\/uploads\/2026\/04\/Washburn-Starfire-Guitar-Paul-Stanley-played-and-signed-02.jpg\",\"datePublished\":\"2026-04-10T14:50:02+00:00\",\"dateModified\":\"2026-04-10T14:50:03+00:00\",\"breadcrumb\":{\"@id\":\"https:\/\/www.matts-guitar-shop.com\/es\/produit\/washburn-starfire-guitar\/#breadcrumb\"},\"inLanguage\":\"es\",\"potentialAction\":[{\"@type\":\"ReadAction\",\"target\":[\"https:\/\/www.matts-guitar-shop.com\/es\/produit\/washburn-starfire-guitar\/\"]}]},{\"@type\":\"ImageObject\",\"inLanguage\":\"es\",\"@id\":\"https:\/\/www.matts-guitar-shop.com\/es\/produit\/washburn-starfire-guitar\/#primaryimage\",\"url\":\"https:\/\/www.matts-guitar-shop.com\/wp-content\/uploads\/2026\/04\/Washburn-Starfire-Guitar-Paul-Stanley-played-and-signed-02.jpg\",\"contentUrl\":\"https:\/\/www.matts-guitar-shop.com\/wp-content\/uploads\/2026\/04\/Washburn-Starfire-Guitar-Paul-Stanley-played-and-signed-02.jpg\",\"width\":800,\"height\":1200},{\"@type\":\"BreadcrumbList\",\"@id\":\"https:\/\/www.matts-guitar-shop.com\/es\/produit\/washburn-starfire-guitar\/#breadcrumb\",\"itemListElement\":[{\"@type\":\"ListItem\",\"position\":1,\"name\":\"Inicio\",\"item\":\"https:\/\/www.matts-guitar-shop.com\/es\/\"},{\"@type\":\"ListItem\",\"position\":2,\"name\":\"Tienda\",\"item\":\"https:\/\/www.matts-guitar-shop.com\/es\/tienda\/\"},{\"@type\":\"ListItem\",\"position\":3,\"name\":\"Washburn Starfire Guitar\"}]},{\"@type\":\"WebSite\",\"@id\":\"https:\/\/www.matts-guitar-shop.com\/es\/#website\",\"url\":\"https:\/\/www.matts-guitar-shop.com\/es\/\",\"name\":\"matts-guitar-shop.com\",\"description\":\"Guitar Shop\",\"publisher\":{\"@id\":\"https:\/\/www.matts-guitar-shop.com\/es\/#organization\"},\"potentialAction\":[{\"@type\":\"SearchAction\",\"target\":{\"@type\":\"EntryPoint\",\"urlTemplate\":\"https:\/\/www.matts-guitar-shop.com\/es\/?s={search_term_string}\"},\"query-input\":{\"@type\":\"PropertyValueSpecification\",\"valueRequired\":true,\"valueName\":\"search_term_string\"}}],\"inLanguage\":\"es\"},{\"@type\":\"Organization\",\"@id\":\"https:\/\/www.matts-guitar-shop.com\/es\/#organization\",\"name\":\"matts-guitar-shop.com\",\"url\":\"https:\/\/www.matts-guitar-shop.com\/es\/\",\"logo\":{\"@type\":\"ImageObject\",\"inLanguage\":\"es\",\"@id\":\"https:\/\/www.matts-guitar-shop.com\/es\/#\/schema\/logo\/image\/\",\"url\":\"https:\/\/www.matts-guitar-shop.com\/wp-content\/uploads\/2024\/09\/MGS-logo-site-02.png\",\"contentUrl\":\"https:\/\/www.matts-guitar-shop.com\/wp-content\/uploads\/2024\/09\/MGS-logo-site-02.png\",\"width\":200,\"height\":122,\"caption\":\"matts-guitar-shop.com\"},\"image\":{\"@id\":\"https:\/\/www.matts-guitar-shop.com\/es\/#\/schema\/logo\/image\/\"},\"sameAs\":[\"https:\/\/www.facebook.com\/profile.php?id=100044359842817\",\"https:\/\/www.instagram.com\/mattsguitarshop\/\",\"https:\/\/www.youtube.com\/@MattLucasMan\/videos\"]}]}<\/script>\n<!-- \/ Yoast SEO plugin. -->","yoast_head_json":{"title":"Washburn Starfire Guitar - Matt&#039;s Guitar Shop","robots":{"index":"index","follow":"follow","max-snippet":"max-snippet:-1","max-image-preview":"max-image-preview:large","max-video-preview":"max-video-preview:-1"},"canonical":"https:\/\/www.matts-guitar-shop.com\/es\/produit\/washburn-starfire-guitar\/","og_locale":"es_ES","og_type":"article","og_title":"Washburn Starfire Guitar - Matt&#039;s Guitar Shop","og_description":"Bien plus qu'un instrument, cette Washburn Starfire argent\u00e9e \u00e0 paillettes constitue un v\u00e9ritable vestige de l'histoire du rock. Con\u00e7ue sp\u00e9cifiquement pour Paul Stanley en 2012, elle refl\u00e8te l'esth\u00e9tique flamboyante du cofondateur de KISS. Son corps en acajou, sa finition scintillante noire et argent et son accastillage chrom\u00e9 incarnent l'extravagance spectaculaire du groupe. Utilis\u00e9e intensivement sur sc\u00e8ne, notamment lors du spectacle mythique KISS Rocks Vegas en 2014 et durant la tourn\u00e9e End of the Road, elle porte encore les stigmates de ces performances \u00e9lectrisantes, incluant des m\u00e9diators fix\u00e9s sur le corps et la t\u00eate. L'objet devient une relique pr\u00e9cieuse gr\u00e2ce \u00e0 la signature manuscrite de Paul Stanley, accompagn\u00e9e de l'inscription : \u00ab This Starfire was rocked around the world and Kiss Rocks Vegas \u00bb.  L'instrument est livr\u00e9 dans son \u00e9tui Washburn d'origine, marqu\u00e9 par les d\u00e9placements en tourn\u00e9e, et accompagn\u00e9 d'un T-shirt officiel de la tourn\u00e9e d'adieu ainsi que de deux bracelets de concert. Rare et authentique, cette pi\u00e8ce de collection t\u00e9moigne de l'\u00e9nergie indomptable de l'un des plus grands performers de l'histoire.","og_url":"https:\/\/www.matts-guitar-shop.com\/es\/produit\/washburn-starfire-guitar\/","og_site_name":"Matt&#039;s Guitar Shop","article_publisher":"https:\/\/www.facebook.com\/profile.php?id=100044359842817","article_modified_time":"2026-04-10T14:50:03+00:00","og_image":[{"width":800,"height":1200,"url":"https:\/\/www.matts-guitar-shop.com\/wp-content\/uploads\/2026\/04\/Washburn-Starfire-Guitar-Paul-Stanley-played-and-signed-02.jpg","type":"image\/jpeg"}],"twitter_card":"summary_large_image","twitter_misc":{"Tiempo de lectura":"1 minuto"},"schema":{"@context":"https:\/\/schema.org","@graph":[{"@type":"WebPage","@id":"https:\/\/www.matts-guitar-shop.com\/es\/produit\/washburn-starfire-guitar\/","url":"https:\/\/www.matts-guitar-shop.com\/es\/produit\/washburn-starfire-guitar\/","name":"Washburn Starfire Guitar - Matt&#039;s Guitar Shop","isPartOf":{"@id":"https:\/\/www.matts-guitar-shop.com\/es\/#website"},"primaryImageOfPage":{"@id":"https:\/\/www.matts-guitar-shop.com\/es\/produit\/washburn-starfire-guitar\/#primaryimage"},"image":{"@id":"https:\/\/www.matts-guitar-shop.com\/es\/produit\/washburn-starfire-guitar\/#primaryimage"},"thumbnailUrl":"https:\/\/www.matts-guitar-shop.com\/wp-content\/uploads\/2026\/04\/Washburn-Starfire-Guitar-Paul-Stanley-played-and-signed-02.jpg","datePublished":"2026-04-10T14:50:02+00:00","dateModified":"2026-04-10T14:50:03+00:00","breadcrumb":{"@id":"https:\/\/www.matts-guitar-shop.com\/es\/produit\/washburn-starfire-guitar\/#breadcrumb"},"inLanguage":"es","potentialAction":[{"@type":"ReadAction","target":["https:\/\/www.matts-guitar-shop.com\/es\/produit\/washburn-starfire-guitar\/"]}]},{"@type":"ImageObject","inLanguage":"es","@id":"https:\/\/www.matts-guitar-shop.com\/es\/produit\/washburn-starfire-guitar\/#primaryimage","url":"https:\/\/www.matts-guitar-shop.com\/wp-content\/uploads\/2026\/04\/Washburn-Starfire-Guitar-Paul-Stanley-played-and-signed-02.jpg","contentUrl":"https:\/\/www.matts-guitar-shop.com\/wp-content\/uploads\/2026\/04\/Washburn-Starfire-Guitar-Paul-Stanley-played-and-signed-02.jpg","width":800,"height":1200},{"@type":"BreadcrumbList","@id":"https:\/\/www.matts-guitar-shop.com\/es\/produit\/washburn-starfire-guitar\/#breadcrumb","itemListElement":[{"@type":"ListItem","position":1,"name":"Inicio","item":"https:\/\/www.matts-guitar-shop.com\/es\/"},{"@type":"ListItem","position":2,"name":"Tienda","item":"https:\/\/www.matts-guitar-shop.com\/es\/tienda\/"},{"@type":"ListItem","position":3,"name":"Washburn Starfire Guitar"}]},{"@type":"WebSite","@id":"https:\/\/www.matts-guitar-shop.com\/es\/#website","url":"https:\/\/www.matts-guitar-shop.com\/es\/","name":"matts-guitar-shop.com","description":"Guitar Shop","publisher":{"@id":"https:\/\/www.matts-guitar-shop.com\/es\/#organization"},"potentialAction":[{"@type":"SearchAction","target":{"@type":"EntryPoint","urlTemplate":"https:\/\/www.matts-guitar-shop.com\/es\/?s={search_term_string}"},"query-input":{"@type":"PropertyValueSpecification","valueRequired":true,"valueName":"search_term_string"}}],"inLanguage":"es"},{"@type":"Organization","@id":"https:\/\/www.matts-guitar-shop.com\/es\/#organization","name":"matts-guitar-shop.com","url":"https:\/\/www.matts-guitar-shop.com\/es\/","logo":{"@type":"ImageObject","inLanguage":"es","@id":"https:\/\/www.matts-guitar-shop.com\/es\/#\/schema\/logo\/image\/","url":"https:\/\/www.matts-guitar-shop.com\/wp-content\/uploads\/2024\/09\/MGS-logo-site-02.png","contentUrl":"https:\/\/www.matts-guitar-shop.com\/wp-content\/uploads\/2024\/09\/MGS-logo-site-02.png","width":200,"height":122,"caption":"matts-guitar-shop.com"},"image":{"@id":"https:\/\/www.matts-guitar-shop.com\/es\/#\/schema\/logo\/image\/"},"sameAs":["https:\/\/www.facebook.com\/profile.php?id=100044359842817","https:\/\/www.instagram.com\/mattsguitarshop\/","https:\/\/www.youtube.com\/@MattLucasMan\/videos"]}]}},"_links":{"self":[{"href":"https:\/\/www.matts-guitar-shop.com\/es\/wp-json\/wp\/v2\/product\/34109","targetHints":{"allow":["GET"]}}],"collection":[{"href":"https:\/\/www.matts-guitar-shop.com\/es\/wp-json\/wp\/v2\/product"}],"about":[{"href":"https:\/\/www.matts-guitar-shop.com\/es\/wp-json\/wp\/v2\/types\/product"}],"replies":[{"embeddable":true,"href":"https:\/\/www.matts-guitar-shop.com\/es\/wp-json\/wp\/v2\/comments?post=34109"}],"wp:featuredmedia":[{"embeddable":true,"href":"https:\/\/www.matts-guitar-shop.com\/es\/wp-json\/wp\/v2\/media\/34110"}],"wp:attachment":[{"href":"https:\/\/www.matts-guitar-shop.com\/es\/wp-json\/wp\/v2\/media?parent=34109"}],"wp:term":[{"taxonomy":"product_brand","embeddable":true,"href":"https:\/\/www.matts-guitar-shop.com\/es\/wp-json\/wp\/v2\/product_brand?post=34109"},{"taxonomy":"product_cat","embeddable":true,"href":"https:\/\/www.matts-guitar-shop.com\/es\/wp-json\/wp\/v2\/product_cat?post=34109"},{"taxonomy":"product_tag","embeddable":true,"href":"https:\/\/www.matts-guitar-shop.com\/es\/wp-json\/wp\/v2\/product_tag?post=34109"}],"curies":[{"name":"wp","href":"https:\/\/api.w.org\/{rel}","templated":true}]}}