{"id":33831,"date":"2026-04-09T21:11:48","date_gmt":"2026-04-09T19:11:48","guid":{"rendered":"https:\/\/www.matts-guitar-shop.com\/?post_type=product&#038;p=33831"},"modified":"2026-04-09T21:19:42","modified_gmt":"2026-04-09T19:19:42","slug":"fender-stratocaster-1963-live-aid-ex-kevin-armstrong","status":"publish","type":"product","link":"https:\/\/www.matts-guitar-shop.com\/es\/produit\/fender-stratocaster-1963-live-aid-ex-kevin-armstrong\/","title":{"rendered":"Fender Stratocaster 1963 (Live Aid \u2013 ex Kevin Armstrong)"},"content":{"rendered":"","protected":false},"excerpt":{"rendered":"<p>V\u00e9ritable artefact de l&#8217;histoire du rock, cette Fender Stratocaster a appartenu \u00e0 Kevin Armstrong, guitariste de studio et de sc\u00e8ne r\u00e9put\u00e9 pour sa collaboration \u00e9troite avec David Bowie.<\/p>\n<p>L&#8217;instrument occupe une place unique dans la culture musicale moderne, ayant \u00e9t\u00e9 au c\u0153ur de moments de l\u00e9gende. Cette guitare a notamment r\u00e9sonn\u00e9 lors de la performance historique de David Bowie au Live Aid en 1985, un \u00e9v\u00e9nement plan\u00e9taire grav\u00e9 comme l&#8217;un des plus grands concerts de tous les temps. Son parcours se poursuit en studio aux c\u00f4t\u00e9s d&#8217;Iggy Pop, confirmant son r\u00f4le actif dans des cr\u00e9ations artistiques majeures et fondatrices. L&#8217;int\u00e9r\u00eat de cette pi\u00e8ce devient exceptionnel par la pr\u00e9sence d&#8217;une d\u00e9dicace sign\u00e9e de la main de David Bowie lui-m\u00eame, conf\u00e9rant \u00e0 l&#8217;objet une dimension \u00e9motionnelle hors norme. Au-del\u00e0 de son pedigree,cette Stratocaster incarne une \u00e9poque de cr\u00e9ativit\u00e9 intense et porte les marques d&#8217;une vie pass\u00e9e au service de musiciens ayant red\u00e9fini les contours du rock.<\/p>\n","protected":false},"featured_media":33832,"comment_status":"closed","ping_status":"closed","template":"","meta":{"_et_pb_use_builder":"","_et_pb_old_content":"","_et_gb_content_width":""},"product_brand":[],"product_cat":[123,82,152],"product_tag":[],"class_list":{"0":"post-33831","1":"product","2":"type-product","3":"status-publish","4":"has-post-thumbnail","6":"product_cat-guitares-electriques","7":"product_cat-artistes","8":"product_cat-guitares","9":"pa_disponibilite-en-vente","10":"pa_marque-fender","12":"first","13":"instock","14":"shipping-taxable","15":"purchasable","16":"product-type-simple"},"yoast_head":"<!-- This site is optimized with the Yoast SEO plugin v26.8 - https:\/\/yoast.com\/product\/yoast-seo-wordpress\/ -->\n<title>Fender Stratocaster 1963 (Live Aid \u2013 ex Kevin Armstrong) - Matt&#039;s Guitar Shop<\/title>\n<meta name=\"robots\" content=\"index, follow, max-snippet:-1, max-image-preview:large, max-video-preview:-1\" \/>\n<link rel=\"canonical\" href=\"https:\/\/www.matts-guitar-shop.com\/es\/produit\/fender-stratocaster-1963-live-aid-ex-kevin-armstrong\/\" \/>\n<meta property=\"og:locale\" content=\"es_ES\" \/>\n<meta property=\"og:type\" content=\"article\" \/>\n<meta property=\"og:title\" content=\"Fender Stratocaster 1963 (Live Aid \u2013 ex Kevin Armstrong) - Matt&#039;s Guitar Shop\" \/>\n<meta property=\"og:description\" content=\"V\u00e9ritable artefact de l&#039;histoire du rock, cette Fender Stratocaster a appartenu \u00e0 Kevin Armstrong, guitariste de studio et de sc\u00e8ne r\u00e9put\u00e9 pour sa collaboration \u00e9troite avec David Bowie.  L&#039;instrument occupe une place unique dans la culture musicale moderne, ayant \u00e9t\u00e9 au c\u0153ur de moments de l\u00e9gende. Cette guitare a notamment r\u00e9sonn\u00e9 lors de la performance historique de David Bowie au Live Aid en 1985, un \u00e9v\u00e9nement plan\u00e9taire grav\u00e9 comme l&#039;un des plus grands concerts de tous les temps. Son parcours se poursuit en studio aux c\u00f4t\u00e9s d&#039;Iggy Pop, confirmant son r\u00f4le actif dans des cr\u00e9ations artistiques majeures et fondatrices. L&#039;int\u00e9r\u00eat de cette pi\u00e8ce devient exceptionnel par la pr\u00e9sence d&#039;une d\u00e9dicace sign\u00e9e de la main de David Bowie lui-m\u00eame, conf\u00e9rant \u00e0 l&#039;objet une dimension \u00e9motionnelle hors norme. Au-del\u00e0 de son pedigree,cette Stratocaster incarne une \u00e9poque de cr\u00e9ativit\u00e9 intense et porte les marques d&#039;une vie pass\u00e9e au service de musiciens ayant red\u00e9fini les contours du rock.\" \/>\n<meta property=\"og:url\" content=\"https:\/\/www.matts-guitar-shop.com\/es\/produit\/fender-stratocaster-1963-live-aid-ex-kevin-armstrong\/\" \/>\n<meta property=\"og:site_name\" content=\"Matt&#039;s Guitar Shop\" \/>\n<meta property=\"article:publisher\" content=\"https:\/\/www.facebook.com\/profile.php?id=100044359842817\" \/>\n<meta property=\"article:modified_time\" content=\"2026-04-09T19:19:42+00:00\" \/>\n<meta property=\"og:image\" content=\"https:\/\/www.matts-guitar-shop.com\/wp-content\/uploads\/2026\/04\/Fender-Stratocaster-Bowie-Armstrong-Live-Aid-1963-01.jpg\" \/>\n\t<meta property=\"og:image:width\" content=\"800\" \/>\n\t<meta property=\"og:image:height\" content=\"1200\" \/>\n\t<meta property=\"og:image:type\" content=\"image\/jpeg\" \/>\n<meta name=\"twitter:card\" content=\"summary_large_image\" \/>\n<meta name=\"twitter:label1\" content=\"Tiempo de lectura\" \/>\n\t<meta name=\"twitter:data1\" content=\"1 minuto\" \/>\n<script type=\"application\/ld+json\" class=\"yoast-schema-graph\">{\"@context\":\"https:\/\/schema.org\",\"@graph\":[{\"@type\":\"WebPage\",\"@id\":\"https:\/\/www.matts-guitar-shop.com\/es\/produit\/fender-stratocaster-1963-live-aid-ex-kevin-armstrong\/\",\"url\":\"https:\/\/www.matts-guitar-shop.com\/es\/produit\/fender-stratocaster-1963-live-aid-ex-kevin-armstrong\/\",\"name\":\"Fender Stratocaster 1963 (Live Aid \u2013 ex Kevin Armstrong) - Matt&#039;s Guitar Shop\",\"isPartOf\":{\"@id\":\"https:\/\/www.matts-guitar-shop.com\/es\/#website\"},\"primaryImageOfPage\":{\"@id\":\"https:\/\/www.matts-guitar-shop.com\/es\/produit\/fender-stratocaster-1963-live-aid-ex-kevin-armstrong\/#primaryimage\"},\"image\":{\"@id\":\"https:\/\/www.matts-guitar-shop.com\/es\/produit\/fender-stratocaster-1963-live-aid-ex-kevin-armstrong\/#primaryimage\"},\"thumbnailUrl\":\"https:\/\/www.matts-guitar-shop.com\/wp-content\/uploads\/2026\/04\/Fender-Stratocaster-Bowie-Armstrong-Live-Aid-1963-01.jpg\",\"datePublished\":\"2026-04-09T19:11:48+00:00\",\"dateModified\":\"2026-04-09T19:19:42+00:00\",\"breadcrumb\":{\"@id\":\"https:\/\/www.matts-guitar-shop.com\/es\/produit\/fender-stratocaster-1963-live-aid-ex-kevin-armstrong\/#breadcrumb\"},\"inLanguage\":\"es\",\"potentialAction\":[{\"@type\":\"ReadAction\",\"target\":[\"https:\/\/www.matts-guitar-shop.com\/es\/produit\/fender-stratocaster-1963-live-aid-ex-kevin-armstrong\/\"]}]},{\"@type\":\"ImageObject\",\"inLanguage\":\"es\",\"@id\":\"https:\/\/www.matts-guitar-shop.com\/es\/produit\/fender-stratocaster-1963-live-aid-ex-kevin-armstrong\/#primaryimage\",\"url\":\"https:\/\/www.matts-guitar-shop.com\/wp-content\/uploads\/2026\/04\/Fender-Stratocaster-Bowie-Armstrong-Live-Aid-1963-01.jpg\",\"contentUrl\":\"https:\/\/www.matts-guitar-shop.com\/wp-content\/uploads\/2026\/04\/Fender-Stratocaster-Bowie-Armstrong-Live-Aid-1963-01.jpg\",\"width\":800,\"height\":1200},{\"@type\":\"BreadcrumbList\",\"@id\":\"https:\/\/www.matts-guitar-shop.com\/es\/produit\/fender-stratocaster-1963-live-aid-ex-kevin-armstrong\/#breadcrumb\",\"itemListElement\":[{\"@type\":\"ListItem\",\"position\":1,\"name\":\"Inicio\",\"item\":\"https:\/\/www.matts-guitar-shop.com\/es\/\"},{\"@type\":\"ListItem\",\"position\":2,\"name\":\"Tienda\",\"item\":\"https:\/\/www.matts-guitar-shop.com\/es\/tienda\/\"},{\"@type\":\"ListItem\",\"position\":3,\"name\":\"Fender Stratocaster 1963 (Live Aid \u2013 ex Kevin Armstrong)\"}]},{\"@type\":\"WebSite\",\"@id\":\"https:\/\/www.matts-guitar-shop.com\/es\/#website\",\"url\":\"https:\/\/www.matts-guitar-shop.com\/es\/\",\"name\":\"matts-guitar-shop.com\",\"description\":\"Guitar Shop\",\"publisher\":{\"@id\":\"https:\/\/www.matts-guitar-shop.com\/es\/#organization\"},\"potentialAction\":[{\"@type\":\"SearchAction\",\"target\":{\"@type\":\"EntryPoint\",\"urlTemplate\":\"https:\/\/www.matts-guitar-shop.com\/es\/?s={search_term_string}\"},\"query-input\":{\"@type\":\"PropertyValueSpecification\",\"valueRequired\":true,\"valueName\":\"search_term_string\"}}],\"inLanguage\":\"es\"},{\"@type\":\"Organization\",\"@id\":\"https:\/\/www.matts-guitar-shop.com\/es\/#organization\",\"name\":\"matts-guitar-shop.com\",\"url\":\"https:\/\/www.matts-guitar-shop.com\/es\/\",\"logo\":{\"@type\":\"ImageObject\",\"inLanguage\":\"es\",\"@id\":\"https:\/\/www.matts-guitar-shop.com\/es\/#\/schema\/logo\/image\/\",\"url\":\"https:\/\/www.matts-guitar-shop.com\/wp-content\/uploads\/2024\/09\/MGS-logo-site-02.png\",\"contentUrl\":\"https:\/\/www.matts-guitar-shop.com\/wp-content\/uploads\/2024\/09\/MGS-logo-site-02.png\",\"width\":200,\"height\":122,\"caption\":\"matts-guitar-shop.com\"},\"image\":{\"@id\":\"https:\/\/www.matts-guitar-shop.com\/es\/#\/schema\/logo\/image\/\"},\"sameAs\":[\"https:\/\/www.facebook.com\/profile.php?id=100044359842817\",\"https:\/\/www.instagram.com\/mattsguitarshop\/\",\"https:\/\/www.youtube.com\/@MattLucasMan\/videos\"]}]}<\/script>\n<!-- \/ Yoast SEO plugin. -->","yoast_head_json":{"title":"Fender Stratocaster 1963 (Live Aid \u2013 ex Kevin Armstrong) - Matt&#039;s Guitar Shop","robots":{"index":"index","follow":"follow","max-snippet":"max-snippet:-1","max-image-preview":"max-image-preview:large","max-video-preview":"max-video-preview:-1"},"canonical":"https:\/\/www.matts-guitar-shop.com\/es\/produit\/fender-stratocaster-1963-live-aid-ex-kevin-armstrong\/","og_locale":"es_ES","og_type":"article","og_title":"Fender Stratocaster 1963 (Live Aid \u2013 ex Kevin Armstrong) - Matt&#039;s Guitar Shop","og_description":"V\u00e9ritable artefact de l'histoire du rock, cette Fender Stratocaster a appartenu \u00e0 Kevin Armstrong, guitariste de studio et de sc\u00e8ne r\u00e9put\u00e9 pour sa collaboration \u00e9troite avec David Bowie.  L'instrument occupe une place unique dans la culture musicale moderne, ayant \u00e9t\u00e9 au c\u0153ur de moments de l\u00e9gende. Cette guitare a notamment r\u00e9sonn\u00e9 lors de la performance historique de David Bowie au Live Aid en 1985, un \u00e9v\u00e9nement plan\u00e9taire grav\u00e9 comme l'un des plus grands concerts de tous les temps. Son parcours se poursuit en studio aux c\u00f4t\u00e9s d'Iggy Pop, confirmant son r\u00f4le actif dans des cr\u00e9ations artistiques majeures et fondatrices. L'int\u00e9r\u00eat de cette pi\u00e8ce devient exceptionnel par la pr\u00e9sence d'une d\u00e9dicace sign\u00e9e de la main de David Bowie lui-m\u00eame, conf\u00e9rant \u00e0 l'objet une dimension \u00e9motionnelle hors norme. Au-del\u00e0 de son pedigree,cette Stratocaster incarne une \u00e9poque de cr\u00e9ativit\u00e9 intense et porte les marques d'une vie pass\u00e9e au service de musiciens ayant red\u00e9fini les contours du rock.","og_url":"https:\/\/www.matts-guitar-shop.com\/es\/produit\/fender-stratocaster-1963-live-aid-ex-kevin-armstrong\/","og_site_name":"Matt&#039;s Guitar Shop","article_publisher":"https:\/\/www.facebook.com\/profile.php?id=100044359842817","article_modified_time":"2026-04-09T19:19:42+00:00","og_image":[{"width":800,"height":1200,"url":"https:\/\/www.matts-guitar-shop.com\/wp-content\/uploads\/2026\/04\/Fender-Stratocaster-Bowie-Armstrong-Live-Aid-1963-01.jpg","type":"image\/jpeg"}],"twitter_card":"summary_large_image","twitter_misc":{"Tiempo de lectura":"1 minuto"},"schema":{"@context":"https:\/\/schema.org","@graph":[{"@type":"WebPage","@id":"https:\/\/www.matts-guitar-shop.com\/es\/produit\/fender-stratocaster-1963-live-aid-ex-kevin-armstrong\/","url":"https:\/\/www.matts-guitar-shop.com\/es\/produit\/fender-stratocaster-1963-live-aid-ex-kevin-armstrong\/","name":"Fender Stratocaster 1963 (Live Aid \u2013 ex Kevin Armstrong) - Matt&#039;s Guitar Shop","isPartOf":{"@id":"https:\/\/www.matts-guitar-shop.com\/es\/#website"},"primaryImageOfPage":{"@id":"https:\/\/www.matts-guitar-shop.com\/es\/produit\/fender-stratocaster-1963-live-aid-ex-kevin-armstrong\/#primaryimage"},"image":{"@id":"https:\/\/www.matts-guitar-shop.com\/es\/produit\/fender-stratocaster-1963-live-aid-ex-kevin-armstrong\/#primaryimage"},"thumbnailUrl":"https:\/\/www.matts-guitar-shop.com\/wp-content\/uploads\/2026\/04\/Fender-Stratocaster-Bowie-Armstrong-Live-Aid-1963-01.jpg","datePublished":"2026-04-09T19:11:48+00:00","dateModified":"2026-04-09T19:19:42+00:00","breadcrumb":{"@id":"https:\/\/www.matts-guitar-shop.com\/es\/produit\/fender-stratocaster-1963-live-aid-ex-kevin-armstrong\/#breadcrumb"},"inLanguage":"es","potentialAction":[{"@type":"ReadAction","target":["https:\/\/www.matts-guitar-shop.com\/es\/produit\/fender-stratocaster-1963-live-aid-ex-kevin-armstrong\/"]}]},{"@type":"ImageObject","inLanguage":"es","@id":"https:\/\/www.matts-guitar-shop.com\/es\/produit\/fender-stratocaster-1963-live-aid-ex-kevin-armstrong\/#primaryimage","url":"https:\/\/www.matts-guitar-shop.com\/wp-content\/uploads\/2026\/04\/Fender-Stratocaster-Bowie-Armstrong-Live-Aid-1963-01.jpg","contentUrl":"https:\/\/www.matts-guitar-shop.com\/wp-content\/uploads\/2026\/04\/Fender-Stratocaster-Bowie-Armstrong-Live-Aid-1963-01.jpg","width":800,"height":1200},{"@type":"BreadcrumbList","@id":"https:\/\/www.matts-guitar-shop.com\/es\/produit\/fender-stratocaster-1963-live-aid-ex-kevin-armstrong\/#breadcrumb","itemListElement":[{"@type":"ListItem","position":1,"name":"Inicio","item":"https:\/\/www.matts-guitar-shop.com\/es\/"},{"@type":"ListItem","position":2,"name":"Tienda","item":"https:\/\/www.matts-guitar-shop.com\/es\/tienda\/"},{"@type":"ListItem","position":3,"name":"Fender Stratocaster 1963 (Live Aid \u2013 ex Kevin Armstrong)"}]},{"@type":"WebSite","@id":"https:\/\/www.matts-guitar-shop.com\/es\/#website","url":"https:\/\/www.matts-guitar-shop.com\/es\/","name":"matts-guitar-shop.com","description":"Guitar Shop","publisher":{"@id":"https:\/\/www.matts-guitar-shop.com\/es\/#organization"},"potentialAction":[{"@type":"SearchAction","target":{"@type":"EntryPoint","urlTemplate":"https:\/\/www.matts-guitar-shop.com\/es\/?s={search_term_string}"},"query-input":{"@type":"PropertyValueSpecification","valueRequired":true,"valueName":"search_term_string"}}],"inLanguage":"es"},{"@type":"Organization","@id":"https:\/\/www.matts-guitar-shop.com\/es\/#organization","name":"matts-guitar-shop.com","url":"https:\/\/www.matts-guitar-shop.com\/es\/","logo":{"@type":"ImageObject","inLanguage":"es","@id":"https:\/\/www.matts-guitar-shop.com\/es\/#\/schema\/logo\/image\/","url":"https:\/\/www.matts-guitar-shop.com\/wp-content\/uploads\/2024\/09\/MGS-logo-site-02.png","contentUrl":"https:\/\/www.matts-guitar-shop.com\/wp-content\/uploads\/2024\/09\/MGS-logo-site-02.png","width":200,"height":122,"caption":"matts-guitar-shop.com"},"image":{"@id":"https:\/\/www.matts-guitar-shop.com\/es\/#\/schema\/logo\/image\/"},"sameAs":["https:\/\/www.facebook.com\/profile.php?id=100044359842817","https:\/\/www.instagram.com\/mattsguitarshop\/","https:\/\/www.youtube.com\/@MattLucasMan\/videos"]}]}},"_links":{"self":[{"href":"https:\/\/www.matts-guitar-shop.com\/es\/wp-json\/wp\/v2\/product\/33831","targetHints":{"allow":["GET"]}}],"collection":[{"href":"https:\/\/www.matts-guitar-shop.com\/es\/wp-json\/wp\/v2\/product"}],"about":[{"href":"https:\/\/www.matts-guitar-shop.com\/es\/wp-json\/wp\/v2\/types\/product"}],"replies":[{"embeddable":true,"href":"https:\/\/www.matts-guitar-shop.com\/es\/wp-json\/wp\/v2\/comments?post=33831"}],"wp:featuredmedia":[{"embeddable":true,"href":"https:\/\/www.matts-guitar-shop.com\/es\/wp-json\/wp\/v2\/media\/33832"}],"wp:attachment":[{"href":"https:\/\/www.matts-guitar-shop.com\/es\/wp-json\/wp\/v2\/media?parent=33831"}],"wp:term":[{"taxonomy":"product_brand","embeddable":true,"href":"https:\/\/www.matts-guitar-shop.com\/es\/wp-json\/wp\/v2\/product_brand?post=33831"},{"taxonomy":"product_cat","embeddable":true,"href":"https:\/\/www.matts-guitar-shop.com\/es\/wp-json\/wp\/v2\/product_cat?post=33831"},{"taxonomy":"product_tag","embeddable":true,"href":"https:\/\/www.matts-guitar-shop.com\/es\/wp-json\/wp\/v2\/product_tag?post=33831"}],"curies":[{"name":"wp","href":"https:\/\/api.w.org\/{rel}","templated":true}]}}