{"id":33418,"date":"2026-04-09T18:38:15","date_gmt":"2026-04-09T16:38:15","guid":{"rendered":"https:\/\/www.matts-guitar-shop.com\/?post_type=product&#038;p=33418"},"modified":"2026-04-09T18:38:15","modified_gmt":"2026-04-09T16:38:15","slug":"fender-stratocaster-masterbuilt-vincent-van-trigt","status":"publish","type":"product","link":"https:\/\/www.matts-guitar-shop.com\/es\/produit\/fender-stratocaster-masterbuilt-vincent-van-trigt\/","title":{"rendered":"Fender Stratocaster Masterbuilt Vincent Van Trigt"},"content":{"rendered":"","protected":false},"excerpt":{"rendered":"<p>Cette Fender Stratocaster Masterbuilt constitue l&#8217;\u0153uvre de Vincent Van Trigt, l&#8217;un des ma\u00eetres luthiers les plus convoit\u00e9s du Custom Shop. Elle illustre une d\u00e9marche artisanale rigoureuse, o\u00f9 un soin particulier a \u00e9t\u00e9 apport\u00e9 \u00e0 l&#8217;\u00e9quilibre structurel et \u00e0 la coh\u00e9rence harmonique de l&#8217;instrument. Cette pi\u00e8ce hautement recherch\u00e9e incarne le sommet de la production actuelle de Fender, offrant une exp\u00e9rience de jeu et une qualit\u00e9 de finition qui d\u00e9finissent l&#8217;excellence du sur-mesure.<\/p>\n","protected":false},"featured_media":33419,"comment_status":"closed","ping_status":"closed","template":"","meta":{"_et_pb_use_builder":"","_et_pb_old_content":"","_et_gb_content_width":""},"product_brand":[],"product_cat":[152],"product_tag":[],"class_list":{"0":"post-33418","1":"product","2":"type-product","3":"status-publish","4":"has-post-thumbnail","6":"product_cat-guitares","7":"pa_disponibilite-en-vente","8":"pa_marque-fender","10":"first","11":"instock","12":"shipping-taxable","13":"purchasable","14":"product-type-simple"},"yoast_head":"<!-- This site is optimized with the Yoast SEO plugin v26.8 - https:\/\/yoast.com\/product\/yoast-seo-wordpress\/ -->\n<title>Fender Stratocaster Masterbuilt Vincent Van Trigt - Matt&#039;s Guitar Shop<\/title>\n<meta name=\"robots\" content=\"index, follow, max-snippet:-1, max-image-preview:large, max-video-preview:-1\" \/>\n<link rel=\"canonical\" href=\"https:\/\/www.matts-guitar-shop.com\/es\/produit\/fender-stratocaster-masterbuilt-vincent-van-trigt\/\" \/>\n<meta property=\"og:locale\" content=\"es_ES\" \/>\n<meta property=\"og:type\" content=\"article\" \/>\n<meta property=\"og:title\" content=\"Fender Stratocaster Masterbuilt Vincent Van Trigt - Matt&#039;s Guitar Shop\" \/>\n<meta property=\"og:description\" content=\"Cette Fender Stratocaster Masterbuilt constitue l&#039;\u0153uvre de Vincent Van Trigt, l&#039;un des ma\u00eetres luthiers les plus convoit\u00e9s du Custom Shop. Elle illustre une d\u00e9marche artisanale rigoureuse, o\u00f9 un soin particulier a \u00e9t\u00e9 apport\u00e9 \u00e0 l&#039;\u00e9quilibre structurel et \u00e0 la coh\u00e9rence harmonique de l&#039;instrument. Cette pi\u00e8ce hautement recherch\u00e9e incarne le sommet de la production actuelle de Fender, offrant une exp\u00e9rience de jeu et une qualit\u00e9 de finition qui d\u00e9finissent l&#039;excellence du sur-mesure.\" \/>\n<meta property=\"og:url\" content=\"https:\/\/www.matts-guitar-shop.com\/es\/produit\/fender-stratocaster-masterbuilt-vincent-van-trigt\/\" \/>\n<meta property=\"og:site_name\" content=\"Matt&#039;s Guitar Shop\" \/>\n<meta property=\"article:publisher\" content=\"https:\/\/www.facebook.com\/profile.php?id=100044359842817\" \/>\n<meta property=\"og:image\" content=\"https:\/\/www.matts-guitar-shop.com\/wp-content\/uploads\/2026\/04\/Fender-Stratocaster-Masterbuilt-Vincent-Van-Trigt-02-01.jpg\" \/>\n\t<meta property=\"og:image:width\" content=\"800\" \/>\n\t<meta property=\"og:image:height\" content=\"1200\" \/>\n\t<meta property=\"og:image:type\" content=\"image\/jpeg\" \/>\n<meta name=\"twitter:card\" content=\"summary_large_image\" \/>\n<meta name=\"twitter:label1\" content=\"Tiempo de lectura\" \/>\n\t<meta name=\"twitter:data1\" content=\"1 minuto\" \/>\n<script type=\"application\/ld+json\" class=\"yoast-schema-graph\">{\"@context\":\"https:\/\/schema.org\",\"@graph\":[{\"@type\":\"WebPage\",\"@id\":\"https:\/\/www.matts-guitar-shop.com\/es\/produit\/fender-stratocaster-masterbuilt-vincent-van-trigt\/\",\"url\":\"https:\/\/www.matts-guitar-shop.com\/es\/produit\/fender-stratocaster-masterbuilt-vincent-van-trigt\/\",\"name\":\"Fender Stratocaster Masterbuilt Vincent Van Trigt - Matt&#039;s Guitar Shop\",\"isPartOf\":{\"@id\":\"https:\/\/www.matts-guitar-shop.com\/es\/#website\"},\"primaryImageOfPage\":{\"@id\":\"https:\/\/www.matts-guitar-shop.com\/es\/produit\/fender-stratocaster-masterbuilt-vincent-van-trigt\/#primaryimage\"},\"image\":{\"@id\":\"https:\/\/www.matts-guitar-shop.com\/es\/produit\/fender-stratocaster-masterbuilt-vincent-van-trigt\/#primaryimage\"},\"thumbnailUrl\":\"https:\/\/www.matts-guitar-shop.com\/wp-content\/uploads\/2026\/04\/Fender-Stratocaster-Masterbuilt-Vincent-Van-Trigt-02-01.jpg\",\"datePublished\":\"2026-04-09T16:38:15+00:00\",\"breadcrumb\":{\"@id\":\"https:\/\/www.matts-guitar-shop.com\/es\/produit\/fender-stratocaster-masterbuilt-vincent-van-trigt\/#breadcrumb\"},\"inLanguage\":\"es\",\"potentialAction\":[{\"@type\":\"ReadAction\",\"target\":[\"https:\/\/www.matts-guitar-shop.com\/es\/produit\/fender-stratocaster-masterbuilt-vincent-van-trigt\/\"]}]},{\"@type\":\"ImageObject\",\"inLanguage\":\"es\",\"@id\":\"https:\/\/www.matts-guitar-shop.com\/es\/produit\/fender-stratocaster-masterbuilt-vincent-van-trigt\/#primaryimage\",\"url\":\"https:\/\/www.matts-guitar-shop.com\/wp-content\/uploads\/2026\/04\/Fender-Stratocaster-Masterbuilt-Vincent-Van-Trigt-02-01.jpg\",\"contentUrl\":\"https:\/\/www.matts-guitar-shop.com\/wp-content\/uploads\/2026\/04\/Fender-Stratocaster-Masterbuilt-Vincent-Van-Trigt-02-01.jpg\",\"width\":800,\"height\":1200},{\"@type\":\"BreadcrumbList\",\"@id\":\"https:\/\/www.matts-guitar-shop.com\/es\/produit\/fender-stratocaster-masterbuilt-vincent-van-trigt\/#breadcrumb\",\"itemListElement\":[{\"@type\":\"ListItem\",\"position\":1,\"name\":\"Inicio\",\"item\":\"https:\/\/www.matts-guitar-shop.com\/es\/\"},{\"@type\":\"ListItem\",\"position\":2,\"name\":\"Tienda\",\"item\":\"https:\/\/www.matts-guitar-shop.com\/es\/tienda\/\"},{\"@type\":\"ListItem\",\"position\":3,\"name\":\"Fender Stratocaster Masterbuilt Vincent Van Trigt\"}]},{\"@type\":\"WebSite\",\"@id\":\"https:\/\/www.matts-guitar-shop.com\/es\/#website\",\"url\":\"https:\/\/www.matts-guitar-shop.com\/es\/\",\"name\":\"matts-guitar-shop.com\",\"description\":\"Guitar Shop\",\"publisher\":{\"@id\":\"https:\/\/www.matts-guitar-shop.com\/es\/#organization\"},\"potentialAction\":[{\"@type\":\"SearchAction\",\"target\":{\"@type\":\"EntryPoint\",\"urlTemplate\":\"https:\/\/www.matts-guitar-shop.com\/es\/?s={search_term_string}\"},\"query-input\":{\"@type\":\"PropertyValueSpecification\",\"valueRequired\":true,\"valueName\":\"search_term_string\"}}],\"inLanguage\":\"es\"},{\"@type\":\"Organization\",\"@id\":\"https:\/\/www.matts-guitar-shop.com\/es\/#organization\",\"name\":\"matts-guitar-shop.com\",\"url\":\"https:\/\/www.matts-guitar-shop.com\/es\/\",\"logo\":{\"@type\":\"ImageObject\",\"inLanguage\":\"es\",\"@id\":\"https:\/\/www.matts-guitar-shop.com\/es\/#\/schema\/logo\/image\/\",\"url\":\"https:\/\/www.matts-guitar-shop.com\/wp-content\/uploads\/2024\/09\/MGS-logo-site-02.png\",\"contentUrl\":\"https:\/\/www.matts-guitar-shop.com\/wp-content\/uploads\/2024\/09\/MGS-logo-site-02.png\",\"width\":200,\"height\":122,\"caption\":\"matts-guitar-shop.com\"},\"image\":{\"@id\":\"https:\/\/www.matts-guitar-shop.com\/es\/#\/schema\/logo\/image\/\"},\"sameAs\":[\"https:\/\/www.facebook.com\/profile.php?id=100044359842817\",\"https:\/\/www.instagram.com\/mattsguitarshop\/\",\"https:\/\/www.youtube.com\/@MattLucasMan\/videos\"]}]}<\/script>\n<!-- \/ Yoast SEO plugin. -->","yoast_head_json":{"title":"Fender Stratocaster Masterbuilt Vincent Van Trigt - Matt&#039;s Guitar Shop","robots":{"index":"index","follow":"follow","max-snippet":"max-snippet:-1","max-image-preview":"max-image-preview:large","max-video-preview":"max-video-preview:-1"},"canonical":"https:\/\/www.matts-guitar-shop.com\/es\/produit\/fender-stratocaster-masterbuilt-vincent-van-trigt\/","og_locale":"es_ES","og_type":"article","og_title":"Fender Stratocaster Masterbuilt Vincent Van Trigt - Matt&#039;s Guitar Shop","og_description":"Cette Fender Stratocaster Masterbuilt constitue l'\u0153uvre de Vincent Van Trigt, l'un des ma\u00eetres luthiers les plus convoit\u00e9s du Custom Shop. Elle illustre une d\u00e9marche artisanale rigoureuse, o\u00f9 un soin particulier a \u00e9t\u00e9 apport\u00e9 \u00e0 l'\u00e9quilibre structurel et \u00e0 la coh\u00e9rence harmonique de l'instrument. Cette pi\u00e8ce hautement recherch\u00e9e incarne le sommet de la production actuelle de Fender, offrant une exp\u00e9rience de jeu et une qualit\u00e9 de finition qui d\u00e9finissent l'excellence du sur-mesure.","og_url":"https:\/\/www.matts-guitar-shop.com\/es\/produit\/fender-stratocaster-masterbuilt-vincent-van-trigt\/","og_site_name":"Matt&#039;s Guitar Shop","article_publisher":"https:\/\/www.facebook.com\/profile.php?id=100044359842817","og_image":[{"width":800,"height":1200,"url":"https:\/\/www.matts-guitar-shop.com\/wp-content\/uploads\/2026\/04\/Fender-Stratocaster-Masterbuilt-Vincent-Van-Trigt-02-01.jpg","type":"image\/jpeg"}],"twitter_card":"summary_large_image","twitter_misc":{"Tiempo de lectura":"1 minuto"},"schema":{"@context":"https:\/\/schema.org","@graph":[{"@type":"WebPage","@id":"https:\/\/www.matts-guitar-shop.com\/es\/produit\/fender-stratocaster-masterbuilt-vincent-van-trigt\/","url":"https:\/\/www.matts-guitar-shop.com\/es\/produit\/fender-stratocaster-masterbuilt-vincent-van-trigt\/","name":"Fender Stratocaster Masterbuilt Vincent Van Trigt - Matt&#039;s Guitar Shop","isPartOf":{"@id":"https:\/\/www.matts-guitar-shop.com\/es\/#website"},"primaryImageOfPage":{"@id":"https:\/\/www.matts-guitar-shop.com\/es\/produit\/fender-stratocaster-masterbuilt-vincent-van-trigt\/#primaryimage"},"image":{"@id":"https:\/\/www.matts-guitar-shop.com\/es\/produit\/fender-stratocaster-masterbuilt-vincent-van-trigt\/#primaryimage"},"thumbnailUrl":"https:\/\/www.matts-guitar-shop.com\/wp-content\/uploads\/2026\/04\/Fender-Stratocaster-Masterbuilt-Vincent-Van-Trigt-02-01.jpg","datePublished":"2026-04-09T16:38:15+00:00","breadcrumb":{"@id":"https:\/\/www.matts-guitar-shop.com\/es\/produit\/fender-stratocaster-masterbuilt-vincent-van-trigt\/#breadcrumb"},"inLanguage":"es","potentialAction":[{"@type":"ReadAction","target":["https:\/\/www.matts-guitar-shop.com\/es\/produit\/fender-stratocaster-masterbuilt-vincent-van-trigt\/"]}]},{"@type":"ImageObject","inLanguage":"es","@id":"https:\/\/www.matts-guitar-shop.com\/es\/produit\/fender-stratocaster-masterbuilt-vincent-van-trigt\/#primaryimage","url":"https:\/\/www.matts-guitar-shop.com\/wp-content\/uploads\/2026\/04\/Fender-Stratocaster-Masterbuilt-Vincent-Van-Trigt-02-01.jpg","contentUrl":"https:\/\/www.matts-guitar-shop.com\/wp-content\/uploads\/2026\/04\/Fender-Stratocaster-Masterbuilt-Vincent-Van-Trigt-02-01.jpg","width":800,"height":1200},{"@type":"BreadcrumbList","@id":"https:\/\/www.matts-guitar-shop.com\/es\/produit\/fender-stratocaster-masterbuilt-vincent-van-trigt\/#breadcrumb","itemListElement":[{"@type":"ListItem","position":1,"name":"Inicio","item":"https:\/\/www.matts-guitar-shop.com\/es\/"},{"@type":"ListItem","position":2,"name":"Tienda","item":"https:\/\/www.matts-guitar-shop.com\/es\/tienda\/"},{"@type":"ListItem","position":3,"name":"Fender Stratocaster Masterbuilt Vincent Van Trigt"}]},{"@type":"WebSite","@id":"https:\/\/www.matts-guitar-shop.com\/es\/#website","url":"https:\/\/www.matts-guitar-shop.com\/es\/","name":"matts-guitar-shop.com","description":"Guitar Shop","publisher":{"@id":"https:\/\/www.matts-guitar-shop.com\/es\/#organization"},"potentialAction":[{"@type":"SearchAction","target":{"@type":"EntryPoint","urlTemplate":"https:\/\/www.matts-guitar-shop.com\/es\/?s={search_term_string}"},"query-input":{"@type":"PropertyValueSpecification","valueRequired":true,"valueName":"search_term_string"}}],"inLanguage":"es"},{"@type":"Organization","@id":"https:\/\/www.matts-guitar-shop.com\/es\/#organization","name":"matts-guitar-shop.com","url":"https:\/\/www.matts-guitar-shop.com\/es\/","logo":{"@type":"ImageObject","inLanguage":"es","@id":"https:\/\/www.matts-guitar-shop.com\/es\/#\/schema\/logo\/image\/","url":"https:\/\/www.matts-guitar-shop.com\/wp-content\/uploads\/2024\/09\/MGS-logo-site-02.png","contentUrl":"https:\/\/www.matts-guitar-shop.com\/wp-content\/uploads\/2024\/09\/MGS-logo-site-02.png","width":200,"height":122,"caption":"matts-guitar-shop.com"},"image":{"@id":"https:\/\/www.matts-guitar-shop.com\/es\/#\/schema\/logo\/image\/"},"sameAs":["https:\/\/www.facebook.com\/profile.php?id=100044359842817","https:\/\/www.instagram.com\/mattsguitarshop\/","https:\/\/www.youtube.com\/@MattLucasMan\/videos"]}]}},"_links":{"self":[{"href":"https:\/\/www.matts-guitar-shop.com\/es\/wp-json\/wp\/v2\/product\/33418","targetHints":{"allow":["GET"]}}],"collection":[{"href":"https:\/\/www.matts-guitar-shop.com\/es\/wp-json\/wp\/v2\/product"}],"about":[{"href":"https:\/\/www.matts-guitar-shop.com\/es\/wp-json\/wp\/v2\/types\/product"}],"replies":[{"embeddable":true,"href":"https:\/\/www.matts-guitar-shop.com\/es\/wp-json\/wp\/v2\/comments?post=33418"}],"wp:featuredmedia":[{"embeddable":true,"href":"https:\/\/www.matts-guitar-shop.com\/es\/wp-json\/wp\/v2\/media\/33419"}],"wp:attachment":[{"href":"https:\/\/www.matts-guitar-shop.com\/es\/wp-json\/wp\/v2\/media?parent=33418"}],"wp:term":[{"taxonomy":"product_brand","embeddable":true,"href":"https:\/\/www.matts-guitar-shop.com\/es\/wp-json\/wp\/v2\/product_brand?post=33418"},{"taxonomy":"product_cat","embeddable":true,"href":"https:\/\/www.matts-guitar-shop.com\/es\/wp-json\/wp\/v2\/product_cat?post=33418"},{"taxonomy":"product_tag","embeddable":true,"href":"https:\/\/www.matts-guitar-shop.com\/es\/wp-json\/wp\/v2\/product_tag?post=33418"}],"curies":[{"name":"wp","href":"https:\/\/api.w.org\/{rel}","templated":true}]}}