{"id":33153,"date":"2026-04-09T09:59:36","date_gmt":"2026-04-09T07:59:36","guid":{"rendered":"https:\/\/www.matts-guitar-shop.com\/?post_type=product&#038;p=33153"},"modified":"2026-04-09T10:10:13","modified_gmt":"2026-04-09T08:10:13","slug":"gibson-les-paul-anaconda-ex-slash","status":"publish","type":"product","link":"https:\/\/www.matts-guitar-shop.com\/es\/produit\/gibson-les-paul-anaconda-ex-slash\/","title":{"rendered":"Gibson Les Paul Anaconda ex Slash"},"content":{"rendered":"","protected":false},"excerpt":{"rendered":"<p>Cette Gibson Les Paul Anaconda b\u00e9n\u00e9ficie d&#8217;un historique exceptionnel, ayant \u00e9t\u00e9 acquise personnellement par Slashaupr\u00e8s de Gibson en 2018. Utilis\u00e9e de mani\u00e8re intensive comme guitare de r\u00e9p\u00e9tition durant la tourn\u00e9e monumentale Not In This Lifetime de Guns N\u2019 Roses, elle a ensuite int\u00e9gr\u00e9 la collection de Joi Guitars. Sa provenance est document\u00e9e par une lettre originale sign\u00e9e de la main de Slash, confirmant son usage et son parcours avec ses propres mots.<\/p>\n<p>Cet instrument, li\u00e9 \u00e0 une p\u00e9riode de sc\u00e8ne majeure pour l&#8217;un des guitaristes les plus embl\u00e9matiques de l&#8217;histoire, allie une utilisation r\u00e9elle \u00e0 une documentation irr\u00e9prochable. Elle incarne pr\u00e9cis\u00e9ment l&#8217;esprit des pi\u00e8ces s\u00e9lectionn\u00e9es par Matt\u2019s Guitar Shop : un instrument de jeu puissant, une pi\u00e8ce de collection rare et un fragment authentique de l&#8217;histoire moderne du rock.<\/p>\n","protected":false},"featured_media":33154,"comment_status":"closed","ping_status":"closed","template":"","meta":{"_et_pb_use_builder":"","_et_pb_old_content":"","_et_gb_content_width":""},"product_brand":[],"product_cat":[123,82,152],"product_tag":[],"class_list":{"0":"post-33153","1":"product","2":"type-product","3":"status-publish","4":"has-post-thumbnail","6":"product_cat-guitares-electriques","7":"product_cat-artistes","8":"product_cat-guitares","9":"pa_artiste-slash","10":"pa_disponibilite-en-vente","11":"pa_marque-gibson","13":"first","14":"instock","15":"shipping-taxable","16":"purchasable","17":"product-type-simple"},"yoast_head":"<!-- This site is optimized with the Yoast SEO plugin v26.8 - https:\/\/yoast.com\/product\/yoast-seo-wordpress\/ -->\n<title>Gibson Les Paul Anaconda ex Slash - Matt&#039;s Guitar Shop<\/title>\n<meta name=\"robots\" content=\"index, follow, max-snippet:-1, max-image-preview:large, max-video-preview:-1\" \/>\n<link rel=\"canonical\" href=\"https:\/\/www.matts-guitar-shop.com\/es\/produit\/gibson-les-paul-anaconda-ex-slash\/\" \/>\n<meta property=\"og:locale\" content=\"es_ES\" \/>\n<meta property=\"og:type\" content=\"article\" \/>\n<meta property=\"og:title\" content=\"Gibson Les Paul Anaconda ex Slash - Matt&#039;s Guitar Shop\" \/>\n<meta property=\"og:description\" content=\"Cette Gibson Les Paul Anaconda b\u00e9n\u00e9ficie d&#039;un historique exceptionnel, ayant \u00e9t\u00e9 acquise personnellement par Slashaupr\u00e8s de Gibson en 2018. Utilis\u00e9e de mani\u00e8re intensive comme guitare de r\u00e9p\u00e9tition durant la tourn\u00e9e monumentale Not In This Lifetime de Guns N\u2019 Roses, elle a ensuite int\u00e9gr\u00e9 la collection de Joi Guitars. Sa provenance est document\u00e9e par une lettre originale sign\u00e9e de la main de Slash, confirmant son usage et son parcours avec ses propres mots.  Cet instrument, li\u00e9 \u00e0 une p\u00e9riode de sc\u00e8ne majeure pour l&#039;un des guitaristes les plus embl\u00e9matiques de l&#039;histoire, allie une utilisation r\u00e9elle \u00e0 une documentation irr\u00e9prochable. Elle incarne pr\u00e9cis\u00e9ment l&#039;esprit des pi\u00e8ces s\u00e9lectionn\u00e9es par Matt\u2019s Guitar Shop : un instrument de jeu puissant, une pi\u00e8ce de collection rare et un fragment authentique de l&#039;histoire moderne du rock.\" \/>\n<meta property=\"og:url\" content=\"https:\/\/www.matts-guitar-shop.com\/es\/produit\/gibson-les-paul-anaconda-ex-slash\/\" \/>\n<meta property=\"og:site_name\" content=\"Matt&#039;s Guitar Shop\" \/>\n<meta property=\"article:publisher\" content=\"https:\/\/www.facebook.com\/profile.php?id=100044359842817\" \/>\n<meta property=\"article:modified_time\" content=\"2026-04-09T08:10:13+00:00\" \/>\n<meta property=\"og:image\" content=\"https:\/\/www.matts-guitar-shop.com\/wp-content\/uploads\/2026\/04\/Gibson-Les-Paul-Anaconda-Ex-Slash-Signed-01.jpg\" \/>\n\t<meta property=\"og:image:width\" content=\"800\" \/>\n\t<meta property=\"og:image:height\" content=\"1200\" \/>\n\t<meta property=\"og:image:type\" content=\"image\/jpeg\" \/>\n<meta name=\"twitter:card\" content=\"summary_large_image\" \/>\n<meta name=\"twitter:label1\" content=\"Tiempo de lectura\" \/>\n\t<meta name=\"twitter:data1\" content=\"1 minuto\" \/>\n<script type=\"application\/ld+json\" class=\"yoast-schema-graph\">{\"@context\":\"https:\/\/schema.org\",\"@graph\":[{\"@type\":\"WebPage\",\"@id\":\"https:\/\/www.matts-guitar-shop.com\/es\/produit\/gibson-les-paul-anaconda-ex-slash\/\",\"url\":\"https:\/\/www.matts-guitar-shop.com\/es\/produit\/gibson-les-paul-anaconda-ex-slash\/\",\"name\":\"Gibson Les Paul Anaconda ex Slash - Matt&#039;s Guitar Shop\",\"isPartOf\":{\"@id\":\"https:\/\/www.matts-guitar-shop.com\/es\/#website\"},\"primaryImageOfPage\":{\"@id\":\"https:\/\/www.matts-guitar-shop.com\/es\/produit\/gibson-les-paul-anaconda-ex-slash\/#primaryimage\"},\"image\":{\"@id\":\"https:\/\/www.matts-guitar-shop.com\/es\/produit\/gibson-les-paul-anaconda-ex-slash\/#primaryimage\"},\"thumbnailUrl\":\"https:\/\/www.matts-guitar-shop.com\/wp-content\/uploads\/2026\/04\/Gibson-Les-Paul-Anaconda-Ex-Slash-Signed-01.jpg\",\"datePublished\":\"2026-04-09T07:59:36+00:00\",\"dateModified\":\"2026-04-09T08:10:13+00:00\",\"breadcrumb\":{\"@id\":\"https:\/\/www.matts-guitar-shop.com\/es\/produit\/gibson-les-paul-anaconda-ex-slash\/#breadcrumb\"},\"inLanguage\":\"es\",\"potentialAction\":[{\"@type\":\"ReadAction\",\"target\":[\"https:\/\/www.matts-guitar-shop.com\/es\/produit\/gibson-les-paul-anaconda-ex-slash\/\"]}]},{\"@type\":\"ImageObject\",\"inLanguage\":\"es\",\"@id\":\"https:\/\/www.matts-guitar-shop.com\/es\/produit\/gibson-les-paul-anaconda-ex-slash\/#primaryimage\",\"url\":\"https:\/\/www.matts-guitar-shop.com\/wp-content\/uploads\/2026\/04\/Gibson-Les-Paul-Anaconda-Ex-Slash-Signed-01.jpg\",\"contentUrl\":\"https:\/\/www.matts-guitar-shop.com\/wp-content\/uploads\/2026\/04\/Gibson-Les-Paul-Anaconda-Ex-Slash-Signed-01.jpg\",\"width\":800,\"height\":1200},{\"@type\":\"BreadcrumbList\",\"@id\":\"https:\/\/www.matts-guitar-shop.com\/es\/produit\/gibson-les-paul-anaconda-ex-slash\/#breadcrumb\",\"itemListElement\":[{\"@type\":\"ListItem\",\"position\":1,\"name\":\"Inicio\",\"item\":\"https:\/\/www.matts-guitar-shop.com\/es\/\"},{\"@type\":\"ListItem\",\"position\":2,\"name\":\"Tienda\",\"item\":\"https:\/\/www.matts-guitar-shop.com\/es\/tienda\/\"},{\"@type\":\"ListItem\",\"position\":3,\"name\":\"Gibson Les Paul Anaconda ex Slash\"}]},{\"@type\":\"WebSite\",\"@id\":\"https:\/\/www.matts-guitar-shop.com\/es\/#website\",\"url\":\"https:\/\/www.matts-guitar-shop.com\/es\/\",\"name\":\"matts-guitar-shop.com\",\"description\":\"Guitar Shop\",\"publisher\":{\"@id\":\"https:\/\/www.matts-guitar-shop.com\/es\/#organization\"},\"potentialAction\":[{\"@type\":\"SearchAction\",\"target\":{\"@type\":\"EntryPoint\",\"urlTemplate\":\"https:\/\/www.matts-guitar-shop.com\/es\/?s={search_term_string}\"},\"query-input\":{\"@type\":\"PropertyValueSpecification\",\"valueRequired\":true,\"valueName\":\"search_term_string\"}}],\"inLanguage\":\"es\"},{\"@type\":\"Organization\",\"@id\":\"https:\/\/www.matts-guitar-shop.com\/es\/#organization\",\"name\":\"matts-guitar-shop.com\",\"url\":\"https:\/\/www.matts-guitar-shop.com\/es\/\",\"logo\":{\"@type\":\"ImageObject\",\"inLanguage\":\"es\",\"@id\":\"https:\/\/www.matts-guitar-shop.com\/es\/#\/schema\/logo\/image\/\",\"url\":\"https:\/\/www.matts-guitar-shop.com\/wp-content\/uploads\/2024\/09\/MGS-logo-site-02.png\",\"contentUrl\":\"https:\/\/www.matts-guitar-shop.com\/wp-content\/uploads\/2024\/09\/MGS-logo-site-02.png\",\"width\":200,\"height\":122,\"caption\":\"matts-guitar-shop.com\"},\"image\":{\"@id\":\"https:\/\/www.matts-guitar-shop.com\/es\/#\/schema\/logo\/image\/\"},\"sameAs\":[\"https:\/\/www.facebook.com\/profile.php?id=100044359842817\",\"https:\/\/www.instagram.com\/mattsguitarshop\/\",\"https:\/\/www.youtube.com\/@MattLucasMan\/videos\"]}]}<\/script>\n<!-- \/ Yoast SEO plugin. -->","yoast_head_json":{"title":"Gibson Les Paul Anaconda ex Slash - Matt&#039;s Guitar Shop","robots":{"index":"index","follow":"follow","max-snippet":"max-snippet:-1","max-image-preview":"max-image-preview:large","max-video-preview":"max-video-preview:-1"},"canonical":"https:\/\/www.matts-guitar-shop.com\/es\/produit\/gibson-les-paul-anaconda-ex-slash\/","og_locale":"es_ES","og_type":"article","og_title":"Gibson Les Paul Anaconda ex Slash - Matt&#039;s Guitar Shop","og_description":"Cette Gibson Les Paul Anaconda b\u00e9n\u00e9ficie d'un historique exceptionnel, ayant \u00e9t\u00e9 acquise personnellement par Slashaupr\u00e8s de Gibson en 2018. Utilis\u00e9e de mani\u00e8re intensive comme guitare de r\u00e9p\u00e9tition durant la tourn\u00e9e monumentale Not In This Lifetime de Guns N\u2019 Roses, elle a ensuite int\u00e9gr\u00e9 la collection de Joi Guitars. Sa provenance est document\u00e9e par une lettre originale sign\u00e9e de la main de Slash, confirmant son usage et son parcours avec ses propres mots.  Cet instrument, li\u00e9 \u00e0 une p\u00e9riode de sc\u00e8ne majeure pour l'un des guitaristes les plus embl\u00e9matiques de l'histoire, allie une utilisation r\u00e9elle \u00e0 une documentation irr\u00e9prochable. Elle incarne pr\u00e9cis\u00e9ment l'esprit des pi\u00e8ces s\u00e9lectionn\u00e9es par Matt\u2019s Guitar Shop : un instrument de jeu puissant, une pi\u00e8ce de collection rare et un fragment authentique de l'histoire moderne du rock.","og_url":"https:\/\/www.matts-guitar-shop.com\/es\/produit\/gibson-les-paul-anaconda-ex-slash\/","og_site_name":"Matt&#039;s Guitar Shop","article_publisher":"https:\/\/www.facebook.com\/profile.php?id=100044359842817","article_modified_time":"2026-04-09T08:10:13+00:00","og_image":[{"width":800,"height":1200,"url":"https:\/\/www.matts-guitar-shop.com\/wp-content\/uploads\/2026\/04\/Gibson-Les-Paul-Anaconda-Ex-Slash-Signed-01.jpg","type":"image\/jpeg"}],"twitter_card":"summary_large_image","twitter_misc":{"Tiempo de lectura":"1 minuto"},"schema":{"@context":"https:\/\/schema.org","@graph":[{"@type":"WebPage","@id":"https:\/\/www.matts-guitar-shop.com\/es\/produit\/gibson-les-paul-anaconda-ex-slash\/","url":"https:\/\/www.matts-guitar-shop.com\/es\/produit\/gibson-les-paul-anaconda-ex-slash\/","name":"Gibson Les Paul Anaconda ex Slash - Matt&#039;s Guitar Shop","isPartOf":{"@id":"https:\/\/www.matts-guitar-shop.com\/es\/#website"},"primaryImageOfPage":{"@id":"https:\/\/www.matts-guitar-shop.com\/es\/produit\/gibson-les-paul-anaconda-ex-slash\/#primaryimage"},"image":{"@id":"https:\/\/www.matts-guitar-shop.com\/es\/produit\/gibson-les-paul-anaconda-ex-slash\/#primaryimage"},"thumbnailUrl":"https:\/\/www.matts-guitar-shop.com\/wp-content\/uploads\/2026\/04\/Gibson-Les-Paul-Anaconda-Ex-Slash-Signed-01.jpg","datePublished":"2026-04-09T07:59:36+00:00","dateModified":"2026-04-09T08:10:13+00:00","breadcrumb":{"@id":"https:\/\/www.matts-guitar-shop.com\/es\/produit\/gibson-les-paul-anaconda-ex-slash\/#breadcrumb"},"inLanguage":"es","potentialAction":[{"@type":"ReadAction","target":["https:\/\/www.matts-guitar-shop.com\/es\/produit\/gibson-les-paul-anaconda-ex-slash\/"]}]},{"@type":"ImageObject","inLanguage":"es","@id":"https:\/\/www.matts-guitar-shop.com\/es\/produit\/gibson-les-paul-anaconda-ex-slash\/#primaryimage","url":"https:\/\/www.matts-guitar-shop.com\/wp-content\/uploads\/2026\/04\/Gibson-Les-Paul-Anaconda-Ex-Slash-Signed-01.jpg","contentUrl":"https:\/\/www.matts-guitar-shop.com\/wp-content\/uploads\/2026\/04\/Gibson-Les-Paul-Anaconda-Ex-Slash-Signed-01.jpg","width":800,"height":1200},{"@type":"BreadcrumbList","@id":"https:\/\/www.matts-guitar-shop.com\/es\/produit\/gibson-les-paul-anaconda-ex-slash\/#breadcrumb","itemListElement":[{"@type":"ListItem","position":1,"name":"Inicio","item":"https:\/\/www.matts-guitar-shop.com\/es\/"},{"@type":"ListItem","position":2,"name":"Tienda","item":"https:\/\/www.matts-guitar-shop.com\/es\/tienda\/"},{"@type":"ListItem","position":3,"name":"Gibson Les Paul Anaconda ex Slash"}]},{"@type":"WebSite","@id":"https:\/\/www.matts-guitar-shop.com\/es\/#website","url":"https:\/\/www.matts-guitar-shop.com\/es\/","name":"matts-guitar-shop.com","description":"Guitar Shop","publisher":{"@id":"https:\/\/www.matts-guitar-shop.com\/es\/#organization"},"potentialAction":[{"@type":"SearchAction","target":{"@type":"EntryPoint","urlTemplate":"https:\/\/www.matts-guitar-shop.com\/es\/?s={search_term_string}"},"query-input":{"@type":"PropertyValueSpecification","valueRequired":true,"valueName":"search_term_string"}}],"inLanguage":"es"},{"@type":"Organization","@id":"https:\/\/www.matts-guitar-shop.com\/es\/#organization","name":"matts-guitar-shop.com","url":"https:\/\/www.matts-guitar-shop.com\/es\/","logo":{"@type":"ImageObject","inLanguage":"es","@id":"https:\/\/www.matts-guitar-shop.com\/es\/#\/schema\/logo\/image\/","url":"https:\/\/www.matts-guitar-shop.com\/wp-content\/uploads\/2024\/09\/MGS-logo-site-02.png","contentUrl":"https:\/\/www.matts-guitar-shop.com\/wp-content\/uploads\/2024\/09\/MGS-logo-site-02.png","width":200,"height":122,"caption":"matts-guitar-shop.com"},"image":{"@id":"https:\/\/www.matts-guitar-shop.com\/es\/#\/schema\/logo\/image\/"},"sameAs":["https:\/\/www.facebook.com\/profile.php?id=100044359842817","https:\/\/www.instagram.com\/mattsguitarshop\/","https:\/\/www.youtube.com\/@MattLucasMan\/videos"]}]}},"_links":{"self":[{"href":"https:\/\/www.matts-guitar-shop.com\/es\/wp-json\/wp\/v2\/product\/33153","targetHints":{"allow":["GET"]}}],"collection":[{"href":"https:\/\/www.matts-guitar-shop.com\/es\/wp-json\/wp\/v2\/product"}],"about":[{"href":"https:\/\/www.matts-guitar-shop.com\/es\/wp-json\/wp\/v2\/types\/product"}],"replies":[{"embeddable":true,"href":"https:\/\/www.matts-guitar-shop.com\/es\/wp-json\/wp\/v2\/comments?post=33153"}],"wp:featuredmedia":[{"embeddable":true,"href":"https:\/\/www.matts-guitar-shop.com\/es\/wp-json\/wp\/v2\/media\/33154"}],"wp:attachment":[{"href":"https:\/\/www.matts-guitar-shop.com\/es\/wp-json\/wp\/v2\/media?parent=33153"}],"wp:term":[{"taxonomy":"product_brand","embeddable":true,"href":"https:\/\/www.matts-guitar-shop.com\/es\/wp-json\/wp\/v2\/product_brand?post=33153"},{"taxonomy":"product_cat","embeddable":true,"href":"https:\/\/www.matts-guitar-shop.com\/es\/wp-json\/wp\/v2\/product_cat?post=33153"},{"taxonomy":"product_tag","embeddable":true,"href":"https:\/\/www.matts-guitar-shop.com\/es\/wp-json\/wp\/v2\/product_tag?post=33153"}],"curies":[{"name":"wp","href":"https:\/\/api.w.org\/{rel}","templated":true}]}}