{"id":32956,"date":"2026-04-07T20:52:52","date_gmt":"2026-04-07T18:52:52","guid":{"rendered":"https:\/\/www.matts-guitar-shop.com\/?post_type=product&#038;p=32956"},"modified":"2026-04-07T21:08:32","modified_gmt":"2026-04-07T19:08:32","slug":"fender-stratocaster-cs-olympic-white-aged-vintage-white-relic","status":"publish","type":"product","link":"https:\/\/www.matts-guitar-shop.com\/es\/produit\/fender-stratocaster-cs-olympic-white-aged-vintage-white-relic\/","title":{"rendered":"Fender Stratocaster CS Olympic White aged vintage white relic"},"content":{"rendered":"<p>Fender Stratocaster Custom Shop Olympic White aged vintage white relic<\/p>\n","protected":false},"excerpt":{"rendered":"<p>Cette Fender Stratocaster Custom Shop se remarque par son coloris Olympic White, dont le vieillissement d\u00e9licat tire d\u00e9sormais vers un Vintage White aux nuances chaleureuses. Con\u00e7ue avec l&#8217;exigence technique propre au Custom Shop, elle garantit un grand confort de jeu ainsi qu&#8217;une palette sonore tr\u00e8s \u00e9tendue.<\/p>\n<p>Il s&#8217;agit d&#8217;une Stratocaster au design sobre et ind\u00e9modable, qui saura satisfaire les musiciens pratiquant au quotidien comme les passionn\u00e9s de pi\u00e8ces de haute lutherie.<\/p>\n","protected":false},"featured_media":32957,"comment_status":"closed","ping_status":"closed","template":"","meta":{"_et_pb_use_builder":"","_et_pb_old_content":"","_et_gb_content_width":""},"product_brand":[],"product_cat":[123,152],"product_tag":[],"class_list":{"0":"post-32956","1":"product","2":"type-product","3":"status-publish","4":"has-post-thumbnail","6":"product_cat-guitares-electriques","7":"product_cat-guitares","8":"pa_disponibilite-en-vente","9":"pa_marque-fender","11":"first","12":"instock","13":"shipping-taxable","14":"purchasable","15":"product-type-simple"},"yoast_head":"<!-- This site is optimized with the Yoast SEO plugin v26.8 - https:\/\/yoast.com\/product\/yoast-seo-wordpress\/ -->\n<title>Fender Stratocaster CS Olympic White aged vintage white relic - Matt&#039;s Guitar Shop<\/title>\n<meta name=\"robots\" content=\"index, follow, max-snippet:-1, max-image-preview:large, max-video-preview:-1\" \/>\n<link rel=\"canonical\" href=\"https:\/\/www.matts-guitar-shop.com\/es\/produit\/fender-stratocaster-cs-olympic-white-aged-vintage-white-relic\/\" \/>\n<meta property=\"og:locale\" content=\"es_ES\" \/>\n<meta property=\"og:type\" content=\"article\" \/>\n<meta property=\"og:title\" content=\"Fender Stratocaster CS Olympic White aged vintage white relic - Matt&#039;s Guitar Shop\" \/>\n<meta property=\"og:description\" content=\"Cette Fender Stratocaster Custom Shop se remarque par son coloris Olympic White, dont le vieillissement d\u00e9licat tire d\u00e9sormais vers un Vintage White aux nuances chaleureuses. Con\u00e7ue avec l&#039;exigence technique propre au Custom Shop, elle garantit un grand confort de jeu ainsi qu&#039;une palette sonore tr\u00e8s \u00e9tendue.  Il s&#039;agit d&#039;une Stratocaster au design sobre et ind\u00e9modable, qui saura satisfaire les musiciens pratiquant au quotidien comme les passionn\u00e9s de pi\u00e8ces de haute lutherie.\" \/>\n<meta property=\"og:url\" content=\"https:\/\/www.matts-guitar-shop.com\/es\/produit\/fender-stratocaster-cs-olympic-white-aged-vintage-white-relic\/\" \/>\n<meta property=\"og:site_name\" content=\"Matt&#039;s Guitar Shop\" \/>\n<meta property=\"article:publisher\" content=\"https:\/\/www.facebook.com\/profile.php?id=100044359842817\" \/>\n<meta property=\"article:modified_time\" content=\"2026-04-07T19:08:32+00:00\" \/>\n<meta property=\"og:image\" content=\"https:\/\/www.matts-guitar-shop.com\/wp-content\/uploads\/2026\/04\/Fender-Stratocaster-Custom-Shop-Olympic-White-Aged-Vintage-White-Relic-01.jpg\" \/>\n\t<meta property=\"og:image:width\" content=\"800\" \/>\n\t<meta property=\"og:image:height\" content=\"1200\" \/>\n\t<meta property=\"og:image:type\" content=\"image\/jpeg\" \/>\n<meta name=\"twitter:card\" content=\"summary_large_image\" \/>\n<meta name=\"twitter:label1\" content=\"Tiempo de lectura\" \/>\n\t<meta name=\"twitter:data1\" content=\"1 minuto\" \/>\n<script type=\"application\/ld+json\" class=\"yoast-schema-graph\">{\"@context\":\"https:\/\/schema.org\",\"@graph\":[{\"@type\":\"WebPage\",\"@id\":\"https:\/\/www.matts-guitar-shop.com\/es\/produit\/fender-stratocaster-cs-olympic-white-aged-vintage-white-relic\/\",\"url\":\"https:\/\/www.matts-guitar-shop.com\/es\/produit\/fender-stratocaster-cs-olympic-white-aged-vintage-white-relic\/\",\"name\":\"Fender Stratocaster CS Olympic White aged vintage white relic - Matt&#039;s Guitar Shop\",\"isPartOf\":{\"@id\":\"https:\/\/www.matts-guitar-shop.com\/es\/#website\"},\"primaryImageOfPage\":{\"@id\":\"https:\/\/www.matts-guitar-shop.com\/es\/produit\/fender-stratocaster-cs-olympic-white-aged-vintage-white-relic\/#primaryimage\"},\"image\":{\"@id\":\"https:\/\/www.matts-guitar-shop.com\/es\/produit\/fender-stratocaster-cs-olympic-white-aged-vintage-white-relic\/#primaryimage\"},\"thumbnailUrl\":\"https:\/\/www.matts-guitar-shop.com\/wp-content\/uploads\/2026\/04\/Fender-Stratocaster-Custom-Shop-Olympic-White-Aged-Vintage-White-Relic-01.jpg\",\"datePublished\":\"2026-04-07T18:52:52+00:00\",\"dateModified\":\"2026-04-07T19:08:32+00:00\",\"breadcrumb\":{\"@id\":\"https:\/\/www.matts-guitar-shop.com\/es\/produit\/fender-stratocaster-cs-olympic-white-aged-vintage-white-relic\/#breadcrumb\"},\"inLanguage\":\"es\",\"potentialAction\":[{\"@type\":\"ReadAction\",\"target\":[\"https:\/\/www.matts-guitar-shop.com\/es\/produit\/fender-stratocaster-cs-olympic-white-aged-vintage-white-relic\/\"]}]},{\"@type\":\"ImageObject\",\"inLanguage\":\"es\",\"@id\":\"https:\/\/www.matts-guitar-shop.com\/es\/produit\/fender-stratocaster-cs-olympic-white-aged-vintage-white-relic\/#primaryimage\",\"url\":\"https:\/\/www.matts-guitar-shop.com\/wp-content\/uploads\/2026\/04\/Fender-Stratocaster-Custom-Shop-Olympic-White-Aged-Vintage-White-Relic-01.jpg\",\"contentUrl\":\"https:\/\/www.matts-guitar-shop.com\/wp-content\/uploads\/2026\/04\/Fender-Stratocaster-Custom-Shop-Olympic-White-Aged-Vintage-White-Relic-01.jpg\",\"width\":800,\"height\":1200},{\"@type\":\"BreadcrumbList\",\"@id\":\"https:\/\/www.matts-guitar-shop.com\/es\/produit\/fender-stratocaster-cs-olympic-white-aged-vintage-white-relic\/#breadcrumb\",\"itemListElement\":[{\"@type\":\"ListItem\",\"position\":1,\"name\":\"Inicio\",\"item\":\"https:\/\/www.matts-guitar-shop.com\/es\/\"},{\"@type\":\"ListItem\",\"position\":2,\"name\":\"Tienda\",\"item\":\"https:\/\/www.matts-guitar-shop.com\/es\/tienda\/\"},{\"@type\":\"ListItem\",\"position\":3,\"name\":\"Fender Stratocaster CS Olympic White aged vintage white relic\"}]},{\"@type\":\"WebSite\",\"@id\":\"https:\/\/www.matts-guitar-shop.com\/es\/#website\",\"url\":\"https:\/\/www.matts-guitar-shop.com\/es\/\",\"name\":\"matts-guitar-shop.com\",\"description\":\"Guitar Shop\",\"publisher\":{\"@id\":\"https:\/\/www.matts-guitar-shop.com\/es\/#organization\"},\"potentialAction\":[{\"@type\":\"SearchAction\",\"target\":{\"@type\":\"EntryPoint\",\"urlTemplate\":\"https:\/\/www.matts-guitar-shop.com\/es\/?s={search_term_string}\"},\"query-input\":{\"@type\":\"PropertyValueSpecification\",\"valueRequired\":true,\"valueName\":\"search_term_string\"}}],\"inLanguage\":\"es\"},{\"@type\":\"Organization\",\"@id\":\"https:\/\/www.matts-guitar-shop.com\/es\/#organization\",\"name\":\"matts-guitar-shop.com\",\"url\":\"https:\/\/www.matts-guitar-shop.com\/es\/\",\"logo\":{\"@type\":\"ImageObject\",\"inLanguage\":\"es\",\"@id\":\"https:\/\/www.matts-guitar-shop.com\/es\/#\/schema\/logo\/image\/\",\"url\":\"https:\/\/www.matts-guitar-shop.com\/wp-content\/uploads\/2024\/09\/MGS-logo-site-02.png\",\"contentUrl\":\"https:\/\/www.matts-guitar-shop.com\/wp-content\/uploads\/2024\/09\/MGS-logo-site-02.png\",\"width\":200,\"height\":122,\"caption\":\"matts-guitar-shop.com\"},\"image\":{\"@id\":\"https:\/\/www.matts-guitar-shop.com\/es\/#\/schema\/logo\/image\/\"},\"sameAs\":[\"https:\/\/www.facebook.com\/profile.php?id=100044359842817\",\"https:\/\/www.instagram.com\/mattsguitarshop\/\",\"https:\/\/www.youtube.com\/@MattLucasMan\/videos\"]}]}<\/script>\n<!-- \/ Yoast SEO plugin. -->","yoast_head_json":{"title":"Fender Stratocaster CS Olympic White aged vintage white relic - Matt&#039;s Guitar Shop","robots":{"index":"index","follow":"follow","max-snippet":"max-snippet:-1","max-image-preview":"max-image-preview:large","max-video-preview":"max-video-preview:-1"},"canonical":"https:\/\/www.matts-guitar-shop.com\/es\/produit\/fender-stratocaster-cs-olympic-white-aged-vintage-white-relic\/","og_locale":"es_ES","og_type":"article","og_title":"Fender Stratocaster CS Olympic White aged vintage white relic - Matt&#039;s Guitar Shop","og_description":"Cette Fender Stratocaster Custom Shop se remarque par son coloris Olympic White, dont le vieillissement d\u00e9licat tire d\u00e9sormais vers un Vintage White aux nuances chaleureuses. Con\u00e7ue avec l'exigence technique propre au Custom Shop, elle garantit un grand confort de jeu ainsi qu'une palette sonore tr\u00e8s \u00e9tendue.  Il s'agit d'une Stratocaster au design sobre et ind\u00e9modable, qui saura satisfaire les musiciens pratiquant au quotidien comme les passionn\u00e9s de pi\u00e8ces de haute lutherie.","og_url":"https:\/\/www.matts-guitar-shop.com\/es\/produit\/fender-stratocaster-cs-olympic-white-aged-vintage-white-relic\/","og_site_name":"Matt&#039;s Guitar Shop","article_publisher":"https:\/\/www.facebook.com\/profile.php?id=100044359842817","article_modified_time":"2026-04-07T19:08:32+00:00","og_image":[{"width":800,"height":1200,"url":"https:\/\/www.matts-guitar-shop.com\/wp-content\/uploads\/2026\/04\/Fender-Stratocaster-Custom-Shop-Olympic-White-Aged-Vintage-White-Relic-01.jpg","type":"image\/jpeg"}],"twitter_card":"summary_large_image","twitter_misc":{"Tiempo de lectura":"1 minuto"},"schema":{"@context":"https:\/\/schema.org","@graph":[{"@type":"WebPage","@id":"https:\/\/www.matts-guitar-shop.com\/es\/produit\/fender-stratocaster-cs-olympic-white-aged-vintage-white-relic\/","url":"https:\/\/www.matts-guitar-shop.com\/es\/produit\/fender-stratocaster-cs-olympic-white-aged-vintage-white-relic\/","name":"Fender Stratocaster CS Olympic White aged vintage white relic - Matt&#039;s Guitar Shop","isPartOf":{"@id":"https:\/\/www.matts-guitar-shop.com\/es\/#website"},"primaryImageOfPage":{"@id":"https:\/\/www.matts-guitar-shop.com\/es\/produit\/fender-stratocaster-cs-olympic-white-aged-vintage-white-relic\/#primaryimage"},"image":{"@id":"https:\/\/www.matts-guitar-shop.com\/es\/produit\/fender-stratocaster-cs-olympic-white-aged-vintage-white-relic\/#primaryimage"},"thumbnailUrl":"https:\/\/www.matts-guitar-shop.com\/wp-content\/uploads\/2026\/04\/Fender-Stratocaster-Custom-Shop-Olympic-White-Aged-Vintage-White-Relic-01.jpg","datePublished":"2026-04-07T18:52:52+00:00","dateModified":"2026-04-07T19:08:32+00:00","breadcrumb":{"@id":"https:\/\/www.matts-guitar-shop.com\/es\/produit\/fender-stratocaster-cs-olympic-white-aged-vintage-white-relic\/#breadcrumb"},"inLanguage":"es","potentialAction":[{"@type":"ReadAction","target":["https:\/\/www.matts-guitar-shop.com\/es\/produit\/fender-stratocaster-cs-olympic-white-aged-vintage-white-relic\/"]}]},{"@type":"ImageObject","inLanguage":"es","@id":"https:\/\/www.matts-guitar-shop.com\/es\/produit\/fender-stratocaster-cs-olympic-white-aged-vintage-white-relic\/#primaryimage","url":"https:\/\/www.matts-guitar-shop.com\/wp-content\/uploads\/2026\/04\/Fender-Stratocaster-Custom-Shop-Olympic-White-Aged-Vintage-White-Relic-01.jpg","contentUrl":"https:\/\/www.matts-guitar-shop.com\/wp-content\/uploads\/2026\/04\/Fender-Stratocaster-Custom-Shop-Olympic-White-Aged-Vintage-White-Relic-01.jpg","width":800,"height":1200},{"@type":"BreadcrumbList","@id":"https:\/\/www.matts-guitar-shop.com\/es\/produit\/fender-stratocaster-cs-olympic-white-aged-vintage-white-relic\/#breadcrumb","itemListElement":[{"@type":"ListItem","position":1,"name":"Inicio","item":"https:\/\/www.matts-guitar-shop.com\/es\/"},{"@type":"ListItem","position":2,"name":"Tienda","item":"https:\/\/www.matts-guitar-shop.com\/es\/tienda\/"},{"@type":"ListItem","position":3,"name":"Fender Stratocaster CS Olympic White aged vintage white relic"}]},{"@type":"WebSite","@id":"https:\/\/www.matts-guitar-shop.com\/es\/#website","url":"https:\/\/www.matts-guitar-shop.com\/es\/","name":"matts-guitar-shop.com","description":"Guitar Shop","publisher":{"@id":"https:\/\/www.matts-guitar-shop.com\/es\/#organization"},"potentialAction":[{"@type":"SearchAction","target":{"@type":"EntryPoint","urlTemplate":"https:\/\/www.matts-guitar-shop.com\/es\/?s={search_term_string}"},"query-input":{"@type":"PropertyValueSpecification","valueRequired":true,"valueName":"search_term_string"}}],"inLanguage":"es"},{"@type":"Organization","@id":"https:\/\/www.matts-guitar-shop.com\/es\/#organization","name":"matts-guitar-shop.com","url":"https:\/\/www.matts-guitar-shop.com\/es\/","logo":{"@type":"ImageObject","inLanguage":"es","@id":"https:\/\/www.matts-guitar-shop.com\/es\/#\/schema\/logo\/image\/","url":"https:\/\/www.matts-guitar-shop.com\/wp-content\/uploads\/2024\/09\/MGS-logo-site-02.png","contentUrl":"https:\/\/www.matts-guitar-shop.com\/wp-content\/uploads\/2024\/09\/MGS-logo-site-02.png","width":200,"height":122,"caption":"matts-guitar-shop.com"},"image":{"@id":"https:\/\/www.matts-guitar-shop.com\/es\/#\/schema\/logo\/image\/"},"sameAs":["https:\/\/www.facebook.com\/profile.php?id=100044359842817","https:\/\/www.instagram.com\/mattsguitarshop\/","https:\/\/www.youtube.com\/@MattLucasMan\/videos"]}]}},"_links":{"self":[{"href":"https:\/\/www.matts-guitar-shop.com\/es\/wp-json\/wp\/v2\/product\/32956","targetHints":{"allow":["GET"]}}],"collection":[{"href":"https:\/\/www.matts-guitar-shop.com\/es\/wp-json\/wp\/v2\/product"}],"about":[{"href":"https:\/\/www.matts-guitar-shop.com\/es\/wp-json\/wp\/v2\/types\/product"}],"replies":[{"embeddable":true,"href":"https:\/\/www.matts-guitar-shop.com\/es\/wp-json\/wp\/v2\/comments?post=32956"}],"wp:featuredmedia":[{"embeddable":true,"href":"https:\/\/www.matts-guitar-shop.com\/es\/wp-json\/wp\/v2\/media\/32957"}],"wp:attachment":[{"href":"https:\/\/www.matts-guitar-shop.com\/es\/wp-json\/wp\/v2\/media?parent=32956"}],"wp:term":[{"taxonomy":"product_brand","embeddable":true,"href":"https:\/\/www.matts-guitar-shop.com\/es\/wp-json\/wp\/v2\/product_brand?post=32956"},{"taxonomy":"product_cat","embeddable":true,"href":"https:\/\/www.matts-guitar-shop.com\/es\/wp-json\/wp\/v2\/product_cat?post=32956"},{"taxonomy":"product_tag","embeddable":true,"href":"https:\/\/www.matts-guitar-shop.com\/es\/wp-json\/wp\/v2\/product_tag?post=32956"}],"curies":[{"name":"wp","href":"https:\/\/api.w.org\/{rel}","templated":true}]}}