{"id":32919,"date":"2026-04-07T20:33:24","date_gmt":"2026-04-07T18:33:24","guid":{"rendered":"https:\/\/www.matts-guitar-shop.com\/?post_type=product&#038;p=32919"},"modified":"2026-04-07T20:39:53","modified_gmt":"2026-04-07T18:39:53","slug":"fender-stratocaster-cs-59-reissue-heavy-relic-surf-green","status":"publish","type":"product","link":"https:\/\/www.matts-guitar-shop.com\/es\/produit\/fender-stratocaster-cs-59-reissue-heavy-relic-surf-green\/","title":{"rendered":"Fender Stratocaster CS &#8217;59 reissue heavy relic surf green"},"content":{"rendered":"<p>Fender Stratocaster Custom Shop &#8217;59 reissue heavy relic surf green<\/p>\n","protected":false},"excerpt":{"rendered":"<p>Cette Fender Stratocaster Custom Shop \u201959 Reissue se remarque au premier regard par son coloris Surf Green en finition Heavy Relic, \u00e9voquant les guitares ayant longuement servi sur sc\u00e8ne. \u00c9labor\u00e9e selon les crit\u00e8res rigoureux du Custom Shop, elle garantit un grand confort de jeu et une signature sonore respectant l&#8217;identit\u00e9 des Stratocaster de la fin des ann\u00e9es 50. Il s&#8217;agit d&#8217;un instrument au caract\u00e8re visuel marqu\u00e9 et \u00e0 l&#8217;efficacit\u00e9 redoutable, destin\u00e9 aux guitaristes en qu\u00eate d&#8217;une expressivit\u00e9 totale et d&#8217;une qualit\u00e9 de fabrication irr\u00e9prochable.<\/p>\n","protected":false},"featured_media":32920,"comment_status":"closed","ping_status":"closed","template":"","meta":{"_et_pb_use_builder":"","_et_pb_old_content":"","_et_gb_content_width":""},"product_brand":[],"product_cat":[123,152],"product_tag":[],"class_list":{"0":"post-32919","1":"product","2":"type-product","3":"status-publish","4":"has-post-thumbnail","6":"product_cat-guitares-electriques","7":"product_cat-guitares","8":"pa_disponibilite-en-vente","9":"pa_marque-fender","11":"first","12":"instock","13":"shipping-taxable","14":"purchasable","15":"product-type-simple"},"yoast_head":"<!-- This site is optimized with the Yoast SEO plugin v26.8 - https:\/\/yoast.com\/product\/yoast-seo-wordpress\/ -->\n<title>Fender Stratocaster CS &#039;59 reissue heavy relic surf green - Matt&#039;s Guitar Shop<\/title>\n<meta name=\"robots\" content=\"index, follow, max-snippet:-1, max-image-preview:large, max-video-preview:-1\" \/>\n<link rel=\"canonical\" href=\"https:\/\/www.matts-guitar-shop.com\/es\/produit\/fender-stratocaster-cs-59-reissue-heavy-relic-surf-green\/\" \/>\n<meta property=\"og:locale\" content=\"es_ES\" \/>\n<meta property=\"og:type\" content=\"article\" \/>\n<meta property=\"og:title\" content=\"Fender Stratocaster CS &#039;59 reissue heavy relic surf green - Matt&#039;s Guitar Shop\" \/>\n<meta property=\"og:description\" content=\"Cette Fender Stratocaster Custom Shop \u201959 Reissue se remarque au premier regard par son coloris Surf Green en finition Heavy Relic, \u00e9voquant les guitares ayant longuement servi sur sc\u00e8ne. \u00c9labor\u00e9e selon les crit\u00e8res rigoureux du Custom Shop, elle garantit un grand confort de jeu et une signature sonore respectant l&#039;identit\u00e9 des Stratocaster de la fin des ann\u00e9es 50. Il s&#039;agit d&#039;un instrument au caract\u00e8re visuel marqu\u00e9 et \u00e0 l&#039;efficacit\u00e9 redoutable, destin\u00e9 aux guitaristes en qu\u00eate d&#039;une expressivit\u00e9 totale et d&#039;une qualit\u00e9 de fabrication irr\u00e9prochable.\" \/>\n<meta property=\"og:url\" content=\"https:\/\/www.matts-guitar-shop.com\/es\/produit\/fender-stratocaster-cs-59-reissue-heavy-relic-surf-green\/\" \/>\n<meta property=\"og:site_name\" content=\"Matt&#039;s Guitar Shop\" \/>\n<meta property=\"article:publisher\" content=\"https:\/\/www.facebook.com\/profile.php?id=100044359842817\" \/>\n<meta property=\"article:modified_time\" content=\"2026-04-07T18:39:53+00:00\" \/>\n<meta property=\"og:image\" content=\"https:\/\/www.matts-guitar-shop.com\/wp-content\/uploads\/2026\/04\/Fender-Stratocaster-Custom-Shop-59-Reissue-Heavy-Relic-Surf-Green-01.jpg\" \/>\n\t<meta property=\"og:image:width\" content=\"800\" \/>\n\t<meta property=\"og:image:height\" content=\"1200\" \/>\n\t<meta property=\"og:image:type\" content=\"image\/jpeg\" \/>\n<meta name=\"twitter:card\" content=\"summary_large_image\" \/>\n<meta name=\"twitter:label1\" content=\"Tiempo de lectura\" \/>\n\t<meta name=\"twitter:data1\" content=\"1 minuto\" \/>\n<script type=\"application\/ld+json\" class=\"yoast-schema-graph\">{\"@context\":\"https:\/\/schema.org\",\"@graph\":[{\"@type\":\"WebPage\",\"@id\":\"https:\/\/www.matts-guitar-shop.com\/es\/produit\/fender-stratocaster-cs-59-reissue-heavy-relic-surf-green\/\",\"url\":\"https:\/\/www.matts-guitar-shop.com\/es\/produit\/fender-stratocaster-cs-59-reissue-heavy-relic-surf-green\/\",\"name\":\"Fender Stratocaster CS '59 reissue heavy relic surf green - Matt&#039;s Guitar Shop\",\"isPartOf\":{\"@id\":\"https:\/\/www.matts-guitar-shop.com\/es\/#website\"},\"primaryImageOfPage\":{\"@id\":\"https:\/\/www.matts-guitar-shop.com\/es\/produit\/fender-stratocaster-cs-59-reissue-heavy-relic-surf-green\/#primaryimage\"},\"image\":{\"@id\":\"https:\/\/www.matts-guitar-shop.com\/es\/produit\/fender-stratocaster-cs-59-reissue-heavy-relic-surf-green\/#primaryimage\"},\"thumbnailUrl\":\"https:\/\/www.matts-guitar-shop.com\/wp-content\/uploads\/2026\/04\/Fender-Stratocaster-Custom-Shop-59-Reissue-Heavy-Relic-Surf-Green-01.jpg\",\"datePublished\":\"2026-04-07T18:33:24+00:00\",\"dateModified\":\"2026-04-07T18:39:53+00:00\",\"breadcrumb\":{\"@id\":\"https:\/\/www.matts-guitar-shop.com\/es\/produit\/fender-stratocaster-cs-59-reissue-heavy-relic-surf-green\/#breadcrumb\"},\"inLanguage\":\"es\",\"potentialAction\":[{\"@type\":\"ReadAction\",\"target\":[\"https:\/\/www.matts-guitar-shop.com\/es\/produit\/fender-stratocaster-cs-59-reissue-heavy-relic-surf-green\/\"]}]},{\"@type\":\"ImageObject\",\"inLanguage\":\"es\",\"@id\":\"https:\/\/www.matts-guitar-shop.com\/es\/produit\/fender-stratocaster-cs-59-reissue-heavy-relic-surf-green\/#primaryimage\",\"url\":\"https:\/\/www.matts-guitar-shop.com\/wp-content\/uploads\/2026\/04\/Fender-Stratocaster-Custom-Shop-59-Reissue-Heavy-Relic-Surf-Green-01.jpg\",\"contentUrl\":\"https:\/\/www.matts-guitar-shop.com\/wp-content\/uploads\/2026\/04\/Fender-Stratocaster-Custom-Shop-59-Reissue-Heavy-Relic-Surf-Green-01.jpg\",\"width\":800,\"height\":1200},{\"@type\":\"BreadcrumbList\",\"@id\":\"https:\/\/www.matts-guitar-shop.com\/es\/produit\/fender-stratocaster-cs-59-reissue-heavy-relic-surf-green\/#breadcrumb\",\"itemListElement\":[{\"@type\":\"ListItem\",\"position\":1,\"name\":\"Inicio\",\"item\":\"https:\/\/www.matts-guitar-shop.com\/es\/\"},{\"@type\":\"ListItem\",\"position\":2,\"name\":\"Tienda\",\"item\":\"https:\/\/www.matts-guitar-shop.com\/es\/tienda\/\"},{\"@type\":\"ListItem\",\"position\":3,\"name\":\"Fender Stratocaster CS &rsquo;59 reissue heavy relic surf green\"}]},{\"@type\":\"WebSite\",\"@id\":\"https:\/\/www.matts-guitar-shop.com\/es\/#website\",\"url\":\"https:\/\/www.matts-guitar-shop.com\/es\/\",\"name\":\"matts-guitar-shop.com\",\"description\":\"Guitar Shop\",\"publisher\":{\"@id\":\"https:\/\/www.matts-guitar-shop.com\/es\/#organization\"},\"potentialAction\":[{\"@type\":\"SearchAction\",\"target\":{\"@type\":\"EntryPoint\",\"urlTemplate\":\"https:\/\/www.matts-guitar-shop.com\/es\/?s={search_term_string}\"},\"query-input\":{\"@type\":\"PropertyValueSpecification\",\"valueRequired\":true,\"valueName\":\"search_term_string\"}}],\"inLanguage\":\"es\"},{\"@type\":\"Organization\",\"@id\":\"https:\/\/www.matts-guitar-shop.com\/es\/#organization\",\"name\":\"matts-guitar-shop.com\",\"url\":\"https:\/\/www.matts-guitar-shop.com\/es\/\",\"logo\":{\"@type\":\"ImageObject\",\"inLanguage\":\"es\",\"@id\":\"https:\/\/www.matts-guitar-shop.com\/es\/#\/schema\/logo\/image\/\",\"url\":\"https:\/\/www.matts-guitar-shop.com\/wp-content\/uploads\/2024\/09\/MGS-logo-site-02.png\",\"contentUrl\":\"https:\/\/www.matts-guitar-shop.com\/wp-content\/uploads\/2024\/09\/MGS-logo-site-02.png\",\"width\":200,\"height\":122,\"caption\":\"matts-guitar-shop.com\"},\"image\":{\"@id\":\"https:\/\/www.matts-guitar-shop.com\/es\/#\/schema\/logo\/image\/\"},\"sameAs\":[\"https:\/\/www.facebook.com\/profile.php?id=100044359842817\",\"https:\/\/www.instagram.com\/mattsguitarshop\/\",\"https:\/\/www.youtube.com\/@MattLucasMan\/videos\"]}]}<\/script>\n<!-- \/ Yoast SEO plugin. -->","yoast_head_json":{"title":"Fender Stratocaster CS '59 reissue heavy relic surf green - Matt&#039;s Guitar Shop","robots":{"index":"index","follow":"follow","max-snippet":"max-snippet:-1","max-image-preview":"max-image-preview:large","max-video-preview":"max-video-preview:-1"},"canonical":"https:\/\/www.matts-guitar-shop.com\/es\/produit\/fender-stratocaster-cs-59-reissue-heavy-relic-surf-green\/","og_locale":"es_ES","og_type":"article","og_title":"Fender Stratocaster CS '59 reissue heavy relic surf green - Matt&#039;s Guitar Shop","og_description":"Cette Fender Stratocaster Custom Shop \u201959 Reissue se remarque au premier regard par son coloris Surf Green en finition Heavy Relic, \u00e9voquant les guitares ayant longuement servi sur sc\u00e8ne. \u00c9labor\u00e9e selon les crit\u00e8res rigoureux du Custom Shop, elle garantit un grand confort de jeu et une signature sonore respectant l'identit\u00e9 des Stratocaster de la fin des ann\u00e9es 50. Il s'agit d'un instrument au caract\u00e8re visuel marqu\u00e9 et \u00e0 l'efficacit\u00e9 redoutable, destin\u00e9 aux guitaristes en qu\u00eate d'une expressivit\u00e9 totale et d'une qualit\u00e9 de fabrication irr\u00e9prochable.","og_url":"https:\/\/www.matts-guitar-shop.com\/es\/produit\/fender-stratocaster-cs-59-reissue-heavy-relic-surf-green\/","og_site_name":"Matt&#039;s Guitar Shop","article_publisher":"https:\/\/www.facebook.com\/profile.php?id=100044359842817","article_modified_time":"2026-04-07T18:39:53+00:00","og_image":[{"width":800,"height":1200,"url":"https:\/\/www.matts-guitar-shop.com\/wp-content\/uploads\/2026\/04\/Fender-Stratocaster-Custom-Shop-59-Reissue-Heavy-Relic-Surf-Green-01.jpg","type":"image\/jpeg"}],"twitter_card":"summary_large_image","twitter_misc":{"Tiempo de lectura":"1 minuto"},"schema":{"@context":"https:\/\/schema.org","@graph":[{"@type":"WebPage","@id":"https:\/\/www.matts-guitar-shop.com\/es\/produit\/fender-stratocaster-cs-59-reissue-heavy-relic-surf-green\/","url":"https:\/\/www.matts-guitar-shop.com\/es\/produit\/fender-stratocaster-cs-59-reissue-heavy-relic-surf-green\/","name":"Fender Stratocaster CS '59 reissue heavy relic surf green - Matt&#039;s Guitar Shop","isPartOf":{"@id":"https:\/\/www.matts-guitar-shop.com\/es\/#website"},"primaryImageOfPage":{"@id":"https:\/\/www.matts-guitar-shop.com\/es\/produit\/fender-stratocaster-cs-59-reissue-heavy-relic-surf-green\/#primaryimage"},"image":{"@id":"https:\/\/www.matts-guitar-shop.com\/es\/produit\/fender-stratocaster-cs-59-reissue-heavy-relic-surf-green\/#primaryimage"},"thumbnailUrl":"https:\/\/www.matts-guitar-shop.com\/wp-content\/uploads\/2026\/04\/Fender-Stratocaster-Custom-Shop-59-Reissue-Heavy-Relic-Surf-Green-01.jpg","datePublished":"2026-04-07T18:33:24+00:00","dateModified":"2026-04-07T18:39:53+00:00","breadcrumb":{"@id":"https:\/\/www.matts-guitar-shop.com\/es\/produit\/fender-stratocaster-cs-59-reissue-heavy-relic-surf-green\/#breadcrumb"},"inLanguage":"es","potentialAction":[{"@type":"ReadAction","target":["https:\/\/www.matts-guitar-shop.com\/es\/produit\/fender-stratocaster-cs-59-reissue-heavy-relic-surf-green\/"]}]},{"@type":"ImageObject","inLanguage":"es","@id":"https:\/\/www.matts-guitar-shop.com\/es\/produit\/fender-stratocaster-cs-59-reissue-heavy-relic-surf-green\/#primaryimage","url":"https:\/\/www.matts-guitar-shop.com\/wp-content\/uploads\/2026\/04\/Fender-Stratocaster-Custom-Shop-59-Reissue-Heavy-Relic-Surf-Green-01.jpg","contentUrl":"https:\/\/www.matts-guitar-shop.com\/wp-content\/uploads\/2026\/04\/Fender-Stratocaster-Custom-Shop-59-Reissue-Heavy-Relic-Surf-Green-01.jpg","width":800,"height":1200},{"@type":"BreadcrumbList","@id":"https:\/\/www.matts-guitar-shop.com\/es\/produit\/fender-stratocaster-cs-59-reissue-heavy-relic-surf-green\/#breadcrumb","itemListElement":[{"@type":"ListItem","position":1,"name":"Inicio","item":"https:\/\/www.matts-guitar-shop.com\/es\/"},{"@type":"ListItem","position":2,"name":"Tienda","item":"https:\/\/www.matts-guitar-shop.com\/es\/tienda\/"},{"@type":"ListItem","position":3,"name":"Fender Stratocaster CS &rsquo;59 reissue heavy relic surf green"}]},{"@type":"WebSite","@id":"https:\/\/www.matts-guitar-shop.com\/es\/#website","url":"https:\/\/www.matts-guitar-shop.com\/es\/","name":"matts-guitar-shop.com","description":"Guitar Shop","publisher":{"@id":"https:\/\/www.matts-guitar-shop.com\/es\/#organization"},"potentialAction":[{"@type":"SearchAction","target":{"@type":"EntryPoint","urlTemplate":"https:\/\/www.matts-guitar-shop.com\/es\/?s={search_term_string}"},"query-input":{"@type":"PropertyValueSpecification","valueRequired":true,"valueName":"search_term_string"}}],"inLanguage":"es"},{"@type":"Organization","@id":"https:\/\/www.matts-guitar-shop.com\/es\/#organization","name":"matts-guitar-shop.com","url":"https:\/\/www.matts-guitar-shop.com\/es\/","logo":{"@type":"ImageObject","inLanguage":"es","@id":"https:\/\/www.matts-guitar-shop.com\/es\/#\/schema\/logo\/image\/","url":"https:\/\/www.matts-guitar-shop.com\/wp-content\/uploads\/2024\/09\/MGS-logo-site-02.png","contentUrl":"https:\/\/www.matts-guitar-shop.com\/wp-content\/uploads\/2024\/09\/MGS-logo-site-02.png","width":200,"height":122,"caption":"matts-guitar-shop.com"},"image":{"@id":"https:\/\/www.matts-guitar-shop.com\/es\/#\/schema\/logo\/image\/"},"sameAs":["https:\/\/www.facebook.com\/profile.php?id=100044359842817","https:\/\/www.instagram.com\/mattsguitarshop\/","https:\/\/www.youtube.com\/@MattLucasMan\/videos"]}]}},"_links":{"self":[{"href":"https:\/\/www.matts-guitar-shop.com\/es\/wp-json\/wp\/v2\/product\/32919","targetHints":{"allow":["GET"]}}],"collection":[{"href":"https:\/\/www.matts-guitar-shop.com\/es\/wp-json\/wp\/v2\/product"}],"about":[{"href":"https:\/\/www.matts-guitar-shop.com\/es\/wp-json\/wp\/v2\/types\/product"}],"replies":[{"embeddable":true,"href":"https:\/\/www.matts-guitar-shop.com\/es\/wp-json\/wp\/v2\/comments?post=32919"}],"wp:featuredmedia":[{"embeddable":true,"href":"https:\/\/www.matts-guitar-shop.com\/es\/wp-json\/wp\/v2\/media\/32920"}],"wp:attachment":[{"href":"https:\/\/www.matts-guitar-shop.com\/es\/wp-json\/wp\/v2\/media?parent=32919"}],"wp:term":[{"taxonomy":"product_brand","embeddable":true,"href":"https:\/\/www.matts-guitar-shop.com\/es\/wp-json\/wp\/v2\/product_brand?post=32919"},{"taxonomy":"product_cat","embeddable":true,"href":"https:\/\/www.matts-guitar-shop.com\/es\/wp-json\/wp\/v2\/product_cat?post=32919"},{"taxonomy":"product_tag","embeddable":true,"href":"https:\/\/www.matts-guitar-shop.com\/es\/wp-json\/wp\/v2\/product_tag?post=32919"}],"curies":[{"name":"wp","href":"https:\/\/api.w.org\/{rel}","templated":true}]}}