{"id":32870,"date":"2026-04-07T20:09:50","date_gmt":"2026-04-07T18:09:50","guid":{"rendered":"https:\/\/www.matts-guitar-shop.com\/?post_type=product&#038;p=32870"},"modified":"2026-04-07T20:28:52","modified_gmt":"2026-04-07T18:28:52","slug":"baldwin-double-six-1967-ex-mark-knopfler-dire-straits","status":"publish","type":"product","link":"https:\/\/www.matts-guitar-shop.com\/es\/produit\/baldwin-double-six-1967-ex-mark-knopfler-dire-straits\/","title":{"rendered":"Baldwin Double Six 1967 ex Mark Knopfler Dire Straits"},"content":{"rendered":"","protected":false},"excerpt":{"rendered":"<p>Cette Baldwin Double Six de 1967 offre une plong\u00e9e privil\u00e9gi\u00e9e dans la collection priv\u00e9e d&#8217;un monument du rock.<\/p>\n<p>Bien plus qu&#8217;une simple guitare \u00e0 douze cordes de haute vol\u00e9e, cet instrument constitue un v\u00e9ritable vestige historique ayant appartenu \u00e0 Mark Knopfler (Dire Straits). Fid\u00e8le au design embl\u00e9matique de Burns, ce mod\u00e8le se reconna\u00eet \u00e0 sa t\u00eate imposante et \u00e0 son \u00e9lectronique sophistiqu\u00e9e, produisant ce scintillement sonore si riche et caract\u00e9ristique. Elle illustre une p\u00e9riode o\u00f9 l&#8217;innovation britannique transformait les standards acoustiques, le tout magnifi\u00e9 par un pedigree prestigieux qui en fait une pi\u00e8ce de collection parfaitement fonctionnelle.<\/p>\n<p>Il s&#8217;agit d&#8217;une occasion exceptionnelle d&#8217;acqu\u00e9rir un instrument li\u00e9 au parcours cr\u00e9atif de l&#8217;un des plus illustres guitaristes au monde. Conserv\u00e9e dans un \u00e9tat remarquable, elle repr\u00e9sente l&#8217;une des pi\u00e8ces ma\u00eetresses de l&#8217;inventaire vintage de Matt&#8217;s Guitar Shop.<\/p>\n","protected":false},"featured_media":32871,"comment_status":"closed","ping_status":"closed","template":"","meta":{"_et_pb_use_builder":"","_et_pb_old_content":"","_et_gb_content_width":""},"product_brand":[],"product_cat":[123,82,152],"product_tag":[],"class_list":{"0":"post-32870","1":"product","2":"type-product","3":"status-publish","4":"has-post-thumbnail","6":"product_cat-guitares-electriques","7":"product_cat-artistes","8":"product_cat-guitares","9":"pa_artiste-mark-knopfler","10":"pa_disponibilite-en-vente","11":"pa_marque-baldwin","12":"pa_nombre-de-cordes-259","14":"first","15":"instock","16":"shipping-taxable","17":"purchasable","18":"product-type-simple"},"yoast_head":"<!-- This site is optimized with the Yoast SEO plugin v26.8 - https:\/\/yoast.com\/product\/yoast-seo-wordpress\/ -->\n<title>Baldwin Double Six 1967 ex Mark Knopfler Dire Straits - Matt&#039;s Guitar Shop<\/title>\n<meta name=\"robots\" content=\"index, follow, max-snippet:-1, max-image-preview:large, max-video-preview:-1\" \/>\n<link rel=\"canonical\" href=\"https:\/\/www.matts-guitar-shop.com\/es\/produit\/baldwin-double-six-1967-ex-mark-knopfler-dire-straits\/\" \/>\n<meta property=\"og:locale\" content=\"es_ES\" \/>\n<meta property=\"og:type\" content=\"article\" \/>\n<meta property=\"og:title\" content=\"Baldwin Double Six 1967 ex Mark Knopfler Dire Straits - Matt&#039;s Guitar Shop\" \/>\n<meta property=\"og:description\" content=\"Cette Baldwin Double Six de 1967 offre une plong\u00e9e privil\u00e9gi\u00e9e dans la collection priv\u00e9e d&#039;un monument du rock.  Bien plus qu&#039;une simple guitare \u00e0 douze cordes de haute vol\u00e9e, cet instrument constitue un v\u00e9ritable vestige historique ayant appartenu \u00e0 Mark Knopfler (Dire Straits). Fid\u00e8le au design embl\u00e9matique de Burns, ce mod\u00e8le se reconna\u00eet \u00e0 sa t\u00eate imposante et \u00e0 son \u00e9lectronique sophistiqu\u00e9e, produisant ce scintillement sonore si riche et caract\u00e9ristique. Elle illustre une p\u00e9riode o\u00f9 l&#039;innovation britannique transformait les standards acoustiques, le tout magnifi\u00e9 par un pedigree prestigieux qui en fait une pi\u00e8ce de collection parfaitement fonctionnelle.  Il s&#039;agit d&#039;une occasion exceptionnelle d&#039;acqu\u00e9rir un instrument li\u00e9 au parcours cr\u00e9atif de l&#039;un des plus illustres guitaristes au monde. Conserv\u00e9e dans un \u00e9tat remarquable, elle repr\u00e9sente l&#039;une des pi\u00e8ces ma\u00eetresses de l&#039;inventaire vintage de Matt&#039;s Guitar Shop.\" \/>\n<meta property=\"og:url\" content=\"https:\/\/www.matts-guitar-shop.com\/es\/produit\/baldwin-double-six-1967-ex-mark-knopfler-dire-straits\/\" \/>\n<meta property=\"og:site_name\" content=\"Matt&#039;s Guitar Shop\" \/>\n<meta property=\"article:publisher\" content=\"https:\/\/www.facebook.com\/profile.php?id=100044359842817\" \/>\n<meta property=\"article:modified_time\" content=\"2026-04-07T18:28:52+00:00\" \/>\n<meta property=\"og:image\" content=\"https:\/\/www.matts-guitar-shop.com\/wp-content\/uploads\/2026\/04\/Baldwin-Double-Six-1967-Ex-Mark-Knopfler-Dire-Straits-01.jpg\" \/>\n\t<meta property=\"og:image:width\" content=\"800\" \/>\n\t<meta property=\"og:image:height\" content=\"1200\" \/>\n\t<meta property=\"og:image:type\" content=\"image\/jpeg\" \/>\n<meta name=\"twitter:card\" content=\"summary_large_image\" \/>\n<meta name=\"twitter:label1\" content=\"Tiempo de lectura\" \/>\n\t<meta name=\"twitter:data1\" content=\"1 minuto\" \/>\n<script type=\"application\/ld+json\" class=\"yoast-schema-graph\">{\"@context\":\"https:\/\/schema.org\",\"@graph\":[{\"@type\":\"WebPage\",\"@id\":\"https:\/\/www.matts-guitar-shop.com\/es\/produit\/baldwin-double-six-1967-ex-mark-knopfler-dire-straits\/\",\"url\":\"https:\/\/www.matts-guitar-shop.com\/es\/produit\/baldwin-double-six-1967-ex-mark-knopfler-dire-straits\/\",\"name\":\"Baldwin Double Six 1967 ex Mark Knopfler Dire Straits - Matt&#039;s Guitar Shop\",\"isPartOf\":{\"@id\":\"https:\/\/www.matts-guitar-shop.com\/es\/#website\"},\"primaryImageOfPage\":{\"@id\":\"https:\/\/www.matts-guitar-shop.com\/es\/produit\/baldwin-double-six-1967-ex-mark-knopfler-dire-straits\/#primaryimage\"},\"image\":{\"@id\":\"https:\/\/www.matts-guitar-shop.com\/es\/produit\/baldwin-double-six-1967-ex-mark-knopfler-dire-straits\/#primaryimage\"},\"thumbnailUrl\":\"https:\/\/www.matts-guitar-shop.com\/wp-content\/uploads\/2026\/04\/Baldwin-Double-Six-1967-Ex-Mark-Knopfler-Dire-Straits-01.jpg\",\"datePublished\":\"2026-04-07T18:09:50+00:00\",\"dateModified\":\"2026-04-07T18:28:52+00:00\",\"breadcrumb\":{\"@id\":\"https:\/\/www.matts-guitar-shop.com\/es\/produit\/baldwin-double-six-1967-ex-mark-knopfler-dire-straits\/#breadcrumb\"},\"inLanguage\":\"es\",\"potentialAction\":[{\"@type\":\"ReadAction\",\"target\":[\"https:\/\/www.matts-guitar-shop.com\/es\/produit\/baldwin-double-six-1967-ex-mark-knopfler-dire-straits\/\"]}]},{\"@type\":\"ImageObject\",\"inLanguage\":\"es\",\"@id\":\"https:\/\/www.matts-guitar-shop.com\/es\/produit\/baldwin-double-six-1967-ex-mark-knopfler-dire-straits\/#primaryimage\",\"url\":\"https:\/\/www.matts-guitar-shop.com\/wp-content\/uploads\/2026\/04\/Baldwin-Double-Six-1967-Ex-Mark-Knopfler-Dire-Straits-01.jpg\",\"contentUrl\":\"https:\/\/www.matts-guitar-shop.com\/wp-content\/uploads\/2026\/04\/Baldwin-Double-Six-1967-Ex-Mark-Knopfler-Dire-Straits-01.jpg\",\"width\":800,\"height\":1200},{\"@type\":\"BreadcrumbList\",\"@id\":\"https:\/\/www.matts-guitar-shop.com\/es\/produit\/baldwin-double-six-1967-ex-mark-knopfler-dire-straits\/#breadcrumb\",\"itemListElement\":[{\"@type\":\"ListItem\",\"position\":1,\"name\":\"Inicio\",\"item\":\"https:\/\/www.matts-guitar-shop.com\/es\/\"},{\"@type\":\"ListItem\",\"position\":2,\"name\":\"Tienda\",\"item\":\"https:\/\/www.matts-guitar-shop.com\/es\/tienda\/\"},{\"@type\":\"ListItem\",\"position\":3,\"name\":\"Baldwin Double Six 1967 ex Mark Knopfler Dire Straits\"}]},{\"@type\":\"WebSite\",\"@id\":\"https:\/\/www.matts-guitar-shop.com\/es\/#website\",\"url\":\"https:\/\/www.matts-guitar-shop.com\/es\/\",\"name\":\"matts-guitar-shop.com\",\"description\":\"Guitar Shop\",\"publisher\":{\"@id\":\"https:\/\/www.matts-guitar-shop.com\/es\/#organization\"},\"potentialAction\":[{\"@type\":\"SearchAction\",\"target\":{\"@type\":\"EntryPoint\",\"urlTemplate\":\"https:\/\/www.matts-guitar-shop.com\/es\/?s={search_term_string}\"},\"query-input\":{\"@type\":\"PropertyValueSpecification\",\"valueRequired\":true,\"valueName\":\"search_term_string\"}}],\"inLanguage\":\"es\"},{\"@type\":\"Organization\",\"@id\":\"https:\/\/www.matts-guitar-shop.com\/es\/#organization\",\"name\":\"matts-guitar-shop.com\",\"url\":\"https:\/\/www.matts-guitar-shop.com\/es\/\",\"logo\":{\"@type\":\"ImageObject\",\"inLanguage\":\"es\",\"@id\":\"https:\/\/www.matts-guitar-shop.com\/es\/#\/schema\/logo\/image\/\",\"url\":\"https:\/\/www.matts-guitar-shop.com\/wp-content\/uploads\/2024\/09\/MGS-logo-site-02.png\",\"contentUrl\":\"https:\/\/www.matts-guitar-shop.com\/wp-content\/uploads\/2024\/09\/MGS-logo-site-02.png\",\"width\":200,\"height\":122,\"caption\":\"matts-guitar-shop.com\"},\"image\":{\"@id\":\"https:\/\/www.matts-guitar-shop.com\/es\/#\/schema\/logo\/image\/\"},\"sameAs\":[\"https:\/\/www.facebook.com\/profile.php?id=100044359842817\",\"https:\/\/www.instagram.com\/mattsguitarshop\/\",\"https:\/\/www.youtube.com\/@MattLucasMan\/videos\"]}]}<\/script>\n<!-- \/ Yoast SEO plugin. -->","yoast_head_json":{"title":"Baldwin Double Six 1967 ex Mark Knopfler Dire Straits - Matt&#039;s Guitar Shop","robots":{"index":"index","follow":"follow","max-snippet":"max-snippet:-1","max-image-preview":"max-image-preview:large","max-video-preview":"max-video-preview:-1"},"canonical":"https:\/\/www.matts-guitar-shop.com\/es\/produit\/baldwin-double-six-1967-ex-mark-knopfler-dire-straits\/","og_locale":"es_ES","og_type":"article","og_title":"Baldwin Double Six 1967 ex Mark Knopfler Dire Straits - Matt&#039;s Guitar Shop","og_description":"Cette Baldwin Double Six de 1967 offre une plong\u00e9e privil\u00e9gi\u00e9e dans la collection priv\u00e9e d'un monument du rock.  Bien plus qu'une simple guitare \u00e0 douze cordes de haute vol\u00e9e, cet instrument constitue un v\u00e9ritable vestige historique ayant appartenu \u00e0 Mark Knopfler (Dire Straits). Fid\u00e8le au design embl\u00e9matique de Burns, ce mod\u00e8le se reconna\u00eet \u00e0 sa t\u00eate imposante et \u00e0 son \u00e9lectronique sophistiqu\u00e9e, produisant ce scintillement sonore si riche et caract\u00e9ristique. Elle illustre une p\u00e9riode o\u00f9 l'innovation britannique transformait les standards acoustiques, le tout magnifi\u00e9 par un pedigree prestigieux qui en fait une pi\u00e8ce de collection parfaitement fonctionnelle.  Il s'agit d'une occasion exceptionnelle d'acqu\u00e9rir un instrument li\u00e9 au parcours cr\u00e9atif de l'un des plus illustres guitaristes au monde. Conserv\u00e9e dans un \u00e9tat remarquable, elle repr\u00e9sente l'une des pi\u00e8ces ma\u00eetresses de l'inventaire vintage de Matt's Guitar Shop.","og_url":"https:\/\/www.matts-guitar-shop.com\/es\/produit\/baldwin-double-six-1967-ex-mark-knopfler-dire-straits\/","og_site_name":"Matt&#039;s Guitar Shop","article_publisher":"https:\/\/www.facebook.com\/profile.php?id=100044359842817","article_modified_time":"2026-04-07T18:28:52+00:00","og_image":[{"width":800,"height":1200,"url":"https:\/\/www.matts-guitar-shop.com\/wp-content\/uploads\/2026\/04\/Baldwin-Double-Six-1967-Ex-Mark-Knopfler-Dire-Straits-01.jpg","type":"image\/jpeg"}],"twitter_card":"summary_large_image","twitter_misc":{"Tiempo de lectura":"1 minuto"},"schema":{"@context":"https:\/\/schema.org","@graph":[{"@type":"WebPage","@id":"https:\/\/www.matts-guitar-shop.com\/es\/produit\/baldwin-double-six-1967-ex-mark-knopfler-dire-straits\/","url":"https:\/\/www.matts-guitar-shop.com\/es\/produit\/baldwin-double-six-1967-ex-mark-knopfler-dire-straits\/","name":"Baldwin Double Six 1967 ex Mark Knopfler Dire Straits - Matt&#039;s Guitar Shop","isPartOf":{"@id":"https:\/\/www.matts-guitar-shop.com\/es\/#website"},"primaryImageOfPage":{"@id":"https:\/\/www.matts-guitar-shop.com\/es\/produit\/baldwin-double-six-1967-ex-mark-knopfler-dire-straits\/#primaryimage"},"image":{"@id":"https:\/\/www.matts-guitar-shop.com\/es\/produit\/baldwin-double-six-1967-ex-mark-knopfler-dire-straits\/#primaryimage"},"thumbnailUrl":"https:\/\/www.matts-guitar-shop.com\/wp-content\/uploads\/2026\/04\/Baldwin-Double-Six-1967-Ex-Mark-Knopfler-Dire-Straits-01.jpg","datePublished":"2026-04-07T18:09:50+00:00","dateModified":"2026-04-07T18:28:52+00:00","breadcrumb":{"@id":"https:\/\/www.matts-guitar-shop.com\/es\/produit\/baldwin-double-six-1967-ex-mark-knopfler-dire-straits\/#breadcrumb"},"inLanguage":"es","potentialAction":[{"@type":"ReadAction","target":["https:\/\/www.matts-guitar-shop.com\/es\/produit\/baldwin-double-six-1967-ex-mark-knopfler-dire-straits\/"]}]},{"@type":"ImageObject","inLanguage":"es","@id":"https:\/\/www.matts-guitar-shop.com\/es\/produit\/baldwin-double-six-1967-ex-mark-knopfler-dire-straits\/#primaryimage","url":"https:\/\/www.matts-guitar-shop.com\/wp-content\/uploads\/2026\/04\/Baldwin-Double-Six-1967-Ex-Mark-Knopfler-Dire-Straits-01.jpg","contentUrl":"https:\/\/www.matts-guitar-shop.com\/wp-content\/uploads\/2026\/04\/Baldwin-Double-Six-1967-Ex-Mark-Knopfler-Dire-Straits-01.jpg","width":800,"height":1200},{"@type":"BreadcrumbList","@id":"https:\/\/www.matts-guitar-shop.com\/es\/produit\/baldwin-double-six-1967-ex-mark-knopfler-dire-straits\/#breadcrumb","itemListElement":[{"@type":"ListItem","position":1,"name":"Inicio","item":"https:\/\/www.matts-guitar-shop.com\/es\/"},{"@type":"ListItem","position":2,"name":"Tienda","item":"https:\/\/www.matts-guitar-shop.com\/es\/tienda\/"},{"@type":"ListItem","position":3,"name":"Baldwin Double Six 1967 ex Mark Knopfler Dire Straits"}]},{"@type":"WebSite","@id":"https:\/\/www.matts-guitar-shop.com\/es\/#website","url":"https:\/\/www.matts-guitar-shop.com\/es\/","name":"matts-guitar-shop.com","description":"Guitar Shop","publisher":{"@id":"https:\/\/www.matts-guitar-shop.com\/es\/#organization"},"potentialAction":[{"@type":"SearchAction","target":{"@type":"EntryPoint","urlTemplate":"https:\/\/www.matts-guitar-shop.com\/es\/?s={search_term_string}"},"query-input":{"@type":"PropertyValueSpecification","valueRequired":true,"valueName":"search_term_string"}}],"inLanguage":"es"},{"@type":"Organization","@id":"https:\/\/www.matts-guitar-shop.com\/es\/#organization","name":"matts-guitar-shop.com","url":"https:\/\/www.matts-guitar-shop.com\/es\/","logo":{"@type":"ImageObject","inLanguage":"es","@id":"https:\/\/www.matts-guitar-shop.com\/es\/#\/schema\/logo\/image\/","url":"https:\/\/www.matts-guitar-shop.com\/wp-content\/uploads\/2024\/09\/MGS-logo-site-02.png","contentUrl":"https:\/\/www.matts-guitar-shop.com\/wp-content\/uploads\/2024\/09\/MGS-logo-site-02.png","width":200,"height":122,"caption":"matts-guitar-shop.com"},"image":{"@id":"https:\/\/www.matts-guitar-shop.com\/es\/#\/schema\/logo\/image\/"},"sameAs":["https:\/\/www.facebook.com\/profile.php?id=100044359842817","https:\/\/www.instagram.com\/mattsguitarshop\/","https:\/\/www.youtube.com\/@MattLucasMan\/videos"]}]}},"_links":{"self":[{"href":"https:\/\/www.matts-guitar-shop.com\/es\/wp-json\/wp\/v2\/product\/32870","targetHints":{"allow":["GET"]}}],"collection":[{"href":"https:\/\/www.matts-guitar-shop.com\/es\/wp-json\/wp\/v2\/product"}],"about":[{"href":"https:\/\/www.matts-guitar-shop.com\/es\/wp-json\/wp\/v2\/types\/product"}],"replies":[{"embeddable":true,"href":"https:\/\/www.matts-guitar-shop.com\/es\/wp-json\/wp\/v2\/comments?post=32870"}],"wp:featuredmedia":[{"embeddable":true,"href":"https:\/\/www.matts-guitar-shop.com\/es\/wp-json\/wp\/v2\/media\/32871"}],"wp:attachment":[{"href":"https:\/\/www.matts-guitar-shop.com\/es\/wp-json\/wp\/v2\/media?parent=32870"}],"wp:term":[{"taxonomy":"product_brand","embeddable":true,"href":"https:\/\/www.matts-guitar-shop.com\/es\/wp-json\/wp\/v2\/product_brand?post=32870"},{"taxonomy":"product_cat","embeddable":true,"href":"https:\/\/www.matts-guitar-shop.com\/es\/wp-json\/wp\/v2\/product_cat?post=32870"},{"taxonomy":"product_tag","embeddable":true,"href":"https:\/\/www.matts-guitar-shop.com\/es\/wp-json\/wp\/v2\/product_tag?post=32870"}],"curies":[{"name":"wp","href":"https:\/\/api.w.org\/{rel}","templated":true}]}}