{"id":32815,"date":"2026-04-07T19:57:58","date_gmt":"2026-04-07T17:57:58","guid":{"rendered":"https:\/\/www.matts-guitar-shop.com\/?post_type=product&#038;p=32815"},"modified":"2026-04-07T20:06:01","modified_gmt":"2026-04-07T18:06:01","slug":"fender-jazz-bass-1968","status":"publish","type":"product","link":"https:\/\/www.matts-guitar-shop.com\/es\/produit\/fender-jazz-bass-1968\/","title":{"rendered":"Fender Jazz Bass 1968"},"content":{"rendered":"","protected":false},"excerpt":{"rendered":"<p>Cette Jazz Bass de 1968 constitue l&#8217;expression m\u00eame du temp\u00e9rament Fender de la fin des ann\u00e9es soixante.<\/p>\n<p>L&#8217;instrument arbore une patine d&#8217;origine remarquable, reflet de nombreuses ann\u00e9es d&#8217;utilisation passionn\u00e9e. Dot\u00e9e d&#8217;une touche orn\u00e9e de rep\u00e8res en blocs (\u00abBlock Inlays\u00bb) et d&#8217;un filet de bordure (binding), elle illustre l&#8217;esth\u00e9tique la plus raffin\u00e9e et la plus pris\u00e9e de cette p\u00e9riode de transition.<\/p>\n<p>Sur le plan acoustique, elle produit ce timbre grognant, profond et incisif qui a marqu\u00e9 les lignes de basse les plus c\u00e9l\u00e8bres de l&#8217;histoire musicale.<\/p>\n<p>Cette pi\u00e8ce authentique, pr\u00eate \u00e0 reprendre du service, est accompagn\u00e9e de ses capots de micros d&#8217;origine pour une allure vintage int\u00e9grale.<\/p>\n","protected":false},"featured_media":32816,"comment_status":"closed","ping_status":"closed","template":"","meta":{"_et_pb_use_builder":"","_et_pb_old_content":"","_et_gb_content_width":""},"product_brand":[],"product_cat":[149,152],"product_tag":[],"class_list":{"0":"post-32815","1":"product","2":"type-product","3":"status-publish","4":"has-post-thumbnail","6":"product_cat-basses","7":"product_cat-guitares","8":"pa_disponibilite-en-vente","9":"pa_marque-fender","11":"first","12":"instock","13":"shipping-taxable","14":"purchasable","15":"product-type-simple"},"yoast_head":"<!-- This site is optimized with the Yoast SEO plugin v26.8 - https:\/\/yoast.com\/product\/yoast-seo-wordpress\/ -->\n<title>Fender Jazz Bass 1968 - Matt&#039;s Guitar Shop<\/title>\n<meta name=\"robots\" content=\"index, follow, max-snippet:-1, max-image-preview:large, max-video-preview:-1\" \/>\n<link rel=\"canonical\" href=\"https:\/\/www.matts-guitar-shop.com\/es\/produit\/fender-jazz-bass-1968\/\" \/>\n<meta property=\"og:locale\" content=\"es_ES\" \/>\n<meta property=\"og:type\" content=\"article\" \/>\n<meta property=\"og:title\" content=\"Fender Jazz Bass 1968 - Matt&#039;s Guitar Shop\" \/>\n<meta property=\"og:description\" content=\"Cette Jazz Bass de 1968 constitue l&#039;expression m\u00eame du temp\u00e9rament Fender de la fin des ann\u00e9es soixante.  L&#039;instrument arbore une patine d&#039;origine remarquable, reflet de nombreuses ann\u00e9es d&#039;utilisation passionn\u00e9e. Dot\u00e9e d&#039;une touche orn\u00e9e de rep\u00e8res en blocs (&quot;Block Inlays&quot;) et d&#039;un filet de bordure (binding), elle illustre l&#039;esth\u00e9tique la plus raffin\u00e9e et la plus pris\u00e9e de cette p\u00e9riode de transition.  Sur le plan acoustique, elle produit ce timbre grognant, profond et incisif qui a marqu\u00e9 les lignes de basse les plus c\u00e9l\u00e8bres de l&#039;histoire musicale.  Cette pi\u00e8ce authentique, pr\u00eate \u00e0 reprendre du service, est accompagn\u00e9e de ses capots de micros d&#039;origine pour une allure vintage int\u00e9grale.\" \/>\n<meta property=\"og:url\" content=\"https:\/\/www.matts-guitar-shop.com\/es\/produit\/fender-jazz-bass-1968\/\" \/>\n<meta property=\"og:site_name\" content=\"Matt&#039;s Guitar Shop\" \/>\n<meta property=\"article:publisher\" content=\"https:\/\/www.facebook.com\/profile.php?id=100044359842817\" \/>\n<meta property=\"article:modified_time\" content=\"2026-04-07T18:06:01+00:00\" \/>\n<meta property=\"og:image\" content=\"https:\/\/www.matts-guitar-shop.com\/wp-content\/uploads\/2026\/04\/Fender-Jazz-Bass-1968-01.jpg\" \/>\n\t<meta property=\"og:image:width\" content=\"800\" \/>\n\t<meta property=\"og:image:height\" content=\"1200\" \/>\n\t<meta property=\"og:image:type\" content=\"image\/jpeg\" \/>\n<meta name=\"twitter:card\" content=\"summary_large_image\" \/>\n<meta name=\"twitter:label1\" content=\"Tiempo de lectura\" \/>\n\t<meta name=\"twitter:data1\" content=\"1 minuto\" \/>\n<script type=\"application\/ld+json\" class=\"yoast-schema-graph\">{\"@context\":\"https:\/\/schema.org\",\"@graph\":[{\"@type\":\"WebPage\",\"@id\":\"https:\/\/www.matts-guitar-shop.com\/es\/produit\/fender-jazz-bass-1968\/\",\"url\":\"https:\/\/www.matts-guitar-shop.com\/es\/produit\/fender-jazz-bass-1968\/\",\"name\":\"Fender Jazz Bass 1968 - Matt&#039;s Guitar Shop\",\"isPartOf\":{\"@id\":\"https:\/\/www.matts-guitar-shop.com\/es\/#website\"},\"primaryImageOfPage\":{\"@id\":\"https:\/\/www.matts-guitar-shop.com\/es\/produit\/fender-jazz-bass-1968\/#primaryimage\"},\"image\":{\"@id\":\"https:\/\/www.matts-guitar-shop.com\/es\/produit\/fender-jazz-bass-1968\/#primaryimage\"},\"thumbnailUrl\":\"https:\/\/www.matts-guitar-shop.com\/wp-content\/uploads\/2026\/04\/Fender-Jazz-Bass-1968-01.jpg\",\"datePublished\":\"2026-04-07T17:57:58+00:00\",\"dateModified\":\"2026-04-07T18:06:01+00:00\",\"breadcrumb\":{\"@id\":\"https:\/\/www.matts-guitar-shop.com\/es\/produit\/fender-jazz-bass-1968\/#breadcrumb\"},\"inLanguage\":\"es\",\"potentialAction\":[{\"@type\":\"ReadAction\",\"target\":[\"https:\/\/www.matts-guitar-shop.com\/es\/produit\/fender-jazz-bass-1968\/\"]}]},{\"@type\":\"ImageObject\",\"inLanguage\":\"es\",\"@id\":\"https:\/\/www.matts-guitar-shop.com\/es\/produit\/fender-jazz-bass-1968\/#primaryimage\",\"url\":\"https:\/\/www.matts-guitar-shop.com\/wp-content\/uploads\/2026\/04\/Fender-Jazz-Bass-1968-01.jpg\",\"contentUrl\":\"https:\/\/www.matts-guitar-shop.com\/wp-content\/uploads\/2026\/04\/Fender-Jazz-Bass-1968-01.jpg\",\"width\":800,\"height\":1200},{\"@type\":\"BreadcrumbList\",\"@id\":\"https:\/\/www.matts-guitar-shop.com\/es\/produit\/fender-jazz-bass-1968\/#breadcrumb\",\"itemListElement\":[{\"@type\":\"ListItem\",\"position\":1,\"name\":\"Inicio\",\"item\":\"https:\/\/www.matts-guitar-shop.com\/es\/\"},{\"@type\":\"ListItem\",\"position\":2,\"name\":\"Tienda\",\"item\":\"https:\/\/www.matts-guitar-shop.com\/es\/tienda\/\"},{\"@type\":\"ListItem\",\"position\":3,\"name\":\"Fender Jazz Bass 1968\"}]},{\"@type\":\"WebSite\",\"@id\":\"https:\/\/www.matts-guitar-shop.com\/es\/#website\",\"url\":\"https:\/\/www.matts-guitar-shop.com\/es\/\",\"name\":\"matts-guitar-shop.com\",\"description\":\"Guitar Shop\",\"publisher\":{\"@id\":\"https:\/\/www.matts-guitar-shop.com\/es\/#organization\"},\"potentialAction\":[{\"@type\":\"SearchAction\",\"target\":{\"@type\":\"EntryPoint\",\"urlTemplate\":\"https:\/\/www.matts-guitar-shop.com\/es\/?s={search_term_string}\"},\"query-input\":{\"@type\":\"PropertyValueSpecification\",\"valueRequired\":true,\"valueName\":\"search_term_string\"}}],\"inLanguage\":\"es\"},{\"@type\":\"Organization\",\"@id\":\"https:\/\/www.matts-guitar-shop.com\/es\/#organization\",\"name\":\"matts-guitar-shop.com\",\"url\":\"https:\/\/www.matts-guitar-shop.com\/es\/\",\"logo\":{\"@type\":\"ImageObject\",\"inLanguage\":\"es\",\"@id\":\"https:\/\/www.matts-guitar-shop.com\/es\/#\/schema\/logo\/image\/\",\"url\":\"https:\/\/www.matts-guitar-shop.com\/wp-content\/uploads\/2024\/09\/MGS-logo-site-02.png\",\"contentUrl\":\"https:\/\/www.matts-guitar-shop.com\/wp-content\/uploads\/2024\/09\/MGS-logo-site-02.png\",\"width\":200,\"height\":122,\"caption\":\"matts-guitar-shop.com\"},\"image\":{\"@id\":\"https:\/\/www.matts-guitar-shop.com\/es\/#\/schema\/logo\/image\/\"},\"sameAs\":[\"https:\/\/www.facebook.com\/profile.php?id=100044359842817\",\"https:\/\/www.instagram.com\/mattsguitarshop\/\",\"https:\/\/www.youtube.com\/@MattLucasMan\/videos\"]}]}<\/script>\n<!-- \/ Yoast SEO plugin. -->","yoast_head_json":{"title":"Fender Jazz Bass 1968 - Matt&#039;s Guitar Shop","robots":{"index":"index","follow":"follow","max-snippet":"max-snippet:-1","max-image-preview":"max-image-preview:large","max-video-preview":"max-video-preview:-1"},"canonical":"https:\/\/www.matts-guitar-shop.com\/es\/produit\/fender-jazz-bass-1968\/","og_locale":"es_ES","og_type":"article","og_title":"Fender Jazz Bass 1968 - Matt&#039;s Guitar Shop","og_description":"Cette Jazz Bass de 1968 constitue l'expression m\u00eame du temp\u00e9rament Fender de la fin des ann\u00e9es soixante.  L'instrument arbore une patine d'origine remarquable, reflet de nombreuses ann\u00e9es d'utilisation passionn\u00e9e. Dot\u00e9e d'une touche orn\u00e9e de rep\u00e8res en blocs (\"Block Inlays\") et d'un filet de bordure (binding), elle illustre l'esth\u00e9tique la plus raffin\u00e9e et la plus pris\u00e9e de cette p\u00e9riode de transition.  Sur le plan acoustique, elle produit ce timbre grognant, profond et incisif qui a marqu\u00e9 les lignes de basse les plus c\u00e9l\u00e8bres de l'histoire musicale.  Cette pi\u00e8ce authentique, pr\u00eate \u00e0 reprendre du service, est accompagn\u00e9e de ses capots de micros d'origine pour une allure vintage int\u00e9grale.","og_url":"https:\/\/www.matts-guitar-shop.com\/es\/produit\/fender-jazz-bass-1968\/","og_site_name":"Matt&#039;s Guitar Shop","article_publisher":"https:\/\/www.facebook.com\/profile.php?id=100044359842817","article_modified_time":"2026-04-07T18:06:01+00:00","og_image":[{"width":800,"height":1200,"url":"https:\/\/www.matts-guitar-shop.com\/wp-content\/uploads\/2026\/04\/Fender-Jazz-Bass-1968-01.jpg","type":"image\/jpeg"}],"twitter_card":"summary_large_image","twitter_misc":{"Tiempo de lectura":"1 minuto"},"schema":{"@context":"https:\/\/schema.org","@graph":[{"@type":"WebPage","@id":"https:\/\/www.matts-guitar-shop.com\/es\/produit\/fender-jazz-bass-1968\/","url":"https:\/\/www.matts-guitar-shop.com\/es\/produit\/fender-jazz-bass-1968\/","name":"Fender Jazz Bass 1968 - Matt&#039;s Guitar Shop","isPartOf":{"@id":"https:\/\/www.matts-guitar-shop.com\/es\/#website"},"primaryImageOfPage":{"@id":"https:\/\/www.matts-guitar-shop.com\/es\/produit\/fender-jazz-bass-1968\/#primaryimage"},"image":{"@id":"https:\/\/www.matts-guitar-shop.com\/es\/produit\/fender-jazz-bass-1968\/#primaryimage"},"thumbnailUrl":"https:\/\/www.matts-guitar-shop.com\/wp-content\/uploads\/2026\/04\/Fender-Jazz-Bass-1968-01.jpg","datePublished":"2026-04-07T17:57:58+00:00","dateModified":"2026-04-07T18:06:01+00:00","breadcrumb":{"@id":"https:\/\/www.matts-guitar-shop.com\/es\/produit\/fender-jazz-bass-1968\/#breadcrumb"},"inLanguage":"es","potentialAction":[{"@type":"ReadAction","target":["https:\/\/www.matts-guitar-shop.com\/es\/produit\/fender-jazz-bass-1968\/"]}]},{"@type":"ImageObject","inLanguage":"es","@id":"https:\/\/www.matts-guitar-shop.com\/es\/produit\/fender-jazz-bass-1968\/#primaryimage","url":"https:\/\/www.matts-guitar-shop.com\/wp-content\/uploads\/2026\/04\/Fender-Jazz-Bass-1968-01.jpg","contentUrl":"https:\/\/www.matts-guitar-shop.com\/wp-content\/uploads\/2026\/04\/Fender-Jazz-Bass-1968-01.jpg","width":800,"height":1200},{"@type":"BreadcrumbList","@id":"https:\/\/www.matts-guitar-shop.com\/es\/produit\/fender-jazz-bass-1968\/#breadcrumb","itemListElement":[{"@type":"ListItem","position":1,"name":"Inicio","item":"https:\/\/www.matts-guitar-shop.com\/es\/"},{"@type":"ListItem","position":2,"name":"Tienda","item":"https:\/\/www.matts-guitar-shop.com\/es\/tienda\/"},{"@type":"ListItem","position":3,"name":"Fender Jazz Bass 1968"}]},{"@type":"WebSite","@id":"https:\/\/www.matts-guitar-shop.com\/es\/#website","url":"https:\/\/www.matts-guitar-shop.com\/es\/","name":"matts-guitar-shop.com","description":"Guitar Shop","publisher":{"@id":"https:\/\/www.matts-guitar-shop.com\/es\/#organization"},"potentialAction":[{"@type":"SearchAction","target":{"@type":"EntryPoint","urlTemplate":"https:\/\/www.matts-guitar-shop.com\/es\/?s={search_term_string}"},"query-input":{"@type":"PropertyValueSpecification","valueRequired":true,"valueName":"search_term_string"}}],"inLanguage":"es"},{"@type":"Organization","@id":"https:\/\/www.matts-guitar-shop.com\/es\/#organization","name":"matts-guitar-shop.com","url":"https:\/\/www.matts-guitar-shop.com\/es\/","logo":{"@type":"ImageObject","inLanguage":"es","@id":"https:\/\/www.matts-guitar-shop.com\/es\/#\/schema\/logo\/image\/","url":"https:\/\/www.matts-guitar-shop.com\/wp-content\/uploads\/2024\/09\/MGS-logo-site-02.png","contentUrl":"https:\/\/www.matts-guitar-shop.com\/wp-content\/uploads\/2024\/09\/MGS-logo-site-02.png","width":200,"height":122,"caption":"matts-guitar-shop.com"},"image":{"@id":"https:\/\/www.matts-guitar-shop.com\/es\/#\/schema\/logo\/image\/"},"sameAs":["https:\/\/www.facebook.com\/profile.php?id=100044359842817","https:\/\/www.instagram.com\/mattsguitarshop\/","https:\/\/www.youtube.com\/@MattLucasMan\/videos"]}]}},"_links":{"self":[{"href":"https:\/\/www.matts-guitar-shop.com\/es\/wp-json\/wp\/v2\/product\/32815","targetHints":{"allow":["GET"]}}],"collection":[{"href":"https:\/\/www.matts-guitar-shop.com\/es\/wp-json\/wp\/v2\/product"}],"about":[{"href":"https:\/\/www.matts-guitar-shop.com\/es\/wp-json\/wp\/v2\/types\/product"}],"replies":[{"embeddable":true,"href":"https:\/\/www.matts-guitar-shop.com\/es\/wp-json\/wp\/v2\/comments?post=32815"}],"wp:featuredmedia":[{"embeddable":true,"href":"https:\/\/www.matts-guitar-shop.com\/es\/wp-json\/wp\/v2\/media\/32816"}],"wp:attachment":[{"href":"https:\/\/www.matts-guitar-shop.com\/es\/wp-json\/wp\/v2\/media?parent=32815"}],"wp:term":[{"taxonomy":"product_brand","embeddable":true,"href":"https:\/\/www.matts-guitar-shop.com\/es\/wp-json\/wp\/v2\/product_brand?post=32815"},{"taxonomy":"product_cat","embeddable":true,"href":"https:\/\/www.matts-guitar-shop.com\/es\/wp-json\/wp\/v2\/product_cat?post=32815"},{"taxonomy":"product_tag","embeddable":true,"href":"https:\/\/www.matts-guitar-shop.com\/es\/wp-json\/wp\/v2\/product_tag?post=32815"}],"curies":[{"name":"wp","href":"https:\/\/api.w.org\/{rel}","templated":true}]}}