{"id":32564,"date":"2026-04-07T00:38:47","date_gmt":"2026-04-06T22:38:47","guid":{"rendered":"https:\/\/www.matts-guitar-shop.com\/?post_type=product&#038;p=32564"},"modified":"2026-04-07T00:45:05","modified_gmt":"2026-04-06T22:45:05","slug":"gibson-es-5-switchmaster-1952","status":"publish","type":"product","link":"https:\/\/www.matts-guitar-shop.com\/es\/produit\/gibson-es-5-switchmaster-1952\/","title":{"rendered":"Gibson ES 5 Switchmaster 1952"},"content":{"rendered":"","protected":false},"excerpt":{"rendered":"<p>Cette ES 5 Switchmaster de 1952 incarne l&#8217;apog\u00e9e de l&#8217;\u00e9l\u00e9gance et de l&#8217;innovation technique des archtops Gibson des ann\u00e9es 50. V\u00e9ritable pi\u00e8ce de collection, elle tr\u00f4nait au sommet de la gamme de la marque \u00e0 son \u00e9poque.<\/p>\n<p>Ses trois micros P-90 d&#8217;origine lui conf\u00e8rent une polyvalence sonore hors du commun, id\u00e9ale pour sculpter des sonorit\u00e9s jazz, blues ou swing avec une exactitude rare.<\/p>\n<p>L&#8217;\u00e9clat de son vernis Sunburst, ses incrustations en parall\u00e9logrammes et ses composants dor\u00e9s affirment le prestige de cet instrument destin\u00e9 aux guitaristes les plus pointus.<\/p>\n<p>Alliant une r\u00e9sonance acoustique ample \u00e0 une ergonomie de jeu sup\u00e9rieure, cette Switchmaster procure une exp\u00e9rience sensorielle hors pair aux passionn\u00e9s d&#8217;instruments historiques.<\/p>\n","protected":false},"featured_media":32576,"comment_status":"closed","ping_status":"closed","template":"","meta":{"_et_pb_use_builder":"","_et_pb_old_content":"","_et_gb_content_width":""},"product_brand":[],"product_cat":[123,152],"product_tag":[],"class_list":{"0":"post-32564","1":"product","2":"type-product","3":"status-publish","4":"has-post-thumbnail","6":"product_cat-guitares-electriques","7":"product_cat-guitares","8":"pa_disponibilite-en-vente","9":"pa_marque-gibson","11":"first","12":"instock","13":"shipping-taxable","14":"purchasable","15":"product-type-simple"},"yoast_head":"<!-- This site is optimized with the Yoast SEO plugin v26.8 - https:\/\/yoast.com\/product\/yoast-seo-wordpress\/ -->\n<title>Gibson ES 5 Switchmaster 1952 - Matt&#039;s Guitar Shop<\/title>\n<meta name=\"robots\" content=\"index, follow, max-snippet:-1, max-image-preview:large, max-video-preview:-1\" \/>\n<link rel=\"canonical\" href=\"https:\/\/www.matts-guitar-shop.com\/es\/produit\/gibson-es-5-switchmaster-1952\/\" \/>\n<meta property=\"og:locale\" content=\"es_ES\" \/>\n<meta property=\"og:type\" content=\"article\" \/>\n<meta property=\"og:title\" content=\"Gibson ES 5 Switchmaster 1952 - Matt&#039;s Guitar Shop\" \/>\n<meta property=\"og:description\" content=\"Cette ES 5 Switchmaster de 1952 incarne l&#039;apog\u00e9e de l&#039;\u00e9l\u00e9gance et de l&#039;innovation technique des archtops Gibson des ann\u00e9es 50. V\u00e9ritable pi\u00e8ce de collection, elle tr\u00f4nait au sommet de la gamme de la marque \u00e0 son \u00e9poque.  Ses trois micros P-90 d&#039;origine lui conf\u00e8rent une polyvalence sonore hors du commun, id\u00e9ale pour sculpter des sonorit\u00e9s jazz, blues ou swing avec une exactitude rare.  L&#039;\u00e9clat de son vernis Sunburst, ses incrustations en parall\u00e9logrammes et ses composants dor\u00e9s affirment le prestige de cet instrument destin\u00e9 aux guitaristes les plus pointus.  Alliant une r\u00e9sonance acoustique ample \u00e0 une ergonomie de jeu sup\u00e9rieure, cette Switchmaster procure une exp\u00e9rience sensorielle hors pair aux passionn\u00e9s d&#039;instruments historiques.\" \/>\n<meta property=\"og:url\" content=\"https:\/\/www.matts-guitar-shop.com\/es\/produit\/gibson-es-5-switchmaster-1952\/\" \/>\n<meta property=\"og:site_name\" content=\"Matt&#039;s Guitar Shop\" \/>\n<meta property=\"article:publisher\" content=\"https:\/\/www.facebook.com\/profile.php?id=100044359842817\" \/>\n<meta property=\"article:modified_time\" content=\"2026-04-06T22:45:05+00:00\" \/>\n<meta property=\"og:image\" content=\"https:\/\/www.matts-guitar-shop.com\/wp-content\/uploads\/2026\/04\/Gibson-ES-5-Switchmaster-1952-01.jpg\" \/>\n\t<meta property=\"og:image:width\" content=\"800\" \/>\n\t<meta property=\"og:image:height\" content=\"1200\" \/>\n\t<meta property=\"og:image:type\" content=\"image\/jpeg\" \/>\n<meta name=\"twitter:card\" content=\"summary_large_image\" \/>\n<meta name=\"twitter:label1\" content=\"Tiempo de lectura\" \/>\n\t<meta name=\"twitter:data1\" content=\"1 minuto\" \/>\n<script type=\"application\/ld+json\" class=\"yoast-schema-graph\">{\"@context\":\"https:\/\/schema.org\",\"@graph\":[{\"@type\":\"WebPage\",\"@id\":\"https:\/\/www.matts-guitar-shop.com\/es\/produit\/gibson-es-5-switchmaster-1952\/\",\"url\":\"https:\/\/www.matts-guitar-shop.com\/es\/produit\/gibson-es-5-switchmaster-1952\/\",\"name\":\"Gibson ES 5 Switchmaster 1952 - Matt&#039;s Guitar Shop\",\"isPartOf\":{\"@id\":\"https:\/\/www.matts-guitar-shop.com\/es\/#website\"},\"primaryImageOfPage\":{\"@id\":\"https:\/\/www.matts-guitar-shop.com\/es\/produit\/gibson-es-5-switchmaster-1952\/#primaryimage\"},\"image\":{\"@id\":\"https:\/\/www.matts-guitar-shop.com\/es\/produit\/gibson-es-5-switchmaster-1952\/#primaryimage\"},\"thumbnailUrl\":\"https:\/\/www.matts-guitar-shop.com\/wp-content\/uploads\/2026\/04\/Gibson-ES-5-Switchmaster-1952-01.jpg\",\"datePublished\":\"2026-04-06T22:38:47+00:00\",\"dateModified\":\"2026-04-06T22:45:05+00:00\",\"breadcrumb\":{\"@id\":\"https:\/\/www.matts-guitar-shop.com\/es\/produit\/gibson-es-5-switchmaster-1952\/#breadcrumb\"},\"inLanguage\":\"es\",\"potentialAction\":[{\"@type\":\"ReadAction\",\"target\":[\"https:\/\/www.matts-guitar-shop.com\/es\/produit\/gibson-es-5-switchmaster-1952\/\"]}]},{\"@type\":\"ImageObject\",\"inLanguage\":\"es\",\"@id\":\"https:\/\/www.matts-guitar-shop.com\/es\/produit\/gibson-es-5-switchmaster-1952\/#primaryimage\",\"url\":\"https:\/\/www.matts-guitar-shop.com\/wp-content\/uploads\/2026\/04\/Gibson-ES-5-Switchmaster-1952-01.jpg\",\"contentUrl\":\"https:\/\/www.matts-guitar-shop.com\/wp-content\/uploads\/2026\/04\/Gibson-ES-5-Switchmaster-1952-01.jpg\",\"width\":800,\"height\":1200},{\"@type\":\"BreadcrumbList\",\"@id\":\"https:\/\/www.matts-guitar-shop.com\/es\/produit\/gibson-es-5-switchmaster-1952\/#breadcrumb\",\"itemListElement\":[{\"@type\":\"ListItem\",\"position\":1,\"name\":\"Inicio\",\"item\":\"https:\/\/www.matts-guitar-shop.com\/es\/\"},{\"@type\":\"ListItem\",\"position\":2,\"name\":\"Tienda\",\"item\":\"https:\/\/www.matts-guitar-shop.com\/es\/tienda\/\"},{\"@type\":\"ListItem\",\"position\":3,\"name\":\"Gibson ES 5 Switchmaster 1952\"}]},{\"@type\":\"WebSite\",\"@id\":\"https:\/\/www.matts-guitar-shop.com\/es\/#website\",\"url\":\"https:\/\/www.matts-guitar-shop.com\/es\/\",\"name\":\"matts-guitar-shop.com\",\"description\":\"Guitar Shop\",\"publisher\":{\"@id\":\"https:\/\/www.matts-guitar-shop.com\/es\/#organization\"},\"potentialAction\":[{\"@type\":\"SearchAction\",\"target\":{\"@type\":\"EntryPoint\",\"urlTemplate\":\"https:\/\/www.matts-guitar-shop.com\/es\/?s={search_term_string}\"},\"query-input\":{\"@type\":\"PropertyValueSpecification\",\"valueRequired\":true,\"valueName\":\"search_term_string\"}}],\"inLanguage\":\"es\"},{\"@type\":\"Organization\",\"@id\":\"https:\/\/www.matts-guitar-shop.com\/es\/#organization\",\"name\":\"matts-guitar-shop.com\",\"url\":\"https:\/\/www.matts-guitar-shop.com\/es\/\",\"logo\":{\"@type\":\"ImageObject\",\"inLanguage\":\"es\",\"@id\":\"https:\/\/www.matts-guitar-shop.com\/es\/#\/schema\/logo\/image\/\",\"url\":\"https:\/\/www.matts-guitar-shop.com\/wp-content\/uploads\/2024\/09\/MGS-logo-site-02.png\",\"contentUrl\":\"https:\/\/www.matts-guitar-shop.com\/wp-content\/uploads\/2024\/09\/MGS-logo-site-02.png\",\"width\":200,\"height\":122,\"caption\":\"matts-guitar-shop.com\"},\"image\":{\"@id\":\"https:\/\/www.matts-guitar-shop.com\/es\/#\/schema\/logo\/image\/\"},\"sameAs\":[\"https:\/\/www.facebook.com\/profile.php?id=100044359842817\",\"https:\/\/www.instagram.com\/mattsguitarshop\/\",\"https:\/\/www.youtube.com\/@MattLucasMan\/videos\"]}]}<\/script>\n<!-- \/ Yoast SEO plugin. -->","yoast_head_json":{"title":"Gibson ES 5 Switchmaster 1952 - Matt&#039;s Guitar Shop","robots":{"index":"index","follow":"follow","max-snippet":"max-snippet:-1","max-image-preview":"max-image-preview:large","max-video-preview":"max-video-preview:-1"},"canonical":"https:\/\/www.matts-guitar-shop.com\/es\/produit\/gibson-es-5-switchmaster-1952\/","og_locale":"es_ES","og_type":"article","og_title":"Gibson ES 5 Switchmaster 1952 - Matt&#039;s Guitar Shop","og_description":"Cette ES 5 Switchmaster de 1952 incarne l'apog\u00e9e de l'\u00e9l\u00e9gance et de l'innovation technique des archtops Gibson des ann\u00e9es 50. V\u00e9ritable pi\u00e8ce de collection, elle tr\u00f4nait au sommet de la gamme de la marque \u00e0 son \u00e9poque.  Ses trois micros P-90 d'origine lui conf\u00e8rent une polyvalence sonore hors du commun, id\u00e9ale pour sculpter des sonorit\u00e9s jazz, blues ou swing avec une exactitude rare.  L'\u00e9clat de son vernis Sunburst, ses incrustations en parall\u00e9logrammes et ses composants dor\u00e9s affirment le prestige de cet instrument destin\u00e9 aux guitaristes les plus pointus.  Alliant une r\u00e9sonance acoustique ample \u00e0 une ergonomie de jeu sup\u00e9rieure, cette Switchmaster procure une exp\u00e9rience sensorielle hors pair aux passionn\u00e9s d'instruments historiques.","og_url":"https:\/\/www.matts-guitar-shop.com\/es\/produit\/gibson-es-5-switchmaster-1952\/","og_site_name":"Matt&#039;s Guitar Shop","article_publisher":"https:\/\/www.facebook.com\/profile.php?id=100044359842817","article_modified_time":"2026-04-06T22:45:05+00:00","og_image":[{"width":800,"height":1200,"url":"https:\/\/www.matts-guitar-shop.com\/wp-content\/uploads\/2026\/04\/Gibson-ES-5-Switchmaster-1952-01.jpg","type":"image\/jpeg"}],"twitter_card":"summary_large_image","twitter_misc":{"Tiempo de lectura":"1 minuto"},"schema":{"@context":"https:\/\/schema.org","@graph":[{"@type":"WebPage","@id":"https:\/\/www.matts-guitar-shop.com\/es\/produit\/gibson-es-5-switchmaster-1952\/","url":"https:\/\/www.matts-guitar-shop.com\/es\/produit\/gibson-es-5-switchmaster-1952\/","name":"Gibson ES 5 Switchmaster 1952 - Matt&#039;s Guitar Shop","isPartOf":{"@id":"https:\/\/www.matts-guitar-shop.com\/es\/#website"},"primaryImageOfPage":{"@id":"https:\/\/www.matts-guitar-shop.com\/es\/produit\/gibson-es-5-switchmaster-1952\/#primaryimage"},"image":{"@id":"https:\/\/www.matts-guitar-shop.com\/es\/produit\/gibson-es-5-switchmaster-1952\/#primaryimage"},"thumbnailUrl":"https:\/\/www.matts-guitar-shop.com\/wp-content\/uploads\/2026\/04\/Gibson-ES-5-Switchmaster-1952-01.jpg","datePublished":"2026-04-06T22:38:47+00:00","dateModified":"2026-04-06T22:45:05+00:00","breadcrumb":{"@id":"https:\/\/www.matts-guitar-shop.com\/es\/produit\/gibson-es-5-switchmaster-1952\/#breadcrumb"},"inLanguage":"es","potentialAction":[{"@type":"ReadAction","target":["https:\/\/www.matts-guitar-shop.com\/es\/produit\/gibson-es-5-switchmaster-1952\/"]}]},{"@type":"ImageObject","inLanguage":"es","@id":"https:\/\/www.matts-guitar-shop.com\/es\/produit\/gibson-es-5-switchmaster-1952\/#primaryimage","url":"https:\/\/www.matts-guitar-shop.com\/wp-content\/uploads\/2026\/04\/Gibson-ES-5-Switchmaster-1952-01.jpg","contentUrl":"https:\/\/www.matts-guitar-shop.com\/wp-content\/uploads\/2026\/04\/Gibson-ES-5-Switchmaster-1952-01.jpg","width":800,"height":1200},{"@type":"BreadcrumbList","@id":"https:\/\/www.matts-guitar-shop.com\/es\/produit\/gibson-es-5-switchmaster-1952\/#breadcrumb","itemListElement":[{"@type":"ListItem","position":1,"name":"Inicio","item":"https:\/\/www.matts-guitar-shop.com\/es\/"},{"@type":"ListItem","position":2,"name":"Tienda","item":"https:\/\/www.matts-guitar-shop.com\/es\/tienda\/"},{"@type":"ListItem","position":3,"name":"Gibson ES 5 Switchmaster 1952"}]},{"@type":"WebSite","@id":"https:\/\/www.matts-guitar-shop.com\/es\/#website","url":"https:\/\/www.matts-guitar-shop.com\/es\/","name":"matts-guitar-shop.com","description":"Guitar Shop","publisher":{"@id":"https:\/\/www.matts-guitar-shop.com\/es\/#organization"},"potentialAction":[{"@type":"SearchAction","target":{"@type":"EntryPoint","urlTemplate":"https:\/\/www.matts-guitar-shop.com\/es\/?s={search_term_string}"},"query-input":{"@type":"PropertyValueSpecification","valueRequired":true,"valueName":"search_term_string"}}],"inLanguage":"es"},{"@type":"Organization","@id":"https:\/\/www.matts-guitar-shop.com\/es\/#organization","name":"matts-guitar-shop.com","url":"https:\/\/www.matts-guitar-shop.com\/es\/","logo":{"@type":"ImageObject","inLanguage":"es","@id":"https:\/\/www.matts-guitar-shop.com\/es\/#\/schema\/logo\/image\/","url":"https:\/\/www.matts-guitar-shop.com\/wp-content\/uploads\/2024\/09\/MGS-logo-site-02.png","contentUrl":"https:\/\/www.matts-guitar-shop.com\/wp-content\/uploads\/2024\/09\/MGS-logo-site-02.png","width":200,"height":122,"caption":"matts-guitar-shop.com"},"image":{"@id":"https:\/\/www.matts-guitar-shop.com\/es\/#\/schema\/logo\/image\/"},"sameAs":["https:\/\/www.facebook.com\/profile.php?id=100044359842817","https:\/\/www.instagram.com\/mattsguitarshop\/","https:\/\/www.youtube.com\/@MattLucasMan\/videos"]}]}},"_links":{"self":[{"href":"https:\/\/www.matts-guitar-shop.com\/es\/wp-json\/wp\/v2\/product\/32564","targetHints":{"allow":["GET"]}}],"collection":[{"href":"https:\/\/www.matts-guitar-shop.com\/es\/wp-json\/wp\/v2\/product"}],"about":[{"href":"https:\/\/www.matts-guitar-shop.com\/es\/wp-json\/wp\/v2\/types\/product"}],"replies":[{"embeddable":true,"href":"https:\/\/www.matts-guitar-shop.com\/es\/wp-json\/wp\/v2\/comments?post=32564"}],"wp:featuredmedia":[{"embeddable":true,"href":"https:\/\/www.matts-guitar-shop.com\/es\/wp-json\/wp\/v2\/media\/32576"}],"wp:attachment":[{"href":"https:\/\/www.matts-guitar-shop.com\/es\/wp-json\/wp\/v2\/media?parent=32564"}],"wp:term":[{"taxonomy":"product_brand","embeddable":true,"href":"https:\/\/www.matts-guitar-shop.com\/es\/wp-json\/wp\/v2\/product_brand?post=32564"},{"taxonomy":"product_cat","embeddable":true,"href":"https:\/\/www.matts-guitar-shop.com\/es\/wp-json\/wp\/v2\/product_cat?post=32564"},{"taxonomy":"product_tag","embeddable":true,"href":"https:\/\/www.matts-guitar-shop.com\/es\/wp-json\/wp\/v2\/product_tag?post=32564"}],"curies":[{"name":"wp","href":"https:\/\/api.w.org\/{rel}","templated":true}]}}