{"id":32374,"date":"2026-04-06T21:48:07","date_gmt":"2026-04-06T19:48:07","guid":{"rendered":"https:\/\/www.matts-guitar-shop.com\/?post_type=product&#038;p=32374"},"modified":"2026-04-06T21:48:08","modified_gmt":"2026-04-06T19:48:08","slug":"gibson-es-355-tdsv-1960","status":"publish","type":"product","link":"https:\/\/www.matts-guitar-shop.com\/es\/produit\/gibson-es-355-tdsv-1960\/","title":{"rendered":"Gibson ES-355 TDSV (1960)"},"content":{"rendered":"","protected":false},"excerpt":{"rendered":"<p>Cette Gibson ES-355 TDSV de 1960 constitue le point culminant de la production semi-hollow des ateliers de Kalamazoo. D\u00e9clinaison prestigieuse de la 335, elle se distingue par des attributs luxueux tels qu&#8217;une touche en \u00e9b\u00e8ne, des incrustations de type \u00abblocks\u00bb et l&#8217;embl\u00e9matique logo \u00abSplit Diamond\u00bb sur la t\u00eate.<\/p>\n<p>Son syst\u00e8me TDSV (Thinline Double-cutaway Stereo Varitone) assure une modularit\u00e9 sonore hors du commun, offrant la possibilit\u00e9 d&#8217;ajuster le timbre avec une extr\u00eame pr\u00e9cision via le s\u00e9lecteur Varitone.<\/p>\n<p>Habill\u00e9e d&#8217;un accastillage dor\u00e9 et du c\u00e9l\u00e8bre vernis Cherry, cette guitare conjugue le savoir-faire artisanal de l&#8217;\u00e2ge d&#8217;or de Gibson \u00e0 un confort de jeu irr\u00e9prochable.<\/p>\n<p>Ce mod\u00e8le de collection, conserv\u00e9 dans un \u00e9tat exceptionnel, est une pi\u00e8ce de choix pour les musiciens et collectionneurs les plus pointus.<\/p>\n","protected":false},"featured_media":32375,"comment_status":"closed","ping_status":"closed","template":"","meta":{"_et_pb_use_builder":"","_et_pb_old_content":"","_et_gb_content_width":""},"product_brand":[],"product_cat":[123,152],"product_tag":[],"class_list":{"0":"post-32374","1":"product","2":"type-product","3":"status-publish","4":"has-post-thumbnail","6":"product_cat-guitares-electriques","7":"product_cat-guitares","8":"pa_disponibilite-en-vente","9":"pa_marque-gibson","11":"first","12":"instock","13":"shipping-taxable","14":"purchasable","15":"product-type-simple"},"yoast_head":"<!-- This site is optimized with the Yoast SEO plugin v26.8 - https:\/\/yoast.com\/product\/yoast-seo-wordpress\/ -->\n<title>Gibson ES-355 TDSV (1960) - Matt&#039;s Guitar Shop<\/title>\n<meta name=\"robots\" content=\"index, follow, max-snippet:-1, max-image-preview:large, max-video-preview:-1\" \/>\n<link rel=\"canonical\" href=\"https:\/\/www.matts-guitar-shop.com\/es\/produit\/gibson-es-355-tdsv-1960\/\" \/>\n<meta property=\"og:locale\" content=\"es_ES\" \/>\n<meta property=\"og:type\" content=\"article\" \/>\n<meta property=\"og:title\" content=\"Gibson ES-355 TDSV (1960) - Matt&#039;s Guitar Shop\" \/>\n<meta property=\"og:description\" content=\"Cette Gibson ES-355 TDSV de 1960 constitue le point culminant de la production semi-hollow des ateliers de Kalamazoo. D\u00e9clinaison prestigieuse de la 335, elle se distingue par des attributs luxueux tels qu&#039;une touche en \u00e9b\u00e8ne, des incrustations de type &quot;blocks&quot; et l&#039;embl\u00e9matique logo &quot;Split Diamond&quot; sur la t\u00eate.  Son syst\u00e8me TDSV (Thinline Double-cutaway Stereo Varitone) assure une modularit\u00e9 sonore hors du commun, offrant la possibilit\u00e9 d&#039;ajuster le timbre avec une extr\u00eame pr\u00e9cision via le s\u00e9lecteur Varitone.  Habill\u00e9e d&#039;un accastillage dor\u00e9 et du c\u00e9l\u00e8bre vernis Cherry, cette guitare conjugue le savoir-faire artisanal de l&#039;\u00e2ge d&#039;or de Gibson \u00e0 un confort de jeu irr\u00e9prochable.  Ce mod\u00e8le de collection, conserv\u00e9 dans un \u00e9tat exceptionnel, est une pi\u00e8ce de choix pour les musiciens et collectionneurs les plus pointus.\" \/>\n<meta property=\"og:url\" content=\"https:\/\/www.matts-guitar-shop.com\/es\/produit\/gibson-es-355-tdsv-1960\/\" \/>\n<meta property=\"og:site_name\" content=\"Matt&#039;s Guitar Shop\" \/>\n<meta property=\"article:publisher\" content=\"https:\/\/www.facebook.com\/profile.php?id=100044359842817\" \/>\n<meta property=\"article:modified_time\" content=\"2026-04-06T19:48:08+00:00\" \/>\n<meta property=\"og:image\" content=\"https:\/\/www.matts-guitar-shop.com\/wp-content\/uploads\/2026\/04\/Gibson-ES-355-TDSV-1960-01.jpg\" \/>\n\t<meta property=\"og:image:width\" content=\"800\" \/>\n\t<meta property=\"og:image:height\" content=\"1200\" \/>\n\t<meta property=\"og:image:type\" content=\"image\/jpeg\" \/>\n<meta name=\"twitter:card\" content=\"summary_large_image\" \/>\n<meta name=\"twitter:label1\" content=\"Tiempo de lectura\" \/>\n\t<meta name=\"twitter:data1\" content=\"1 minuto\" \/>\n<script type=\"application\/ld+json\" class=\"yoast-schema-graph\">{\"@context\":\"https:\/\/schema.org\",\"@graph\":[{\"@type\":\"WebPage\",\"@id\":\"https:\/\/www.matts-guitar-shop.com\/es\/produit\/gibson-es-355-tdsv-1960\/\",\"url\":\"https:\/\/www.matts-guitar-shop.com\/es\/produit\/gibson-es-355-tdsv-1960\/\",\"name\":\"Gibson ES-355 TDSV (1960) - Matt&#039;s Guitar Shop\",\"isPartOf\":{\"@id\":\"https:\/\/www.matts-guitar-shop.com\/es\/#website\"},\"primaryImageOfPage\":{\"@id\":\"https:\/\/www.matts-guitar-shop.com\/es\/produit\/gibson-es-355-tdsv-1960\/#primaryimage\"},\"image\":{\"@id\":\"https:\/\/www.matts-guitar-shop.com\/es\/produit\/gibson-es-355-tdsv-1960\/#primaryimage\"},\"thumbnailUrl\":\"https:\/\/www.matts-guitar-shop.com\/wp-content\/uploads\/2026\/04\/Gibson-ES-355-TDSV-1960-01.jpg\",\"datePublished\":\"2026-04-06T19:48:07+00:00\",\"dateModified\":\"2026-04-06T19:48:08+00:00\",\"breadcrumb\":{\"@id\":\"https:\/\/www.matts-guitar-shop.com\/es\/produit\/gibson-es-355-tdsv-1960\/#breadcrumb\"},\"inLanguage\":\"es\",\"potentialAction\":[{\"@type\":\"ReadAction\",\"target\":[\"https:\/\/www.matts-guitar-shop.com\/es\/produit\/gibson-es-355-tdsv-1960\/\"]}]},{\"@type\":\"ImageObject\",\"inLanguage\":\"es\",\"@id\":\"https:\/\/www.matts-guitar-shop.com\/es\/produit\/gibson-es-355-tdsv-1960\/#primaryimage\",\"url\":\"https:\/\/www.matts-guitar-shop.com\/wp-content\/uploads\/2026\/04\/Gibson-ES-355-TDSV-1960-01.jpg\",\"contentUrl\":\"https:\/\/www.matts-guitar-shop.com\/wp-content\/uploads\/2026\/04\/Gibson-ES-355-TDSV-1960-01.jpg\",\"width\":800,\"height\":1200},{\"@type\":\"BreadcrumbList\",\"@id\":\"https:\/\/www.matts-guitar-shop.com\/es\/produit\/gibson-es-355-tdsv-1960\/#breadcrumb\",\"itemListElement\":[{\"@type\":\"ListItem\",\"position\":1,\"name\":\"Inicio\",\"item\":\"https:\/\/www.matts-guitar-shop.com\/es\/\"},{\"@type\":\"ListItem\",\"position\":2,\"name\":\"Tienda\",\"item\":\"https:\/\/www.matts-guitar-shop.com\/es\/tienda\/\"},{\"@type\":\"ListItem\",\"position\":3,\"name\":\"Gibson ES-355 TDSV (1960)\"}]},{\"@type\":\"WebSite\",\"@id\":\"https:\/\/www.matts-guitar-shop.com\/es\/#website\",\"url\":\"https:\/\/www.matts-guitar-shop.com\/es\/\",\"name\":\"matts-guitar-shop.com\",\"description\":\"Guitar Shop\",\"publisher\":{\"@id\":\"https:\/\/www.matts-guitar-shop.com\/es\/#organization\"},\"potentialAction\":[{\"@type\":\"SearchAction\",\"target\":{\"@type\":\"EntryPoint\",\"urlTemplate\":\"https:\/\/www.matts-guitar-shop.com\/es\/?s={search_term_string}\"},\"query-input\":{\"@type\":\"PropertyValueSpecification\",\"valueRequired\":true,\"valueName\":\"search_term_string\"}}],\"inLanguage\":\"es\"},{\"@type\":\"Organization\",\"@id\":\"https:\/\/www.matts-guitar-shop.com\/es\/#organization\",\"name\":\"matts-guitar-shop.com\",\"url\":\"https:\/\/www.matts-guitar-shop.com\/es\/\",\"logo\":{\"@type\":\"ImageObject\",\"inLanguage\":\"es\",\"@id\":\"https:\/\/www.matts-guitar-shop.com\/es\/#\/schema\/logo\/image\/\",\"url\":\"https:\/\/www.matts-guitar-shop.com\/wp-content\/uploads\/2024\/09\/MGS-logo-site-02.png\",\"contentUrl\":\"https:\/\/www.matts-guitar-shop.com\/wp-content\/uploads\/2024\/09\/MGS-logo-site-02.png\",\"width\":200,\"height\":122,\"caption\":\"matts-guitar-shop.com\"},\"image\":{\"@id\":\"https:\/\/www.matts-guitar-shop.com\/es\/#\/schema\/logo\/image\/\"},\"sameAs\":[\"https:\/\/www.facebook.com\/profile.php?id=100044359842817\",\"https:\/\/www.instagram.com\/mattsguitarshop\/\",\"https:\/\/www.youtube.com\/@MattLucasMan\/videos\"]}]}<\/script>\n<!-- \/ Yoast SEO plugin. -->","yoast_head_json":{"title":"Gibson ES-355 TDSV (1960) - Matt&#039;s Guitar Shop","robots":{"index":"index","follow":"follow","max-snippet":"max-snippet:-1","max-image-preview":"max-image-preview:large","max-video-preview":"max-video-preview:-1"},"canonical":"https:\/\/www.matts-guitar-shop.com\/es\/produit\/gibson-es-355-tdsv-1960\/","og_locale":"es_ES","og_type":"article","og_title":"Gibson ES-355 TDSV (1960) - Matt&#039;s Guitar Shop","og_description":"Cette Gibson ES-355 TDSV de 1960 constitue le point culminant de la production semi-hollow des ateliers de Kalamazoo. D\u00e9clinaison prestigieuse de la 335, elle se distingue par des attributs luxueux tels qu'une touche en \u00e9b\u00e8ne, des incrustations de type \"blocks\" et l'embl\u00e9matique logo \"Split Diamond\" sur la t\u00eate.  Son syst\u00e8me TDSV (Thinline Double-cutaway Stereo Varitone) assure une modularit\u00e9 sonore hors du commun, offrant la possibilit\u00e9 d'ajuster le timbre avec une extr\u00eame pr\u00e9cision via le s\u00e9lecteur Varitone.  Habill\u00e9e d'un accastillage dor\u00e9 et du c\u00e9l\u00e8bre vernis Cherry, cette guitare conjugue le savoir-faire artisanal de l'\u00e2ge d'or de Gibson \u00e0 un confort de jeu irr\u00e9prochable.  Ce mod\u00e8le de collection, conserv\u00e9 dans un \u00e9tat exceptionnel, est une pi\u00e8ce de choix pour les musiciens et collectionneurs les plus pointus.","og_url":"https:\/\/www.matts-guitar-shop.com\/es\/produit\/gibson-es-355-tdsv-1960\/","og_site_name":"Matt&#039;s Guitar Shop","article_publisher":"https:\/\/www.facebook.com\/profile.php?id=100044359842817","article_modified_time":"2026-04-06T19:48:08+00:00","og_image":[{"width":800,"height":1200,"url":"https:\/\/www.matts-guitar-shop.com\/wp-content\/uploads\/2026\/04\/Gibson-ES-355-TDSV-1960-01.jpg","type":"image\/jpeg"}],"twitter_card":"summary_large_image","twitter_misc":{"Tiempo de lectura":"1 minuto"},"schema":{"@context":"https:\/\/schema.org","@graph":[{"@type":"WebPage","@id":"https:\/\/www.matts-guitar-shop.com\/es\/produit\/gibson-es-355-tdsv-1960\/","url":"https:\/\/www.matts-guitar-shop.com\/es\/produit\/gibson-es-355-tdsv-1960\/","name":"Gibson ES-355 TDSV (1960) - Matt&#039;s Guitar Shop","isPartOf":{"@id":"https:\/\/www.matts-guitar-shop.com\/es\/#website"},"primaryImageOfPage":{"@id":"https:\/\/www.matts-guitar-shop.com\/es\/produit\/gibson-es-355-tdsv-1960\/#primaryimage"},"image":{"@id":"https:\/\/www.matts-guitar-shop.com\/es\/produit\/gibson-es-355-tdsv-1960\/#primaryimage"},"thumbnailUrl":"https:\/\/www.matts-guitar-shop.com\/wp-content\/uploads\/2026\/04\/Gibson-ES-355-TDSV-1960-01.jpg","datePublished":"2026-04-06T19:48:07+00:00","dateModified":"2026-04-06T19:48:08+00:00","breadcrumb":{"@id":"https:\/\/www.matts-guitar-shop.com\/es\/produit\/gibson-es-355-tdsv-1960\/#breadcrumb"},"inLanguage":"es","potentialAction":[{"@type":"ReadAction","target":["https:\/\/www.matts-guitar-shop.com\/es\/produit\/gibson-es-355-tdsv-1960\/"]}]},{"@type":"ImageObject","inLanguage":"es","@id":"https:\/\/www.matts-guitar-shop.com\/es\/produit\/gibson-es-355-tdsv-1960\/#primaryimage","url":"https:\/\/www.matts-guitar-shop.com\/wp-content\/uploads\/2026\/04\/Gibson-ES-355-TDSV-1960-01.jpg","contentUrl":"https:\/\/www.matts-guitar-shop.com\/wp-content\/uploads\/2026\/04\/Gibson-ES-355-TDSV-1960-01.jpg","width":800,"height":1200},{"@type":"BreadcrumbList","@id":"https:\/\/www.matts-guitar-shop.com\/es\/produit\/gibson-es-355-tdsv-1960\/#breadcrumb","itemListElement":[{"@type":"ListItem","position":1,"name":"Inicio","item":"https:\/\/www.matts-guitar-shop.com\/es\/"},{"@type":"ListItem","position":2,"name":"Tienda","item":"https:\/\/www.matts-guitar-shop.com\/es\/tienda\/"},{"@type":"ListItem","position":3,"name":"Gibson ES-355 TDSV (1960)"}]},{"@type":"WebSite","@id":"https:\/\/www.matts-guitar-shop.com\/es\/#website","url":"https:\/\/www.matts-guitar-shop.com\/es\/","name":"matts-guitar-shop.com","description":"Guitar Shop","publisher":{"@id":"https:\/\/www.matts-guitar-shop.com\/es\/#organization"},"potentialAction":[{"@type":"SearchAction","target":{"@type":"EntryPoint","urlTemplate":"https:\/\/www.matts-guitar-shop.com\/es\/?s={search_term_string}"},"query-input":{"@type":"PropertyValueSpecification","valueRequired":true,"valueName":"search_term_string"}}],"inLanguage":"es"},{"@type":"Organization","@id":"https:\/\/www.matts-guitar-shop.com\/es\/#organization","name":"matts-guitar-shop.com","url":"https:\/\/www.matts-guitar-shop.com\/es\/","logo":{"@type":"ImageObject","inLanguage":"es","@id":"https:\/\/www.matts-guitar-shop.com\/es\/#\/schema\/logo\/image\/","url":"https:\/\/www.matts-guitar-shop.com\/wp-content\/uploads\/2024\/09\/MGS-logo-site-02.png","contentUrl":"https:\/\/www.matts-guitar-shop.com\/wp-content\/uploads\/2024\/09\/MGS-logo-site-02.png","width":200,"height":122,"caption":"matts-guitar-shop.com"},"image":{"@id":"https:\/\/www.matts-guitar-shop.com\/es\/#\/schema\/logo\/image\/"},"sameAs":["https:\/\/www.facebook.com\/profile.php?id=100044359842817","https:\/\/www.instagram.com\/mattsguitarshop\/","https:\/\/www.youtube.com\/@MattLucasMan\/videos"]}]}},"_links":{"self":[{"href":"https:\/\/www.matts-guitar-shop.com\/es\/wp-json\/wp\/v2\/product\/32374","targetHints":{"allow":["GET"]}}],"collection":[{"href":"https:\/\/www.matts-guitar-shop.com\/es\/wp-json\/wp\/v2\/product"}],"about":[{"href":"https:\/\/www.matts-guitar-shop.com\/es\/wp-json\/wp\/v2\/types\/product"}],"replies":[{"embeddable":true,"href":"https:\/\/www.matts-guitar-shop.com\/es\/wp-json\/wp\/v2\/comments?post=32374"}],"wp:featuredmedia":[{"embeddable":true,"href":"https:\/\/www.matts-guitar-shop.com\/es\/wp-json\/wp\/v2\/media\/32375"}],"wp:attachment":[{"href":"https:\/\/www.matts-guitar-shop.com\/es\/wp-json\/wp\/v2\/media?parent=32374"}],"wp:term":[{"taxonomy":"product_brand","embeddable":true,"href":"https:\/\/www.matts-guitar-shop.com\/es\/wp-json\/wp\/v2\/product_brand?post=32374"},{"taxonomy":"product_cat","embeddable":true,"href":"https:\/\/www.matts-guitar-shop.com\/es\/wp-json\/wp\/v2\/product_cat?post=32374"},{"taxonomy":"product_tag","embeddable":true,"href":"https:\/\/www.matts-guitar-shop.com\/es\/wp-json\/wp\/v2\/product_tag?post=32374"}],"curies":[{"name":"wp","href":"https:\/\/api.w.org\/{rel}","templated":true}]}}