{"id":19495,"date":"2024-08-12T18:53:09","date_gmt":"2024-08-12T16:53:09","guid":{"rendered":"https:\/\/www.matts-guitar-shop.com\/produit\/sundragon-edicion-limitada-18-50-firmada-por-jimmy-page\/"},"modified":"2025-11-18T20:22:58","modified_gmt":"2025-11-18T19:22:58","slug":"sundragon-edicion-limitada-18-50-firmada-por-jimmy-page","status":"publish","type":"product","link":"https:\/\/www.matts-guitar-shop.com\/es\/produit\/sundragon-edicion-limitada-18-50-firmada-por-jimmy-page\/","title":{"rendered":"Sundragon Edici\u00f3n Limitada #18\/50 firmada por Jimmy Page"},"content":{"rendered":"<p>Jimmy Page<br \/> (1944)<\/p>\n<p>Grupo: Led Zeppelin<br \/> Guitarra principal: Gibson Les Paul Standard 1959<br \/> Tema imprescindible: What Is And What Should Never Be<\/p>\n<p>El mago y el sex symbol. Dentro de Led Zeppelin, Page cre\u00f3 la imagen ic\u00f3nica del guitar hero, aquella que inspir\u00f3 a todos los solistas de los a\u00f1os 70. El cabello largo cubriendo sus ojos, los pantalones ajustados con motivos de drag\u00f3n, la Les Paul colgada muy baja\u2026 Page ya era carism\u00e1tico y misterioso con solo una guitarra en las manos, pero cuando adem\u00e1s se entregaba a rituales ocultos con arcos o therem\u00edn, la competencia no ten\u00eda ninguna posibilidad.<\/p>\n<p>Led Zeppelin no fue el primer proyecto de James Patrick Page: formaba parte de los guitarristas de estudio m\u00e1s solicitados del Londres de los a\u00f1os sesenta, lo que lo llev\u00f3 a tocar en \u00e1lbumes de Tom Jones, The Who e incluso Johnny Hallyday. A finales de la d\u00e9cada, se une al grupo The Yardbirds, en el que finalmente reemplaza a Jeff Beck, y poco a poco sustituye a todo el grupo hasta formar los New Yardbirds, compuestos por Page en la guitarra, John Paul Jones en el bajo (tambi\u00e9n m\u00fasico de estudio cercano a Page), Robert Plant (un joven cantante amateur del norte) y John Bonham (el bater\u00eda del grupo de Plant). Pocos meses despu\u00e9s, el grupo cambia su nombre a Led Zeppelin y se lanza a recorrer Europa y Am\u00e9rica para conquistar el mundo con riffs colosales, ambientes psicod\u00e9licos y letras fuertemente inspiradas en el Chicago Blues.<\/p>\n<p>Page graba el primer \u00e1lbum, lanzado en 1969, con una Telecaster de palisandro de 59, luego compra una Les Paul Burst a Joe Walsh y encuentra as\u00ed su verdad sonora. Riffs como Whole Lotta Love o Bring It On Home no habr\u00edan sonado igual sin el tono grueso y suculento de la divina Gibson. Led Zeppelin II consolida al grupo como un gigante imparable que no deja de conquistar nuevos fans mientras ignora las reglas del negocio musical tradicional: sin singles, sin apariciones televisivas y con \u00e1lbumes sistem\u00e1ticamente criticados, aunque pronto los cr\u00edticos reconocen que no entendieron lo que millones de fans s\u00ed vieron.<\/p>\n<p>El grupo se separa tras la tr\u00e1gica muerte de Bonham en 1980. Page tardar\u00e1 cinco a\u00f1os en formar un nuevo grupo, The Firm, con Paul Rodgers en la voz. Luego lanza su \u00e1lbum solista Outrider en 1988 y colabora con David Coverdale en 1993. Este \u00faltimo \u00e1lbum suena claramente como un intento de homenaje informal a Led Zeppelin, y lo inevitable ocurre un a\u00f1o despu\u00e9s, cuando el d\u00fao Page &#038; Plant lanza No Quarter, revisitando cl\u00e1sicos del Zep con una orquesta egipcia. Despu\u00e9s de Walking Into Clarksdale, que apenas demuestra que ambos a\u00fan ten\u00edan nuevas canciones por escribir, Page no lanzar\u00e1 m\u00e1s \u00e1lbumes de material original. Colabora con los Black Crowes en un live compuesto \u00fanicamente de canciones de Led Zeppelin, y actualmente parece concentrarse en el legado del grupo, supervisando magistralmente las diferentes reediciones y remasters. Con semejante mina de oro a su disposici\u00f3n, dif\u00edcilmente se le puede reprochar algo.<\/p>\n","protected":false},"excerpt":{"rendered":"<p><strong>Si un sonido tuviera que resumir el rock de la segunda mitad del siglo XX, sin duda ser\u00eda el de Led Zeppelin. \u00danico por su potencia feroz, su amplitud desatada y sus incursiones psicod\u00e9licas, el sonido mostrado en el primer \u00e1lbum hom\u00f3nimo del grupo es un tsunami que arrasa con todo lo conocido hasta entonces. Jimmy Page se muestra como un experimentador loco, forjando una identidad sonora incomparable que ha construido la gran historia de la m\u00fasica. Este amplificador Sundragon es el fruto de una colaboraci\u00f3n excepcional con Jimmy Page, reproduciendo fielmente el amplificador que el guitarrista utiliz\u00f3 para crear el sonido revolucionario del \u00e1lbum Led Zeppelin 1 y otros discos m\u00edticos.<\/strong><\/p>\n<p>Para celebrar el 50\u00ba aniversario de Led Zeppelin, Jimmy Page se asoci\u00f3 con Perry Margouleff y Mitch Colby para crear un amplificador extraordinario. Surge as\u00ed Sundragon, un amplificador que ofrece a todos los guitarristas la oportunidad de disfrutar de los sonidos \u00fanicos que cre\u00f3 para moldear el futuro del Rock and Roll. Se trata de una edici\u00f3n limitada de 50 Sundragons fabricados a mano, todos firmados en una placa ubicada en la parte trasera del amplificador.<\/p>\n<p>El amplificador original de Jimmy Page tiene una historia casi de novela que ha forjado su leyenda. Mientras estaba de gira con Neil Christian, el Supro Coronado cae del furg\u00f3n del grupo. Apasionado por este amplificador, el guitarrista lo hace restaurar y modificar en profundidad, obteniendo una paleta sonora \u00fanica y revolucionaria. Tras casi medio siglo de misterio, Jimmy Page decidi\u00f3 revelar al mundo los secretos de este amplificador pionero. Qued\u00f3 impresionado por los an\u00e1lisis cient\u00edficos realizados por Perry Margouleff y Mitch Colby para reproducir el sonido del Supro original. Este Sundragon es, por lo tanto, la reproducci\u00f3n m\u00e1s fiel del formidable sonido creado por Jimmy Page, que cambi\u00f3 la historia de la m\u00fasica. Solo hay que conectar el jack\u2026 \u00a1y renace la edad de oro del rock!<\/p>\n<p>Si tiene preguntas sobre este producto, \u00a1cont\u00e1ctenos!<\/p>\n","protected":false},"featured_media":19496,"comment_status":"open","ping_status":"closed","template":"","meta":{"_et_pb_use_builder":"","_et_pb_old_content":"","_et_gb_content_width":""},"product_brand":[],"product_cat":[515,651,652],"product_tag":[],"class_list":{"0":"post-19495","1":"product","2":"type-product","3":"status-publish","4":"has-post-thumbnail","6":"product_cat-ampli-efectos","7":"product_cat-amplis-es","8":"product_cat-artistas","9":"pa_artiste-jimmy-page-es","10":"pa_disponibilite-en-venta","11":"pa_marque-sundragon-es","13":"first","14":"instock","15":"shipping-taxable","16":"purchasable","17":"product-type-simple"},"yoast_head":"<!-- This site is optimized with the Yoast SEO plugin v26.8 - https:\/\/yoast.com\/product\/yoast-seo-wordpress\/ -->\n<title>Sundragon Edici\u00f3n Limitada #18\/50 firmada por Jimmy Page - Matt&#039;s Guitar Shop<\/title>\n<meta name=\"description\" content=\"Sundragon Limited Edition #18\/50 firmada por Jimmy Page. Un amplificador raro y de colecci\u00f3n, una pieza excepcional para los apasionados de Led Zeppelin.\" \/>\n<meta name=\"robots\" content=\"index, follow, max-snippet:-1, max-image-preview:large, max-video-preview:-1\" \/>\n<link rel=\"canonical\" href=\"https:\/\/www.matts-guitar-shop.com\/es\/produit\/sundragon-edicion-limitada-18-50-firmada-por-jimmy-page\/\" \/>\n<meta property=\"og:locale\" content=\"es_ES\" \/>\n<meta property=\"og:type\" content=\"article\" \/>\n<meta property=\"og:title\" content=\"Sundragon Edici\u00f3n Limitada #18\/50 firmada por Jimmy Page - Matt&#039;s Guitar Shop\" \/>\n<meta property=\"og:description\" content=\"Sundragon Limited Edition #18\/50 firmada por Jimmy Page. Un amplificador raro y de colecci\u00f3n, una pieza excepcional para los apasionados de Led Zeppelin.\" \/>\n<meta property=\"og:url\" content=\"https:\/\/www.matts-guitar-shop.com\/es\/produit\/sundragon-edicion-limitada-18-50-firmada-por-jimmy-page\/\" \/>\n<meta property=\"og:site_name\" content=\"Matt&#039;s Guitar Shop\" \/>\n<meta property=\"article:publisher\" content=\"https:\/\/www.facebook.com\/profile.php?id=100044359842817\" \/>\n<meta property=\"article:modified_time\" content=\"2025-11-18T19:22:58+00:00\" \/>\n<meta property=\"og:image\" content=\"https:\/\/www.matts-guitar-shop.com\/wp-content\/uploads\/2024\/08\/Sundragon-Limited-Edition-18-signed-by-Jimmy-Page-ampli.jpg\" \/>\n\t<meta property=\"og:image:width\" content=\"600\" \/>\n\t<meta property=\"og:image:height\" content=\"867\" \/>\n\t<meta property=\"og:image:type\" content=\"image\/jpeg\" \/>\n<meta name=\"twitter:card\" content=\"summary_large_image\" \/>\n<meta name=\"twitter:label1\" content=\"Tiempo de lectura\" \/>\n\t<meta name=\"twitter:data1\" content=\"3 minutos\" \/>\n<script type=\"application\/ld+json\" class=\"yoast-schema-graph\">{\"@context\":\"https:\/\/schema.org\",\"@graph\":[{\"@type\":\"WebPage\",\"@id\":\"https:\/\/www.matts-guitar-shop.com\/es\/produit\/sundragon-edicion-limitada-18-50-firmada-por-jimmy-page\/\",\"url\":\"https:\/\/www.matts-guitar-shop.com\/es\/produit\/sundragon-edicion-limitada-18-50-firmada-por-jimmy-page\/\",\"name\":\"Sundragon Edici\u00f3n Limitada #18\/50 firmada por Jimmy Page - Matt&#039;s Guitar Shop\",\"isPartOf\":{\"@id\":\"https:\/\/www.matts-guitar-shop.com\/es\/#website\"},\"primaryImageOfPage\":{\"@id\":\"https:\/\/www.matts-guitar-shop.com\/es\/produit\/sundragon-edicion-limitada-18-50-firmada-por-jimmy-page\/#primaryimage\"},\"image\":{\"@id\":\"https:\/\/www.matts-guitar-shop.com\/es\/produit\/sundragon-edicion-limitada-18-50-firmada-por-jimmy-page\/#primaryimage\"},\"thumbnailUrl\":\"https:\/\/www.matts-guitar-shop.com\/wp-content\/uploads\/2024\/08\/Sundragon-Limited-Edition-18-signed-by-Jimmy-Page-ampli.jpg\",\"datePublished\":\"2024-08-12T16:53:09+00:00\",\"dateModified\":\"2025-11-18T19:22:58+00:00\",\"description\":\"Sundragon Limited Edition #18\/50 firmada por Jimmy Page. Un amplificador raro y de colecci\u00f3n, una pieza excepcional para los apasionados de Led Zeppelin.\",\"breadcrumb\":{\"@id\":\"https:\/\/www.matts-guitar-shop.com\/es\/produit\/sundragon-edicion-limitada-18-50-firmada-por-jimmy-page\/#breadcrumb\"},\"inLanguage\":\"es\",\"potentialAction\":[{\"@type\":\"ReadAction\",\"target\":[\"https:\/\/www.matts-guitar-shop.com\/es\/produit\/sundragon-edicion-limitada-18-50-firmada-por-jimmy-page\/\"]}]},{\"@type\":\"ImageObject\",\"inLanguage\":\"es\",\"@id\":\"https:\/\/www.matts-guitar-shop.com\/es\/produit\/sundragon-edicion-limitada-18-50-firmada-por-jimmy-page\/#primaryimage\",\"url\":\"https:\/\/www.matts-guitar-shop.com\/wp-content\/uploads\/2024\/08\/Sundragon-Limited-Edition-18-signed-by-Jimmy-Page-ampli.jpg\",\"contentUrl\":\"https:\/\/www.matts-guitar-shop.com\/wp-content\/uploads\/2024\/08\/Sundragon-Limited-Edition-18-signed-by-Jimmy-Page-ampli.jpg\",\"width\":600,\"height\":867},{\"@type\":\"BreadcrumbList\",\"@id\":\"https:\/\/www.matts-guitar-shop.com\/es\/produit\/sundragon-edicion-limitada-18-50-firmada-por-jimmy-page\/#breadcrumb\",\"itemListElement\":[{\"@type\":\"ListItem\",\"position\":1,\"name\":\"Inicio\",\"item\":\"https:\/\/www.matts-guitar-shop.com\/es\/\"},{\"@type\":\"ListItem\",\"position\":2,\"name\":\"Tienda\",\"item\":\"https:\/\/www.matts-guitar-shop.com\/es\/tienda\/\"},{\"@type\":\"ListItem\",\"position\":3,\"name\":\"Sundragon Edici\u00f3n Limitada #18\/50 firmada por Jimmy Page\"}]},{\"@type\":\"WebSite\",\"@id\":\"https:\/\/www.matts-guitar-shop.com\/es\/#website\",\"url\":\"https:\/\/www.matts-guitar-shop.com\/es\/\",\"name\":\"matts-guitar-shop.com\",\"description\":\"Guitar Shop\",\"publisher\":{\"@id\":\"https:\/\/www.matts-guitar-shop.com\/es\/#organization\"},\"potentialAction\":[{\"@type\":\"SearchAction\",\"target\":{\"@type\":\"EntryPoint\",\"urlTemplate\":\"https:\/\/www.matts-guitar-shop.com\/es\/?s={search_term_string}\"},\"query-input\":{\"@type\":\"PropertyValueSpecification\",\"valueRequired\":true,\"valueName\":\"search_term_string\"}}],\"inLanguage\":\"es\"},{\"@type\":\"Organization\",\"@id\":\"https:\/\/www.matts-guitar-shop.com\/es\/#organization\",\"name\":\"matts-guitar-shop.com\",\"url\":\"https:\/\/www.matts-guitar-shop.com\/es\/\",\"logo\":{\"@type\":\"ImageObject\",\"inLanguage\":\"es\",\"@id\":\"https:\/\/www.matts-guitar-shop.com\/es\/#\/schema\/logo\/image\/\",\"url\":\"https:\/\/www.matts-guitar-shop.com\/wp-content\/uploads\/2024\/09\/MGS-logo-site-02.png\",\"contentUrl\":\"https:\/\/www.matts-guitar-shop.com\/wp-content\/uploads\/2024\/09\/MGS-logo-site-02.png\",\"width\":200,\"height\":122,\"caption\":\"matts-guitar-shop.com\"},\"image\":{\"@id\":\"https:\/\/www.matts-guitar-shop.com\/es\/#\/schema\/logo\/image\/\"},\"sameAs\":[\"https:\/\/www.facebook.com\/profile.php?id=100044359842817\",\"https:\/\/www.instagram.com\/mattsguitarshop\/\",\"https:\/\/www.youtube.com\/@MattLucasMan\/videos\"]}]}<\/script>\n<!-- \/ Yoast SEO plugin. -->","yoast_head_json":{"title":"Sundragon Edici\u00f3n Limitada #18\/50 firmada por Jimmy Page - Matt&#039;s Guitar Shop","description":"Sundragon Limited Edition #18\/50 firmada por Jimmy Page. Un amplificador raro y de colecci\u00f3n, una pieza excepcional para los apasionados de Led Zeppelin.","robots":{"index":"index","follow":"follow","max-snippet":"max-snippet:-1","max-image-preview":"max-image-preview:large","max-video-preview":"max-video-preview:-1"},"canonical":"https:\/\/www.matts-guitar-shop.com\/es\/produit\/sundragon-edicion-limitada-18-50-firmada-por-jimmy-page\/","og_locale":"es_ES","og_type":"article","og_title":"Sundragon Edici\u00f3n Limitada #18\/50 firmada por Jimmy Page - Matt&#039;s Guitar Shop","og_description":"Sundragon Limited Edition #18\/50 firmada por Jimmy Page. Un amplificador raro y de colecci\u00f3n, una pieza excepcional para los apasionados de Led Zeppelin.","og_url":"https:\/\/www.matts-guitar-shop.com\/es\/produit\/sundragon-edicion-limitada-18-50-firmada-por-jimmy-page\/","og_site_name":"Matt&#039;s Guitar Shop","article_publisher":"https:\/\/www.facebook.com\/profile.php?id=100044359842817","article_modified_time":"2025-11-18T19:22:58+00:00","og_image":[{"width":600,"height":867,"url":"https:\/\/www.matts-guitar-shop.com\/wp-content\/uploads\/2024\/08\/Sundragon-Limited-Edition-18-signed-by-Jimmy-Page-ampli.jpg","type":"image\/jpeg"}],"twitter_card":"summary_large_image","twitter_misc":{"Tiempo de lectura":"3 minutos"},"schema":{"@context":"https:\/\/schema.org","@graph":[{"@type":"WebPage","@id":"https:\/\/www.matts-guitar-shop.com\/es\/produit\/sundragon-edicion-limitada-18-50-firmada-por-jimmy-page\/","url":"https:\/\/www.matts-guitar-shop.com\/es\/produit\/sundragon-edicion-limitada-18-50-firmada-por-jimmy-page\/","name":"Sundragon Edici\u00f3n Limitada #18\/50 firmada por Jimmy Page - Matt&#039;s Guitar Shop","isPartOf":{"@id":"https:\/\/www.matts-guitar-shop.com\/es\/#website"},"primaryImageOfPage":{"@id":"https:\/\/www.matts-guitar-shop.com\/es\/produit\/sundragon-edicion-limitada-18-50-firmada-por-jimmy-page\/#primaryimage"},"image":{"@id":"https:\/\/www.matts-guitar-shop.com\/es\/produit\/sundragon-edicion-limitada-18-50-firmada-por-jimmy-page\/#primaryimage"},"thumbnailUrl":"https:\/\/www.matts-guitar-shop.com\/wp-content\/uploads\/2024\/08\/Sundragon-Limited-Edition-18-signed-by-Jimmy-Page-ampli.jpg","datePublished":"2024-08-12T16:53:09+00:00","dateModified":"2025-11-18T19:22:58+00:00","description":"Sundragon Limited Edition #18\/50 firmada por Jimmy Page. Un amplificador raro y de colecci\u00f3n, una pieza excepcional para los apasionados de Led Zeppelin.","breadcrumb":{"@id":"https:\/\/www.matts-guitar-shop.com\/es\/produit\/sundragon-edicion-limitada-18-50-firmada-por-jimmy-page\/#breadcrumb"},"inLanguage":"es","potentialAction":[{"@type":"ReadAction","target":["https:\/\/www.matts-guitar-shop.com\/es\/produit\/sundragon-edicion-limitada-18-50-firmada-por-jimmy-page\/"]}]},{"@type":"ImageObject","inLanguage":"es","@id":"https:\/\/www.matts-guitar-shop.com\/es\/produit\/sundragon-edicion-limitada-18-50-firmada-por-jimmy-page\/#primaryimage","url":"https:\/\/www.matts-guitar-shop.com\/wp-content\/uploads\/2024\/08\/Sundragon-Limited-Edition-18-signed-by-Jimmy-Page-ampli.jpg","contentUrl":"https:\/\/www.matts-guitar-shop.com\/wp-content\/uploads\/2024\/08\/Sundragon-Limited-Edition-18-signed-by-Jimmy-Page-ampli.jpg","width":600,"height":867},{"@type":"BreadcrumbList","@id":"https:\/\/www.matts-guitar-shop.com\/es\/produit\/sundragon-edicion-limitada-18-50-firmada-por-jimmy-page\/#breadcrumb","itemListElement":[{"@type":"ListItem","position":1,"name":"Inicio","item":"https:\/\/www.matts-guitar-shop.com\/es\/"},{"@type":"ListItem","position":2,"name":"Tienda","item":"https:\/\/www.matts-guitar-shop.com\/es\/tienda\/"},{"@type":"ListItem","position":3,"name":"Sundragon Edici\u00f3n Limitada #18\/50 firmada por Jimmy Page"}]},{"@type":"WebSite","@id":"https:\/\/www.matts-guitar-shop.com\/es\/#website","url":"https:\/\/www.matts-guitar-shop.com\/es\/","name":"matts-guitar-shop.com","description":"Guitar Shop","publisher":{"@id":"https:\/\/www.matts-guitar-shop.com\/es\/#organization"},"potentialAction":[{"@type":"SearchAction","target":{"@type":"EntryPoint","urlTemplate":"https:\/\/www.matts-guitar-shop.com\/es\/?s={search_term_string}"},"query-input":{"@type":"PropertyValueSpecification","valueRequired":true,"valueName":"search_term_string"}}],"inLanguage":"es"},{"@type":"Organization","@id":"https:\/\/www.matts-guitar-shop.com\/es\/#organization","name":"matts-guitar-shop.com","url":"https:\/\/www.matts-guitar-shop.com\/es\/","logo":{"@type":"ImageObject","inLanguage":"es","@id":"https:\/\/www.matts-guitar-shop.com\/es\/#\/schema\/logo\/image\/","url":"https:\/\/www.matts-guitar-shop.com\/wp-content\/uploads\/2024\/09\/MGS-logo-site-02.png","contentUrl":"https:\/\/www.matts-guitar-shop.com\/wp-content\/uploads\/2024\/09\/MGS-logo-site-02.png","width":200,"height":122,"caption":"matts-guitar-shop.com"},"image":{"@id":"https:\/\/www.matts-guitar-shop.com\/es\/#\/schema\/logo\/image\/"},"sameAs":["https:\/\/www.facebook.com\/profile.php?id=100044359842817","https:\/\/www.instagram.com\/mattsguitarshop\/","https:\/\/www.youtube.com\/@MattLucasMan\/videos"]}]}},"_links":{"self":[{"href":"https:\/\/www.matts-guitar-shop.com\/es\/wp-json\/wp\/v2\/product\/19495","targetHints":{"allow":["GET"]}}],"collection":[{"href":"https:\/\/www.matts-guitar-shop.com\/es\/wp-json\/wp\/v2\/product"}],"about":[{"href":"https:\/\/www.matts-guitar-shop.com\/es\/wp-json\/wp\/v2\/types\/product"}],"replies":[{"embeddable":true,"href":"https:\/\/www.matts-guitar-shop.com\/es\/wp-json\/wp\/v2\/comments?post=19495"}],"wp:featuredmedia":[{"embeddable":true,"href":"https:\/\/www.matts-guitar-shop.com\/es\/wp-json\/wp\/v2\/media\/19496"}],"wp:attachment":[{"href":"https:\/\/www.matts-guitar-shop.com\/es\/wp-json\/wp\/v2\/media?parent=19495"}],"wp:term":[{"taxonomy":"product_brand","embeddable":true,"href":"https:\/\/www.matts-guitar-shop.com\/es\/wp-json\/wp\/v2\/product_brand?post=19495"},{"taxonomy":"product_cat","embeddable":true,"href":"https:\/\/www.matts-guitar-shop.com\/es\/wp-json\/wp\/v2\/product_cat?post=19495"},{"taxonomy":"product_tag","embeddable":true,"href":"https:\/\/www.matts-guitar-shop.com\/es\/wp-json\/wp\/v2\/product_tag?post=19495"}],"curies":[{"name":"wp","href":"https:\/\/api.w.org\/{rel}","templated":true}]}}