{"id":19297,"date":"2024-08-15T20:53:29","date_gmt":"2024-08-15T18:53:29","guid":{"rendered":"https:\/\/www.matts-guitar-shop.com\/produit\/fender-precision-bajo-ex-colin-greenwood-radiohead\/"},"modified":"2024-08-15T20:53:29","modified_gmt":"2024-08-15T18:53:29","slug":"fender-precision-bajo-ex-colin-greenwood-radiohead","status":"publish","type":"product","link":"https:\/\/www.matts-guitar-shop.com\/es\/produit\/fender-precision-bajo-ex-colin-greenwood-radiohead\/","title":{"rendered":"Fender Precision Bajo Ex Colin Greenwood &#8211; Radiohead"},"content":{"rendered":"<p>\u00a1Si tiene alguna pregunta sobre este producto, cont\u00e1ctenos!<\/p>\n","protected":false},"excerpt":{"rendered":"<p><strong>Existen instrumentos que hablan por s\u00ed mismos de su impresionante legado y de su uso repetido a lo largo de las d\u00e9cadas. Este Fender Precision Bass de 1960 es uno de ellos: su p\u00e1tina realzada por el tiempo y sus marcas repetidas hacen so\u00f1ar sobre la historia que lleva su madera. No hace falta m\u00e1s que un nombre, el de Colin Greenwood, para reforzar la dimensi\u00f3n m\u00edstica y el aura de este magn\u00edfico bajo.<\/strong><\/p>\n<p>El Fender Precision Bass es un bajo m\u00edtico de la gama Fender, introducido en 1951. Desde entonces se ha mantenido como una referencia en el mundo de la m\u00fasica amplificada, siendo utilizado en una amplia variedad de estilos musicales. De una ligereza legendaria, ofrece sonoridades profundas y llenas de cuerpo. Este bajo es un modelo de 1960. La pintura original ha sido retirada, otorg\u00e1ndole un acabado natural absolutamente hermoso, aunque conserva el pickguard original de carey. Se ha a\u00f1adido un micro Jazz y el cableado se ha ajustado en consecuencia. El m\u00e1stil y la pala son originales, siendo el \u00fanico a\u00f1adido un afinador Hipshot.<\/p>\n<p>Si este instrumento ya es de por s\u00ed una pieza magn\u00edfica, su procedencia completa su incre\u00edble historia. Fue utilizado por Colin Greenwood, el bajista de Radiohead, durante la grabaci\u00f3n del \u00e1lbum \u00abThe Bends\u00bb en 1994, y m\u00e1s concretamente en la canci\u00f3n Fake Plastic Trees. Este Precision Bass fue prestado a los estudios RAK de Londres durante la sesi\u00f3n del grupo para grabar su segundo \u00e1lbum, entre otros instrumentos. El ingeniero de sonido de Radiohead precis\u00f3 que solo se utiliz\u00f3 este bajo para la grabaci\u00f3n, ya que Colin Greenwood apreciaba especialmente su sonido redondo y c\u00e1lido. Por si fuera poco, este bajo pas\u00f3 despu\u00e9s a manos de Steve Harris, el famoso bajista de Iron Maiden\u2026 \u00a1Un instrumento excepcional listo para inspirar a otros m\u00fasicos!<\/p>\n","protected":false},"featured_media":19298,"comment_status":"open","ping_status":"closed","template":"","meta":{"_et_pb_use_builder":"","_et_pb_old_content":"","_et_gb_content_width":""},"product_brand":[],"product_cat":[656,659,652,655],"product_tag":[],"class_list":{"0":"post-19297","1":"product","2":"type-product","3":"status-publish","4":"has-post-thumbnail","6":"product_cat-bajos","7":"product_cat-guitarras-electricas","8":"product_cat-artistas","9":"product_cat-guitarras","10":"pa_artiste-colin-greenwood-es","11":"pa_disponibilite-en-venta","12":"pa_marque-fender-es","14":"first","15":"instock","16":"shipping-taxable","17":"product-type-simple"},"yoast_head":"<!-- This site is optimized with the Yoast SEO plugin v26.8 - https:\/\/yoast.com\/product\/yoast-seo-wordpress\/ -->\n<title>Fender Precision Bajo Ex Colin Greenwood - Radiohead - Matt&#039;s Guitar Shop<\/title>\n<meta name=\"robots\" content=\"index, follow, max-snippet:-1, max-image-preview:large, max-video-preview:-1\" \/>\n<link rel=\"canonical\" href=\"https:\/\/www.matts-guitar-shop.com\/es\/produit\/fender-precision-bajo-ex-colin-greenwood-radiohead\/\" \/>\n<meta property=\"og:locale\" content=\"es_ES\" \/>\n<meta property=\"og:type\" content=\"article\" \/>\n<meta property=\"og:title\" content=\"Fender Precision Bajo Ex Colin Greenwood - Radiohead - Matt&#039;s Guitar Shop\" \/>\n<meta property=\"og:description\" content=\"Existen instrumentos que hablan por s\u00ed mismos de su impresionante legado y de su uso repetido a lo largo de las d\u00e9cadas. Este Fender Precision Bass de 1960 es uno de ellos: su p\u00e1tina realzada por el tiempo y sus marcas repetidas hacen so\u00f1ar sobre la historia que lleva su madera. No hace falta m\u00e1s que un nombre, el de Colin Greenwood, para reforzar la dimensi\u00f3n m\u00edstica y el aura de este magn\u00edfico bajo. El Fender Precision Bass es un bajo m\u00edtico de la gama Fender, introducido en 1951. Desde entonces se ha mantenido como una referencia en el mundo de la m\u00fasica amplificada, siendo utilizado en una amplia variedad de estilos musicales. De una ligereza legendaria, ofrece sonoridades profundas y llenas de cuerpo. Este bajo es un modelo de 1960. La pintura original ha sido retirada, otorg\u00e1ndole un acabado natural absolutamente hermoso, aunque conserva el pickguard original de carey. Se ha a\u00f1adido un micro Jazz y el cableado se ha ajustado en consecuencia. El m\u00e1stil y la pala son originales, siendo el \u00fanico a\u00f1adido un afinador Hipshot. Si este instrumento ya es de por s\u00ed una pieza magn\u00edfica, su procedencia completa su incre\u00edble historia. Fue utilizado por Colin Greenwood, el bajista de Radiohead, durante la grabaci\u00f3n del \u00e1lbum \u00abThe Bends\u00bb en 1994, y m\u00e1s concretamente en la canci\u00f3n Fake Plastic Trees. Este Precision Bass fue prestado a los estudios RAK de Londres durante la sesi\u00f3n del grupo para grabar su segundo \u00e1lbum, entre otros instrumentos. El ingeniero de sonido de Radiohead precis\u00f3 que solo se utiliz\u00f3 este bajo para la grabaci\u00f3n, ya que Colin Greenwood apreciaba especialmente su sonido redondo y c\u00e1lido. Por si fuera poco, este bajo pas\u00f3 despu\u00e9s a manos de Steve Harris, el famoso bajista de Iron Maiden\u2026 \u00a1Un instrumento excepcional listo para inspirar a otros m\u00fasicos!\" \/>\n<meta property=\"og:url\" content=\"https:\/\/www.matts-guitar-shop.com\/es\/produit\/fender-precision-bajo-ex-colin-greenwood-radiohead\/\" \/>\n<meta property=\"og:site_name\" content=\"Matt&#039;s Guitar Shop\" \/>\n<meta property=\"article:publisher\" content=\"https:\/\/www.facebook.com\/profile.php?id=100044359842817\" \/>\n<meta property=\"og:image\" content=\"https:\/\/www.matts-guitar-shop.com\/wp-content\/uploads\/2024\/08\/Fender-Precision-Bass-Ex-Colin-Greenwood-Radiohead-00.jpg\" \/>\n\t<meta property=\"og:image:width\" content=\"692\" \/>\n\t<meta property=\"og:image:height\" content=\"1000\" \/>\n\t<meta property=\"og:image:type\" content=\"image\/jpeg\" \/>\n<meta name=\"twitter:card\" content=\"summary_large_image\" \/>\n<script type=\"application\/ld+json\" class=\"yoast-schema-graph\">{\"@context\":\"https:\/\/schema.org\",\"@graph\":[{\"@type\":\"WebPage\",\"@id\":\"https:\/\/www.matts-guitar-shop.com\/es\/produit\/fender-precision-bajo-ex-colin-greenwood-radiohead\/\",\"url\":\"https:\/\/www.matts-guitar-shop.com\/es\/produit\/fender-precision-bajo-ex-colin-greenwood-radiohead\/\",\"name\":\"Fender Precision Bajo Ex Colin Greenwood - Radiohead - Matt&#039;s Guitar Shop\",\"isPartOf\":{\"@id\":\"https:\/\/www.matts-guitar-shop.com\/es\/#website\"},\"primaryImageOfPage\":{\"@id\":\"https:\/\/www.matts-guitar-shop.com\/es\/produit\/fender-precision-bajo-ex-colin-greenwood-radiohead\/#primaryimage\"},\"image\":{\"@id\":\"https:\/\/www.matts-guitar-shop.com\/es\/produit\/fender-precision-bajo-ex-colin-greenwood-radiohead\/#primaryimage\"},\"thumbnailUrl\":\"https:\/\/www.matts-guitar-shop.com\/wp-content\/uploads\/2024\/08\/Fender-Precision-Bass-Ex-Colin-Greenwood-Radiohead-00.jpg\",\"datePublished\":\"2024-08-15T18:53:29+00:00\",\"breadcrumb\":{\"@id\":\"https:\/\/www.matts-guitar-shop.com\/es\/produit\/fender-precision-bajo-ex-colin-greenwood-radiohead\/#breadcrumb\"},\"inLanguage\":\"es\",\"potentialAction\":[{\"@type\":\"ReadAction\",\"target\":[\"https:\/\/www.matts-guitar-shop.com\/es\/produit\/fender-precision-bajo-ex-colin-greenwood-radiohead\/\"]}]},{\"@type\":\"ImageObject\",\"inLanguage\":\"es\",\"@id\":\"https:\/\/www.matts-guitar-shop.com\/es\/produit\/fender-precision-bajo-ex-colin-greenwood-radiohead\/#primaryimage\",\"url\":\"https:\/\/www.matts-guitar-shop.com\/wp-content\/uploads\/2024\/08\/Fender-Precision-Bass-Ex-Colin-Greenwood-Radiohead-00.jpg\",\"contentUrl\":\"https:\/\/www.matts-guitar-shop.com\/wp-content\/uploads\/2024\/08\/Fender-Precision-Bass-Ex-Colin-Greenwood-Radiohead-00.jpg\",\"width\":692,\"height\":1000},{\"@type\":\"BreadcrumbList\",\"@id\":\"https:\/\/www.matts-guitar-shop.com\/es\/produit\/fender-precision-bajo-ex-colin-greenwood-radiohead\/#breadcrumb\",\"itemListElement\":[{\"@type\":\"ListItem\",\"position\":1,\"name\":\"Inicio\",\"item\":\"https:\/\/www.matts-guitar-shop.com\/es\/\"},{\"@type\":\"ListItem\",\"position\":2,\"name\":\"Tienda\",\"item\":\"https:\/\/www.matts-guitar-shop.com\/es\/tienda\/\"},{\"@type\":\"ListItem\",\"position\":3,\"name\":\"Fender Precision Bajo Ex Colin Greenwood &#8211; Radiohead\"}]},{\"@type\":\"WebSite\",\"@id\":\"https:\/\/www.matts-guitar-shop.com\/es\/#website\",\"url\":\"https:\/\/www.matts-guitar-shop.com\/es\/\",\"name\":\"matts-guitar-shop.com\",\"description\":\"Guitar Shop\",\"publisher\":{\"@id\":\"https:\/\/www.matts-guitar-shop.com\/es\/#organization\"},\"potentialAction\":[{\"@type\":\"SearchAction\",\"target\":{\"@type\":\"EntryPoint\",\"urlTemplate\":\"https:\/\/www.matts-guitar-shop.com\/es\/?s={search_term_string}\"},\"query-input\":{\"@type\":\"PropertyValueSpecification\",\"valueRequired\":true,\"valueName\":\"search_term_string\"}}],\"inLanguage\":\"es\"},{\"@type\":\"Organization\",\"@id\":\"https:\/\/www.matts-guitar-shop.com\/es\/#organization\",\"name\":\"matts-guitar-shop.com\",\"url\":\"https:\/\/www.matts-guitar-shop.com\/es\/\",\"logo\":{\"@type\":\"ImageObject\",\"inLanguage\":\"es\",\"@id\":\"https:\/\/www.matts-guitar-shop.com\/es\/#\/schema\/logo\/image\/\",\"url\":\"https:\/\/www.matts-guitar-shop.com\/wp-content\/uploads\/2024\/09\/MGS-logo-site-02.png\",\"contentUrl\":\"https:\/\/www.matts-guitar-shop.com\/wp-content\/uploads\/2024\/09\/MGS-logo-site-02.png\",\"width\":200,\"height\":122,\"caption\":\"matts-guitar-shop.com\"},\"image\":{\"@id\":\"https:\/\/www.matts-guitar-shop.com\/es\/#\/schema\/logo\/image\/\"},\"sameAs\":[\"https:\/\/www.facebook.com\/profile.php?id=100044359842817\",\"https:\/\/www.instagram.com\/mattsguitarshop\/\",\"https:\/\/www.youtube.com\/@MattLucasMan\/videos\"]}]}<\/script>\n<!-- \/ Yoast SEO plugin. -->","yoast_head_json":{"title":"Fender Precision Bajo Ex Colin Greenwood - Radiohead - Matt&#039;s Guitar Shop","robots":{"index":"index","follow":"follow","max-snippet":"max-snippet:-1","max-image-preview":"max-image-preview:large","max-video-preview":"max-video-preview:-1"},"canonical":"https:\/\/www.matts-guitar-shop.com\/es\/produit\/fender-precision-bajo-ex-colin-greenwood-radiohead\/","og_locale":"es_ES","og_type":"article","og_title":"Fender Precision Bajo Ex Colin Greenwood - Radiohead - Matt&#039;s Guitar Shop","og_description":"Existen instrumentos que hablan por s\u00ed mismos de su impresionante legado y de su uso repetido a lo largo de las d\u00e9cadas. Este Fender Precision Bass de 1960 es uno de ellos: su p\u00e1tina realzada por el tiempo y sus marcas repetidas hacen so\u00f1ar sobre la historia que lleva su madera. No hace falta m\u00e1s que un nombre, el de Colin Greenwood, para reforzar la dimensi\u00f3n m\u00edstica y el aura de este magn\u00edfico bajo. El Fender Precision Bass es un bajo m\u00edtico de la gama Fender, introducido en 1951. Desde entonces se ha mantenido como una referencia en el mundo de la m\u00fasica amplificada, siendo utilizado en una amplia variedad de estilos musicales. De una ligereza legendaria, ofrece sonoridades profundas y llenas de cuerpo. Este bajo es un modelo de 1960. La pintura original ha sido retirada, otorg\u00e1ndole un acabado natural absolutamente hermoso, aunque conserva el pickguard original de carey. Se ha a\u00f1adido un micro Jazz y el cableado se ha ajustado en consecuencia. El m\u00e1stil y la pala son originales, siendo el \u00fanico a\u00f1adido un afinador Hipshot. Si este instrumento ya es de por s\u00ed una pieza magn\u00edfica, su procedencia completa su incre\u00edble historia. Fue utilizado por Colin Greenwood, el bajista de Radiohead, durante la grabaci\u00f3n del \u00e1lbum \u00abThe Bends\u00bb en 1994, y m\u00e1s concretamente en la canci\u00f3n Fake Plastic Trees. Este Precision Bass fue prestado a los estudios RAK de Londres durante la sesi\u00f3n del grupo para grabar su segundo \u00e1lbum, entre otros instrumentos. El ingeniero de sonido de Radiohead precis\u00f3 que solo se utiliz\u00f3 este bajo para la grabaci\u00f3n, ya que Colin Greenwood apreciaba especialmente su sonido redondo y c\u00e1lido. Por si fuera poco, este bajo pas\u00f3 despu\u00e9s a manos de Steve Harris, el famoso bajista de Iron Maiden\u2026 \u00a1Un instrumento excepcional listo para inspirar a otros m\u00fasicos!","og_url":"https:\/\/www.matts-guitar-shop.com\/es\/produit\/fender-precision-bajo-ex-colin-greenwood-radiohead\/","og_site_name":"Matt&#039;s Guitar Shop","article_publisher":"https:\/\/www.facebook.com\/profile.php?id=100044359842817","og_image":[{"width":692,"height":1000,"url":"https:\/\/www.matts-guitar-shop.com\/wp-content\/uploads\/2024\/08\/Fender-Precision-Bass-Ex-Colin-Greenwood-Radiohead-00.jpg","type":"image\/jpeg"}],"twitter_card":"summary_large_image","schema":{"@context":"https:\/\/schema.org","@graph":[{"@type":"WebPage","@id":"https:\/\/www.matts-guitar-shop.com\/es\/produit\/fender-precision-bajo-ex-colin-greenwood-radiohead\/","url":"https:\/\/www.matts-guitar-shop.com\/es\/produit\/fender-precision-bajo-ex-colin-greenwood-radiohead\/","name":"Fender Precision Bajo Ex Colin Greenwood - Radiohead - Matt&#039;s Guitar Shop","isPartOf":{"@id":"https:\/\/www.matts-guitar-shop.com\/es\/#website"},"primaryImageOfPage":{"@id":"https:\/\/www.matts-guitar-shop.com\/es\/produit\/fender-precision-bajo-ex-colin-greenwood-radiohead\/#primaryimage"},"image":{"@id":"https:\/\/www.matts-guitar-shop.com\/es\/produit\/fender-precision-bajo-ex-colin-greenwood-radiohead\/#primaryimage"},"thumbnailUrl":"https:\/\/www.matts-guitar-shop.com\/wp-content\/uploads\/2024\/08\/Fender-Precision-Bass-Ex-Colin-Greenwood-Radiohead-00.jpg","datePublished":"2024-08-15T18:53:29+00:00","breadcrumb":{"@id":"https:\/\/www.matts-guitar-shop.com\/es\/produit\/fender-precision-bajo-ex-colin-greenwood-radiohead\/#breadcrumb"},"inLanguage":"es","potentialAction":[{"@type":"ReadAction","target":["https:\/\/www.matts-guitar-shop.com\/es\/produit\/fender-precision-bajo-ex-colin-greenwood-radiohead\/"]}]},{"@type":"ImageObject","inLanguage":"es","@id":"https:\/\/www.matts-guitar-shop.com\/es\/produit\/fender-precision-bajo-ex-colin-greenwood-radiohead\/#primaryimage","url":"https:\/\/www.matts-guitar-shop.com\/wp-content\/uploads\/2024\/08\/Fender-Precision-Bass-Ex-Colin-Greenwood-Radiohead-00.jpg","contentUrl":"https:\/\/www.matts-guitar-shop.com\/wp-content\/uploads\/2024\/08\/Fender-Precision-Bass-Ex-Colin-Greenwood-Radiohead-00.jpg","width":692,"height":1000},{"@type":"BreadcrumbList","@id":"https:\/\/www.matts-guitar-shop.com\/es\/produit\/fender-precision-bajo-ex-colin-greenwood-radiohead\/#breadcrumb","itemListElement":[{"@type":"ListItem","position":1,"name":"Inicio","item":"https:\/\/www.matts-guitar-shop.com\/es\/"},{"@type":"ListItem","position":2,"name":"Tienda","item":"https:\/\/www.matts-guitar-shop.com\/es\/tienda\/"},{"@type":"ListItem","position":3,"name":"Fender Precision Bajo Ex Colin Greenwood &#8211; Radiohead"}]},{"@type":"WebSite","@id":"https:\/\/www.matts-guitar-shop.com\/es\/#website","url":"https:\/\/www.matts-guitar-shop.com\/es\/","name":"matts-guitar-shop.com","description":"Guitar Shop","publisher":{"@id":"https:\/\/www.matts-guitar-shop.com\/es\/#organization"},"potentialAction":[{"@type":"SearchAction","target":{"@type":"EntryPoint","urlTemplate":"https:\/\/www.matts-guitar-shop.com\/es\/?s={search_term_string}"},"query-input":{"@type":"PropertyValueSpecification","valueRequired":true,"valueName":"search_term_string"}}],"inLanguage":"es"},{"@type":"Organization","@id":"https:\/\/www.matts-guitar-shop.com\/es\/#organization","name":"matts-guitar-shop.com","url":"https:\/\/www.matts-guitar-shop.com\/es\/","logo":{"@type":"ImageObject","inLanguage":"es","@id":"https:\/\/www.matts-guitar-shop.com\/es\/#\/schema\/logo\/image\/","url":"https:\/\/www.matts-guitar-shop.com\/wp-content\/uploads\/2024\/09\/MGS-logo-site-02.png","contentUrl":"https:\/\/www.matts-guitar-shop.com\/wp-content\/uploads\/2024\/09\/MGS-logo-site-02.png","width":200,"height":122,"caption":"matts-guitar-shop.com"},"image":{"@id":"https:\/\/www.matts-guitar-shop.com\/es\/#\/schema\/logo\/image\/"},"sameAs":["https:\/\/www.facebook.com\/profile.php?id=100044359842817","https:\/\/www.instagram.com\/mattsguitarshop\/","https:\/\/www.youtube.com\/@MattLucasMan\/videos"]}]}},"_links":{"self":[{"href":"https:\/\/www.matts-guitar-shop.com\/es\/wp-json\/wp\/v2\/product\/19297","targetHints":{"allow":["GET"]}}],"collection":[{"href":"https:\/\/www.matts-guitar-shop.com\/es\/wp-json\/wp\/v2\/product"}],"about":[{"href":"https:\/\/www.matts-guitar-shop.com\/es\/wp-json\/wp\/v2\/types\/product"}],"replies":[{"embeddable":true,"href":"https:\/\/www.matts-guitar-shop.com\/es\/wp-json\/wp\/v2\/comments?post=19297"}],"wp:featuredmedia":[{"embeddable":true,"href":"https:\/\/www.matts-guitar-shop.com\/es\/wp-json\/wp\/v2\/media\/19298"}],"wp:attachment":[{"href":"https:\/\/www.matts-guitar-shop.com\/es\/wp-json\/wp\/v2\/media?parent=19297"}],"wp:term":[{"taxonomy":"product_brand","embeddable":true,"href":"https:\/\/www.matts-guitar-shop.com\/es\/wp-json\/wp\/v2\/product_brand?post=19297"},{"taxonomy":"product_cat","embeddable":true,"href":"https:\/\/www.matts-guitar-shop.com\/es\/wp-json\/wp\/v2\/product_cat?post=19297"},{"taxonomy":"product_tag","embeddable":true,"href":"https:\/\/www.matts-guitar-shop.com\/es\/wp-json\/wp\/v2\/product_tag?post=19297"}],"curies":[{"name":"wp","href":"https:\/\/api.w.org\/{rel}","templated":true}]}}