{"id":19251,"date":"2024-08-15T20:20:59","date_gmt":"2024-08-15T18:20:59","guid":{"rendered":"https:\/\/www.matts-guitar-shop.com\/produit\/fender-stratocaster-eric-clapton-edition-crash-crossroads\/"},"modified":"2024-08-15T20:20:59","modified_gmt":"2024-08-15T18:20:59","slug":"fender-stratocaster-eric-clapton-edition-crash-crossroads","status":"publish","type":"product","link":"https:\/\/www.matts-guitar-shop.com\/es\/produit\/fender-stratocaster-eric-clapton-edition-crash-crossroads\/","title":{"rendered":"Fender Stratocaster Eric Clapton \u00c9dition Crash Crossroads"},"content":{"rendered":"<p>Eric Clapton<br \/> <br \/>\n(1945)<\/p>\n<p>Grupo: Cream<br \/> Guitarra principal: Fender Stratocaster<br \/> Canci\u00f3n imprescindible: Crossroads<\/p>\n<p>M\u00e1s que un simple m\u00fasico, Clapton se ha convertido en un \u00edcono mundial, sin duda el bluesman y guitarrista m\u00e1s conocido por el gran p\u00fablico, sin dejar de ser apreciado por los verdaderos conocedores. Hay que decir que el papel del joven Eric fue m\u00e1s que determinante en la creaci\u00f3n de un verdadero blues brit\u00e1nico y en su exportaci\u00f3n hacia Estados Unidos.<\/p>\n<p>Clapton se form\u00f3 en The Yardbirds, un grupo que combinaba influencias del Chicago Blues y pop, con su Telecaster conectada a un AC30. Pero tras el sencillo For Your Love (1965), demasiado pop para su gusto, se une a un grupo de puristas llamado John Mayall and the Bluesbreakers. S\u00f3lo estuvo unos meses con Mayall, pero ese tiempo fue suficiente para grabar los temas memorables del \u00e1lbum hom\u00f3nimo \u201cWith Eric Clapton\u201d de 1966. Con este hist\u00f3rico trabajo, el mundo descubri\u00f3 la combinaci\u00f3n letal de una Les Paul sunburst, entonces un modelo que no interesaba a nadie, conectada a un amplificador Marshall. La f\u00f3rmula fue adoptada por innumerables estrellas del rock, pero la electricidad poderosa del juego de Clapton en ese disco nunca fue igualada del todo. Inspir\u00f3 a toda una generaci\u00f3n de guitarristas brit\u00e1nicos y fans que lo apodaron \u201cdios\u201d.<\/p>\n<p>En 1966, se une al tr\u00edo formado por el baterista Ginger Baker junto a Jack Bruce (tambi\u00e9n ex de John Mayall): naci\u00f3 Cream. El tr\u00edo de virtuosos reinvent\u00f3 el blues el\u00e9ctrico volviendo a sus ra\u00edces, inyectando una urgencia psicod\u00e9lica a las obras de los grandes antiguos. En el grupo, Clapton aparece con una SG cubierta de dibujos delirantes (\u201cThe Fool\u201d) y una ES-335 Cherry Red. Luego Cream estall\u00f3 por los egos enfrentados, y Clapton form\u00f3 Blind Faith con Steve Winwood, donde tocaba una Telecaster con m\u00e1stil de Strat, primer signo de su marcado gusto por ensamblar Fender.<\/p>\n<p>En 1970, Clapton se esconde tras el nombre de grupo Derek And The Dominos para el magn\u00edfico \u00e1lbum Layla, y finalmente decide asumir su estatus como solista, comenzando a sacar discos bajo su propio nombre, empezando por el \u00e1lbum hom\u00f3nimo de 1970 y luego 461 Ocean Boulevard en 1974. A continuaci\u00f3n, produjo discos m\u00e1s o menos apasionantes en los que siempre se encuentra el sonido Strat, que hizo imprescindible, generalmente con su fiel Blackie, una Strat de los cincuenta negra ensamblada a partir de varios instrumentos vintage.<\/p>\n<p>El \u00e1lbum definitivo que lanz\u00f3 a Clapton a\u00fan m\u00e1s lejos lleg\u00f3 en 1992 con Unplugged, un simple concierto ac\u00fastico para un programa de MTV que se convirti\u00f3 en un fen\u00f3meno cultural y reactiv\u00f3 las ventas de Martin como nunca. La 000-28 volvi\u00f3 a ser un objeto deseable. Desde entonces, Eric ha hecho un \u00e1lbum homenaje a Robert Johnson, discos en d\u00fao con B.B. King y J.J. Cale, ha organizado los excelentes festivales Crossroads y vendido much\u00edsimas guitarras en subastas. Sus pocas apariciones en vivo siguen siendo eventos de gran magnitud guitarrera m\u00e1s de medio siglo despu\u00e9s de sus inicios.<\/p>\n","protected":false},"excerpt":{"rendered":"<p>\u00a1Si tiene alguna pregunta sobre este producto, cont\u00e1ctenos!<\/p>\n","protected":false},"featured_media":19252,"comment_status":"open","ping_status":"closed","template":"","meta":{"_et_pb_use_builder":"","_et_pb_old_content":"","_et_gb_content_width":""},"product_brand":[],"product_cat":[654,659,655],"product_tag":[],"class_list":{"0":"post-19251","1":"product","2":"type-product","3":"status-publish","4":"has-post-thumbnail","6":"product_cat-vendidos","7":"product_cat-guitarras-electricas","8":"product_cat-guitarras","9":"pa_artiste-eric-clapton-es","10":"pa_disponibilite-vendido","11":"pa_marque-fender-es","13":"first","14":"outofstock","15":"shipping-taxable","16":"product-type-simple"},"yoast_head":"<!-- This site is optimized with the Yoast SEO plugin v26.8 - https:\/\/yoast.com\/product\/yoast-seo-wordpress\/ -->\n<title>Fender Stratocaster Eric Clapton \u00c9dition Crash Crossroads - Matt&#039;s Guitar Shop<\/title>\n<meta name=\"robots\" content=\"index, follow, max-snippet:-1, max-image-preview:large, max-video-preview:-1\" \/>\n<link rel=\"canonical\" href=\"https:\/\/www.matts-guitar-shop.com\/es\/produit\/fender-stratocaster-eric-clapton-edition-crash-crossroads\/\" \/>\n<meta property=\"og:locale\" content=\"es_ES\" \/>\n<meta property=\"og:type\" content=\"article\" \/>\n<meta property=\"og:title\" content=\"Fender Stratocaster Eric Clapton \u00c9dition Crash Crossroads - Matt&#039;s Guitar Shop\" \/>\n<meta property=\"og:description\" content=\"\u00a1Si tiene alguna pregunta sobre este producto, cont\u00e1ctenos!\" \/>\n<meta property=\"og:url\" content=\"https:\/\/www.matts-guitar-shop.com\/es\/produit\/fender-stratocaster-eric-clapton-edition-crash-crossroads\/\" \/>\n<meta property=\"og:site_name\" content=\"Matt&#039;s Guitar Shop\" \/>\n<meta property=\"article:publisher\" content=\"https:\/\/www.facebook.com\/profile.php?id=100044359842817\" \/>\n<meta property=\"og:image\" content=\"https:\/\/www.matts-guitar-shop.com\/wp-content\/uploads\/2024\/08\/Fender-Stratocaster-Eric-Clapton-Crash-Crossroads-Edition-00.jpg\" \/>\n\t<meta property=\"og:image:width\" content=\"692\" \/>\n\t<meta property=\"og:image:height\" content=\"1000\" \/>\n\t<meta property=\"og:image:type\" content=\"image\/jpeg\" \/>\n<meta name=\"twitter:card\" content=\"summary_large_image\" \/>\n<meta name=\"twitter:label1\" content=\"Tiempo de lectura\" \/>\n\t<meta name=\"twitter:data1\" content=\"3 minutos\" \/>\n<script type=\"application\/ld+json\" class=\"yoast-schema-graph\">{\"@context\":\"https:\/\/schema.org\",\"@graph\":[{\"@type\":\"WebPage\",\"@id\":\"https:\/\/www.matts-guitar-shop.com\/es\/produit\/fender-stratocaster-eric-clapton-edition-crash-crossroads\/\",\"url\":\"https:\/\/www.matts-guitar-shop.com\/es\/produit\/fender-stratocaster-eric-clapton-edition-crash-crossroads\/\",\"name\":\"Fender Stratocaster Eric Clapton \u00c9dition Crash Crossroads - Matt&#039;s Guitar Shop\",\"isPartOf\":{\"@id\":\"https:\/\/www.matts-guitar-shop.com\/es\/#website\"},\"primaryImageOfPage\":{\"@id\":\"https:\/\/www.matts-guitar-shop.com\/es\/produit\/fender-stratocaster-eric-clapton-edition-crash-crossroads\/#primaryimage\"},\"image\":{\"@id\":\"https:\/\/www.matts-guitar-shop.com\/es\/produit\/fender-stratocaster-eric-clapton-edition-crash-crossroads\/#primaryimage\"},\"thumbnailUrl\":\"https:\/\/www.matts-guitar-shop.com\/wp-content\/uploads\/2024\/08\/Fender-Stratocaster-Eric-Clapton-Crash-Crossroads-Edition-00.jpg\",\"datePublished\":\"2024-08-15T18:20:59+00:00\",\"breadcrumb\":{\"@id\":\"https:\/\/www.matts-guitar-shop.com\/es\/produit\/fender-stratocaster-eric-clapton-edition-crash-crossroads\/#breadcrumb\"},\"inLanguage\":\"es\",\"potentialAction\":[{\"@type\":\"ReadAction\",\"target\":[\"https:\/\/www.matts-guitar-shop.com\/es\/produit\/fender-stratocaster-eric-clapton-edition-crash-crossroads\/\"]}]},{\"@type\":\"ImageObject\",\"inLanguage\":\"es\",\"@id\":\"https:\/\/www.matts-guitar-shop.com\/es\/produit\/fender-stratocaster-eric-clapton-edition-crash-crossroads\/#primaryimage\",\"url\":\"https:\/\/www.matts-guitar-shop.com\/wp-content\/uploads\/2024\/08\/Fender-Stratocaster-Eric-Clapton-Crash-Crossroads-Edition-00.jpg\",\"contentUrl\":\"https:\/\/www.matts-guitar-shop.com\/wp-content\/uploads\/2024\/08\/Fender-Stratocaster-Eric-Clapton-Crash-Crossroads-Edition-00.jpg\",\"width\":692,\"height\":1000},{\"@type\":\"BreadcrumbList\",\"@id\":\"https:\/\/www.matts-guitar-shop.com\/es\/produit\/fender-stratocaster-eric-clapton-edition-crash-crossroads\/#breadcrumb\",\"itemListElement\":[{\"@type\":\"ListItem\",\"position\":1,\"name\":\"Inicio\",\"item\":\"https:\/\/www.matts-guitar-shop.com\/es\/\"},{\"@type\":\"ListItem\",\"position\":2,\"name\":\"Tienda\",\"item\":\"https:\/\/www.matts-guitar-shop.com\/es\/tienda\/\"},{\"@type\":\"ListItem\",\"position\":3,\"name\":\"Fender Stratocaster Eric Clapton \u00c9dition Crash Crossroads\"}]},{\"@type\":\"WebSite\",\"@id\":\"https:\/\/www.matts-guitar-shop.com\/es\/#website\",\"url\":\"https:\/\/www.matts-guitar-shop.com\/es\/\",\"name\":\"matts-guitar-shop.com\",\"description\":\"Guitar Shop\",\"publisher\":{\"@id\":\"https:\/\/www.matts-guitar-shop.com\/es\/#organization\"},\"potentialAction\":[{\"@type\":\"SearchAction\",\"target\":{\"@type\":\"EntryPoint\",\"urlTemplate\":\"https:\/\/www.matts-guitar-shop.com\/es\/?s={search_term_string}\"},\"query-input\":{\"@type\":\"PropertyValueSpecification\",\"valueRequired\":true,\"valueName\":\"search_term_string\"}}],\"inLanguage\":\"es\"},{\"@type\":\"Organization\",\"@id\":\"https:\/\/www.matts-guitar-shop.com\/es\/#organization\",\"name\":\"matts-guitar-shop.com\",\"url\":\"https:\/\/www.matts-guitar-shop.com\/es\/\",\"logo\":{\"@type\":\"ImageObject\",\"inLanguage\":\"es\",\"@id\":\"https:\/\/www.matts-guitar-shop.com\/es\/#\/schema\/logo\/image\/\",\"url\":\"https:\/\/www.matts-guitar-shop.com\/wp-content\/uploads\/2024\/09\/MGS-logo-site-02.png\",\"contentUrl\":\"https:\/\/www.matts-guitar-shop.com\/wp-content\/uploads\/2024\/09\/MGS-logo-site-02.png\",\"width\":200,\"height\":122,\"caption\":\"matts-guitar-shop.com\"},\"image\":{\"@id\":\"https:\/\/www.matts-guitar-shop.com\/es\/#\/schema\/logo\/image\/\"},\"sameAs\":[\"https:\/\/www.facebook.com\/profile.php?id=100044359842817\",\"https:\/\/www.instagram.com\/mattsguitarshop\/\",\"https:\/\/www.youtube.com\/@MattLucasMan\/videos\"]}]}<\/script>\n<!-- \/ Yoast SEO plugin. -->","yoast_head_json":{"title":"Fender Stratocaster Eric Clapton \u00c9dition Crash Crossroads - Matt&#039;s Guitar Shop","robots":{"index":"index","follow":"follow","max-snippet":"max-snippet:-1","max-image-preview":"max-image-preview:large","max-video-preview":"max-video-preview:-1"},"canonical":"https:\/\/www.matts-guitar-shop.com\/es\/produit\/fender-stratocaster-eric-clapton-edition-crash-crossroads\/","og_locale":"es_ES","og_type":"article","og_title":"Fender Stratocaster Eric Clapton \u00c9dition Crash Crossroads - Matt&#039;s Guitar Shop","og_description":"\u00a1Si tiene alguna pregunta sobre este producto, cont\u00e1ctenos!","og_url":"https:\/\/www.matts-guitar-shop.com\/es\/produit\/fender-stratocaster-eric-clapton-edition-crash-crossroads\/","og_site_name":"Matt&#039;s Guitar Shop","article_publisher":"https:\/\/www.facebook.com\/profile.php?id=100044359842817","og_image":[{"width":692,"height":1000,"url":"https:\/\/www.matts-guitar-shop.com\/wp-content\/uploads\/2024\/08\/Fender-Stratocaster-Eric-Clapton-Crash-Crossroads-Edition-00.jpg","type":"image\/jpeg"}],"twitter_card":"summary_large_image","twitter_misc":{"Tiempo de lectura":"3 minutos"},"schema":{"@context":"https:\/\/schema.org","@graph":[{"@type":"WebPage","@id":"https:\/\/www.matts-guitar-shop.com\/es\/produit\/fender-stratocaster-eric-clapton-edition-crash-crossroads\/","url":"https:\/\/www.matts-guitar-shop.com\/es\/produit\/fender-stratocaster-eric-clapton-edition-crash-crossroads\/","name":"Fender Stratocaster Eric Clapton \u00c9dition Crash Crossroads - Matt&#039;s Guitar Shop","isPartOf":{"@id":"https:\/\/www.matts-guitar-shop.com\/es\/#website"},"primaryImageOfPage":{"@id":"https:\/\/www.matts-guitar-shop.com\/es\/produit\/fender-stratocaster-eric-clapton-edition-crash-crossroads\/#primaryimage"},"image":{"@id":"https:\/\/www.matts-guitar-shop.com\/es\/produit\/fender-stratocaster-eric-clapton-edition-crash-crossroads\/#primaryimage"},"thumbnailUrl":"https:\/\/www.matts-guitar-shop.com\/wp-content\/uploads\/2024\/08\/Fender-Stratocaster-Eric-Clapton-Crash-Crossroads-Edition-00.jpg","datePublished":"2024-08-15T18:20:59+00:00","breadcrumb":{"@id":"https:\/\/www.matts-guitar-shop.com\/es\/produit\/fender-stratocaster-eric-clapton-edition-crash-crossroads\/#breadcrumb"},"inLanguage":"es","potentialAction":[{"@type":"ReadAction","target":["https:\/\/www.matts-guitar-shop.com\/es\/produit\/fender-stratocaster-eric-clapton-edition-crash-crossroads\/"]}]},{"@type":"ImageObject","inLanguage":"es","@id":"https:\/\/www.matts-guitar-shop.com\/es\/produit\/fender-stratocaster-eric-clapton-edition-crash-crossroads\/#primaryimage","url":"https:\/\/www.matts-guitar-shop.com\/wp-content\/uploads\/2024\/08\/Fender-Stratocaster-Eric-Clapton-Crash-Crossroads-Edition-00.jpg","contentUrl":"https:\/\/www.matts-guitar-shop.com\/wp-content\/uploads\/2024\/08\/Fender-Stratocaster-Eric-Clapton-Crash-Crossroads-Edition-00.jpg","width":692,"height":1000},{"@type":"BreadcrumbList","@id":"https:\/\/www.matts-guitar-shop.com\/es\/produit\/fender-stratocaster-eric-clapton-edition-crash-crossroads\/#breadcrumb","itemListElement":[{"@type":"ListItem","position":1,"name":"Inicio","item":"https:\/\/www.matts-guitar-shop.com\/es\/"},{"@type":"ListItem","position":2,"name":"Tienda","item":"https:\/\/www.matts-guitar-shop.com\/es\/tienda\/"},{"@type":"ListItem","position":3,"name":"Fender Stratocaster Eric Clapton \u00c9dition Crash Crossroads"}]},{"@type":"WebSite","@id":"https:\/\/www.matts-guitar-shop.com\/es\/#website","url":"https:\/\/www.matts-guitar-shop.com\/es\/","name":"matts-guitar-shop.com","description":"Guitar Shop","publisher":{"@id":"https:\/\/www.matts-guitar-shop.com\/es\/#organization"},"potentialAction":[{"@type":"SearchAction","target":{"@type":"EntryPoint","urlTemplate":"https:\/\/www.matts-guitar-shop.com\/es\/?s={search_term_string}"},"query-input":{"@type":"PropertyValueSpecification","valueRequired":true,"valueName":"search_term_string"}}],"inLanguage":"es"},{"@type":"Organization","@id":"https:\/\/www.matts-guitar-shop.com\/es\/#organization","name":"matts-guitar-shop.com","url":"https:\/\/www.matts-guitar-shop.com\/es\/","logo":{"@type":"ImageObject","inLanguage":"es","@id":"https:\/\/www.matts-guitar-shop.com\/es\/#\/schema\/logo\/image\/","url":"https:\/\/www.matts-guitar-shop.com\/wp-content\/uploads\/2024\/09\/MGS-logo-site-02.png","contentUrl":"https:\/\/www.matts-guitar-shop.com\/wp-content\/uploads\/2024\/09\/MGS-logo-site-02.png","width":200,"height":122,"caption":"matts-guitar-shop.com"},"image":{"@id":"https:\/\/www.matts-guitar-shop.com\/es\/#\/schema\/logo\/image\/"},"sameAs":["https:\/\/www.facebook.com\/profile.php?id=100044359842817","https:\/\/www.instagram.com\/mattsguitarshop\/","https:\/\/www.youtube.com\/@MattLucasMan\/videos"]}]}},"_links":{"self":[{"href":"https:\/\/www.matts-guitar-shop.com\/es\/wp-json\/wp\/v2\/product\/19251","targetHints":{"allow":["GET"]}}],"collection":[{"href":"https:\/\/www.matts-guitar-shop.com\/es\/wp-json\/wp\/v2\/product"}],"about":[{"href":"https:\/\/www.matts-guitar-shop.com\/es\/wp-json\/wp\/v2\/types\/product"}],"replies":[{"embeddable":true,"href":"https:\/\/www.matts-guitar-shop.com\/es\/wp-json\/wp\/v2\/comments?post=19251"}],"wp:featuredmedia":[{"embeddable":true,"href":"https:\/\/www.matts-guitar-shop.com\/es\/wp-json\/wp\/v2\/media\/19252"}],"wp:attachment":[{"href":"https:\/\/www.matts-guitar-shop.com\/es\/wp-json\/wp\/v2\/media?parent=19251"}],"wp:term":[{"taxonomy":"product_brand","embeddable":true,"href":"https:\/\/www.matts-guitar-shop.com\/es\/wp-json\/wp\/v2\/product_brand?post=19251"},{"taxonomy":"product_cat","embeddable":true,"href":"https:\/\/www.matts-guitar-shop.com\/es\/wp-json\/wp\/v2\/product_cat?post=19251"},{"taxonomy":"product_tag","embeddable":true,"href":"https:\/\/www.matts-guitar-shop.com\/es\/wp-json\/wp\/v2\/product_tag?post=19251"}],"curies":[{"name":"wp","href":"https:\/\/api.w.org\/{rel}","templated":true}]}}