{"id":19053,"date":"2024-08-22T14:42:22","date_gmt":"2024-08-22T12:42:22","guid":{"rendered":"https:\/\/www.matts-guitar-shop.com\/produit\/gibson-skylark-2008-joe-bonamassa\/"},"modified":"2025-10-29T19:32:44","modified_gmt":"2025-10-29T18:32:44","slug":"gibson-skylark-2008-joe-bonamassa","status":"publish","type":"product","link":"https:\/\/www.matts-guitar-shop.com\/es\/produit\/gibson-skylark-2008-joe-bonamassa\/","title":{"rendered":"Gibson Skylark 2008 Joe Bonamassa"},"content":{"rendered":"<p>Joe Bonamassa<br \/>(1977)<\/p>\n<p>Guitarra principal: Gibson Les Paul Standard 1959<br \/>Canci\u00f3n imprescindible: <em>Sloe Gin<\/em><\/p>\n<p>No es f\u00e1cil construirse como artista adulto cuando se ha sido un ni\u00f1o prodigio. Joe fue alumno de Danny Gatton y protegido de B.B. King cuando a\u00fan no pod\u00eda ni conducir, y giraba con el grupo Bloodline (junto a otros ni\u00f1os prodigio hijos de estrellas como Miles Davis o Robby Krieger) antes de poder votar. Pero todo podr\u00eda haberse detenido de inmediato, y de hecho los otros miembros de Bloodline desaparecieron en el \u00e9ter del show business. Sin embargo, Bonamassa siempre tuvo una \u00e9tica de trabajo imparable, y tras girar intensamente, termin\u00f3 imponiendo su propio sonido y su discograf\u00eda en solitario.<\/p>\n<p>Todo comienza en 2000 con <em>A New Day Yesterday<\/em>, un disco de blues totalmente honesto en el que invitados como Leslie West, Greg Allman y Rick Derringer avalan al joven m\u00fasico. En aquella \u00e9poca, Bonamassa tocaba Strat y Tele, y la influencia de Stevie Ray Vaughan todav\u00eda se escucha en muchas de sus frases. Poco a poco, encuentra su propio camino al pasarse a la Les Paul y combinar sus amplificadores Marshall Silver Jubilee con algunas cabezas boutique, logrando un resultado tan bluesy como c\u00e1lido y org\u00e1nico. Tambi\u00e9n es la \u00e9poca en que el productor Kevin Shirley comienza a colaborar con Bonamassa, colaboraci\u00f3n que inicia con <em>You &amp; Me<\/em> (2006) y contin\u00faa hasta hoy. <em>Sloe Gin<\/em> (2007) y <em>Ballad Of John Henry<\/em> (2009) son \u00e9xitos que consolidan la reputaci\u00f3n de Joe como salvador del blues, el futuro de un estilo que se cre\u00eda reservado a los baby boomers en la antesala de la jubilaci\u00f3n.<\/p>\n<p>Desde entonces, Bonamassa no ha disminuido el ritmo de sus giras, y redobla su inventiva para variar sus espect\u00e1culos, ya sea en un concierto homenaje a Muddy Waters y Howlin\u2019 Wolf, una gira homenaje a los tres Kings del blues o al British Blues Boom. Tambi\u00e9n participa en los \u00e1lbumes de la cantante Beth Hart y en los grupos Black Country Communion (junto al bajista y cantante Glenn Hughes) y Rock Candy Funk Party. Paralelamente, su afici\u00f3n por coleccionar guitarras (naci\u00f3 en la guitarra, su padre tiene una tienda) solo ha crecido, hasta poseer una decena de Bursts, dos V Korina y un n\u00famero asombroso de instrumentos raros. Sin embargo, estas guitarras no se guardan en un museo: viajan por el mundo con Joe. Despu\u00e9s de todo, fueron hechas para eso.<\/p>\n<p><img decoding=\"async\" class=\"alignnone size-full wp-image-5565\" src=\"https:\/\/www.matts-guitar-shop.com\/wp-content\/uploads\/2024\/08\/Joe-bonamassa-01.jpg\" alt=\"\" width=\"400\" height=\"600\" srcset=\"https:\/\/www.matts-guitar-shop.com\/wp-content\/uploads\/2024\/08\/Joe-bonamassa-01.jpg 400w, https:\/\/www.matts-guitar-shop.com\/wp-content\/uploads\/2024\/08\/Joe-bonamassa-01-200x300.jpg 200w\" sizes=\"(max-width: 400px) 100vw, 400px\" \/><\/p>\n","protected":false},"excerpt":{"rendered":"<p><strong>A primera vista, parecer\u00eda el resultado de un amor secreto entre una Les Paul y una lap steel Skylark. En realidad, se trata de un modelo \u00fanico realizado por el Custom Shop de Gibson para Joe Bonamassa, fabricado en 2008 y que podr\u00eda haber llegado a producci\u00f3n, como indica el t\u00e9rmino \u201cPrototype\u201d en la parte trasera de la pala en lugar de un n\u00famero de serie. Pero Gibson decidi\u00f3 lo contrario, y este dise\u00f1o genial y completamente atrevido ha quedado como \u00fanico en su tipo.<\/strong><\/p>\n<p>Para concebirla, Bonamassa recurri\u00f3 a su colecci\u00f3n de 20 lap steels Skylark y conserv\u00f3 el cuerpo de Korina, el logo cromado en la pala al estilo Flying V original, as\u00ed como los marcadores numerados del diapas\u00f3n. Los dos pickups simples montados sobre una placa met\u00e1lica se controlan mediante un bot\u00f3n de blend que permite mezclarlos con la m\u00e1xima precisi\u00f3n. Por \u00faltimo, detalle importante, Joe a\u00f1adi\u00f3 un im\u00e1n en la parte trasera de la pala para mantener un bottleneck met\u00e1lico en su lugar entre usos.<\/p>\n<p>De hecho, como indica claramente su apariencia, la Skylark fue dise\u00f1ada para tocar con slide, y se utiliz\u00f3 con ese prop\u00f3sito en la mayor\u00eda de las grabaciones de Joe entre 2008 y 2016. Se puede ver, por ejemplo, en su versi\u00f3n de \u201cBurning Hell\u201d en el Borderline, en el DVD Tour De Force, as\u00ed como en \u201cNowhere In Particular\u201d en One Of These Days. En resumen, esta guitarra es tanto una curiosidad \u00fanica como un excelente instrumento altamente especializado.<\/p>\n","protected":false},"featured_media":19069,"comment_status":"open","ping_status":"closed","template":"","meta":{"_et_pb_use_builder":"","_et_pb_old_content":"","_et_gb_content_width":""},"product_brand":[],"product_cat":[654,659,652,655],"product_tag":[],"class_list":{"0":"post-19053","1":"product","2":"type-product","3":"status-publish","4":"has-post-thumbnail","6":"product_cat-vendidos","7":"product_cat-guitarras-electricas","8":"product_cat-artistas","9":"product_cat-guitarras","10":"pa_artiste-joe-bonamassa-es","11":"pa_disponibilite-vendido","12":"pa_marque-gibson-es","14":"first","15":"outofstock","16":"shipping-taxable","17":"product-type-simple"},"yoast_head":"<!-- This site is optimized with the Yoast SEO plugin v26.8 - https:\/\/yoast.com\/product\/yoast-seo-wordpress\/ -->\n<title>Gibson Skylark 2008 Joe Bonamassa - Matt&#039;s Guitar Shop<\/title>\n<meta name=\"description\" content=\"Gibson Skylark 2008, ex-Joe Bonamassa. Una guitarra rara y de colecci\u00f3n, pieza excepcional para los apasionados del blues y lo vintage, disponible en Matt\u2019s Guitar Shop.\" \/>\n<meta name=\"robots\" content=\"index, follow, max-snippet:-1, max-image-preview:large, max-video-preview:-1\" \/>\n<link rel=\"canonical\" href=\"https:\/\/www.matts-guitar-shop.com\/es\/produit\/gibson-skylark-2008-joe-bonamassa\/\" \/>\n<meta property=\"og:locale\" content=\"es_ES\" \/>\n<meta property=\"og:type\" content=\"article\" \/>\n<meta property=\"og:title\" content=\"Gibson Skylark 2008 Joe Bonamassa - Matt&#039;s Guitar Shop\" \/>\n<meta property=\"og:description\" content=\"Gibson Skylark 2008, ex-Joe Bonamassa. Una guitarra rara y de colecci\u00f3n, pieza excepcional para los apasionados del blues y lo vintage, disponible en Matt\u2019s Guitar Shop.\" \/>\n<meta property=\"og:url\" content=\"https:\/\/www.matts-guitar-shop.com\/es\/produit\/gibson-skylark-2008-joe-bonamassa\/\" \/>\n<meta property=\"og:site_name\" content=\"Matt&#039;s Guitar Shop\" \/>\n<meta property=\"article:publisher\" content=\"https:\/\/www.facebook.com\/profile.php?id=100044359842817\" \/>\n<meta property=\"article:modified_time\" content=\"2025-10-29T18:32:44+00:00\" \/>\n<meta property=\"og:image\" content=\"https:\/\/www.matts-guitar-shop.com\/wp-content\/uploads\/2024\/08\/Gibson-Skylark-2008-Joe-Bonamassa-00.jpg\" \/>\n\t<meta property=\"og:image:width\" content=\"900\" \/>\n\t<meta property=\"og:image:height\" content=\"1300\" \/>\n\t<meta property=\"og:image:type\" content=\"image\/jpeg\" \/>\n<meta name=\"twitter:card\" content=\"summary_large_image\" \/>\n<meta name=\"twitter:label1\" content=\"Tiempo de lectura\" \/>\n\t<meta name=\"twitter:data1\" content=\"2 minutos\" \/>\n<script type=\"application\/ld+json\" class=\"yoast-schema-graph\">{\"@context\":\"https:\/\/schema.org\",\"@graph\":[{\"@type\":\"WebPage\",\"@id\":\"https:\/\/www.matts-guitar-shop.com\/es\/produit\/gibson-skylark-2008-joe-bonamassa\/\",\"url\":\"https:\/\/www.matts-guitar-shop.com\/es\/produit\/gibson-skylark-2008-joe-bonamassa\/\",\"name\":\"Gibson Skylark 2008 Joe Bonamassa - Matt&#039;s Guitar Shop\",\"isPartOf\":{\"@id\":\"https:\/\/www.matts-guitar-shop.com\/es\/#website\"},\"primaryImageOfPage\":{\"@id\":\"https:\/\/www.matts-guitar-shop.com\/es\/produit\/gibson-skylark-2008-joe-bonamassa\/#primaryimage\"},\"image\":{\"@id\":\"https:\/\/www.matts-guitar-shop.com\/es\/produit\/gibson-skylark-2008-joe-bonamassa\/#primaryimage\"},\"thumbnailUrl\":\"https:\/\/www.matts-guitar-shop.com\/wp-content\/uploads\/2024\/08\/Gibson-Skylark-2008-Joe-Bonamassa-00.jpg\",\"datePublished\":\"2024-08-22T12:42:22+00:00\",\"dateModified\":\"2025-10-29T18:32:44+00:00\",\"description\":\"Gibson Skylark 2008, ex-Joe Bonamassa. Una guitarra rara y de colecci\u00f3n, pieza excepcional para los apasionados del blues y lo vintage, disponible en Matt\u2019s Guitar Shop.\",\"breadcrumb\":{\"@id\":\"https:\/\/www.matts-guitar-shop.com\/es\/produit\/gibson-skylark-2008-joe-bonamassa\/#breadcrumb\"},\"inLanguage\":\"es\",\"potentialAction\":[{\"@type\":\"ReadAction\",\"target\":[\"https:\/\/www.matts-guitar-shop.com\/es\/produit\/gibson-skylark-2008-joe-bonamassa\/\"]}]},{\"@type\":\"ImageObject\",\"inLanguage\":\"es\",\"@id\":\"https:\/\/www.matts-guitar-shop.com\/es\/produit\/gibson-skylark-2008-joe-bonamassa\/#primaryimage\",\"url\":\"https:\/\/www.matts-guitar-shop.com\/wp-content\/uploads\/2024\/08\/Gibson-Skylark-2008-Joe-Bonamassa-00.jpg\",\"contentUrl\":\"https:\/\/www.matts-guitar-shop.com\/wp-content\/uploads\/2024\/08\/Gibson-Skylark-2008-Joe-Bonamassa-00.jpg\",\"width\":900,\"height\":1300},{\"@type\":\"BreadcrumbList\",\"@id\":\"https:\/\/www.matts-guitar-shop.com\/es\/produit\/gibson-skylark-2008-joe-bonamassa\/#breadcrumb\",\"itemListElement\":[{\"@type\":\"ListItem\",\"position\":1,\"name\":\"Inicio\",\"item\":\"https:\/\/www.matts-guitar-shop.com\/es\/\"},{\"@type\":\"ListItem\",\"position\":2,\"name\":\"Tienda\",\"item\":\"https:\/\/www.matts-guitar-shop.com\/es\/tienda\/\"},{\"@type\":\"ListItem\",\"position\":3,\"name\":\"Gibson Skylark 2008 Joe Bonamassa\"}]},{\"@type\":\"WebSite\",\"@id\":\"https:\/\/www.matts-guitar-shop.com\/es\/#website\",\"url\":\"https:\/\/www.matts-guitar-shop.com\/es\/\",\"name\":\"matts-guitar-shop.com\",\"description\":\"Guitar Shop\",\"publisher\":{\"@id\":\"https:\/\/www.matts-guitar-shop.com\/es\/#organization\"},\"potentialAction\":[{\"@type\":\"SearchAction\",\"target\":{\"@type\":\"EntryPoint\",\"urlTemplate\":\"https:\/\/www.matts-guitar-shop.com\/es\/?s={search_term_string}\"},\"query-input\":{\"@type\":\"PropertyValueSpecification\",\"valueRequired\":true,\"valueName\":\"search_term_string\"}}],\"inLanguage\":\"es\"},{\"@type\":\"Organization\",\"@id\":\"https:\/\/www.matts-guitar-shop.com\/es\/#organization\",\"name\":\"matts-guitar-shop.com\",\"url\":\"https:\/\/www.matts-guitar-shop.com\/es\/\",\"logo\":{\"@type\":\"ImageObject\",\"inLanguage\":\"es\",\"@id\":\"https:\/\/www.matts-guitar-shop.com\/es\/#\/schema\/logo\/image\/\",\"url\":\"https:\/\/www.matts-guitar-shop.com\/wp-content\/uploads\/2024\/09\/MGS-logo-site-02.png\",\"contentUrl\":\"https:\/\/www.matts-guitar-shop.com\/wp-content\/uploads\/2024\/09\/MGS-logo-site-02.png\",\"width\":200,\"height\":122,\"caption\":\"matts-guitar-shop.com\"},\"image\":{\"@id\":\"https:\/\/www.matts-guitar-shop.com\/es\/#\/schema\/logo\/image\/\"},\"sameAs\":[\"https:\/\/www.facebook.com\/profile.php?id=100044359842817\",\"https:\/\/www.instagram.com\/mattsguitarshop\/\",\"https:\/\/www.youtube.com\/@MattLucasMan\/videos\"]}]}<\/script>\n<!-- \/ Yoast SEO plugin. -->","yoast_head_json":{"title":"Gibson Skylark 2008 Joe Bonamassa - Matt&#039;s Guitar Shop","description":"Gibson Skylark 2008, ex-Joe Bonamassa. Una guitarra rara y de colecci\u00f3n, pieza excepcional para los apasionados del blues y lo vintage, disponible en Matt\u2019s Guitar Shop.","robots":{"index":"index","follow":"follow","max-snippet":"max-snippet:-1","max-image-preview":"max-image-preview:large","max-video-preview":"max-video-preview:-1"},"canonical":"https:\/\/www.matts-guitar-shop.com\/es\/produit\/gibson-skylark-2008-joe-bonamassa\/","og_locale":"es_ES","og_type":"article","og_title":"Gibson Skylark 2008 Joe Bonamassa - Matt&#039;s Guitar Shop","og_description":"Gibson Skylark 2008, ex-Joe Bonamassa. Una guitarra rara y de colecci\u00f3n, pieza excepcional para los apasionados del blues y lo vintage, disponible en Matt\u2019s Guitar Shop.","og_url":"https:\/\/www.matts-guitar-shop.com\/es\/produit\/gibson-skylark-2008-joe-bonamassa\/","og_site_name":"Matt&#039;s Guitar Shop","article_publisher":"https:\/\/www.facebook.com\/profile.php?id=100044359842817","article_modified_time":"2025-10-29T18:32:44+00:00","og_image":[{"width":900,"height":1300,"url":"https:\/\/www.matts-guitar-shop.com\/wp-content\/uploads\/2024\/08\/Gibson-Skylark-2008-Joe-Bonamassa-00.jpg","type":"image\/jpeg"}],"twitter_card":"summary_large_image","twitter_misc":{"Tiempo de lectura":"2 minutos"},"schema":{"@context":"https:\/\/schema.org","@graph":[{"@type":"WebPage","@id":"https:\/\/www.matts-guitar-shop.com\/es\/produit\/gibson-skylark-2008-joe-bonamassa\/","url":"https:\/\/www.matts-guitar-shop.com\/es\/produit\/gibson-skylark-2008-joe-bonamassa\/","name":"Gibson Skylark 2008 Joe Bonamassa - Matt&#039;s Guitar Shop","isPartOf":{"@id":"https:\/\/www.matts-guitar-shop.com\/es\/#website"},"primaryImageOfPage":{"@id":"https:\/\/www.matts-guitar-shop.com\/es\/produit\/gibson-skylark-2008-joe-bonamassa\/#primaryimage"},"image":{"@id":"https:\/\/www.matts-guitar-shop.com\/es\/produit\/gibson-skylark-2008-joe-bonamassa\/#primaryimage"},"thumbnailUrl":"https:\/\/www.matts-guitar-shop.com\/wp-content\/uploads\/2024\/08\/Gibson-Skylark-2008-Joe-Bonamassa-00.jpg","datePublished":"2024-08-22T12:42:22+00:00","dateModified":"2025-10-29T18:32:44+00:00","description":"Gibson Skylark 2008, ex-Joe Bonamassa. Una guitarra rara y de colecci\u00f3n, pieza excepcional para los apasionados del blues y lo vintage, disponible en Matt\u2019s Guitar Shop.","breadcrumb":{"@id":"https:\/\/www.matts-guitar-shop.com\/es\/produit\/gibson-skylark-2008-joe-bonamassa\/#breadcrumb"},"inLanguage":"es","potentialAction":[{"@type":"ReadAction","target":["https:\/\/www.matts-guitar-shop.com\/es\/produit\/gibson-skylark-2008-joe-bonamassa\/"]}]},{"@type":"ImageObject","inLanguage":"es","@id":"https:\/\/www.matts-guitar-shop.com\/es\/produit\/gibson-skylark-2008-joe-bonamassa\/#primaryimage","url":"https:\/\/www.matts-guitar-shop.com\/wp-content\/uploads\/2024\/08\/Gibson-Skylark-2008-Joe-Bonamassa-00.jpg","contentUrl":"https:\/\/www.matts-guitar-shop.com\/wp-content\/uploads\/2024\/08\/Gibson-Skylark-2008-Joe-Bonamassa-00.jpg","width":900,"height":1300},{"@type":"BreadcrumbList","@id":"https:\/\/www.matts-guitar-shop.com\/es\/produit\/gibson-skylark-2008-joe-bonamassa\/#breadcrumb","itemListElement":[{"@type":"ListItem","position":1,"name":"Inicio","item":"https:\/\/www.matts-guitar-shop.com\/es\/"},{"@type":"ListItem","position":2,"name":"Tienda","item":"https:\/\/www.matts-guitar-shop.com\/es\/tienda\/"},{"@type":"ListItem","position":3,"name":"Gibson Skylark 2008 Joe Bonamassa"}]},{"@type":"WebSite","@id":"https:\/\/www.matts-guitar-shop.com\/es\/#website","url":"https:\/\/www.matts-guitar-shop.com\/es\/","name":"matts-guitar-shop.com","description":"Guitar Shop","publisher":{"@id":"https:\/\/www.matts-guitar-shop.com\/es\/#organization"},"potentialAction":[{"@type":"SearchAction","target":{"@type":"EntryPoint","urlTemplate":"https:\/\/www.matts-guitar-shop.com\/es\/?s={search_term_string}"},"query-input":{"@type":"PropertyValueSpecification","valueRequired":true,"valueName":"search_term_string"}}],"inLanguage":"es"},{"@type":"Organization","@id":"https:\/\/www.matts-guitar-shop.com\/es\/#organization","name":"matts-guitar-shop.com","url":"https:\/\/www.matts-guitar-shop.com\/es\/","logo":{"@type":"ImageObject","inLanguage":"es","@id":"https:\/\/www.matts-guitar-shop.com\/es\/#\/schema\/logo\/image\/","url":"https:\/\/www.matts-guitar-shop.com\/wp-content\/uploads\/2024\/09\/MGS-logo-site-02.png","contentUrl":"https:\/\/www.matts-guitar-shop.com\/wp-content\/uploads\/2024\/09\/MGS-logo-site-02.png","width":200,"height":122,"caption":"matts-guitar-shop.com"},"image":{"@id":"https:\/\/www.matts-guitar-shop.com\/es\/#\/schema\/logo\/image\/"},"sameAs":["https:\/\/www.facebook.com\/profile.php?id=100044359842817","https:\/\/www.instagram.com\/mattsguitarshop\/","https:\/\/www.youtube.com\/@MattLucasMan\/videos"]}]}},"_links":{"self":[{"href":"https:\/\/www.matts-guitar-shop.com\/es\/wp-json\/wp\/v2\/product\/19053","targetHints":{"allow":["GET"]}}],"collection":[{"href":"https:\/\/www.matts-guitar-shop.com\/es\/wp-json\/wp\/v2\/product"}],"about":[{"href":"https:\/\/www.matts-guitar-shop.com\/es\/wp-json\/wp\/v2\/types\/product"}],"replies":[{"embeddable":true,"href":"https:\/\/www.matts-guitar-shop.com\/es\/wp-json\/wp\/v2\/comments?post=19053"}],"wp:featuredmedia":[{"embeddable":true,"href":"https:\/\/www.matts-guitar-shop.com\/es\/wp-json\/wp\/v2\/media\/19069"}],"wp:attachment":[{"href":"https:\/\/www.matts-guitar-shop.com\/es\/wp-json\/wp\/v2\/media?parent=19053"}],"wp:term":[{"taxonomy":"product_brand","embeddable":true,"href":"https:\/\/www.matts-guitar-shop.com\/es\/wp-json\/wp\/v2\/product_brand?post=19053"},{"taxonomy":"product_cat","embeddable":true,"href":"https:\/\/www.matts-guitar-shop.com\/es\/wp-json\/wp\/v2\/product_cat?post=19053"},{"taxonomy":"product_tag","embeddable":true,"href":"https:\/\/www.matts-guitar-shop.com\/es\/wp-json\/wp\/v2\/product_tag?post=19053"}],"curies":[{"name":"wp","href":"https:\/\/api.w.org\/{rel}","templated":true}]}}