{"id":19038,"date":"2024-08-22T14:07:41","date_gmt":"2024-08-22T12:07:41","guid":{"rendered":"https:\/\/www.matts-guitar-shop.com\/produit\/gibson-eb1-1956-little-richard-and-the-upsetters\/"},"modified":"2025-10-29T19:29:57","modified_gmt":"2025-10-29T18:29:57","slug":"gibson-eb1-1956-little-richard-and-the-upsetters","status":"publish","type":"product","link":"https:\/\/www.matts-guitar-shop.com\/es\/produit\/gibson-eb1-1956-little-richard-and-the-upsetters\/","title":{"rendered":"Gibson EB1 1956 Little Richard and The Upsetters"},"content":{"rendered":"<p>Gibson EB1 1956 Little Richard and The Upsetters<\/p>\n","protected":false},"excerpt":{"rendered":"<p><strong>Detr\u00e1s de cada movimiento musical se encuentra una figura pionera que supo sentar las bases para generaciones enteras de artistas. Little Richard es una de ellas. Figura fundadora del rock\u2019n\u2019roll, marc\u00f3 los a\u00f1os 1950 con su estilo exuberante y sus \u00e9xitos atemporales. Tan h\u00e1bil como en\u00e9rgico frente a su piano, Little Richard tambi\u00e9n ten\u00eda un o\u00eddo sensible para rodearse de m\u00fasicos que aseguraran la estructura mel\u00f3dica de sus grandes \u00e9xitos. En 1956, se rodea de los Upsetters, un grupo de m\u00fasicos estadounidenses, con quienes graba algunos de sus mayores \u00e9xitos (incluida la canci\u00f3n \u201cLong Tall Sally\u201d). Este bajo Gibson EB1 de 1956 pertenec\u00eda a Olsie Robinson, el bajista de los Upsetters. Fue el que acompa\u00f1\u00f3 a Little Richard en la mayor\u00eda de sus \u00e9xitos y aparece en el videoclip del atemporal \u201cTutti Frutti\u201d a pocos pasos de Little Richard de pie detr\u00e1s de su teclado.<\/strong><\/p>\n<p>Detr\u00e1s de cada \u00e9xito hay m\u00fasicos atentos y dedicados que construyen las melod\u00edas paso a paso. Detr\u00e1s de Little Richard, Olsie Robinson estructuraba sus canciones con su impresionante bajo viol\u00edn de la marca Gibson. Este EB-1 fue lanzado al mercado en 1953. Es el primer bajo el\u00e9ctrico de la marca Gibson, en respuesta al \u00e9xito del Precision Bass de Fender. En lugar de optar por un cuerpo cercano al de una guitarra el\u00e9ctrica, moldearon este EB-1 siguiendo el modelo de un contrabajo, llegando incluso a pintar una boca en el cuerpo. Este bajo tiene un cuerpo de caoba con forma de viol\u00edn, un pickguard de pl\u00e1stico marr\u00f3n, botones de control transparentes e incrustaciones de n\u00e1car en el diapas\u00f3n. Su forma se inscribe en la l\u00ednea del blues y el jazz del siglo XX, donde el ritmo era marcado por los contrabajos.<\/p>\n<p>Este bajo excepcional fue utilizado en numerosas sesiones de grabaci\u00f3n de Little Richard, adem\u00e1s de aparecer en el videoclip de \u201cTutti Frutti\u201d y en los largometrajes \u201cDon\u2019t Knock the Rock\u201d estrenado en 1956 y \u201cMister Rock and Roll\u201d estrenado en 1957. \u00a1Es un bajo usado por uno de los maestros del instrumento en algunos de los mayores \u00e9xitos del rock\u2019n\u2019roll! Una verdadera pieza de historia que se puede descubrir en Matt\u2019s Guitar Shop.<\/p>\n","protected":false},"featured_media":19039,"comment_status":"open","ping_status":"closed","template":"","meta":{"_et_pb_use_builder":"","_et_pb_old_content":"","_et_gb_content_width":""},"product_brand":[],"product_cat":[656,659,655],"product_tag":[],"class_list":{"0":"post-19038","1":"product","2":"type-product","3":"status-publish","4":"has-post-thumbnail","6":"product_cat-bajos","7":"product_cat-guitarras-electricas","8":"product_cat-guitarras","9":"pa_disponibilite-en-venta","10":"pa_marque-gibson-es","12":"first","13":"instock","14":"shipping-taxable","15":"product-type-simple"},"yoast_head":"<!-- This site is optimized with the Yoast SEO plugin v26.8 - https:\/\/yoast.com\/product\/yoast-seo-wordpress\/ -->\n<title>Gibson EB1 1956 Little Richard and The Upsetters - Matt&#039;s Guitar Shop<\/title>\n<meta name=\"description\" content=\"Detr\u00e1s de cada movimiento musical se encuentra una figura pionera que supo sentar las primeras bases para generaciones enteras de artistas.\" \/>\n<meta name=\"robots\" content=\"index, follow, max-snippet:-1, max-image-preview:large, max-video-preview:-1\" \/>\n<link rel=\"canonical\" href=\"https:\/\/www.matts-guitar-shop.com\/es\/produit\/gibson-eb1-1956-little-richard-and-the-upsetters\/\" \/>\n<meta property=\"og:locale\" content=\"es_ES\" \/>\n<meta property=\"og:type\" content=\"article\" \/>\n<meta property=\"og:title\" content=\"Gibson EB1 1956 Little Richard and The Upsetters - Matt&#039;s Guitar Shop\" \/>\n<meta property=\"og:description\" content=\"Detr\u00e1s de cada movimiento musical se encuentra una figura pionera que supo sentar las primeras bases para generaciones enteras de artistas.\" \/>\n<meta property=\"og:url\" content=\"https:\/\/www.matts-guitar-shop.com\/es\/produit\/gibson-eb1-1956-little-richard-and-the-upsetters\/\" \/>\n<meta property=\"og:site_name\" content=\"Matt&#039;s Guitar Shop\" \/>\n<meta property=\"article:publisher\" content=\"https:\/\/www.facebook.com\/profile.php?id=100044359842817\" \/>\n<meta property=\"article:modified_time\" content=\"2025-10-29T18:29:57+00:00\" \/>\n<meta property=\"og:image\" content=\"https:\/\/www.matts-guitar-shop.com\/wp-content\/uploads\/2024\/08\/Gibson-EB1-1956-Little-Richard-and-The-Upsetters-00.jpg\" \/>\n\t<meta property=\"og:image:width\" content=\"692\" \/>\n\t<meta property=\"og:image:height\" content=\"1000\" \/>\n\t<meta property=\"og:image:type\" content=\"image\/jpeg\" \/>\n<meta name=\"twitter:card\" content=\"summary_large_image\" \/>\n<script type=\"application\/ld+json\" class=\"yoast-schema-graph\">{\"@context\":\"https:\/\/schema.org\",\"@graph\":[{\"@type\":\"WebPage\",\"@id\":\"https:\/\/www.matts-guitar-shop.com\/es\/produit\/gibson-eb1-1956-little-richard-and-the-upsetters\/\",\"url\":\"https:\/\/www.matts-guitar-shop.com\/es\/produit\/gibson-eb1-1956-little-richard-and-the-upsetters\/\",\"name\":\"Gibson EB1 1956 Little Richard and The Upsetters - Matt&#039;s Guitar Shop\",\"isPartOf\":{\"@id\":\"https:\/\/www.matts-guitar-shop.com\/es\/#website\"},\"primaryImageOfPage\":{\"@id\":\"https:\/\/www.matts-guitar-shop.com\/es\/produit\/gibson-eb1-1956-little-richard-and-the-upsetters\/#primaryimage\"},\"image\":{\"@id\":\"https:\/\/www.matts-guitar-shop.com\/es\/produit\/gibson-eb1-1956-little-richard-and-the-upsetters\/#primaryimage\"},\"thumbnailUrl\":\"https:\/\/www.matts-guitar-shop.com\/wp-content\/uploads\/2024\/08\/Gibson-EB1-1956-Little-Richard-and-The-Upsetters-00.jpg\",\"datePublished\":\"2024-08-22T12:07:41+00:00\",\"dateModified\":\"2025-10-29T18:29:57+00:00\",\"description\":\"Detr\u00e1s de cada movimiento musical se encuentra una figura pionera que supo sentar las primeras bases para generaciones enteras de artistas.\",\"breadcrumb\":{\"@id\":\"https:\/\/www.matts-guitar-shop.com\/es\/produit\/gibson-eb1-1956-little-richard-and-the-upsetters\/#breadcrumb\"},\"inLanguage\":\"es\",\"potentialAction\":[{\"@type\":\"ReadAction\",\"target\":[\"https:\/\/www.matts-guitar-shop.com\/es\/produit\/gibson-eb1-1956-little-richard-and-the-upsetters\/\"]}]},{\"@type\":\"ImageObject\",\"inLanguage\":\"es\",\"@id\":\"https:\/\/www.matts-guitar-shop.com\/es\/produit\/gibson-eb1-1956-little-richard-and-the-upsetters\/#primaryimage\",\"url\":\"https:\/\/www.matts-guitar-shop.com\/wp-content\/uploads\/2024\/08\/Gibson-EB1-1956-Little-Richard-and-The-Upsetters-00.jpg\",\"contentUrl\":\"https:\/\/www.matts-guitar-shop.com\/wp-content\/uploads\/2024\/08\/Gibson-EB1-1956-Little-Richard-and-The-Upsetters-00.jpg\",\"width\":692,\"height\":1000,\"caption\":\"Basse Gibson EB1 de 1956 - The Upsetters\"},{\"@type\":\"BreadcrumbList\",\"@id\":\"https:\/\/www.matts-guitar-shop.com\/es\/produit\/gibson-eb1-1956-little-richard-and-the-upsetters\/#breadcrumb\",\"itemListElement\":[{\"@type\":\"ListItem\",\"position\":1,\"name\":\"Inicio\",\"item\":\"https:\/\/www.matts-guitar-shop.com\/es\/\"},{\"@type\":\"ListItem\",\"position\":2,\"name\":\"Tienda\",\"item\":\"https:\/\/www.matts-guitar-shop.com\/es\/tienda\/\"},{\"@type\":\"ListItem\",\"position\":3,\"name\":\"Gibson EB1 1956 Little Richard and The Upsetters\"}]},{\"@type\":\"WebSite\",\"@id\":\"https:\/\/www.matts-guitar-shop.com\/es\/#website\",\"url\":\"https:\/\/www.matts-guitar-shop.com\/es\/\",\"name\":\"matts-guitar-shop.com\",\"description\":\"Guitar Shop\",\"publisher\":{\"@id\":\"https:\/\/www.matts-guitar-shop.com\/es\/#organization\"},\"potentialAction\":[{\"@type\":\"SearchAction\",\"target\":{\"@type\":\"EntryPoint\",\"urlTemplate\":\"https:\/\/www.matts-guitar-shop.com\/es\/?s={search_term_string}\"},\"query-input\":{\"@type\":\"PropertyValueSpecification\",\"valueRequired\":true,\"valueName\":\"search_term_string\"}}],\"inLanguage\":\"es\"},{\"@type\":\"Organization\",\"@id\":\"https:\/\/www.matts-guitar-shop.com\/es\/#organization\",\"name\":\"matts-guitar-shop.com\",\"url\":\"https:\/\/www.matts-guitar-shop.com\/es\/\",\"logo\":{\"@type\":\"ImageObject\",\"inLanguage\":\"es\",\"@id\":\"https:\/\/www.matts-guitar-shop.com\/es\/#\/schema\/logo\/image\/\",\"url\":\"https:\/\/www.matts-guitar-shop.com\/wp-content\/uploads\/2024\/09\/MGS-logo-site-02.png\",\"contentUrl\":\"https:\/\/www.matts-guitar-shop.com\/wp-content\/uploads\/2024\/09\/MGS-logo-site-02.png\",\"width\":200,\"height\":122,\"caption\":\"matts-guitar-shop.com\"},\"image\":{\"@id\":\"https:\/\/www.matts-guitar-shop.com\/es\/#\/schema\/logo\/image\/\"},\"sameAs\":[\"https:\/\/www.facebook.com\/profile.php?id=100044359842817\",\"https:\/\/www.instagram.com\/mattsguitarshop\/\",\"https:\/\/www.youtube.com\/@MattLucasMan\/videos\"]}]}<\/script>\n<!-- \/ Yoast SEO plugin. -->","yoast_head_json":{"title":"Gibson EB1 1956 Little Richard and The Upsetters - Matt&#039;s Guitar Shop","description":"Detr\u00e1s de cada movimiento musical se encuentra una figura pionera que supo sentar las primeras bases para generaciones enteras de artistas.","robots":{"index":"index","follow":"follow","max-snippet":"max-snippet:-1","max-image-preview":"max-image-preview:large","max-video-preview":"max-video-preview:-1"},"canonical":"https:\/\/www.matts-guitar-shop.com\/es\/produit\/gibson-eb1-1956-little-richard-and-the-upsetters\/","og_locale":"es_ES","og_type":"article","og_title":"Gibson EB1 1956 Little Richard and The Upsetters - Matt&#039;s Guitar Shop","og_description":"Detr\u00e1s de cada movimiento musical se encuentra una figura pionera que supo sentar las primeras bases para generaciones enteras de artistas.","og_url":"https:\/\/www.matts-guitar-shop.com\/es\/produit\/gibson-eb1-1956-little-richard-and-the-upsetters\/","og_site_name":"Matt&#039;s Guitar Shop","article_publisher":"https:\/\/www.facebook.com\/profile.php?id=100044359842817","article_modified_time":"2025-10-29T18:29:57+00:00","og_image":[{"width":692,"height":1000,"url":"https:\/\/www.matts-guitar-shop.com\/wp-content\/uploads\/2024\/08\/Gibson-EB1-1956-Little-Richard-and-The-Upsetters-00.jpg","type":"image\/jpeg"}],"twitter_card":"summary_large_image","schema":{"@context":"https:\/\/schema.org","@graph":[{"@type":"WebPage","@id":"https:\/\/www.matts-guitar-shop.com\/es\/produit\/gibson-eb1-1956-little-richard-and-the-upsetters\/","url":"https:\/\/www.matts-guitar-shop.com\/es\/produit\/gibson-eb1-1956-little-richard-and-the-upsetters\/","name":"Gibson EB1 1956 Little Richard and The Upsetters - Matt&#039;s Guitar Shop","isPartOf":{"@id":"https:\/\/www.matts-guitar-shop.com\/es\/#website"},"primaryImageOfPage":{"@id":"https:\/\/www.matts-guitar-shop.com\/es\/produit\/gibson-eb1-1956-little-richard-and-the-upsetters\/#primaryimage"},"image":{"@id":"https:\/\/www.matts-guitar-shop.com\/es\/produit\/gibson-eb1-1956-little-richard-and-the-upsetters\/#primaryimage"},"thumbnailUrl":"https:\/\/www.matts-guitar-shop.com\/wp-content\/uploads\/2024\/08\/Gibson-EB1-1956-Little-Richard-and-The-Upsetters-00.jpg","datePublished":"2024-08-22T12:07:41+00:00","dateModified":"2025-10-29T18:29:57+00:00","description":"Detr\u00e1s de cada movimiento musical se encuentra una figura pionera que supo sentar las primeras bases para generaciones enteras de artistas.","breadcrumb":{"@id":"https:\/\/www.matts-guitar-shop.com\/es\/produit\/gibson-eb1-1956-little-richard-and-the-upsetters\/#breadcrumb"},"inLanguage":"es","potentialAction":[{"@type":"ReadAction","target":["https:\/\/www.matts-guitar-shop.com\/es\/produit\/gibson-eb1-1956-little-richard-and-the-upsetters\/"]}]},{"@type":"ImageObject","inLanguage":"es","@id":"https:\/\/www.matts-guitar-shop.com\/es\/produit\/gibson-eb1-1956-little-richard-and-the-upsetters\/#primaryimage","url":"https:\/\/www.matts-guitar-shop.com\/wp-content\/uploads\/2024\/08\/Gibson-EB1-1956-Little-Richard-and-The-Upsetters-00.jpg","contentUrl":"https:\/\/www.matts-guitar-shop.com\/wp-content\/uploads\/2024\/08\/Gibson-EB1-1956-Little-Richard-and-The-Upsetters-00.jpg","width":692,"height":1000,"caption":"Basse Gibson EB1 de 1956 - The Upsetters"},{"@type":"BreadcrumbList","@id":"https:\/\/www.matts-guitar-shop.com\/es\/produit\/gibson-eb1-1956-little-richard-and-the-upsetters\/#breadcrumb","itemListElement":[{"@type":"ListItem","position":1,"name":"Inicio","item":"https:\/\/www.matts-guitar-shop.com\/es\/"},{"@type":"ListItem","position":2,"name":"Tienda","item":"https:\/\/www.matts-guitar-shop.com\/es\/tienda\/"},{"@type":"ListItem","position":3,"name":"Gibson EB1 1956 Little Richard and The Upsetters"}]},{"@type":"WebSite","@id":"https:\/\/www.matts-guitar-shop.com\/es\/#website","url":"https:\/\/www.matts-guitar-shop.com\/es\/","name":"matts-guitar-shop.com","description":"Guitar Shop","publisher":{"@id":"https:\/\/www.matts-guitar-shop.com\/es\/#organization"},"potentialAction":[{"@type":"SearchAction","target":{"@type":"EntryPoint","urlTemplate":"https:\/\/www.matts-guitar-shop.com\/es\/?s={search_term_string}"},"query-input":{"@type":"PropertyValueSpecification","valueRequired":true,"valueName":"search_term_string"}}],"inLanguage":"es"},{"@type":"Organization","@id":"https:\/\/www.matts-guitar-shop.com\/es\/#organization","name":"matts-guitar-shop.com","url":"https:\/\/www.matts-guitar-shop.com\/es\/","logo":{"@type":"ImageObject","inLanguage":"es","@id":"https:\/\/www.matts-guitar-shop.com\/es\/#\/schema\/logo\/image\/","url":"https:\/\/www.matts-guitar-shop.com\/wp-content\/uploads\/2024\/09\/MGS-logo-site-02.png","contentUrl":"https:\/\/www.matts-guitar-shop.com\/wp-content\/uploads\/2024\/09\/MGS-logo-site-02.png","width":200,"height":122,"caption":"matts-guitar-shop.com"},"image":{"@id":"https:\/\/www.matts-guitar-shop.com\/es\/#\/schema\/logo\/image\/"},"sameAs":["https:\/\/www.facebook.com\/profile.php?id=100044359842817","https:\/\/www.instagram.com\/mattsguitarshop\/","https:\/\/www.youtube.com\/@MattLucasMan\/videos"]}]}},"_links":{"self":[{"href":"https:\/\/www.matts-guitar-shop.com\/es\/wp-json\/wp\/v2\/product\/19038","targetHints":{"allow":["GET"]}}],"collection":[{"href":"https:\/\/www.matts-guitar-shop.com\/es\/wp-json\/wp\/v2\/product"}],"about":[{"href":"https:\/\/www.matts-guitar-shop.com\/es\/wp-json\/wp\/v2\/types\/product"}],"replies":[{"embeddable":true,"href":"https:\/\/www.matts-guitar-shop.com\/es\/wp-json\/wp\/v2\/comments?post=19038"}],"wp:featuredmedia":[{"embeddable":true,"href":"https:\/\/www.matts-guitar-shop.com\/es\/wp-json\/wp\/v2\/media\/19039"}],"wp:attachment":[{"href":"https:\/\/www.matts-guitar-shop.com\/es\/wp-json\/wp\/v2\/media?parent=19038"}],"wp:term":[{"taxonomy":"product_brand","embeddable":true,"href":"https:\/\/www.matts-guitar-shop.com\/es\/wp-json\/wp\/v2\/product_brand?post=19038"},{"taxonomy":"product_cat","embeddable":true,"href":"https:\/\/www.matts-guitar-shop.com\/es\/wp-json\/wp\/v2\/product_cat?post=19038"},{"taxonomy":"product_tag","embeddable":true,"href":"https:\/\/www.matts-guitar-shop.com\/es\/wp-json\/wp\/v2\/product_tag?post=19038"}],"curies":[{"name":"wp","href":"https:\/\/api.w.org\/{rel}","templated":true}]}}