{"id":18949,"date":"2024-08-19T17:56:08","date_gmt":"2024-08-19T15:56:08","guid":{"rendered":"https:\/\/www.matts-guitar-shop.com\/produit\/gibson-hummingbird-2009-ex-craig-ross\/"},"modified":"2025-10-29T19:59:34","modified_gmt":"2025-10-29T18:59:34","slug":"gibson-hummingbird-2009-ex-craig-ross","status":"publish","type":"product","link":"https:\/\/www.matts-guitar-shop.com\/es\/produit\/gibson-hummingbird-2009-ex-craig-ross\/","title":{"rendered":"Gibson Hummingbird 2009 ex-Craig Ross"},"content":{"rendered":"<p>Craig Ross<br \/>(1964)<\/p>\n<p>Grupo: Lenny Kravitz<br \/>Guitarra principal: Les Paul<br \/>Para escuchar de inmediato: Are You Gonna Go My Way?<\/p>\n<p>Detr\u00e1s de cada gran cantante hay un gran acompa\u00f1ante. No existe un h\u00e9roe megal\u00f3mano sin un guitarrista en el que pueda confiar, alguien que toque los riffs y solo se coloque en el centro del escenario unos segundos durante el show. No hay un Mick sin Keith, ni un Plant sin Page, ni un Lenny Kravitz sin Craig Ross.<\/p>\n<p>En 1991, Lenny Kravitz estaba a punto de explotar ante el gran p\u00fablico: acababa de escribir un \u00e9xito para Madonna, hab\u00eda escrito y producido un \u00e1lbum para Vanessa Paradis, y su propio disco Mama Said sonaba a menudo en la radio con singles como \u201cAlways On The Run\u201d y \u201cIt Ain\u2019t Over \u2018Til It\u2019s Over\u201d. Como buen control freak, Kravitz sol\u00eda tocar todos los instrumentos en sus \u00e1lbumes, con algunos invitados seleccionados, como Slash, que apareci\u00f3 en dos canciones. Para su gira, sin embargo, necesitaba a un hombre de confianza, alguien que pudiera sacar el mismo sonido vintage, c\u00e1lido y vivo de sus guitarras, alguien que pudiera tocar como el jefe pero tambi\u00e9n complementar su estilo aportando nuevas ideas.<\/p>\n<p>Muy pocos m\u00fasicos habr\u00edan estado a la altura del desaf\u00edo, pero eso no fue un problema para Craig Ross. Ya ten\u00eda reputaci\u00f3n de excelente guitarrista con su banda The Broken Homes, y Kravitz le hizo pasar la prueba definitiva llev\u00e1ndolo a la gira de Mama Said. Los resultados superaron sus expectativas, y desde entonces Kravitz no volvi\u00f3 a tocar sin Ross.<\/p>\n<p>En el siguiente \u00e1lbum, Are You Gonna Go My Way en 1993, Ross toc\u00f3 numerosas partes de guitarra e incluso coescribi\u00f3 tres canciones, incluyendo la canci\u00f3n titular, \u201cIs There Any Love in Your Heart\u201d y \u201cMy Love\u201d. Hasta la fecha, Ross ha participado en nueve \u00e1lbumes de Kravitz, encontrando tiempo y energ\u00eda para tocar tambi\u00e9n con superestrellas como The Black Crowes y B.B. King. Ross es la definici\u00f3n misma de un gran sideman.<\/p>\n","protected":false},"excerpt":{"rendered":"<p>\u00bfTiene preguntas sobre este producto? \u00a1Cont\u00e1ctenos!<\/p>\n","protected":false},"featured_media":18950,"comment_status":"open","ping_status":"closed","template":"","meta":{"_et_pb_use_builder":"","_et_pb_old_content":"","_et_gb_content_width":""},"product_brand":[],"product_cat":[654,657,655],"product_tag":[],"class_list":{"0":"post-18949","1":"product","2":"type-product","3":"status-publish","4":"has-post-thumbnail","6":"product_cat-vendidos","7":"product_cat-guitarras-acusticas","8":"product_cat-guitarras","9":"pa_artiste-craig-ross-es","10":"pa_disponibilite-vendido","11":"pa_marque-gibson-es","13":"first","14":"outofstock","15":"shipping-taxable","16":"product-type-simple"},"yoast_head":"<!-- This site is optimized with the Yoast SEO plugin v26.8 - https:\/\/yoast.com\/product\/yoast-seo-wordpress\/ -->\n<title>Gibson Hummingbird 2009 ex-Craig Ross - Matt&#039;s Guitar Shop<\/title>\n<meta name=\"description\" content=\"Detr\u00e1s de cada gran cantante hay un gran acompa\u00f1ante. No hay h\u00e9roe megal\u00f3mano sin un guitarrista en quien poder confiar.\" \/>\n<meta name=\"robots\" content=\"index, follow, max-snippet:-1, max-image-preview:large, max-video-preview:-1\" \/>\n<link rel=\"canonical\" href=\"https:\/\/www.matts-guitar-shop.com\/es\/produit\/gibson-hummingbird-2009-ex-craig-ross\/\" \/>\n<meta property=\"og:locale\" content=\"es_ES\" \/>\n<meta property=\"og:type\" content=\"article\" \/>\n<meta property=\"og:title\" content=\"Gibson Hummingbird 2009 ex-Craig Ross - Matt&#039;s Guitar Shop\" \/>\n<meta property=\"og:description\" content=\"Detr\u00e1s de cada gran cantante hay un gran acompa\u00f1ante. No hay h\u00e9roe megal\u00f3mano sin un guitarrista en quien poder confiar.\" \/>\n<meta property=\"og:url\" content=\"https:\/\/www.matts-guitar-shop.com\/es\/produit\/gibson-hummingbird-2009-ex-craig-ross\/\" \/>\n<meta property=\"og:site_name\" content=\"Matt&#039;s Guitar Shop\" \/>\n<meta property=\"article:publisher\" content=\"https:\/\/www.facebook.com\/profile.php?id=100044359842817\" \/>\n<meta property=\"article:modified_time\" content=\"2025-10-29T18:59:34+00:00\" \/>\n<meta property=\"og:image\" content=\"https:\/\/www.matts-guitar-shop.com\/wp-content\/uploads\/2024\/08\/gibson-hummingbird-craig-ross-guitare-01.jpg\" \/>\n\t<meta property=\"og:image:width\" content=\"667\" \/>\n\t<meta property=\"og:image:height\" content=\"1000\" \/>\n\t<meta property=\"og:image:type\" content=\"image\/jpeg\" \/>\n<meta name=\"twitter:card\" content=\"summary_large_image\" \/>\n<meta name=\"twitter:label1\" content=\"Tiempo de lectura\" \/>\n\t<meta name=\"twitter:data1\" content=\"2 minutos\" \/>\n<script type=\"application\/ld+json\" class=\"yoast-schema-graph\">{\"@context\":\"https:\/\/schema.org\",\"@graph\":[{\"@type\":\"WebPage\",\"@id\":\"https:\/\/www.matts-guitar-shop.com\/es\/produit\/gibson-hummingbird-2009-ex-craig-ross\/\",\"url\":\"https:\/\/www.matts-guitar-shop.com\/es\/produit\/gibson-hummingbird-2009-ex-craig-ross\/\",\"name\":\"Gibson Hummingbird 2009 ex-Craig Ross - Matt&#039;s Guitar Shop\",\"isPartOf\":{\"@id\":\"https:\/\/www.matts-guitar-shop.com\/es\/#website\"},\"primaryImageOfPage\":{\"@id\":\"https:\/\/www.matts-guitar-shop.com\/es\/produit\/gibson-hummingbird-2009-ex-craig-ross\/#primaryimage\"},\"image\":{\"@id\":\"https:\/\/www.matts-guitar-shop.com\/es\/produit\/gibson-hummingbird-2009-ex-craig-ross\/#primaryimage\"},\"thumbnailUrl\":\"https:\/\/www.matts-guitar-shop.com\/wp-content\/uploads\/2024\/08\/gibson-hummingbird-craig-ross-guitare-01.jpg\",\"datePublished\":\"2024-08-19T15:56:08+00:00\",\"dateModified\":\"2025-10-29T18:59:34+00:00\",\"description\":\"Detr\u00e1s de cada gran cantante hay un gran acompa\u00f1ante. No hay h\u00e9roe megal\u00f3mano sin un guitarrista en quien poder confiar.\",\"breadcrumb\":{\"@id\":\"https:\/\/www.matts-guitar-shop.com\/es\/produit\/gibson-hummingbird-2009-ex-craig-ross\/#breadcrumb\"},\"inLanguage\":\"es\",\"potentialAction\":[{\"@type\":\"ReadAction\",\"target\":[\"https:\/\/www.matts-guitar-shop.com\/es\/produit\/gibson-hummingbird-2009-ex-craig-ross\/\"]}]},{\"@type\":\"ImageObject\",\"inLanguage\":\"es\",\"@id\":\"https:\/\/www.matts-guitar-shop.com\/es\/produit\/gibson-hummingbird-2009-ex-craig-ross\/#primaryimage\",\"url\":\"https:\/\/www.matts-guitar-shop.com\/wp-content\/uploads\/2024\/08\/gibson-hummingbird-craig-ross-guitare-01.jpg\",\"contentUrl\":\"https:\/\/www.matts-guitar-shop.com\/wp-content\/uploads\/2024\/08\/gibson-hummingbird-craig-ross-guitare-01.jpg\",\"width\":667,\"height\":1000},{\"@type\":\"BreadcrumbList\",\"@id\":\"https:\/\/www.matts-guitar-shop.com\/es\/produit\/gibson-hummingbird-2009-ex-craig-ross\/#breadcrumb\",\"itemListElement\":[{\"@type\":\"ListItem\",\"position\":1,\"name\":\"Inicio\",\"item\":\"https:\/\/www.matts-guitar-shop.com\/es\/\"},{\"@type\":\"ListItem\",\"position\":2,\"name\":\"Tienda\",\"item\":\"https:\/\/www.matts-guitar-shop.com\/es\/tienda\/\"},{\"@type\":\"ListItem\",\"position\":3,\"name\":\"Gibson Hummingbird 2009 ex-Craig Ross\"}]},{\"@type\":\"WebSite\",\"@id\":\"https:\/\/www.matts-guitar-shop.com\/es\/#website\",\"url\":\"https:\/\/www.matts-guitar-shop.com\/es\/\",\"name\":\"matts-guitar-shop.com\",\"description\":\"Guitar Shop\",\"publisher\":{\"@id\":\"https:\/\/www.matts-guitar-shop.com\/es\/#organization\"},\"potentialAction\":[{\"@type\":\"SearchAction\",\"target\":{\"@type\":\"EntryPoint\",\"urlTemplate\":\"https:\/\/www.matts-guitar-shop.com\/es\/?s={search_term_string}\"},\"query-input\":{\"@type\":\"PropertyValueSpecification\",\"valueRequired\":true,\"valueName\":\"search_term_string\"}}],\"inLanguage\":\"es\"},{\"@type\":\"Organization\",\"@id\":\"https:\/\/www.matts-guitar-shop.com\/es\/#organization\",\"name\":\"matts-guitar-shop.com\",\"url\":\"https:\/\/www.matts-guitar-shop.com\/es\/\",\"logo\":{\"@type\":\"ImageObject\",\"inLanguage\":\"es\",\"@id\":\"https:\/\/www.matts-guitar-shop.com\/es\/#\/schema\/logo\/image\/\",\"url\":\"https:\/\/www.matts-guitar-shop.com\/wp-content\/uploads\/2024\/09\/MGS-logo-site-02.png\",\"contentUrl\":\"https:\/\/www.matts-guitar-shop.com\/wp-content\/uploads\/2024\/09\/MGS-logo-site-02.png\",\"width\":200,\"height\":122,\"caption\":\"matts-guitar-shop.com\"},\"image\":{\"@id\":\"https:\/\/www.matts-guitar-shop.com\/es\/#\/schema\/logo\/image\/\"},\"sameAs\":[\"https:\/\/www.facebook.com\/profile.php?id=100044359842817\",\"https:\/\/www.instagram.com\/mattsguitarshop\/\",\"https:\/\/www.youtube.com\/@MattLucasMan\/videos\"]}]}<\/script>\n<!-- \/ Yoast SEO plugin. -->","yoast_head_json":{"title":"Gibson Hummingbird 2009 ex-Craig Ross - Matt&#039;s Guitar Shop","description":"Detr\u00e1s de cada gran cantante hay un gran acompa\u00f1ante. No hay h\u00e9roe megal\u00f3mano sin un guitarrista en quien poder confiar.","robots":{"index":"index","follow":"follow","max-snippet":"max-snippet:-1","max-image-preview":"max-image-preview:large","max-video-preview":"max-video-preview:-1"},"canonical":"https:\/\/www.matts-guitar-shop.com\/es\/produit\/gibson-hummingbird-2009-ex-craig-ross\/","og_locale":"es_ES","og_type":"article","og_title":"Gibson Hummingbird 2009 ex-Craig Ross - Matt&#039;s Guitar Shop","og_description":"Detr\u00e1s de cada gran cantante hay un gran acompa\u00f1ante. No hay h\u00e9roe megal\u00f3mano sin un guitarrista en quien poder confiar.","og_url":"https:\/\/www.matts-guitar-shop.com\/es\/produit\/gibson-hummingbird-2009-ex-craig-ross\/","og_site_name":"Matt&#039;s Guitar Shop","article_publisher":"https:\/\/www.facebook.com\/profile.php?id=100044359842817","article_modified_time":"2025-10-29T18:59:34+00:00","og_image":[{"width":667,"height":1000,"url":"https:\/\/www.matts-guitar-shop.com\/wp-content\/uploads\/2024\/08\/gibson-hummingbird-craig-ross-guitare-01.jpg","type":"image\/jpeg"}],"twitter_card":"summary_large_image","twitter_misc":{"Tiempo de lectura":"2 minutos"},"schema":{"@context":"https:\/\/schema.org","@graph":[{"@type":"WebPage","@id":"https:\/\/www.matts-guitar-shop.com\/es\/produit\/gibson-hummingbird-2009-ex-craig-ross\/","url":"https:\/\/www.matts-guitar-shop.com\/es\/produit\/gibson-hummingbird-2009-ex-craig-ross\/","name":"Gibson Hummingbird 2009 ex-Craig Ross - Matt&#039;s Guitar Shop","isPartOf":{"@id":"https:\/\/www.matts-guitar-shop.com\/es\/#website"},"primaryImageOfPage":{"@id":"https:\/\/www.matts-guitar-shop.com\/es\/produit\/gibson-hummingbird-2009-ex-craig-ross\/#primaryimage"},"image":{"@id":"https:\/\/www.matts-guitar-shop.com\/es\/produit\/gibson-hummingbird-2009-ex-craig-ross\/#primaryimage"},"thumbnailUrl":"https:\/\/www.matts-guitar-shop.com\/wp-content\/uploads\/2024\/08\/gibson-hummingbird-craig-ross-guitare-01.jpg","datePublished":"2024-08-19T15:56:08+00:00","dateModified":"2025-10-29T18:59:34+00:00","description":"Detr\u00e1s de cada gran cantante hay un gran acompa\u00f1ante. No hay h\u00e9roe megal\u00f3mano sin un guitarrista en quien poder confiar.","breadcrumb":{"@id":"https:\/\/www.matts-guitar-shop.com\/es\/produit\/gibson-hummingbird-2009-ex-craig-ross\/#breadcrumb"},"inLanguage":"es","potentialAction":[{"@type":"ReadAction","target":["https:\/\/www.matts-guitar-shop.com\/es\/produit\/gibson-hummingbird-2009-ex-craig-ross\/"]}]},{"@type":"ImageObject","inLanguage":"es","@id":"https:\/\/www.matts-guitar-shop.com\/es\/produit\/gibson-hummingbird-2009-ex-craig-ross\/#primaryimage","url":"https:\/\/www.matts-guitar-shop.com\/wp-content\/uploads\/2024\/08\/gibson-hummingbird-craig-ross-guitare-01.jpg","contentUrl":"https:\/\/www.matts-guitar-shop.com\/wp-content\/uploads\/2024\/08\/gibson-hummingbird-craig-ross-guitare-01.jpg","width":667,"height":1000},{"@type":"BreadcrumbList","@id":"https:\/\/www.matts-guitar-shop.com\/es\/produit\/gibson-hummingbird-2009-ex-craig-ross\/#breadcrumb","itemListElement":[{"@type":"ListItem","position":1,"name":"Inicio","item":"https:\/\/www.matts-guitar-shop.com\/es\/"},{"@type":"ListItem","position":2,"name":"Tienda","item":"https:\/\/www.matts-guitar-shop.com\/es\/tienda\/"},{"@type":"ListItem","position":3,"name":"Gibson Hummingbird 2009 ex-Craig Ross"}]},{"@type":"WebSite","@id":"https:\/\/www.matts-guitar-shop.com\/es\/#website","url":"https:\/\/www.matts-guitar-shop.com\/es\/","name":"matts-guitar-shop.com","description":"Guitar Shop","publisher":{"@id":"https:\/\/www.matts-guitar-shop.com\/es\/#organization"},"potentialAction":[{"@type":"SearchAction","target":{"@type":"EntryPoint","urlTemplate":"https:\/\/www.matts-guitar-shop.com\/es\/?s={search_term_string}"},"query-input":{"@type":"PropertyValueSpecification","valueRequired":true,"valueName":"search_term_string"}}],"inLanguage":"es"},{"@type":"Organization","@id":"https:\/\/www.matts-guitar-shop.com\/es\/#organization","name":"matts-guitar-shop.com","url":"https:\/\/www.matts-guitar-shop.com\/es\/","logo":{"@type":"ImageObject","inLanguage":"es","@id":"https:\/\/www.matts-guitar-shop.com\/es\/#\/schema\/logo\/image\/","url":"https:\/\/www.matts-guitar-shop.com\/wp-content\/uploads\/2024\/09\/MGS-logo-site-02.png","contentUrl":"https:\/\/www.matts-guitar-shop.com\/wp-content\/uploads\/2024\/09\/MGS-logo-site-02.png","width":200,"height":122,"caption":"matts-guitar-shop.com"},"image":{"@id":"https:\/\/www.matts-guitar-shop.com\/es\/#\/schema\/logo\/image\/"},"sameAs":["https:\/\/www.facebook.com\/profile.php?id=100044359842817","https:\/\/www.instagram.com\/mattsguitarshop\/","https:\/\/www.youtube.com\/@MattLucasMan\/videos"]}]}},"_links":{"self":[{"href":"https:\/\/www.matts-guitar-shop.com\/es\/wp-json\/wp\/v2\/product\/18949","targetHints":{"allow":["GET"]}}],"collection":[{"href":"https:\/\/www.matts-guitar-shop.com\/es\/wp-json\/wp\/v2\/product"}],"about":[{"href":"https:\/\/www.matts-guitar-shop.com\/es\/wp-json\/wp\/v2\/types\/product"}],"replies":[{"embeddable":true,"href":"https:\/\/www.matts-guitar-shop.com\/es\/wp-json\/wp\/v2\/comments?post=18949"}],"wp:featuredmedia":[{"embeddable":true,"href":"https:\/\/www.matts-guitar-shop.com\/es\/wp-json\/wp\/v2\/media\/18950"}],"wp:attachment":[{"href":"https:\/\/www.matts-guitar-shop.com\/es\/wp-json\/wp\/v2\/media?parent=18949"}],"wp:term":[{"taxonomy":"product_brand","embeddable":true,"href":"https:\/\/www.matts-guitar-shop.com\/es\/wp-json\/wp\/v2\/product_brand?post=18949"},{"taxonomy":"product_cat","embeddable":true,"href":"https:\/\/www.matts-guitar-shop.com\/es\/wp-json\/wp\/v2\/product_cat?post=18949"},{"taxonomy":"product_tag","embeddable":true,"href":"https:\/\/www.matts-guitar-shop.com\/es\/wp-json\/wp\/v2\/product_tag?post=18949"}],"curies":[{"name":"wp","href":"https:\/\/api.w.org\/{rel}","templated":true}]}}