{"id":18921,"date":"2024-08-19T17:29:51","date_gmt":"2024-08-19T15:29:51","guid":{"rendered":"https:\/\/www.matts-guitar-shop.com\/produit\/gibson-explorer-custom-sparkle-silver-ex-matthias-jabs-scorpions\/"},"modified":"2025-10-31T18:03:44","modified_gmt":"2025-10-31T17:03:44","slug":"gibson-explorer-custom-sparkle-silver-ex-matthias-jabs-scorpions","status":"publish","type":"product","link":"https:\/\/www.matts-guitar-shop.com\/es\/produit\/gibson-explorer-custom-sparkle-silver-ex-matthias-jabs-scorpions\/","title":{"rendered":"Gibson Explorer Custom Sparkle Silver Ex Matthias Jabs Scorpions"},"content":{"rendered":"<p>Gibson Explorer Custom Sparkle Silver Ex Matthias Jabs Scorpions<\/p>\n","protected":false},"excerpt":{"rendered":"<p><strong>Pocas guitarras han mantenido su estatus extraordinario a lo largo del tiempo. Sin embargo, este es el caso de la Gibson Explorer, una guitarra de \u00e1ngulos muy marcados que revolucion\u00f3 las formas hasta entonces aceptadas para las guitarras con una propuesta futurista y audaz. Introducida en 1958, la guitarra en forma de rayo tard\u00f3 en encontrar su lugar en el vasto panorama de las guitarras el\u00e9ctricas, pero con el tiempo se convirti\u00f3 en un instrumento apreciado y buscado por m\u00fasicos talentosos. Fiera, agresiva y radical, la Explorer se ha convertido en una firma tanto visual como sonora para artistas adeptos a los sonidos masivos y precisos. Entre los artistas que han dado prestigio a la Explorer se encuentra Matthias Jabs, el m\u00edtico guitarrista del grupo Scorpions. Esta Explorer con purpurina es un ejemplar \u00fanico construido por el Gibson Custom Shop especialmente para Matthias Jabs.<\/strong><\/p>\n<p>Cuando la Gibson Explorer apareci\u00f3 a finales de los a\u00f1os 1960, supuso un terremoto en el mercado de las guitarras. Nadie hab\u00eda imaginado hasta entonces formas tan definidas y agresivas como su sonido. Tras varios a\u00f1os de desinter\u00e9s, la Explorer fue adoptada por varios artistas importantes que recuerdan lo \u00fanico que es este dise\u00f1o. Matthias Jabs es uno de ellos. Su uso de las guitarras Explorer es inseparable de sus riffs dentro de Scorpions: contribuy\u00f3 a consagrar este modelo como referente del hard rock. Desde sus Gibson Explorer hasta sus modelos Dommenget, Matthias Jabs siempre ha mostrado su cari\u00f1o por la forma de la Explorer, que retoma en cada uno de sus modelos signature. La guitarra en forma de rayo forma parte del arsenal de Matthias Jabs y ha moldeado la identidad visual y sonora del m\u00edtico grupo de hard rock.<\/p>\n<p>Esta Gibson Explorer Custom Shop es una guitarra excepcional que fue fabricada espec\u00edficamente para Matthias Jabs. Es una guitarra con numerosas particularidades que la hacen \u00fanica en su g\u00e9nero. En primer lugar, su acabado es notable. Se trata de una Explorer en silver sparkle brillante que reacciona m\u00e1gicamente a la luz ambiente y a los focos del escenario. Adem\u00e1s, los marcadores del diapas\u00f3n imitan rub\u00edes, a\u00f1adiendo un detalle est\u00e9tico muy atractivo a una guitarra ya impresionante. Por \u00faltimo, el acabado sparkle es integral y cubre incluso el m\u00e1stil de la guitarra. Esta Gibson Explorer excepcional proviene directamente de la colecci\u00f3n personal de Matthias Jabs. \u00a1Se puede descubrir en el Matt\u2019s Guitar Shop!<\/p>\n","protected":false},"featured_media":18922,"comment_status":"open","ping_status":"closed","template":"","meta":{"_et_pb_use_builder":"","_et_pb_old_content":"","_et_gb_content_width":""},"product_brand":[],"product_cat":[654,659,655],"product_tag":[],"class_list":{"0":"post-18921","1":"product","2":"type-product","3":"status-publish","4":"has-post-thumbnail","6":"product_cat-vendidos","7":"product_cat-guitarras-electricas","8":"product_cat-guitarras","9":"pa_artiste-matthias-jabs-es","10":"pa_disponibilite-vendido","11":"pa_marque-gibson-es","13":"first","14":"outofstock","15":"shipping-taxable","16":"product-type-simple"},"yoast_head":"<!-- This site is optimized with the Yoast SEO plugin v26.8 - https:\/\/yoast.com\/product\/yoast-seo-wordpress\/ -->\n<title>Gibson Explorer Custom Sparkle Silver Ex Matthias Jabs Scorpions - Matt&#039;s Guitar Shop<\/title>\n<meta name=\"description\" content=\"Gibson Explorer Custom Sparkle Silver ex-Matthias Jabs (Scorpions) disponible en tu tienda online Matt\u2019s Guitar Shop.\" \/>\n<meta name=\"robots\" content=\"index, follow, max-snippet:-1, max-image-preview:large, max-video-preview:-1\" \/>\n<link rel=\"canonical\" href=\"https:\/\/www.matts-guitar-shop.com\/es\/produit\/gibson-explorer-custom-sparkle-silver-ex-matthias-jabs-scorpions\/\" \/>\n<meta property=\"og:locale\" content=\"es_ES\" \/>\n<meta property=\"og:type\" content=\"article\" \/>\n<meta property=\"og:title\" content=\"Gibson Explorer Custom Sparkle Silver Ex Matthias Jabs Scorpions - Matt&#039;s Guitar Shop\" \/>\n<meta property=\"og:description\" content=\"Gibson Explorer Custom Sparkle Silver ex-Matthias Jabs (Scorpions) disponible en tu tienda online Matt\u2019s Guitar Shop.\" \/>\n<meta property=\"og:url\" content=\"https:\/\/www.matts-guitar-shop.com\/es\/produit\/gibson-explorer-custom-sparkle-silver-ex-matthias-jabs-scorpions\/\" \/>\n<meta property=\"og:site_name\" content=\"Matt&#039;s Guitar Shop\" \/>\n<meta property=\"article:publisher\" content=\"https:\/\/www.facebook.com\/profile.php?id=100044359842817\" \/>\n<meta property=\"article:modified_time\" content=\"2025-10-31T17:03:44+00:00\" \/>\n<meta property=\"og:image\" content=\"https:\/\/www.matts-guitar-shop.com\/wp-content\/uploads\/2024\/08\/Gibson-Explorer-Custom-Sparkle-Silver-Ex-Matthias-Jabs-Scorpions-0-01.jpg\" \/>\n\t<meta property=\"og:image:width\" content=\"687\" \/>\n\t<meta property=\"og:image:height\" content=\"1000\" \/>\n\t<meta property=\"og:image:type\" content=\"image\/jpeg\" \/>\n<meta name=\"twitter:card\" content=\"summary_large_image\" \/>\n<script type=\"application\/ld+json\" class=\"yoast-schema-graph\">{\"@context\":\"https:\/\/schema.org\",\"@graph\":[{\"@type\":\"WebPage\",\"@id\":\"https:\/\/www.matts-guitar-shop.com\/es\/produit\/gibson-explorer-custom-sparkle-silver-ex-matthias-jabs-scorpions\/\",\"url\":\"https:\/\/www.matts-guitar-shop.com\/es\/produit\/gibson-explorer-custom-sparkle-silver-ex-matthias-jabs-scorpions\/\",\"name\":\"Gibson Explorer Custom Sparkle Silver Ex Matthias Jabs Scorpions - Matt&#039;s Guitar Shop\",\"isPartOf\":{\"@id\":\"https:\/\/www.matts-guitar-shop.com\/es\/#website\"},\"primaryImageOfPage\":{\"@id\":\"https:\/\/www.matts-guitar-shop.com\/es\/produit\/gibson-explorer-custom-sparkle-silver-ex-matthias-jabs-scorpions\/#primaryimage\"},\"image\":{\"@id\":\"https:\/\/www.matts-guitar-shop.com\/es\/produit\/gibson-explorer-custom-sparkle-silver-ex-matthias-jabs-scorpions\/#primaryimage\"},\"thumbnailUrl\":\"https:\/\/www.matts-guitar-shop.com\/wp-content\/uploads\/2024\/08\/Gibson-Explorer-Custom-Sparkle-Silver-Ex-Matthias-Jabs-Scorpions-0-01.jpg\",\"datePublished\":\"2024-08-19T15:29:51+00:00\",\"dateModified\":\"2025-10-31T17:03:44+00:00\",\"description\":\"Gibson Explorer Custom Sparkle Silver ex-Matthias Jabs (Scorpions) disponible en tu tienda online Matt\u2019s Guitar Shop.\",\"breadcrumb\":{\"@id\":\"https:\/\/www.matts-guitar-shop.com\/es\/produit\/gibson-explorer-custom-sparkle-silver-ex-matthias-jabs-scorpions\/#breadcrumb\"},\"inLanguage\":\"es\",\"potentialAction\":[{\"@type\":\"ReadAction\",\"target\":[\"https:\/\/www.matts-guitar-shop.com\/es\/produit\/gibson-explorer-custom-sparkle-silver-ex-matthias-jabs-scorpions\/\"]}]},{\"@type\":\"ImageObject\",\"inLanguage\":\"es\",\"@id\":\"https:\/\/www.matts-guitar-shop.com\/es\/produit\/gibson-explorer-custom-sparkle-silver-ex-matthias-jabs-scorpions\/#primaryimage\",\"url\":\"https:\/\/www.matts-guitar-shop.com\/wp-content\/uploads\/2024\/08\/Gibson-Explorer-Custom-Sparkle-Silver-Ex-Matthias-Jabs-Scorpions-0-01.jpg\",\"contentUrl\":\"https:\/\/www.matts-guitar-shop.com\/wp-content\/uploads\/2024\/08\/Gibson-Explorer-Custom-Sparkle-Silver-Ex-Matthias-Jabs-Scorpions-0-01.jpg\",\"width\":687,\"height\":1000},{\"@type\":\"BreadcrumbList\",\"@id\":\"https:\/\/www.matts-guitar-shop.com\/es\/produit\/gibson-explorer-custom-sparkle-silver-ex-matthias-jabs-scorpions\/#breadcrumb\",\"itemListElement\":[{\"@type\":\"ListItem\",\"position\":1,\"name\":\"Inicio\",\"item\":\"https:\/\/www.matts-guitar-shop.com\/es\/\"},{\"@type\":\"ListItem\",\"position\":2,\"name\":\"Tienda\",\"item\":\"https:\/\/www.matts-guitar-shop.com\/es\/tienda\/\"},{\"@type\":\"ListItem\",\"position\":3,\"name\":\"Gibson Explorer Custom Sparkle Silver Ex Matthias Jabs Scorpions\"}]},{\"@type\":\"WebSite\",\"@id\":\"https:\/\/www.matts-guitar-shop.com\/es\/#website\",\"url\":\"https:\/\/www.matts-guitar-shop.com\/es\/\",\"name\":\"matts-guitar-shop.com\",\"description\":\"Guitar Shop\",\"publisher\":{\"@id\":\"https:\/\/www.matts-guitar-shop.com\/es\/#organization\"},\"potentialAction\":[{\"@type\":\"SearchAction\",\"target\":{\"@type\":\"EntryPoint\",\"urlTemplate\":\"https:\/\/www.matts-guitar-shop.com\/es\/?s={search_term_string}\"},\"query-input\":{\"@type\":\"PropertyValueSpecification\",\"valueRequired\":true,\"valueName\":\"search_term_string\"}}],\"inLanguage\":\"es\"},{\"@type\":\"Organization\",\"@id\":\"https:\/\/www.matts-guitar-shop.com\/es\/#organization\",\"name\":\"matts-guitar-shop.com\",\"url\":\"https:\/\/www.matts-guitar-shop.com\/es\/\",\"logo\":{\"@type\":\"ImageObject\",\"inLanguage\":\"es\",\"@id\":\"https:\/\/www.matts-guitar-shop.com\/es\/#\/schema\/logo\/image\/\",\"url\":\"https:\/\/www.matts-guitar-shop.com\/wp-content\/uploads\/2024\/09\/MGS-logo-site-02.png\",\"contentUrl\":\"https:\/\/www.matts-guitar-shop.com\/wp-content\/uploads\/2024\/09\/MGS-logo-site-02.png\",\"width\":200,\"height\":122,\"caption\":\"matts-guitar-shop.com\"},\"image\":{\"@id\":\"https:\/\/www.matts-guitar-shop.com\/es\/#\/schema\/logo\/image\/\"},\"sameAs\":[\"https:\/\/www.facebook.com\/profile.php?id=100044359842817\",\"https:\/\/www.instagram.com\/mattsguitarshop\/\",\"https:\/\/www.youtube.com\/@MattLucasMan\/videos\"]}]}<\/script>\n<!-- \/ Yoast SEO plugin. -->","yoast_head_json":{"title":"Gibson Explorer Custom Sparkle Silver Ex Matthias Jabs Scorpions - Matt&#039;s Guitar Shop","description":"Gibson Explorer Custom Sparkle Silver ex-Matthias Jabs (Scorpions) disponible en tu tienda online Matt\u2019s Guitar Shop.","robots":{"index":"index","follow":"follow","max-snippet":"max-snippet:-1","max-image-preview":"max-image-preview:large","max-video-preview":"max-video-preview:-1"},"canonical":"https:\/\/www.matts-guitar-shop.com\/es\/produit\/gibson-explorer-custom-sparkle-silver-ex-matthias-jabs-scorpions\/","og_locale":"es_ES","og_type":"article","og_title":"Gibson Explorer Custom Sparkle Silver Ex Matthias Jabs Scorpions - Matt&#039;s Guitar Shop","og_description":"Gibson Explorer Custom Sparkle Silver ex-Matthias Jabs (Scorpions) disponible en tu tienda online Matt\u2019s Guitar Shop.","og_url":"https:\/\/www.matts-guitar-shop.com\/es\/produit\/gibson-explorer-custom-sparkle-silver-ex-matthias-jabs-scorpions\/","og_site_name":"Matt&#039;s Guitar Shop","article_publisher":"https:\/\/www.facebook.com\/profile.php?id=100044359842817","article_modified_time":"2025-10-31T17:03:44+00:00","og_image":[{"width":687,"height":1000,"url":"https:\/\/www.matts-guitar-shop.com\/wp-content\/uploads\/2024\/08\/Gibson-Explorer-Custom-Sparkle-Silver-Ex-Matthias-Jabs-Scorpions-0-01.jpg","type":"image\/jpeg"}],"twitter_card":"summary_large_image","schema":{"@context":"https:\/\/schema.org","@graph":[{"@type":"WebPage","@id":"https:\/\/www.matts-guitar-shop.com\/es\/produit\/gibson-explorer-custom-sparkle-silver-ex-matthias-jabs-scorpions\/","url":"https:\/\/www.matts-guitar-shop.com\/es\/produit\/gibson-explorer-custom-sparkle-silver-ex-matthias-jabs-scorpions\/","name":"Gibson Explorer Custom Sparkle Silver Ex Matthias Jabs Scorpions - Matt&#039;s Guitar Shop","isPartOf":{"@id":"https:\/\/www.matts-guitar-shop.com\/es\/#website"},"primaryImageOfPage":{"@id":"https:\/\/www.matts-guitar-shop.com\/es\/produit\/gibson-explorer-custom-sparkle-silver-ex-matthias-jabs-scorpions\/#primaryimage"},"image":{"@id":"https:\/\/www.matts-guitar-shop.com\/es\/produit\/gibson-explorer-custom-sparkle-silver-ex-matthias-jabs-scorpions\/#primaryimage"},"thumbnailUrl":"https:\/\/www.matts-guitar-shop.com\/wp-content\/uploads\/2024\/08\/Gibson-Explorer-Custom-Sparkle-Silver-Ex-Matthias-Jabs-Scorpions-0-01.jpg","datePublished":"2024-08-19T15:29:51+00:00","dateModified":"2025-10-31T17:03:44+00:00","description":"Gibson Explorer Custom Sparkle Silver ex-Matthias Jabs (Scorpions) disponible en tu tienda online Matt\u2019s Guitar Shop.","breadcrumb":{"@id":"https:\/\/www.matts-guitar-shop.com\/es\/produit\/gibson-explorer-custom-sparkle-silver-ex-matthias-jabs-scorpions\/#breadcrumb"},"inLanguage":"es","potentialAction":[{"@type":"ReadAction","target":["https:\/\/www.matts-guitar-shop.com\/es\/produit\/gibson-explorer-custom-sparkle-silver-ex-matthias-jabs-scorpions\/"]}]},{"@type":"ImageObject","inLanguage":"es","@id":"https:\/\/www.matts-guitar-shop.com\/es\/produit\/gibson-explorer-custom-sparkle-silver-ex-matthias-jabs-scorpions\/#primaryimage","url":"https:\/\/www.matts-guitar-shop.com\/wp-content\/uploads\/2024\/08\/Gibson-Explorer-Custom-Sparkle-Silver-Ex-Matthias-Jabs-Scorpions-0-01.jpg","contentUrl":"https:\/\/www.matts-guitar-shop.com\/wp-content\/uploads\/2024\/08\/Gibson-Explorer-Custom-Sparkle-Silver-Ex-Matthias-Jabs-Scorpions-0-01.jpg","width":687,"height":1000},{"@type":"BreadcrumbList","@id":"https:\/\/www.matts-guitar-shop.com\/es\/produit\/gibson-explorer-custom-sparkle-silver-ex-matthias-jabs-scorpions\/#breadcrumb","itemListElement":[{"@type":"ListItem","position":1,"name":"Inicio","item":"https:\/\/www.matts-guitar-shop.com\/es\/"},{"@type":"ListItem","position":2,"name":"Tienda","item":"https:\/\/www.matts-guitar-shop.com\/es\/tienda\/"},{"@type":"ListItem","position":3,"name":"Gibson Explorer Custom Sparkle Silver Ex Matthias Jabs Scorpions"}]},{"@type":"WebSite","@id":"https:\/\/www.matts-guitar-shop.com\/es\/#website","url":"https:\/\/www.matts-guitar-shop.com\/es\/","name":"matts-guitar-shop.com","description":"Guitar Shop","publisher":{"@id":"https:\/\/www.matts-guitar-shop.com\/es\/#organization"},"potentialAction":[{"@type":"SearchAction","target":{"@type":"EntryPoint","urlTemplate":"https:\/\/www.matts-guitar-shop.com\/es\/?s={search_term_string}"},"query-input":{"@type":"PropertyValueSpecification","valueRequired":true,"valueName":"search_term_string"}}],"inLanguage":"es"},{"@type":"Organization","@id":"https:\/\/www.matts-guitar-shop.com\/es\/#organization","name":"matts-guitar-shop.com","url":"https:\/\/www.matts-guitar-shop.com\/es\/","logo":{"@type":"ImageObject","inLanguage":"es","@id":"https:\/\/www.matts-guitar-shop.com\/es\/#\/schema\/logo\/image\/","url":"https:\/\/www.matts-guitar-shop.com\/wp-content\/uploads\/2024\/09\/MGS-logo-site-02.png","contentUrl":"https:\/\/www.matts-guitar-shop.com\/wp-content\/uploads\/2024\/09\/MGS-logo-site-02.png","width":200,"height":122,"caption":"matts-guitar-shop.com"},"image":{"@id":"https:\/\/www.matts-guitar-shop.com\/es\/#\/schema\/logo\/image\/"},"sameAs":["https:\/\/www.facebook.com\/profile.php?id=100044359842817","https:\/\/www.instagram.com\/mattsguitarshop\/","https:\/\/www.youtube.com\/@MattLucasMan\/videos"]}]}},"_links":{"self":[{"href":"https:\/\/www.matts-guitar-shop.com\/es\/wp-json\/wp\/v2\/product\/18921","targetHints":{"allow":["GET"]}}],"collection":[{"href":"https:\/\/www.matts-guitar-shop.com\/es\/wp-json\/wp\/v2\/product"}],"about":[{"href":"https:\/\/www.matts-guitar-shop.com\/es\/wp-json\/wp\/v2\/types\/product"}],"replies":[{"embeddable":true,"href":"https:\/\/www.matts-guitar-shop.com\/es\/wp-json\/wp\/v2\/comments?post=18921"}],"wp:featuredmedia":[{"embeddable":true,"href":"https:\/\/www.matts-guitar-shop.com\/es\/wp-json\/wp\/v2\/media\/18922"}],"wp:attachment":[{"href":"https:\/\/www.matts-guitar-shop.com\/es\/wp-json\/wp\/v2\/media?parent=18921"}],"wp:term":[{"taxonomy":"product_brand","embeddable":true,"href":"https:\/\/www.matts-guitar-shop.com\/es\/wp-json\/wp\/v2\/product_brand?post=18921"},{"taxonomy":"product_cat","embeddable":true,"href":"https:\/\/www.matts-guitar-shop.com\/es\/wp-json\/wp\/v2\/product_cat?post=18921"},{"taxonomy":"product_tag","embeddable":true,"href":"https:\/\/www.matts-guitar-shop.com\/es\/wp-json\/wp\/v2\/product_tag?post=18921"}],"curies":[{"name":"wp","href":"https:\/\/api.w.org\/{rel}","templated":true}]}}