{"id":18840,"date":"2024-08-19T16:07:05","date_gmt":"2024-08-19T14:07:05","guid":{"rendered":"https:\/\/www.matts-guitar-shop.com\/produit\/gibson-mojo-maker-ex-billy-gibbons-zz-top\/"},"modified":"2026-05-05T18:08:01","modified_gmt":"2026-05-05T16:08:01","slug":"gibson-mojo-maker-ex-billy-gibbons-zz-top","status":"publish","type":"product","link":"https:\/\/www.matts-guitar-shop.com\/es\/produit\/gibson-mojo-maker-ex-billy-gibbons-zz-top\/","title":{"rendered":"Gibson Mojo Maker ex-Billy Gibbons (ZZ Top)"},"content":{"rendered":"<p>Billy F Gibbons<br \/> (1949)<\/p>\n<p>Grupo: ZZ Top<br \/> Guitarra principal: Gibson Les Paul Standard 1959<br \/> Canci\u00f3n imprescindible: Just Got Paid<\/p>\n<p>Billy Gibbons es el jefe. El jefe de los guitarristas con su vibrato sensual y el sonido grueso como un burrito que extrae de su Les Paul. El jefe de los cantantes con su voz rasposa y twangy. El jefe de los l\u00edderes de banda con ZZ Top, su tr\u00edo cuya formaci\u00f3n se ha mantenido intacta desde 1969. El jefe de los estilistas, con un sentido impecable de la puesta en escena y la vestimenta. Y, por \u00faltimo, el jefe de los coleccionistas, con varios almacenes llenos de miles de guitarras que ha ido adquiriendo a lo largo de los a\u00f1os. La leyenda dice que tendr\u00eda un ejemplar de cada a\u00f1o de cada modelo de las grandes marcas, y bien podr\u00eda no ser solo una leyenda\u2026 Sea como sea, las piezas que se le conocen son impresionantes, desde la \u201cMistress Pearly Gates\u201d, la famosa Les Paul 59 que siempre lo acompa\u00f1a, hasta su Strat 54 hardtail que se escucha a menudo junto a Pearly Gates, pasando por sus numerosas guitarras personalizadas al estilo hotrod.<\/p>\n<p>Su carrera comienza en 1967 con The Moving Sidewalks, uno de los pocos grupos de rock psicod\u00e9lico texano inspirados por los 13th Floor Elevators. De hecho, hicieron la primera parte de Jimi Hendrix antes de separarse en 1969, a\u00f1o en que Gibbons funda ZZ Top.<\/p>\n<p>El tr\u00edo comienza con un blues rock grueso y tradicional antes de evolucionar hacia una direcci\u00f3n m\u00e1s electr\u00f3nica, empezando por Deg\u00fcello en 1979. Esta orientaci\u00f3n se confirma con la trilog\u00eda Eliminator \/ Afterburner \/ Recycler, tres \u00e1lbumes donde el blues de Gibbons se mezcla con los sintetizadores y cajas de ritmo de la \u00e9poca para un resultado que conquist\u00f3 a muchos fans, ya sea que se acercaran a la m\u00fasica del tr\u00edo por singles como Gimme All Your Loving y Rough Boy, o por los excelentes v\u00eddeos musicales del grupo que se emit\u00edan sin parar en MTV. Desde entonces, ZZ Top ha reinventado su m\u00fasica una vez m\u00e1s con un sonido m\u00e1s grueso, m\u00e1s org\u00e1nico y saturado de fuzz. Gibbons ha aparecido como estrella invitada en los \u00e1lbumes de otros m\u00fasicos, y sobre todo ha lanzado dos \u00e1lbumes bajo su propio nombre, Perfectamundo, que explora la m\u00fasica cubana, y Big Bad Blues, que regresa a sus primeros amores, entre Muddy Waters y Bo Diddley. El c\u00edrculo est\u00e1 completo.<\/p>\n","protected":false},"excerpt":{"rendered":"<p>\u00bfTiene preguntas sobre este producto? \u00a1Cont\u00e1ctenos!<\/p>\n","protected":false},"featured_media":18841,"comment_status":"open","ping_status":"closed","template":"","meta":{"_et_pb_use_builder":"","_et_pb_old_content":"","_et_gb_content_width":""},"product_brand":[],"product_cat":[654],"product_tag":[],"class_list":{"0":"post-18840","1":"product","2":"type-product","3":"status-publish","4":"has-post-thumbnail","6":"product_cat-vendidos","7":"pa_artiste-billy-f-gibbons-es","8":"pa_disponibilite-vendido","9":"pa_marque-gibson-es","11":"first","12":"outofstock","13":"shipping-taxable","14":"purchasable","15":"product-type-simple"},"yoast_head":"<!-- This site is optimized with the Yoast SEO plugin v26.8 - https:\/\/yoast.com\/product\/yoast-seo-wordpress\/ -->\n<title>Gibson Mojo Maker ex-Billy Gibbons (ZZ Top) - Matt&#039;s Guitar Shop<\/title>\n<meta name=\"description\" content=\"Gibson Mojo Maker ex-Billy Gibbons (ZZ Top). Una guitarra \u00fanica y de colecci\u00f3n, pieza excepcional y rara del legendario guitarrista, disponible en Matt\u2019s Guitar Shop.\" \/>\n<meta name=\"robots\" content=\"index, follow, max-snippet:-1, max-image-preview:large, max-video-preview:-1\" \/>\n<link rel=\"canonical\" href=\"https:\/\/www.matts-guitar-shop.com\/es\/produit\/gibson-mojo-maker-ex-billy-gibbons-zz-top\/\" \/>\n<meta property=\"og:locale\" content=\"es_ES\" \/>\n<meta property=\"og:type\" content=\"article\" \/>\n<meta property=\"og:title\" content=\"Gibson Mojo Maker ex-Billy Gibbons (ZZ Top) - Matt&#039;s Guitar Shop\" \/>\n<meta property=\"og:description\" content=\"Gibson Mojo Maker ex-Billy Gibbons (ZZ Top). Una guitarra \u00fanica y de colecci\u00f3n, pieza excepcional y rara del legendario guitarrista, disponible en Matt\u2019s Guitar Shop.\" \/>\n<meta property=\"og:url\" content=\"https:\/\/www.matts-guitar-shop.com\/es\/produit\/gibson-mojo-maker-ex-billy-gibbons-zz-top\/\" \/>\n<meta property=\"og:site_name\" content=\"Matt&#039;s Guitar Shop\" \/>\n<meta property=\"article:publisher\" content=\"https:\/\/www.facebook.com\/profile.php?id=100044359842817\" \/>\n<meta property=\"article:modified_time\" content=\"2026-05-05T16:08:01+00:00\" \/>\n<meta property=\"og:image\" content=\"https:\/\/www.matts-guitar-shop.com\/wp-content\/uploads\/2024\/08\/Gibson-Mojo-Maker-Ex-Billy-Gibbons-ZZ-Top-guitare-00.jpg\" \/>\n\t<meta property=\"og:image:width\" content=\"692\" \/>\n\t<meta property=\"og:image:height\" content=\"1000\" \/>\n\t<meta property=\"og:image:type\" content=\"image\/jpeg\" \/>\n<meta name=\"twitter:card\" content=\"summary_large_image\" \/>\n<meta name=\"twitter:label1\" content=\"Tiempo de lectura\" \/>\n\t<meta name=\"twitter:data1\" content=\"2 minutos\" \/>\n<script type=\"application\/ld+json\" class=\"yoast-schema-graph\">{\"@context\":\"https:\/\/schema.org\",\"@graph\":[{\"@type\":\"WebPage\",\"@id\":\"https:\/\/www.matts-guitar-shop.com\/es\/produit\/gibson-mojo-maker-ex-billy-gibbons-zz-top\/\",\"url\":\"https:\/\/www.matts-guitar-shop.com\/es\/produit\/gibson-mojo-maker-ex-billy-gibbons-zz-top\/\",\"name\":\"Gibson Mojo Maker ex-Billy Gibbons (ZZ Top) - Matt&#039;s Guitar Shop\",\"isPartOf\":{\"@id\":\"https:\/\/www.matts-guitar-shop.com\/es\/#website\"},\"primaryImageOfPage\":{\"@id\":\"https:\/\/www.matts-guitar-shop.com\/es\/produit\/gibson-mojo-maker-ex-billy-gibbons-zz-top\/#primaryimage\"},\"image\":{\"@id\":\"https:\/\/www.matts-guitar-shop.com\/es\/produit\/gibson-mojo-maker-ex-billy-gibbons-zz-top\/#primaryimage\"},\"thumbnailUrl\":\"https:\/\/www.matts-guitar-shop.com\/wp-content\/uploads\/2024\/08\/Gibson-Mojo-Maker-Ex-Billy-Gibbons-ZZ-Top-guitare-00.jpg\",\"datePublished\":\"2024-08-19T14:07:05+00:00\",\"dateModified\":\"2026-05-05T16:08:01+00:00\",\"description\":\"Gibson Mojo Maker ex-Billy Gibbons (ZZ Top). Una guitarra \u00fanica y de colecci\u00f3n, pieza excepcional y rara del legendario guitarrista, disponible en Matt\u2019s Guitar Shop.\",\"breadcrumb\":{\"@id\":\"https:\/\/www.matts-guitar-shop.com\/es\/produit\/gibson-mojo-maker-ex-billy-gibbons-zz-top\/#breadcrumb\"},\"inLanguage\":\"es\",\"potentialAction\":[{\"@type\":\"ReadAction\",\"target\":[\"https:\/\/www.matts-guitar-shop.com\/es\/produit\/gibson-mojo-maker-ex-billy-gibbons-zz-top\/\"]}]},{\"@type\":\"ImageObject\",\"inLanguage\":\"es\",\"@id\":\"https:\/\/www.matts-guitar-shop.com\/es\/produit\/gibson-mojo-maker-ex-billy-gibbons-zz-top\/#primaryimage\",\"url\":\"https:\/\/www.matts-guitar-shop.com\/wp-content\/uploads\/2024\/08\/Gibson-Mojo-Maker-Ex-Billy-Gibbons-ZZ-Top-guitare-00.jpg\",\"contentUrl\":\"https:\/\/www.matts-guitar-shop.com\/wp-content\/uploads\/2024\/08\/Gibson-Mojo-Maker-Ex-Billy-Gibbons-ZZ-Top-guitare-00.jpg\",\"width\":692,\"height\":1000},{\"@type\":\"BreadcrumbList\",\"@id\":\"https:\/\/www.matts-guitar-shop.com\/es\/produit\/gibson-mojo-maker-ex-billy-gibbons-zz-top\/#breadcrumb\",\"itemListElement\":[{\"@type\":\"ListItem\",\"position\":1,\"name\":\"Inicio\",\"item\":\"https:\/\/www.matts-guitar-shop.com\/es\/\"},{\"@type\":\"ListItem\",\"position\":2,\"name\":\"Tienda\",\"item\":\"https:\/\/www.matts-guitar-shop.com\/es\/tienda\/\"},{\"@type\":\"ListItem\",\"position\":3,\"name\":\"Gibson Mojo Maker ex-Billy Gibbons (ZZ Top)\"}]},{\"@type\":\"WebSite\",\"@id\":\"https:\/\/www.matts-guitar-shop.com\/es\/#website\",\"url\":\"https:\/\/www.matts-guitar-shop.com\/es\/\",\"name\":\"matts-guitar-shop.com\",\"description\":\"Guitar Shop\",\"publisher\":{\"@id\":\"https:\/\/www.matts-guitar-shop.com\/es\/#organization\"},\"potentialAction\":[{\"@type\":\"SearchAction\",\"target\":{\"@type\":\"EntryPoint\",\"urlTemplate\":\"https:\/\/www.matts-guitar-shop.com\/es\/?s={search_term_string}\"},\"query-input\":{\"@type\":\"PropertyValueSpecification\",\"valueRequired\":true,\"valueName\":\"search_term_string\"}}],\"inLanguage\":\"es\"},{\"@type\":\"Organization\",\"@id\":\"https:\/\/www.matts-guitar-shop.com\/es\/#organization\",\"name\":\"matts-guitar-shop.com\",\"url\":\"https:\/\/www.matts-guitar-shop.com\/es\/\",\"logo\":{\"@type\":\"ImageObject\",\"inLanguage\":\"es\",\"@id\":\"https:\/\/www.matts-guitar-shop.com\/es\/#\/schema\/logo\/image\/\",\"url\":\"https:\/\/www.matts-guitar-shop.com\/wp-content\/uploads\/2024\/09\/MGS-logo-site-02.png\",\"contentUrl\":\"https:\/\/www.matts-guitar-shop.com\/wp-content\/uploads\/2024\/09\/MGS-logo-site-02.png\",\"width\":200,\"height\":122,\"caption\":\"matts-guitar-shop.com\"},\"image\":{\"@id\":\"https:\/\/www.matts-guitar-shop.com\/es\/#\/schema\/logo\/image\/\"},\"sameAs\":[\"https:\/\/www.facebook.com\/profile.php?id=100044359842817\",\"https:\/\/www.instagram.com\/mattsguitarshop\/\",\"https:\/\/www.youtube.com\/@MattLucasMan\/videos\"]}]}<\/script>\n<!-- \/ Yoast SEO plugin. -->","yoast_head_json":{"title":"Gibson Mojo Maker ex-Billy Gibbons (ZZ Top) - Matt&#039;s Guitar Shop","description":"Gibson Mojo Maker ex-Billy Gibbons (ZZ Top). Una guitarra \u00fanica y de colecci\u00f3n, pieza excepcional y rara del legendario guitarrista, disponible en Matt\u2019s Guitar Shop.","robots":{"index":"index","follow":"follow","max-snippet":"max-snippet:-1","max-image-preview":"max-image-preview:large","max-video-preview":"max-video-preview:-1"},"canonical":"https:\/\/www.matts-guitar-shop.com\/es\/produit\/gibson-mojo-maker-ex-billy-gibbons-zz-top\/","og_locale":"es_ES","og_type":"article","og_title":"Gibson Mojo Maker ex-Billy Gibbons (ZZ Top) - Matt&#039;s Guitar Shop","og_description":"Gibson Mojo Maker ex-Billy Gibbons (ZZ Top). Una guitarra \u00fanica y de colecci\u00f3n, pieza excepcional y rara del legendario guitarrista, disponible en Matt\u2019s Guitar Shop.","og_url":"https:\/\/www.matts-guitar-shop.com\/es\/produit\/gibson-mojo-maker-ex-billy-gibbons-zz-top\/","og_site_name":"Matt&#039;s Guitar Shop","article_publisher":"https:\/\/www.facebook.com\/profile.php?id=100044359842817","article_modified_time":"2026-05-05T16:08:01+00:00","og_image":[{"width":692,"height":1000,"url":"https:\/\/www.matts-guitar-shop.com\/wp-content\/uploads\/2024\/08\/Gibson-Mojo-Maker-Ex-Billy-Gibbons-ZZ-Top-guitare-00.jpg","type":"image\/jpeg"}],"twitter_card":"summary_large_image","twitter_misc":{"Tiempo de lectura":"2 minutos"},"schema":{"@context":"https:\/\/schema.org","@graph":[{"@type":"WebPage","@id":"https:\/\/www.matts-guitar-shop.com\/es\/produit\/gibson-mojo-maker-ex-billy-gibbons-zz-top\/","url":"https:\/\/www.matts-guitar-shop.com\/es\/produit\/gibson-mojo-maker-ex-billy-gibbons-zz-top\/","name":"Gibson Mojo Maker ex-Billy Gibbons (ZZ Top) - Matt&#039;s Guitar Shop","isPartOf":{"@id":"https:\/\/www.matts-guitar-shop.com\/es\/#website"},"primaryImageOfPage":{"@id":"https:\/\/www.matts-guitar-shop.com\/es\/produit\/gibson-mojo-maker-ex-billy-gibbons-zz-top\/#primaryimage"},"image":{"@id":"https:\/\/www.matts-guitar-shop.com\/es\/produit\/gibson-mojo-maker-ex-billy-gibbons-zz-top\/#primaryimage"},"thumbnailUrl":"https:\/\/www.matts-guitar-shop.com\/wp-content\/uploads\/2024\/08\/Gibson-Mojo-Maker-Ex-Billy-Gibbons-ZZ-Top-guitare-00.jpg","datePublished":"2024-08-19T14:07:05+00:00","dateModified":"2026-05-05T16:08:01+00:00","description":"Gibson Mojo Maker ex-Billy Gibbons (ZZ Top). Una guitarra \u00fanica y de colecci\u00f3n, pieza excepcional y rara del legendario guitarrista, disponible en Matt\u2019s Guitar Shop.","breadcrumb":{"@id":"https:\/\/www.matts-guitar-shop.com\/es\/produit\/gibson-mojo-maker-ex-billy-gibbons-zz-top\/#breadcrumb"},"inLanguage":"es","potentialAction":[{"@type":"ReadAction","target":["https:\/\/www.matts-guitar-shop.com\/es\/produit\/gibson-mojo-maker-ex-billy-gibbons-zz-top\/"]}]},{"@type":"ImageObject","inLanguage":"es","@id":"https:\/\/www.matts-guitar-shop.com\/es\/produit\/gibson-mojo-maker-ex-billy-gibbons-zz-top\/#primaryimage","url":"https:\/\/www.matts-guitar-shop.com\/wp-content\/uploads\/2024\/08\/Gibson-Mojo-Maker-Ex-Billy-Gibbons-ZZ-Top-guitare-00.jpg","contentUrl":"https:\/\/www.matts-guitar-shop.com\/wp-content\/uploads\/2024\/08\/Gibson-Mojo-Maker-Ex-Billy-Gibbons-ZZ-Top-guitare-00.jpg","width":692,"height":1000},{"@type":"BreadcrumbList","@id":"https:\/\/www.matts-guitar-shop.com\/es\/produit\/gibson-mojo-maker-ex-billy-gibbons-zz-top\/#breadcrumb","itemListElement":[{"@type":"ListItem","position":1,"name":"Inicio","item":"https:\/\/www.matts-guitar-shop.com\/es\/"},{"@type":"ListItem","position":2,"name":"Tienda","item":"https:\/\/www.matts-guitar-shop.com\/es\/tienda\/"},{"@type":"ListItem","position":3,"name":"Gibson Mojo Maker ex-Billy Gibbons (ZZ Top)"}]},{"@type":"WebSite","@id":"https:\/\/www.matts-guitar-shop.com\/es\/#website","url":"https:\/\/www.matts-guitar-shop.com\/es\/","name":"matts-guitar-shop.com","description":"Guitar Shop","publisher":{"@id":"https:\/\/www.matts-guitar-shop.com\/es\/#organization"},"potentialAction":[{"@type":"SearchAction","target":{"@type":"EntryPoint","urlTemplate":"https:\/\/www.matts-guitar-shop.com\/es\/?s={search_term_string}"},"query-input":{"@type":"PropertyValueSpecification","valueRequired":true,"valueName":"search_term_string"}}],"inLanguage":"es"},{"@type":"Organization","@id":"https:\/\/www.matts-guitar-shop.com\/es\/#organization","name":"matts-guitar-shop.com","url":"https:\/\/www.matts-guitar-shop.com\/es\/","logo":{"@type":"ImageObject","inLanguage":"es","@id":"https:\/\/www.matts-guitar-shop.com\/es\/#\/schema\/logo\/image\/","url":"https:\/\/www.matts-guitar-shop.com\/wp-content\/uploads\/2024\/09\/MGS-logo-site-02.png","contentUrl":"https:\/\/www.matts-guitar-shop.com\/wp-content\/uploads\/2024\/09\/MGS-logo-site-02.png","width":200,"height":122,"caption":"matts-guitar-shop.com"},"image":{"@id":"https:\/\/www.matts-guitar-shop.com\/es\/#\/schema\/logo\/image\/"},"sameAs":["https:\/\/www.facebook.com\/profile.php?id=100044359842817","https:\/\/www.instagram.com\/mattsguitarshop\/","https:\/\/www.youtube.com\/@MattLucasMan\/videos"]}]}},"_links":{"self":[{"href":"https:\/\/www.matts-guitar-shop.com\/es\/wp-json\/wp\/v2\/product\/18840","targetHints":{"allow":["GET"]}}],"collection":[{"href":"https:\/\/www.matts-guitar-shop.com\/es\/wp-json\/wp\/v2\/product"}],"about":[{"href":"https:\/\/www.matts-guitar-shop.com\/es\/wp-json\/wp\/v2\/types\/product"}],"replies":[{"embeddable":true,"href":"https:\/\/www.matts-guitar-shop.com\/es\/wp-json\/wp\/v2\/comments?post=18840"}],"wp:featuredmedia":[{"embeddable":true,"href":"https:\/\/www.matts-guitar-shop.com\/es\/wp-json\/wp\/v2\/media\/18841"}],"wp:attachment":[{"href":"https:\/\/www.matts-guitar-shop.com\/es\/wp-json\/wp\/v2\/media?parent=18840"}],"wp:term":[{"taxonomy":"product_brand","embeddable":true,"href":"https:\/\/www.matts-guitar-shop.com\/es\/wp-json\/wp\/v2\/product_brand?post=18840"},{"taxonomy":"product_cat","embeddable":true,"href":"https:\/\/www.matts-guitar-shop.com\/es\/wp-json\/wp\/v2\/product_cat?post=18840"},{"taxonomy":"product_tag","embeddable":true,"href":"https:\/\/www.matts-guitar-shop.com\/es\/wp-json\/wp\/v2\/product_tag?post=18840"}],"curies":[{"name":"wp","href":"https:\/\/api.w.org\/{rel}","templated":true}]}}