{"id":18769,"date":"2024-08-19T14:34:47","date_gmt":"2024-08-19T12:34:47","guid":{"rendered":"https:\/\/www.matts-guitar-shop.com\/produit\/gibson-les-paul-reissue-r9-ex-joe-bonamassa\/"},"modified":"2025-10-16T20:28:04","modified_gmt":"2025-10-16T18:28:04","slug":"gibson-les-paul-reissue-r9-ex-joe-bonamassa","status":"publish","type":"product","link":"https:\/\/www.matts-guitar-shop.com\/es\/produit\/gibson-les-paul-reissue-r9-ex-joe-bonamassa\/","title":{"rendered":"Gibson Les Paul Reissue R9 Ex Joe Bonamassa"},"content":{"rendered":"<p>Joe Bonamassa<br \/> (1977)<\/p>\n<p>Guitarra principal: Gibson Les Paul Standard 1959<br \/> Canci\u00f3n imprescindible: <em>Sloe Gin<\/em><\/p>\n<p>No es f\u00e1cil construirse como artista adulto cuando se ha sido un ni\u00f1o prodigio. Joe fue alumno de Danny Gatton y protegido de B.B. King cuando a\u00fan no pod\u00eda ni conducir, y giraba con el grupo Bloodline (junto a otros ni\u00f1os prodigio hijos de estrellas como Miles Davis o Robby Krieger) antes de poder votar. Pero todo podr\u00eda haberse detenido de inmediato, y de hecho los otros miembros de Bloodline desaparecieron en el \u00e9ter del show business. Sin embargo, Bonamassa siempre tuvo una \u00e9tica de trabajo imparable, y tras girar intensamente, termin\u00f3 imponiendo su propio sonido y su discograf\u00eda en solitario.<\/p>\n<p>Todo comienza en 2000 con <em>A New Day Yesterday<\/em>, un disco de blues totalmente honesto en el que invitados como Leslie West, Greg Allman y Rick Derringer avalan al joven m\u00fasico. En aquella \u00e9poca, Bonamassa tocaba Strat y Tele, y la influencia de Stevie Ray Vaughan todav\u00eda se escucha en muchas de sus frases. Poco a poco, encuentra su propio camino al pasarse a la Les Paul y combinar sus amplificadores Marshall Silver Jubilee con algunas cabezas boutique, logrando un resultado tan bluesy como c\u00e1lido y org\u00e1nico. Tambi\u00e9n es la \u00e9poca en que el productor Kevin Shirley comienza a colaborar con Bonamassa, colaboraci\u00f3n que inicia con <em>You &#038; Me<\/em> (2006) y contin\u00faa hasta hoy. <em>Sloe Gin<\/em> (2007) y <em>Ballad Of John Henry<\/em> (2009) son \u00e9xitos que consolidan la reputaci\u00f3n de Joe como salvador del blues, el futuro de un estilo que se cre\u00eda reservado a los baby boomers en la antesala de la jubilaci\u00f3n.<\/p>\n<p>Desde entonces, Bonamassa no ha disminuido el ritmo de sus giras, y redobla su inventiva para variar sus espect\u00e1culos, ya sea en un concierto homenaje a Muddy Waters y Howlin\u2019 Wolf, una gira homenaje a los tres Kings del blues o al British Blues Boom. Tambi\u00e9n participa en los \u00e1lbumes de la cantante Beth Hart y en los grupos Black Country Communion (junto al bajista y cantante Glenn Hughes) y Rock Candy Funk Party. Paralelamente, su afici\u00f3n por coleccionar guitarras (naci\u00f3 en la guitarra, su padre tiene una tienda) solo ha crecido, hasta poseer una decena de Bursts, dos V Korina y un n\u00famero asombroso de instrumentos raros. Sin embargo, estas guitarras no se guardan en un museo: viajan por el mundo con Joe. Despu\u00e9s de todo, fueron hechas para eso.<\/p>\n<p><img decoding=\"async\" class=\"alignnone size-full wp-image-5565\" src=\"https:\/\/www.matts-guitar-shop.com\/wp-content\/uploads\/2024\/08\/Joe-bonamassa-01.jpg\" alt=\"\" width=\"400\" height=\"600\" srcset=\"https:\/\/www.matts-guitar-shop.com\/wp-content\/uploads\/2024\/08\/Joe-bonamassa-01.jpg 400w, https:\/\/www.matts-guitar-shop.com\/wp-content\/uploads\/2024\/08\/Joe-bonamassa-01-200x300.jpg 200w\" sizes=\"(max-width: 400px) 100vw, 400px\" \/><\/p>\n","protected":false},"excerpt":{"rendered":"<p>Esta guitarra es una r\u00e9plica moderna de un modelo cl\u00e1sico. \u201cReissue\u201d significa que Gibson ha vuelto a producir una Les Paul original, con las mismas caracter\u00edsticas que el modelo hist\u00f3rico, pero fabricada a\u00f1os despu\u00e9s.<\/p>\n<p>\u00bfTiene preguntas sobre este producto? \u00a1Cont\u00e1ctenos!<\/p>\n","protected":false},"featured_media":18770,"comment_status":"open","ping_status":"closed","template":"","meta":{"_et_pb_use_builder":"","_et_pb_old_content":"","_et_gb_content_width":""},"product_brand":[],"product_cat":[654,659,652,655],"product_tag":[],"class_list":{"0":"post-18769","1":"product","2":"type-product","3":"status-publish","4":"has-post-thumbnail","6":"product_cat-vendidos","7":"product_cat-guitarras-electricas","8":"product_cat-artistas","9":"product_cat-guitarras","10":"pa_artiste-joe-bonamassa-es","11":"pa_disponibilite-vendido","12":"pa_marque-gibson-es","14":"first","15":"outofstock","16":"shipping-taxable","17":"purchasable","18":"product-type-simple"},"yoast_head":"<!-- This site is optimized with the Yoast SEO plugin v26.8 - https:\/\/yoast.com\/product\/yoast-seo-wordpress\/ -->\n<title>Gibson Les Paul Reissue R9 Ex Joe Bonamassa - Matt&#039;s Guitar Shop<\/title>\n<meta name=\"description\" content=\"Gibson Les Paul Reissue R9 ex-Joe Bonamassa. Una guitarra rara y prestigiosa, pieza de colecci\u00f3n exclusiva para apasionados del vintage, en Matt\u2019s Guitar Shop.\" \/>\n<meta name=\"robots\" content=\"index, follow, max-snippet:-1, max-image-preview:large, max-video-preview:-1\" \/>\n<link rel=\"canonical\" href=\"https:\/\/www.matts-guitar-shop.com\/es\/produit\/gibson-les-paul-reissue-r9-ex-joe-bonamassa\/\" \/>\n<meta property=\"og:locale\" content=\"es_ES\" \/>\n<meta property=\"og:type\" content=\"article\" \/>\n<meta property=\"og:title\" content=\"Gibson Les Paul Reissue R9 Ex Joe Bonamassa - Matt&#039;s Guitar Shop\" \/>\n<meta property=\"og:description\" content=\"Gibson Les Paul Reissue R9 ex-Joe Bonamassa. Una guitarra rara y prestigiosa, pieza de colecci\u00f3n exclusiva para apasionados del vintage, en Matt\u2019s Guitar Shop.\" \/>\n<meta property=\"og:url\" content=\"https:\/\/www.matts-guitar-shop.com\/es\/produit\/gibson-les-paul-reissue-r9-ex-joe-bonamassa\/\" \/>\n<meta property=\"og:site_name\" content=\"Matt&#039;s Guitar Shop\" \/>\n<meta property=\"article:publisher\" content=\"https:\/\/www.facebook.com\/profile.php?id=100044359842817\" \/>\n<meta property=\"article:modified_time\" content=\"2025-10-16T18:28:04+00:00\" \/>\n<meta property=\"og:image\" content=\"https:\/\/www.matts-guitar-shop.com\/wp-content\/uploads\/2024\/08\/Gibson-Les-Paul-Reissue-R9-Ex-Joe-Bonamassa-guitare-00.jpg\" \/>\n\t<meta property=\"og:image:width\" content=\"692\" \/>\n\t<meta property=\"og:image:height\" content=\"1000\" \/>\n\t<meta property=\"og:image:type\" content=\"image\/jpeg\" \/>\n<meta name=\"twitter:card\" content=\"summary_large_image\" \/>\n<meta name=\"twitter:label1\" content=\"Tiempo de lectura\" \/>\n\t<meta name=\"twitter:data1\" content=\"2 minutos\" \/>\n<script type=\"application\/ld+json\" class=\"yoast-schema-graph\">{\"@context\":\"https:\/\/schema.org\",\"@graph\":[{\"@type\":\"WebPage\",\"@id\":\"https:\/\/www.matts-guitar-shop.com\/es\/produit\/gibson-les-paul-reissue-r9-ex-joe-bonamassa\/\",\"url\":\"https:\/\/www.matts-guitar-shop.com\/es\/produit\/gibson-les-paul-reissue-r9-ex-joe-bonamassa\/\",\"name\":\"Gibson Les Paul Reissue R9 Ex Joe Bonamassa - Matt&#039;s Guitar Shop\",\"isPartOf\":{\"@id\":\"https:\/\/www.matts-guitar-shop.com\/es\/#website\"},\"primaryImageOfPage\":{\"@id\":\"https:\/\/www.matts-guitar-shop.com\/es\/produit\/gibson-les-paul-reissue-r9-ex-joe-bonamassa\/#primaryimage\"},\"image\":{\"@id\":\"https:\/\/www.matts-guitar-shop.com\/es\/produit\/gibson-les-paul-reissue-r9-ex-joe-bonamassa\/#primaryimage\"},\"thumbnailUrl\":\"https:\/\/www.matts-guitar-shop.com\/wp-content\/uploads\/2024\/08\/Gibson-Les-Paul-Reissue-R9-Ex-Joe-Bonamassa-guitare-00.jpg\",\"datePublished\":\"2024-08-19T12:34:47+00:00\",\"dateModified\":\"2025-10-16T18:28:04+00:00\",\"description\":\"Gibson Les Paul Reissue R9 ex-Joe Bonamassa. Una guitarra rara y prestigiosa, pieza de colecci\u00f3n exclusiva para apasionados del vintage, en Matt\u2019s Guitar Shop.\",\"breadcrumb\":{\"@id\":\"https:\/\/www.matts-guitar-shop.com\/es\/produit\/gibson-les-paul-reissue-r9-ex-joe-bonamassa\/#breadcrumb\"},\"inLanguage\":\"es\",\"potentialAction\":[{\"@type\":\"ReadAction\",\"target\":[\"https:\/\/www.matts-guitar-shop.com\/es\/produit\/gibson-les-paul-reissue-r9-ex-joe-bonamassa\/\"]}]},{\"@type\":\"ImageObject\",\"inLanguage\":\"es\",\"@id\":\"https:\/\/www.matts-guitar-shop.com\/es\/produit\/gibson-les-paul-reissue-r9-ex-joe-bonamassa\/#primaryimage\",\"url\":\"https:\/\/www.matts-guitar-shop.com\/wp-content\/uploads\/2024\/08\/Gibson-Les-Paul-Reissue-R9-Ex-Joe-Bonamassa-guitare-00.jpg\",\"contentUrl\":\"https:\/\/www.matts-guitar-shop.com\/wp-content\/uploads\/2024\/08\/Gibson-Les-Paul-Reissue-R9-Ex-Joe-Bonamassa-guitare-00.jpg\",\"width\":692,\"height\":1000},{\"@type\":\"BreadcrumbList\",\"@id\":\"https:\/\/www.matts-guitar-shop.com\/es\/produit\/gibson-les-paul-reissue-r9-ex-joe-bonamassa\/#breadcrumb\",\"itemListElement\":[{\"@type\":\"ListItem\",\"position\":1,\"name\":\"Inicio\",\"item\":\"https:\/\/www.matts-guitar-shop.com\/es\/\"},{\"@type\":\"ListItem\",\"position\":2,\"name\":\"Tienda\",\"item\":\"https:\/\/www.matts-guitar-shop.com\/es\/tienda\/\"},{\"@type\":\"ListItem\",\"position\":3,\"name\":\"Gibson Les Paul Reissue R9 Ex Joe Bonamassa\"}]},{\"@type\":\"WebSite\",\"@id\":\"https:\/\/www.matts-guitar-shop.com\/es\/#website\",\"url\":\"https:\/\/www.matts-guitar-shop.com\/es\/\",\"name\":\"matts-guitar-shop.com\",\"description\":\"Guitar Shop\",\"publisher\":{\"@id\":\"https:\/\/www.matts-guitar-shop.com\/es\/#organization\"},\"potentialAction\":[{\"@type\":\"SearchAction\",\"target\":{\"@type\":\"EntryPoint\",\"urlTemplate\":\"https:\/\/www.matts-guitar-shop.com\/es\/?s={search_term_string}\"},\"query-input\":{\"@type\":\"PropertyValueSpecification\",\"valueRequired\":true,\"valueName\":\"search_term_string\"}}],\"inLanguage\":\"es\"},{\"@type\":\"Organization\",\"@id\":\"https:\/\/www.matts-guitar-shop.com\/es\/#organization\",\"name\":\"matts-guitar-shop.com\",\"url\":\"https:\/\/www.matts-guitar-shop.com\/es\/\",\"logo\":{\"@type\":\"ImageObject\",\"inLanguage\":\"es\",\"@id\":\"https:\/\/www.matts-guitar-shop.com\/es\/#\/schema\/logo\/image\/\",\"url\":\"https:\/\/www.matts-guitar-shop.com\/wp-content\/uploads\/2024\/09\/MGS-logo-site-02.png\",\"contentUrl\":\"https:\/\/www.matts-guitar-shop.com\/wp-content\/uploads\/2024\/09\/MGS-logo-site-02.png\",\"width\":200,\"height\":122,\"caption\":\"matts-guitar-shop.com\"},\"image\":{\"@id\":\"https:\/\/www.matts-guitar-shop.com\/es\/#\/schema\/logo\/image\/\"},\"sameAs\":[\"https:\/\/www.facebook.com\/profile.php?id=100044359842817\",\"https:\/\/www.instagram.com\/mattsguitarshop\/\",\"https:\/\/www.youtube.com\/@MattLucasMan\/videos\"]}]}<\/script>\n<!-- \/ Yoast SEO plugin. -->","yoast_head_json":{"title":"Gibson Les Paul Reissue R9 Ex Joe Bonamassa - Matt&#039;s Guitar Shop","description":"Gibson Les Paul Reissue R9 ex-Joe Bonamassa. Una guitarra rara y prestigiosa, pieza de colecci\u00f3n exclusiva para apasionados del vintage, en Matt\u2019s Guitar Shop.","robots":{"index":"index","follow":"follow","max-snippet":"max-snippet:-1","max-image-preview":"max-image-preview:large","max-video-preview":"max-video-preview:-1"},"canonical":"https:\/\/www.matts-guitar-shop.com\/es\/produit\/gibson-les-paul-reissue-r9-ex-joe-bonamassa\/","og_locale":"es_ES","og_type":"article","og_title":"Gibson Les Paul Reissue R9 Ex Joe Bonamassa - Matt&#039;s Guitar Shop","og_description":"Gibson Les Paul Reissue R9 ex-Joe Bonamassa. Una guitarra rara y prestigiosa, pieza de colecci\u00f3n exclusiva para apasionados del vintage, en Matt\u2019s Guitar Shop.","og_url":"https:\/\/www.matts-guitar-shop.com\/es\/produit\/gibson-les-paul-reissue-r9-ex-joe-bonamassa\/","og_site_name":"Matt&#039;s Guitar Shop","article_publisher":"https:\/\/www.facebook.com\/profile.php?id=100044359842817","article_modified_time":"2025-10-16T18:28:04+00:00","og_image":[{"width":692,"height":1000,"url":"https:\/\/www.matts-guitar-shop.com\/wp-content\/uploads\/2024\/08\/Gibson-Les-Paul-Reissue-R9-Ex-Joe-Bonamassa-guitare-00.jpg","type":"image\/jpeg"}],"twitter_card":"summary_large_image","twitter_misc":{"Tiempo de lectura":"2 minutos"},"schema":{"@context":"https:\/\/schema.org","@graph":[{"@type":"WebPage","@id":"https:\/\/www.matts-guitar-shop.com\/es\/produit\/gibson-les-paul-reissue-r9-ex-joe-bonamassa\/","url":"https:\/\/www.matts-guitar-shop.com\/es\/produit\/gibson-les-paul-reissue-r9-ex-joe-bonamassa\/","name":"Gibson Les Paul Reissue R9 Ex Joe Bonamassa - Matt&#039;s Guitar Shop","isPartOf":{"@id":"https:\/\/www.matts-guitar-shop.com\/es\/#website"},"primaryImageOfPage":{"@id":"https:\/\/www.matts-guitar-shop.com\/es\/produit\/gibson-les-paul-reissue-r9-ex-joe-bonamassa\/#primaryimage"},"image":{"@id":"https:\/\/www.matts-guitar-shop.com\/es\/produit\/gibson-les-paul-reissue-r9-ex-joe-bonamassa\/#primaryimage"},"thumbnailUrl":"https:\/\/www.matts-guitar-shop.com\/wp-content\/uploads\/2024\/08\/Gibson-Les-Paul-Reissue-R9-Ex-Joe-Bonamassa-guitare-00.jpg","datePublished":"2024-08-19T12:34:47+00:00","dateModified":"2025-10-16T18:28:04+00:00","description":"Gibson Les Paul Reissue R9 ex-Joe Bonamassa. Una guitarra rara y prestigiosa, pieza de colecci\u00f3n exclusiva para apasionados del vintage, en Matt\u2019s Guitar Shop.","breadcrumb":{"@id":"https:\/\/www.matts-guitar-shop.com\/es\/produit\/gibson-les-paul-reissue-r9-ex-joe-bonamassa\/#breadcrumb"},"inLanguage":"es","potentialAction":[{"@type":"ReadAction","target":["https:\/\/www.matts-guitar-shop.com\/es\/produit\/gibson-les-paul-reissue-r9-ex-joe-bonamassa\/"]}]},{"@type":"ImageObject","inLanguage":"es","@id":"https:\/\/www.matts-guitar-shop.com\/es\/produit\/gibson-les-paul-reissue-r9-ex-joe-bonamassa\/#primaryimage","url":"https:\/\/www.matts-guitar-shop.com\/wp-content\/uploads\/2024\/08\/Gibson-Les-Paul-Reissue-R9-Ex-Joe-Bonamassa-guitare-00.jpg","contentUrl":"https:\/\/www.matts-guitar-shop.com\/wp-content\/uploads\/2024\/08\/Gibson-Les-Paul-Reissue-R9-Ex-Joe-Bonamassa-guitare-00.jpg","width":692,"height":1000},{"@type":"BreadcrumbList","@id":"https:\/\/www.matts-guitar-shop.com\/es\/produit\/gibson-les-paul-reissue-r9-ex-joe-bonamassa\/#breadcrumb","itemListElement":[{"@type":"ListItem","position":1,"name":"Inicio","item":"https:\/\/www.matts-guitar-shop.com\/es\/"},{"@type":"ListItem","position":2,"name":"Tienda","item":"https:\/\/www.matts-guitar-shop.com\/es\/tienda\/"},{"@type":"ListItem","position":3,"name":"Gibson Les Paul Reissue R9 Ex Joe Bonamassa"}]},{"@type":"WebSite","@id":"https:\/\/www.matts-guitar-shop.com\/es\/#website","url":"https:\/\/www.matts-guitar-shop.com\/es\/","name":"matts-guitar-shop.com","description":"Guitar Shop","publisher":{"@id":"https:\/\/www.matts-guitar-shop.com\/es\/#organization"},"potentialAction":[{"@type":"SearchAction","target":{"@type":"EntryPoint","urlTemplate":"https:\/\/www.matts-guitar-shop.com\/es\/?s={search_term_string}"},"query-input":{"@type":"PropertyValueSpecification","valueRequired":true,"valueName":"search_term_string"}}],"inLanguage":"es"},{"@type":"Organization","@id":"https:\/\/www.matts-guitar-shop.com\/es\/#organization","name":"matts-guitar-shop.com","url":"https:\/\/www.matts-guitar-shop.com\/es\/","logo":{"@type":"ImageObject","inLanguage":"es","@id":"https:\/\/www.matts-guitar-shop.com\/es\/#\/schema\/logo\/image\/","url":"https:\/\/www.matts-guitar-shop.com\/wp-content\/uploads\/2024\/09\/MGS-logo-site-02.png","contentUrl":"https:\/\/www.matts-guitar-shop.com\/wp-content\/uploads\/2024\/09\/MGS-logo-site-02.png","width":200,"height":122,"caption":"matts-guitar-shop.com"},"image":{"@id":"https:\/\/www.matts-guitar-shop.com\/es\/#\/schema\/logo\/image\/"},"sameAs":["https:\/\/www.facebook.com\/profile.php?id=100044359842817","https:\/\/www.instagram.com\/mattsguitarshop\/","https:\/\/www.youtube.com\/@MattLucasMan\/videos"]}]}},"_links":{"self":[{"href":"https:\/\/www.matts-guitar-shop.com\/es\/wp-json\/wp\/v2\/product\/18769","targetHints":{"allow":["GET"]}}],"collection":[{"href":"https:\/\/www.matts-guitar-shop.com\/es\/wp-json\/wp\/v2\/product"}],"about":[{"href":"https:\/\/www.matts-guitar-shop.com\/es\/wp-json\/wp\/v2\/types\/product"}],"replies":[{"embeddable":true,"href":"https:\/\/www.matts-guitar-shop.com\/es\/wp-json\/wp\/v2\/comments?post=18769"}],"wp:featuredmedia":[{"embeddable":true,"href":"https:\/\/www.matts-guitar-shop.com\/es\/wp-json\/wp\/v2\/media\/18770"}],"wp:attachment":[{"href":"https:\/\/www.matts-guitar-shop.com\/es\/wp-json\/wp\/v2\/media?parent=18769"}],"wp:term":[{"taxonomy":"product_brand","embeddable":true,"href":"https:\/\/www.matts-guitar-shop.com\/es\/wp-json\/wp\/v2\/product_brand?post=18769"},{"taxonomy":"product_cat","embeddable":true,"href":"https:\/\/www.matts-guitar-shop.com\/es\/wp-json\/wp\/v2\/product_cat?post=18769"},{"taxonomy":"product_tag","embeddable":true,"href":"https:\/\/www.matts-guitar-shop.com\/es\/wp-json\/wp\/v2\/product_tag?post=18769"}],"curies":[{"name":"wp","href":"https:\/\/api.w.org\/{rel}","templated":true}]}}