{"id":18655,"date":"2024-08-18T14:40:06","date_gmt":"2024-08-18T12:40:06","guid":{"rendered":"https:\/\/www.matts-guitar-shop.com\/produit\/fender-telecaster-bass-paisley-finish-1968\/"},"modified":"2025-10-16T20:24:16","modified_gmt":"2025-10-16T18:24:16","slug":"fender-telecaster-bass-paisley-finish-1968","status":"publish","type":"product","link":"https:\/\/www.matts-guitar-shop.com\/es\/produit\/fender-telecaster-bass-paisley-finish-1968\/","title":{"rendered":"Fender Telecaster Bass Paisley finish 1968"},"content":{"rendered":"<p>Fender Telecaster Bass Paisley finish 1968<\/p>\n","protected":false},"excerpt":{"rendered":"<p><strong>La d\u00e9cada de 1960 fue una \u00e9poca de profunda transformaci\u00f3n de las costumbres gracias al surgimiento de la contracultura hippie. Alcanz\u00f3 su punto culminante en el legendario festival de Woodstock, celebrado en White Lake en agosto de 1969. Estos a\u00f1os de protesta y reivindicaci\u00f3n encontraron su emblema en el psicodelismo. Aquellas horas de libertad, excepcionales por su magnitud, estuvieron guiadas tanto por el aroma de la marihuana como por las composiciones de los Beatles y los solos desatados de Jimi Hendrix. Existe un motivo que resume esta d\u00e9cada fuera de lo com\u00fan: el paisley (o dise\u00f1o cachemira). Este patr\u00f3n oriental con forma de gota de agua o de hoja, decorado generalmente con figuras abstractas, se convirti\u00f3 r\u00e1pidamente en un s\u00edmbolo de los a\u00f1os 60, tanto que Fender lanz\u00f3 en 1968 una versi\u00f3n en rosa paisley de su guitarra y bajo Telecaster.<\/strong><\/p>\n<p>En homenaje a los a\u00f1os 60 psicod\u00e9licos y al tumultuoso rock n\u2019 roll de aquella d\u00e9cada alocada, Fender present\u00f3 en 1968 una versi\u00f3n en rosa paisley de su guitarra y bajo Telecaster (ambos disponibles en Matt\u2019s Guitar Shop). Fender construy\u00f3 muy pocas de estas guitarras con este sorprendente y emblem\u00e1tico acabado, que hoy se encuentra entre los m\u00e1s buscados y raros. Se realizaban pegando papel pintado con el motivo paisley sobre los cuerpos. Una vez seca la cola, se aplicaba una t\u00e9cnica tipo sunburst para aportar profundidad al acabado, y luego se recubr\u00edan los cuerpos con una capa transparente. Llevaban un golpeador de pl\u00e1stico transparente que dejaba lucir por completo los colores del dise\u00f1o paisley.<\/p>\n<p>El Pink Paisley Telecaster Bass que ofrece Matt\u2019s Guitar Shop es un modelo raro de 1968. Adem\u00e1s de hipnotizar por su dise\u00f1o, ofrece el potente y profundo sonido de bajo caracter\u00edstico de los a\u00f1os 60, y nos transporta de lleno al coraz\u00f3n de las d\u00e9cadas m\u00e1s tumultuosas del rock n\u2019 roll.<\/p>\n","protected":false},"featured_media":18656,"comment_status":"open","ping_status":"closed","template":"","meta":{"_et_pb_use_builder":"","_et_pb_old_content":"","_et_gb_content_width":""},"product_brand":[],"product_cat":[656,659],"product_tag":[],"class_list":{"0":"post-18655","1":"product","2":"type-product","3":"status-publish","4":"has-post-thumbnail","6":"product_cat-bajos","7":"product_cat-guitarras-electricas","8":"pa_disponibilite-en-venta","9":"pa_marque-fender-es","11":"first","12":"instock","13":"shipping-taxable","14":"purchasable","15":"product-type-simple"},"yoast_head":"<!-- This site is optimized with the Yoast SEO plugin v26.8 - https:\/\/yoast.com\/product\/yoast-seo-wordpress\/ -->\n<title>Fender Telecaster Bass Paisley finish 1968 - Matt&#039;s Guitar Shop<\/title>\n<meta name=\"description\" content=\"Matt&#039;s Guitar Shop: Tienda de guitarras en Par\u00eds. Matt&#039;s Guitar Shop le ofrece guitarras el\u00e9ctricas vintage y guitarras custom shop.\" \/>\n<meta name=\"robots\" content=\"index, follow, max-snippet:-1, max-image-preview:large, max-video-preview:-1\" \/>\n<link rel=\"canonical\" href=\"https:\/\/www.matts-guitar-shop.com\/es\/produit\/fender-telecaster-bass-paisley-finish-1968\/\" \/>\n<meta property=\"og:locale\" content=\"es_ES\" \/>\n<meta property=\"og:type\" content=\"article\" \/>\n<meta property=\"og:title\" content=\"Fender Telecaster Bass Paisley finish 1968 - Matt&#039;s Guitar Shop\" \/>\n<meta property=\"og:description\" content=\"Matt&#039;s Guitar Shop: Tienda de guitarras en Par\u00eds. Matt&#039;s Guitar Shop le ofrece guitarras el\u00e9ctricas vintage y guitarras custom shop.\" \/>\n<meta property=\"og:url\" content=\"https:\/\/www.matts-guitar-shop.com\/es\/produit\/fender-telecaster-bass-paisley-finish-1968\/\" \/>\n<meta property=\"og:site_name\" content=\"Matt&#039;s Guitar Shop\" \/>\n<meta property=\"article:publisher\" content=\"https:\/\/www.facebook.com\/profile.php?id=100044359842817\" \/>\n<meta property=\"article:modified_time\" content=\"2025-10-16T18:24:16+00:00\" \/>\n<meta property=\"og:image\" content=\"https:\/\/www.matts-guitar-shop.com\/wp-content\/uploads\/2024\/08\/Fender-Telecaster-Bass-Paisley-finish-1968-01.jpg\" \/>\n\t<meta property=\"og:image:width\" content=\"667\" \/>\n\t<meta property=\"og:image:height\" content=\"1000\" \/>\n\t<meta property=\"og:image:type\" content=\"image\/jpeg\" \/>\n<meta name=\"twitter:card\" content=\"summary_large_image\" \/>\n<script type=\"application\/ld+json\" class=\"yoast-schema-graph\">{\"@context\":\"https:\/\/schema.org\",\"@graph\":[{\"@type\":\"WebPage\",\"@id\":\"https:\/\/www.matts-guitar-shop.com\/es\/produit\/fender-telecaster-bass-paisley-finish-1968\/\",\"url\":\"https:\/\/www.matts-guitar-shop.com\/es\/produit\/fender-telecaster-bass-paisley-finish-1968\/\",\"name\":\"Fender Telecaster Bass Paisley finish 1968 - Matt&#039;s Guitar Shop\",\"isPartOf\":{\"@id\":\"https:\/\/www.matts-guitar-shop.com\/es\/#website\"},\"primaryImageOfPage\":{\"@id\":\"https:\/\/www.matts-guitar-shop.com\/es\/produit\/fender-telecaster-bass-paisley-finish-1968\/#primaryimage\"},\"image\":{\"@id\":\"https:\/\/www.matts-guitar-shop.com\/es\/produit\/fender-telecaster-bass-paisley-finish-1968\/#primaryimage\"},\"thumbnailUrl\":\"https:\/\/www.matts-guitar-shop.com\/wp-content\/uploads\/2024\/08\/Fender-Telecaster-Bass-Paisley-finish-1968-01.jpg\",\"datePublished\":\"2024-08-18T12:40:06+00:00\",\"dateModified\":\"2025-10-16T18:24:16+00:00\",\"description\":\"Matt's Guitar Shop: Tienda de guitarras en Par\u00eds. Matt's Guitar Shop le ofrece guitarras el\u00e9ctricas vintage y guitarras custom shop.\",\"breadcrumb\":{\"@id\":\"https:\/\/www.matts-guitar-shop.com\/es\/produit\/fender-telecaster-bass-paisley-finish-1968\/#breadcrumb\"},\"inLanguage\":\"es\",\"potentialAction\":[{\"@type\":\"ReadAction\",\"target\":[\"https:\/\/www.matts-guitar-shop.com\/es\/produit\/fender-telecaster-bass-paisley-finish-1968\/\"]}]},{\"@type\":\"ImageObject\",\"inLanguage\":\"es\",\"@id\":\"https:\/\/www.matts-guitar-shop.com\/es\/produit\/fender-telecaster-bass-paisley-finish-1968\/#primaryimage\",\"url\":\"https:\/\/www.matts-guitar-shop.com\/wp-content\/uploads\/2024\/08\/Fender-Telecaster-Bass-Paisley-finish-1968-01.jpg\",\"contentUrl\":\"https:\/\/www.matts-guitar-shop.com\/wp-content\/uploads\/2024\/08\/Fender-Telecaster-Bass-Paisley-finish-1968-01.jpg\",\"width\":667,\"height\":1000},{\"@type\":\"BreadcrumbList\",\"@id\":\"https:\/\/www.matts-guitar-shop.com\/es\/produit\/fender-telecaster-bass-paisley-finish-1968\/#breadcrumb\",\"itemListElement\":[{\"@type\":\"ListItem\",\"position\":1,\"name\":\"Inicio\",\"item\":\"https:\/\/www.matts-guitar-shop.com\/es\/\"},{\"@type\":\"ListItem\",\"position\":2,\"name\":\"Tienda\",\"item\":\"https:\/\/www.matts-guitar-shop.com\/es\/tienda\/\"},{\"@type\":\"ListItem\",\"position\":3,\"name\":\"Fender Telecaster Bass Paisley finish 1968\"}]},{\"@type\":\"WebSite\",\"@id\":\"https:\/\/www.matts-guitar-shop.com\/es\/#website\",\"url\":\"https:\/\/www.matts-guitar-shop.com\/es\/\",\"name\":\"matts-guitar-shop.com\",\"description\":\"Guitar Shop\",\"publisher\":{\"@id\":\"https:\/\/www.matts-guitar-shop.com\/es\/#organization\"},\"potentialAction\":[{\"@type\":\"SearchAction\",\"target\":{\"@type\":\"EntryPoint\",\"urlTemplate\":\"https:\/\/www.matts-guitar-shop.com\/es\/?s={search_term_string}\"},\"query-input\":{\"@type\":\"PropertyValueSpecification\",\"valueRequired\":true,\"valueName\":\"search_term_string\"}}],\"inLanguage\":\"es\"},{\"@type\":\"Organization\",\"@id\":\"https:\/\/www.matts-guitar-shop.com\/es\/#organization\",\"name\":\"matts-guitar-shop.com\",\"url\":\"https:\/\/www.matts-guitar-shop.com\/es\/\",\"logo\":{\"@type\":\"ImageObject\",\"inLanguage\":\"es\",\"@id\":\"https:\/\/www.matts-guitar-shop.com\/es\/#\/schema\/logo\/image\/\",\"url\":\"https:\/\/www.matts-guitar-shop.com\/wp-content\/uploads\/2024\/09\/MGS-logo-site-02.png\",\"contentUrl\":\"https:\/\/www.matts-guitar-shop.com\/wp-content\/uploads\/2024\/09\/MGS-logo-site-02.png\",\"width\":200,\"height\":122,\"caption\":\"matts-guitar-shop.com\"},\"image\":{\"@id\":\"https:\/\/www.matts-guitar-shop.com\/es\/#\/schema\/logo\/image\/\"},\"sameAs\":[\"https:\/\/www.facebook.com\/profile.php?id=100044359842817\",\"https:\/\/www.instagram.com\/mattsguitarshop\/\",\"https:\/\/www.youtube.com\/@MattLucasMan\/videos\"]}]}<\/script>\n<!-- \/ Yoast SEO plugin. -->","yoast_head_json":{"title":"Fender Telecaster Bass Paisley finish 1968 - Matt&#039;s Guitar Shop","description":"Matt's Guitar Shop: Tienda de guitarras en Par\u00eds. Matt's Guitar Shop le ofrece guitarras el\u00e9ctricas vintage y guitarras custom shop.","robots":{"index":"index","follow":"follow","max-snippet":"max-snippet:-1","max-image-preview":"max-image-preview:large","max-video-preview":"max-video-preview:-1"},"canonical":"https:\/\/www.matts-guitar-shop.com\/es\/produit\/fender-telecaster-bass-paisley-finish-1968\/","og_locale":"es_ES","og_type":"article","og_title":"Fender Telecaster Bass Paisley finish 1968 - Matt&#039;s Guitar Shop","og_description":"Matt's Guitar Shop: Tienda de guitarras en Par\u00eds. Matt's Guitar Shop le ofrece guitarras el\u00e9ctricas vintage y guitarras custom shop.","og_url":"https:\/\/www.matts-guitar-shop.com\/es\/produit\/fender-telecaster-bass-paisley-finish-1968\/","og_site_name":"Matt&#039;s Guitar Shop","article_publisher":"https:\/\/www.facebook.com\/profile.php?id=100044359842817","article_modified_time":"2025-10-16T18:24:16+00:00","og_image":[{"width":667,"height":1000,"url":"https:\/\/www.matts-guitar-shop.com\/wp-content\/uploads\/2024\/08\/Fender-Telecaster-Bass-Paisley-finish-1968-01.jpg","type":"image\/jpeg"}],"twitter_card":"summary_large_image","schema":{"@context":"https:\/\/schema.org","@graph":[{"@type":"WebPage","@id":"https:\/\/www.matts-guitar-shop.com\/es\/produit\/fender-telecaster-bass-paisley-finish-1968\/","url":"https:\/\/www.matts-guitar-shop.com\/es\/produit\/fender-telecaster-bass-paisley-finish-1968\/","name":"Fender Telecaster Bass Paisley finish 1968 - Matt&#039;s Guitar Shop","isPartOf":{"@id":"https:\/\/www.matts-guitar-shop.com\/es\/#website"},"primaryImageOfPage":{"@id":"https:\/\/www.matts-guitar-shop.com\/es\/produit\/fender-telecaster-bass-paisley-finish-1968\/#primaryimage"},"image":{"@id":"https:\/\/www.matts-guitar-shop.com\/es\/produit\/fender-telecaster-bass-paisley-finish-1968\/#primaryimage"},"thumbnailUrl":"https:\/\/www.matts-guitar-shop.com\/wp-content\/uploads\/2024\/08\/Fender-Telecaster-Bass-Paisley-finish-1968-01.jpg","datePublished":"2024-08-18T12:40:06+00:00","dateModified":"2025-10-16T18:24:16+00:00","description":"Matt's Guitar Shop: Tienda de guitarras en Par\u00eds. Matt's Guitar Shop le ofrece guitarras el\u00e9ctricas vintage y guitarras custom shop.","breadcrumb":{"@id":"https:\/\/www.matts-guitar-shop.com\/es\/produit\/fender-telecaster-bass-paisley-finish-1968\/#breadcrumb"},"inLanguage":"es","potentialAction":[{"@type":"ReadAction","target":["https:\/\/www.matts-guitar-shop.com\/es\/produit\/fender-telecaster-bass-paisley-finish-1968\/"]}]},{"@type":"ImageObject","inLanguage":"es","@id":"https:\/\/www.matts-guitar-shop.com\/es\/produit\/fender-telecaster-bass-paisley-finish-1968\/#primaryimage","url":"https:\/\/www.matts-guitar-shop.com\/wp-content\/uploads\/2024\/08\/Fender-Telecaster-Bass-Paisley-finish-1968-01.jpg","contentUrl":"https:\/\/www.matts-guitar-shop.com\/wp-content\/uploads\/2024\/08\/Fender-Telecaster-Bass-Paisley-finish-1968-01.jpg","width":667,"height":1000},{"@type":"BreadcrumbList","@id":"https:\/\/www.matts-guitar-shop.com\/es\/produit\/fender-telecaster-bass-paisley-finish-1968\/#breadcrumb","itemListElement":[{"@type":"ListItem","position":1,"name":"Inicio","item":"https:\/\/www.matts-guitar-shop.com\/es\/"},{"@type":"ListItem","position":2,"name":"Tienda","item":"https:\/\/www.matts-guitar-shop.com\/es\/tienda\/"},{"@type":"ListItem","position":3,"name":"Fender Telecaster Bass Paisley finish 1968"}]},{"@type":"WebSite","@id":"https:\/\/www.matts-guitar-shop.com\/es\/#website","url":"https:\/\/www.matts-guitar-shop.com\/es\/","name":"matts-guitar-shop.com","description":"Guitar Shop","publisher":{"@id":"https:\/\/www.matts-guitar-shop.com\/es\/#organization"},"potentialAction":[{"@type":"SearchAction","target":{"@type":"EntryPoint","urlTemplate":"https:\/\/www.matts-guitar-shop.com\/es\/?s={search_term_string}"},"query-input":{"@type":"PropertyValueSpecification","valueRequired":true,"valueName":"search_term_string"}}],"inLanguage":"es"},{"@type":"Organization","@id":"https:\/\/www.matts-guitar-shop.com\/es\/#organization","name":"matts-guitar-shop.com","url":"https:\/\/www.matts-guitar-shop.com\/es\/","logo":{"@type":"ImageObject","inLanguage":"es","@id":"https:\/\/www.matts-guitar-shop.com\/es\/#\/schema\/logo\/image\/","url":"https:\/\/www.matts-guitar-shop.com\/wp-content\/uploads\/2024\/09\/MGS-logo-site-02.png","contentUrl":"https:\/\/www.matts-guitar-shop.com\/wp-content\/uploads\/2024\/09\/MGS-logo-site-02.png","width":200,"height":122,"caption":"matts-guitar-shop.com"},"image":{"@id":"https:\/\/www.matts-guitar-shop.com\/es\/#\/schema\/logo\/image\/"},"sameAs":["https:\/\/www.facebook.com\/profile.php?id=100044359842817","https:\/\/www.instagram.com\/mattsguitarshop\/","https:\/\/www.youtube.com\/@MattLucasMan\/videos"]}]}},"_links":{"self":[{"href":"https:\/\/www.matts-guitar-shop.com\/es\/wp-json\/wp\/v2\/product\/18655","targetHints":{"allow":["GET"]}}],"collection":[{"href":"https:\/\/www.matts-guitar-shop.com\/es\/wp-json\/wp\/v2\/product"}],"about":[{"href":"https:\/\/www.matts-guitar-shop.com\/es\/wp-json\/wp\/v2\/types\/product"}],"replies":[{"embeddable":true,"href":"https:\/\/www.matts-guitar-shop.com\/es\/wp-json\/wp\/v2\/comments?post=18655"}],"wp:featuredmedia":[{"embeddable":true,"href":"https:\/\/www.matts-guitar-shop.com\/es\/wp-json\/wp\/v2\/media\/18656"}],"wp:attachment":[{"href":"https:\/\/www.matts-guitar-shop.com\/es\/wp-json\/wp\/v2\/media?parent=18655"}],"wp:term":[{"taxonomy":"product_brand","embeddable":true,"href":"https:\/\/www.matts-guitar-shop.com\/es\/wp-json\/wp\/v2\/product_brand?post=18655"},{"taxonomy":"product_cat","embeddable":true,"href":"https:\/\/www.matts-guitar-shop.com\/es\/wp-json\/wp\/v2\/product_cat?post=18655"},{"taxonomy":"product_tag","embeddable":true,"href":"https:\/\/www.matts-guitar-shop.com\/es\/wp-json\/wp\/v2\/product_tag?post=18655"}],"curies":[{"name":"wp","href":"https:\/\/api.w.org\/{rel}","templated":true}]}}