{"id":18633,"date":"2024-08-22T18:31:28","date_gmt":"2024-08-22T16:31:28","guid":{"rendered":"https:\/\/www.matts-guitar-shop.com\/produit\/john-bolin-gretsch-billy-bo-prototype-de-la-coleccion-de-ex-billy-gibbons\/"},"modified":"2025-10-29T18:53:17","modified_gmt":"2025-10-29T17:53:17","slug":"john-bolin-gretsch-billy-bo-prototype-de-la-coleccion-de-ex-billy-gibbons","status":"publish","type":"product","link":"https:\/\/www.matts-guitar-shop.com\/es\/produit\/john-bolin-gretsch-billy-bo-prototype-de-la-coleccion-de-ex-billy-gibbons\/","title":{"rendered":"John Bolin Gretsch Billy Bo Prototype \u2013 De la colecci\u00f3n de Ex Billy Gibbons"},"content":{"rendered":"<p>Billy F. Gibbons<br \/> (1949)<\/p>\n<p>Grupo: ZZ Top<br \/> Guitarra principal: Gibson Les Paul Standard 1959<br \/> Canci\u00f3n imprescindible: Just Got Paid<\/p>\n<p>Billy Gibbons es el jefe. El jefe de los guitarristas con su vibrato sensual y el sonido grueso como un burrito que extrae de su Les Paul. El jefe de los cantantes con su timbre \u00e1spero y twangy. El jefe de los l\u00edderes de banda con ZZ Top, su tr\u00edo cuya formaci\u00f3n se ha mantenido igual desde 1969. El jefe del estilo, con un sentido impecable de la puesta en escena y la vestimenta. Y, finalmente, el jefe de los coleccionistas, con varios almacenes llenos de miles de guitarras que ha adquirido a lo largo de los a\u00f1os. La leyenda dice que tendr\u00eda un ejemplar de cada a\u00f1o de cada modelo de las grandes marcas, y podr\u00eda no ser solo una leyenda\u2026 Lo cierto es que los instrumentos que se le conocen dejan at\u00f3nito a cualquiera, desde la \u201cMistress Pearly Gates\u201d, la famosa Les Paul 59 que lo acompa\u00f1a siempre, hasta su Strat 54 hardtail que se escucha a menudo complementando a Pearly Gates, pasando por sus numerosas guitarras personalizadas al estilo hotrod.<\/p>\n<p>Su carrera comienza en 1967 con The Moving Sidewalks, uno de los pocos grupos de rock psicod\u00e9lico de Texas inspirados por los 13th Floor Elevators. De hecho, hicieron la primera parte de los conciertos de Jimi Hendrix antes de separarse en 1969, a\u00f1o en que Gibbons funda ZZ Top.<\/p>\n<p>El tr\u00edo empieza con blues rock grueso y tradicional antes de evolucionar hacia una direcci\u00f3n m\u00e1s electr\u00f3nica, comenzando con Deg\u00fcello en 1979. Esta orientaci\u00f3n se confirma con la trilog\u00eda Eliminator \/ Afterburner \/ Recycler, tres \u00e1lbumes donde el blues de Gibbons se mezcla con sintetizadores y cajas de ritmos de la \u00e9poca para un resultado que convenci\u00f3 a muchos fans, ya sea que se acercaran a la m\u00fasica del tr\u00edo por singles como Gimme All Your Loving y Rough Boy, o por los excelentes videoclips del grupo que se transmit\u00edan en bucle en MTV. Desde entonces, ZZ Top ha reinventado su m\u00fasica nuevamente con un sonido m\u00e1s grueso, m\u00e1s org\u00e1nico y saturado de fuzz. Gibbons ha aparecido como estrella invitada en los \u00e1lbumes de otros m\u00fasicos y, sobre todo, ha lanzado dos discos bajo su propio nombre: Perfectamundo, que explora la m\u00fasica cubana, y Big Bad Blues, que vuelve a sus primeros amores, entre Muddy Waters y Bo Diddley. El c\u00edrculo est\u00e1 completo.<\/p>\n","protected":false},"excerpt":{"rendered":"<p><strong>Guitarrista genial con un estilo inimitable y una presencia exc\u00e9ntrica, Billy Gibbons se ha inscrito en la historia de la m\u00fasica tanto por el sonido grueso de sus guitarras como por su barba, inseparable del Reverendo. Coleccionista empedernido de instrumentos, Gibbons tambi\u00e9n es particularmente inventivo cuando se trata de crear modelos originales. Entre la mir\u00edada de guitarras que ha dise\u00f1ado a lo largo de los a\u00f1os, la Billy Bo roja ocupa un lugar especial. La que se ha convertido en una guitarra ic\u00f3nica es, en realidad, un homenaje que re\u00fane a dos generaciones de bluesmen: Billy Gibbons, por supuesto, pero tambi\u00e9n Bo Diddley, creador de esta forma de guitarra. La John Bolin Billy Bo Gretsch Prototype, ofrecida por Matt\u2019s Guitar Shop, es una guitarra rar\u00edsima dise\u00f1ada por John Bolin. Presenta todas las caracter\u00edsticas de las guitarras personales del Reverendo y lleva la Billy Bo al m\u00e1ximo de sus posibilidades.<\/strong><\/p>\n<p>Volvamos a la historia de la Billy Bo, guitarra m\u00edtica que inaugur\u00f3 un dise\u00f1o nuevo y profundamente futurista. En 2005, Billy Gibbons firm\u00f3 su primer modelo signature en Gretsch, una guitarra con un dise\u00f1o absolutamente radical, aunque no era reciente. La Gretsch Jupiter Thunderbird era, de hecho, una forma creada por el legendario Bo Diddley en 1959. La marca de Brooklyn solo fabric\u00f3 un ejemplar en aquella \u00e9poca, que luego regal\u00f3 a Gibbons. Esta pieza hist\u00f3rica permaneci\u00f3 mucho tiempo en los archivos del jefe de ZZ Top hasta que la volvi\u00f3 a usar en una grabaci\u00f3n, y posteriormente propuso a Gretsch desarrollar un modelo doble-signature que reuniera a dos generaciones de guitarristas, de ah\u00ed el nombre Billy Bo, en honor a Gibbons y Diddley. La Billy Bo conserva la forma original, pero los micr\u00f3fonos son TV Jones Powertron, m\u00e1s adecuados para el sonido grueso moderno preferido por ZZ Top.<\/p>\n<p>John Bolin y Billy Gibbons iniciaron una fruct\u00edfera colaboraci\u00f3n tras encontrarse entre bastidores en un concierto de ZZ Top en Boise, Idaho. Billy Gibbons qued\u00f3 fascinado por los instrumentos de Bolin, y ambos emprendieron r\u00e1pidamente varios proyectos de guitarras dise\u00f1adas con la exigencia de uno y la maestr\u00eda t\u00e9cnica del otro. El master builder John Bolin trabaj\u00f3 en estrecha colaboraci\u00f3n con Billy Gibbons, fabricando m\u00e1s de 100 guitarras y bajos personalizados durante m\u00e1s de veinte a\u00f1os. A lo largo de los a\u00f1os y de los distintos instrumentos, idearon guitarras exc\u00e9ntricas que aprovechaban el gran savoir-faire de Bolin. Construyeron guitarras con diversos materiales para satisfacer la imaginaci\u00f3n desbordante del Reverendo: tapas esculpidas, doradas, flameadas, recubiertas de piel o de pelo, e incluso tapas deformadas\u2026 Su colaboraci\u00f3n se extendi\u00f3 hasta las guitarras personales que Billy Gibbons utilizaba en el escenario. De hecho, John Bolin fue fabricando progresivamente las Billy Bo que Gibbons tocaba en directo, sobre todo para aligerar el peso sobre los hombros.<\/p>\n<p>Esta rara Billy Bo John Bolin Prototype proviene directamente de la colecci\u00f3n de Billy Gibbons y fue construida por el luthier John Bolin. Re\u00fane todas las caracter\u00edsticas espec\u00edficas de los instrumentos personales del Reverendo: un peso notablemente ligero en comparaci\u00f3n con su equivalente de Gretsch y el micr\u00f3fono del puente funcionando con fuerza y agresividad. \u00a1Una pieza excepcional para descubrir en Matt\u2019s Guitar Shop!<\/p>\n<p><strong>Si tiene preguntas sobre este producto, \u00a1cont\u00e1ctenos!<\/strong><\/p>\n","protected":false},"featured_media":18634,"comment_status":"open","ping_status":"closed","template":"","meta":{"_et_pb_use_builder":"","_et_pb_old_content":"","_et_gb_content_width":""},"product_brand":[],"product_cat":[659,652,655],"product_tag":[],"class_list":{"0":"post-18633","1":"product","2":"type-product","3":"status-publish","4":"has-post-thumbnail","6":"product_cat-guitarras-electricas","7":"product_cat-artistas","8":"product_cat-guitarras","9":"pa_artiste-billy-f-gibbons-es","10":"pa_disponibilite-en-venta","11":"pa_marque-gretsch-es","13":"first","14":"instock","15":"shipping-taxable","16":"product-type-simple"},"yoast_head":"<!-- This site is optimized with the Yoast SEO plugin v26.8 - https:\/\/yoast.com\/product\/yoast-seo-wordpress\/ -->\n<title>John Bolin Gretsch Billy Bo Prototype \u2013 De la colecci\u00f3n de Ex Billy Gibbons - Matt&#039;s Guitar Shop<\/title>\n<meta name=\"description\" content=\"El maestro de los guitarristas con su vibrato sensual y el sonido grueso y potente que extrae de su Les Paul Gibbons Collection.\" \/>\n<meta name=\"robots\" content=\"index, follow, max-snippet:-1, max-image-preview:large, max-video-preview:-1\" \/>\n<link rel=\"canonical\" href=\"https:\/\/www.matts-guitar-shop.com\/es\/produit\/john-bolin-gretsch-billy-bo-prototype-de-la-coleccion-de-ex-billy-gibbons\/\" \/>\n<meta property=\"og:locale\" content=\"es_ES\" \/>\n<meta property=\"og:type\" content=\"article\" \/>\n<meta property=\"og:title\" content=\"John Bolin Gretsch Billy Bo Prototype \u2013 De la colecci\u00f3n de Ex Billy Gibbons - Matt&#039;s Guitar Shop\" \/>\n<meta property=\"og:description\" content=\"El maestro de los guitarristas con su vibrato sensual y el sonido grueso y potente que extrae de su Les Paul Gibbons Collection.\" \/>\n<meta property=\"og:url\" content=\"https:\/\/www.matts-guitar-shop.com\/es\/produit\/john-bolin-gretsch-billy-bo-prototype-de-la-coleccion-de-ex-billy-gibbons\/\" \/>\n<meta property=\"og:site_name\" content=\"Matt&#039;s Guitar Shop\" \/>\n<meta property=\"article:publisher\" content=\"https:\/\/www.facebook.com\/profile.php?id=100044359842817\" \/>\n<meta property=\"article:modified_time\" content=\"2025-10-29T17:53:17+00:00\" \/>\n<meta property=\"og:image\" content=\"https:\/\/www.matts-guitar-shop.com\/wp-content\/uploads\/2024\/08\/Gretsch-John-Bolin-Billy-Bo-Prototype-Ex-Billy-Gibbons-Collection-00.jpg\" \/>\n\t<meta property=\"og:image:width\" content=\"692\" \/>\n\t<meta property=\"og:image:height\" content=\"1000\" \/>\n\t<meta property=\"og:image:type\" content=\"image\/jpeg\" \/>\n<meta name=\"twitter:card\" content=\"summary_large_image\" \/>\n<meta name=\"twitter:label1\" content=\"Tiempo de lectura\" \/>\n\t<meta name=\"twitter:data1\" content=\"2 minutos\" \/>\n<script type=\"application\/ld+json\" class=\"yoast-schema-graph\">{\"@context\":\"https:\/\/schema.org\",\"@graph\":[{\"@type\":\"WebPage\",\"@id\":\"https:\/\/www.matts-guitar-shop.com\/es\/produit\/john-bolin-gretsch-billy-bo-prototype-de-la-coleccion-de-ex-billy-gibbons\/\",\"url\":\"https:\/\/www.matts-guitar-shop.com\/es\/produit\/john-bolin-gretsch-billy-bo-prototype-de-la-coleccion-de-ex-billy-gibbons\/\",\"name\":\"John Bolin Gretsch Billy Bo Prototype \u2013 De la colecci\u00f3n de Ex Billy Gibbons - Matt&#039;s Guitar Shop\",\"isPartOf\":{\"@id\":\"https:\/\/www.matts-guitar-shop.com\/es\/#website\"},\"primaryImageOfPage\":{\"@id\":\"https:\/\/www.matts-guitar-shop.com\/es\/produit\/john-bolin-gretsch-billy-bo-prototype-de-la-coleccion-de-ex-billy-gibbons\/#primaryimage\"},\"image\":{\"@id\":\"https:\/\/www.matts-guitar-shop.com\/es\/produit\/john-bolin-gretsch-billy-bo-prototype-de-la-coleccion-de-ex-billy-gibbons\/#primaryimage\"},\"thumbnailUrl\":\"https:\/\/www.matts-guitar-shop.com\/wp-content\/uploads\/2024\/08\/Gretsch-John-Bolin-Billy-Bo-Prototype-Ex-Billy-Gibbons-Collection-00.jpg\",\"datePublished\":\"2024-08-22T16:31:28+00:00\",\"dateModified\":\"2025-10-29T17:53:17+00:00\",\"description\":\"El maestro de los guitarristas con su vibrato sensual y el sonido grueso y potente que extrae de su Les Paul Gibbons Collection.\",\"breadcrumb\":{\"@id\":\"https:\/\/www.matts-guitar-shop.com\/es\/produit\/john-bolin-gretsch-billy-bo-prototype-de-la-coleccion-de-ex-billy-gibbons\/#breadcrumb\"},\"inLanguage\":\"es\",\"potentialAction\":[{\"@type\":\"ReadAction\",\"target\":[\"https:\/\/www.matts-guitar-shop.com\/es\/produit\/john-bolin-gretsch-billy-bo-prototype-de-la-coleccion-de-ex-billy-gibbons\/\"]}]},{\"@type\":\"ImageObject\",\"inLanguage\":\"es\",\"@id\":\"https:\/\/www.matts-guitar-shop.com\/es\/produit\/john-bolin-gretsch-billy-bo-prototype-de-la-coleccion-de-ex-billy-gibbons\/#primaryimage\",\"url\":\"https:\/\/www.matts-guitar-shop.com\/wp-content\/uploads\/2024\/08\/Gretsch-John-Bolin-Billy-Bo-Prototype-Ex-Billy-Gibbons-Collection-00.jpg\",\"contentUrl\":\"https:\/\/www.matts-guitar-shop.com\/wp-content\/uploads\/2024\/08\/Gretsch-John-Bolin-Billy-Bo-Prototype-Ex-Billy-Gibbons-Collection-00.jpg\",\"width\":692,\"height\":1000},{\"@type\":\"BreadcrumbList\",\"@id\":\"https:\/\/www.matts-guitar-shop.com\/es\/produit\/john-bolin-gretsch-billy-bo-prototype-de-la-coleccion-de-ex-billy-gibbons\/#breadcrumb\",\"itemListElement\":[{\"@type\":\"ListItem\",\"position\":1,\"name\":\"Inicio\",\"item\":\"https:\/\/www.matts-guitar-shop.com\/es\/\"},{\"@type\":\"ListItem\",\"position\":2,\"name\":\"Tienda\",\"item\":\"https:\/\/www.matts-guitar-shop.com\/es\/tienda\/\"},{\"@type\":\"ListItem\",\"position\":3,\"name\":\"John Bolin Gretsch Billy Bo Prototype \u2013 De la colecci\u00f3n de Ex Billy Gibbons\"}]},{\"@type\":\"WebSite\",\"@id\":\"https:\/\/www.matts-guitar-shop.com\/es\/#website\",\"url\":\"https:\/\/www.matts-guitar-shop.com\/es\/\",\"name\":\"matts-guitar-shop.com\",\"description\":\"Guitar Shop\",\"publisher\":{\"@id\":\"https:\/\/www.matts-guitar-shop.com\/es\/#organization\"},\"potentialAction\":[{\"@type\":\"SearchAction\",\"target\":{\"@type\":\"EntryPoint\",\"urlTemplate\":\"https:\/\/www.matts-guitar-shop.com\/es\/?s={search_term_string}\"},\"query-input\":{\"@type\":\"PropertyValueSpecification\",\"valueRequired\":true,\"valueName\":\"search_term_string\"}}],\"inLanguage\":\"es\"},{\"@type\":\"Organization\",\"@id\":\"https:\/\/www.matts-guitar-shop.com\/es\/#organization\",\"name\":\"matts-guitar-shop.com\",\"url\":\"https:\/\/www.matts-guitar-shop.com\/es\/\",\"logo\":{\"@type\":\"ImageObject\",\"inLanguage\":\"es\",\"@id\":\"https:\/\/www.matts-guitar-shop.com\/es\/#\/schema\/logo\/image\/\",\"url\":\"https:\/\/www.matts-guitar-shop.com\/wp-content\/uploads\/2024\/09\/MGS-logo-site-02.png\",\"contentUrl\":\"https:\/\/www.matts-guitar-shop.com\/wp-content\/uploads\/2024\/09\/MGS-logo-site-02.png\",\"width\":200,\"height\":122,\"caption\":\"matts-guitar-shop.com\"},\"image\":{\"@id\":\"https:\/\/www.matts-guitar-shop.com\/es\/#\/schema\/logo\/image\/\"},\"sameAs\":[\"https:\/\/www.facebook.com\/profile.php?id=100044359842817\",\"https:\/\/www.instagram.com\/mattsguitarshop\/\",\"https:\/\/www.youtube.com\/@MattLucasMan\/videos\"]}]}<\/script>\n<!-- \/ Yoast SEO plugin. -->","yoast_head_json":{"title":"John Bolin Gretsch Billy Bo Prototype \u2013 De la colecci\u00f3n de Ex Billy Gibbons - Matt&#039;s Guitar Shop","description":"El maestro de los guitarristas con su vibrato sensual y el sonido grueso y potente que extrae de su Les Paul Gibbons Collection.","robots":{"index":"index","follow":"follow","max-snippet":"max-snippet:-1","max-image-preview":"max-image-preview:large","max-video-preview":"max-video-preview:-1"},"canonical":"https:\/\/www.matts-guitar-shop.com\/es\/produit\/john-bolin-gretsch-billy-bo-prototype-de-la-coleccion-de-ex-billy-gibbons\/","og_locale":"es_ES","og_type":"article","og_title":"John Bolin Gretsch Billy Bo Prototype \u2013 De la colecci\u00f3n de Ex Billy Gibbons - Matt&#039;s Guitar Shop","og_description":"El maestro de los guitarristas con su vibrato sensual y el sonido grueso y potente que extrae de su Les Paul Gibbons Collection.","og_url":"https:\/\/www.matts-guitar-shop.com\/es\/produit\/john-bolin-gretsch-billy-bo-prototype-de-la-coleccion-de-ex-billy-gibbons\/","og_site_name":"Matt&#039;s Guitar Shop","article_publisher":"https:\/\/www.facebook.com\/profile.php?id=100044359842817","article_modified_time":"2025-10-29T17:53:17+00:00","og_image":[{"width":692,"height":1000,"url":"https:\/\/www.matts-guitar-shop.com\/wp-content\/uploads\/2024\/08\/Gretsch-John-Bolin-Billy-Bo-Prototype-Ex-Billy-Gibbons-Collection-00.jpg","type":"image\/jpeg"}],"twitter_card":"summary_large_image","twitter_misc":{"Tiempo de lectura":"2 minutos"},"schema":{"@context":"https:\/\/schema.org","@graph":[{"@type":"WebPage","@id":"https:\/\/www.matts-guitar-shop.com\/es\/produit\/john-bolin-gretsch-billy-bo-prototype-de-la-coleccion-de-ex-billy-gibbons\/","url":"https:\/\/www.matts-guitar-shop.com\/es\/produit\/john-bolin-gretsch-billy-bo-prototype-de-la-coleccion-de-ex-billy-gibbons\/","name":"John Bolin Gretsch Billy Bo Prototype \u2013 De la colecci\u00f3n de Ex Billy Gibbons - Matt&#039;s Guitar Shop","isPartOf":{"@id":"https:\/\/www.matts-guitar-shop.com\/es\/#website"},"primaryImageOfPage":{"@id":"https:\/\/www.matts-guitar-shop.com\/es\/produit\/john-bolin-gretsch-billy-bo-prototype-de-la-coleccion-de-ex-billy-gibbons\/#primaryimage"},"image":{"@id":"https:\/\/www.matts-guitar-shop.com\/es\/produit\/john-bolin-gretsch-billy-bo-prototype-de-la-coleccion-de-ex-billy-gibbons\/#primaryimage"},"thumbnailUrl":"https:\/\/www.matts-guitar-shop.com\/wp-content\/uploads\/2024\/08\/Gretsch-John-Bolin-Billy-Bo-Prototype-Ex-Billy-Gibbons-Collection-00.jpg","datePublished":"2024-08-22T16:31:28+00:00","dateModified":"2025-10-29T17:53:17+00:00","description":"El maestro de los guitarristas con su vibrato sensual y el sonido grueso y potente que extrae de su Les Paul Gibbons Collection.","breadcrumb":{"@id":"https:\/\/www.matts-guitar-shop.com\/es\/produit\/john-bolin-gretsch-billy-bo-prototype-de-la-coleccion-de-ex-billy-gibbons\/#breadcrumb"},"inLanguage":"es","potentialAction":[{"@type":"ReadAction","target":["https:\/\/www.matts-guitar-shop.com\/es\/produit\/john-bolin-gretsch-billy-bo-prototype-de-la-coleccion-de-ex-billy-gibbons\/"]}]},{"@type":"ImageObject","inLanguage":"es","@id":"https:\/\/www.matts-guitar-shop.com\/es\/produit\/john-bolin-gretsch-billy-bo-prototype-de-la-coleccion-de-ex-billy-gibbons\/#primaryimage","url":"https:\/\/www.matts-guitar-shop.com\/wp-content\/uploads\/2024\/08\/Gretsch-John-Bolin-Billy-Bo-Prototype-Ex-Billy-Gibbons-Collection-00.jpg","contentUrl":"https:\/\/www.matts-guitar-shop.com\/wp-content\/uploads\/2024\/08\/Gretsch-John-Bolin-Billy-Bo-Prototype-Ex-Billy-Gibbons-Collection-00.jpg","width":692,"height":1000},{"@type":"BreadcrumbList","@id":"https:\/\/www.matts-guitar-shop.com\/es\/produit\/john-bolin-gretsch-billy-bo-prototype-de-la-coleccion-de-ex-billy-gibbons\/#breadcrumb","itemListElement":[{"@type":"ListItem","position":1,"name":"Inicio","item":"https:\/\/www.matts-guitar-shop.com\/es\/"},{"@type":"ListItem","position":2,"name":"Tienda","item":"https:\/\/www.matts-guitar-shop.com\/es\/tienda\/"},{"@type":"ListItem","position":3,"name":"John Bolin Gretsch Billy Bo Prototype \u2013 De la colecci\u00f3n de Ex Billy Gibbons"}]},{"@type":"WebSite","@id":"https:\/\/www.matts-guitar-shop.com\/es\/#website","url":"https:\/\/www.matts-guitar-shop.com\/es\/","name":"matts-guitar-shop.com","description":"Guitar Shop","publisher":{"@id":"https:\/\/www.matts-guitar-shop.com\/es\/#organization"},"potentialAction":[{"@type":"SearchAction","target":{"@type":"EntryPoint","urlTemplate":"https:\/\/www.matts-guitar-shop.com\/es\/?s={search_term_string}"},"query-input":{"@type":"PropertyValueSpecification","valueRequired":true,"valueName":"search_term_string"}}],"inLanguage":"es"},{"@type":"Organization","@id":"https:\/\/www.matts-guitar-shop.com\/es\/#organization","name":"matts-guitar-shop.com","url":"https:\/\/www.matts-guitar-shop.com\/es\/","logo":{"@type":"ImageObject","inLanguage":"es","@id":"https:\/\/www.matts-guitar-shop.com\/es\/#\/schema\/logo\/image\/","url":"https:\/\/www.matts-guitar-shop.com\/wp-content\/uploads\/2024\/09\/MGS-logo-site-02.png","contentUrl":"https:\/\/www.matts-guitar-shop.com\/wp-content\/uploads\/2024\/09\/MGS-logo-site-02.png","width":200,"height":122,"caption":"matts-guitar-shop.com"},"image":{"@id":"https:\/\/www.matts-guitar-shop.com\/es\/#\/schema\/logo\/image\/"},"sameAs":["https:\/\/www.facebook.com\/profile.php?id=100044359842817","https:\/\/www.instagram.com\/mattsguitarshop\/","https:\/\/www.youtube.com\/@MattLucasMan\/videos"]}]}},"_links":{"self":[{"href":"https:\/\/www.matts-guitar-shop.com\/es\/wp-json\/wp\/v2\/product\/18633","targetHints":{"allow":["GET"]}}],"collection":[{"href":"https:\/\/www.matts-guitar-shop.com\/es\/wp-json\/wp\/v2\/product"}],"about":[{"href":"https:\/\/www.matts-guitar-shop.com\/es\/wp-json\/wp\/v2\/types\/product"}],"replies":[{"embeddable":true,"href":"https:\/\/www.matts-guitar-shop.com\/es\/wp-json\/wp\/v2\/comments?post=18633"}],"wp:featuredmedia":[{"embeddable":true,"href":"https:\/\/www.matts-guitar-shop.com\/es\/wp-json\/wp\/v2\/media\/18634"}],"wp:attachment":[{"href":"https:\/\/www.matts-guitar-shop.com\/es\/wp-json\/wp\/v2\/media?parent=18633"}],"wp:term":[{"taxonomy":"product_brand","embeddable":true,"href":"https:\/\/www.matts-guitar-shop.com\/es\/wp-json\/wp\/v2\/product_brand?post=18633"},{"taxonomy":"product_cat","embeddable":true,"href":"https:\/\/www.matts-guitar-shop.com\/es\/wp-json\/wp\/v2\/product_cat?post=18633"},{"taxonomy":"product_tag","embeddable":true,"href":"https:\/\/www.matts-guitar-shop.com\/es\/wp-json\/wp\/v2\/product_tag?post=18633"}],"curies":[{"name":"wp","href":"https:\/\/api.w.org\/{rel}","templated":true}]}}