{"id":18557,"date":"2024-08-22T15:07:12","date_gmt":"2024-08-22T13:07:12","guid":{"rendered":"https:\/\/www.matts-guitar-shop.com\/produit\/gibson-les-paul-standard-the-allman-brother-dickey-betts-dan-toler\/"},"modified":"2025-10-29T19:48:19","modified_gmt":"2025-10-29T18:48:19","slug":"gibson-les-paul-standard-the-allman-brother-dickey-betts-dan-toler","status":"publish","type":"product","link":"https:\/\/www.matts-guitar-shop.com\/es\/produit\/gibson-les-paul-standard-the-allman-brother-dickey-betts-dan-toler\/","title":{"rendered":"Gibson Les Paul Standard The Allman Brother Dickey Betts \/ Dan Toler"},"content":{"rendered":"<p>Dickey Betts<br \/> (1943)<\/p>\n<p>Grupo: Allman Brothers Band<br \/> Guitarra principal: Gibson Les Paul Standard 1958<br \/> A escuchar de inmediato: Jessica<\/p>\n<p>La banda se llamaba Allman Brothers porque Duane y Greg Allman fueron los fundadores, pero no hay que olvidar la importancia crucial de Dickey Betts. Betts era la otra mitad de las armon\u00edas de dos guitarras y de los contrapuntos complejos con Duane que crearon el sonido del grupo. Inventaron un nuevo sonido, un nuevo enfoque del rock que inspir\u00f3 tanto al rock sure\u00f1o como a artistas brit\u00e1nicos como Thin Lizzy e Iron Maiden.<\/p>\n<p>Betts comenz\u00f3 tocando en numerosos grupos locales de Florida a mediados de los a\u00f1os 60, y luego se uni\u00f3 a Allman Brothers Band desde su formaci\u00f3n en 1969. Junto a Duane Allman, formaron un monstruo guitarr\u00edstico de dos cabezas que todav\u00eda no ha sido superado, una mezcla de sonidos muy inventiva que se combinan y terminan creando pura belleza. En los dos primeros \u00e1lbumes lanzados en 1969 y 1970, Greg Allman escrib\u00eda todos los temas, con la notable excepci\u00f3n de \u00abRevival\u00bb y, sobre todo, \u00abIn Memory Of Elizabeth Reed\u00bb, un cl\u00e1sico de los grupos de jam escrito por Betts que se convirti\u00f3 en un tema \u00e9pico de 13 minutos en el \u00e1lbum en vivo <em>At Fillmore East<\/em>.<\/p>\n<p>Tras la muerte de Duane, Betts se convirti\u00f3 en el l\u00edder del grupo y escribi\u00f3 cl\u00e1sicos como \u00abJessica\u00bb, compuesta para su hija en 1973. Tambi\u00e9n inici\u00f3 su carrera en solitario poco despu\u00e9s, con la banda Great Southern y luego con su Dickey Betts Band. En 1976, Allman Brothers se separ\u00f3 por primera vez, y fue entonces cuando Betts comenz\u00f3 un per\u00edodo en el que a veces formaba parte del grupo y otras no. Destaca especialmente la excelente etapa de los a\u00f1os 90, durante la cual tocaba junto a Warren Haynes. En 2018, Betts a\u00fan giraba con su propio grupo, que inclu\u00eda a su hijo Duane. Una verdadera historia familiar.<\/p>\n","protected":false},"excerpt":{"rendered":"<p><strong>\u00bfCu\u00e1l es la Les Paul vintage m\u00e1s importante de todas? Algunos dir\u00e1n que se trata de la Burst utilizada por Clapton para grabar el \u00e1lbum <em>John Mayall and the Bluesbreakers<\/em>, mientras que otros pensar\u00e1n en la 59 Bigsby que Keith Richards usaba al principio. Pero tambi\u00e9n hay argumentos s\u00f3lidos a favor de la legendaria Toler Burst. Originalmente, esta guitarra era una Les Paul gold top de 1958 (una de las \u00faltimas antes de que el sunburst se convirtiera en el acabado est\u00e1ndar) con la parte trasera negra (en lugar del t\u00edpico caoba natural). Dickey Betts la compr\u00f3 a mediados de los a\u00f1os 60, antes de unirse a Allman Brothers Band.<\/strong><\/p>\n<p>Es una de las Les Paul que m\u00e1s utiliz\u00f3 durante su primera etapa en el grupo, de 1969 a 1976. Por lo tanto, es tanto una reliquia incre\u00edble como un instrumento que invent\u00f3 un sonido y defini\u00f3 un g\u00e9nero. Solo hacen falta unos segundos tocando la pastilla del m\u00e1stil de esta Les Paul a trav\u00e9s de un Marshall a tope para entenderlo: es, de lejos, la pastilla del m\u00e1stil m\u00e1s vocal, l\u00edrica y c\u00e1lida jam\u00e1s tocada en una Les Paul vintage. Tiene un sonido gigantesco pero mantiene claridad, y el sustain dura d\u00edas. Se puede escuchar muy bien este sonido en los primeros \u00e1lbumes de Allman Brothers, donde construye el puente entre blues, jazz y rock con una voz cercana a un saxof\u00f3n.<\/p>\n<p>Aunque es imposible afirmarlo al 100%, es muy posible que se trate de la Les Paul que Dickey toc\u00f3 en el \u00e1lbum de 1971 <em>At Fillmore East<\/em>, sin duda uno de los mejores \u00e1lbumes en vivo de todos los tiempos. Cuando \u00e9l era su propietario, Dickey cambi\u00f3 dos potenci\u00f3metros, reemplaz\u00f3 las clavijas originales por Grover, rompi\u00f3 la pala, la hizo volver a trastear y, sobre todo, la envi\u00f3 a Gibson para un refinish a mediados de los a\u00f1os 70. Esto explica el sunburst de dos tonos t\u00edpico de los setenta que vemos aqu\u00ed, y tambi\u00e9n por eso la uni\u00f3n de las dos piezas de arce de la tapa no est\u00e1 centrada (algo com\u00fan en los gold top, ya que el guitarrista no estaba destinado a ver la tapa).<\/p>\n<p>En 1977, Betts form\u00f3 su grupo Great Southern con el guitarrista Dan Toler, a quien finalmente le regal\u00f3 esta guitarra, que entonces se convirti\u00f3 en la Toler Burst. Toler luego se uni\u00f3 a Allman Brothers junto a Dickey, y la Burst fue su instrumento principal en esa \u00e9poca. En 1983, un joven Joe Bonamassa vio a Toler tocarla en el primer concierto al que asisti\u00f3.<\/p>\n<p>Despu\u00e9s, Toler la vendi\u00f3 a un DJ estadounidense, quien a su vez la vendi\u00f3 a un alem\u00e1n, que finalmente acept\u00f3 venderla a Matt. Solo unas horas despu\u00e9s de la llegada de esta guitarra a Francia, la Toler Burst se reuni\u00f3 finalmente con Joe Bonamassa, quien la toc\u00f3 en un memorable concierto en Clermont-Ferrand. La historia puede tener ecos muy hermosos.<\/p>\n","protected":false},"featured_media":18558,"comment_status":"open","ping_status":"closed","template":"","meta":{"_et_pb_use_builder":"","_et_pb_old_content":"","_et_gb_content_width":""},"product_brand":[],"product_cat":[654,659,655],"product_tag":[],"class_list":{"0":"post-18557","1":"product","2":"type-product","3":"status-publish","4":"has-post-thumbnail","6":"product_cat-vendidos","7":"product_cat-guitarras-electricas","8":"product_cat-guitarras","9":"pa_artiste-dan-toler-es","10":"pa_artiste-dickey-betts-es","11":"pa_disponibilite-vendido","12":"pa_marque-gibson-es","14":"first","15":"outofstock","16":"shipping-taxable","17":"product-type-simple"},"yoast_head":"<!-- This site is optimized with the Yoast SEO plugin v26.8 - https:\/\/yoast.com\/product\/yoast-seo-wordpress\/ -->\n<title>Gibson Les Paul Standard The Allman Brother Dickey Betts \/ Dan Toler - Matt&#039;s Guitar Shop<\/title>\n<meta name=\"description\" content=\"Gibson Les Paul Standard 1958 ex-Dickey Betts &amp; Dan Toler (Allman Brothers). Una guitarra legendaria y rara, instrumento ic\u00f3nico del Southern Rock.\" \/>\n<meta name=\"robots\" content=\"index, follow, max-snippet:-1, max-image-preview:large, max-video-preview:-1\" \/>\n<link rel=\"canonical\" href=\"https:\/\/www.matts-guitar-shop.com\/es\/produit\/gibson-les-paul-standard-the-allman-brother-dickey-betts-dan-toler\/\" \/>\n<meta property=\"og:locale\" content=\"es_ES\" \/>\n<meta property=\"og:type\" content=\"article\" \/>\n<meta property=\"og:title\" content=\"Gibson Les Paul Standard The Allman Brother Dickey Betts \/ Dan Toler - Matt&#039;s Guitar Shop\" \/>\n<meta property=\"og:description\" content=\"Gibson Les Paul Standard 1958 ex-Dickey Betts &amp; Dan Toler (Allman Brothers). Una guitarra legendaria y rara, instrumento ic\u00f3nico del Southern Rock.\" \/>\n<meta property=\"og:url\" content=\"https:\/\/www.matts-guitar-shop.com\/es\/produit\/gibson-les-paul-standard-the-allman-brother-dickey-betts-dan-toler\/\" \/>\n<meta property=\"og:site_name\" content=\"Matt&#039;s Guitar Shop\" \/>\n<meta property=\"article:publisher\" content=\"https:\/\/www.facebook.com\/profile.php?id=100044359842817\" \/>\n<meta property=\"article:modified_time\" content=\"2025-10-29T18:48:19+00:00\" \/>\n<meta property=\"og:image\" content=\"https:\/\/www.matts-guitar-shop.com\/wp-content\/uploads\/2024\/08\/1958-gibson-les-paul-dickey-betts-00.jpg\" \/>\n\t<meta property=\"og:image:width\" content=\"900\" \/>\n\t<meta property=\"og:image:height\" content=\"1300\" \/>\n\t<meta property=\"og:image:type\" content=\"image\/jpeg\" \/>\n<meta name=\"twitter:card\" content=\"summary_large_image\" \/>\n<meta name=\"twitter:label1\" content=\"Tiempo de lectura\" \/>\n\t<meta name=\"twitter:data1\" content=\"2 minutos\" \/>\n<script type=\"application\/ld+json\" class=\"yoast-schema-graph\">{\"@context\":\"https:\/\/schema.org\",\"@graph\":[{\"@type\":\"WebPage\",\"@id\":\"https:\/\/www.matts-guitar-shop.com\/es\/produit\/gibson-les-paul-standard-the-allman-brother-dickey-betts-dan-toler\/\",\"url\":\"https:\/\/www.matts-guitar-shop.com\/es\/produit\/gibson-les-paul-standard-the-allman-brother-dickey-betts-dan-toler\/\",\"name\":\"Gibson Les Paul Standard The Allman Brother Dickey Betts \/ Dan Toler - Matt&#039;s Guitar Shop\",\"isPartOf\":{\"@id\":\"https:\/\/www.matts-guitar-shop.com\/es\/#website\"},\"primaryImageOfPage\":{\"@id\":\"https:\/\/www.matts-guitar-shop.com\/es\/produit\/gibson-les-paul-standard-the-allman-brother-dickey-betts-dan-toler\/#primaryimage\"},\"image\":{\"@id\":\"https:\/\/www.matts-guitar-shop.com\/es\/produit\/gibson-les-paul-standard-the-allman-brother-dickey-betts-dan-toler\/#primaryimage\"},\"thumbnailUrl\":\"https:\/\/www.matts-guitar-shop.com\/wp-content\/uploads\/2024\/08\/1958-gibson-les-paul-dickey-betts-00.jpg\",\"datePublished\":\"2024-08-22T13:07:12+00:00\",\"dateModified\":\"2025-10-29T18:48:19+00:00\",\"description\":\"Gibson Les Paul Standard 1958 ex-Dickey Betts & Dan Toler (Allman Brothers). Una guitarra legendaria y rara, instrumento ic\u00f3nico del Southern Rock.\",\"breadcrumb\":{\"@id\":\"https:\/\/www.matts-guitar-shop.com\/es\/produit\/gibson-les-paul-standard-the-allman-brother-dickey-betts-dan-toler\/#breadcrumb\"},\"inLanguage\":\"es\",\"potentialAction\":[{\"@type\":\"ReadAction\",\"target\":[\"https:\/\/www.matts-guitar-shop.com\/es\/produit\/gibson-les-paul-standard-the-allman-brother-dickey-betts-dan-toler\/\"]}]},{\"@type\":\"ImageObject\",\"inLanguage\":\"es\",\"@id\":\"https:\/\/www.matts-guitar-shop.com\/es\/produit\/gibson-les-paul-standard-the-allman-brother-dickey-betts-dan-toler\/#primaryimage\",\"url\":\"https:\/\/www.matts-guitar-shop.com\/wp-content\/uploads\/2024\/08\/1958-gibson-les-paul-dickey-betts-00.jpg\",\"contentUrl\":\"https:\/\/www.matts-guitar-shop.com\/wp-content\/uploads\/2024\/08\/1958-gibson-les-paul-dickey-betts-00.jpg\",\"width\":900,\"height\":1300},{\"@type\":\"BreadcrumbList\",\"@id\":\"https:\/\/www.matts-guitar-shop.com\/es\/produit\/gibson-les-paul-standard-the-allman-brother-dickey-betts-dan-toler\/#breadcrumb\",\"itemListElement\":[{\"@type\":\"ListItem\",\"position\":1,\"name\":\"Inicio\",\"item\":\"https:\/\/www.matts-guitar-shop.com\/es\/\"},{\"@type\":\"ListItem\",\"position\":2,\"name\":\"Tienda\",\"item\":\"https:\/\/www.matts-guitar-shop.com\/es\/tienda\/\"},{\"@type\":\"ListItem\",\"position\":3,\"name\":\"Gibson Les Paul Standard The Allman Brother Dickey Betts \/ Dan Toler\"}]},{\"@type\":\"WebSite\",\"@id\":\"https:\/\/www.matts-guitar-shop.com\/es\/#website\",\"url\":\"https:\/\/www.matts-guitar-shop.com\/es\/\",\"name\":\"matts-guitar-shop.com\",\"description\":\"Guitar Shop\",\"publisher\":{\"@id\":\"https:\/\/www.matts-guitar-shop.com\/es\/#organization\"},\"potentialAction\":[{\"@type\":\"SearchAction\",\"target\":{\"@type\":\"EntryPoint\",\"urlTemplate\":\"https:\/\/www.matts-guitar-shop.com\/es\/?s={search_term_string}\"},\"query-input\":{\"@type\":\"PropertyValueSpecification\",\"valueRequired\":true,\"valueName\":\"search_term_string\"}}],\"inLanguage\":\"es\"},{\"@type\":\"Organization\",\"@id\":\"https:\/\/www.matts-guitar-shop.com\/es\/#organization\",\"name\":\"matts-guitar-shop.com\",\"url\":\"https:\/\/www.matts-guitar-shop.com\/es\/\",\"logo\":{\"@type\":\"ImageObject\",\"inLanguage\":\"es\",\"@id\":\"https:\/\/www.matts-guitar-shop.com\/es\/#\/schema\/logo\/image\/\",\"url\":\"https:\/\/www.matts-guitar-shop.com\/wp-content\/uploads\/2024\/09\/MGS-logo-site-02.png\",\"contentUrl\":\"https:\/\/www.matts-guitar-shop.com\/wp-content\/uploads\/2024\/09\/MGS-logo-site-02.png\",\"width\":200,\"height\":122,\"caption\":\"matts-guitar-shop.com\"},\"image\":{\"@id\":\"https:\/\/www.matts-guitar-shop.com\/es\/#\/schema\/logo\/image\/\"},\"sameAs\":[\"https:\/\/www.facebook.com\/profile.php?id=100044359842817\",\"https:\/\/www.instagram.com\/mattsguitarshop\/\",\"https:\/\/www.youtube.com\/@MattLucasMan\/videos\"]}]}<\/script>\n<!-- \/ Yoast SEO plugin. -->","yoast_head_json":{"title":"Gibson Les Paul Standard The Allman Brother Dickey Betts \/ Dan Toler - Matt&#039;s Guitar Shop","description":"Gibson Les Paul Standard 1958 ex-Dickey Betts & Dan Toler (Allman Brothers). Una guitarra legendaria y rara, instrumento ic\u00f3nico del Southern Rock.","robots":{"index":"index","follow":"follow","max-snippet":"max-snippet:-1","max-image-preview":"max-image-preview:large","max-video-preview":"max-video-preview:-1"},"canonical":"https:\/\/www.matts-guitar-shop.com\/es\/produit\/gibson-les-paul-standard-the-allman-brother-dickey-betts-dan-toler\/","og_locale":"es_ES","og_type":"article","og_title":"Gibson Les Paul Standard The Allman Brother Dickey Betts \/ Dan Toler - Matt&#039;s Guitar Shop","og_description":"Gibson Les Paul Standard 1958 ex-Dickey Betts & Dan Toler (Allman Brothers). Una guitarra legendaria y rara, instrumento ic\u00f3nico del Southern Rock.","og_url":"https:\/\/www.matts-guitar-shop.com\/es\/produit\/gibson-les-paul-standard-the-allman-brother-dickey-betts-dan-toler\/","og_site_name":"Matt&#039;s Guitar Shop","article_publisher":"https:\/\/www.facebook.com\/profile.php?id=100044359842817","article_modified_time":"2025-10-29T18:48:19+00:00","og_image":[{"width":900,"height":1300,"url":"https:\/\/www.matts-guitar-shop.com\/wp-content\/uploads\/2024\/08\/1958-gibson-les-paul-dickey-betts-00.jpg","type":"image\/jpeg"}],"twitter_card":"summary_large_image","twitter_misc":{"Tiempo de lectura":"2 minutos"},"schema":{"@context":"https:\/\/schema.org","@graph":[{"@type":"WebPage","@id":"https:\/\/www.matts-guitar-shop.com\/es\/produit\/gibson-les-paul-standard-the-allman-brother-dickey-betts-dan-toler\/","url":"https:\/\/www.matts-guitar-shop.com\/es\/produit\/gibson-les-paul-standard-the-allman-brother-dickey-betts-dan-toler\/","name":"Gibson Les Paul Standard The Allman Brother Dickey Betts \/ Dan Toler - Matt&#039;s Guitar Shop","isPartOf":{"@id":"https:\/\/www.matts-guitar-shop.com\/es\/#website"},"primaryImageOfPage":{"@id":"https:\/\/www.matts-guitar-shop.com\/es\/produit\/gibson-les-paul-standard-the-allman-brother-dickey-betts-dan-toler\/#primaryimage"},"image":{"@id":"https:\/\/www.matts-guitar-shop.com\/es\/produit\/gibson-les-paul-standard-the-allman-brother-dickey-betts-dan-toler\/#primaryimage"},"thumbnailUrl":"https:\/\/www.matts-guitar-shop.com\/wp-content\/uploads\/2024\/08\/1958-gibson-les-paul-dickey-betts-00.jpg","datePublished":"2024-08-22T13:07:12+00:00","dateModified":"2025-10-29T18:48:19+00:00","description":"Gibson Les Paul Standard 1958 ex-Dickey Betts & Dan Toler (Allman Brothers). Una guitarra legendaria y rara, instrumento ic\u00f3nico del Southern Rock.","breadcrumb":{"@id":"https:\/\/www.matts-guitar-shop.com\/es\/produit\/gibson-les-paul-standard-the-allman-brother-dickey-betts-dan-toler\/#breadcrumb"},"inLanguage":"es","potentialAction":[{"@type":"ReadAction","target":["https:\/\/www.matts-guitar-shop.com\/es\/produit\/gibson-les-paul-standard-the-allman-brother-dickey-betts-dan-toler\/"]}]},{"@type":"ImageObject","inLanguage":"es","@id":"https:\/\/www.matts-guitar-shop.com\/es\/produit\/gibson-les-paul-standard-the-allman-brother-dickey-betts-dan-toler\/#primaryimage","url":"https:\/\/www.matts-guitar-shop.com\/wp-content\/uploads\/2024\/08\/1958-gibson-les-paul-dickey-betts-00.jpg","contentUrl":"https:\/\/www.matts-guitar-shop.com\/wp-content\/uploads\/2024\/08\/1958-gibson-les-paul-dickey-betts-00.jpg","width":900,"height":1300},{"@type":"BreadcrumbList","@id":"https:\/\/www.matts-guitar-shop.com\/es\/produit\/gibson-les-paul-standard-the-allman-brother-dickey-betts-dan-toler\/#breadcrumb","itemListElement":[{"@type":"ListItem","position":1,"name":"Inicio","item":"https:\/\/www.matts-guitar-shop.com\/es\/"},{"@type":"ListItem","position":2,"name":"Tienda","item":"https:\/\/www.matts-guitar-shop.com\/es\/tienda\/"},{"@type":"ListItem","position":3,"name":"Gibson Les Paul Standard The Allman Brother Dickey Betts \/ Dan Toler"}]},{"@type":"WebSite","@id":"https:\/\/www.matts-guitar-shop.com\/es\/#website","url":"https:\/\/www.matts-guitar-shop.com\/es\/","name":"matts-guitar-shop.com","description":"Guitar Shop","publisher":{"@id":"https:\/\/www.matts-guitar-shop.com\/es\/#organization"},"potentialAction":[{"@type":"SearchAction","target":{"@type":"EntryPoint","urlTemplate":"https:\/\/www.matts-guitar-shop.com\/es\/?s={search_term_string}"},"query-input":{"@type":"PropertyValueSpecification","valueRequired":true,"valueName":"search_term_string"}}],"inLanguage":"es"},{"@type":"Organization","@id":"https:\/\/www.matts-guitar-shop.com\/es\/#organization","name":"matts-guitar-shop.com","url":"https:\/\/www.matts-guitar-shop.com\/es\/","logo":{"@type":"ImageObject","inLanguage":"es","@id":"https:\/\/www.matts-guitar-shop.com\/es\/#\/schema\/logo\/image\/","url":"https:\/\/www.matts-guitar-shop.com\/wp-content\/uploads\/2024\/09\/MGS-logo-site-02.png","contentUrl":"https:\/\/www.matts-guitar-shop.com\/wp-content\/uploads\/2024\/09\/MGS-logo-site-02.png","width":200,"height":122,"caption":"matts-guitar-shop.com"},"image":{"@id":"https:\/\/www.matts-guitar-shop.com\/es\/#\/schema\/logo\/image\/"},"sameAs":["https:\/\/www.facebook.com\/profile.php?id=100044359842817","https:\/\/www.instagram.com\/mattsguitarshop\/","https:\/\/www.youtube.com\/@MattLucasMan\/videos"]}]}},"_links":{"self":[{"href":"https:\/\/www.matts-guitar-shop.com\/es\/wp-json\/wp\/v2\/product\/18557","targetHints":{"allow":["GET"]}}],"collection":[{"href":"https:\/\/www.matts-guitar-shop.com\/es\/wp-json\/wp\/v2\/product"}],"about":[{"href":"https:\/\/www.matts-guitar-shop.com\/es\/wp-json\/wp\/v2\/types\/product"}],"replies":[{"embeddable":true,"href":"https:\/\/www.matts-guitar-shop.com\/es\/wp-json\/wp\/v2\/comments?post=18557"}],"wp:featuredmedia":[{"embeddable":true,"href":"https:\/\/www.matts-guitar-shop.com\/es\/wp-json\/wp\/v2\/media\/18558"}],"wp:attachment":[{"href":"https:\/\/www.matts-guitar-shop.com\/es\/wp-json\/wp\/v2\/media?parent=18557"}],"wp:term":[{"taxonomy":"product_brand","embeddable":true,"href":"https:\/\/www.matts-guitar-shop.com\/es\/wp-json\/wp\/v2\/product_brand?post=18557"},{"taxonomy":"product_cat","embeddable":true,"href":"https:\/\/www.matts-guitar-shop.com\/es\/wp-json\/wp\/v2\/product_cat?post=18557"},{"taxonomy":"product_tag","embeddable":true,"href":"https:\/\/www.matts-guitar-shop.com\/es\/wp-json\/wp\/v2\/product_tag?post=18557"}],"curies":[{"name":"wp","href":"https:\/\/api.w.org\/{rel}","templated":true}]}}