{"id":18533,"date":"2024-08-29T20:45:54","date_gmt":"2024-08-29T18:45:54","guid":{"rendered":"https:\/\/www.matts-guitar-shop.com\/produit\/ibanez-ps1-mirror-ex-paul-stanley-kiss\/"},"modified":"2025-10-29T17:42:19","modified_gmt":"2025-10-29T16:42:19","slug":"ibanez-ps1-mirror-ex-paul-stanley-kiss","status":"publish","type":"product","link":"https:\/\/www.matts-guitar-shop.com\/es\/produit\/ibanez-ps1-mirror-ex-paul-stanley-kiss\/","title":{"rendered":"Ibanez PS1 Mirror Ex Paul Stanley KISS"},"content":{"rendered":"<p>Paul Stanley<br \/> <br \/>\n(1952)<\/p>\n<p>Grupo: Kiss<br \/> Guitarra principal: Washburn signature<br \/> Canci\u00f3n imprescindible: Love Gun<\/p>\n<p>En Estados Unidos, Kiss es mucho m\u00e1s que una simple banda: es una religi\u00f3n, un fen\u00f3meno cultural de proporciones delirantes (su club, la famosa Kiss Army, cuenta incluso con la exsecretaria de Estado Condoleezza Rice entre sus miembros). Cada estadounidense tiene su propia historia con Kiss, c\u00f3mo conocieron la m\u00fasica del grupo, c\u00f3mo copiaron el maquillaje de Starchild o Demon para Halloween, y muchas veces c\u00f3mo decidieron aprender a tocar un instrumento al escuchar Kiss por primera vez.<\/p>\n<p>Los miembros de la banda inventaron el espect\u00e1culo pirot\u00e9cnico y su dominio del merchandising puede inspirar incluso al gerente m\u00e1s mercenario.<\/p>\n<p>Los dos fundadores Gene Simmons (bajo \/ voz) y Paul Stanley (guitarra r\u00edtmica \/ voz) son los pilares del grupo. Estuvieron all\u00ed en 1973 y siguen presentes hoy en d\u00eda para una nueva gira de despedida. Forman un d\u00fao al estilo Lennon y McCartney del hard rock, con un talento indiscutible para la composici\u00f3n, ya que muchas de sus canciones se han convertido en \u00e9xitos duraderos. Paul Stanley es quien tiene la voz m\u00e1s aguda y con m\u00e1s sabor a blues de los dos, con un timbre inmediatamente reconocible. Su manera de tocar la guitarra es sencilla, pero posee el arma secreta que la mayor\u00eda de los m\u00fasicos de rock sue\u00f1an tener: una mano derecha hecha para el riff, capaz de hacer que todo un estadio golpee el pie al ritmo. Ace Frehley fue el solista m\u00e1s brillante, mientras que Stanley domina el escenario con su carisma y el potente sonido Marshall que extrae de sus guitarras.<\/p>\n<p>Con los a\u00f1os, Paul ha acumulado una hermosa colecci\u00f3n que incluye algunos modelos burst que usa exclusivamente en estudio. En el escenario, se le ha visto con las Ibanez Iceman, que siguen estrechamente asociadas a \u00e9l, y luego pas\u00f3 a Washburn, que actualmente le fabrica excelentes modelos signature. Las botas con plataforma no vienen incluidas, pero se recomiendan mucho.<\/p>\n<p><img decoding=\"async\" class=\"alignnone size-full wp-image-7159\" src=\"https:\/\/www.matts-guitar-shop.com\/wp-content\/uploads\/2024\/08\/paul-stanley-matts-guitar-shop-01.jpg\" alt=\"\" width=\"400\" height=\"600\" srcset=\"https:\/\/www.matts-guitar-shop.com\/wp-content\/uploads\/2024\/08\/paul-stanley-matts-guitar-shop-01.jpg 400w, https:\/\/www.matts-guitar-shop.com\/wp-content\/uploads\/2024\/08\/paul-stanley-matts-guitar-shop-01-200x300.jpg 200w\" sizes=\"(max-width: 400px) 100vw, 400px\" \/><\/p>\n","protected":false},"excerpt":{"rendered":"<p><strong>Pocos artistas han logrado crear una identidad visual reconocible entre todas. En este sentido, Kiss se convirti\u00f3 r\u00e1pidamente en un grupo maestro en la materia. Desde sus extravagantes disfraces hasta su maquillaje, han forjado una imagen que ha construido el imaginario colectivo alrededor de un rock espectacular y sensacional. Con este objetivo, las guitarras acompa\u00f1aron desde el principio las armaduras de escenario y recibieron una atenci\u00f3n muy especial. La legendaria Mirror Ball (o <em>cracked mirror<\/em>), con su superficie de espejo bellamente agrietada, es inseparable del flamboyante Paul Stanley.<\/strong><\/p>\n<p>La historia de la Mirror Ball Iceman de <strong>Paul Stanley<\/strong> encarna todo el sentido del show y del espect\u00e1culo que el m\u00edtico guitarrista de Kiss despliega. Fue creada en colaboraci\u00f3n con Jeff Hasselberger de Ibanez, quien recuerda la intenci\u00f3n del guitarrista durante sus conversaciones. Stanley, siempre en busca de formas de realzar su sentido del espect\u00e1culo, imagin\u00f3 una guitarra cubierta de espejo que pareciera rota alrededor de las pastillas, y cuyos fragmentos pudieran reflejar la iluminaci\u00f3n del escenario como una bola disco. Para crear este efecto, Hasselberger cort\u00f3 <strong>trozos de espejo<\/strong> para incrustarlos a mano en la tapa de la guitarra con \u00e1ngulos ligeramente desalineados para reforzar los efectos de luz. Fue necesario un ingenio t\u00e9cnico considerable para asociar piezas tan cortantes manteniendo la unidad visual. \u00a1Jeff Hasselberger se felicit\u00f3 de haberlo logrado sin perder ning\u00fan dedo!<\/p>\n<p>Esta guitarra excepcional fue <strong>tocada en escena<\/strong> durante la gira \u00abKissworld\u00bb de 2017-2018. Es un testigo directo del juego esc\u00e9nico del guitarrista: el instrumento muestra varias marcas de uso y se\u00f1ales de desgaste, que remiten directamente a las actuaciones deslumbrantes de Kiss. Adem\u00e1s, esta Iceman cuenta con todas las especificaciones de las guitarras de escenario de Paul Stanley: se encuentra la famosa banda <em>strap<\/em> donde se enganchan las p\u00faas del \u00abKISS Kruise VIII\u00bb, listas para ser tomadas. Esta guitarra fue notablemente tocada durante la aparici\u00f3n del grupo en el episodio final de <em>America\u2019s Got Talent<\/em> de 2018 y en el \u00abKiss Kruise VIII\u00bb. Finalmente, fue firmada en el cuerpo por Paul Stanley, quien tambi\u00e9n escribi\u00f3 en la parte trasera: \u00abI was made for lovin\u2019 you \/ Dynasty 1979\u00bb. \u00a1Una guitarra excepcional, tan impresionante est\u00e9tica como hist\u00f3ricamente!<\/p>\n","protected":false},"featured_media":18534,"comment_status":"open","ping_status":"closed","template":"","meta":{"_et_pb_use_builder":"","_et_pb_old_content":"","_et_gb_content_width":""},"product_brand":[],"product_cat":[654,659,655],"product_tag":[],"class_list":{"0":"post-18533","1":"product","2":"type-product","3":"status-publish","4":"has-post-thumbnail","6":"product_cat-vendidos","7":"product_cat-guitarras-electricas","8":"product_cat-guitarras","9":"pa_artiste-paul-stanley-es","10":"pa_disponibilite-vendido","11":"pa_marque-ibanez-es","13":"first","14":"outofstock","15":"shipping-taxable","16":"product-type-simple"},"yoast_head":"<!-- This site is optimized with the Yoast SEO plugin v26.8 - https:\/\/yoast.com\/product\/yoast-seo-wordpress\/ -->\n<title>Ibanez PS1 Mirror Ex Paul Stanley KISS - Matt&#039;s Guitar Shop<\/title>\n<meta name=\"description\" content=\"Ibanez PS1 Mirror ex-Paul Stanley (KISS), una guitarra ic\u00f3nica tocada durante la gira Kissworld 2017\u20132018. Una pieza hist\u00f3rica y visualmente espectacular.\" \/>\n<meta name=\"robots\" content=\"index, follow, max-snippet:-1, max-image-preview:large, max-video-preview:-1\" \/>\n<link rel=\"canonical\" href=\"https:\/\/www.matts-guitar-shop.com\/es\/produit\/ibanez-ps1-mirror-ex-paul-stanley-kiss\/\" \/>\n<meta property=\"og:locale\" content=\"es_ES\" \/>\n<meta property=\"og:type\" content=\"article\" \/>\n<meta property=\"og:title\" content=\"Ibanez PS1 Mirror Ex Paul Stanley KISS - Matt&#039;s Guitar Shop\" \/>\n<meta property=\"og:description\" content=\"Ibanez PS1 Mirror ex-Paul Stanley (KISS), una guitarra ic\u00f3nica tocada durante la gira Kissworld 2017\u20132018. Una pieza hist\u00f3rica y visualmente espectacular.\" \/>\n<meta property=\"og:url\" content=\"https:\/\/www.matts-guitar-shop.com\/es\/produit\/ibanez-ps1-mirror-ex-paul-stanley-kiss\/\" \/>\n<meta property=\"og:site_name\" content=\"Matt&#039;s Guitar Shop\" \/>\n<meta property=\"article:publisher\" content=\"https:\/\/www.facebook.com\/profile.php?id=100044359842817\" \/>\n<meta property=\"article:modified_time\" content=\"2025-10-29T16:42:19+00:00\" \/>\n<meta property=\"og:image\" content=\"https:\/\/www.matts-guitar-shop.com\/wp-content\/uploads\/2024\/08\/Ibanez-PS1-Mirror-Ex-Paul-Stanley-KISS-guitare-00.jpg\" \/>\n\t<meta property=\"og:image:width\" content=\"700\" \/>\n\t<meta property=\"og:image:height\" content=\"1011\" \/>\n\t<meta property=\"og:image:type\" content=\"image\/jpeg\" \/>\n<meta name=\"twitter:card\" content=\"summary_large_image\" \/>\n<meta name=\"twitter:label1\" content=\"Tiempo de lectura\" \/>\n\t<meta name=\"twitter:data1\" content=\"2 minutos\" \/>\n<script type=\"application\/ld+json\" class=\"yoast-schema-graph\">{\"@context\":\"https:\/\/schema.org\",\"@graph\":[{\"@type\":\"WebPage\",\"@id\":\"https:\/\/www.matts-guitar-shop.com\/es\/produit\/ibanez-ps1-mirror-ex-paul-stanley-kiss\/\",\"url\":\"https:\/\/www.matts-guitar-shop.com\/es\/produit\/ibanez-ps1-mirror-ex-paul-stanley-kiss\/\",\"name\":\"Ibanez PS1 Mirror Ex Paul Stanley KISS - Matt&#039;s Guitar Shop\",\"isPartOf\":{\"@id\":\"https:\/\/www.matts-guitar-shop.com\/es\/#website\"},\"primaryImageOfPage\":{\"@id\":\"https:\/\/www.matts-guitar-shop.com\/es\/produit\/ibanez-ps1-mirror-ex-paul-stanley-kiss\/#primaryimage\"},\"image\":{\"@id\":\"https:\/\/www.matts-guitar-shop.com\/es\/produit\/ibanez-ps1-mirror-ex-paul-stanley-kiss\/#primaryimage\"},\"thumbnailUrl\":\"https:\/\/www.matts-guitar-shop.com\/wp-content\/uploads\/2024\/08\/Ibanez-PS1-Mirror-Ex-Paul-Stanley-KISS-guitare-00.jpg\",\"datePublished\":\"2024-08-29T18:45:54+00:00\",\"dateModified\":\"2025-10-29T16:42:19+00:00\",\"description\":\"Ibanez PS1 Mirror ex-Paul Stanley (KISS), una guitarra ic\u00f3nica tocada durante la gira Kissworld 2017\u20132018. Una pieza hist\u00f3rica y visualmente espectacular.\",\"breadcrumb\":{\"@id\":\"https:\/\/www.matts-guitar-shop.com\/es\/produit\/ibanez-ps1-mirror-ex-paul-stanley-kiss\/#breadcrumb\"},\"inLanguage\":\"es\",\"potentialAction\":[{\"@type\":\"ReadAction\",\"target\":[\"https:\/\/www.matts-guitar-shop.com\/es\/produit\/ibanez-ps1-mirror-ex-paul-stanley-kiss\/\"]}]},{\"@type\":\"ImageObject\",\"inLanguage\":\"es\",\"@id\":\"https:\/\/www.matts-guitar-shop.com\/es\/produit\/ibanez-ps1-mirror-ex-paul-stanley-kiss\/#primaryimage\",\"url\":\"https:\/\/www.matts-guitar-shop.com\/wp-content\/uploads\/2024\/08\/Ibanez-PS1-Mirror-Ex-Paul-Stanley-KISS-guitare-00.jpg\",\"contentUrl\":\"https:\/\/www.matts-guitar-shop.com\/wp-content\/uploads\/2024\/08\/Ibanez-PS1-Mirror-Ex-Paul-Stanley-KISS-guitare-00.jpg\",\"width\":700,\"height\":1011},{\"@type\":\"BreadcrumbList\",\"@id\":\"https:\/\/www.matts-guitar-shop.com\/es\/produit\/ibanez-ps1-mirror-ex-paul-stanley-kiss\/#breadcrumb\",\"itemListElement\":[{\"@type\":\"ListItem\",\"position\":1,\"name\":\"Inicio\",\"item\":\"https:\/\/www.matts-guitar-shop.com\/es\/\"},{\"@type\":\"ListItem\",\"position\":2,\"name\":\"Tienda\",\"item\":\"https:\/\/www.matts-guitar-shop.com\/es\/tienda\/\"},{\"@type\":\"ListItem\",\"position\":3,\"name\":\"Ibanez PS1 Mirror Ex Paul Stanley KISS\"}]},{\"@type\":\"WebSite\",\"@id\":\"https:\/\/www.matts-guitar-shop.com\/es\/#website\",\"url\":\"https:\/\/www.matts-guitar-shop.com\/es\/\",\"name\":\"matts-guitar-shop.com\",\"description\":\"Guitar Shop\",\"publisher\":{\"@id\":\"https:\/\/www.matts-guitar-shop.com\/es\/#organization\"},\"potentialAction\":[{\"@type\":\"SearchAction\",\"target\":{\"@type\":\"EntryPoint\",\"urlTemplate\":\"https:\/\/www.matts-guitar-shop.com\/es\/?s={search_term_string}\"},\"query-input\":{\"@type\":\"PropertyValueSpecification\",\"valueRequired\":true,\"valueName\":\"search_term_string\"}}],\"inLanguage\":\"es\"},{\"@type\":\"Organization\",\"@id\":\"https:\/\/www.matts-guitar-shop.com\/es\/#organization\",\"name\":\"matts-guitar-shop.com\",\"url\":\"https:\/\/www.matts-guitar-shop.com\/es\/\",\"logo\":{\"@type\":\"ImageObject\",\"inLanguage\":\"es\",\"@id\":\"https:\/\/www.matts-guitar-shop.com\/es\/#\/schema\/logo\/image\/\",\"url\":\"https:\/\/www.matts-guitar-shop.com\/wp-content\/uploads\/2024\/09\/MGS-logo-site-02.png\",\"contentUrl\":\"https:\/\/www.matts-guitar-shop.com\/wp-content\/uploads\/2024\/09\/MGS-logo-site-02.png\",\"width\":200,\"height\":122,\"caption\":\"matts-guitar-shop.com\"},\"image\":{\"@id\":\"https:\/\/www.matts-guitar-shop.com\/es\/#\/schema\/logo\/image\/\"},\"sameAs\":[\"https:\/\/www.facebook.com\/profile.php?id=100044359842817\",\"https:\/\/www.instagram.com\/mattsguitarshop\/\",\"https:\/\/www.youtube.com\/@MattLucasMan\/videos\"]}]}<\/script>\n<!-- \/ Yoast SEO plugin. -->","yoast_head_json":{"title":"Ibanez PS1 Mirror Ex Paul Stanley KISS - Matt&#039;s Guitar Shop","description":"Ibanez PS1 Mirror ex-Paul Stanley (KISS), una guitarra ic\u00f3nica tocada durante la gira Kissworld 2017\u20132018. Una pieza hist\u00f3rica y visualmente espectacular.","robots":{"index":"index","follow":"follow","max-snippet":"max-snippet:-1","max-image-preview":"max-image-preview:large","max-video-preview":"max-video-preview:-1"},"canonical":"https:\/\/www.matts-guitar-shop.com\/es\/produit\/ibanez-ps1-mirror-ex-paul-stanley-kiss\/","og_locale":"es_ES","og_type":"article","og_title":"Ibanez PS1 Mirror Ex Paul Stanley KISS - Matt&#039;s Guitar Shop","og_description":"Ibanez PS1 Mirror ex-Paul Stanley (KISS), una guitarra ic\u00f3nica tocada durante la gira Kissworld 2017\u20132018. Una pieza hist\u00f3rica y visualmente espectacular.","og_url":"https:\/\/www.matts-guitar-shop.com\/es\/produit\/ibanez-ps1-mirror-ex-paul-stanley-kiss\/","og_site_name":"Matt&#039;s Guitar Shop","article_publisher":"https:\/\/www.facebook.com\/profile.php?id=100044359842817","article_modified_time":"2025-10-29T16:42:19+00:00","og_image":[{"width":700,"height":1011,"url":"https:\/\/www.matts-guitar-shop.com\/wp-content\/uploads\/2024\/08\/Ibanez-PS1-Mirror-Ex-Paul-Stanley-KISS-guitare-00.jpg","type":"image\/jpeg"}],"twitter_card":"summary_large_image","twitter_misc":{"Tiempo de lectura":"2 minutos"},"schema":{"@context":"https:\/\/schema.org","@graph":[{"@type":"WebPage","@id":"https:\/\/www.matts-guitar-shop.com\/es\/produit\/ibanez-ps1-mirror-ex-paul-stanley-kiss\/","url":"https:\/\/www.matts-guitar-shop.com\/es\/produit\/ibanez-ps1-mirror-ex-paul-stanley-kiss\/","name":"Ibanez PS1 Mirror Ex Paul Stanley KISS - Matt&#039;s Guitar Shop","isPartOf":{"@id":"https:\/\/www.matts-guitar-shop.com\/es\/#website"},"primaryImageOfPage":{"@id":"https:\/\/www.matts-guitar-shop.com\/es\/produit\/ibanez-ps1-mirror-ex-paul-stanley-kiss\/#primaryimage"},"image":{"@id":"https:\/\/www.matts-guitar-shop.com\/es\/produit\/ibanez-ps1-mirror-ex-paul-stanley-kiss\/#primaryimage"},"thumbnailUrl":"https:\/\/www.matts-guitar-shop.com\/wp-content\/uploads\/2024\/08\/Ibanez-PS1-Mirror-Ex-Paul-Stanley-KISS-guitare-00.jpg","datePublished":"2024-08-29T18:45:54+00:00","dateModified":"2025-10-29T16:42:19+00:00","description":"Ibanez PS1 Mirror ex-Paul Stanley (KISS), una guitarra ic\u00f3nica tocada durante la gira Kissworld 2017\u20132018. Una pieza hist\u00f3rica y visualmente espectacular.","breadcrumb":{"@id":"https:\/\/www.matts-guitar-shop.com\/es\/produit\/ibanez-ps1-mirror-ex-paul-stanley-kiss\/#breadcrumb"},"inLanguage":"es","potentialAction":[{"@type":"ReadAction","target":["https:\/\/www.matts-guitar-shop.com\/es\/produit\/ibanez-ps1-mirror-ex-paul-stanley-kiss\/"]}]},{"@type":"ImageObject","inLanguage":"es","@id":"https:\/\/www.matts-guitar-shop.com\/es\/produit\/ibanez-ps1-mirror-ex-paul-stanley-kiss\/#primaryimage","url":"https:\/\/www.matts-guitar-shop.com\/wp-content\/uploads\/2024\/08\/Ibanez-PS1-Mirror-Ex-Paul-Stanley-KISS-guitare-00.jpg","contentUrl":"https:\/\/www.matts-guitar-shop.com\/wp-content\/uploads\/2024\/08\/Ibanez-PS1-Mirror-Ex-Paul-Stanley-KISS-guitare-00.jpg","width":700,"height":1011},{"@type":"BreadcrumbList","@id":"https:\/\/www.matts-guitar-shop.com\/es\/produit\/ibanez-ps1-mirror-ex-paul-stanley-kiss\/#breadcrumb","itemListElement":[{"@type":"ListItem","position":1,"name":"Inicio","item":"https:\/\/www.matts-guitar-shop.com\/es\/"},{"@type":"ListItem","position":2,"name":"Tienda","item":"https:\/\/www.matts-guitar-shop.com\/es\/tienda\/"},{"@type":"ListItem","position":3,"name":"Ibanez PS1 Mirror Ex Paul Stanley KISS"}]},{"@type":"WebSite","@id":"https:\/\/www.matts-guitar-shop.com\/es\/#website","url":"https:\/\/www.matts-guitar-shop.com\/es\/","name":"matts-guitar-shop.com","description":"Guitar Shop","publisher":{"@id":"https:\/\/www.matts-guitar-shop.com\/es\/#organization"},"potentialAction":[{"@type":"SearchAction","target":{"@type":"EntryPoint","urlTemplate":"https:\/\/www.matts-guitar-shop.com\/es\/?s={search_term_string}"},"query-input":{"@type":"PropertyValueSpecification","valueRequired":true,"valueName":"search_term_string"}}],"inLanguage":"es"},{"@type":"Organization","@id":"https:\/\/www.matts-guitar-shop.com\/es\/#organization","name":"matts-guitar-shop.com","url":"https:\/\/www.matts-guitar-shop.com\/es\/","logo":{"@type":"ImageObject","inLanguage":"es","@id":"https:\/\/www.matts-guitar-shop.com\/es\/#\/schema\/logo\/image\/","url":"https:\/\/www.matts-guitar-shop.com\/wp-content\/uploads\/2024\/09\/MGS-logo-site-02.png","contentUrl":"https:\/\/www.matts-guitar-shop.com\/wp-content\/uploads\/2024\/09\/MGS-logo-site-02.png","width":200,"height":122,"caption":"matts-guitar-shop.com"},"image":{"@id":"https:\/\/www.matts-guitar-shop.com\/es\/#\/schema\/logo\/image\/"},"sameAs":["https:\/\/www.facebook.com\/profile.php?id=100044359842817","https:\/\/www.instagram.com\/mattsguitarshop\/","https:\/\/www.youtube.com\/@MattLucasMan\/videos"]}]}},"_links":{"self":[{"href":"https:\/\/www.matts-guitar-shop.com\/es\/wp-json\/wp\/v2\/product\/18533","targetHints":{"allow":["GET"]}}],"collection":[{"href":"https:\/\/www.matts-guitar-shop.com\/es\/wp-json\/wp\/v2\/product"}],"about":[{"href":"https:\/\/www.matts-guitar-shop.com\/es\/wp-json\/wp\/v2\/types\/product"}],"replies":[{"embeddable":true,"href":"https:\/\/www.matts-guitar-shop.com\/es\/wp-json\/wp\/v2\/comments?post=18533"}],"wp:featuredmedia":[{"embeddable":true,"href":"https:\/\/www.matts-guitar-shop.com\/es\/wp-json\/wp\/v2\/media\/18534"}],"wp:attachment":[{"href":"https:\/\/www.matts-guitar-shop.com\/es\/wp-json\/wp\/v2\/media?parent=18533"}],"wp:term":[{"taxonomy":"product_brand","embeddable":true,"href":"https:\/\/www.matts-guitar-shop.com\/es\/wp-json\/wp\/v2\/product_brand?post=18533"},{"taxonomy":"product_cat","embeddable":true,"href":"https:\/\/www.matts-guitar-shop.com\/es\/wp-json\/wp\/v2\/product_cat?post=18533"},{"taxonomy":"product_tag","embeddable":true,"href":"https:\/\/www.matts-guitar-shop.com\/es\/wp-json\/wp\/v2\/product_tag?post=18533"}],"curies":[{"name":"wp","href":"https:\/\/api.w.org\/{rel}","templated":true}]}}