{"id":18466,"date":"2024-08-26T15:54:35","date_gmt":"2024-08-26T13:54:35","guid":{"rendered":"https:\/\/www.matts-guitar-shop.com\/produit\/gretsch-6120-chet-atkins-1960-ex-nile-rodgers-chic\/"},"modified":"2025-12-07T17:52:01","modified_gmt":"2025-12-07T16:52:01","slug":"gretsch-6120-chet-atkins-1960-ex-nile-rodgers-chic","status":"publish","type":"product","link":"https:\/\/www.matts-guitar-shop.com\/es\/produit\/gretsch-6120-chet-atkins-1960-ex-nile-rodgers-chic\/","title":{"rendered":"Gretsch 6120 Chet Atkins 1960 Ex Nile Rodgers \/ Chic"},"content":{"rendered":"<h2>Pete Townshend, la electricidad personificada<\/h2>\n<p>Pete Townshend es electricidad. Es la furia traducida en acordes, la angustia adolescente transformada en riffs inmortales, la quintaesencia del rock en su forma m\u00e1s cruda y explosiva. M\u00e1s de medio siglo despu\u00e9s del lanzamiento del primer sencillo de The Who, la banda brit\u00e1nica sigue recorriendo el mundo incansablemente, tocando noche tras noche en arenas llenas canciones que no han perdido nada de su brillo. Al contrario: tantos artistas se han inspirado en el estilo de Townshend que los originales todav\u00eda parecen de una juventud insolente.<\/p>\n<p>Su primer gran \u00e9xito, <em>I Can\u2019t Explain<\/em> (1965), ya conten\u00eda todos los ingredientes de la f\u00f3rmula m\u00e1gica: un riff nervioso, ataques precisos intercalados con silencios, y un canto pop realzado por armon\u00edas luminosas. Unos meses despu\u00e9s, <em>My Generation<\/em> llev\u00f3 la apuesta a\u00fan m\u00e1s lejos, casi anunciando el punk antes de tiempo, con su nihilismo sonoro y energ\u00eda pura.<\/p>\n<p>Con los a\u00f1os, la m\u00fasica de The Who gan\u00f3 en sofisticaci\u00f3n. Townshend, el indiscutible capit\u00e1n del barco, se apropi\u00f3 muy pronto de las t\u00e9cnicas del home studio y multiplic\u00f3 las experimentaciones. <em>A Quick One<\/em> (1966) ya ofrec\u00eda una mini-\u00f3pera de nueve minutos, precursor de la ambiciosa <em>Tommy<\/em> de 1969. Este doble \u00e1lbum, exigente y visionario, sent\u00f3 las bases del rock opera al desarrollar una historia completa a lo largo de 24 canciones, incluyendo la inolvidable <em>Pinball Wizard<\/em> con su legendario riff ac\u00fastico.<\/p>\n<p>En 1970, <em>Live at Leeds<\/em> se impuso r\u00e1pidamente como uno de los mejores discos en vivo de la historia del rock: una explosi\u00f3n sonora donde la SG Special conectada a Hiwatt alcanza una densidad casi indecente. Luego vino <em>Who\u2019s Next<\/em>, m\u00e1s contenido en su ambici\u00f3n conceptual pero igual de impactante, antes de que <em>Quadrophenia<\/em> (1973) regresara a una forma m\u00e1s de fresco, m\u00e1s oscura e introspectiva.<\/p>\n<p>Tras la muerte del desatado baterista <strong>Keith Moon<\/strong> en 1978, The Who sobrevivi\u00f3 solo unos a\u00f1os antes de separarse. Townshend luego lanz\u00f3 varios \u00e1lbumes en solitario de gran finura y reactiv\u00f3 la banda en 1996. A pesar de la desaparici\u00f3n del legendario bajista <strong>John Entwistle<\/strong> en 2002, Pete contin\u00faa, incansable, haciendo rugir sus riffs en escenarios de todo el mundo (incluso rompiendo sus guitarras), demostrando que la electricidad, cuando lleva su nombre, nunca se apaga.<\/p>\n","protected":false},"excerpt":{"rendered":"<p><strong>Buscando competir directamente con la asociaci\u00f3n entre Les Paul y Gibson, Gretsch decide en 1954 desarrollar su primer modelo signature. \u00bfQui\u00e9n mejor que Chet Atkins, creador del \u201cNashville sound\u201d y precursor de generaciones enteras de guitarristas, para encarnar la paternidad de este modelo?<\/strong><\/p>\n<p>Desarrollada y fabricada por Gretsch a mediados de los a\u00f1os 1950, esta guitarra que seduce por sus formas redondeadas y delicadas fue concebida con el estrecho apoyo de un \u00edcono de Nashville, Chet Atkins. Por entonces aficionado a una guitarra Sears Silverstone, el guitarrista acepta representar la marca y moldea esta guitarra guiado por sus deseos y criterios. Nace as\u00ed la primera guitarra signature de Gretsch.<\/p>\n<p>La Gretsch 6120 es una guitarra de cuerpo hueco (<em>hollow body<\/em>) que se ha consolidado como un modelo clave en la historia de la m\u00fasica. Su resonancia suave y su delicado calor contribuyeron a erigir este modelo como un instrumento m\u00edtico que tocaron Eric Clapton, Pete Townshend o George Harrison. Para resumir su lugar en el rockabilly, basta con fijarse en los Stray Cats: es con una vieja y amplia 6120 que Brian Setzer desatar\u00e1 generaciones al son de los grandes \u00e9xitos del grupo y devolver\u00e1 a este modelo la gloria que conoci\u00f3 en su lanzamiento.<\/p>\n<p>Ampliamente apreciada por sus cualidades ac\u00fasticas y por su riqueza arm\u00f3nica cautivadora, la Gretsch 6120 logr\u00f3 conquistar a Nile Rodgers, \u00edcono del disco y el funk. El modelo que ofrece Matt\u2019s Guitar Shop proviene directamente de la colecci\u00f3n del antiguo l\u00edder de <em>Chic<\/em>. Con acabado orange stain, fue fabricada en 1960 y corresponde a la edad de oro de esta guitarra en Gretsch. No cabe duda de que este modelo m\u00edtico logr\u00f3 seducir e inspirar r\u00e1pidamente al sensacional guitarrista estadounidense que la utiliz\u00f3 a partir de los a\u00f1os 1980. Reconocido por sus gustos muy refinados en cuanto a instrumentos, Nile Rodgers demuestra una vez m\u00e1s con esta guitarra su conocimiento y apego al alma \u00fanica que poseen algunas piezas seleccionadas.<\/p>\n<p>Su cuerpo de arce deja ver la placa caracter\u00edstica de Gretsch, con la firma impresa y estilizada de su ilustre creador Chet Atkins, mientras que las oquedades permiten percibir la profundidad de la caja. La guitarra se completa con el inimitable vibrato Bigsby, inseparable de los modelos cl\u00e1sicos de la marca; adem\u00e1s, la 6120 adopta el esquema de incrustaciones t\u00edpico de marcadores en la parte superior del diapas\u00f3n desarrollado por Gretsch: el neocl\u00e1sico \u201c<em>thumbnail<\/em>\u201d.<\/p>\n<p>Esta guitarra m\u00edtica, que remite a las ra\u00edces ardientes del rock, se entrega con su estuche r\u00edgido original, llevando la inscripci\u00f3n de su prestigioso linaje: <em>Nile Rodgers Productions<\/em>.<\/p>\n","protected":false},"featured_media":18467,"comment_status":"open","ping_status":"closed","template":"","meta":{"_et_pb_use_builder":"","_et_pb_old_content":"","_et_gb_content_width":""},"product_brand":[],"product_cat":[659,652,655],"product_tag":[],"class_list":{"0":"post-18466","1":"product","2":"type-product","3":"status-publish","4":"has-post-thumbnail","6":"product_cat-guitarras-electricas","7":"product_cat-artistas","8":"product_cat-guitarras","9":"pa_artiste-nile-rodgers-es","10":"pa_disponibilite-en-venta","11":"pa_marque-gretsch-es","13":"first","14":"instock","15":"shipping-taxable","16":"purchasable","17":"product-type-simple"},"yoast_head":"<!-- This site is optimized with the Yoast SEO plugin v26.8 - https:\/\/yoast.com\/product\/yoast-seo-wordpress\/ -->\n<title>Gretsch 6120 Chet Atkins 1960 Ex Nile Rodgers \/ Chic - Matt&#039;s Guitar Shop<\/title>\n<meta name=\"description\" content=\"Buscando competir directamente con la asociaci\u00f3n entre Les Paul y Gibson, Gretsch decidi\u00f3 en 1954 desarrollar su primer modelo signature.\" \/>\n<meta name=\"robots\" content=\"index, follow, max-snippet:-1, max-image-preview:large, max-video-preview:-1\" \/>\n<link rel=\"canonical\" href=\"https:\/\/www.matts-guitar-shop.com\/es\/produit\/gretsch-6120-chet-atkins-1960-ex-nile-rodgers-chic\/\" \/>\n<meta property=\"og:locale\" content=\"es_ES\" \/>\n<meta property=\"og:type\" content=\"article\" \/>\n<meta property=\"og:title\" content=\"Gretsch 6120 Chet Atkins 1960 Ex Nile Rodgers \/ Chic - Matt&#039;s Guitar Shop\" \/>\n<meta property=\"og:description\" content=\"Buscando competir directamente con la asociaci\u00f3n entre Les Paul y Gibson, Gretsch decidi\u00f3 en 1954 desarrollar su primer modelo signature.\" \/>\n<meta property=\"og:url\" content=\"https:\/\/www.matts-guitar-shop.com\/es\/produit\/gretsch-6120-chet-atkins-1960-ex-nile-rodgers-chic\/\" \/>\n<meta property=\"og:site_name\" content=\"Matt&#039;s Guitar Shop\" \/>\n<meta property=\"article:publisher\" content=\"https:\/\/www.facebook.com\/profile.php?id=100044359842817\" \/>\n<meta property=\"article:modified_time\" content=\"2025-12-07T16:52:01+00:00\" \/>\n<meta property=\"og:image\" content=\"https:\/\/www.matts-guitar-shop.com\/wp-content\/uploads\/2024\/08\/Gretsch-6120-Chet-Atkins-1960-Ex-Nile-Rodgers-Chic-guitare-01.jpg\" \/>\n\t<meta property=\"og:image:width\" content=\"667\" \/>\n\t<meta property=\"og:image:height\" content=\"1000\" \/>\n\t<meta property=\"og:image:type\" content=\"image\/jpeg\" \/>\n<meta name=\"twitter:card\" content=\"summary_large_image\" \/>\n<meta name=\"twitter:label1\" content=\"Tiempo de lectura\" \/>\n\t<meta name=\"twitter:data1\" content=\"2 minutos\" \/>\n<script type=\"application\/ld+json\" class=\"yoast-schema-graph\">{\"@context\":\"https:\/\/schema.org\",\"@graph\":[{\"@type\":\"WebPage\",\"@id\":\"https:\/\/www.matts-guitar-shop.com\/es\/produit\/gretsch-6120-chet-atkins-1960-ex-nile-rodgers-chic\/\",\"url\":\"https:\/\/www.matts-guitar-shop.com\/es\/produit\/gretsch-6120-chet-atkins-1960-ex-nile-rodgers-chic\/\",\"name\":\"Gretsch 6120 Chet Atkins 1960 Ex Nile Rodgers \/ Chic - Matt&#039;s Guitar Shop\",\"isPartOf\":{\"@id\":\"https:\/\/www.matts-guitar-shop.com\/es\/#website\"},\"primaryImageOfPage\":{\"@id\":\"https:\/\/www.matts-guitar-shop.com\/es\/produit\/gretsch-6120-chet-atkins-1960-ex-nile-rodgers-chic\/#primaryimage\"},\"image\":{\"@id\":\"https:\/\/www.matts-guitar-shop.com\/es\/produit\/gretsch-6120-chet-atkins-1960-ex-nile-rodgers-chic\/#primaryimage\"},\"thumbnailUrl\":\"https:\/\/www.matts-guitar-shop.com\/wp-content\/uploads\/2024\/08\/Gretsch-6120-Chet-Atkins-1960-Ex-Nile-Rodgers-Chic-guitare-01.jpg\",\"datePublished\":\"2024-08-26T13:54:35+00:00\",\"dateModified\":\"2025-12-07T16:52:01+00:00\",\"description\":\"Buscando competir directamente con la asociaci\u00f3n entre Les Paul y Gibson, Gretsch decidi\u00f3 en 1954 desarrollar su primer modelo signature.\",\"breadcrumb\":{\"@id\":\"https:\/\/www.matts-guitar-shop.com\/es\/produit\/gretsch-6120-chet-atkins-1960-ex-nile-rodgers-chic\/#breadcrumb\"},\"inLanguage\":\"es\",\"potentialAction\":[{\"@type\":\"ReadAction\",\"target\":[\"https:\/\/www.matts-guitar-shop.com\/es\/produit\/gretsch-6120-chet-atkins-1960-ex-nile-rodgers-chic\/\"]}]},{\"@type\":\"ImageObject\",\"inLanguage\":\"es\",\"@id\":\"https:\/\/www.matts-guitar-shop.com\/es\/produit\/gretsch-6120-chet-atkins-1960-ex-nile-rodgers-chic\/#primaryimage\",\"url\":\"https:\/\/www.matts-guitar-shop.com\/wp-content\/uploads\/2024\/08\/Gretsch-6120-Chet-Atkins-1960-Ex-Nile-Rodgers-Chic-guitare-01.jpg\",\"contentUrl\":\"https:\/\/www.matts-guitar-shop.com\/wp-content\/uploads\/2024\/08\/Gretsch-6120-Chet-Atkins-1960-Ex-Nile-Rodgers-Chic-guitare-01.jpg\",\"width\":667,\"height\":1000},{\"@type\":\"BreadcrumbList\",\"@id\":\"https:\/\/www.matts-guitar-shop.com\/es\/produit\/gretsch-6120-chet-atkins-1960-ex-nile-rodgers-chic\/#breadcrumb\",\"itemListElement\":[{\"@type\":\"ListItem\",\"position\":1,\"name\":\"Inicio\",\"item\":\"https:\/\/www.matts-guitar-shop.com\/es\/\"},{\"@type\":\"ListItem\",\"position\":2,\"name\":\"Tienda\",\"item\":\"https:\/\/www.matts-guitar-shop.com\/es\/tienda\/\"},{\"@type\":\"ListItem\",\"position\":3,\"name\":\"Gretsch 6120 Chet Atkins 1960 Ex Nile Rodgers \/ Chic\"}]},{\"@type\":\"WebSite\",\"@id\":\"https:\/\/www.matts-guitar-shop.com\/es\/#website\",\"url\":\"https:\/\/www.matts-guitar-shop.com\/es\/\",\"name\":\"matts-guitar-shop.com\",\"description\":\"Guitar Shop\",\"publisher\":{\"@id\":\"https:\/\/www.matts-guitar-shop.com\/es\/#organization\"},\"potentialAction\":[{\"@type\":\"SearchAction\",\"target\":{\"@type\":\"EntryPoint\",\"urlTemplate\":\"https:\/\/www.matts-guitar-shop.com\/es\/?s={search_term_string}\"},\"query-input\":{\"@type\":\"PropertyValueSpecification\",\"valueRequired\":true,\"valueName\":\"search_term_string\"}}],\"inLanguage\":\"es\"},{\"@type\":\"Organization\",\"@id\":\"https:\/\/www.matts-guitar-shop.com\/es\/#organization\",\"name\":\"matts-guitar-shop.com\",\"url\":\"https:\/\/www.matts-guitar-shop.com\/es\/\",\"logo\":{\"@type\":\"ImageObject\",\"inLanguage\":\"es\",\"@id\":\"https:\/\/www.matts-guitar-shop.com\/es\/#\/schema\/logo\/image\/\",\"url\":\"https:\/\/www.matts-guitar-shop.com\/wp-content\/uploads\/2024\/09\/MGS-logo-site-02.png\",\"contentUrl\":\"https:\/\/www.matts-guitar-shop.com\/wp-content\/uploads\/2024\/09\/MGS-logo-site-02.png\",\"width\":200,\"height\":122,\"caption\":\"matts-guitar-shop.com\"},\"image\":{\"@id\":\"https:\/\/www.matts-guitar-shop.com\/es\/#\/schema\/logo\/image\/\"},\"sameAs\":[\"https:\/\/www.facebook.com\/profile.php?id=100044359842817\",\"https:\/\/www.instagram.com\/mattsguitarshop\/\",\"https:\/\/www.youtube.com\/@MattLucasMan\/videos\"]}]}<\/script>\n<!-- \/ Yoast SEO plugin. -->","yoast_head_json":{"title":"Gretsch 6120 Chet Atkins 1960 Ex Nile Rodgers \/ Chic - Matt&#039;s Guitar Shop","description":"Buscando competir directamente con la asociaci\u00f3n entre Les Paul y Gibson, Gretsch decidi\u00f3 en 1954 desarrollar su primer modelo signature.","robots":{"index":"index","follow":"follow","max-snippet":"max-snippet:-1","max-image-preview":"max-image-preview:large","max-video-preview":"max-video-preview:-1"},"canonical":"https:\/\/www.matts-guitar-shop.com\/es\/produit\/gretsch-6120-chet-atkins-1960-ex-nile-rodgers-chic\/","og_locale":"es_ES","og_type":"article","og_title":"Gretsch 6120 Chet Atkins 1960 Ex Nile Rodgers \/ Chic - Matt&#039;s Guitar Shop","og_description":"Buscando competir directamente con la asociaci\u00f3n entre Les Paul y Gibson, Gretsch decidi\u00f3 en 1954 desarrollar su primer modelo signature.","og_url":"https:\/\/www.matts-guitar-shop.com\/es\/produit\/gretsch-6120-chet-atkins-1960-ex-nile-rodgers-chic\/","og_site_name":"Matt&#039;s Guitar Shop","article_publisher":"https:\/\/www.facebook.com\/profile.php?id=100044359842817","article_modified_time":"2025-12-07T16:52:01+00:00","og_image":[{"width":667,"height":1000,"url":"https:\/\/www.matts-guitar-shop.com\/wp-content\/uploads\/2024\/08\/Gretsch-6120-Chet-Atkins-1960-Ex-Nile-Rodgers-Chic-guitare-01.jpg","type":"image\/jpeg"}],"twitter_card":"summary_large_image","twitter_misc":{"Tiempo de lectura":"2 minutos"},"schema":{"@context":"https:\/\/schema.org","@graph":[{"@type":"WebPage","@id":"https:\/\/www.matts-guitar-shop.com\/es\/produit\/gretsch-6120-chet-atkins-1960-ex-nile-rodgers-chic\/","url":"https:\/\/www.matts-guitar-shop.com\/es\/produit\/gretsch-6120-chet-atkins-1960-ex-nile-rodgers-chic\/","name":"Gretsch 6120 Chet Atkins 1960 Ex Nile Rodgers \/ Chic - Matt&#039;s Guitar Shop","isPartOf":{"@id":"https:\/\/www.matts-guitar-shop.com\/es\/#website"},"primaryImageOfPage":{"@id":"https:\/\/www.matts-guitar-shop.com\/es\/produit\/gretsch-6120-chet-atkins-1960-ex-nile-rodgers-chic\/#primaryimage"},"image":{"@id":"https:\/\/www.matts-guitar-shop.com\/es\/produit\/gretsch-6120-chet-atkins-1960-ex-nile-rodgers-chic\/#primaryimage"},"thumbnailUrl":"https:\/\/www.matts-guitar-shop.com\/wp-content\/uploads\/2024\/08\/Gretsch-6120-Chet-Atkins-1960-Ex-Nile-Rodgers-Chic-guitare-01.jpg","datePublished":"2024-08-26T13:54:35+00:00","dateModified":"2025-12-07T16:52:01+00:00","description":"Buscando competir directamente con la asociaci\u00f3n entre Les Paul y Gibson, Gretsch decidi\u00f3 en 1954 desarrollar su primer modelo signature.","breadcrumb":{"@id":"https:\/\/www.matts-guitar-shop.com\/es\/produit\/gretsch-6120-chet-atkins-1960-ex-nile-rodgers-chic\/#breadcrumb"},"inLanguage":"es","potentialAction":[{"@type":"ReadAction","target":["https:\/\/www.matts-guitar-shop.com\/es\/produit\/gretsch-6120-chet-atkins-1960-ex-nile-rodgers-chic\/"]}]},{"@type":"ImageObject","inLanguage":"es","@id":"https:\/\/www.matts-guitar-shop.com\/es\/produit\/gretsch-6120-chet-atkins-1960-ex-nile-rodgers-chic\/#primaryimage","url":"https:\/\/www.matts-guitar-shop.com\/wp-content\/uploads\/2024\/08\/Gretsch-6120-Chet-Atkins-1960-Ex-Nile-Rodgers-Chic-guitare-01.jpg","contentUrl":"https:\/\/www.matts-guitar-shop.com\/wp-content\/uploads\/2024\/08\/Gretsch-6120-Chet-Atkins-1960-Ex-Nile-Rodgers-Chic-guitare-01.jpg","width":667,"height":1000},{"@type":"BreadcrumbList","@id":"https:\/\/www.matts-guitar-shop.com\/es\/produit\/gretsch-6120-chet-atkins-1960-ex-nile-rodgers-chic\/#breadcrumb","itemListElement":[{"@type":"ListItem","position":1,"name":"Inicio","item":"https:\/\/www.matts-guitar-shop.com\/es\/"},{"@type":"ListItem","position":2,"name":"Tienda","item":"https:\/\/www.matts-guitar-shop.com\/es\/tienda\/"},{"@type":"ListItem","position":3,"name":"Gretsch 6120 Chet Atkins 1960 Ex Nile Rodgers \/ Chic"}]},{"@type":"WebSite","@id":"https:\/\/www.matts-guitar-shop.com\/es\/#website","url":"https:\/\/www.matts-guitar-shop.com\/es\/","name":"matts-guitar-shop.com","description":"Guitar Shop","publisher":{"@id":"https:\/\/www.matts-guitar-shop.com\/es\/#organization"},"potentialAction":[{"@type":"SearchAction","target":{"@type":"EntryPoint","urlTemplate":"https:\/\/www.matts-guitar-shop.com\/es\/?s={search_term_string}"},"query-input":{"@type":"PropertyValueSpecification","valueRequired":true,"valueName":"search_term_string"}}],"inLanguage":"es"},{"@type":"Organization","@id":"https:\/\/www.matts-guitar-shop.com\/es\/#organization","name":"matts-guitar-shop.com","url":"https:\/\/www.matts-guitar-shop.com\/es\/","logo":{"@type":"ImageObject","inLanguage":"es","@id":"https:\/\/www.matts-guitar-shop.com\/es\/#\/schema\/logo\/image\/","url":"https:\/\/www.matts-guitar-shop.com\/wp-content\/uploads\/2024\/09\/MGS-logo-site-02.png","contentUrl":"https:\/\/www.matts-guitar-shop.com\/wp-content\/uploads\/2024\/09\/MGS-logo-site-02.png","width":200,"height":122,"caption":"matts-guitar-shop.com"},"image":{"@id":"https:\/\/www.matts-guitar-shop.com\/es\/#\/schema\/logo\/image\/"},"sameAs":["https:\/\/www.facebook.com\/profile.php?id=100044359842817","https:\/\/www.instagram.com\/mattsguitarshop\/","https:\/\/www.youtube.com\/@MattLucasMan\/videos"]}]}},"_links":{"self":[{"href":"https:\/\/www.matts-guitar-shop.com\/es\/wp-json\/wp\/v2\/product\/18466","targetHints":{"allow":["GET"]}}],"collection":[{"href":"https:\/\/www.matts-guitar-shop.com\/es\/wp-json\/wp\/v2\/product"}],"about":[{"href":"https:\/\/www.matts-guitar-shop.com\/es\/wp-json\/wp\/v2\/types\/product"}],"replies":[{"embeddable":true,"href":"https:\/\/www.matts-guitar-shop.com\/es\/wp-json\/wp\/v2\/comments?post=18466"}],"wp:featuredmedia":[{"embeddable":true,"href":"https:\/\/www.matts-guitar-shop.com\/es\/wp-json\/wp\/v2\/media\/18467"}],"wp:attachment":[{"href":"https:\/\/www.matts-guitar-shop.com\/es\/wp-json\/wp\/v2\/media?parent=18466"}],"wp:term":[{"taxonomy":"product_brand","embeddable":true,"href":"https:\/\/www.matts-guitar-shop.com\/es\/wp-json\/wp\/v2\/product_brand?post=18466"},{"taxonomy":"product_cat","embeddable":true,"href":"https:\/\/www.matts-guitar-shop.com\/es\/wp-json\/wp\/v2\/product_cat?post=18466"},{"taxonomy":"product_tag","embeddable":true,"href":"https:\/\/www.matts-guitar-shop.com\/es\/wp-json\/wp\/v2\/product_tag?post=18466"}],"curies":[{"name":"wp","href":"https:\/\/api.w.org\/{rel}","templated":true}]}}