{"id":18455,"date":"2024-08-26T15:42:15","date_gmt":"2024-08-26T13:42:15","guid":{"rendered":"https:\/\/www.matts-guitar-shop.com\/produit\/retsch-custom-shop-stephen-stern-construido-falcon-mayura-hecha-a-medida-para-scott-holiday-rival-sons-usada-en-estudio-y-giras\/"},"modified":"2025-10-29T18:08:58","modified_gmt":"2025-10-29T17:08:58","slug":"retsch-custom-shop-stephen-stern-construido-falcon-mayura-hecha-a-medida-para-scott-holiday-rival-sons-usada-en-estudio-y-giras","status":"publish","type":"product","link":"https:\/\/www.matts-guitar-shop.com\/es\/produit\/retsch-custom-shop-stephen-stern-construido-falcon-mayura-hecha-a-medida-para-scott-holiday-rival-sons-usada-en-estudio-y-giras\/","title":{"rendered":"retsch Custom Shop Stephen Stern construido Falcon \u2013 \u00abMayura\u00bb \u2013 Hecha a medida para Scott Holiday (Rival Sons), usada en estudio y giras"},"content":{"rendered":"<p>Scott Holiday<\/p>\n","protected":false},"excerpt":{"rendered":"<p>Descubra esta impresionante <strong>Gretsch Falcon Custom Built por Stephen Stern<\/strong>, el master builder estrella del Custom Shop de Gretsch, fabricada especialmente para <strong>Scott Holiday<\/strong> de <strong>Rival Sons<\/strong>. Creada con toda la astucia, inventiva y estilo del exc\u00e9ntrico guitarrista, esta Falcon \u00fanica en su g\u00e9nero revela sus secretos y su magia tras su acabado sunburst con purpurina.<\/p>\n<p>Homenaje magn\u00edfico a los modelos hist\u00f3ricos de Gretsch, esta guitarra recoge tanto referencias a la carrera de Scott Holiday como a la marca estadounidense. Basada en la Falcon, aqu\u00ed se presenta bajo el emblema de otro ave: el pavo real, ave sagrada en la cultura hind\u00fa. Por ello se le ha apodado \u00ab<strong>Mayura<\/strong>\u00ab, t\u00e9rmino s\u00e1nscrito para designar al majestuoso ave cuyos detalles se encuentran en varios puntos de la guitarra. Desde el pickguard hasta el diapas\u00f3n, pasando por la pala, el pavo real vuelve a aparecer, marcando esta guitarra con su impronta. Pero si esta Falcon \u00abMayura\u00bb es excepcional, tambi\u00e9n lo es por sus particularidades muy \u00abal estilo Scott\u00bb. \u00c9l, que lleva como talism\u00e1n un tejido mexicano con motivos de concierto de gira en gira, quiso que su motivo favorito apareciera en la tapa del instrumento, bajo el acabado sunburst con purpurina. La guitarra relicada magistralmente por Stephen Stern muestra as\u00ed dos acabados complementarios excepcionales, que elevan esta guitarra de una bonita Falcon a un instrumento est\u00e9ticamente asombroso.<\/p>\n<p>M\u00e1s all\u00e1 de su aspecto exc\u00e9ntrico, Scott Holiday tambi\u00e9n es conocido por ser un guitarrista exigente y vers\u00e1til en su t\u00e9cnica y estilo. Esta Falcon est\u00e1 equipada con pastillas especiales fabricadas por <strong>TV Jones<\/strong> a pedido de Scott Holiday: se encuentran tres en lugar de las dos cl\u00e1sicas en este tipo de modelo, adem\u00e1s de sus diferentes switches para ofrecerle una gran versatilidad.<\/p>\n<p>Esta guitarra fue ampliamente utilizada por Scott Holiday <strong>en estudio<\/strong> con los Rival Sons durante la composici\u00f3n y grabaci\u00f3n de los dos \u00e1lbumes \u00ab<em>DarkFighter<\/em>\u00bb (2023) y \u00ab<em>Lightbringer<\/em>\u00bb (2023). Tambi\u00e9n se ha tocado <strong>en gira<\/strong>, especialmente en las canciones \u00ab<em>Bird in The Hand<\/em>\u00ab, \u00ab<em>Horses Breath<\/em>\u00ab, \u00ab<em>Redemption<\/em>\u00bb y \u00ab<em>SweetLife<\/em>\u00ab. Este instrumento clave en la historia reciente de los Rival Sons viene acompa\u00f1ado de un certificado de autenticidad firmado por Scott Holiday que detalla su magn\u00edfica historia.<\/p>\n","protected":false},"featured_media":18456,"comment_status":"open","ping_status":"closed","template":"","meta":{"_et_pb_use_builder":"","_et_pb_old_content":"","_et_gb_content_width":""},"product_brand":[],"product_cat":[654,659,652,655],"product_tag":[],"class_list":{"0":"post-18455","1":"product","2":"type-product","3":"status-publish","4":"has-post-thumbnail","6":"product_cat-vendidos","7":"product_cat-guitarras-electricas","8":"product_cat-artistas","9":"product_cat-guitarras","10":"pa_artiste-scott-holiday-es","11":"pa_disponibilite-vendido","12":"pa_marque-gretsch-es","14":"first","15":"outofstock","16":"shipping-taxable","17":"purchasable","18":"product-type-simple"},"yoast_head":"<!-- This site is optimized with the Yoast SEO plugin v26.8 - https:\/\/yoast.com\/product\/yoast-seo-wordpress\/ -->\n<title>retsch Custom Shop Stephen Stern construido Falcon \u2013 &quot;Mayura&quot; \u2013 Hecha a medida para Scott Holiday (Rival Sons), usada en estudio y giras - Matt&#039;s Guitar Shop<\/title>\n<meta name=\"description\" content=\"Descubre esta impresionante Gretsch Falcon Custom construida por Stephen Stern, el maestro constructor del Custom Shop de Gretsch.\" \/>\n<meta name=\"robots\" content=\"index, follow, max-snippet:-1, max-image-preview:large, max-video-preview:-1\" \/>\n<link rel=\"canonical\" href=\"https:\/\/www.matts-guitar-shop.com\/es\/produit\/retsch-custom-shop-stephen-stern-construido-falcon-mayura-hecha-a-medida-para-scott-holiday-rival-sons-usada-en-estudio-y-giras\/\" \/>\n<meta property=\"og:locale\" content=\"es_ES\" \/>\n<meta property=\"og:type\" content=\"article\" \/>\n<meta property=\"og:title\" content=\"retsch Custom Shop Stephen Stern construido Falcon \u2013 &quot;Mayura&quot; \u2013 Hecha a medida para Scott Holiday (Rival Sons), usada en estudio y giras - Matt&#039;s Guitar Shop\" \/>\n<meta property=\"og:description\" content=\"Descubre esta impresionante Gretsch Falcon Custom construida por Stephen Stern, el maestro constructor del Custom Shop de Gretsch.\" \/>\n<meta property=\"og:url\" content=\"https:\/\/www.matts-guitar-shop.com\/es\/produit\/retsch-custom-shop-stephen-stern-construido-falcon-mayura-hecha-a-medida-para-scott-holiday-rival-sons-usada-en-estudio-y-giras\/\" \/>\n<meta property=\"og:site_name\" content=\"Matt&#039;s Guitar Shop\" \/>\n<meta property=\"article:publisher\" content=\"https:\/\/www.facebook.com\/profile.php?id=100044359842817\" \/>\n<meta property=\"article:modified_time\" content=\"2025-10-29T17:08:58+00:00\" \/>\n<meta property=\"og:image\" content=\"https:\/\/www.matts-guitar-shop.com\/wp-content\/uploads\/2024\/08\/Gretsch-Custom-Shop-Stephen-Stern-Built-Falcon-Mayura-Scott-Holiday-0-01.jpg\" \/>\n\t<meta property=\"og:image:width\" content=\"667\" \/>\n\t<meta property=\"og:image:height\" content=\"1000\" \/>\n\t<meta property=\"og:image:type\" content=\"image\/jpeg\" \/>\n<meta name=\"twitter:card\" content=\"summary_large_image\" \/>\n<script type=\"application\/ld+json\" class=\"yoast-schema-graph\">{\"@context\":\"https:\/\/schema.org\",\"@graph\":[{\"@type\":\"WebPage\",\"@id\":\"https:\/\/www.matts-guitar-shop.com\/es\/produit\/retsch-custom-shop-stephen-stern-construido-falcon-mayura-hecha-a-medida-para-scott-holiday-rival-sons-usada-en-estudio-y-giras\/\",\"url\":\"https:\/\/www.matts-guitar-shop.com\/es\/produit\/retsch-custom-shop-stephen-stern-construido-falcon-mayura-hecha-a-medida-para-scott-holiday-rival-sons-usada-en-estudio-y-giras\/\",\"name\":\"retsch Custom Shop Stephen Stern construido Falcon \u2013 \\\"Mayura\\\" \u2013 Hecha a medida para Scott Holiday (Rival Sons), usada en estudio y giras - Matt&#039;s Guitar Shop\",\"isPartOf\":{\"@id\":\"https:\/\/www.matts-guitar-shop.com\/es\/#website\"},\"primaryImageOfPage\":{\"@id\":\"https:\/\/www.matts-guitar-shop.com\/es\/produit\/retsch-custom-shop-stephen-stern-construido-falcon-mayura-hecha-a-medida-para-scott-holiday-rival-sons-usada-en-estudio-y-giras\/#primaryimage\"},\"image\":{\"@id\":\"https:\/\/www.matts-guitar-shop.com\/es\/produit\/retsch-custom-shop-stephen-stern-construido-falcon-mayura-hecha-a-medida-para-scott-holiday-rival-sons-usada-en-estudio-y-giras\/#primaryimage\"},\"thumbnailUrl\":\"https:\/\/www.matts-guitar-shop.com\/wp-content\/uploads\/2024\/08\/Gretsch-Custom-Shop-Stephen-Stern-Built-Falcon-Mayura-Scott-Holiday-0-01.jpg\",\"datePublished\":\"2024-08-26T13:42:15+00:00\",\"dateModified\":\"2025-10-29T17:08:58+00:00\",\"description\":\"Descubre esta impresionante Gretsch Falcon Custom construida por Stephen Stern, el maestro constructor del Custom Shop de Gretsch.\",\"breadcrumb\":{\"@id\":\"https:\/\/www.matts-guitar-shop.com\/es\/produit\/retsch-custom-shop-stephen-stern-construido-falcon-mayura-hecha-a-medida-para-scott-holiday-rival-sons-usada-en-estudio-y-giras\/#breadcrumb\"},\"inLanguage\":\"es\",\"potentialAction\":[{\"@type\":\"ReadAction\",\"target\":[\"https:\/\/www.matts-guitar-shop.com\/es\/produit\/retsch-custom-shop-stephen-stern-construido-falcon-mayura-hecha-a-medida-para-scott-holiday-rival-sons-usada-en-estudio-y-giras\/\"]}]},{\"@type\":\"ImageObject\",\"inLanguage\":\"es\",\"@id\":\"https:\/\/www.matts-guitar-shop.com\/es\/produit\/retsch-custom-shop-stephen-stern-construido-falcon-mayura-hecha-a-medida-para-scott-holiday-rival-sons-usada-en-estudio-y-giras\/#primaryimage\",\"url\":\"https:\/\/www.matts-guitar-shop.com\/wp-content\/uploads\/2024\/08\/Gretsch-Custom-Shop-Stephen-Stern-Built-Falcon-Mayura-Scott-Holiday-0-01.jpg\",\"contentUrl\":\"https:\/\/www.matts-guitar-shop.com\/wp-content\/uploads\/2024\/08\/Gretsch-Custom-Shop-Stephen-Stern-Built-Falcon-Mayura-Scott-Holiday-0-01.jpg\",\"width\":667,\"height\":1000},{\"@type\":\"BreadcrumbList\",\"@id\":\"https:\/\/www.matts-guitar-shop.com\/es\/produit\/retsch-custom-shop-stephen-stern-construido-falcon-mayura-hecha-a-medida-para-scott-holiday-rival-sons-usada-en-estudio-y-giras\/#breadcrumb\",\"itemListElement\":[{\"@type\":\"ListItem\",\"position\":1,\"name\":\"Inicio\",\"item\":\"https:\/\/www.matts-guitar-shop.com\/es\/\"},{\"@type\":\"ListItem\",\"position\":2,\"name\":\"Tienda\",\"item\":\"https:\/\/www.matts-guitar-shop.com\/es\/tienda\/\"},{\"@type\":\"ListItem\",\"position\":3,\"name\":\"retsch Custom Shop Stephen Stern construido Falcon \u2013 \u00abMayura\u00bb \u2013 Hecha a medida para Scott Holiday (Rival Sons), usada en estudio y giras\"}]},{\"@type\":\"WebSite\",\"@id\":\"https:\/\/www.matts-guitar-shop.com\/es\/#website\",\"url\":\"https:\/\/www.matts-guitar-shop.com\/es\/\",\"name\":\"matts-guitar-shop.com\",\"description\":\"Guitar Shop\",\"publisher\":{\"@id\":\"https:\/\/www.matts-guitar-shop.com\/es\/#organization\"},\"potentialAction\":[{\"@type\":\"SearchAction\",\"target\":{\"@type\":\"EntryPoint\",\"urlTemplate\":\"https:\/\/www.matts-guitar-shop.com\/es\/?s={search_term_string}\"},\"query-input\":{\"@type\":\"PropertyValueSpecification\",\"valueRequired\":true,\"valueName\":\"search_term_string\"}}],\"inLanguage\":\"es\"},{\"@type\":\"Organization\",\"@id\":\"https:\/\/www.matts-guitar-shop.com\/es\/#organization\",\"name\":\"matts-guitar-shop.com\",\"url\":\"https:\/\/www.matts-guitar-shop.com\/es\/\",\"logo\":{\"@type\":\"ImageObject\",\"inLanguage\":\"es\",\"@id\":\"https:\/\/www.matts-guitar-shop.com\/es\/#\/schema\/logo\/image\/\",\"url\":\"https:\/\/www.matts-guitar-shop.com\/wp-content\/uploads\/2024\/09\/MGS-logo-site-02.png\",\"contentUrl\":\"https:\/\/www.matts-guitar-shop.com\/wp-content\/uploads\/2024\/09\/MGS-logo-site-02.png\",\"width\":200,\"height\":122,\"caption\":\"matts-guitar-shop.com\"},\"image\":{\"@id\":\"https:\/\/www.matts-guitar-shop.com\/es\/#\/schema\/logo\/image\/\"},\"sameAs\":[\"https:\/\/www.facebook.com\/profile.php?id=100044359842817\",\"https:\/\/www.instagram.com\/mattsguitarshop\/\",\"https:\/\/www.youtube.com\/@MattLucasMan\/videos\"]}]}<\/script>\n<!-- \/ Yoast SEO plugin. -->","yoast_head_json":{"title":"retsch Custom Shop Stephen Stern construido Falcon \u2013 \"Mayura\" \u2013 Hecha a medida para Scott Holiday (Rival Sons), usada en estudio y giras - Matt&#039;s Guitar Shop","description":"Descubre esta impresionante Gretsch Falcon Custom construida por Stephen Stern, el maestro constructor del Custom Shop de Gretsch.","robots":{"index":"index","follow":"follow","max-snippet":"max-snippet:-1","max-image-preview":"max-image-preview:large","max-video-preview":"max-video-preview:-1"},"canonical":"https:\/\/www.matts-guitar-shop.com\/es\/produit\/retsch-custom-shop-stephen-stern-construido-falcon-mayura-hecha-a-medida-para-scott-holiday-rival-sons-usada-en-estudio-y-giras\/","og_locale":"es_ES","og_type":"article","og_title":"retsch Custom Shop Stephen Stern construido Falcon \u2013 \"Mayura\" \u2013 Hecha a medida para Scott Holiday (Rival Sons), usada en estudio y giras - Matt&#039;s Guitar Shop","og_description":"Descubre esta impresionante Gretsch Falcon Custom construida por Stephen Stern, el maestro constructor del Custom Shop de Gretsch.","og_url":"https:\/\/www.matts-guitar-shop.com\/es\/produit\/retsch-custom-shop-stephen-stern-construido-falcon-mayura-hecha-a-medida-para-scott-holiday-rival-sons-usada-en-estudio-y-giras\/","og_site_name":"Matt&#039;s Guitar Shop","article_publisher":"https:\/\/www.facebook.com\/profile.php?id=100044359842817","article_modified_time":"2025-10-29T17:08:58+00:00","og_image":[{"width":667,"height":1000,"url":"https:\/\/www.matts-guitar-shop.com\/wp-content\/uploads\/2024\/08\/Gretsch-Custom-Shop-Stephen-Stern-Built-Falcon-Mayura-Scott-Holiday-0-01.jpg","type":"image\/jpeg"}],"twitter_card":"summary_large_image","schema":{"@context":"https:\/\/schema.org","@graph":[{"@type":"WebPage","@id":"https:\/\/www.matts-guitar-shop.com\/es\/produit\/retsch-custom-shop-stephen-stern-construido-falcon-mayura-hecha-a-medida-para-scott-holiday-rival-sons-usada-en-estudio-y-giras\/","url":"https:\/\/www.matts-guitar-shop.com\/es\/produit\/retsch-custom-shop-stephen-stern-construido-falcon-mayura-hecha-a-medida-para-scott-holiday-rival-sons-usada-en-estudio-y-giras\/","name":"retsch Custom Shop Stephen Stern construido Falcon \u2013 \"Mayura\" \u2013 Hecha a medida para Scott Holiday (Rival Sons), usada en estudio y giras - Matt&#039;s Guitar Shop","isPartOf":{"@id":"https:\/\/www.matts-guitar-shop.com\/es\/#website"},"primaryImageOfPage":{"@id":"https:\/\/www.matts-guitar-shop.com\/es\/produit\/retsch-custom-shop-stephen-stern-construido-falcon-mayura-hecha-a-medida-para-scott-holiday-rival-sons-usada-en-estudio-y-giras\/#primaryimage"},"image":{"@id":"https:\/\/www.matts-guitar-shop.com\/es\/produit\/retsch-custom-shop-stephen-stern-construido-falcon-mayura-hecha-a-medida-para-scott-holiday-rival-sons-usada-en-estudio-y-giras\/#primaryimage"},"thumbnailUrl":"https:\/\/www.matts-guitar-shop.com\/wp-content\/uploads\/2024\/08\/Gretsch-Custom-Shop-Stephen-Stern-Built-Falcon-Mayura-Scott-Holiday-0-01.jpg","datePublished":"2024-08-26T13:42:15+00:00","dateModified":"2025-10-29T17:08:58+00:00","description":"Descubre esta impresionante Gretsch Falcon Custom construida por Stephen Stern, el maestro constructor del Custom Shop de Gretsch.","breadcrumb":{"@id":"https:\/\/www.matts-guitar-shop.com\/es\/produit\/retsch-custom-shop-stephen-stern-construido-falcon-mayura-hecha-a-medida-para-scott-holiday-rival-sons-usada-en-estudio-y-giras\/#breadcrumb"},"inLanguage":"es","potentialAction":[{"@type":"ReadAction","target":["https:\/\/www.matts-guitar-shop.com\/es\/produit\/retsch-custom-shop-stephen-stern-construido-falcon-mayura-hecha-a-medida-para-scott-holiday-rival-sons-usada-en-estudio-y-giras\/"]}]},{"@type":"ImageObject","inLanguage":"es","@id":"https:\/\/www.matts-guitar-shop.com\/es\/produit\/retsch-custom-shop-stephen-stern-construido-falcon-mayura-hecha-a-medida-para-scott-holiday-rival-sons-usada-en-estudio-y-giras\/#primaryimage","url":"https:\/\/www.matts-guitar-shop.com\/wp-content\/uploads\/2024\/08\/Gretsch-Custom-Shop-Stephen-Stern-Built-Falcon-Mayura-Scott-Holiday-0-01.jpg","contentUrl":"https:\/\/www.matts-guitar-shop.com\/wp-content\/uploads\/2024\/08\/Gretsch-Custom-Shop-Stephen-Stern-Built-Falcon-Mayura-Scott-Holiday-0-01.jpg","width":667,"height":1000},{"@type":"BreadcrumbList","@id":"https:\/\/www.matts-guitar-shop.com\/es\/produit\/retsch-custom-shop-stephen-stern-construido-falcon-mayura-hecha-a-medida-para-scott-holiday-rival-sons-usada-en-estudio-y-giras\/#breadcrumb","itemListElement":[{"@type":"ListItem","position":1,"name":"Inicio","item":"https:\/\/www.matts-guitar-shop.com\/es\/"},{"@type":"ListItem","position":2,"name":"Tienda","item":"https:\/\/www.matts-guitar-shop.com\/es\/tienda\/"},{"@type":"ListItem","position":3,"name":"retsch Custom Shop Stephen Stern construido Falcon \u2013 \u00abMayura\u00bb \u2013 Hecha a medida para Scott Holiday (Rival Sons), usada en estudio y giras"}]},{"@type":"WebSite","@id":"https:\/\/www.matts-guitar-shop.com\/es\/#website","url":"https:\/\/www.matts-guitar-shop.com\/es\/","name":"matts-guitar-shop.com","description":"Guitar Shop","publisher":{"@id":"https:\/\/www.matts-guitar-shop.com\/es\/#organization"},"potentialAction":[{"@type":"SearchAction","target":{"@type":"EntryPoint","urlTemplate":"https:\/\/www.matts-guitar-shop.com\/es\/?s={search_term_string}"},"query-input":{"@type":"PropertyValueSpecification","valueRequired":true,"valueName":"search_term_string"}}],"inLanguage":"es"},{"@type":"Organization","@id":"https:\/\/www.matts-guitar-shop.com\/es\/#organization","name":"matts-guitar-shop.com","url":"https:\/\/www.matts-guitar-shop.com\/es\/","logo":{"@type":"ImageObject","inLanguage":"es","@id":"https:\/\/www.matts-guitar-shop.com\/es\/#\/schema\/logo\/image\/","url":"https:\/\/www.matts-guitar-shop.com\/wp-content\/uploads\/2024\/09\/MGS-logo-site-02.png","contentUrl":"https:\/\/www.matts-guitar-shop.com\/wp-content\/uploads\/2024\/09\/MGS-logo-site-02.png","width":200,"height":122,"caption":"matts-guitar-shop.com"},"image":{"@id":"https:\/\/www.matts-guitar-shop.com\/es\/#\/schema\/logo\/image\/"},"sameAs":["https:\/\/www.facebook.com\/profile.php?id=100044359842817","https:\/\/www.instagram.com\/mattsguitarshop\/","https:\/\/www.youtube.com\/@MattLucasMan\/videos"]}]}},"_links":{"self":[{"href":"https:\/\/www.matts-guitar-shop.com\/es\/wp-json\/wp\/v2\/product\/18455","targetHints":{"allow":["GET"]}}],"collection":[{"href":"https:\/\/www.matts-guitar-shop.com\/es\/wp-json\/wp\/v2\/product"}],"about":[{"href":"https:\/\/www.matts-guitar-shop.com\/es\/wp-json\/wp\/v2\/types\/product"}],"replies":[{"embeddable":true,"href":"https:\/\/www.matts-guitar-shop.com\/es\/wp-json\/wp\/v2\/comments?post=18455"}],"wp:featuredmedia":[{"embeddable":true,"href":"https:\/\/www.matts-guitar-shop.com\/es\/wp-json\/wp\/v2\/media\/18456"}],"wp:attachment":[{"href":"https:\/\/www.matts-guitar-shop.com\/es\/wp-json\/wp\/v2\/media?parent=18455"}],"wp:term":[{"taxonomy":"product_brand","embeddable":true,"href":"https:\/\/www.matts-guitar-shop.com\/es\/wp-json\/wp\/v2\/product_brand?post=18455"},{"taxonomy":"product_cat","embeddable":true,"href":"https:\/\/www.matts-guitar-shop.com\/es\/wp-json\/wp\/v2\/product_cat?post=18455"},{"taxonomy":"product_tag","embeddable":true,"href":"https:\/\/www.matts-guitar-shop.com\/es\/wp-json\/wp\/v2\/product_tag?post=18455"}],"curies":[{"name":"wp","href":"https:\/\/api.w.org\/{rel}","templated":true}]}}