{"id":18441,"date":"2024-08-26T15:27:33","date_gmt":"2024-08-26T13:27:33","guid":{"rendered":"https:\/\/www.matts-guitar-shop.com\/produit\/gretsch-the-monkees-cheap-trick-1967\/"},"modified":"2024-08-26T15:27:33","modified_gmt":"2024-08-26T13:27:33","slug":"gretsch-the-monkees-cheap-trick-1967","status":"publish","type":"product","link":"https:\/\/www.matts-guitar-shop.com\/es\/produit\/gretsch-the-monkees-cheap-trick-1967\/","title":{"rendered":"Gretsch The Monkees Cheap Trick 1967"},"content":{"rendered":"<p>Gretsch The Monkees Cheap Trick 1967<\/p>\n","protected":false},"excerpt":{"rendered":"<p><strong>A finales de 1964, un joven director llamado Bob Rafelson decidi\u00f3 realizar un videoclip para la televisi\u00f3n fuertemente inspirado en la exitosa pel\u00edcula de los Beatles: A Hard Day\u2019s Night. El joven director y su socio de la \u00e9poca publicaron un anuncio para encontrar \u00abcuatro chicos locos\u00bb y as\u00ed eligieron a cuatro j\u00f3venes llamados Michael Nesmith, Micky Dolenz, Davy Jones y Peter Torklesson.<\/strong><\/p>\n<p>Desde sus primeras emisiones, la serie tuvo un \u00e9xito enorme y las canciones procedentes de la serie dieron lugar a videoclips que mostraban a los Monkees en acci\u00f3n.<\/p>\n<p>Con el \u00e9xito colosal del grupo, Gretsch decidi\u00f3 crear un modelo signature \u00abThe Monkees\u00bb para asociarse con la imagen de la banda. Este modelo permaneci\u00f3 en producci\u00f3n muy poco tiempo y dej\u00f3 de fabricarse en 1970, cuando el grupo se separ\u00f3. Este magn\u00edfico ejemplar est\u00e1 firmado en el pickguard por Micky Dolenz y tiene la particularidad de haber sido tocado por Rick Nielsen, de Cheap Trick, en el videoclip grabado para el \u00faltimo \u00e1lbum hasta la fecha del grupo. Tambi\u00e9n podemos ver el instrumento en la foto de portada de dicho \u00e1lbum, siendo Rick Nielsen probablemente fan de una banda que marc\u00f3 la leyenda con cinco discos, \u00a1cuatro de los cuales terminaron en el n\u00famero uno de las listas!<\/p>\n<p><strong>\u00a1Amantes de la Monkeemania, esta guitarra es para vosotros!<\/strong><\/p>\n","protected":false},"featured_media":18442,"comment_status":"open","ping_status":"closed","template":"","meta":{"_et_pb_use_builder":"","_et_pb_old_content":"","_et_gb_content_width":""},"product_brand":[],"product_cat":[659,655],"product_tag":[],"class_list":{"0":"post-18441","1":"product","2":"type-product","3":"status-publish","4":"has-post-thumbnail","6":"product_cat-guitarras-electricas","7":"product_cat-guitarras","8":"pa_disponibilite-en-venta","9":"pa_marque-gretsch-es","11":"first","12":"instock","13":"shipping-taxable","14":"product-type-simple"},"yoast_head":"<!-- This site is optimized with the Yoast SEO plugin v26.8 - https:\/\/yoast.com\/product\/yoast-seo-wordpress\/ -->\n<title>Gretsch The Monkees Cheap Trick 1967 - Matt&#039;s Guitar Shop<\/title>\n<meta name=\"robots\" content=\"index, follow, max-snippet:-1, max-image-preview:large, max-video-preview:-1\" \/>\n<link rel=\"canonical\" href=\"https:\/\/www.matts-guitar-shop.com\/es\/produit\/gretsch-the-monkees-cheap-trick-1967\/\" \/>\n<meta property=\"og:locale\" content=\"es_ES\" \/>\n<meta property=\"og:type\" content=\"article\" \/>\n<meta property=\"og:title\" content=\"Gretsch The Monkees Cheap Trick 1967 - Matt&#039;s Guitar Shop\" \/>\n<meta property=\"og:description\" content=\"A finales de 1964, un joven director llamado Bob Rafelson decidi\u00f3 realizar un videoclip para la televisi\u00f3n fuertemente inspirado en la exitosa pel\u00edcula de los Beatles: A Hard Day\u2019s Night. El joven director y su socio de la \u00e9poca publicaron un anuncio para encontrar \u00abcuatro chicos locos\u00bb y as\u00ed eligieron a cuatro j\u00f3venes llamados Michael Nesmith, Micky Dolenz, Davy Jones y Peter Torklesson. Desde sus primeras emisiones, la serie tuvo un \u00e9xito enorme y las canciones procedentes de la serie dieron lugar a videoclips que mostraban a los Monkees en acci\u00f3n. Con el \u00e9xito colosal del grupo, Gretsch decidi\u00f3 crear un modelo signature \u00abThe Monkees\u00bb para asociarse con la imagen de la banda. Este modelo permaneci\u00f3 en producci\u00f3n muy poco tiempo y dej\u00f3 de fabricarse en 1970, cuando el grupo se separ\u00f3. Este magn\u00edfico ejemplar est\u00e1 firmado en el pickguard por Micky Dolenz y tiene la particularidad de haber sido tocado por Rick Nielsen, de Cheap Trick, en el videoclip grabado para el \u00faltimo \u00e1lbum hasta la fecha del grupo. Tambi\u00e9n podemos ver el instrumento en la foto de portada de dicho \u00e1lbum, siendo Rick Nielsen probablemente fan de una banda que marc\u00f3 la leyenda con cinco discos, \u00a1cuatro de los cuales terminaron en el n\u00famero uno de las listas! \u00a1Amantes de la Monkeemania, esta guitarra es para vosotros!\" \/>\n<meta property=\"og:url\" content=\"https:\/\/www.matts-guitar-shop.com\/es\/produit\/gretsch-the-monkees-cheap-trick-1967\/\" \/>\n<meta property=\"og:site_name\" content=\"Matt&#039;s Guitar Shop\" \/>\n<meta property=\"article:publisher\" content=\"https:\/\/www.facebook.com\/profile.php?id=100044359842817\" \/>\n<meta property=\"og:image\" content=\"https:\/\/www.matts-guitar-shop.com\/wp-content\/uploads\/2024\/08\/Gretsch-The-Monkees-Chieap-Tric-1967-guitare-00.jpg\" \/>\n\t<meta property=\"og:image:width\" content=\"692\" \/>\n\t<meta property=\"og:image:height\" content=\"1000\" \/>\n\t<meta property=\"og:image:type\" content=\"image\/jpeg\" \/>\n<meta name=\"twitter:card\" content=\"summary_large_image\" \/>\n<script type=\"application\/ld+json\" class=\"yoast-schema-graph\">{\"@context\":\"https:\/\/schema.org\",\"@graph\":[{\"@type\":\"WebPage\",\"@id\":\"https:\/\/www.matts-guitar-shop.com\/es\/produit\/gretsch-the-monkees-cheap-trick-1967\/\",\"url\":\"https:\/\/www.matts-guitar-shop.com\/es\/produit\/gretsch-the-monkees-cheap-trick-1967\/\",\"name\":\"Gretsch The Monkees Cheap Trick 1967 - Matt&#039;s Guitar Shop\",\"isPartOf\":{\"@id\":\"https:\/\/www.matts-guitar-shop.com\/es\/#website\"},\"primaryImageOfPage\":{\"@id\":\"https:\/\/www.matts-guitar-shop.com\/es\/produit\/gretsch-the-monkees-cheap-trick-1967\/#primaryimage\"},\"image\":{\"@id\":\"https:\/\/www.matts-guitar-shop.com\/es\/produit\/gretsch-the-monkees-cheap-trick-1967\/#primaryimage\"},\"thumbnailUrl\":\"https:\/\/www.matts-guitar-shop.com\/wp-content\/uploads\/2024\/08\/Gretsch-The-Monkees-Chieap-Tric-1967-guitare-00.jpg\",\"datePublished\":\"2024-08-26T13:27:33+00:00\",\"breadcrumb\":{\"@id\":\"https:\/\/www.matts-guitar-shop.com\/es\/produit\/gretsch-the-monkees-cheap-trick-1967\/#breadcrumb\"},\"inLanguage\":\"es\",\"potentialAction\":[{\"@type\":\"ReadAction\",\"target\":[\"https:\/\/www.matts-guitar-shop.com\/es\/produit\/gretsch-the-monkees-cheap-trick-1967\/\"]}]},{\"@type\":\"ImageObject\",\"inLanguage\":\"es\",\"@id\":\"https:\/\/www.matts-guitar-shop.com\/es\/produit\/gretsch-the-monkees-cheap-trick-1967\/#primaryimage\",\"url\":\"https:\/\/www.matts-guitar-shop.com\/wp-content\/uploads\/2024\/08\/Gretsch-The-Monkees-Chieap-Tric-1967-guitare-00.jpg\",\"contentUrl\":\"https:\/\/www.matts-guitar-shop.com\/wp-content\/uploads\/2024\/08\/Gretsch-The-Monkees-Chieap-Tric-1967-guitare-00.jpg\",\"width\":692,\"height\":1000},{\"@type\":\"BreadcrumbList\",\"@id\":\"https:\/\/www.matts-guitar-shop.com\/es\/produit\/gretsch-the-monkees-cheap-trick-1967\/#breadcrumb\",\"itemListElement\":[{\"@type\":\"ListItem\",\"position\":1,\"name\":\"Inicio\",\"item\":\"https:\/\/www.matts-guitar-shop.com\/es\/\"},{\"@type\":\"ListItem\",\"position\":2,\"name\":\"Tienda\",\"item\":\"https:\/\/www.matts-guitar-shop.com\/es\/tienda\/\"},{\"@type\":\"ListItem\",\"position\":3,\"name\":\"Gretsch The Monkees Cheap Trick 1967\"}]},{\"@type\":\"WebSite\",\"@id\":\"https:\/\/www.matts-guitar-shop.com\/es\/#website\",\"url\":\"https:\/\/www.matts-guitar-shop.com\/es\/\",\"name\":\"matts-guitar-shop.com\",\"description\":\"Guitar Shop\",\"publisher\":{\"@id\":\"https:\/\/www.matts-guitar-shop.com\/es\/#organization\"},\"potentialAction\":[{\"@type\":\"SearchAction\",\"target\":{\"@type\":\"EntryPoint\",\"urlTemplate\":\"https:\/\/www.matts-guitar-shop.com\/es\/?s={search_term_string}\"},\"query-input\":{\"@type\":\"PropertyValueSpecification\",\"valueRequired\":true,\"valueName\":\"search_term_string\"}}],\"inLanguage\":\"es\"},{\"@type\":\"Organization\",\"@id\":\"https:\/\/www.matts-guitar-shop.com\/es\/#organization\",\"name\":\"matts-guitar-shop.com\",\"url\":\"https:\/\/www.matts-guitar-shop.com\/es\/\",\"logo\":{\"@type\":\"ImageObject\",\"inLanguage\":\"es\",\"@id\":\"https:\/\/www.matts-guitar-shop.com\/es\/#\/schema\/logo\/image\/\",\"url\":\"https:\/\/www.matts-guitar-shop.com\/wp-content\/uploads\/2024\/09\/MGS-logo-site-02.png\",\"contentUrl\":\"https:\/\/www.matts-guitar-shop.com\/wp-content\/uploads\/2024\/09\/MGS-logo-site-02.png\",\"width\":200,\"height\":122,\"caption\":\"matts-guitar-shop.com\"},\"image\":{\"@id\":\"https:\/\/www.matts-guitar-shop.com\/es\/#\/schema\/logo\/image\/\"},\"sameAs\":[\"https:\/\/www.facebook.com\/profile.php?id=100044359842817\",\"https:\/\/www.instagram.com\/mattsguitarshop\/\",\"https:\/\/www.youtube.com\/@MattLucasMan\/videos\"]}]}<\/script>\n<!-- \/ Yoast SEO plugin. -->","yoast_head_json":{"title":"Gretsch The Monkees Cheap Trick 1967 - Matt&#039;s Guitar Shop","robots":{"index":"index","follow":"follow","max-snippet":"max-snippet:-1","max-image-preview":"max-image-preview:large","max-video-preview":"max-video-preview:-1"},"canonical":"https:\/\/www.matts-guitar-shop.com\/es\/produit\/gretsch-the-monkees-cheap-trick-1967\/","og_locale":"es_ES","og_type":"article","og_title":"Gretsch The Monkees Cheap Trick 1967 - Matt&#039;s Guitar Shop","og_description":"A finales de 1964, un joven director llamado Bob Rafelson decidi\u00f3 realizar un videoclip para la televisi\u00f3n fuertemente inspirado en la exitosa pel\u00edcula de los Beatles: A Hard Day\u2019s Night. El joven director y su socio de la \u00e9poca publicaron un anuncio para encontrar \u00abcuatro chicos locos\u00bb y as\u00ed eligieron a cuatro j\u00f3venes llamados Michael Nesmith, Micky Dolenz, Davy Jones y Peter Torklesson. Desde sus primeras emisiones, la serie tuvo un \u00e9xito enorme y las canciones procedentes de la serie dieron lugar a videoclips que mostraban a los Monkees en acci\u00f3n. Con el \u00e9xito colosal del grupo, Gretsch decidi\u00f3 crear un modelo signature \u00abThe Monkees\u00bb para asociarse con la imagen de la banda. Este modelo permaneci\u00f3 en producci\u00f3n muy poco tiempo y dej\u00f3 de fabricarse en 1970, cuando el grupo se separ\u00f3. Este magn\u00edfico ejemplar est\u00e1 firmado en el pickguard por Micky Dolenz y tiene la particularidad de haber sido tocado por Rick Nielsen, de Cheap Trick, en el videoclip grabado para el \u00faltimo \u00e1lbum hasta la fecha del grupo. Tambi\u00e9n podemos ver el instrumento en la foto de portada de dicho \u00e1lbum, siendo Rick Nielsen probablemente fan de una banda que marc\u00f3 la leyenda con cinco discos, \u00a1cuatro de los cuales terminaron en el n\u00famero uno de las listas! \u00a1Amantes de la Monkeemania, esta guitarra es para vosotros!","og_url":"https:\/\/www.matts-guitar-shop.com\/es\/produit\/gretsch-the-monkees-cheap-trick-1967\/","og_site_name":"Matt&#039;s Guitar Shop","article_publisher":"https:\/\/www.facebook.com\/profile.php?id=100044359842817","og_image":[{"width":692,"height":1000,"url":"https:\/\/www.matts-guitar-shop.com\/wp-content\/uploads\/2024\/08\/Gretsch-The-Monkees-Chieap-Tric-1967-guitare-00.jpg","type":"image\/jpeg"}],"twitter_card":"summary_large_image","schema":{"@context":"https:\/\/schema.org","@graph":[{"@type":"WebPage","@id":"https:\/\/www.matts-guitar-shop.com\/es\/produit\/gretsch-the-monkees-cheap-trick-1967\/","url":"https:\/\/www.matts-guitar-shop.com\/es\/produit\/gretsch-the-monkees-cheap-trick-1967\/","name":"Gretsch The Monkees Cheap Trick 1967 - Matt&#039;s Guitar Shop","isPartOf":{"@id":"https:\/\/www.matts-guitar-shop.com\/es\/#website"},"primaryImageOfPage":{"@id":"https:\/\/www.matts-guitar-shop.com\/es\/produit\/gretsch-the-monkees-cheap-trick-1967\/#primaryimage"},"image":{"@id":"https:\/\/www.matts-guitar-shop.com\/es\/produit\/gretsch-the-monkees-cheap-trick-1967\/#primaryimage"},"thumbnailUrl":"https:\/\/www.matts-guitar-shop.com\/wp-content\/uploads\/2024\/08\/Gretsch-The-Monkees-Chieap-Tric-1967-guitare-00.jpg","datePublished":"2024-08-26T13:27:33+00:00","breadcrumb":{"@id":"https:\/\/www.matts-guitar-shop.com\/es\/produit\/gretsch-the-monkees-cheap-trick-1967\/#breadcrumb"},"inLanguage":"es","potentialAction":[{"@type":"ReadAction","target":["https:\/\/www.matts-guitar-shop.com\/es\/produit\/gretsch-the-monkees-cheap-trick-1967\/"]}]},{"@type":"ImageObject","inLanguage":"es","@id":"https:\/\/www.matts-guitar-shop.com\/es\/produit\/gretsch-the-monkees-cheap-trick-1967\/#primaryimage","url":"https:\/\/www.matts-guitar-shop.com\/wp-content\/uploads\/2024\/08\/Gretsch-The-Monkees-Chieap-Tric-1967-guitare-00.jpg","contentUrl":"https:\/\/www.matts-guitar-shop.com\/wp-content\/uploads\/2024\/08\/Gretsch-The-Monkees-Chieap-Tric-1967-guitare-00.jpg","width":692,"height":1000},{"@type":"BreadcrumbList","@id":"https:\/\/www.matts-guitar-shop.com\/es\/produit\/gretsch-the-monkees-cheap-trick-1967\/#breadcrumb","itemListElement":[{"@type":"ListItem","position":1,"name":"Inicio","item":"https:\/\/www.matts-guitar-shop.com\/es\/"},{"@type":"ListItem","position":2,"name":"Tienda","item":"https:\/\/www.matts-guitar-shop.com\/es\/tienda\/"},{"@type":"ListItem","position":3,"name":"Gretsch The Monkees Cheap Trick 1967"}]},{"@type":"WebSite","@id":"https:\/\/www.matts-guitar-shop.com\/es\/#website","url":"https:\/\/www.matts-guitar-shop.com\/es\/","name":"matts-guitar-shop.com","description":"Guitar Shop","publisher":{"@id":"https:\/\/www.matts-guitar-shop.com\/es\/#organization"},"potentialAction":[{"@type":"SearchAction","target":{"@type":"EntryPoint","urlTemplate":"https:\/\/www.matts-guitar-shop.com\/es\/?s={search_term_string}"},"query-input":{"@type":"PropertyValueSpecification","valueRequired":true,"valueName":"search_term_string"}}],"inLanguage":"es"},{"@type":"Organization","@id":"https:\/\/www.matts-guitar-shop.com\/es\/#organization","name":"matts-guitar-shop.com","url":"https:\/\/www.matts-guitar-shop.com\/es\/","logo":{"@type":"ImageObject","inLanguage":"es","@id":"https:\/\/www.matts-guitar-shop.com\/es\/#\/schema\/logo\/image\/","url":"https:\/\/www.matts-guitar-shop.com\/wp-content\/uploads\/2024\/09\/MGS-logo-site-02.png","contentUrl":"https:\/\/www.matts-guitar-shop.com\/wp-content\/uploads\/2024\/09\/MGS-logo-site-02.png","width":200,"height":122,"caption":"matts-guitar-shop.com"},"image":{"@id":"https:\/\/www.matts-guitar-shop.com\/es\/#\/schema\/logo\/image\/"},"sameAs":["https:\/\/www.facebook.com\/profile.php?id=100044359842817","https:\/\/www.instagram.com\/mattsguitarshop\/","https:\/\/www.youtube.com\/@MattLucasMan\/videos"]}]}},"_links":{"self":[{"href":"https:\/\/www.matts-guitar-shop.com\/es\/wp-json\/wp\/v2\/product\/18441","targetHints":{"allow":["GET"]}}],"collection":[{"href":"https:\/\/www.matts-guitar-shop.com\/es\/wp-json\/wp\/v2\/product"}],"about":[{"href":"https:\/\/www.matts-guitar-shop.com\/es\/wp-json\/wp\/v2\/types\/product"}],"replies":[{"embeddable":true,"href":"https:\/\/www.matts-guitar-shop.com\/es\/wp-json\/wp\/v2\/comments?post=18441"}],"wp:featuredmedia":[{"embeddable":true,"href":"https:\/\/www.matts-guitar-shop.com\/es\/wp-json\/wp\/v2\/media\/18442"}],"wp:attachment":[{"href":"https:\/\/www.matts-guitar-shop.com\/es\/wp-json\/wp\/v2\/media?parent=18441"}],"wp:term":[{"taxonomy":"product_brand","embeddable":true,"href":"https:\/\/www.matts-guitar-shop.com\/es\/wp-json\/wp\/v2\/product_brand?post=18441"},{"taxonomy":"product_cat","embeddable":true,"href":"https:\/\/www.matts-guitar-shop.com\/es\/wp-json\/wp\/v2\/product_cat?post=18441"},{"taxonomy":"product_tag","embeddable":true,"href":"https:\/\/www.matts-guitar-shop.com\/es\/wp-json\/wp\/v2\/product_tag?post=18441"}],"curies":[{"name":"wp","href":"https:\/\/api.w.org\/{rel}","templated":true}]}}