{"id":18350,"date":"2024-08-22T21:26:56","date_gmt":"2024-08-22T19:26:56","guid":{"rendered":"https:\/\/www.matts-guitar-shop.com\/produit\/gretsch-white-falcon-ex-johnny-hallyday-status-quo\/"},"modified":"2025-10-29T19:09:47","modified_gmt":"2025-10-29T18:09:47","slug":"gretsch-white-falcon-ex-johnny-hallyday-status-quo","status":"publish","type":"product","link":"https:\/\/www.matts-guitar-shop.com\/es\/produit\/gretsch-white-falcon-ex-johnny-hallyday-status-quo\/","title":{"rendered":"Gretsch White Falcon Ex Johnny Hallyday \/ Status Quo"},"content":{"rendered":"<p>Johnny Hallyday<\/p>\n","protected":false},"excerpt":{"rendered":"<p><strong>Hay artistas que, m\u00e1s all\u00e1 de su propio destino, han moldeado todo un panorama y un cap\u00edtulo de la historia. Capaces de desatar multitudes enteras, de galvanizar a los m\u00e1s j\u00f3venes y de desafiar los c\u00f3digos establecidos, se apoderaron por completo de su destino para inscribir su nombre en un relato colectivo. Johnny Hallyday es uno de ellos: verdadero \u00eddolo de la juventud, icono indiscutible que supo atravesar los a\u00f1os y trascender las modas y el tiempo, es una referencia para generaciones de francesas y franceses. Fue quien instal\u00f3 el rock en Francia, tomando referencias directamente de Estados Unidos, pa\u00eds que tanto amaba, y aportando al hex\u00e1gono su sentido del espect\u00e1culo y del ritmo. En la composici\u00f3n de canciones tan rabiosas como poderosas, Johnny Hallyday tambi\u00e9n recurri\u00f3 a instrumentos tra\u00eddos directamente de Estados Unidos. Los modelos Gretsch y Gibson fueron durante mucho tiempo sus favoritos, coloc\u00e1ndolos en el centro de sus actuaciones esc\u00e9nicas.<\/strong><\/p>\n<p>La historia de amor de Johnny con las guitarras de la marca Gretsch es larga: toc\u00f3 modelos de la marca hasta sus \u00faltimos conciertos de rock. En 1975, tocaba una Gretsch 6120 Nashville naranja, antes de adquirir esta <strong>White Falcon blanca<\/strong> de 1975 como segunda guitarra. A partir de finales de 1976, nuestra White Falcon se utilizaba de manera alterna seg\u00fan las actuaciones y los trajes de escenario. Es probable que fuera una de las primeras guitarras de este modelo adquiridas y tocadas por <strong>Johnny Hallyday<\/strong>. Mientras se difund\u00edan en todas las radios francesas <em><strong>Requiem pour un fou<\/strong><\/em>, lanzada en febrero de 1976, y <em><strong>Gabrielle<\/strong><\/em>, publicada en oto\u00f1o, Johnny Hallyday comenz\u00f3 sus giras con esta White Falcon, que toc\u00f3 en el escenario desde finales de 1976 hasta su gira de verano de 1978. Esta guitarra es una pieza excepcional de la historia de la m\u00fasica francesa, y se erige como testigo directo de las gloriosas actuaciones de Johnny Hallyday.<\/p>\n<p>Mientras tocaba en el escenario una Gretsch Chet Atkins Nashville naranja desde 1975, Johnny Hallyday reiter\u00f3 su amor por la marca estadounidense al hacerse con esta White Falcon. Presente en el escenario desde finales de 1976 hasta el verano de 1978, esta guitarra se tocaba de manera alterna seg\u00fan los trajes y necesidades del artista. Numerosas fotograf\u00edas de la \u00e9poca muestran ambos instrumentos en el escenario y en manos de Johnny, para quien las guitarras el\u00e9ctricas de cuerpo hueco de Gretsch siempre ocuparon un lugar importante. Esta White Falcon marc\u00f3 de alg\u00fan modo su amor por el modelo, que tocar\u00eda a lo largo de su extraordinaria carrera, llegando incluso a recibir un modelo personalizado de Gretsch por su 69\u00ba cumplea\u00f1os.<\/p>\n<p>De un blanco inmaculado resaltado por el brillo de sus bordes dorados, esta White Falcon fue fotografiada en m\u00faltiples ocasiones entre 1976 y 1978. Incluso aparece en la obra \u00ab<em>Johnny: ses concerts, ses plus belles histoires d\u2019amour<\/em>\u00bb de Michel Leclercq, el fot\u00f3grafo que sigui\u00f3 a Johnny durante m\u00e1s de medio siglo en los escenarios de Francia, B\u00e9lgica y Suiza. La guitarra aparece as\u00ed como una herramienta de creaci\u00f3n privilegiada, integr\u00e1ndose perfectamente en el espect\u00e1culo del French Elvis y en su est\u00e9tica inspirada directamente en Estados Unidos.<\/p>\n<p>Para a\u00f1adir a\u00fan m\u00e1s al legado de esta guitarra, pas\u00f3 luego a manos de <strong>Rick Parfitt<\/strong>, del famoso grupo ingl\u00e9s <strong>Status Quo<\/strong>, a quien Johnny le regal\u00f3 la guitarra durante un viaje a Par\u00eds en 1981. Aunque Rick no la toc\u00f3 en concierto, la guitarra viajaba con la banda durante las giras, se utilizaba en las habitaciones de hotel y en los camerinos, y ocasionalmente en <em>soundchecks<\/em> como instrumento de calentamiento. Esta Gretsch White Falcon acompa\u00f1\u00f3 as\u00ed a dos \u00edconos de la m\u00fasica en sus respectivos pa\u00edses: primero como instrumento de escenario bajo los reflectores en los conciertos de Johnny Hallyday, y luego en las giras de Rick Parfitt y <em>Status Quo<\/em> despu\u00e9s de recibirla de manos del <em>Taulier<\/em>. Esta guitarra es una verdadera pieza hist\u00f3rica para descubrir en Matt\u2019s Guitar Shop, con un sonido imponente y una historia vertiginosa.<\/p>\n","protected":false},"featured_media":18351,"comment_status":"open","ping_status":"closed","template":"","meta":{"_et_pb_use_builder":"","_et_pb_old_content":"","_et_gb_content_width":""},"product_brand":[],"product_cat":[659,652,655],"product_tag":[],"class_list":{"0":"post-18350","1":"product","2":"type-product","3":"status-publish","4":"has-post-thumbnail","6":"product_cat-guitarras-electricas","7":"product_cat-artistas","8":"product_cat-guitarras","9":"pa_artiste-johnny-hallyday-es","10":"pa_disponibilite-en-venta","11":"pa_marque-gretsch-es","13":"first","14":"instock","15":"shipping-taxable","16":"purchasable","17":"product-type-simple"},"yoast_head":"<!-- This site is optimized with the Yoast SEO plugin v26.8 - https:\/\/yoast.com\/product\/yoast-seo-wordpress\/ -->\n<title>Gretsch White Falcon Ex Johnny Hallyday \/ Status Quo - Matt&#039;s Guitar Shop<\/title>\n<meta name=\"description\" content=\"Hay artistas que, m\u00e1s all\u00e1 de su propio destino, han moldeado todo un panorama y un cap\u00edtulo entero de la historia.\" \/>\n<meta name=\"robots\" content=\"index, follow, max-snippet:-1, max-image-preview:large, max-video-preview:-1\" \/>\n<link rel=\"canonical\" href=\"https:\/\/www.matts-guitar-shop.com\/es\/produit\/gretsch-white-falcon-ex-johnny-hallyday-status-quo\/\" \/>\n<meta property=\"og:locale\" content=\"es_ES\" \/>\n<meta property=\"og:type\" content=\"article\" \/>\n<meta property=\"og:title\" content=\"Gretsch White Falcon Ex Johnny Hallyday \/ Status Quo - Matt&#039;s Guitar Shop\" \/>\n<meta property=\"og:description\" content=\"Hay artistas que, m\u00e1s all\u00e1 de su propio destino, han moldeado todo un panorama y un cap\u00edtulo entero de la historia.\" \/>\n<meta property=\"og:url\" content=\"https:\/\/www.matts-guitar-shop.com\/es\/produit\/gretsch-white-falcon-ex-johnny-hallyday-status-quo\/\" \/>\n<meta property=\"og:site_name\" content=\"Matt&#039;s Guitar Shop\" \/>\n<meta property=\"article:publisher\" content=\"https:\/\/www.facebook.com\/profile.php?id=100044359842817\" \/>\n<meta property=\"article:modified_time\" content=\"2025-10-29T18:09:47+00:00\" \/>\n<meta property=\"og:image\" content=\"https:\/\/www.matts-guitar-shop.com\/wp-content\/uploads\/2024\/08\/Gretsch-White-Falcon-Ex-Johnny-Hallyday-Status-Quo-0-00.jpg\" \/>\n\t<meta property=\"og:image:width\" content=\"700\" \/>\n\t<meta property=\"og:image:height\" content=\"1011\" \/>\n\t<meta property=\"og:image:type\" content=\"image\/jpeg\" \/>\n<meta name=\"twitter:card\" content=\"summary_large_image\" \/>\n<script type=\"application\/ld+json\" class=\"yoast-schema-graph\">{\"@context\":\"https:\/\/schema.org\",\"@graph\":[{\"@type\":\"WebPage\",\"@id\":\"https:\/\/www.matts-guitar-shop.com\/es\/produit\/gretsch-white-falcon-ex-johnny-hallyday-status-quo\/\",\"url\":\"https:\/\/www.matts-guitar-shop.com\/es\/produit\/gretsch-white-falcon-ex-johnny-hallyday-status-quo\/\",\"name\":\"Gretsch White Falcon Ex Johnny Hallyday \/ Status Quo - Matt&#039;s Guitar Shop\",\"isPartOf\":{\"@id\":\"https:\/\/www.matts-guitar-shop.com\/es\/#website\"},\"primaryImageOfPage\":{\"@id\":\"https:\/\/www.matts-guitar-shop.com\/es\/produit\/gretsch-white-falcon-ex-johnny-hallyday-status-quo\/#primaryimage\"},\"image\":{\"@id\":\"https:\/\/www.matts-guitar-shop.com\/es\/produit\/gretsch-white-falcon-ex-johnny-hallyday-status-quo\/#primaryimage\"},\"thumbnailUrl\":\"https:\/\/www.matts-guitar-shop.com\/wp-content\/uploads\/2024\/08\/Gretsch-White-Falcon-Ex-Johnny-Hallyday-Status-Quo-0-00.jpg\",\"datePublished\":\"2024-08-22T19:26:56+00:00\",\"dateModified\":\"2025-10-29T18:09:47+00:00\",\"description\":\"Hay artistas que, m\u00e1s all\u00e1 de su propio destino, han moldeado todo un panorama y un cap\u00edtulo entero de la historia.\",\"breadcrumb\":{\"@id\":\"https:\/\/www.matts-guitar-shop.com\/es\/produit\/gretsch-white-falcon-ex-johnny-hallyday-status-quo\/#breadcrumb\"},\"inLanguage\":\"es\",\"potentialAction\":[{\"@type\":\"ReadAction\",\"target\":[\"https:\/\/www.matts-guitar-shop.com\/es\/produit\/gretsch-white-falcon-ex-johnny-hallyday-status-quo\/\"]}]},{\"@type\":\"ImageObject\",\"inLanguage\":\"es\",\"@id\":\"https:\/\/www.matts-guitar-shop.com\/es\/produit\/gretsch-white-falcon-ex-johnny-hallyday-status-quo\/#primaryimage\",\"url\":\"https:\/\/www.matts-guitar-shop.com\/wp-content\/uploads\/2024\/08\/Gretsch-White-Falcon-Ex-Johnny-Hallyday-Status-Quo-0-00.jpg\",\"contentUrl\":\"https:\/\/www.matts-guitar-shop.com\/wp-content\/uploads\/2024\/08\/Gretsch-White-Falcon-Ex-Johnny-Hallyday-Status-Quo-0-00.jpg\",\"width\":700,\"height\":1011},{\"@type\":\"BreadcrumbList\",\"@id\":\"https:\/\/www.matts-guitar-shop.com\/es\/produit\/gretsch-white-falcon-ex-johnny-hallyday-status-quo\/#breadcrumb\",\"itemListElement\":[{\"@type\":\"ListItem\",\"position\":1,\"name\":\"Inicio\",\"item\":\"https:\/\/www.matts-guitar-shop.com\/es\/\"},{\"@type\":\"ListItem\",\"position\":2,\"name\":\"Tienda\",\"item\":\"https:\/\/www.matts-guitar-shop.com\/es\/tienda\/\"},{\"@type\":\"ListItem\",\"position\":3,\"name\":\"Gretsch White Falcon Ex Johnny Hallyday \/ Status Quo\"}]},{\"@type\":\"WebSite\",\"@id\":\"https:\/\/www.matts-guitar-shop.com\/es\/#website\",\"url\":\"https:\/\/www.matts-guitar-shop.com\/es\/\",\"name\":\"matts-guitar-shop.com\",\"description\":\"Guitar Shop\",\"publisher\":{\"@id\":\"https:\/\/www.matts-guitar-shop.com\/es\/#organization\"},\"potentialAction\":[{\"@type\":\"SearchAction\",\"target\":{\"@type\":\"EntryPoint\",\"urlTemplate\":\"https:\/\/www.matts-guitar-shop.com\/es\/?s={search_term_string}\"},\"query-input\":{\"@type\":\"PropertyValueSpecification\",\"valueRequired\":true,\"valueName\":\"search_term_string\"}}],\"inLanguage\":\"es\"},{\"@type\":\"Organization\",\"@id\":\"https:\/\/www.matts-guitar-shop.com\/es\/#organization\",\"name\":\"matts-guitar-shop.com\",\"url\":\"https:\/\/www.matts-guitar-shop.com\/es\/\",\"logo\":{\"@type\":\"ImageObject\",\"inLanguage\":\"es\",\"@id\":\"https:\/\/www.matts-guitar-shop.com\/es\/#\/schema\/logo\/image\/\",\"url\":\"https:\/\/www.matts-guitar-shop.com\/wp-content\/uploads\/2024\/09\/MGS-logo-site-02.png\",\"contentUrl\":\"https:\/\/www.matts-guitar-shop.com\/wp-content\/uploads\/2024\/09\/MGS-logo-site-02.png\",\"width\":200,\"height\":122,\"caption\":\"matts-guitar-shop.com\"},\"image\":{\"@id\":\"https:\/\/www.matts-guitar-shop.com\/es\/#\/schema\/logo\/image\/\"},\"sameAs\":[\"https:\/\/www.facebook.com\/profile.php?id=100044359842817\",\"https:\/\/www.instagram.com\/mattsguitarshop\/\",\"https:\/\/www.youtube.com\/@MattLucasMan\/videos\"]}]}<\/script>\n<!-- \/ Yoast SEO plugin. -->","yoast_head_json":{"title":"Gretsch White Falcon Ex Johnny Hallyday \/ Status Quo - Matt&#039;s Guitar Shop","description":"Hay artistas que, m\u00e1s all\u00e1 de su propio destino, han moldeado todo un panorama y un cap\u00edtulo entero de la historia.","robots":{"index":"index","follow":"follow","max-snippet":"max-snippet:-1","max-image-preview":"max-image-preview:large","max-video-preview":"max-video-preview:-1"},"canonical":"https:\/\/www.matts-guitar-shop.com\/es\/produit\/gretsch-white-falcon-ex-johnny-hallyday-status-quo\/","og_locale":"es_ES","og_type":"article","og_title":"Gretsch White Falcon Ex Johnny Hallyday \/ Status Quo - Matt&#039;s Guitar Shop","og_description":"Hay artistas que, m\u00e1s all\u00e1 de su propio destino, han moldeado todo un panorama y un cap\u00edtulo entero de la historia.","og_url":"https:\/\/www.matts-guitar-shop.com\/es\/produit\/gretsch-white-falcon-ex-johnny-hallyday-status-quo\/","og_site_name":"Matt&#039;s Guitar Shop","article_publisher":"https:\/\/www.facebook.com\/profile.php?id=100044359842817","article_modified_time":"2025-10-29T18:09:47+00:00","og_image":[{"width":700,"height":1011,"url":"https:\/\/www.matts-guitar-shop.com\/wp-content\/uploads\/2024\/08\/Gretsch-White-Falcon-Ex-Johnny-Hallyday-Status-Quo-0-00.jpg","type":"image\/jpeg"}],"twitter_card":"summary_large_image","schema":{"@context":"https:\/\/schema.org","@graph":[{"@type":"WebPage","@id":"https:\/\/www.matts-guitar-shop.com\/es\/produit\/gretsch-white-falcon-ex-johnny-hallyday-status-quo\/","url":"https:\/\/www.matts-guitar-shop.com\/es\/produit\/gretsch-white-falcon-ex-johnny-hallyday-status-quo\/","name":"Gretsch White Falcon Ex Johnny Hallyday \/ Status Quo - Matt&#039;s Guitar Shop","isPartOf":{"@id":"https:\/\/www.matts-guitar-shop.com\/es\/#website"},"primaryImageOfPage":{"@id":"https:\/\/www.matts-guitar-shop.com\/es\/produit\/gretsch-white-falcon-ex-johnny-hallyday-status-quo\/#primaryimage"},"image":{"@id":"https:\/\/www.matts-guitar-shop.com\/es\/produit\/gretsch-white-falcon-ex-johnny-hallyday-status-quo\/#primaryimage"},"thumbnailUrl":"https:\/\/www.matts-guitar-shop.com\/wp-content\/uploads\/2024\/08\/Gretsch-White-Falcon-Ex-Johnny-Hallyday-Status-Quo-0-00.jpg","datePublished":"2024-08-22T19:26:56+00:00","dateModified":"2025-10-29T18:09:47+00:00","description":"Hay artistas que, m\u00e1s all\u00e1 de su propio destino, han moldeado todo un panorama y un cap\u00edtulo entero de la historia.","breadcrumb":{"@id":"https:\/\/www.matts-guitar-shop.com\/es\/produit\/gretsch-white-falcon-ex-johnny-hallyday-status-quo\/#breadcrumb"},"inLanguage":"es","potentialAction":[{"@type":"ReadAction","target":["https:\/\/www.matts-guitar-shop.com\/es\/produit\/gretsch-white-falcon-ex-johnny-hallyday-status-quo\/"]}]},{"@type":"ImageObject","inLanguage":"es","@id":"https:\/\/www.matts-guitar-shop.com\/es\/produit\/gretsch-white-falcon-ex-johnny-hallyday-status-quo\/#primaryimage","url":"https:\/\/www.matts-guitar-shop.com\/wp-content\/uploads\/2024\/08\/Gretsch-White-Falcon-Ex-Johnny-Hallyday-Status-Quo-0-00.jpg","contentUrl":"https:\/\/www.matts-guitar-shop.com\/wp-content\/uploads\/2024\/08\/Gretsch-White-Falcon-Ex-Johnny-Hallyday-Status-Quo-0-00.jpg","width":700,"height":1011},{"@type":"BreadcrumbList","@id":"https:\/\/www.matts-guitar-shop.com\/es\/produit\/gretsch-white-falcon-ex-johnny-hallyday-status-quo\/#breadcrumb","itemListElement":[{"@type":"ListItem","position":1,"name":"Inicio","item":"https:\/\/www.matts-guitar-shop.com\/es\/"},{"@type":"ListItem","position":2,"name":"Tienda","item":"https:\/\/www.matts-guitar-shop.com\/es\/tienda\/"},{"@type":"ListItem","position":3,"name":"Gretsch White Falcon Ex Johnny Hallyday \/ Status Quo"}]},{"@type":"WebSite","@id":"https:\/\/www.matts-guitar-shop.com\/es\/#website","url":"https:\/\/www.matts-guitar-shop.com\/es\/","name":"matts-guitar-shop.com","description":"Guitar Shop","publisher":{"@id":"https:\/\/www.matts-guitar-shop.com\/es\/#organization"},"potentialAction":[{"@type":"SearchAction","target":{"@type":"EntryPoint","urlTemplate":"https:\/\/www.matts-guitar-shop.com\/es\/?s={search_term_string}"},"query-input":{"@type":"PropertyValueSpecification","valueRequired":true,"valueName":"search_term_string"}}],"inLanguage":"es"},{"@type":"Organization","@id":"https:\/\/www.matts-guitar-shop.com\/es\/#organization","name":"matts-guitar-shop.com","url":"https:\/\/www.matts-guitar-shop.com\/es\/","logo":{"@type":"ImageObject","inLanguage":"es","@id":"https:\/\/www.matts-guitar-shop.com\/es\/#\/schema\/logo\/image\/","url":"https:\/\/www.matts-guitar-shop.com\/wp-content\/uploads\/2024\/09\/MGS-logo-site-02.png","contentUrl":"https:\/\/www.matts-guitar-shop.com\/wp-content\/uploads\/2024\/09\/MGS-logo-site-02.png","width":200,"height":122,"caption":"matts-guitar-shop.com"},"image":{"@id":"https:\/\/www.matts-guitar-shop.com\/es\/#\/schema\/logo\/image\/"},"sameAs":["https:\/\/www.facebook.com\/profile.php?id=100044359842817","https:\/\/www.instagram.com\/mattsguitarshop\/","https:\/\/www.youtube.com\/@MattLucasMan\/videos"]}]}},"_links":{"self":[{"href":"https:\/\/www.matts-guitar-shop.com\/es\/wp-json\/wp\/v2\/product\/18350","targetHints":{"allow":["GET"]}}],"collection":[{"href":"https:\/\/www.matts-guitar-shop.com\/es\/wp-json\/wp\/v2\/product"}],"about":[{"href":"https:\/\/www.matts-guitar-shop.com\/es\/wp-json\/wp\/v2\/types\/product"}],"replies":[{"embeddable":true,"href":"https:\/\/www.matts-guitar-shop.com\/es\/wp-json\/wp\/v2\/comments?post=18350"}],"wp:featuredmedia":[{"embeddable":true,"href":"https:\/\/www.matts-guitar-shop.com\/es\/wp-json\/wp\/v2\/media\/18351"}],"wp:attachment":[{"href":"https:\/\/www.matts-guitar-shop.com\/es\/wp-json\/wp\/v2\/media?parent=18350"}],"wp:term":[{"taxonomy":"product_brand","embeddable":true,"href":"https:\/\/www.matts-guitar-shop.com\/es\/wp-json\/wp\/v2\/product_brand?post=18350"},{"taxonomy":"product_cat","embeddable":true,"href":"https:\/\/www.matts-guitar-shop.com\/es\/wp-json\/wp\/v2\/product_cat?post=18350"},{"taxonomy":"product_tag","embeddable":true,"href":"https:\/\/www.matts-guitar-shop.com\/es\/wp-json\/wp\/v2\/product_tag?post=18350"}],"curies":[{"name":"wp","href":"https:\/\/api.w.org\/{rel}","templated":true}]}}