{"id":18297,"date":"2024-08-30T21:00:36","date_gmt":"2024-08-30T19:00:36","guid":{"rendered":"https:\/\/www.matts-guitar-shop.com\/produit\/martin-d-28e-1963-ex-noel-gallagher\/"},"modified":"2025-10-17T22:26:02","modified_gmt":"2025-10-17T20:26:02","slug":"martin-d-28e-1963-ex-noel-gallagher","status":"publish","type":"product","link":"https:\/\/www.matts-guitar-shop.com\/es\/produit\/martin-d-28e-1963-ex-noel-gallagher\/","title":{"rendered":"Martin D-28E 1963 Ex Noel Gallagher"},"content":{"rendered":"<p>Noel Gallagher<br \/> (1967)<\/p>\n<p>Grupo: Oasis<br \/> Guitarra principal: Epiphone Sheraton<br \/> Canci\u00f3n imprescindible: Supersonic<\/p>\n<p>Es f\u00e1cil olvidar lo excelente que era Oasis, ya que su m\u00fasica a menudo qued\u00f3 eclipsada por sus diversas travesuras y la manera en que los medios hablaban de ellos. Sin embargo, estos hijos de Manchester escribieron algunas de las canciones m\u00e1s bellas de los a\u00f1os 90, construyendo verdaderamente la banda sonora de una d\u00e9cada \u00e1vida de \u00eddolos.<\/p>\n<p>Desde *Supersonic* en 1994 hasta *Falling Down* en 2009, Oasis vendi\u00f3 75 millones de \u00e1lbumes y coloc\u00f3 8 sencillos en la cima de las listas. Por supuesto, su m\u00fasica est\u00e1 profundamente inspirada en los Beatles de 1966, de quienes tomaron tanto el estilo visual como el enfoque de producci\u00f3n, pero llevaron ese sonido a su propia d\u00e9cada, actualiz\u00e1ndolo con canciones que probablemente no desentonar\u00edan en *Revolver*, como *Wonderwall* o *All Around The World*.<\/p>\n<p>Como todos saben, el grupo estaba liderado por los hermanos Gallagher: Liam en la voz y Noel en la guitarra, aunque a veces Noel cantaba con su timbre tan caracter\u00edstico, como en *Don\u2019t Look Back In Anger*. Al igual que los Kinks antes que ellos, los hermanos Gallagher no lograron mantener sus disputas familiares fuera del \u00e1mbito profesional, y el grupo termin\u00f3 estallando bajo ese peso.<\/p>\n<p>Desde entonces, Noel form\u00f3 su banda High Flying Birds con un excelente primer \u00e1lbum hom\u00f3nimo en 2011, demostrando que el guitarrista a\u00fan ten\u00eda cosas que decir art\u00edsticamente. Todav\u00eda gira con esta formaci\u00f3n, que en 2017 lanz\u00f3 su tercer \u00e1lbum, *Who Built The Moon*. Como guitarrista, Noel no ha cambiado y sigue fiel a los instrumentos que amaba cuando tocaba en Oasis: se le conoce mucho con una Epiphone Sheraton (la versi\u00f3n Epiphone de la ES-335) y ha tocado numerosas semi-hollow en este estilo, incluyendo una hermosa ES-355 Cherry Red y Epiphone Casino. Tambi\u00e9n es fan de las Les Paul, ya sean burst u otras, y su ac\u00fastica predilecta sigue siendo la J-200, un instrumento que le sigue estando asociado hasta hoy.<\/p>\n<p><img decoding=\"async\" class=\"alignnone size-full wp-image-8070\" src=\"https:\/\/www.matts-guitar-shop.com\/wp-content\/uploads\/2024\/08\/noel-gallagher-01.jpg\" alt=\"\" width=\"400\" height=\"600\" srcset=\"https:\/\/www.matts-guitar-shop.com\/wp-content\/uploads\/2024\/08\/noel-gallagher-01.jpg 400w, https:\/\/www.matts-guitar-shop.com\/wp-content\/uploads\/2024\/08\/noel-gallagher-01-200x300.jpg 200w\" sizes=\"(max-width: 400px) 100vw, 400px\" \/><\/p>\n","protected":false},"excerpt":{"rendered":"<p><strong>\u00a1Contrario a lo que parece, esta Martin es 100% original!<\/strong> A finales de los a\u00f1os 50, viendo el \u00e9xito que las marcas competidoras ten\u00edan en el mercado de guitarras el\u00e9ctricas, la firma de Nazareth decidi\u00f3 explorar este terreno. Pero como los ingenieros de Martin siempre fueron muy conservadores y los m\u00e9todos de producci\u00f3n ya estaban optimizados para sus ac\u00fasticas, se limitaron a a\u00f1adir dos pastillas a sus tres modelos estrella, creando as\u00ed la 00-18E, la D-18E y la D-28E.<\/p>\n<p>Cada una de ellas era similar a su versi\u00f3n puramente ac\u00fastica, con la adici\u00f3n nada discreta de dos pastillas DeArmond, un selector de tres posiciones y cuatro botones alineados a lo largo de la tapa. El problema del concepto era que la idea no funcionaba bien desde ning\u00fan punto de vista: para el sonido ac\u00fastico, la adici\u00f3n de pastillas sobre la tapa imped\u00eda las vibraciones; mientras que para el sonido el\u00e9ctrico, los graves generosos de la dreadnought tend\u00edan a provocar retroalimentaci\u00f3n inmediata. A esto se sumaba el hecho de que estas guitarras eran mucho m\u00e1s caras que sus equivalentes ac\u00fasticas, lo que explica por qu\u00e9 Martin detuvo estas series en 1963, haciendo de esta D-28E un ejemplar del \u00faltimo a\u00f1o de producci\u00f3n.<\/p>\n<p>Se conserva, por supuesto, el magn\u00edfico cuerpo de palisandro brasile\u00f1o que caracteriza todas las D-28 de la \u00e9poca, y el sonido particular y distintivo de estas series termin\u00f3 encontrando su p\u00fablico entre los aficionados al lo-fi que buscaban un instrumento fuera de lo com\u00fan. La exposici\u00f3n m\u00e1s significativa de esta serie lleg\u00f3 en 1993 con el concierto MTV Unplugged de Nirvana, donde Kurt Cobain toc\u00f3 una D-18E. Esta D-28E, en particular, tiene la singularidad de no haber sido modificada salvo por un refretting (mientras que la electr\u00f3nica de muchas guitarras de la \u00e9poca s\u00ed fue retocada), lo que la hace excepcional.<\/p>\n<p>Pero eso no es todo, ya que perteneci\u00f3 a Noel Gallagher. La leyenda brit\u00e1nica utiliz\u00f3 esta Martin como herramienta de inspiraci\u00f3n antes de liberarla al mundo, donde sus notas redondas no tardaron en convencer a otros m\u00fasicos.<\/p>\n<p><strong>\u00a1Si tienes preguntas sobre este producto, cont\u00e1ctanos!<\/strong><\/p>\n","protected":false},"featured_media":18312,"comment_status":"open","ping_status":"closed","template":"","meta":{"_et_pb_use_builder":"","_et_pb_old_content":"","_et_gb_content_width":""},"product_brand":[],"product_cat":[654,657,652,655],"product_tag":[],"class_list":{"0":"post-18297","1":"product","2":"type-product","3":"status-publish","4":"has-post-thumbnail","6":"product_cat-vendidos","7":"product_cat-guitarras-acusticas","8":"product_cat-artistas","9":"product_cat-guitarras","10":"pa_artiste-noel-gallagher-es","11":"pa_disponibilite-vendido","12":"pa_marque-martin-co-es","14":"first","15":"outofstock","16":"shipping-taxable","17":"product-type-simple"},"yoast_head":"<!-- This site is optimized with the Yoast SEO plugin v26.8 - https:\/\/yoast.com\/product\/yoast-seo-wordpress\/ -->\n<title>Martin D-28E 1963 Ex Noel Gallagher - Matt&#039;s Guitar Shop<\/title>\n<meta name=\"description\" content=\"La leyenda brit\u00e1nica utiliz\u00f3 esta Martin como herramienta de inspiraci\u00f3n antes de dejarla en libertad.\" \/>\n<meta name=\"robots\" content=\"index, follow, max-snippet:-1, max-image-preview:large, max-video-preview:-1\" \/>\n<link rel=\"canonical\" href=\"https:\/\/www.matts-guitar-shop.com\/es\/produit\/martin-d-28e-1963-ex-noel-gallagher\/\" \/>\n<meta property=\"og:locale\" content=\"es_ES\" \/>\n<meta property=\"og:type\" content=\"article\" \/>\n<meta property=\"og:title\" content=\"Martin D-28E 1963 Ex Noel Gallagher - Matt&#039;s Guitar Shop\" \/>\n<meta property=\"og:description\" content=\"La leyenda brit\u00e1nica utiliz\u00f3 esta Martin como herramienta de inspiraci\u00f3n antes de dejarla en libertad.\" \/>\n<meta property=\"og:url\" content=\"https:\/\/www.matts-guitar-shop.com\/es\/produit\/martin-d-28e-1963-ex-noel-gallagher\/\" \/>\n<meta property=\"og:site_name\" content=\"Matt&#039;s Guitar Shop\" \/>\n<meta property=\"article:publisher\" content=\"https:\/\/www.facebook.com\/profile.php?id=100044359842817\" \/>\n<meta property=\"article:modified_time\" content=\"2025-10-17T20:26:02+00:00\" \/>\n<meta property=\"og:image\" content=\"https:\/\/www.matts-guitar-shop.com\/wp-content\/uploads\/2024\/08\/martin-d-28e-1963-noel-gallagher-guitare-00.jpg\" \/>\n\t<meta property=\"og:image:width\" content=\"700\" \/>\n\t<meta property=\"og:image:height\" content=\"1011\" \/>\n\t<meta property=\"og:image:type\" content=\"image\/jpeg\" \/>\n<meta name=\"twitter:card\" content=\"summary_large_image\" \/>\n<meta name=\"twitter:label1\" content=\"Tiempo de lectura\" \/>\n\t<meta name=\"twitter:data1\" content=\"2 minutos\" \/>\n<script type=\"application\/ld+json\" class=\"yoast-schema-graph\">{\"@context\":\"https:\/\/schema.org\",\"@graph\":[{\"@type\":\"WebPage\",\"@id\":\"https:\/\/www.matts-guitar-shop.com\/es\/produit\/martin-d-28e-1963-ex-noel-gallagher\/\",\"url\":\"https:\/\/www.matts-guitar-shop.com\/es\/produit\/martin-d-28e-1963-ex-noel-gallagher\/\",\"name\":\"Martin D-28E 1963 Ex Noel Gallagher - Matt&#039;s Guitar Shop\",\"isPartOf\":{\"@id\":\"https:\/\/www.matts-guitar-shop.com\/es\/#website\"},\"primaryImageOfPage\":{\"@id\":\"https:\/\/www.matts-guitar-shop.com\/es\/produit\/martin-d-28e-1963-ex-noel-gallagher\/#primaryimage\"},\"image\":{\"@id\":\"https:\/\/www.matts-guitar-shop.com\/es\/produit\/martin-d-28e-1963-ex-noel-gallagher\/#primaryimage\"},\"thumbnailUrl\":\"https:\/\/www.matts-guitar-shop.com\/wp-content\/uploads\/2024\/08\/martin-d-28e-1963-noel-gallagher-guitare-00.jpg\",\"datePublished\":\"2024-08-30T19:00:36+00:00\",\"dateModified\":\"2025-10-17T20:26:02+00:00\",\"description\":\"La leyenda brit\u00e1nica utiliz\u00f3 esta Martin como herramienta de inspiraci\u00f3n antes de dejarla en libertad.\",\"breadcrumb\":{\"@id\":\"https:\/\/www.matts-guitar-shop.com\/es\/produit\/martin-d-28e-1963-ex-noel-gallagher\/#breadcrumb\"},\"inLanguage\":\"es\",\"potentialAction\":[{\"@type\":\"ReadAction\",\"target\":[\"https:\/\/www.matts-guitar-shop.com\/es\/produit\/martin-d-28e-1963-ex-noel-gallagher\/\"]}]},{\"@type\":\"ImageObject\",\"inLanguage\":\"es\",\"@id\":\"https:\/\/www.matts-guitar-shop.com\/es\/produit\/martin-d-28e-1963-ex-noel-gallagher\/#primaryimage\",\"url\":\"https:\/\/www.matts-guitar-shop.com\/wp-content\/uploads\/2024\/08\/martin-d-28e-1963-noel-gallagher-guitare-00.jpg\",\"contentUrl\":\"https:\/\/www.matts-guitar-shop.com\/wp-content\/uploads\/2024\/08\/martin-d-28e-1963-noel-gallagher-guitare-00.jpg\",\"width\":700,\"height\":1011},{\"@type\":\"BreadcrumbList\",\"@id\":\"https:\/\/www.matts-guitar-shop.com\/es\/produit\/martin-d-28e-1963-ex-noel-gallagher\/#breadcrumb\",\"itemListElement\":[{\"@type\":\"ListItem\",\"position\":1,\"name\":\"Inicio\",\"item\":\"https:\/\/www.matts-guitar-shop.com\/es\/\"},{\"@type\":\"ListItem\",\"position\":2,\"name\":\"Tienda\",\"item\":\"https:\/\/www.matts-guitar-shop.com\/es\/tienda\/\"},{\"@type\":\"ListItem\",\"position\":3,\"name\":\"Martin D-28E 1963 Ex Noel Gallagher\"}]},{\"@type\":\"WebSite\",\"@id\":\"https:\/\/www.matts-guitar-shop.com\/es\/#website\",\"url\":\"https:\/\/www.matts-guitar-shop.com\/es\/\",\"name\":\"matts-guitar-shop.com\",\"description\":\"Guitar Shop\",\"publisher\":{\"@id\":\"https:\/\/www.matts-guitar-shop.com\/es\/#organization\"},\"potentialAction\":[{\"@type\":\"SearchAction\",\"target\":{\"@type\":\"EntryPoint\",\"urlTemplate\":\"https:\/\/www.matts-guitar-shop.com\/es\/?s={search_term_string}\"},\"query-input\":{\"@type\":\"PropertyValueSpecification\",\"valueRequired\":true,\"valueName\":\"search_term_string\"}}],\"inLanguage\":\"es\"},{\"@type\":\"Organization\",\"@id\":\"https:\/\/www.matts-guitar-shop.com\/es\/#organization\",\"name\":\"matts-guitar-shop.com\",\"url\":\"https:\/\/www.matts-guitar-shop.com\/es\/\",\"logo\":{\"@type\":\"ImageObject\",\"inLanguage\":\"es\",\"@id\":\"https:\/\/www.matts-guitar-shop.com\/es\/#\/schema\/logo\/image\/\",\"url\":\"https:\/\/www.matts-guitar-shop.com\/wp-content\/uploads\/2024\/09\/MGS-logo-site-02.png\",\"contentUrl\":\"https:\/\/www.matts-guitar-shop.com\/wp-content\/uploads\/2024\/09\/MGS-logo-site-02.png\",\"width\":200,\"height\":122,\"caption\":\"matts-guitar-shop.com\"},\"image\":{\"@id\":\"https:\/\/www.matts-guitar-shop.com\/es\/#\/schema\/logo\/image\/\"},\"sameAs\":[\"https:\/\/www.facebook.com\/profile.php?id=100044359842817\",\"https:\/\/www.instagram.com\/mattsguitarshop\/\",\"https:\/\/www.youtube.com\/@MattLucasMan\/videos\"]}]}<\/script>\n<!-- \/ Yoast SEO plugin. -->","yoast_head_json":{"title":"Martin D-28E 1963 Ex Noel Gallagher - Matt&#039;s Guitar Shop","description":"La leyenda brit\u00e1nica utiliz\u00f3 esta Martin como herramienta de inspiraci\u00f3n antes de dejarla en libertad.","robots":{"index":"index","follow":"follow","max-snippet":"max-snippet:-1","max-image-preview":"max-image-preview:large","max-video-preview":"max-video-preview:-1"},"canonical":"https:\/\/www.matts-guitar-shop.com\/es\/produit\/martin-d-28e-1963-ex-noel-gallagher\/","og_locale":"es_ES","og_type":"article","og_title":"Martin D-28E 1963 Ex Noel Gallagher - Matt&#039;s Guitar Shop","og_description":"La leyenda brit\u00e1nica utiliz\u00f3 esta Martin como herramienta de inspiraci\u00f3n antes de dejarla en libertad.","og_url":"https:\/\/www.matts-guitar-shop.com\/es\/produit\/martin-d-28e-1963-ex-noel-gallagher\/","og_site_name":"Matt&#039;s Guitar Shop","article_publisher":"https:\/\/www.facebook.com\/profile.php?id=100044359842817","article_modified_time":"2025-10-17T20:26:02+00:00","og_image":[{"width":700,"height":1011,"url":"https:\/\/www.matts-guitar-shop.com\/wp-content\/uploads\/2024\/08\/martin-d-28e-1963-noel-gallagher-guitare-00.jpg","type":"image\/jpeg"}],"twitter_card":"summary_large_image","twitter_misc":{"Tiempo de lectura":"2 minutos"},"schema":{"@context":"https:\/\/schema.org","@graph":[{"@type":"WebPage","@id":"https:\/\/www.matts-guitar-shop.com\/es\/produit\/martin-d-28e-1963-ex-noel-gallagher\/","url":"https:\/\/www.matts-guitar-shop.com\/es\/produit\/martin-d-28e-1963-ex-noel-gallagher\/","name":"Martin D-28E 1963 Ex Noel Gallagher - Matt&#039;s Guitar Shop","isPartOf":{"@id":"https:\/\/www.matts-guitar-shop.com\/es\/#website"},"primaryImageOfPage":{"@id":"https:\/\/www.matts-guitar-shop.com\/es\/produit\/martin-d-28e-1963-ex-noel-gallagher\/#primaryimage"},"image":{"@id":"https:\/\/www.matts-guitar-shop.com\/es\/produit\/martin-d-28e-1963-ex-noel-gallagher\/#primaryimage"},"thumbnailUrl":"https:\/\/www.matts-guitar-shop.com\/wp-content\/uploads\/2024\/08\/martin-d-28e-1963-noel-gallagher-guitare-00.jpg","datePublished":"2024-08-30T19:00:36+00:00","dateModified":"2025-10-17T20:26:02+00:00","description":"La leyenda brit\u00e1nica utiliz\u00f3 esta Martin como herramienta de inspiraci\u00f3n antes de dejarla en libertad.","breadcrumb":{"@id":"https:\/\/www.matts-guitar-shop.com\/es\/produit\/martin-d-28e-1963-ex-noel-gallagher\/#breadcrumb"},"inLanguage":"es","potentialAction":[{"@type":"ReadAction","target":["https:\/\/www.matts-guitar-shop.com\/es\/produit\/martin-d-28e-1963-ex-noel-gallagher\/"]}]},{"@type":"ImageObject","inLanguage":"es","@id":"https:\/\/www.matts-guitar-shop.com\/es\/produit\/martin-d-28e-1963-ex-noel-gallagher\/#primaryimage","url":"https:\/\/www.matts-guitar-shop.com\/wp-content\/uploads\/2024\/08\/martin-d-28e-1963-noel-gallagher-guitare-00.jpg","contentUrl":"https:\/\/www.matts-guitar-shop.com\/wp-content\/uploads\/2024\/08\/martin-d-28e-1963-noel-gallagher-guitare-00.jpg","width":700,"height":1011},{"@type":"BreadcrumbList","@id":"https:\/\/www.matts-guitar-shop.com\/es\/produit\/martin-d-28e-1963-ex-noel-gallagher\/#breadcrumb","itemListElement":[{"@type":"ListItem","position":1,"name":"Inicio","item":"https:\/\/www.matts-guitar-shop.com\/es\/"},{"@type":"ListItem","position":2,"name":"Tienda","item":"https:\/\/www.matts-guitar-shop.com\/es\/tienda\/"},{"@type":"ListItem","position":3,"name":"Martin D-28E 1963 Ex Noel Gallagher"}]},{"@type":"WebSite","@id":"https:\/\/www.matts-guitar-shop.com\/es\/#website","url":"https:\/\/www.matts-guitar-shop.com\/es\/","name":"matts-guitar-shop.com","description":"Guitar Shop","publisher":{"@id":"https:\/\/www.matts-guitar-shop.com\/es\/#organization"},"potentialAction":[{"@type":"SearchAction","target":{"@type":"EntryPoint","urlTemplate":"https:\/\/www.matts-guitar-shop.com\/es\/?s={search_term_string}"},"query-input":{"@type":"PropertyValueSpecification","valueRequired":true,"valueName":"search_term_string"}}],"inLanguage":"es"},{"@type":"Organization","@id":"https:\/\/www.matts-guitar-shop.com\/es\/#organization","name":"matts-guitar-shop.com","url":"https:\/\/www.matts-guitar-shop.com\/es\/","logo":{"@type":"ImageObject","inLanguage":"es","@id":"https:\/\/www.matts-guitar-shop.com\/es\/#\/schema\/logo\/image\/","url":"https:\/\/www.matts-guitar-shop.com\/wp-content\/uploads\/2024\/09\/MGS-logo-site-02.png","contentUrl":"https:\/\/www.matts-guitar-shop.com\/wp-content\/uploads\/2024\/09\/MGS-logo-site-02.png","width":200,"height":122,"caption":"matts-guitar-shop.com"},"image":{"@id":"https:\/\/www.matts-guitar-shop.com\/es\/#\/schema\/logo\/image\/"},"sameAs":["https:\/\/www.facebook.com\/profile.php?id=100044359842817","https:\/\/www.instagram.com\/mattsguitarshop\/","https:\/\/www.youtube.com\/@MattLucasMan\/videos"]}]}},"_links":{"self":[{"href":"https:\/\/www.matts-guitar-shop.com\/es\/wp-json\/wp\/v2\/product\/18297","targetHints":{"allow":["GET"]}}],"collection":[{"href":"https:\/\/www.matts-guitar-shop.com\/es\/wp-json\/wp\/v2\/product"}],"about":[{"href":"https:\/\/www.matts-guitar-shop.com\/es\/wp-json\/wp\/v2\/types\/product"}],"replies":[{"embeddable":true,"href":"https:\/\/www.matts-guitar-shop.com\/es\/wp-json\/wp\/v2\/comments?post=18297"}],"wp:featuredmedia":[{"embeddable":true,"href":"https:\/\/www.matts-guitar-shop.com\/es\/wp-json\/wp\/v2\/media\/18312"}],"wp:attachment":[{"href":"https:\/\/www.matts-guitar-shop.com\/es\/wp-json\/wp\/v2\/media?parent=18297"}],"wp:term":[{"taxonomy":"product_brand","embeddable":true,"href":"https:\/\/www.matts-guitar-shop.com\/es\/wp-json\/wp\/v2\/product_brand?post=18297"},{"taxonomy":"product_cat","embeddable":true,"href":"https:\/\/www.matts-guitar-shop.com\/es\/wp-json\/wp\/v2\/product_cat?post=18297"},{"taxonomy":"product_tag","embeddable":true,"href":"https:\/\/www.matts-guitar-shop.com\/es\/wp-json\/wp\/v2\/product_tag?post=18297"}],"curies":[{"name":"wp","href":"https:\/\/api.w.org\/{rel}","templated":true}]}}