{"id":18276,"date":"2024-08-30T20:45:00","date_gmt":"2024-08-30T18:45:00","guid":{"rendered":"https:\/\/www.matts-guitar-shop.com\/produit\/martin-d-45-cocobolo-ex-don-mclean-2016\/"},"modified":"2025-10-17T22:22:03","modified_gmt":"2025-10-17T20:22:03","slug":"martin-d-45-cocobolo-ex-don-mclean-2016","status":"publish","type":"product","link":"https:\/\/www.matts-guitar-shop.com\/es\/produit\/martin-d-45-cocobolo-ex-don-mclean-2016\/","title":{"rendered":"Martin D-45 Cocobolo ex-Don McLean &#8211; 2016"},"content":{"rendered":"<p>Martin D-45 Cocobolo ex-Don McLean &#8211; 2016<\/p>\n","protected":false},"excerpt":{"rendered":"<p>\u00a1Si tiene preguntas sobre este producto, cont\u00e1ctenos!<\/p>\n","protected":false},"featured_media":18277,"comment_status":"open","ping_status":"closed","template":"","meta":{"_et_pb_use_builder":"","_et_pb_old_content":"","_et_gb_content_width":""},"product_brand":[],"product_cat":[654,657,655],"product_tag":[],"class_list":{"0":"post-18276","1":"product","2":"type-product","3":"status-publish","4":"has-post-thumbnail","6":"product_cat-vendidos","7":"product_cat-guitarras-acusticas","8":"product_cat-guitarras","9":"pa_artiste-don-mclean-es","10":"pa_disponibilite-vendido","11":"pa_marque-martin-co-es","13":"first","14":"outofstock","15":"shipping-taxable","16":"product-type-simple"},"yoast_head":"<!-- This site is optimized with the Yoast SEO plugin v26.8 - https:\/\/yoast.com\/product\/yoast-seo-wordpress\/ -->\n<title>Martin D-45 Cocobolo ex-Don McLean - 2016 - Matt&#039;s Guitar Shop<\/title>\n<meta name=\"description\" content=\"Martin D-45 Cocobolo ex-Don McLean (2016) \u2014 guitarra ac\u00fastica de excepci\u00f3n con fondo de cocobolo, pieza de colecci\u00f3n firmada, disponible en Matts Guitar Shop.\" \/>\n<meta name=\"robots\" content=\"index, follow, max-snippet:-1, max-image-preview:large, max-video-preview:-1\" \/>\n<link rel=\"canonical\" href=\"https:\/\/www.matts-guitar-shop.com\/es\/produit\/martin-d-45-cocobolo-ex-don-mclean-2016\/\" \/>\n<meta property=\"og:locale\" content=\"es_ES\" \/>\n<meta property=\"og:type\" content=\"article\" \/>\n<meta property=\"og:title\" content=\"Martin D-45 Cocobolo ex-Don McLean - 2016 - Matt&#039;s Guitar Shop\" \/>\n<meta property=\"og:description\" content=\"Martin D-45 Cocobolo ex-Don McLean (2016) \u2014 guitarra ac\u00fastica de excepci\u00f3n con fondo de cocobolo, pieza de colecci\u00f3n firmada, disponible en Matts Guitar Shop.\" \/>\n<meta property=\"og:url\" content=\"https:\/\/www.matts-guitar-shop.com\/es\/produit\/martin-d-45-cocobolo-ex-don-mclean-2016\/\" \/>\n<meta property=\"og:site_name\" content=\"Matt&#039;s Guitar Shop\" \/>\n<meta property=\"article:publisher\" content=\"https:\/\/www.facebook.com\/profile.php?id=100044359842817\" \/>\n<meta property=\"article:modified_time\" content=\"2025-10-17T20:22:03+00:00\" \/>\n<meta property=\"og:image\" content=\"https:\/\/www.matts-guitar-shop.com\/wp-content\/uploads\/2024\/08\/Martin-D-45-Cocobolo-Ex-Don-McClean-guitare-00.jpg\" \/>\n\t<meta property=\"og:image:width\" content=\"700\" \/>\n\t<meta property=\"og:image:height\" content=\"1011\" \/>\n\t<meta property=\"og:image:type\" content=\"image\/jpeg\" \/>\n<meta name=\"twitter:card\" content=\"summary_large_image\" \/>\n<script type=\"application\/ld+json\" class=\"yoast-schema-graph\">{\"@context\":\"https:\/\/schema.org\",\"@graph\":[{\"@type\":\"WebPage\",\"@id\":\"https:\/\/www.matts-guitar-shop.com\/es\/produit\/martin-d-45-cocobolo-ex-don-mclean-2016\/\",\"url\":\"https:\/\/www.matts-guitar-shop.com\/es\/produit\/martin-d-45-cocobolo-ex-don-mclean-2016\/\",\"name\":\"Martin D-45 Cocobolo ex-Don McLean - 2016 - Matt&#039;s Guitar Shop\",\"isPartOf\":{\"@id\":\"https:\/\/www.matts-guitar-shop.com\/es\/#website\"},\"primaryImageOfPage\":{\"@id\":\"https:\/\/www.matts-guitar-shop.com\/es\/produit\/martin-d-45-cocobolo-ex-don-mclean-2016\/#primaryimage\"},\"image\":{\"@id\":\"https:\/\/www.matts-guitar-shop.com\/es\/produit\/martin-d-45-cocobolo-ex-don-mclean-2016\/#primaryimage\"},\"thumbnailUrl\":\"https:\/\/www.matts-guitar-shop.com\/wp-content\/uploads\/2024\/08\/Martin-D-45-Cocobolo-Ex-Don-McClean-guitare-00.jpg\",\"datePublished\":\"2024-08-30T18:45:00+00:00\",\"dateModified\":\"2025-10-17T20:22:03+00:00\",\"description\":\"Martin D-45 Cocobolo ex-Don McLean (2016) \u2014 guitarra ac\u00fastica de excepci\u00f3n con fondo de cocobolo, pieza de colecci\u00f3n firmada, disponible en Matts Guitar Shop.\",\"breadcrumb\":{\"@id\":\"https:\/\/www.matts-guitar-shop.com\/es\/produit\/martin-d-45-cocobolo-ex-don-mclean-2016\/#breadcrumb\"},\"inLanguage\":\"es\",\"potentialAction\":[{\"@type\":\"ReadAction\",\"target\":[\"https:\/\/www.matts-guitar-shop.com\/es\/produit\/martin-d-45-cocobolo-ex-don-mclean-2016\/\"]}]},{\"@type\":\"ImageObject\",\"inLanguage\":\"es\",\"@id\":\"https:\/\/www.matts-guitar-shop.com\/es\/produit\/martin-d-45-cocobolo-ex-don-mclean-2016\/#primaryimage\",\"url\":\"https:\/\/www.matts-guitar-shop.com\/wp-content\/uploads\/2024\/08\/Martin-D-45-Cocobolo-Ex-Don-McClean-guitare-00.jpg\",\"contentUrl\":\"https:\/\/www.matts-guitar-shop.com\/wp-content\/uploads\/2024\/08\/Martin-D-45-Cocobolo-Ex-Don-McClean-guitare-00.jpg\",\"width\":700,\"height\":1011},{\"@type\":\"BreadcrumbList\",\"@id\":\"https:\/\/www.matts-guitar-shop.com\/es\/produit\/martin-d-45-cocobolo-ex-don-mclean-2016\/#breadcrumb\",\"itemListElement\":[{\"@type\":\"ListItem\",\"position\":1,\"name\":\"Inicio\",\"item\":\"https:\/\/www.matts-guitar-shop.com\/es\/\"},{\"@type\":\"ListItem\",\"position\":2,\"name\":\"Tienda\",\"item\":\"https:\/\/www.matts-guitar-shop.com\/es\/tienda\/\"},{\"@type\":\"ListItem\",\"position\":3,\"name\":\"Martin D-45 Cocobolo ex-Don McLean &#8211; 2016\"}]},{\"@type\":\"WebSite\",\"@id\":\"https:\/\/www.matts-guitar-shop.com\/es\/#website\",\"url\":\"https:\/\/www.matts-guitar-shop.com\/es\/\",\"name\":\"matts-guitar-shop.com\",\"description\":\"Guitar Shop\",\"publisher\":{\"@id\":\"https:\/\/www.matts-guitar-shop.com\/es\/#organization\"},\"potentialAction\":[{\"@type\":\"SearchAction\",\"target\":{\"@type\":\"EntryPoint\",\"urlTemplate\":\"https:\/\/www.matts-guitar-shop.com\/es\/?s={search_term_string}\"},\"query-input\":{\"@type\":\"PropertyValueSpecification\",\"valueRequired\":true,\"valueName\":\"search_term_string\"}}],\"inLanguage\":\"es\"},{\"@type\":\"Organization\",\"@id\":\"https:\/\/www.matts-guitar-shop.com\/es\/#organization\",\"name\":\"matts-guitar-shop.com\",\"url\":\"https:\/\/www.matts-guitar-shop.com\/es\/\",\"logo\":{\"@type\":\"ImageObject\",\"inLanguage\":\"es\",\"@id\":\"https:\/\/www.matts-guitar-shop.com\/es\/#\/schema\/logo\/image\/\",\"url\":\"https:\/\/www.matts-guitar-shop.com\/wp-content\/uploads\/2024\/09\/MGS-logo-site-02.png\",\"contentUrl\":\"https:\/\/www.matts-guitar-shop.com\/wp-content\/uploads\/2024\/09\/MGS-logo-site-02.png\",\"width\":200,\"height\":122,\"caption\":\"matts-guitar-shop.com\"},\"image\":{\"@id\":\"https:\/\/www.matts-guitar-shop.com\/es\/#\/schema\/logo\/image\/\"},\"sameAs\":[\"https:\/\/www.facebook.com\/profile.php?id=100044359842817\",\"https:\/\/www.instagram.com\/mattsguitarshop\/\",\"https:\/\/www.youtube.com\/@MattLucasMan\/videos\"]}]}<\/script>\n<!-- \/ Yoast SEO plugin. -->","yoast_head_json":{"title":"Martin D-45 Cocobolo ex-Don McLean - 2016 - Matt&#039;s Guitar Shop","description":"Martin D-45 Cocobolo ex-Don McLean (2016) \u2014 guitarra ac\u00fastica de excepci\u00f3n con fondo de cocobolo, pieza de colecci\u00f3n firmada, disponible en Matts Guitar Shop.","robots":{"index":"index","follow":"follow","max-snippet":"max-snippet:-1","max-image-preview":"max-image-preview:large","max-video-preview":"max-video-preview:-1"},"canonical":"https:\/\/www.matts-guitar-shop.com\/es\/produit\/martin-d-45-cocobolo-ex-don-mclean-2016\/","og_locale":"es_ES","og_type":"article","og_title":"Martin D-45 Cocobolo ex-Don McLean - 2016 - Matt&#039;s Guitar Shop","og_description":"Martin D-45 Cocobolo ex-Don McLean (2016) \u2014 guitarra ac\u00fastica de excepci\u00f3n con fondo de cocobolo, pieza de colecci\u00f3n firmada, disponible en Matts Guitar Shop.","og_url":"https:\/\/www.matts-guitar-shop.com\/es\/produit\/martin-d-45-cocobolo-ex-don-mclean-2016\/","og_site_name":"Matt&#039;s Guitar Shop","article_publisher":"https:\/\/www.facebook.com\/profile.php?id=100044359842817","article_modified_time":"2025-10-17T20:22:03+00:00","og_image":[{"width":700,"height":1011,"url":"https:\/\/www.matts-guitar-shop.com\/wp-content\/uploads\/2024\/08\/Martin-D-45-Cocobolo-Ex-Don-McClean-guitare-00.jpg","type":"image\/jpeg"}],"twitter_card":"summary_large_image","schema":{"@context":"https:\/\/schema.org","@graph":[{"@type":"WebPage","@id":"https:\/\/www.matts-guitar-shop.com\/es\/produit\/martin-d-45-cocobolo-ex-don-mclean-2016\/","url":"https:\/\/www.matts-guitar-shop.com\/es\/produit\/martin-d-45-cocobolo-ex-don-mclean-2016\/","name":"Martin D-45 Cocobolo ex-Don McLean - 2016 - Matt&#039;s Guitar Shop","isPartOf":{"@id":"https:\/\/www.matts-guitar-shop.com\/es\/#website"},"primaryImageOfPage":{"@id":"https:\/\/www.matts-guitar-shop.com\/es\/produit\/martin-d-45-cocobolo-ex-don-mclean-2016\/#primaryimage"},"image":{"@id":"https:\/\/www.matts-guitar-shop.com\/es\/produit\/martin-d-45-cocobolo-ex-don-mclean-2016\/#primaryimage"},"thumbnailUrl":"https:\/\/www.matts-guitar-shop.com\/wp-content\/uploads\/2024\/08\/Martin-D-45-Cocobolo-Ex-Don-McClean-guitare-00.jpg","datePublished":"2024-08-30T18:45:00+00:00","dateModified":"2025-10-17T20:22:03+00:00","description":"Martin D-45 Cocobolo ex-Don McLean (2016) \u2014 guitarra ac\u00fastica de excepci\u00f3n con fondo de cocobolo, pieza de colecci\u00f3n firmada, disponible en Matts Guitar Shop.","breadcrumb":{"@id":"https:\/\/www.matts-guitar-shop.com\/es\/produit\/martin-d-45-cocobolo-ex-don-mclean-2016\/#breadcrumb"},"inLanguage":"es","potentialAction":[{"@type":"ReadAction","target":["https:\/\/www.matts-guitar-shop.com\/es\/produit\/martin-d-45-cocobolo-ex-don-mclean-2016\/"]}]},{"@type":"ImageObject","inLanguage":"es","@id":"https:\/\/www.matts-guitar-shop.com\/es\/produit\/martin-d-45-cocobolo-ex-don-mclean-2016\/#primaryimage","url":"https:\/\/www.matts-guitar-shop.com\/wp-content\/uploads\/2024\/08\/Martin-D-45-Cocobolo-Ex-Don-McClean-guitare-00.jpg","contentUrl":"https:\/\/www.matts-guitar-shop.com\/wp-content\/uploads\/2024\/08\/Martin-D-45-Cocobolo-Ex-Don-McClean-guitare-00.jpg","width":700,"height":1011},{"@type":"BreadcrumbList","@id":"https:\/\/www.matts-guitar-shop.com\/es\/produit\/martin-d-45-cocobolo-ex-don-mclean-2016\/#breadcrumb","itemListElement":[{"@type":"ListItem","position":1,"name":"Inicio","item":"https:\/\/www.matts-guitar-shop.com\/es\/"},{"@type":"ListItem","position":2,"name":"Tienda","item":"https:\/\/www.matts-guitar-shop.com\/es\/tienda\/"},{"@type":"ListItem","position":3,"name":"Martin D-45 Cocobolo ex-Don McLean &#8211; 2016"}]},{"@type":"WebSite","@id":"https:\/\/www.matts-guitar-shop.com\/es\/#website","url":"https:\/\/www.matts-guitar-shop.com\/es\/","name":"matts-guitar-shop.com","description":"Guitar Shop","publisher":{"@id":"https:\/\/www.matts-guitar-shop.com\/es\/#organization"},"potentialAction":[{"@type":"SearchAction","target":{"@type":"EntryPoint","urlTemplate":"https:\/\/www.matts-guitar-shop.com\/es\/?s={search_term_string}"},"query-input":{"@type":"PropertyValueSpecification","valueRequired":true,"valueName":"search_term_string"}}],"inLanguage":"es"},{"@type":"Organization","@id":"https:\/\/www.matts-guitar-shop.com\/es\/#organization","name":"matts-guitar-shop.com","url":"https:\/\/www.matts-guitar-shop.com\/es\/","logo":{"@type":"ImageObject","inLanguage":"es","@id":"https:\/\/www.matts-guitar-shop.com\/es\/#\/schema\/logo\/image\/","url":"https:\/\/www.matts-guitar-shop.com\/wp-content\/uploads\/2024\/09\/MGS-logo-site-02.png","contentUrl":"https:\/\/www.matts-guitar-shop.com\/wp-content\/uploads\/2024\/09\/MGS-logo-site-02.png","width":200,"height":122,"caption":"matts-guitar-shop.com"},"image":{"@id":"https:\/\/www.matts-guitar-shop.com\/es\/#\/schema\/logo\/image\/"},"sameAs":["https:\/\/www.facebook.com\/profile.php?id=100044359842817","https:\/\/www.instagram.com\/mattsguitarshop\/","https:\/\/www.youtube.com\/@MattLucasMan\/videos"]}]}},"_links":{"self":[{"href":"https:\/\/www.matts-guitar-shop.com\/es\/wp-json\/wp\/v2\/product\/18276","targetHints":{"allow":["GET"]}}],"collection":[{"href":"https:\/\/www.matts-guitar-shop.com\/es\/wp-json\/wp\/v2\/product"}],"about":[{"href":"https:\/\/www.matts-guitar-shop.com\/es\/wp-json\/wp\/v2\/types\/product"}],"replies":[{"embeddable":true,"href":"https:\/\/www.matts-guitar-shop.com\/es\/wp-json\/wp\/v2\/comments?post=18276"}],"wp:featuredmedia":[{"embeddable":true,"href":"https:\/\/www.matts-guitar-shop.com\/es\/wp-json\/wp\/v2\/media\/18277"}],"wp:attachment":[{"href":"https:\/\/www.matts-guitar-shop.com\/es\/wp-json\/wp\/v2\/media?parent=18276"}],"wp:term":[{"taxonomy":"product_brand","embeddable":true,"href":"https:\/\/www.matts-guitar-shop.com\/es\/wp-json\/wp\/v2\/product_brand?post=18276"},{"taxonomy":"product_cat","embeddable":true,"href":"https:\/\/www.matts-guitar-shop.com\/es\/wp-json\/wp\/v2\/product_cat?post=18276"},{"taxonomy":"product_tag","embeddable":true,"href":"https:\/\/www.matts-guitar-shop.com\/es\/wp-json\/wp\/v2\/product_tag?post=18276"}],"curies":[{"name":"wp","href":"https:\/\/api.w.org\/{rel}","templated":true}]}}