{"id":18170,"date":"2024-09-02T15:21:17","date_gmt":"2024-09-02T13:21:17","guid":{"rendered":"https:\/\/www.matts-guitar-shop.com\/produit\/yamaha-ll56-ex-scott-holiday-rival-sons\/"},"modified":"2025-10-17T21:51:28","modified_gmt":"2025-10-17T19:51:28","slug":"yamaha-ll56-ex-scott-holiday-rival-sons","status":"publish","type":"product","link":"https:\/\/www.matts-guitar-shop.com\/es\/produit\/yamaha-ll56-ex-scott-holiday-rival-sons\/","title":{"rendered":"Yamaha LL56 Ex Scott Holiday Rival Sons"},"content":{"rendered":"<p>Scott Holiday<\/p>\n","protected":false},"excerpt":{"rendered":"<p><strong>En el panorama del rock americano, la banda Rival Sons ocupa un lugar energ\u00e9tico defendido con fuerza en los escenarios de todo el mundo con guitarras el\u00e9ctricas estridentes y riffs ensordecedores. De este cuadro emergi\u00f3 el carism\u00e1tico Scott Holiday, l\u00edder r\u00edtmico del grupo y pilar de los solos contagiosos. Pero, \u00bfqu\u00e9 ser\u00eda una banda de rock sin baladas tranquilas, suaves y m\u00e1s melanc\u00f3licas? En el frente ac\u00fastico, el guitarrista es aficionado a las guitarras Yamaha. Esta magn\u00edfica LL56 form\u00f3 parte del arsenal de Scott Holiday en las giras: es un prototipo usado durante varios a\u00f1os para acompa\u00f1ar las canciones de Rival Sons.<\/strong><\/p>\n<p>Entre las guitarras ac\u00fasticas fabricadas por Yamaha, la LL56 es un instrumento absolutamente excepcional. Su excelente sonido y su volumen claro han convencido a varios artistas para usarla en actuaciones melodiosas. Este magn\u00edfico modelo Custom Shop rinde homenaje a toda la serie L de la marca japonesa con una versi\u00f3n Deluxe. La guitarra propuesta por Matt\u2019s Guitar Shop es un prototipo de la LL56 lanzado en 2011. Vestida con una tapa de abeto macizo, esta guitarra tiene el fondo y los aros de palisandro macizo mientras que las incrustaciones son de n\u00e1car abalone. Ofrece una gran din\u00e1mica y una jugabilidad excepcional. Scott Holiday toc\u00f3 esta guitarra durante varios a\u00f1os en grabaciones y en escena, firm\u00e1ndola en la pala. Tambi\u00e9n cabe destacar la etiqueta pegada en la parte trasera de la pala que indica la afinaci\u00f3n preferida por el guitarrista de Rival Sons&#8230; \u00a1Una guitarra magn\u00edfica lista para salir de gira, disponible en Matt\u2019s Guitar Shop!<\/p>\n<p><strong>Si tienes preguntas sobre este producto, \u00a1cont\u00e1ctanos!<\/strong><\/p>\n","protected":false},"featured_media":18171,"comment_status":"open","ping_status":"closed","template":"","meta":{"_et_pb_use_builder":"","_et_pb_old_content":"","_et_gb_content_width":""},"product_brand":[],"product_cat":[657,652,655],"product_tag":[],"class_list":{"0":"post-18170","1":"product","2":"type-product","3":"status-publish","4":"has-post-thumbnail","6":"product_cat-guitarras-acusticas","7":"product_cat-artistas","8":"product_cat-guitarras","9":"pa_artiste-scott-holiday-es","10":"pa_disponibilite-en-venta","11":"pa_marque-yamaha-es","13":"first","14":"instock","15":"shipping-taxable","16":"purchasable","17":"product-type-simple"},"yoast_head":"<!-- This site is optimized with the Yoast SEO plugin v26.8 - https:\/\/yoast.com\/product\/yoast-seo-wordpress\/ -->\n<title>Yamaha LL56 Ex Scott Holiday Rival Sons - Matt&#039;s Guitar Shop<\/title>\n<meta name=\"description\" content=\"En el horizonte del rock estadounidense, la banda Rival Sons ocupa un lugar en\u00e9rgico defendido con pasi\u00f3n en los escenarios de todo el mundo.\" \/>\n<meta name=\"robots\" content=\"index, follow, max-snippet:-1, max-image-preview:large, max-video-preview:-1\" \/>\n<link rel=\"canonical\" href=\"https:\/\/www.matts-guitar-shop.com\/es\/produit\/yamaha-ll56-ex-scott-holiday-rival-sons\/\" \/>\n<meta property=\"og:locale\" content=\"es_ES\" \/>\n<meta property=\"og:type\" content=\"article\" \/>\n<meta property=\"og:title\" content=\"Yamaha LL56 Ex Scott Holiday Rival Sons - Matt&#039;s Guitar Shop\" \/>\n<meta property=\"og:description\" content=\"En el horizonte del rock estadounidense, la banda Rival Sons ocupa un lugar en\u00e9rgico defendido con pasi\u00f3n en los escenarios de todo el mundo.\" \/>\n<meta property=\"og:url\" content=\"https:\/\/www.matts-guitar-shop.com\/es\/produit\/yamaha-ll56-ex-scott-holiday-rival-sons\/\" \/>\n<meta property=\"og:site_name\" content=\"Matt&#039;s Guitar Shop\" \/>\n<meta property=\"article:publisher\" content=\"https:\/\/www.facebook.com\/profile.php?id=100044359842817\" \/>\n<meta property=\"article:modified_time\" content=\"2025-10-17T19:51:28+00:00\" \/>\n<meta property=\"og:image\" content=\"https:\/\/www.matts-guitar-shop.com\/wp-content\/uploads\/2024\/09\/Yamaha-LL56-Ex-Scott-Holiday-Rival-Sons-guitare-00.jpg\" \/>\n\t<meta property=\"og:image:width\" content=\"900\" \/>\n\t<meta property=\"og:image:height\" content=\"1300\" \/>\n\t<meta property=\"og:image:type\" content=\"image\/jpeg\" \/>\n<meta name=\"twitter:card\" content=\"summary_large_image\" \/>\n<script type=\"application\/ld+json\" class=\"yoast-schema-graph\">{\"@context\":\"https:\/\/schema.org\",\"@graph\":[{\"@type\":\"WebPage\",\"@id\":\"https:\/\/www.matts-guitar-shop.com\/es\/produit\/yamaha-ll56-ex-scott-holiday-rival-sons\/\",\"url\":\"https:\/\/www.matts-guitar-shop.com\/es\/produit\/yamaha-ll56-ex-scott-holiday-rival-sons\/\",\"name\":\"Yamaha LL56 Ex Scott Holiday Rival Sons - Matt&#039;s Guitar Shop\",\"isPartOf\":{\"@id\":\"https:\/\/www.matts-guitar-shop.com\/es\/#website\"},\"primaryImageOfPage\":{\"@id\":\"https:\/\/www.matts-guitar-shop.com\/es\/produit\/yamaha-ll56-ex-scott-holiday-rival-sons\/#primaryimage\"},\"image\":{\"@id\":\"https:\/\/www.matts-guitar-shop.com\/es\/produit\/yamaha-ll56-ex-scott-holiday-rival-sons\/#primaryimage\"},\"thumbnailUrl\":\"https:\/\/www.matts-guitar-shop.com\/wp-content\/uploads\/2024\/09\/Yamaha-LL56-Ex-Scott-Holiday-Rival-Sons-guitare-00.jpg\",\"datePublished\":\"2024-09-02T13:21:17+00:00\",\"dateModified\":\"2025-10-17T19:51:28+00:00\",\"description\":\"En el horizonte del rock estadounidense, la banda Rival Sons ocupa un lugar en\u00e9rgico defendido con pasi\u00f3n en los escenarios de todo el mundo.\",\"breadcrumb\":{\"@id\":\"https:\/\/www.matts-guitar-shop.com\/es\/produit\/yamaha-ll56-ex-scott-holiday-rival-sons\/#breadcrumb\"},\"inLanguage\":\"es\",\"potentialAction\":[{\"@type\":\"ReadAction\",\"target\":[\"https:\/\/www.matts-guitar-shop.com\/es\/produit\/yamaha-ll56-ex-scott-holiday-rival-sons\/\"]}]},{\"@type\":\"ImageObject\",\"inLanguage\":\"es\",\"@id\":\"https:\/\/www.matts-guitar-shop.com\/es\/produit\/yamaha-ll56-ex-scott-holiday-rival-sons\/#primaryimage\",\"url\":\"https:\/\/www.matts-guitar-shop.com\/wp-content\/uploads\/2024\/09\/Yamaha-LL56-Ex-Scott-Holiday-Rival-Sons-guitare-00.jpg\",\"contentUrl\":\"https:\/\/www.matts-guitar-shop.com\/wp-content\/uploads\/2024\/09\/Yamaha-LL56-Ex-Scott-Holiday-Rival-Sons-guitare-00.jpg\",\"width\":900,\"height\":1300},{\"@type\":\"BreadcrumbList\",\"@id\":\"https:\/\/www.matts-guitar-shop.com\/es\/produit\/yamaha-ll56-ex-scott-holiday-rival-sons\/#breadcrumb\",\"itemListElement\":[{\"@type\":\"ListItem\",\"position\":1,\"name\":\"Inicio\",\"item\":\"https:\/\/www.matts-guitar-shop.com\/es\/\"},{\"@type\":\"ListItem\",\"position\":2,\"name\":\"Tienda\",\"item\":\"https:\/\/www.matts-guitar-shop.com\/es\/tienda\/\"},{\"@type\":\"ListItem\",\"position\":3,\"name\":\"Yamaha LL56 Ex Scott Holiday Rival Sons\"}]},{\"@type\":\"WebSite\",\"@id\":\"https:\/\/www.matts-guitar-shop.com\/es\/#website\",\"url\":\"https:\/\/www.matts-guitar-shop.com\/es\/\",\"name\":\"matts-guitar-shop.com\",\"description\":\"Guitar Shop\",\"publisher\":{\"@id\":\"https:\/\/www.matts-guitar-shop.com\/es\/#organization\"},\"potentialAction\":[{\"@type\":\"SearchAction\",\"target\":{\"@type\":\"EntryPoint\",\"urlTemplate\":\"https:\/\/www.matts-guitar-shop.com\/es\/?s={search_term_string}\"},\"query-input\":{\"@type\":\"PropertyValueSpecification\",\"valueRequired\":true,\"valueName\":\"search_term_string\"}}],\"inLanguage\":\"es\"},{\"@type\":\"Organization\",\"@id\":\"https:\/\/www.matts-guitar-shop.com\/es\/#organization\",\"name\":\"matts-guitar-shop.com\",\"url\":\"https:\/\/www.matts-guitar-shop.com\/es\/\",\"logo\":{\"@type\":\"ImageObject\",\"inLanguage\":\"es\",\"@id\":\"https:\/\/www.matts-guitar-shop.com\/es\/#\/schema\/logo\/image\/\",\"url\":\"https:\/\/www.matts-guitar-shop.com\/wp-content\/uploads\/2024\/09\/MGS-logo-site-02.png\",\"contentUrl\":\"https:\/\/www.matts-guitar-shop.com\/wp-content\/uploads\/2024\/09\/MGS-logo-site-02.png\",\"width\":200,\"height\":122,\"caption\":\"matts-guitar-shop.com\"},\"image\":{\"@id\":\"https:\/\/www.matts-guitar-shop.com\/es\/#\/schema\/logo\/image\/\"},\"sameAs\":[\"https:\/\/www.facebook.com\/profile.php?id=100044359842817\",\"https:\/\/www.instagram.com\/mattsguitarshop\/\",\"https:\/\/www.youtube.com\/@MattLucasMan\/videos\"]}]}<\/script>\n<!-- \/ Yoast SEO plugin. -->","yoast_head_json":{"title":"Yamaha LL56 Ex Scott Holiday Rival Sons - Matt&#039;s Guitar Shop","description":"En el horizonte del rock estadounidense, la banda Rival Sons ocupa un lugar en\u00e9rgico defendido con pasi\u00f3n en los escenarios de todo el mundo.","robots":{"index":"index","follow":"follow","max-snippet":"max-snippet:-1","max-image-preview":"max-image-preview:large","max-video-preview":"max-video-preview:-1"},"canonical":"https:\/\/www.matts-guitar-shop.com\/es\/produit\/yamaha-ll56-ex-scott-holiday-rival-sons\/","og_locale":"es_ES","og_type":"article","og_title":"Yamaha LL56 Ex Scott Holiday Rival Sons - Matt&#039;s Guitar Shop","og_description":"En el horizonte del rock estadounidense, la banda Rival Sons ocupa un lugar en\u00e9rgico defendido con pasi\u00f3n en los escenarios de todo el mundo.","og_url":"https:\/\/www.matts-guitar-shop.com\/es\/produit\/yamaha-ll56-ex-scott-holiday-rival-sons\/","og_site_name":"Matt&#039;s Guitar Shop","article_publisher":"https:\/\/www.facebook.com\/profile.php?id=100044359842817","article_modified_time":"2025-10-17T19:51:28+00:00","og_image":[{"width":900,"height":1300,"url":"https:\/\/www.matts-guitar-shop.com\/wp-content\/uploads\/2024\/09\/Yamaha-LL56-Ex-Scott-Holiday-Rival-Sons-guitare-00.jpg","type":"image\/jpeg"}],"twitter_card":"summary_large_image","schema":{"@context":"https:\/\/schema.org","@graph":[{"@type":"WebPage","@id":"https:\/\/www.matts-guitar-shop.com\/es\/produit\/yamaha-ll56-ex-scott-holiday-rival-sons\/","url":"https:\/\/www.matts-guitar-shop.com\/es\/produit\/yamaha-ll56-ex-scott-holiday-rival-sons\/","name":"Yamaha LL56 Ex Scott Holiday Rival Sons - Matt&#039;s Guitar Shop","isPartOf":{"@id":"https:\/\/www.matts-guitar-shop.com\/es\/#website"},"primaryImageOfPage":{"@id":"https:\/\/www.matts-guitar-shop.com\/es\/produit\/yamaha-ll56-ex-scott-holiday-rival-sons\/#primaryimage"},"image":{"@id":"https:\/\/www.matts-guitar-shop.com\/es\/produit\/yamaha-ll56-ex-scott-holiday-rival-sons\/#primaryimage"},"thumbnailUrl":"https:\/\/www.matts-guitar-shop.com\/wp-content\/uploads\/2024\/09\/Yamaha-LL56-Ex-Scott-Holiday-Rival-Sons-guitare-00.jpg","datePublished":"2024-09-02T13:21:17+00:00","dateModified":"2025-10-17T19:51:28+00:00","description":"En el horizonte del rock estadounidense, la banda Rival Sons ocupa un lugar en\u00e9rgico defendido con pasi\u00f3n en los escenarios de todo el mundo.","breadcrumb":{"@id":"https:\/\/www.matts-guitar-shop.com\/es\/produit\/yamaha-ll56-ex-scott-holiday-rival-sons\/#breadcrumb"},"inLanguage":"es","potentialAction":[{"@type":"ReadAction","target":["https:\/\/www.matts-guitar-shop.com\/es\/produit\/yamaha-ll56-ex-scott-holiday-rival-sons\/"]}]},{"@type":"ImageObject","inLanguage":"es","@id":"https:\/\/www.matts-guitar-shop.com\/es\/produit\/yamaha-ll56-ex-scott-holiday-rival-sons\/#primaryimage","url":"https:\/\/www.matts-guitar-shop.com\/wp-content\/uploads\/2024\/09\/Yamaha-LL56-Ex-Scott-Holiday-Rival-Sons-guitare-00.jpg","contentUrl":"https:\/\/www.matts-guitar-shop.com\/wp-content\/uploads\/2024\/09\/Yamaha-LL56-Ex-Scott-Holiday-Rival-Sons-guitare-00.jpg","width":900,"height":1300},{"@type":"BreadcrumbList","@id":"https:\/\/www.matts-guitar-shop.com\/es\/produit\/yamaha-ll56-ex-scott-holiday-rival-sons\/#breadcrumb","itemListElement":[{"@type":"ListItem","position":1,"name":"Inicio","item":"https:\/\/www.matts-guitar-shop.com\/es\/"},{"@type":"ListItem","position":2,"name":"Tienda","item":"https:\/\/www.matts-guitar-shop.com\/es\/tienda\/"},{"@type":"ListItem","position":3,"name":"Yamaha LL56 Ex Scott Holiday Rival Sons"}]},{"@type":"WebSite","@id":"https:\/\/www.matts-guitar-shop.com\/es\/#website","url":"https:\/\/www.matts-guitar-shop.com\/es\/","name":"matts-guitar-shop.com","description":"Guitar Shop","publisher":{"@id":"https:\/\/www.matts-guitar-shop.com\/es\/#organization"},"potentialAction":[{"@type":"SearchAction","target":{"@type":"EntryPoint","urlTemplate":"https:\/\/www.matts-guitar-shop.com\/es\/?s={search_term_string}"},"query-input":{"@type":"PropertyValueSpecification","valueRequired":true,"valueName":"search_term_string"}}],"inLanguage":"es"},{"@type":"Organization","@id":"https:\/\/www.matts-guitar-shop.com\/es\/#organization","name":"matts-guitar-shop.com","url":"https:\/\/www.matts-guitar-shop.com\/es\/","logo":{"@type":"ImageObject","inLanguage":"es","@id":"https:\/\/www.matts-guitar-shop.com\/es\/#\/schema\/logo\/image\/","url":"https:\/\/www.matts-guitar-shop.com\/wp-content\/uploads\/2024\/09\/MGS-logo-site-02.png","contentUrl":"https:\/\/www.matts-guitar-shop.com\/wp-content\/uploads\/2024\/09\/MGS-logo-site-02.png","width":200,"height":122,"caption":"matts-guitar-shop.com"},"image":{"@id":"https:\/\/www.matts-guitar-shop.com\/es\/#\/schema\/logo\/image\/"},"sameAs":["https:\/\/www.facebook.com\/profile.php?id=100044359842817","https:\/\/www.instagram.com\/mattsguitarshop\/","https:\/\/www.youtube.com\/@MattLucasMan\/videos"]}]}},"_links":{"self":[{"href":"https:\/\/www.matts-guitar-shop.com\/es\/wp-json\/wp\/v2\/product\/18170","targetHints":{"allow":["GET"]}}],"collection":[{"href":"https:\/\/www.matts-guitar-shop.com\/es\/wp-json\/wp\/v2\/product"}],"about":[{"href":"https:\/\/www.matts-guitar-shop.com\/es\/wp-json\/wp\/v2\/types\/product"}],"replies":[{"embeddable":true,"href":"https:\/\/www.matts-guitar-shop.com\/es\/wp-json\/wp\/v2\/comments?post=18170"}],"wp:featuredmedia":[{"embeddable":true,"href":"https:\/\/www.matts-guitar-shop.com\/es\/wp-json\/wp\/v2\/media\/18171"}],"wp:attachment":[{"href":"https:\/\/www.matts-guitar-shop.com\/es\/wp-json\/wp\/v2\/media?parent=18170"}],"wp:term":[{"taxonomy":"product_brand","embeddable":true,"href":"https:\/\/www.matts-guitar-shop.com\/es\/wp-json\/wp\/v2\/product_brand?post=18170"},{"taxonomy":"product_cat","embeddable":true,"href":"https:\/\/www.matts-guitar-shop.com\/es\/wp-json\/wp\/v2\/product_cat?post=18170"},{"taxonomy":"product_tag","embeddable":true,"href":"https:\/\/www.matts-guitar-shop.com\/es\/wp-json\/wp\/v2\/product_tag?post=18170"}],"curies":[{"name":"wp","href":"https:\/\/api.w.org\/{rel}","templated":true}]}}