{"id":18090,"date":"2024-08-31T12:42:52","date_gmt":"2024-08-31T10:42:52","guid":{"rendered":"https:\/\/www.matts-guitar-shop.com\/produit\/taylor-812ce-ex-coleccion-de-orianthi\/"},"modified":"2025-10-17T22:36:14","modified_gmt":"2025-10-17T20:36:14","slug":"taylor-812ce-ex-coleccion-de-orianthi","status":"publish","type":"product","link":"https:\/\/www.matts-guitar-shop.com\/es\/produit\/taylor-812ce-ex-coleccion-de-orianthi\/","title":{"rendered":"Taylor 812Ce &#8211; Ex colecci\u00f3n de Orianthi"},"content":{"rendered":"<p>Orianthi<br \/> <br \/>\n(1985)<\/p>\n<p>Grupo: RSO<br \/> Guitarra principal: PRS Signature<br \/> Canci\u00f3n imprescindible: According To You<\/p>\n<p>La carrera de Orianthi comenz\u00f3 con una gran oportunidad perdida, ya que deb\u00eda ser la guitarrista de Michael Jackson para su serie de conciertos This Is It en 2009. A pesar de la muerte del superestrella, la pel\u00edcula que sali\u00f3 permiti\u00f3 a los fans apreciar lo que pudo haber sido esta \u00faltima gira con im\u00e1genes tomadas de los ensayos. Se puede ver claramente a Orianthi, con su PRS en mano, brillando en la haza\u00f1a guitarr\u00edstica definitiva de la discograf\u00eda de Jackson: el solo de Beat It, originalmente grabado por Eddie Van Halen.<\/p>\n<p>Tras esta exposici\u00f3n mundial, la joven virtuosa aprovech\u00f3 para lanzar su \u00e1lbum Believe apenas unos meses despu\u00e9s. Cabe destacar que el disco ya estaba listo desde 2007, y la publicidad que ofreci\u00f3 This Is It fue demasiado grande para no aprovechar y lanzar el \u00e1lbum durante este fen\u00f3meno. El disco fue un \u00e9xito, impulsado especialmente por el d\u00fao con Steve Vai en el instrumental Highly Strung, que se volvi\u00f3 un video viral.<\/p>\n<p>En 2011, Orianthi se convierte en la primera m\u00fasica femenina en unirse a la banda de Alice Cooper, aportando un aire fresco a una formaci\u00f3n m\u00e1s acostumbrada a g\u00f3ticos tatuados que a rubias con sombreros. El legendario cantante maquillado apreci\u00f3 tanto este equilibrio que cuando Orianthi dej\u00f3 el grupo en 2014, Cooper la reemplaz\u00f3 por Nita Strauss, tambi\u00e9n shredder.<\/p>\n<p>Tras esta nueva etapa, la australiana lleva adelante simult\u00e1neamente su carrera en solitario y su actividad como hired gun, especialmente junto a Dave Stewart y luego Richie Sambora. Este \u00faltimo valor\u00f3 tanto su qu\u00edmica que los dos formaron un grupo juntos, RSO. El primer \u00e1lbum de este proyecto, Radio Free America, sali\u00f3 en 2018 y marc\u00f3 otro \u00e9xito m\u00e1s en la brillante trayectoria de la m\u00fasica.<\/p>\n","protected":false},"excerpt":{"rendered":"<p>\u00a1Si tiene preguntas sobre este producto, cont\u00e1ctenos!<\/p>\n","protected":false},"featured_media":18091,"comment_status":"open","ping_status":"closed","template":"","meta":{"_et_pb_use_builder":"","_et_pb_old_content":"","_et_gb_content_width":""},"product_brand":[],"product_cat":[654,657,652,655],"product_tag":[],"class_list":{"0":"post-18090","1":"product","2":"type-product","3":"status-publish","4":"has-post-thumbnail","6":"product_cat-vendidos","7":"product_cat-guitarras-acusticas","8":"product_cat-artistas","9":"product_cat-guitarras","10":"pa_artiste-orianthi-es","11":"pa_disponibilite-vendido","12":"pa_marque-taylor-es","14":"first","15":"outofstock","16":"shipping-taxable","17":"product-type-simple"},"yoast_head":"<!-- This site is optimized with the Yoast SEO plugin v26.8 - https:\/\/yoast.com\/product\/yoast-seo-wordpress\/ -->\n<title>Taylor 812Ce - Ex colecci\u00f3n de Orianthi - Matt&#039;s Guitar Shop<\/title>\n<meta name=\"description\" content=\"La carrera de Orianthi comenz\u00f3 con una gran oportunidad perdida, ya que deb\u00eda ser la guitarrista de Michael Jackson.\" \/>\n<meta name=\"robots\" content=\"index, follow, max-snippet:-1, max-image-preview:large, max-video-preview:-1\" \/>\n<link rel=\"canonical\" href=\"https:\/\/www.matts-guitar-shop.com\/es\/produit\/taylor-812ce-ex-coleccion-de-orianthi\/\" \/>\n<meta property=\"og:locale\" content=\"es_ES\" \/>\n<meta property=\"og:type\" content=\"article\" \/>\n<meta property=\"og:title\" content=\"Taylor 812Ce - Ex colecci\u00f3n de Orianthi - Matt&#039;s Guitar Shop\" \/>\n<meta property=\"og:description\" content=\"La carrera de Orianthi comenz\u00f3 con una gran oportunidad perdida, ya que deb\u00eda ser la guitarrista de Michael Jackson.\" \/>\n<meta property=\"og:url\" content=\"https:\/\/www.matts-guitar-shop.com\/es\/produit\/taylor-812ce-ex-coleccion-de-orianthi\/\" \/>\n<meta property=\"og:site_name\" content=\"Matt&#039;s Guitar Shop\" \/>\n<meta property=\"article:publisher\" content=\"https:\/\/www.facebook.com\/profile.php?id=100044359842817\" \/>\n<meta property=\"article:modified_time\" content=\"2025-10-17T20:36:14+00:00\" \/>\n<meta property=\"og:image\" content=\"https:\/\/www.matts-guitar-shop.com\/wp-content\/uploads\/2024\/08\/Taylor-812Ce-Orianthi-s-Collection-guitare.jpg\" \/>\n\t<meta property=\"og:image:width\" content=\"700\" \/>\n\t<meta property=\"og:image:height\" content=\"1011\" \/>\n\t<meta property=\"og:image:type\" content=\"image\/jpeg\" \/>\n<meta name=\"twitter:card\" content=\"summary_large_image\" \/>\n<meta name=\"twitter:label1\" content=\"Tiempo de lectura\" \/>\n\t<meta name=\"twitter:data1\" content=\"2 minutos\" \/>\n<script type=\"application\/ld+json\" class=\"yoast-schema-graph\">{\"@context\":\"https:\/\/schema.org\",\"@graph\":[{\"@type\":\"WebPage\",\"@id\":\"https:\/\/www.matts-guitar-shop.com\/es\/produit\/taylor-812ce-ex-coleccion-de-orianthi\/\",\"url\":\"https:\/\/www.matts-guitar-shop.com\/es\/produit\/taylor-812ce-ex-coleccion-de-orianthi\/\",\"name\":\"Taylor 812Ce - Ex colecci\u00f3n de Orianthi - Matt&#039;s Guitar Shop\",\"isPartOf\":{\"@id\":\"https:\/\/www.matts-guitar-shop.com\/es\/#website\"},\"primaryImageOfPage\":{\"@id\":\"https:\/\/www.matts-guitar-shop.com\/es\/produit\/taylor-812ce-ex-coleccion-de-orianthi\/#primaryimage\"},\"image\":{\"@id\":\"https:\/\/www.matts-guitar-shop.com\/es\/produit\/taylor-812ce-ex-coleccion-de-orianthi\/#primaryimage\"},\"thumbnailUrl\":\"https:\/\/www.matts-guitar-shop.com\/wp-content\/uploads\/2024\/08\/Taylor-812Ce-Orianthi-s-Collection-guitare.jpg\",\"datePublished\":\"2024-08-31T10:42:52+00:00\",\"dateModified\":\"2025-10-17T20:36:14+00:00\",\"description\":\"La carrera de Orianthi comenz\u00f3 con una gran oportunidad perdida, ya que deb\u00eda ser la guitarrista de Michael Jackson.\",\"breadcrumb\":{\"@id\":\"https:\/\/www.matts-guitar-shop.com\/es\/produit\/taylor-812ce-ex-coleccion-de-orianthi\/#breadcrumb\"},\"inLanguage\":\"es\",\"potentialAction\":[{\"@type\":\"ReadAction\",\"target\":[\"https:\/\/www.matts-guitar-shop.com\/es\/produit\/taylor-812ce-ex-coleccion-de-orianthi\/\"]}]},{\"@type\":\"ImageObject\",\"inLanguage\":\"es\",\"@id\":\"https:\/\/www.matts-guitar-shop.com\/es\/produit\/taylor-812ce-ex-coleccion-de-orianthi\/#primaryimage\",\"url\":\"https:\/\/www.matts-guitar-shop.com\/wp-content\/uploads\/2024\/08\/Taylor-812Ce-Orianthi-s-Collection-guitare.jpg\",\"contentUrl\":\"https:\/\/www.matts-guitar-shop.com\/wp-content\/uploads\/2024\/08\/Taylor-812Ce-Orianthi-s-Collection-guitare.jpg\",\"width\":700,\"height\":1011},{\"@type\":\"BreadcrumbList\",\"@id\":\"https:\/\/www.matts-guitar-shop.com\/es\/produit\/taylor-812ce-ex-coleccion-de-orianthi\/#breadcrumb\",\"itemListElement\":[{\"@type\":\"ListItem\",\"position\":1,\"name\":\"Inicio\",\"item\":\"https:\/\/www.matts-guitar-shop.com\/es\/\"},{\"@type\":\"ListItem\",\"position\":2,\"name\":\"Tienda\",\"item\":\"https:\/\/www.matts-guitar-shop.com\/es\/tienda\/\"},{\"@type\":\"ListItem\",\"position\":3,\"name\":\"Taylor 812Ce &#8211; Ex colecci\u00f3n de Orianthi\"}]},{\"@type\":\"WebSite\",\"@id\":\"https:\/\/www.matts-guitar-shop.com\/es\/#website\",\"url\":\"https:\/\/www.matts-guitar-shop.com\/es\/\",\"name\":\"matts-guitar-shop.com\",\"description\":\"Guitar Shop\",\"publisher\":{\"@id\":\"https:\/\/www.matts-guitar-shop.com\/es\/#organization\"},\"potentialAction\":[{\"@type\":\"SearchAction\",\"target\":{\"@type\":\"EntryPoint\",\"urlTemplate\":\"https:\/\/www.matts-guitar-shop.com\/es\/?s={search_term_string}\"},\"query-input\":{\"@type\":\"PropertyValueSpecification\",\"valueRequired\":true,\"valueName\":\"search_term_string\"}}],\"inLanguage\":\"es\"},{\"@type\":\"Organization\",\"@id\":\"https:\/\/www.matts-guitar-shop.com\/es\/#organization\",\"name\":\"matts-guitar-shop.com\",\"url\":\"https:\/\/www.matts-guitar-shop.com\/es\/\",\"logo\":{\"@type\":\"ImageObject\",\"inLanguage\":\"es\",\"@id\":\"https:\/\/www.matts-guitar-shop.com\/es\/#\/schema\/logo\/image\/\",\"url\":\"https:\/\/www.matts-guitar-shop.com\/wp-content\/uploads\/2024\/09\/MGS-logo-site-02.png\",\"contentUrl\":\"https:\/\/www.matts-guitar-shop.com\/wp-content\/uploads\/2024\/09\/MGS-logo-site-02.png\",\"width\":200,\"height\":122,\"caption\":\"matts-guitar-shop.com\"},\"image\":{\"@id\":\"https:\/\/www.matts-guitar-shop.com\/es\/#\/schema\/logo\/image\/\"},\"sameAs\":[\"https:\/\/www.facebook.com\/profile.php?id=100044359842817\",\"https:\/\/www.instagram.com\/mattsguitarshop\/\",\"https:\/\/www.youtube.com\/@MattLucasMan\/videos\"]}]}<\/script>\n<!-- \/ Yoast SEO plugin. -->","yoast_head_json":{"title":"Taylor 812Ce - Ex colecci\u00f3n de Orianthi - Matt&#039;s Guitar Shop","description":"La carrera de Orianthi comenz\u00f3 con una gran oportunidad perdida, ya que deb\u00eda ser la guitarrista de Michael Jackson.","robots":{"index":"index","follow":"follow","max-snippet":"max-snippet:-1","max-image-preview":"max-image-preview:large","max-video-preview":"max-video-preview:-1"},"canonical":"https:\/\/www.matts-guitar-shop.com\/es\/produit\/taylor-812ce-ex-coleccion-de-orianthi\/","og_locale":"es_ES","og_type":"article","og_title":"Taylor 812Ce - Ex colecci\u00f3n de Orianthi - Matt&#039;s Guitar Shop","og_description":"La carrera de Orianthi comenz\u00f3 con una gran oportunidad perdida, ya que deb\u00eda ser la guitarrista de Michael Jackson.","og_url":"https:\/\/www.matts-guitar-shop.com\/es\/produit\/taylor-812ce-ex-coleccion-de-orianthi\/","og_site_name":"Matt&#039;s Guitar Shop","article_publisher":"https:\/\/www.facebook.com\/profile.php?id=100044359842817","article_modified_time":"2025-10-17T20:36:14+00:00","og_image":[{"width":700,"height":1011,"url":"https:\/\/www.matts-guitar-shop.com\/wp-content\/uploads\/2024\/08\/Taylor-812Ce-Orianthi-s-Collection-guitare.jpg","type":"image\/jpeg"}],"twitter_card":"summary_large_image","twitter_misc":{"Tiempo de lectura":"2 minutos"},"schema":{"@context":"https:\/\/schema.org","@graph":[{"@type":"WebPage","@id":"https:\/\/www.matts-guitar-shop.com\/es\/produit\/taylor-812ce-ex-coleccion-de-orianthi\/","url":"https:\/\/www.matts-guitar-shop.com\/es\/produit\/taylor-812ce-ex-coleccion-de-orianthi\/","name":"Taylor 812Ce - Ex colecci\u00f3n de Orianthi - Matt&#039;s Guitar Shop","isPartOf":{"@id":"https:\/\/www.matts-guitar-shop.com\/es\/#website"},"primaryImageOfPage":{"@id":"https:\/\/www.matts-guitar-shop.com\/es\/produit\/taylor-812ce-ex-coleccion-de-orianthi\/#primaryimage"},"image":{"@id":"https:\/\/www.matts-guitar-shop.com\/es\/produit\/taylor-812ce-ex-coleccion-de-orianthi\/#primaryimage"},"thumbnailUrl":"https:\/\/www.matts-guitar-shop.com\/wp-content\/uploads\/2024\/08\/Taylor-812Ce-Orianthi-s-Collection-guitare.jpg","datePublished":"2024-08-31T10:42:52+00:00","dateModified":"2025-10-17T20:36:14+00:00","description":"La carrera de Orianthi comenz\u00f3 con una gran oportunidad perdida, ya que deb\u00eda ser la guitarrista de Michael Jackson.","breadcrumb":{"@id":"https:\/\/www.matts-guitar-shop.com\/es\/produit\/taylor-812ce-ex-coleccion-de-orianthi\/#breadcrumb"},"inLanguage":"es","potentialAction":[{"@type":"ReadAction","target":["https:\/\/www.matts-guitar-shop.com\/es\/produit\/taylor-812ce-ex-coleccion-de-orianthi\/"]}]},{"@type":"ImageObject","inLanguage":"es","@id":"https:\/\/www.matts-guitar-shop.com\/es\/produit\/taylor-812ce-ex-coleccion-de-orianthi\/#primaryimage","url":"https:\/\/www.matts-guitar-shop.com\/wp-content\/uploads\/2024\/08\/Taylor-812Ce-Orianthi-s-Collection-guitare.jpg","contentUrl":"https:\/\/www.matts-guitar-shop.com\/wp-content\/uploads\/2024\/08\/Taylor-812Ce-Orianthi-s-Collection-guitare.jpg","width":700,"height":1011},{"@type":"BreadcrumbList","@id":"https:\/\/www.matts-guitar-shop.com\/es\/produit\/taylor-812ce-ex-coleccion-de-orianthi\/#breadcrumb","itemListElement":[{"@type":"ListItem","position":1,"name":"Inicio","item":"https:\/\/www.matts-guitar-shop.com\/es\/"},{"@type":"ListItem","position":2,"name":"Tienda","item":"https:\/\/www.matts-guitar-shop.com\/es\/tienda\/"},{"@type":"ListItem","position":3,"name":"Taylor 812Ce &#8211; Ex colecci\u00f3n de Orianthi"}]},{"@type":"WebSite","@id":"https:\/\/www.matts-guitar-shop.com\/es\/#website","url":"https:\/\/www.matts-guitar-shop.com\/es\/","name":"matts-guitar-shop.com","description":"Guitar Shop","publisher":{"@id":"https:\/\/www.matts-guitar-shop.com\/es\/#organization"},"potentialAction":[{"@type":"SearchAction","target":{"@type":"EntryPoint","urlTemplate":"https:\/\/www.matts-guitar-shop.com\/es\/?s={search_term_string}"},"query-input":{"@type":"PropertyValueSpecification","valueRequired":true,"valueName":"search_term_string"}}],"inLanguage":"es"},{"@type":"Organization","@id":"https:\/\/www.matts-guitar-shop.com\/es\/#organization","name":"matts-guitar-shop.com","url":"https:\/\/www.matts-guitar-shop.com\/es\/","logo":{"@type":"ImageObject","inLanguage":"es","@id":"https:\/\/www.matts-guitar-shop.com\/es\/#\/schema\/logo\/image\/","url":"https:\/\/www.matts-guitar-shop.com\/wp-content\/uploads\/2024\/09\/MGS-logo-site-02.png","contentUrl":"https:\/\/www.matts-guitar-shop.com\/wp-content\/uploads\/2024\/09\/MGS-logo-site-02.png","width":200,"height":122,"caption":"matts-guitar-shop.com"},"image":{"@id":"https:\/\/www.matts-guitar-shop.com\/es\/#\/schema\/logo\/image\/"},"sameAs":["https:\/\/www.facebook.com\/profile.php?id=100044359842817","https:\/\/www.instagram.com\/mattsguitarshop\/","https:\/\/www.youtube.com\/@MattLucasMan\/videos"]}]}},"_links":{"self":[{"href":"https:\/\/www.matts-guitar-shop.com\/es\/wp-json\/wp\/v2\/product\/18090","targetHints":{"allow":["GET"]}}],"collection":[{"href":"https:\/\/www.matts-guitar-shop.com\/es\/wp-json\/wp\/v2\/product"}],"about":[{"href":"https:\/\/www.matts-guitar-shop.com\/es\/wp-json\/wp\/v2\/types\/product"}],"replies":[{"embeddable":true,"href":"https:\/\/www.matts-guitar-shop.com\/es\/wp-json\/wp\/v2\/comments?post=18090"}],"wp:featuredmedia":[{"embeddable":true,"href":"https:\/\/www.matts-guitar-shop.com\/es\/wp-json\/wp\/v2\/media\/18091"}],"wp:attachment":[{"href":"https:\/\/www.matts-guitar-shop.com\/es\/wp-json\/wp\/v2\/media?parent=18090"}],"wp:term":[{"taxonomy":"product_brand","embeddable":true,"href":"https:\/\/www.matts-guitar-shop.com\/es\/wp-json\/wp\/v2\/product_brand?post=18090"},{"taxonomy":"product_cat","embeddable":true,"href":"https:\/\/www.matts-guitar-shop.com\/es\/wp-json\/wp\/v2\/product_cat?post=18090"},{"taxonomy":"product_tag","embeddable":true,"href":"https:\/\/www.matts-guitar-shop.com\/es\/wp-json\/wp\/v2\/product_tag?post=18090"}],"curies":[{"name":"wp","href":"https:\/\/api.w.org\/{rel}","templated":true}]}}