{"id":18066,"date":"2024-08-31T12:39:59","date_gmt":"2024-08-31T10:39:59","guid":{"rendered":"https:\/\/www.matts-guitar-shop.com\/produit\/taylor-doubleneck-richie-sambora-signature-koa\/"},"modified":"2025-10-17T22:31:26","modified_gmt":"2025-10-17T20:31:26","slug":"taylor-doubleneck-richie-sambora-signature-koa","status":"publish","type":"product","link":"https:\/\/www.matts-guitar-shop.com\/es\/produit\/taylor-doubleneck-richie-sambora-signature-koa\/","title":{"rendered":"Taylor Doubleneck Richie Sambora Signature Koa"},"content":{"rendered":"<p>Richie Sambora<br \/> <br \/>\n(1959)<\/p>\n<p>Grupo: Bon Jovi<br \/> Guitarra principal: Fender Stratocaster signature<br \/> Tema imprescindible: *Livin\u2019 On A Prayer*<\/p>\n<p>La historia del rock es as\u00ed: por cada Mick Jagger, hay un Keith Richards. Por cada Steven Tyler, hay un Joe Perry. Por cada Robert Plant, hay un Jimmy Page. Por cada cantante superestrella que enciende a las multitudes, hay un guitarrista sombr\u00edo e infinitamente cool que respalda todo y solo toma el protagonismo en asaltos espor\u00e1dicos de treinta segundos.<\/p>\n<p>Richie Sambora se uni\u00f3 a la banda de Nueva Jersey Bon Jovi en 1983, pocos meses despu\u00e9s de su formaci\u00f3n. Desde el principio, el toque y la personalidad de Sambora complementaron a la perfecci\u00f3n la imagen del cantante fundador Jon Bon Jovi. Juntos formaron un d\u00fao de composici\u00f3n que dar\u00eda vida a cl\u00e1sicos del hard FM que siguen siendo imprescindibles en todas las emisoras de radio. El verdadero estallido se produjo en 1986 con el \u00e1lbum *Slippery When Wet*, en el que Sambora coescribi\u00f3 nueve de los diez temas, incluidos los tres megasingles *Livin\u2019 On A Prayer*, *You Give Love A Bad Name* y *Wanted Dead Or Alive*. Ah\u00ed se escucha su toque veloz, preciso, en\u00e9rgico e inventivo, que, por supuesto, incorporaba influencias de Van Halen como todos los solistas de la \u00e9poca, pero con un sello muy personal. Su maestr\u00eda en los arreglos brillaba en el uso de la guitarra de doce cuerdas en *Wanted\u2026*, el *pitch shifter* del solo de *You Give Love A Bad Name* o la *talkbox* en *Livin\u2019 On A Prayer*.<\/p>\n<p>Desde entonces, la banda se volvi\u00f3 colosal y gir\u00f3 por todo el mundo frente a multitudes enloquecidas. El genio de Bon Jovi fue saber volver al \u00e9xito en intervalos de varios a\u00f1os, conquistando as\u00ed a varias generaciones sucesivas. As\u00ed, volvieron a lo m\u00e1s alto de las listas en 1994 con *Always*, y luego en 2000 con *It\u2019s My Life* (tambi\u00e9n coescrita por Sambora), imponi\u00e9ndose ante un nuevo p\u00fablico que los sigue hasta la actualidad.<\/p>\n<p>V\u00edctima de sus demonios, Sambora tuvo que abandonar la banda en 2013 en plena gira mundial. Desde entonces, form\u00f3 el grupo RSO con su excompa\u00f1era Orianthi y parece cada vez m\u00e1s interesado en la Telecaster y la Esquire con el paso del tiempo, \u00e9l que en la \u00e9poca de Bon Jovi era sobre todo conocido por sus *superstrats*. El futuro musical de Sambora probablemente a\u00fan nos depare gratas sorpresas.<\/p>\n","protected":false},"excerpt":{"rendered":"<p><strong>Instrumentos impresionantes con una est\u00e9tica tan particular, las guitarras de doble m\u00e1stil r\u00e1pidamente superaron el estatus de objeto de curiosidad para convertirse en el privilegio de los m\u00fasicos m\u00e1s t\u00e9cnicos y talentosos. Indisolublemente ligadas a piezas de rock dantescas, estos asombrosos instrumentos se han convertido en objetos de culto tan misteriosos como m\u00e1gicos. Entre los guitarristas que las han hecho su sello distintivo, Jimmy Page y Slash se encuentran con Richie Sambora. El guitarrista de Bon Jovi ha aprovechado plenamente las posibilidades que ofrecen estos instrumentos con un potencial arm\u00f3nico excepcional, al punto de usarlas en varios \u00e1lbumes y en cada uno de sus conciertos. Dos de estos instrumentos fuera de lo com\u00fan est\u00e1n disponibles en Matt\u2019s Guitar Shop. Especialmente dise\u00f1ados para Richie Sambora, presentan todas las particularidades de estas guitarras m\u00edticas que son una excepci\u00f3n en la escena musical. Esta guitarra ac\u00fastica Taylor de doble m\u00e1stil es un instrumento fant\u00e1stico que forma parte de una serie de tres guitarras producidas para Richie Sambora.<\/strong><\/p>\n<p>Richie Sambora es uno de esos m\u00fasicos virtuosos que han hecho vibrar estadios enteros con solo el poder de sus manos. Como guitarrista de Bon Jovi, cada noche compart\u00eda su magia tras una guitarra para embriagar a las multitudes con los mayores \u00e9xitos y solos del grupo estadounidense. Junto a sus talentos como guitarrista, Richie Sambora desarroll\u00f3 un conocimiento agudo de los instrumentos y un amor particular por piezas fuera de lo com\u00fan. Naturalmente, reserv\u00f3 a las guitarras de doble m\u00e1stil una parte predominante en su arsenal de gira. Estas guitarras, que presentan una riqueza arm\u00f3nica superior, se asociaban idealmente con las composiciones ambiciosas de Richie Sambora, que pod\u00eda cambiar de sonido sin cambiar de instrumento. Es dif\u00edcil estar m\u00e1s asociado a estos instrumentos extraordinarios que Richie Sambora: la inimitable Ovation, la Taylor de sonido c\u00e1lido, la legendaria Telecaster \u2014 todas de doble m\u00e1stil \u2014 o la impresionante triple m\u00e1stil Ovation de Mosc\u00fa&#8230; Se rode\u00f3 de una multitud de piezas tanto ac\u00fasticas como el\u00e9ctricas que respond\u00edan a sus exigencias m\u00e1s altas.<\/p>\n<p>Esta Taylor de doble m\u00e1stil Richie Sambora Signature Koa es una guitarra ac\u00fastica de calidad excepcional especialmente dise\u00f1ada para el guitarrista. Se inscribe directamente en la l\u00ednea de sus instrumentos complejos y exigentes que forman su colecci\u00f3n. Siempre en busca de una amplia paleta de sonidos, se rode\u00f3 de los mejores para concebir y producir guitarras t\u00e9cnica y musicalmente notables: esta Taylor cumple con todos estos criterios. Es una guitarra excepcional con un sonido claro, c\u00e1lido y preciso que combina un m\u00e1stil inferior de doce cuerdas y otro de seis cuerdas. Fabricada completamente en koa, ofrece una parte trasera flameada excepcional con un m\u00e1stil de caoba y un diapas\u00f3n de \u00e9bano. Fabricar esta guitarra fue un desaf\u00edo t\u00e9cnico tal que los luthiers de Taylor decidieron hacer solo tres unidades. Richie conserva una, otra fue dada al productor y amigo de Richie Sambora, Bob Rock, y la \u00faltima est\u00e1 disponible en Matt\u2019s Guitar Shop. Esta Taylor es una guitarra absolutamente fuera de lo com\u00fan que fue tocada por Richie y que tiene una resonancia y claridad sorprendentes. \u00a1Una verdadera guitarra de excepci\u00f3n para descubrir en Matt\u2019s Guitar Shop!<\/p>\n<p><strong>Si tiene preguntas sobre este producto, \u00a1cont\u00e1ctenos!<\/strong><\/p>\n","protected":false},"featured_media":18067,"comment_status":"open","ping_status":"closed","template":"","meta":{"_et_pb_use_builder":"","_et_pb_old_content":"","_et_gb_content_width":""},"product_brand":[],"product_cat":[657,652,655],"product_tag":[],"class_list":{"0":"post-18066","1":"product","2":"type-product","3":"status-publish","4":"has-post-thumbnail","6":"product_cat-guitarras-acusticas","7":"product_cat-artistas","8":"product_cat-guitarras","9":"pa_artiste-richie-sambora-es","10":"pa_disponibilite-en-venta","11":"pa_marque-taylor-es","13":"first","14":"instock","15":"shipping-taxable","16":"product-type-simple"},"yoast_head":"<!-- This site is optimized with the Yoast SEO plugin v26.8 - https:\/\/yoast.com\/product\/yoast-seo-wordpress\/ -->\n<title>Taylor Doubleneck Richie Sambora Signature Koa - Matt&#039;s Guitar Shop<\/title>\n<meta name=\"description\" content=\"Instrumentos impresionantes con una est\u00e9tica tan particular, las guitarras de doble m\u00e1stil pronto superaron el estatus de objeto de curiosidad.\" \/>\n<meta name=\"robots\" content=\"index, follow, max-snippet:-1, max-image-preview:large, max-video-preview:-1\" \/>\n<link rel=\"canonical\" href=\"https:\/\/www.matts-guitar-shop.com\/es\/produit\/taylor-doubleneck-richie-sambora-signature-koa\/\" \/>\n<meta property=\"og:locale\" content=\"es_ES\" \/>\n<meta property=\"og:type\" content=\"article\" \/>\n<meta property=\"og:title\" content=\"Taylor Doubleneck Richie Sambora Signature Koa - Matt&#039;s Guitar Shop\" \/>\n<meta property=\"og:description\" content=\"Instrumentos impresionantes con una est\u00e9tica tan particular, las guitarras de doble m\u00e1stil pronto superaron el estatus de objeto de curiosidad.\" \/>\n<meta property=\"og:url\" content=\"https:\/\/www.matts-guitar-shop.com\/es\/produit\/taylor-doubleneck-richie-sambora-signature-koa\/\" \/>\n<meta property=\"og:site_name\" content=\"Matt&#039;s Guitar Shop\" \/>\n<meta property=\"article:publisher\" content=\"https:\/\/www.facebook.com\/profile.php?id=100044359842817\" \/>\n<meta property=\"article:modified_time\" content=\"2025-10-17T20:31:26+00:00\" \/>\n<meta property=\"og:image\" content=\"https:\/\/www.matts-guitar-shop.com\/wp-content\/uploads\/2024\/08\/Taylor-Doubleneck-Richie-Sambora-Signature-Koa-guitare-00.jpg\" \/>\n\t<meta property=\"og:image:width\" content=\"700\" \/>\n\t<meta property=\"og:image:height\" content=\"1011\" \/>\n\t<meta property=\"og:image:type\" content=\"image\/jpeg\" \/>\n<meta name=\"twitter:card\" content=\"summary_large_image\" \/>\n<meta name=\"twitter:label1\" content=\"Tiempo de lectura\" \/>\n\t<meta name=\"twitter:data1\" content=\"2 minutos\" \/>\n<script type=\"application\/ld+json\" class=\"yoast-schema-graph\">{\"@context\":\"https:\/\/schema.org\",\"@graph\":[{\"@type\":\"WebPage\",\"@id\":\"https:\/\/www.matts-guitar-shop.com\/es\/produit\/taylor-doubleneck-richie-sambora-signature-koa\/\",\"url\":\"https:\/\/www.matts-guitar-shop.com\/es\/produit\/taylor-doubleneck-richie-sambora-signature-koa\/\",\"name\":\"Taylor Doubleneck Richie Sambora Signature Koa - Matt&#039;s Guitar Shop\",\"isPartOf\":{\"@id\":\"https:\/\/www.matts-guitar-shop.com\/es\/#website\"},\"primaryImageOfPage\":{\"@id\":\"https:\/\/www.matts-guitar-shop.com\/es\/produit\/taylor-doubleneck-richie-sambora-signature-koa\/#primaryimage\"},\"image\":{\"@id\":\"https:\/\/www.matts-guitar-shop.com\/es\/produit\/taylor-doubleneck-richie-sambora-signature-koa\/#primaryimage\"},\"thumbnailUrl\":\"https:\/\/www.matts-guitar-shop.com\/wp-content\/uploads\/2024\/08\/Taylor-Doubleneck-Richie-Sambora-Signature-Koa-guitare-00.jpg\",\"datePublished\":\"2024-08-31T10:39:59+00:00\",\"dateModified\":\"2025-10-17T20:31:26+00:00\",\"description\":\"Instrumentos impresionantes con una est\u00e9tica tan particular, las guitarras de doble m\u00e1stil pronto superaron el estatus de objeto de curiosidad.\",\"breadcrumb\":{\"@id\":\"https:\/\/www.matts-guitar-shop.com\/es\/produit\/taylor-doubleneck-richie-sambora-signature-koa\/#breadcrumb\"},\"inLanguage\":\"es\",\"potentialAction\":[{\"@type\":\"ReadAction\",\"target\":[\"https:\/\/www.matts-guitar-shop.com\/es\/produit\/taylor-doubleneck-richie-sambora-signature-koa\/\"]}]},{\"@type\":\"ImageObject\",\"inLanguage\":\"es\",\"@id\":\"https:\/\/www.matts-guitar-shop.com\/es\/produit\/taylor-doubleneck-richie-sambora-signature-koa\/#primaryimage\",\"url\":\"https:\/\/www.matts-guitar-shop.com\/wp-content\/uploads\/2024\/08\/Taylor-Doubleneck-Richie-Sambora-Signature-Koa-guitare-00.jpg\",\"contentUrl\":\"https:\/\/www.matts-guitar-shop.com\/wp-content\/uploads\/2024\/08\/Taylor-Doubleneck-Richie-Sambora-Signature-Koa-guitare-00.jpg\",\"width\":700,\"height\":1011},{\"@type\":\"BreadcrumbList\",\"@id\":\"https:\/\/www.matts-guitar-shop.com\/es\/produit\/taylor-doubleneck-richie-sambora-signature-koa\/#breadcrumb\",\"itemListElement\":[{\"@type\":\"ListItem\",\"position\":1,\"name\":\"Inicio\",\"item\":\"https:\/\/www.matts-guitar-shop.com\/es\/\"},{\"@type\":\"ListItem\",\"position\":2,\"name\":\"Tienda\",\"item\":\"https:\/\/www.matts-guitar-shop.com\/es\/tienda\/\"},{\"@type\":\"ListItem\",\"position\":3,\"name\":\"Taylor Doubleneck Richie Sambora Signature Koa\"}]},{\"@type\":\"WebSite\",\"@id\":\"https:\/\/www.matts-guitar-shop.com\/es\/#website\",\"url\":\"https:\/\/www.matts-guitar-shop.com\/es\/\",\"name\":\"matts-guitar-shop.com\",\"description\":\"Guitar Shop\",\"publisher\":{\"@id\":\"https:\/\/www.matts-guitar-shop.com\/es\/#organization\"},\"potentialAction\":[{\"@type\":\"SearchAction\",\"target\":{\"@type\":\"EntryPoint\",\"urlTemplate\":\"https:\/\/www.matts-guitar-shop.com\/es\/?s={search_term_string}\"},\"query-input\":{\"@type\":\"PropertyValueSpecification\",\"valueRequired\":true,\"valueName\":\"search_term_string\"}}],\"inLanguage\":\"es\"},{\"@type\":\"Organization\",\"@id\":\"https:\/\/www.matts-guitar-shop.com\/es\/#organization\",\"name\":\"matts-guitar-shop.com\",\"url\":\"https:\/\/www.matts-guitar-shop.com\/es\/\",\"logo\":{\"@type\":\"ImageObject\",\"inLanguage\":\"es\",\"@id\":\"https:\/\/www.matts-guitar-shop.com\/es\/#\/schema\/logo\/image\/\",\"url\":\"https:\/\/www.matts-guitar-shop.com\/wp-content\/uploads\/2024\/09\/MGS-logo-site-02.png\",\"contentUrl\":\"https:\/\/www.matts-guitar-shop.com\/wp-content\/uploads\/2024\/09\/MGS-logo-site-02.png\",\"width\":200,\"height\":122,\"caption\":\"matts-guitar-shop.com\"},\"image\":{\"@id\":\"https:\/\/www.matts-guitar-shop.com\/es\/#\/schema\/logo\/image\/\"},\"sameAs\":[\"https:\/\/www.facebook.com\/profile.php?id=100044359842817\",\"https:\/\/www.instagram.com\/mattsguitarshop\/\",\"https:\/\/www.youtube.com\/@MattLucasMan\/videos\"]}]}<\/script>\n<!-- \/ Yoast SEO plugin. -->","yoast_head_json":{"title":"Taylor Doubleneck Richie Sambora Signature Koa - Matt&#039;s Guitar Shop","description":"Instrumentos impresionantes con una est\u00e9tica tan particular, las guitarras de doble m\u00e1stil pronto superaron el estatus de objeto de curiosidad.","robots":{"index":"index","follow":"follow","max-snippet":"max-snippet:-1","max-image-preview":"max-image-preview:large","max-video-preview":"max-video-preview:-1"},"canonical":"https:\/\/www.matts-guitar-shop.com\/es\/produit\/taylor-doubleneck-richie-sambora-signature-koa\/","og_locale":"es_ES","og_type":"article","og_title":"Taylor Doubleneck Richie Sambora Signature Koa - Matt&#039;s Guitar Shop","og_description":"Instrumentos impresionantes con una est\u00e9tica tan particular, las guitarras de doble m\u00e1stil pronto superaron el estatus de objeto de curiosidad.","og_url":"https:\/\/www.matts-guitar-shop.com\/es\/produit\/taylor-doubleneck-richie-sambora-signature-koa\/","og_site_name":"Matt&#039;s Guitar Shop","article_publisher":"https:\/\/www.facebook.com\/profile.php?id=100044359842817","article_modified_time":"2025-10-17T20:31:26+00:00","og_image":[{"width":700,"height":1011,"url":"https:\/\/www.matts-guitar-shop.com\/wp-content\/uploads\/2024\/08\/Taylor-Doubleneck-Richie-Sambora-Signature-Koa-guitare-00.jpg","type":"image\/jpeg"}],"twitter_card":"summary_large_image","twitter_misc":{"Tiempo de lectura":"2 minutos"},"schema":{"@context":"https:\/\/schema.org","@graph":[{"@type":"WebPage","@id":"https:\/\/www.matts-guitar-shop.com\/es\/produit\/taylor-doubleneck-richie-sambora-signature-koa\/","url":"https:\/\/www.matts-guitar-shop.com\/es\/produit\/taylor-doubleneck-richie-sambora-signature-koa\/","name":"Taylor Doubleneck Richie Sambora Signature Koa - Matt&#039;s Guitar Shop","isPartOf":{"@id":"https:\/\/www.matts-guitar-shop.com\/es\/#website"},"primaryImageOfPage":{"@id":"https:\/\/www.matts-guitar-shop.com\/es\/produit\/taylor-doubleneck-richie-sambora-signature-koa\/#primaryimage"},"image":{"@id":"https:\/\/www.matts-guitar-shop.com\/es\/produit\/taylor-doubleneck-richie-sambora-signature-koa\/#primaryimage"},"thumbnailUrl":"https:\/\/www.matts-guitar-shop.com\/wp-content\/uploads\/2024\/08\/Taylor-Doubleneck-Richie-Sambora-Signature-Koa-guitare-00.jpg","datePublished":"2024-08-31T10:39:59+00:00","dateModified":"2025-10-17T20:31:26+00:00","description":"Instrumentos impresionantes con una est\u00e9tica tan particular, las guitarras de doble m\u00e1stil pronto superaron el estatus de objeto de curiosidad.","breadcrumb":{"@id":"https:\/\/www.matts-guitar-shop.com\/es\/produit\/taylor-doubleneck-richie-sambora-signature-koa\/#breadcrumb"},"inLanguage":"es","potentialAction":[{"@type":"ReadAction","target":["https:\/\/www.matts-guitar-shop.com\/es\/produit\/taylor-doubleneck-richie-sambora-signature-koa\/"]}]},{"@type":"ImageObject","inLanguage":"es","@id":"https:\/\/www.matts-guitar-shop.com\/es\/produit\/taylor-doubleneck-richie-sambora-signature-koa\/#primaryimage","url":"https:\/\/www.matts-guitar-shop.com\/wp-content\/uploads\/2024\/08\/Taylor-Doubleneck-Richie-Sambora-Signature-Koa-guitare-00.jpg","contentUrl":"https:\/\/www.matts-guitar-shop.com\/wp-content\/uploads\/2024\/08\/Taylor-Doubleneck-Richie-Sambora-Signature-Koa-guitare-00.jpg","width":700,"height":1011},{"@type":"BreadcrumbList","@id":"https:\/\/www.matts-guitar-shop.com\/es\/produit\/taylor-doubleneck-richie-sambora-signature-koa\/#breadcrumb","itemListElement":[{"@type":"ListItem","position":1,"name":"Inicio","item":"https:\/\/www.matts-guitar-shop.com\/es\/"},{"@type":"ListItem","position":2,"name":"Tienda","item":"https:\/\/www.matts-guitar-shop.com\/es\/tienda\/"},{"@type":"ListItem","position":3,"name":"Taylor Doubleneck Richie Sambora Signature Koa"}]},{"@type":"WebSite","@id":"https:\/\/www.matts-guitar-shop.com\/es\/#website","url":"https:\/\/www.matts-guitar-shop.com\/es\/","name":"matts-guitar-shop.com","description":"Guitar Shop","publisher":{"@id":"https:\/\/www.matts-guitar-shop.com\/es\/#organization"},"potentialAction":[{"@type":"SearchAction","target":{"@type":"EntryPoint","urlTemplate":"https:\/\/www.matts-guitar-shop.com\/es\/?s={search_term_string}"},"query-input":{"@type":"PropertyValueSpecification","valueRequired":true,"valueName":"search_term_string"}}],"inLanguage":"es"},{"@type":"Organization","@id":"https:\/\/www.matts-guitar-shop.com\/es\/#organization","name":"matts-guitar-shop.com","url":"https:\/\/www.matts-guitar-shop.com\/es\/","logo":{"@type":"ImageObject","inLanguage":"es","@id":"https:\/\/www.matts-guitar-shop.com\/es\/#\/schema\/logo\/image\/","url":"https:\/\/www.matts-guitar-shop.com\/wp-content\/uploads\/2024\/09\/MGS-logo-site-02.png","contentUrl":"https:\/\/www.matts-guitar-shop.com\/wp-content\/uploads\/2024\/09\/MGS-logo-site-02.png","width":200,"height":122,"caption":"matts-guitar-shop.com"},"image":{"@id":"https:\/\/www.matts-guitar-shop.com\/es\/#\/schema\/logo\/image\/"},"sameAs":["https:\/\/www.facebook.com\/profile.php?id=100044359842817","https:\/\/www.instagram.com\/mattsguitarshop\/","https:\/\/www.youtube.com\/@MattLucasMan\/videos"]}]}},"_links":{"self":[{"href":"https:\/\/www.matts-guitar-shop.com\/es\/wp-json\/wp\/v2\/product\/18066","targetHints":{"allow":["GET"]}}],"collection":[{"href":"https:\/\/www.matts-guitar-shop.com\/es\/wp-json\/wp\/v2\/product"}],"about":[{"href":"https:\/\/www.matts-guitar-shop.com\/es\/wp-json\/wp\/v2\/types\/product"}],"replies":[{"embeddable":true,"href":"https:\/\/www.matts-guitar-shop.com\/es\/wp-json\/wp\/v2\/comments?post=18066"}],"wp:featuredmedia":[{"embeddable":true,"href":"https:\/\/www.matts-guitar-shop.com\/es\/wp-json\/wp\/v2\/media\/18067"}],"wp:attachment":[{"href":"https:\/\/www.matts-guitar-shop.com\/es\/wp-json\/wp\/v2\/media?parent=18066"}],"wp:term":[{"taxonomy":"product_brand","embeddable":true,"href":"https:\/\/www.matts-guitar-shop.com\/es\/wp-json\/wp\/v2\/product_brand?post=18066"},{"taxonomy":"product_cat","embeddable":true,"href":"https:\/\/www.matts-guitar-shop.com\/es\/wp-json\/wp\/v2\/product_cat?post=18066"},{"taxonomy":"product_tag","embeddable":true,"href":"https:\/\/www.matts-guitar-shop.com\/es\/wp-json\/wp\/v2\/product_tag?post=18066"}],"curies":[{"name":"wp","href":"https:\/\/api.w.org\/{rel}","templated":true}]}}