{"id":18045,"date":"2024-08-31T12:17:27","date_gmt":"2024-08-31T10:17:27","guid":{"rendered":"https:\/\/www.matts-guitar-shop.com\/produit\/bass-lightwave-saber-fretless-ex-greg-allman-allman-brothers\/"},"modified":"2025-10-17T22:30:17","modified_gmt":"2025-10-17T20:30:17","slug":"bass-lightwave-saber-fretless-ex-greg-allman-allman-brothers","status":"publish","type":"product","link":"https:\/\/www.matts-guitar-shop.com\/es\/produit\/bass-lightwave-saber-fretless-ex-greg-allman-allman-brothers\/","title":{"rendered":"Bass Lightwave Saber Fretless Ex Greg Allman \/ Allman Brothers"},"content":{"rendered":"<p>Bass Lightwave Saber Fretless Ex Greg Allman \/ Allman Brothers<\/p>\n","protected":false},"excerpt":{"rendered":"<p><strong>Cuando los dos hermanos Gregg y Duane Allman fundaron los Allman Brothers en Jacksonville, Florida, a finales de los a\u00f1os 1960, se preparaban para inscribir su nombre en el pante\u00f3n de las bandas m\u00edticas. Incorporando en su m\u00fasica influencias de blues, jazz y country, se convirtieron en pioneros del Southern rock. Los Allman Brothers marcaron el camino para muchos artistas que les siguieron, gracias a su entendimiento musical y a su dominio del concierto en vivo. Hoy en d\u00eda, han entrado en la leyenda del rock, especialmente por su innegable sentido del jam y la improvisaci\u00f3n en el escenario. En el contexto de un concierto con un espacio tan dedicado al jam, el instrumento elegido por el m\u00fasico es precioso, indicando una relaci\u00f3n muy fusionada que permite la mejor experiencia posible con el instrumento. Este bajo Lightwave con acabado natural es un ejemplo directo de los h\u00e1bitos de interpretaci\u00f3n de Gregg Allman, m\u00fasico multiinstrumentista: es un bajo que \u00e9l tocaba y apreciaba especialmente.<\/strong><\/p>\n<p>Entre los dos hermanos fundadores, fue Gregg quien mantuvo viva la llama del grupo familiar por m\u00e1s tiempo. Tras el fallecimiento accidental de Duane, Gregg lider\u00f3 la banda a trav\u00e9s de varias reformaciones y se esforz\u00f3 por mantener el esp\u00edritu original del grupo \u2013 entre ritmos rock y vuelos improvisados. Este bajo es un testigo privilegiado del recorrido creativo y musical de uno de los miembros fundadores de los Allman Brothers. Testifica todo <strong>el talento de Gregg Allman<\/strong>, m\u00fasico multiinstrumentista, que tocaba muchos instrumentos. Este bajo estuvo en su posesi\u00f3n durante varios a\u00f1os, siendo el primer propietario y cuid\u00e1ndolo con esmero. Es un instrumento de procedencia prestigiosa que remonta a las ra\u00edces de una de las bandas m\u00e1s grandes de la historia.<\/p>\n","protected":false},"featured_media":18046,"comment_status":"open","ping_status":"closed","template":"","meta":{"_et_pb_use_builder":"","_et_pb_old_content":"","_et_gb_content_width":""},"product_brand":[],"product_cat":[654,656,655],"product_tag":[],"class_list":{"0":"post-18045","1":"product","2":"type-product","3":"status-publish","4":"has-post-thumbnail","6":"product_cat-vendidos","7":"product_cat-bajos","8":"product_cat-guitarras","9":"pa_disponibilite-vendido","10":"pa_marque-saber-es","12":"first","13":"outofstock","14":"shipping-taxable","15":"product-type-simple"},"yoast_head":"<!-- This site is optimized with the Yoast SEO plugin v26.8 - https:\/\/yoast.com\/product\/yoast-seo-wordpress\/ -->\n<title>Bass Lightwave Saber Fretless Ex Greg Allman \/ Allman Brothers - Matt&#039;s Guitar Shop<\/title>\n<meta name=\"description\" content=\"Bass Lightwave Saber Fretless ex-Gregg Allman (Allman Brothers). Un bajo sin trastes de procedencia legendaria, instrumento excepcional para coleccionistas.\" \/>\n<meta name=\"robots\" content=\"index, follow, max-snippet:-1, max-image-preview:large, max-video-preview:-1\" \/>\n<link rel=\"canonical\" href=\"https:\/\/www.matts-guitar-shop.com\/es\/produit\/bass-lightwave-saber-fretless-ex-greg-allman-allman-brothers\/\" \/>\n<meta property=\"og:locale\" content=\"es_ES\" \/>\n<meta property=\"og:type\" content=\"article\" \/>\n<meta property=\"og:title\" content=\"Bass Lightwave Saber Fretless Ex Greg Allman \/ Allman Brothers - Matt&#039;s Guitar Shop\" \/>\n<meta property=\"og:description\" content=\"Bass Lightwave Saber Fretless ex-Gregg Allman (Allman Brothers). Un bajo sin trastes de procedencia legendaria, instrumento excepcional para coleccionistas.\" \/>\n<meta property=\"og:url\" content=\"https:\/\/www.matts-guitar-shop.com\/es\/produit\/bass-lightwave-saber-fretless-ex-greg-allman-allman-brothers\/\" \/>\n<meta property=\"og:site_name\" content=\"Matt&#039;s Guitar Shop\" \/>\n<meta property=\"article:publisher\" content=\"https:\/\/www.facebook.com\/profile.php?id=100044359842817\" \/>\n<meta property=\"article:modified_time\" content=\"2025-10-17T20:30:17+00:00\" \/>\n<meta property=\"og:image\" content=\"https:\/\/www.matts-guitar-shop.com\/wp-content\/uploads\/2024\/08\/Saber-Bass-Lightwave-Fretless-Ex-Greg-Allman-Allman-Brothers-00.jpg\" \/>\n\t<meta property=\"og:image:width\" content=\"700\" \/>\n\t<meta property=\"og:image:height\" content=\"1011\" \/>\n\t<meta property=\"og:image:type\" content=\"image\/jpeg\" \/>\n<meta name=\"twitter:card\" content=\"summary_large_image\" \/>\n<script type=\"application\/ld+json\" class=\"yoast-schema-graph\">{\"@context\":\"https:\/\/schema.org\",\"@graph\":[{\"@type\":\"WebPage\",\"@id\":\"https:\/\/www.matts-guitar-shop.com\/es\/produit\/bass-lightwave-saber-fretless-ex-greg-allman-allman-brothers\/\",\"url\":\"https:\/\/www.matts-guitar-shop.com\/es\/produit\/bass-lightwave-saber-fretless-ex-greg-allman-allman-brothers\/\",\"name\":\"Bass Lightwave Saber Fretless Ex Greg Allman \/ Allman Brothers - Matt&#039;s Guitar Shop\",\"isPartOf\":{\"@id\":\"https:\/\/www.matts-guitar-shop.com\/es\/#website\"},\"primaryImageOfPage\":{\"@id\":\"https:\/\/www.matts-guitar-shop.com\/es\/produit\/bass-lightwave-saber-fretless-ex-greg-allman-allman-brothers\/#primaryimage\"},\"image\":{\"@id\":\"https:\/\/www.matts-guitar-shop.com\/es\/produit\/bass-lightwave-saber-fretless-ex-greg-allman-allman-brothers\/#primaryimage\"},\"thumbnailUrl\":\"https:\/\/www.matts-guitar-shop.com\/wp-content\/uploads\/2024\/08\/Saber-Bass-Lightwave-Fretless-Ex-Greg-Allman-Allman-Brothers-00.jpg\",\"datePublished\":\"2024-08-31T10:17:27+00:00\",\"dateModified\":\"2025-10-17T20:30:17+00:00\",\"description\":\"Bass Lightwave Saber Fretless ex-Gregg Allman (Allman Brothers). Un bajo sin trastes de procedencia legendaria, instrumento excepcional para coleccionistas.\",\"breadcrumb\":{\"@id\":\"https:\/\/www.matts-guitar-shop.com\/es\/produit\/bass-lightwave-saber-fretless-ex-greg-allman-allman-brothers\/#breadcrumb\"},\"inLanguage\":\"es\",\"potentialAction\":[{\"@type\":\"ReadAction\",\"target\":[\"https:\/\/www.matts-guitar-shop.com\/es\/produit\/bass-lightwave-saber-fretless-ex-greg-allman-allman-brothers\/\"]}]},{\"@type\":\"ImageObject\",\"inLanguage\":\"es\",\"@id\":\"https:\/\/www.matts-guitar-shop.com\/es\/produit\/bass-lightwave-saber-fretless-ex-greg-allman-allman-brothers\/#primaryimage\",\"url\":\"https:\/\/www.matts-guitar-shop.com\/wp-content\/uploads\/2024\/08\/Saber-Bass-Lightwave-Fretless-Ex-Greg-Allman-Allman-Brothers-00.jpg\",\"contentUrl\":\"https:\/\/www.matts-guitar-shop.com\/wp-content\/uploads\/2024\/08\/Saber-Bass-Lightwave-Fretless-Ex-Greg-Allman-Allman-Brothers-00.jpg\",\"width\":700,\"height\":1011},{\"@type\":\"BreadcrumbList\",\"@id\":\"https:\/\/www.matts-guitar-shop.com\/es\/produit\/bass-lightwave-saber-fretless-ex-greg-allman-allman-brothers\/#breadcrumb\",\"itemListElement\":[{\"@type\":\"ListItem\",\"position\":1,\"name\":\"Inicio\",\"item\":\"https:\/\/www.matts-guitar-shop.com\/es\/\"},{\"@type\":\"ListItem\",\"position\":2,\"name\":\"Tienda\",\"item\":\"https:\/\/www.matts-guitar-shop.com\/es\/tienda\/\"},{\"@type\":\"ListItem\",\"position\":3,\"name\":\"Bass Lightwave Saber Fretless Ex Greg Allman \/ Allman Brothers\"}]},{\"@type\":\"WebSite\",\"@id\":\"https:\/\/www.matts-guitar-shop.com\/es\/#website\",\"url\":\"https:\/\/www.matts-guitar-shop.com\/es\/\",\"name\":\"matts-guitar-shop.com\",\"description\":\"Guitar Shop\",\"publisher\":{\"@id\":\"https:\/\/www.matts-guitar-shop.com\/es\/#organization\"},\"potentialAction\":[{\"@type\":\"SearchAction\",\"target\":{\"@type\":\"EntryPoint\",\"urlTemplate\":\"https:\/\/www.matts-guitar-shop.com\/es\/?s={search_term_string}\"},\"query-input\":{\"@type\":\"PropertyValueSpecification\",\"valueRequired\":true,\"valueName\":\"search_term_string\"}}],\"inLanguage\":\"es\"},{\"@type\":\"Organization\",\"@id\":\"https:\/\/www.matts-guitar-shop.com\/es\/#organization\",\"name\":\"matts-guitar-shop.com\",\"url\":\"https:\/\/www.matts-guitar-shop.com\/es\/\",\"logo\":{\"@type\":\"ImageObject\",\"inLanguage\":\"es\",\"@id\":\"https:\/\/www.matts-guitar-shop.com\/es\/#\/schema\/logo\/image\/\",\"url\":\"https:\/\/www.matts-guitar-shop.com\/wp-content\/uploads\/2024\/09\/MGS-logo-site-02.png\",\"contentUrl\":\"https:\/\/www.matts-guitar-shop.com\/wp-content\/uploads\/2024\/09\/MGS-logo-site-02.png\",\"width\":200,\"height\":122,\"caption\":\"matts-guitar-shop.com\"},\"image\":{\"@id\":\"https:\/\/www.matts-guitar-shop.com\/es\/#\/schema\/logo\/image\/\"},\"sameAs\":[\"https:\/\/www.facebook.com\/profile.php?id=100044359842817\",\"https:\/\/www.instagram.com\/mattsguitarshop\/\",\"https:\/\/www.youtube.com\/@MattLucasMan\/videos\"]}]}<\/script>\n<!-- \/ Yoast SEO plugin. -->","yoast_head_json":{"title":"Bass Lightwave Saber Fretless Ex Greg Allman \/ Allman Brothers - Matt&#039;s Guitar Shop","description":"Bass Lightwave Saber Fretless ex-Gregg Allman (Allman Brothers). Un bajo sin trastes de procedencia legendaria, instrumento excepcional para coleccionistas.","robots":{"index":"index","follow":"follow","max-snippet":"max-snippet:-1","max-image-preview":"max-image-preview:large","max-video-preview":"max-video-preview:-1"},"canonical":"https:\/\/www.matts-guitar-shop.com\/es\/produit\/bass-lightwave-saber-fretless-ex-greg-allman-allman-brothers\/","og_locale":"es_ES","og_type":"article","og_title":"Bass Lightwave Saber Fretless Ex Greg Allman \/ Allman Brothers - Matt&#039;s Guitar Shop","og_description":"Bass Lightwave Saber Fretless ex-Gregg Allman (Allman Brothers). Un bajo sin trastes de procedencia legendaria, instrumento excepcional para coleccionistas.","og_url":"https:\/\/www.matts-guitar-shop.com\/es\/produit\/bass-lightwave-saber-fretless-ex-greg-allman-allman-brothers\/","og_site_name":"Matt&#039;s Guitar Shop","article_publisher":"https:\/\/www.facebook.com\/profile.php?id=100044359842817","article_modified_time":"2025-10-17T20:30:17+00:00","og_image":[{"width":700,"height":1011,"url":"https:\/\/www.matts-guitar-shop.com\/wp-content\/uploads\/2024\/08\/Saber-Bass-Lightwave-Fretless-Ex-Greg-Allman-Allman-Brothers-00.jpg","type":"image\/jpeg"}],"twitter_card":"summary_large_image","schema":{"@context":"https:\/\/schema.org","@graph":[{"@type":"WebPage","@id":"https:\/\/www.matts-guitar-shop.com\/es\/produit\/bass-lightwave-saber-fretless-ex-greg-allman-allman-brothers\/","url":"https:\/\/www.matts-guitar-shop.com\/es\/produit\/bass-lightwave-saber-fretless-ex-greg-allman-allman-brothers\/","name":"Bass Lightwave Saber Fretless Ex Greg Allman \/ Allman Brothers - Matt&#039;s Guitar Shop","isPartOf":{"@id":"https:\/\/www.matts-guitar-shop.com\/es\/#website"},"primaryImageOfPage":{"@id":"https:\/\/www.matts-guitar-shop.com\/es\/produit\/bass-lightwave-saber-fretless-ex-greg-allman-allman-brothers\/#primaryimage"},"image":{"@id":"https:\/\/www.matts-guitar-shop.com\/es\/produit\/bass-lightwave-saber-fretless-ex-greg-allman-allman-brothers\/#primaryimage"},"thumbnailUrl":"https:\/\/www.matts-guitar-shop.com\/wp-content\/uploads\/2024\/08\/Saber-Bass-Lightwave-Fretless-Ex-Greg-Allman-Allman-Brothers-00.jpg","datePublished":"2024-08-31T10:17:27+00:00","dateModified":"2025-10-17T20:30:17+00:00","description":"Bass Lightwave Saber Fretless ex-Gregg Allman (Allman Brothers). Un bajo sin trastes de procedencia legendaria, instrumento excepcional para coleccionistas.","breadcrumb":{"@id":"https:\/\/www.matts-guitar-shop.com\/es\/produit\/bass-lightwave-saber-fretless-ex-greg-allman-allman-brothers\/#breadcrumb"},"inLanguage":"es","potentialAction":[{"@type":"ReadAction","target":["https:\/\/www.matts-guitar-shop.com\/es\/produit\/bass-lightwave-saber-fretless-ex-greg-allman-allman-brothers\/"]}]},{"@type":"ImageObject","inLanguage":"es","@id":"https:\/\/www.matts-guitar-shop.com\/es\/produit\/bass-lightwave-saber-fretless-ex-greg-allman-allman-brothers\/#primaryimage","url":"https:\/\/www.matts-guitar-shop.com\/wp-content\/uploads\/2024\/08\/Saber-Bass-Lightwave-Fretless-Ex-Greg-Allman-Allman-Brothers-00.jpg","contentUrl":"https:\/\/www.matts-guitar-shop.com\/wp-content\/uploads\/2024\/08\/Saber-Bass-Lightwave-Fretless-Ex-Greg-Allman-Allman-Brothers-00.jpg","width":700,"height":1011},{"@type":"BreadcrumbList","@id":"https:\/\/www.matts-guitar-shop.com\/es\/produit\/bass-lightwave-saber-fretless-ex-greg-allman-allman-brothers\/#breadcrumb","itemListElement":[{"@type":"ListItem","position":1,"name":"Inicio","item":"https:\/\/www.matts-guitar-shop.com\/es\/"},{"@type":"ListItem","position":2,"name":"Tienda","item":"https:\/\/www.matts-guitar-shop.com\/es\/tienda\/"},{"@type":"ListItem","position":3,"name":"Bass Lightwave Saber Fretless Ex Greg Allman \/ Allman Brothers"}]},{"@type":"WebSite","@id":"https:\/\/www.matts-guitar-shop.com\/es\/#website","url":"https:\/\/www.matts-guitar-shop.com\/es\/","name":"matts-guitar-shop.com","description":"Guitar Shop","publisher":{"@id":"https:\/\/www.matts-guitar-shop.com\/es\/#organization"},"potentialAction":[{"@type":"SearchAction","target":{"@type":"EntryPoint","urlTemplate":"https:\/\/www.matts-guitar-shop.com\/es\/?s={search_term_string}"},"query-input":{"@type":"PropertyValueSpecification","valueRequired":true,"valueName":"search_term_string"}}],"inLanguage":"es"},{"@type":"Organization","@id":"https:\/\/www.matts-guitar-shop.com\/es\/#organization","name":"matts-guitar-shop.com","url":"https:\/\/www.matts-guitar-shop.com\/es\/","logo":{"@type":"ImageObject","inLanguage":"es","@id":"https:\/\/www.matts-guitar-shop.com\/es\/#\/schema\/logo\/image\/","url":"https:\/\/www.matts-guitar-shop.com\/wp-content\/uploads\/2024\/09\/MGS-logo-site-02.png","contentUrl":"https:\/\/www.matts-guitar-shop.com\/wp-content\/uploads\/2024\/09\/MGS-logo-site-02.png","width":200,"height":122,"caption":"matts-guitar-shop.com"},"image":{"@id":"https:\/\/www.matts-guitar-shop.com\/es\/#\/schema\/logo\/image\/"},"sameAs":["https:\/\/www.facebook.com\/profile.php?id=100044359842817","https:\/\/www.instagram.com\/mattsguitarshop\/","https:\/\/www.youtube.com\/@MattLucasMan\/videos"]}]}},"_links":{"self":[{"href":"https:\/\/www.matts-guitar-shop.com\/es\/wp-json\/wp\/v2\/product\/18045","targetHints":{"allow":["GET"]}}],"collection":[{"href":"https:\/\/www.matts-guitar-shop.com\/es\/wp-json\/wp\/v2\/product"}],"about":[{"href":"https:\/\/www.matts-guitar-shop.com\/es\/wp-json\/wp\/v2\/types\/product"}],"replies":[{"embeddable":true,"href":"https:\/\/www.matts-guitar-shop.com\/es\/wp-json\/wp\/v2\/comments?post=18045"}],"wp:featuredmedia":[{"embeddable":true,"href":"https:\/\/www.matts-guitar-shop.com\/es\/wp-json\/wp\/v2\/media\/18046"}],"wp:attachment":[{"href":"https:\/\/www.matts-guitar-shop.com\/es\/wp-json\/wp\/v2\/media?parent=18045"}],"wp:term":[{"taxonomy":"product_brand","embeddable":true,"href":"https:\/\/www.matts-guitar-shop.com\/es\/wp-json\/wp\/v2\/product_brand?post=18045"},{"taxonomy":"product_cat","embeddable":true,"href":"https:\/\/www.matts-guitar-shop.com\/es\/wp-json\/wp\/v2\/product_cat?post=18045"},{"taxonomy":"product_tag","embeddable":true,"href":"https:\/\/www.matts-guitar-shop.com\/es\/wp-json\/wp\/v2\/product_tag?post=18045"}],"curies":[{"name":"wp","href":"https:\/\/api.w.org\/{rel}","templated":true}]}}