{"id":18014,"date":"2024-08-31T11:45:45","date_gmt":"2024-08-31T09:45:45","guid":{"rendered":"https:\/\/www.matts-guitar-shop.com\/produit\/prs-25th-anniversary-tonare-grand-acustica-emma\/"},"modified":"2026-02-05T17:22:46","modified_gmt":"2026-02-05T16:22:46","slug":"prs-25th-anniversary-tonare-grand-acustica-emma","status":"publish","type":"product","link":"https:\/\/www.matts-guitar-shop.com\/es\/produit\/prs-25th-anniversary-tonare-grand-acustica-emma\/","title":{"rendered":"PRS 25th Anniversary Tonare Grand ac\u00fastica Emma"},"content":{"rendered":"<h2>Biograf\u00eda de PRS Paul Reed Smith<\/h2>\n<p>A finales de los a\u00f1os 70, cuando el rock y el jazz fusi\u00f3n exploraban nuevos horizontes sonoros, <strong>Paul Reed Smith<\/strong> se consolid\u00f3 como un artesano visionario de la guitarra el\u00e9ctrica. Fundador de <strong>PRS Guitars<\/strong>, redefini\u00f3 lo que pod\u00eda ser un instrumento de alta gama, combinando artesan\u00eda impecable, innovaci\u00f3n t\u00e9cnica y una sonoridad \u00fanica.<\/p>\n<p>Paul Reed Smith nunca ha sido solo un fabricante de instrumentos. Su enfoque es integral: cada guitarra est\u00e1 dise\u00f1ada para ser c\u00f3moda, duradera y musicalmente expresiva. Cuerpos y m\u00e1stiles esculpidos con precisi\u00f3n, maderas cuidadosamente seleccionadas y electr\u00f3nica pensada para ofrecer versatilidad y riqueza tonal.<\/p>\n<p><strong>PRS<\/strong> supo unir tradici\u00f3n y modernidad. Inspiradas en Fender y Gibson, sus guitarras incorporan innovaciones propias \u2014 siluetas elegantes, herrajes patentados, acabados refinados y un sonido inconfundible \u2014 capaces de cubrir jazz, blues, rock o metal con gran claridad.<\/p>\n<p>Grandes artistas se sumaron r\u00e1pidamente a esta revoluci\u00f3n: Steve Lukather, John Mayer, Ed Sheeran o Santana eligieron <strong>PRS<\/strong>, dejando en ocasiones sus marcas hist\u00f3ricas. Estos embajadores consolidaron a <strong>PRS<\/strong> como referencia mundial, demostrando que la guitarra es un compa\u00f1ero creativo, no solo una herramienta.<\/p>\n<p>Cada guitarra Paul Reed Smith cuenta una historia. Es una extensi\u00f3n del m\u00fasico, un instrumento preciso e inspirador dise\u00f1ado para convertirse en un verdadero socio creativo.<\/p>\n<p>Una cosa es segura: Paul Reed Smith transform\u00f3 la guitarra el\u00e9ctrica contempor\u00e1nea. Con artesan\u00eda, innovaci\u00f3n y sensibilidad musical, cre\u00f3 instrumentos que atraviesan generaciones sin perder su alma.<\/p>\n","protected":false},"excerpt":{"rendered":"<p>\u00a1Si tiene preguntas sobre este producto, cont\u00e1ctenos!<\/p>\n","protected":false},"featured_media":18015,"comment_status":"open","ping_status":"closed","template":"","meta":{"_et_pb_use_builder":"","_et_pb_old_content":"","_et_gb_content_width":""},"product_brand":[],"product_cat":[657,655],"product_tag":[],"class_list":{"0":"post-18014","1":"product","2":"type-product","3":"status-publish","4":"has-post-thumbnail","6":"product_cat-guitarras-acusticas","7":"product_cat-guitarras","8":"pa_disponibilite-en-venta","9":"pa_marque-prs-es","11":"first","12":"instock","13":"shipping-taxable","14":"purchasable","15":"product-type-simple"},"yoast_head":"<!-- This site is optimized with the Yoast SEO plugin v26.8 - https:\/\/yoast.com\/product\/yoast-seo-wordpress\/ -->\n<title>PRS 25th Anniversary Tonare Grand ac\u00fastica Emma - Matt&#039;s Guitar Shop<\/title>\n<meta name=\"robots\" content=\"index, follow, max-snippet:-1, max-image-preview:large, max-video-preview:-1\" \/>\n<link rel=\"canonical\" href=\"https:\/\/www.matts-guitar-shop.com\/es\/produit\/prs-25th-anniversary-tonare-grand-acustica-emma\/\" \/>\n<meta property=\"og:locale\" content=\"es_ES\" \/>\n<meta property=\"og:type\" content=\"article\" \/>\n<meta property=\"og:title\" content=\"PRS 25th Anniversary Tonare Grand ac\u00fastica Emma - Matt&#039;s Guitar Shop\" \/>\n<meta property=\"og:description\" content=\"\u00a1Si tiene preguntas sobre este producto, cont\u00e1ctenos!\" \/>\n<meta property=\"og:url\" content=\"https:\/\/www.matts-guitar-shop.com\/es\/produit\/prs-25th-anniversary-tonare-grand-acustica-emma\/\" \/>\n<meta property=\"og:site_name\" content=\"Matt&#039;s Guitar Shop\" \/>\n<meta property=\"article:publisher\" content=\"https:\/\/www.facebook.com\/profile.php?id=100044359842817\" \/>\n<meta property=\"article:modified_time\" content=\"2026-02-05T16:22:46+00:00\" \/>\n<meta property=\"og:image\" content=\"https:\/\/www.matts-guitar-shop.com\/wp-content\/uploads\/2024\/08\/PRS-25th-Anniversary-Tonare-grand-acoustic-emma-guitare-01.jpg\" \/>\n\t<meta property=\"og:image:width\" content=\"700\" \/>\n\t<meta property=\"og:image:height\" content=\"1061\" \/>\n\t<meta property=\"og:image:type\" content=\"image\/jpeg\" \/>\n<meta name=\"twitter:card\" content=\"summary_large_image\" \/>\n<meta name=\"twitter:label1\" content=\"Tiempo de lectura\" \/>\n\t<meta name=\"twitter:data1\" content=\"1 minuto\" \/>\n<script type=\"application\/ld+json\" class=\"yoast-schema-graph\">{\"@context\":\"https:\/\/schema.org\",\"@graph\":[{\"@type\":\"WebPage\",\"@id\":\"https:\/\/www.matts-guitar-shop.com\/es\/produit\/prs-25th-anniversary-tonare-grand-acustica-emma\/\",\"url\":\"https:\/\/www.matts-guitar-shop.com\/es\/produit\/prs-25th-anniversary-tonare-grand-acustica-emma\/\",\"name\":\"PRS 25th Anniversary Tonare Grand ac\u00fastica Emma - Matt&#039;s Guitar Shop\",\"isPartOf\":{\"@id\":\"https:\/\/www.matts-guitar-shop.com\/es\/#website\"},\"primaryImageOfPage\":{\"@id\":\"https:\/\/www.matts-guitar-shop.com\/es\/produit\/prs-25th-anniversary-tonare-grand-acustica-emma\/#primaryimage\"},\"image\":{\"@id\":\"https:\/\/www.matts-guitar-shop.com\/es\/produit\/prs-25th-anniversary-tonare-grand-acustica-emma\/#primaryimage\"},\"thumbnailUrl\":\"https:\/\/www.matts-guitar-shop.com\/wp-content\/uploads\/2024\/08\/PRS-25th-Anniversary-Tonare-grand-acoustic-emma-guitare-01.jpg\",\"datePublished\":\"2024-08-31T09:45:45+00:00\",\"dateModified\":\"2026-02-05T16:22:46+00:00\",\"breadcrumb\":{\"@id\":\"https:\/\/www.matts-guitar-shop.com\/es\/produit\/prs-25th-anniversary-tonare-grand-acustica-emma\/#breadcrumb\"},\"inLanguage\":\"es\",\"potentialAction\":[{\"@type\":\"ReadAction\",\"target\":[\"https:\/\/www.matts-guitar-shop.com\/es\/produit\/prs-25th-anniversary-tonare-grand-acustica-emma\/\"]}]},{\"@type\":\"ImageObject\",\"inLanguage\":\"es\",\"@id\":\"https:\/\/www.matts-guitar-shop.com\/es\/produit\/prs-25th-anniversary-tonare-grand-acustica-emma\/#primaryimage\",\"url\":\"https:\/\/www.matts-guitar-shop.com\/wp-content\/uploads\/2024\/08\/PRS-25th-Anniversary-Tonare-grand-acoustic-emma-guitare-01.jpg\",\"contentUrl\":\"https:\/\/www.matts-guitar-shop.com\/wp-content\/uploads\/2024\/08\/PRS-25th-Anniversary-Tonare-grand-acoustic-emma-guitare-01.jpg\",\"width\":700,\"height\":1061},{\"@type\":\"BreadcrumbList\",\"@id\":\"https:\/\/www.matts-guitar-shop.com\/es\/produit\/prs-25th-anniversary-tonare-grand-acustica-emma\/#breadcrumb\",\"itemListElement\":[{\"@type\":\"ListItem\",\"position\":1,\"name\":\"Inicio\",\"item\":\"https:\/\/www.matts-guitar-shop.com\/es\/\"},{\"@type\":\"ListItem\",\"position\":2,\"name\":\"Tienda\",\"item\":\"https:\/\/www.matts-guitar-shop.com\/es\/tienda\/\"},{\"@type\":\"ListItem\",\"position\":3,\"name\":\"PRS 25th Anniversary Tonare Grand ac\u00fastica Emma\"}]},{\"@type\":\"WebSite\",\"@id\":\"https:\/\/www.matts-guitar-shop.com\/es\/#website\",\"url\":\"https:\/\/www.matts-guitar-shop.com\/es\/\",\"name\":\"matts-guitar-shop.com\",\"description\":\"Guitar Shop\",\"publisher\":{\"@id\":\"https:\/\/www.matts-guitar-shop.com\/es\/#organization\"},\"potentialAction\":[{\"@type\":\"SearchAction\",\"target\":{\"@type\":\"EntryPoint\",\"urlTemplate\":\"https:\/\/www.matts-guitar-shop.com\/es\/?s={search_term_string}\"},\"query-input\":{\"@type\":\"PropertyValueSpecification\",\"valueRequired\":true,\"valueName\":\"search_term_string\"}}],\"inLanguage\":\"es\"},{\"@type\":\"Organization\",\"@id\":\"https:\/\/www.matts-guitar-shop.com\/es\/#organization\",\"name\":\"matts-guitar-shop.com\",\"url\":\"https:\/\/www.matts-guitar-shop.com\/es\/\",\"logo\":{\"@type\":\"ImageObject\",\"inLanguage\":\"es\",\"@id\":\"https:\/\/www.matts-guitar-shop.com\/es\/#\/schema\/logo\/image\/\",\"url\":\"https:\/\/www.matts-guitar-shop.com\/wp-content\/uploads\/2024\/09\/MGS-logo-site-02.png\",\"contentUrl\":\"https:\/\/www.matts-guitar-shop.com\/wp-content\/uploads\/2024\/09\/MGS-logo-site-02.png\",\"width\":200,\"height\":122,\"caption\":\"matts-guitar-shop.com\"},\"image\":{\"@id\":\"https:\/\/www.matts-guitar-shop.com\/es\/#\/schema\/logo\/image\/\"},\"sameAs\":[\"https:\/\/www.facebook.com\/profile.php?id=100044359842817\",\"https:\/\/www.instagram.com\/mattsguitarshop\/\",\"https:\/\/www.youtube.com\/@MattLucasMan\/videos\"]}]}<\/script>\n<!-- \/ Yoast SEO plugin. -->","yoast_head_json":{"title":"PRS 25th Anniversary Tonare Grand ac\u00fastica Emma - Matt&#039;s Guitar Shop","robots":{"index":"index","follow":"follow","max-snippet":"max-snippet:-1","max-image-preview":"max-image-preview:large","max-video-preview":"max-video-preview:-1"},"canonical":"https:\/\/www.matts-guitar-shop.com\/es\/produit\/prs-25th-anniversary-tonare-grand-acustica-emma\/","og_locale":"es_ES","og_type":"article","og_title":"PRS 25th Anniversary Tonare Grand ac\u00fastica Emma - Matt&#039;s Guitar Shop","og_description":"\u00a1Si tiene preguntas sobre este producto, cont\u00e1ctenos!","og_url":"https:\/\/www.matts-guitar-shop.com\/es\/produit\/prs-25th-anniversary-tonare-grand-acustica-emma\/","og_site_name":"Matt&#039;s Guitar Shop","article_publisher":"https:\/\/www.facebook.com\/profile.php?id=100044359842817","article_modified_time":"2026-02-05T16:22:46+00:00","og_image":[{"width":700,"height":1061,"url":"https:\/\/www.matts-guitar-shop.com\/wp-content\/uploads\/2024\/08\/PRS-25th-Anniversary-Tonare-grand-acoustic-emma-guitare-01.jpg","type":"image\/jpeg"}],"twitter_card":"summary_large_image","twitter_misc":{"Tiempo de lectura":"1 minuto"},"schema":{"@context":"https:\/\/schema.org","@graph":[{"@type":"WebPage","@id":"https:\/\/www.matts-guitar-shop.com\/es\/produit\/prs-25th-anniversary-tonare-grand-acustica-emma\/","url":"https:\/\/www.matts-guitar-shop.com\/es\/produit\/prs-25th-anniversary-tonare-grand-acustica-emma\/","name":"PRS 25th Anniversary Tonare Grand ac\u00fastica Emma - Matt&#039;s Guitar Shop","isPartOf":{"@id":"https:\/\/www.matts-guitar-shop.com\/es\/#website"},"primaryImageOfPage":{"@id":"https:\/\/www.matts-guitar-shop.com\/es\/produit\/prs-25th-anniversary-tonare-grand-acustica-emma\/#primaryimage"},"image":{"@id":"https:\/\/www.matts-guitar-shop.com\/es\/produit\/prs-25th-anniversary-tonare-grand-acustica-emma\/#primaryimage"},"thumbnailUrl":"https:\/\/www.matts-guitar-shop.com\/wp-content\/uploads\/2024\/08\/PRS-25th-Anniversary-Tonare-grand-acoustic-emma-guitare-01.jpg","datePublished":"2024-08-31T09:45:45+00:00","dateModified":"2026-02-05T16:22:46+00:00","breadcrumb":{"@id":"https:\/\/www.matts-guitar-shop.com\/es\/produit\/prs-25th-anniversary-tonare-grand-acustica-emma\/#breadcrumb"},"inLanguage":"es","potentialAction":[{"@type":"ReadAction","target":["https:\/\/www.matts-guitar-shop.com\/es\/produit\/prs-25th-anniversary-tonare-grand-acustica-emma\/"]}]},{"@type":"ImageObject","inLanguage":"es","@id":"https:\/\/www.matts-guitar-shop.com\/es\/produit\/prs-25th-anniversary-tonare-grand-acustica-emma\/#primaryimage","url":"https:\/\/www.matts-guitar-shop.com\/wp-content\/uploads\/2024\/08\/PRS-25th-Anniversary-Tonare-grand-acoustic-emma-guitare-01.jpg","contentUrl":"https:\/\/www.matts-guitar-shop.com\/wp-content\/uploads\/2024\/08\/PRS-25th-Anniversary-Tonare-grand-acoustic-emma-guitare-01.jpg","width":700,"height":1061},{"@type":"BreadcrumbList","@id":"https:\/\/www.matts-guitar-shop.com\/es\/produit\/prs-25th-anniversary-tonare-grand-acustica-emma\/#breadcrumb","itemListElement":[{"@type":"ListItem","position":1,"name":"Inicio","item":"https:\/\/www.matts-guitar-shop.com\/es\/"},{"@type":"ListItem","position":2,"name":"Tienda","item":"https:\/\/www.matts-guitar-shop.com\/es\/tienda\/"},{"@type":"ListItem","position":3,"name":"PRS 25th Anniversary Tonare Grand ac\u00fastica Emma"}]},{"@type":"WebSite","@id":"https:\/\/www.matts-guitar-shop.com\/es\/#website","url":"https:\/\/www.matts-guitar-shop.com\/es\/","name":"matts-guitar-shop.com","description":"Guitar Shop","publisher":{"@id":"https:\/\/www.matts-guitar-shop.com\/es\/#organization"},"potentialAction":[{"@type":"SearchAction","target":{"@type":"EntryPoint","urlTemplate":"https:\/\/www.matts-guitar-shop.com\/es\/?s={search_term_string}"},"query-input":{"@type":"PropertyValueSpecification","valueRequired":true,"valueName":"search_term_string"}}],"inLanguage":"es"},{"@type":"Organization","@id":"https:\/\/www.matts-guitar-shop.com\/es\/#organization","name":"matts-guitar-shop.com","url":"https:\/\/www.matts-guitar-shop.com\/es\/","logo":{"@type":"ImageObject","inLanguage":"es","@id":"https:\/\/www.matts-guitar-shop.com\/es\/#\/schema\/logo\/image\/","url":"https:\/\/www.matts-guitar-shop.com\/wp-content\/uploads\/2024\/09\/MGS-logo-site-02.png","contentUrl":"https:\/\/www.matts-guitar-shop.com\/wp-content\/uploads\/2024\/09\/MGS-logo-site-02.png","width":200,"height":122,"caption":"matts-guitar-shop.com"},"image":{"@id":"https:\/\/www.matts-guitar-shop.com\/es\/#\/schema\/logo\/image\/"},"sameAs":["https:\/\/www.facebook.com\/profile.php?id=100044359842817","https:\/\/www.instagram.com\/mattsguitarshop\/","https:\/\/www.youtube.com\/@MattLucasMan\/videos"]}]}},"_links":{"self":[{"href":"https:\/\/www.matts-guitar-shop.com\/es\/wp-json\/wp\/v2\/product\/18014","targetHints":{"allow":["GET"]}}],"collection":[{"href":"https:\/\/www.matts-guitar-shop.com\/es\/wp-json\/wp\/v2\/product"}],"about":[{"href":"https:\/\/www.matts-guitar-shop.com\/es\/wp-json\/wp\/v2\/types\/product"}],"replies":[{"embeddable":true,"href":"https:\/\/www.matts-guitar-shop.com\/es\/wp-json\/wp\/v2\/comments?post=18014"}],"wp:featuredmedia":[{"embeddable":true,"href":"https:\/\/www.matts-guitar-shop.com\/es\/wp-json\/wp\/v2\/media\/18015"}],"wp:attachment":[{"href":"https:\/\/www.matts-guitar-shop.com\/es\/wp-json\/wp\/v2\/media?parent=18014"}],"wp:term":[{"taxonomy":"product_brand","embeddable":true,"href":"https:\/\/www.matts-guitar-shop.com\/es\/wp-json\/wp\/v2\/product_brand?post=18014"},{"taxonomy":"product_cat","embeddable":true,"href":"https:\/\/www.matts-guitar-shop.com\/es\/wp-json\/wp\/v2\/product_cat?post=18014"},{"taxonomy":"product_tag","embeddable":true,"href":"https:\/\/www.matts-guitar-shop.com\/es\/wp-json\/wp\/v2\/product_tag?post=18014"}],"curies":[{"name":"wp","href":"https:\/\/api.w.org\/{rel}","templated":true}]}}