{"id":18012,"date":"2024-08-31T11:30:16","date_gmt":"2024-08-31T09:30:16","guid":{"rendered":"https:\/\/www.matts-guitar-shop.com\/produit\/nik-huber-krauster-i-ex-steely-dan\/"},"modified":"2024-08-31T11:30:16","modified_gmt":"2024-08-31T09:30:16","slug":"nik-huber-krauster-i-ex-steely-dan","status":"publish","type":"product","link":"https:\/\/www.matts-guitar-shop.com\/es\/produit\/nik-huber-krauster-i-ex-steely-dan\/","title":{"rendered":"Nik Huber Krauster I Ex Steely Dan"},"content":{"rendered":"<p>Nik Huber Krauster I Ex Steely Dan<\/p>\n","protected":false},"excerpt":{"rendered":"<p><strong>Nik Huber es uno de los mejores lutieres en actividad actualmente, y su equipo de ocho especialistas fabrica guitarras incre\u00edbles en Alemania, muy cerca de Frankfurt. Comenz\u00f3 en 1996, y Huber principalmente ha creado instrumentos muy decorados y sofisticados en la l\u00ednea de lo que han hecho Paul Reed Smith o Joel Dantzig. Pero Nik Huber tambi\u00e9n tiene el talento para aplicar su saber hacer, su finura y precisi\u00f3n a dise\u00f1os m\u00e1s simples, guitarras m\u00e1s cercanas a la Les Paul Junior que a la Standard, que suenan excelentemente y est\u00e1n muy bien construidas a pesar de su apariencia sencilla.<\/strong><\/p>\n<p>As\u00ed apareci\u00f3 el modelo Krautster II, con caracter\u00edsticas que evocan una Les Paul Special vista a trav\u00e9s de los ojos del maestro alem\u00e1n: el cuerpo es una pieza de caoba, pero el m\u00e1stil pegado es de arce, lo cual es bastante sorprendente. Inspir\u00e1ndose seguramente en la Les Paul Junior, Nik Huber le dio un peque\u00f1o \u201ctwist\u201d optando por un m\u00e1stil de arce que le da un poco m\u00e1s de nervio. La escala h\u00edbrida tipo PRS es de 25\u201d, el justo medio entre Gibson y Fender, y el puente wraparound no ajustable garantiza una transmisi\u00f3n perfecta de las vibraciones de las cuerdas al cuerpo. El modelo ofrecido por Matt\u2019s Guitar Shop es excepcional. Perteneci\u00f3 a la m\u00edtica banda de rock americana Steely Dan, compuesta por Donald Fagen y el igualmente legendario Walter Becker. \u00a1Una pieza que suena terriblemente al prestigioso legado!<\/p>\n<p><strong>Si tiene preguntas sobre este producto, \u00a1cont\u00e1ctenos!<\/strong><\/p>\n","protected":false},"featured_media":18013,"comment_status":"open","ping_status":"closed","template":"","meta":{"_et_pb_use_builder":"","_et_pb_old_content":"","_et_gb_content_width":""},"product_brand":[],"product_cat":[659,655],"product_tag":[],"class_list":{"0":"post-18012","1":"product","2":"type-product","3":"status-publish","4":"has-post-thumbnail","6":"product_cat-guitarras-electricas","7":"product_cat-guitarras","8":"pa_artiste-steely-dan-es","9":"pa_disponibilite-en-venta","10":"pa_marque-nik-huber-es","12":"first","13":"instock","14":"shipping-taxable","15":"product-type-simple"},"yoast_head":"<!-- This site is optimized with the Yoast SEO plugin v26.8 - https:\/\/yoast.com\/product\/yoast-seo-wordpress\/ -->\n<title>Nik Huber Krauster I Ex Steely Dan - Matt&#039;s Guitar Shop<\/title>\n<meta name=\"robots\" content=\"index, follow, max-snippet:-1, max-image-preview:large, max-video-preview:-1\" \/>\n<link rel=\"canonical\" href=\"https:\/\/www.matts-guitar-shop.com\/es\/produit\/nik-huber-krauster-i-ex-steely-dan\/\" \/>\n<meta property=\"og:locale\" content=\"es_ES\" \/>\n<meta property=\"og:type\" content=\"article\" \/>\n<meta property=\"og:title\" content=\"Nik Huber Krauster I Ex Steely Dan - Matt&#039;s Guitar Shop\" \/>\n<meta property=\"og:description\" content=\"Nik Huber es uno de los mejores lutieres en actividad actualmente, y su equipo de ocho especialistas fabrica guitarras incre\u00edbles en Alemania, muy cerca de Frankfurt. Comenz\u00f3 en 1996, y Huber principalmente ha creado instrumentos muy decorados y sofisticados en la l\u00ednea de lo que han hecho Paul Reed Smith o Joel Dantzig. Pero Nik Huber tambi\u00e9n tiene el talento para aplicar su saber hacer, su finura y precisi\u00f3n a dise\u00f1os m\u00e1s simples, guitarras m\u00e1s cercanas a la Les Paul Junior que a la Standard, que suenan excelentemente y est\u00e1n muy bien construidas a pesar de su apariencia sencilla. As\u00ed apareci\u00f3 el modelo Krautster II, con caracter\u00edsticas que evocan una Les Paul Special vista a trav\u00e9s de los ojos del maestro alem\u00e1n: el cuerpo es una pieza de caoba, pero el m\u00e1stil pegado es de arce, lo cual es bastante sorprendente. Inspir\u00e1ndose seguramente en la Les Paul Junior, Nik Huber le dio un peque\u00f1o \u201ctwist\u201d optando por un m\u00e1stil de arce que le da un poco m\u00e1s de nervio. La escala h\u00edbrida tipo PRS es de 25\u201d, el justo medio entre Gibson y Fender, y el puente wraparound no ajustable garantiza una transmisi\u00f3n perfecta de las vibraciones de las cuerdas al cuerpo. El modelo ofrecido por Matt\u2019s Guitar Shop es excepcional. Perteneci\u00f3 a la m\u00edtica banda de rock americana Steely Dan, compuesta por Donald Fagen y el igualmente legendario Walter Becker. \u00a1Una pieza que suena terriblemente al prestigioso legado! Si tiene preguntas sobre este producto, \u00a1cont\u00e1ctenos!\" \/>\n<meta property=\"og:url\" content=\"https:\/\/www.matts-guitar-shop.com\/es\/produit\/nik-huber-krauster-i-ex-steely-dan\/\" \/>\n<meta property=\"og:site_name\" content=\"Matt&#039;s Guitar Shop\" \/>\n<meta property=\"article:publisher\" content=\"https:\/\/www.facebook.com\/profile.php?id=100044359842817\" \/>\n<meta property=\"og:image\" content=\"https:\/\/www.matts-guitar-shop.com\/wp-content\/uploads\/2024\/08\/nik-huber-krauster-ex-steely-dan-grey-00.jpg\" \/>\n\t<meta property=\"og:image:width\" content=\"900\" \/>\n\t<meta property=\"og:image:height\" content=\"1300\" \/>\n\t<meta property=\"og:image:type\" content=\"image\/jpeg\" \/>\n<meta name=\"twitter:card\" content=\"summary_large_image\" \/>\n<script type=\"application\/ld+json\" class=\"yoast-schema-graph\">{\"@context\":\"https:\/\/schema.org\",\"@graph\":[{\"@type\":\"WebPage\",\"@id\":\"https:\/\/www.matts-guitar-shop.com\/es\/produit\/nik-huber-krauster-i-ex-steely-dan\/\",\"url\":\"https:\/\/www.matts-guitar-shop.com\/es\/produit\/nik-huber-krauster-i-ex-steely-dan\/\",\"name\":\"Nik Huber Krauster I Ex Steely Dan - Matt&#039;s Guitar Shop\",\"isPartOf\":{\"@id\":\"https:\/\/www.matts-guitar-shop.com\/es\/#website\"},\"primaryImageOfPage\":{\"@id\":\"https:\/\/www.matts-guitar-shop.com\/es\/produit\/nik-huber-krauster-i-ex-steely-dan\/#primaryimage\"},\"image\":{\"@id\":\"https:\/\/www.matts-guitar-shop.com\/es\/produit\/nik-huber-krauster-i-ex-steely-dan\/#primaryimage\"},\"thumbnailUrl\":\"https:\/\/www.matts-guitar-shop.com\/wp-content\/uploads\/2024\/08\/nik-huber-krauster-ex-steely-dan-grey-00.jpg\",\"datePublished\":\"2024-08-31T09:30:16+00:00\",\"breadcrumb\":{\"@id\":\"https:\/\/www.matts-guitar-shop.com\/es\/produit\/nik-huber-krauster-i-ex-steely-dan\/#breadcrumb\"},\"inLanguage\":\"es\",\"potentialAction\":[{\"@type\":\"ReadAction\",\"target\":[\"https:\/\/www.matts-guitar-shop.com\/es\/produit\/nik-huber-krauster-i-ex-steely-dan\/\"]}]},{\"@type\":\"ImageObject\",\"inLanguage\":\"es\",\"@id\":\"https:\/\/www.matts-guitar-shop.com\/es\/produit\/nik-huber-krauster-i-ex-steely-dan\/#primaryimage\",\"url\":\"https:\/\/www.matts-guitar-shop.com\/wp-content\/uploads\/2024\/08\/nik-huber-krauster-ex-steely-dan-grey-00.jpg\",\"contentUrl\":\"https:\/\/www.matts-guitar-shop.com\/wp-content\/uploads\/2024\/08\/nik-huber-krauster-ex-steely-dan-grey-00.jpg\",\"width\":900,\"height\":1300},{\"@type\":\"BreadcrumbList\",\"@id\":\"https:\/\/www.matts-guitar-shop.com\/es\/produit\/nik-huber-krauster-i-ex-steely-dan\/#breadcrumb\",\"itemListElement\":[{\"@type\":\"ListItem\",\"position\":1,\"name\":\"Inicio\",\"item\":\"https:\/\/www.matts-guitar-shop.com\/es\/\"},{\"@type\":\"ListItem\",\"position\":2,\"name\":\"Tienda\",\"item\":\"https:\/\/www.matts-guitar-shop.com\/es\/tienda\/\"},{\"@type\":\"ListItem\",\"position\":3,\"name\":\"Nik Huber Krauster I Ex Steely Dan\"}]},{\"@type\":\"WebSite\",\"@id\":\"https:\/\/www.matts-guitar-shop.com\/es\/#website\",\"url\":\"https:\/\/www.matts-guitar-shop.com\/es\/\",\"name\":\"matts-guitar-shop.com\",\"description\":\"Guitar Shop\",\"publisher\":{\"@id\":\"https:\/\/www.matts-guitar-shop.com\/es\/#organization\"},\"potentialAction\":[{\"@type\":\"SearchAction\",\"target\":{\"@type\":\"EntryPoint\",\"urlTemplate\":\"https:\/\/www.matts-guitar-shop.com\/es\/?s={search_term_string}\"},\"query-input\":{\"@type\":\"PropertyValueSpecification\",\"valueRequired\":true,\"valueName\":\"search_term_string\"}}],\"inLanguage\":\"es\"},{\"@type\":\"Organization\",\"@id\":\"https:\/\/www.matts-guitar-shop.com\/es\/#organization\",\"name\":\"matts-guitar-shop.com\",\"url\":\"https:\/\/www.matts-guitar-shop.com\/es\/\",\"logo\":{\"@type\":\"ImageObject\",\"inLanguage\":\"es\",\"@id\":\"https:\/\/www.matts-guitar-shop.com\/es\/#\/schema\/logo\/image\/\",\"url\":\"https:\/\/www.matts-guitar-shop.com\/wp-content\/uploads\/2024\/09\/MGS-logo-site-02.png\",\"contentUrl\":\"https:\/\/www.matts-guitar-shop.com\/wp-content\/uploads\/2024\/09\/MGS-logo-site-02.png\",\"width\":200,\"height\":122,\"caption\":\"matts-guitar-shop.com\"},\"image\":{\"@id\":\"https:\/\/www.matts-guitar-shop.com\/es\/#\/schema\/logo\/image\/\"},\"sameAs\":[\"https:\/\/www.facebook.com\/profile.php?id=100044359842817\",\"https:\/\/www.instagram.com\/mattsguitarshop\/\",\"https:\/\/www.youtube.com\/@MattLucasMan\/videos\"]}]}<\/script>\n<!-- \/ Yoast SEO plugin. -->","yoast_head_json":{"title":"Nik Huber Krauster I Ex Steely Dan - Matt&#039;s Guitar Shop","robots":{"index":"index","follow":"follow","max-snippet":"max-snippet:-1","max-image-preview":"max-image-preview:large","max-video-preview":"max-video-preview:-1"},"canonical":"https:\/\/www.matts-guitar-shop.com\/es\/produit\/nik-huber-krauster-i-ex-steely-dan\/","og_locale":"es_ES","og_type":"article","og_title":"Nik Huber Krauster I Ex Steely Dan - Matt&#039;s Guitar Shop","og_description":"Nik Huber es uno de los mejores lutieres en actividad actualmente, y su equipo de ocho especialistas fabrica guitarras incre\u00edbles en Alemania, muy cerca de Frankfurt. Comenz\u00f3 en 1996, y Huber principalmente ha creado instrumentos muy decorados y sofisticados en la l\u00ednea de lo que han hecho Paul Reed Smith o Joel Dantzig. Pero Nik Huber tambi\u00e9n tiene el talento para aplicar su saber hacer, su finura y precisi\u00f3n a dise\u00f1os m\u00e1s simples, guitarras m\u00e1s cercanas a la Les Paul Junior que a la Standard, que suenan excelentemente y est\u00e1n muy bien construidas a pesar de su apariencia sencilla. As\u00ed apareci\u00f3 el modelo Krautster II, con caracter\u00edsticas que evocan una Les Paul Special vista a trav\u00e9s de los ojos del maestro alem\u00e1n: el cuerpo es una pieza de caoba, pero el m\u00e1stil pegado es de arce, lo cual es bastante sorprendente. Inspir\u00e1ndose seguramente en la Les Paul Junior, Nik Huber le dio un peque\u00f1o \u201ctwist\u201d optando por un m\u00e1stil de arce que le da un poco m\u00e1s de nervio. La escala h\u00edbrida tipo PRS es de 25\u201d, el justo medio entre Gibson y Fender, y el puente wraparound no ajustable garantiza una transmisi\u00f3n perfecta de las vibraciones de las cuerdas al cuerpo. El modelo ofrecido por Matt\u2019s Guitar Shop es excepcional. Perteneci\u00f3 a la m\u00edtica banda de rock americana Steely Dan, compuesta por Donald Fagen y el igualmente legendario Walter Becker. \u00a1Una pieza que suena terriblemente al prestigioso legado! Si tiene preguntas sobre este producto, \u00a1cont\u00e1ctenos!","og_url":"https:\/\/www.matts-guitar-shop.com\/es\/produit\/nik-huber-krauster-i-ex-steely-dan\/","og_site_name":"Matt&#039;s Guitar Shop","article_publisher":"https:\/\/www.facebook.com\/profile.php?id=100044359842817","og_image":[{"width":900,"height":1300,"url":"https:\/\/www.matts-guitar-shop.com\/wp-content\/uploads\/2024\/08\/nik-huber-krauster-ex-steely-dan-grey-00.jpg","type":"image\/jpeg"}],"twitter_card":"summary_large_image","schema":{"@context":"https:\/\/schema.org","@graph":[{"@type":"WebPage","@id":"https:\/\/www.matts-guitar-shop.com\/es\/produit\/nik-huber-krauster-i-ex-steely-dan\/","url":"https:\/\/www.matts-guitar-shop.com\/es\/produit\/nik-huber-krauster-i-ex-steely-dan\/","name":"Nik Huber Krauster I Ex Steely Dan - Matt&#039;s Guitar Shop","isPartOf":{"@id":"https:\/\/www.matts-guitar-shop.com\/es\/#website"},"primaryImageOfPage":{"@id":"https:\/\/www.matts-guitar-shop.com\/es\/produit\/nik-huber-krauster-i-ex-steely-dan\/#primaryimage"},"image":{"@id":"https:\/\/www.matts-guitar-shop.com\/es\/produit\/nik-huber-krauster-i-ex-steely-dan\/#primaryimage"},"thumbnailUrl":"https:\/\/www.matts-guitar-shop.com\/wp-content\/uploads\/2024\/08\/nik-huber-krauster-ex-steely-dan-grey-00.jpg","datePublished":"2024-08-31T09:30:16+00:00","breadcrumb":{"@id":"https:\/\/www.matts-guitar-shop.com\/es\/produit\/nik-huber-krauster-i-ex-steely-dan\/#breadcrumb"},"inLanguage":"es","potentialAction":[{"@type":"ReadAction","target":["https:\/\/www.matts-guitar-shop.com\/es\/produit\/nik-huber-krauster-i-ex-steely-dan\/"]}]},{"@type":"ImageObject","inLanguage":"es","@id":"https:\/\/www.matts-guitar-shop.com\/es\/produit\/nik-huber-krauster-i-ex-steely-dan\/#primaryimage","url":"https:\/\/www.matts-guitar-shop.com\/wp-content\/uploads\/2024\/08\/nik-huber-krauster-ex-steely-dan-grey-00.jpg","contentUrl":"https:\/\/www.matts-guitar-shop.com\/wp-content\/uploads\/2024\/08\/nik-huber-krauster-ex-steely-dan-grey-00.jpg","width":900,"height":1300},{"@type":"BreadcrumbList","@id":"https:\/\/www.matts-guitar-shop.com\/es\/produit\/nik-huber-krauster-i-ex-steely-dan\/#breadcrumb","itemListElement":[{"@type":"ListItem","position":1,"name":"Inicio","item":"https:\/\/www.matts-guitar-shop.com\/es\/"},{"@type":"ListItem","position":2,"name":"Tienda","item":"https:\/\/www.matts-guitar-shop.com\/es\/tienda\/"},{"@type":"ListItem","position":3,"name":"Nik Huber Krauster I Ex Steely Dan"}]},{"@type":"WebSite","@id":"https:\/\/www.matts-guitar-shop.com\/es\/#website","url":"https:\/\/www.matts-guitar-shop.com\/es\/","name":"matts-guitar-shop.com","description":"Guitar Shop","publisher":{"@id":"https:\/\/www.matts-guitar-shop.com\/es\/#organization"},"potentialAction":[{"@type":"SearchAction","target":{"@type":"EntryPoint","urlTemplate":"https:\/\/www.matts-guitar-shop.com\/es\/?s={search_term_string}"},"query-input":{"@type":"PropertyValueSpecification","valueRequired":true,"valueName":"search_term_string"}}],"inLanguage":"es"},{"@type":"Organization","@id":"https:\/\/www.matts-guitar-shop.com\/es\/#organization","name":"matts-guitar-shop.com","url":"https:\/\/www.matts-guitar-shop.com\/es\/","logo":{"@type":"ImageObject","inLanguage":"es","@id":"https:\/\/www.matts-guitar-shop.com\/es\/#\/schema\/logo\/image\/","url":"https:\/\/www.matts-guitar-shop.com\/wp-content\/uploads\/2024\/09\/MGS-logo-site-02.png","contentUrl":"https:\/\/www.matts-guitar-shop.com\/wp-content\/uploads\/2024\/09\/MGS-logo-site-02.png","width":200,"height":122,"caption":"matts-guitar-shop.com"},"image":{"@id":"https:\/\/www.matts-guitar-shop.com\/es\/#\/schema\/logo\/image\/"},"sameAs":["https:\/\/www.facebook.com\/profile.php?id=100044359842817","https:\/\/www.instagram.com\/mattsguitarshop\/","https:\/\/www.youtube.com\/@MattLucasMan\/videos"]}]}},"_links":{"self":[{"href":"https:\/\/www.matts-guitar-shop.com\/es\/wp-json\/wp\/v2\/product\/18012","targetHints":{"allow":["GET"]}}],"collection":[{"href":"https:\/\/www.matts-guitar-shop.com\/es\/wp-json\/wp\/v2\/product"}],"about":[{"href":"https:\/\/www.matts-guitar-shop.com\/es\/wp-json\/wp\/v2\/types\/product"}],"replies":[{"embeddable":true,"href":"https:\/\/www.matts-guitar-shop.com\/es\/wp-json\/wp\/v2\/comments?post=18012"}],"wp:featuredmedia":[{"embeddable":true,"href":"https:\/\/www.matts-guitar-shop.com\/es\/wp-json\/wp\/v2\/media\/18013"}],"wp:attachment":[{"href":"https:\/\/www.matts-guitar-shop.com\/es\/wp-json\/wp\/v2\/media?parent=18012"}],"wp:term":[{"taxonomy":"product_brand","embeddable":true,"href":"https:\/\/www.matts-guitar-shop.com\/es\/wp-json\/wp\/v2\/product_brand?post=18012"},{"taxonomy":"product_cat","embeddable":true,"href":"https:\/\/www.matts-guitar-shop.com\/es\/wp-json\/wp\/v2\/product_cat?post=18012"},{"taxonomy":"product_tag","embeddable":true,"href":"https:\/\/www.matts-guitar-shop.com\/es\/wp-json\/wp\/v2\/product_tag?post=18012"}],"curies":[{"name":"wp","href":"https:\/\/api.w.org\/{rel}","templated":true}]}}