{"id":17983,"date":"2024-12-17T00:51:19","date_gmt":"2024-12-16T23:51:19","guid":{"rendered":"https:\/\/www.matts-guitar-shop.com\/produit\/sentchordi-hermanos-de-jose-reyes-gipsy-kings\/"},"modified":"2025-10-17T21:02:44","modified_gmt":"2025-10-17T19:02:44","slug":"sentchordi-hermanos-de-jose-reyes-gipsy-kings","status":"publish","type":"product","link":"https:\/\/www.matts-guitar-shop.com\/es\/produit\/sentchordi-hermanos-de-jose-reyes-gipsy-kings\/","title":{"rendered":"Sentchordi Hermanos de Jos\u00e9 Reyes (Gipsy Kings)"},"content":{"rendered":"<p>Jos\u00e9 Reyes de los Gipsy Kings<\/p>\n","protected":false},"excerpt":{"rendered":"<p>Seg\u00fan la tradici\u00f3n roman\u00ed, el instrumento de un m\u00fasico fallecido debe ser quemado. Esta guitarra adquiere as\u00ed un car\u00e1cter a\u00fan m\u00e1s excepcional, ya que ha atravesado los siglos para llegar hasta nosotros. Fabricada en Valencia alrededor de 1884\/85, perteneci\u00f3 a <b>Jos\u00e9 Reyes<\/b>.<\/p>\n<p>Guitarrista y cantante del grupo gitano Los Reyes, que m\u00e1s tarde se convertir\u00eda en los <b>Gipsy Kings<\/b>, \u00e9l consideraba que esta guitarra tan antigua ten\u00eda un alma. La us\u00f3 much\u00edsimo durante muchos a\u00f1os en el estudio y en conciertos, hasta su fallecimiento en 1979. Esta guitarra ac\u00fastica, fabricada en palisandro de R\u00edo y abeto por el Taller Sentchordi Hermanos, es una verdadera reliquia de un influyente m\u00fasico roman\u00ed, adem\u00e1s de ser una guitarra con un sonido profundo y particularmente rico. Un objeto cultural e hist\u00f3rico raro que forma parte de la colecci\u00f3n de Matt\u2019s Guitar Shop.<\/p>\n","protected":false},"featured_media":17984,"comment_status":"open","ping_status":"closed","template":"","meta":{"_et_pb_use_builder":"","_et_pb_old_content":"","_et_gb_content_width":""},"product_brand":[],"product_cat":[654,658,652,655],"product_tag":[],"class_list":{"0":"post-17983","1":"product","2":"type-product","3":"status-publish","4":"has-post-thumbnail","6":"product_cat-vendidos","7":"product_cat-guitarras-iconicas","8":"product_cat-artistas","9":"product_cat-guitarras","10":"pa_artiste-jose-reyes-es","11":"pa_disponibilite-vendido","12":"pa_marque-sentchordi-hermanos-es","14":"first","15":"outofstock","16":"shipping-taxable","17":"product-type-simple"},"yoast_head":"<!-- This site is optimized with the Yoast SEO plugin v26.8 - https:\/\/yoast.com\/product\/yoast-seo-wordpress\/ -->\n<title>Sentchordi Hermanos de Jos\u00e9 Reyes (Gipsy Kings) - Matt&#039;s Guitar Shop<\/title>\n<meta name=\"description\" content=\"Esta guitarra adquiere as\u00ed un car\u00e1cter a\u00fan m\u00e1s excepcional, ya que ha atravesado los a\u00f1os para llegar hasta nosotros.\" \/>\n<meta name=\"robots\" content=\"index, follow, max-snippet:-1, max-image-preview:large, max-video-preview:-1\" \/>\n<link rel=\"canonical\" href=\"https:\/\/www.matts-guitar-shop.com\/es\/produit\/sentchordi-hermanos-de-jose-reyes-gipsy-kings\/\" \/>\n<meta property=\"og:locale\" content=\"es_ES\" \/>\n<meta property=\"og:type\" content=\"article\" \/>\n<meta property=\"og:title\" content=\"Sentchordi Hermanos de Jos\u00e9 Reyes (Gipsy Kings) - Matt&#039;s Guitar Shop\" \/>\n<meta property=\"og:description\" content=\"Esta guitarra adquiere as\u00ed un car\u00e1cter a\u00fan m\u00e1s excepcional, ya que ha atravesado los a\u00f1os para llegar hasta nosotros.\" \/>\n<meta property=\"og:url\" content=\"https:\/\/www.matts-guitar-shop.com\/es\/produit\/sentchordi-hermanos-de-jose-reyes-gipsy-kings\/\" \/>\n<meta property=\"og:site_name\" content=\"Matt&#039;s Guitar Shop\" \/>\n<meta property=\"article:publisher\" content=\"https:\/\/www.facebook.com\/profile.php?id=100044359842817\" \/>\n<meta property=\"article:modified_time\" content=\"2025-10-17T19:02:44+00:00\" \/>\n<meta property=\"og:image\" content=\"https:\/\/www.matts-guitar-shop.com\/wp-content\/uploads\/2024\/12\/jose-reyes-sentchordi-hermanos-gipsy-kings-83.jpg\" \/>\n\t<meta property=\"og:image:width\" content=\"800\" \/>\n\t<meta property=\"og:image:height\" content=\"1000\" \/>\n\t<meta property=\"og:image:type\" content=\"image\/jpeg\" \/>\n<meta name=\"twitter:card\" content=\"summary_large_image\" \/>\n<script type=\"application\/ld+json\" class=\"yoast-schema-graph\">{\"@context\":\"https:\/\/schema.org\",\"@graph\":[{\"@type\":\"WebPage\",\"@id\":\"https:\/\/www.matts-guitar-shop.com\/es\/produit\/sentchordi-hermanos-de-jose-reyes-gipsy-kings\/\",\"url\":\"https:\/\/www.matts-guitar-shop.com\/es\/produit\/sentchordi-hermanos-de-jose-reyes-gipsy-kings\/\",\"name\":\"Sentchordi Hermanos de Jos\u00e9 Reyes (Gipsy Kings) - Matt&#039;s Guitar Shop\",\"isPartOf\":{\"@id\":\"https:\/\/www.matts-guitar-shop.com\/es\/#website\"},\"primaryImageOfPage\":{\"@id\":\"https:\/\/www.matts-guitar-shop.com\/es\/produit\/sentchordi-hermanos-de-jose-reyes-gipsy-kings\/#primaryimage\"},\"image\":{\"@id\":\"https:\/\/www.matts-guitar-shop.com\/es\/produit\/sentchordi-hermanos-de-jose-reyes-gipsy-kings\/#primaryimage\"},\"thumbnailUrl\":\"https:\/\/www.matts-guitar-shop.com\/wp-content\/uploads\/2024\/12\/jose-reyes-sentchordi-hermanos-gipsy-kings-83.jpg\",\"datePublished\":\"2024-12-16T23:51:19+00:00\",\"dateModified\":\"2025-10-17T19:02:44+00:00\",\"description\":\"Esta guitarra adquiere as\u00ed un car\u00e1cter a\u00fan m\u00e1s excepcional, ya que ha atravesado los a\u00f1os para llegar hasta nosotros.\",\"breadcrumb\":{\"@id\":\"https:\/\/www.matts-guitar-shop.com\/es\/produit\/sentchordi-hermanos-de-jose-reyes-gipsy-kings\/#breadcrumb\"},\"inLanguage\":\"es\",\"potentialAction\":[{\"@type\":\"ReadAction\",\"target\":[\"https:\/\/www.matts-guitar-shop.com\/es\/produit\/sentchordi-hermanos-de-jose-reyes-gipsy-kings\/\"]}]},{\"@type\":\"ImageObject\",\"inLanguage\":\"es\",\"@id\":\"https:\/\/www.matts-guitar-shop.com\/es\/produit\/sentchordi-hermanos-de-jose-reyes-gipsy-kings\/#primaryimage\",\"url\":\"https:\/\/www.matts-guitar-shop.com\/wp-content\/uploads\/2024\/12\/jose-reyes-sentchordi-hermanos-gipsy-kings-83.jpg\",\"contentUrl\":\"https:\/\/www.matts-guitar-shop.com\/wp-content\/uploads\/2024\/12\/jose-reyes-sentchordi-hermanos-gipsy-kings-83.jpg\",\"width\":800,\"height\":1000},{\"@type\":\"BreadcrumbList\",\"@id\":\"https:\/\/www.matts-guitar-shop.com\/es\/produit\/sentchordi-hermanos-de-jose-reyes-gipsy-kings\/#breadcrumb\",\"itemListElement\":[{\"@type\":\"ListItem\",\"position\":1,\"name\":\"Inicio\",\"item\":\"https:\/\/www.matts-guitar-shop.com\/es\/\"},{\"@type\":\"ListItem\",\"position\":2,\"name\":\"Tienda\",\"item\":\"https:\/\/www.matts-guitar-shop.com\/es\/tienda\/\"},{\"@type\":\"ListItem\",\"position\":3,\"name\":\"Sentchordi Hermanos de Jos\u00e9 Reyes (Gipsy Kings)\"}]},{\"@type\":\"WebSite\",\"@id\":\"https:\/\/www.matts-guitar-shop.com\/es\/#website\",\"url\":\"https:\/\/www.matts-guitar-shop.com\/es\/\",\"name\":\"matts-guitar-shop.com\",\"description\":\"Guitar Shop\",\"publisher\":{\"@id\":\"https:\/\/www.matts-guitar-shop.com\/es\/#organization\"},\"potentialAction\":[{\"@type\":\"SearchAction\",\"target\":{\"@type\":\"EntryPoint\",\"urlTemplate\":\"https:\/\/www.matts-guitar-shop.com\/es\/?s={search_term_string}\"},\"query-input\":{\"@type\":\"PropertyValueSpecification\",\"valueRequired\":true,\"valueName\":\"search_term_string\"}}],\"inLanguage\":\"es\"},{\"@type\":\"Organization\",\"@id\":\"https:\/\/www.matts-guitar-shop.com\/es\/#organization\",\"name\":\"matts-guitar-shop.com\",\"url\":\"https:\/\/www.matts-guitar-shop.com\/es\/\",\"logo\":{\"@type\":\"ImageObject\",\"inLanguage\":\"es\",\"@id\":\"https:\/\/www.matts-guitar-shop.com\/es\/#\/schema\/logo\/image\/\",\"url\":\"https:\/\/www.matts-guitar-shop.com\/wp-content\/uploads\/2024\/09\/MGS-logo-site-02.png\",\"contentUrl\":\"https:\/\/www.matts-guitar-shop.com\/wp-content\/uploads\/2024\/09\/MGS-logo-site-02.png\",\"width\":200,\"height\":122,\"caption\":\"matts-guitar-shop.com\"},\"image\":{\"@id\":\"https:\/\/www.matts-guitar-shop.com\/es\/#\/schema\/logo\/image\/\"},\"sameAs\":[\"https:\/\/www.facebook.com\/profile.php?id=100044359842817\",\"https:\/\/www.instagram.com\/mattsguitarshop\/\",\"https:\/\/www.youtube.com\/@MattLucasMan\/videos\"]}]}<\/script>\n<!-- \/ Yoast SEO plugin. -->","yoast_head_json":{"title":"Sentchordi Hermanos de Jos\u00e9 Reyes (Gipsy Kings) - Matt&#039;s Guitar Shop","description":"Esta guitarra adquiere as\u00ed un car\u00e1cter a\u00fan m\u00e1s excepcional, ya que ha atravesado los a\u00f1os para llegar hasta nosotros.","robots":{"index":"index","follow":"follow","max-snippet":"max-snippet:-1","max-image-preview":"max-image-preview:large","max-video-preview":"max-video-preview:-1"},"canonical":"https:\/\/www.matts-guitar-shop.com\/es\/produit\/sentchordi-hermanos-de-jose-reyes-gipsy-kings\/","og_locale":"es_ES","og_type":"article","og_title":"Sentchordi Hermanos de Jos\u00e9 Reyes (Gipsy Kings) - Matt&#039;s Guitar Shop","og_description":"Esta guitarra adquiere as\u00ed un car\u00e1cter a\u00fan m\u00e1s excepcional, ya que ha atravesado los a\u00f1os para llegar hasta nosotros.","og_url":"https:\/\/www.matts-guitar-shop.com\/es\/produit\/sentchordi-hermanos-de-jose-reyes-gipsy-kings\/","og_site_name":"Matt&#039;s Guitar Shop","article_publisher":"https:\/\/www.facebook.com\/profile.php?id=100044359842817","article_modified_time":"2025-10-17T19:02:44+00:00","og_image":[{"width":800,"height":1000,"url":"https:\/\/www.matts-guitar-shop.com\/wp-content\/uploads\/2024\/12\/jose-reyes-sentchordi-hermanos-gipsy-kings-83.jpg","type":"image\/jpeg"}],"twitter_card":"summary_large_image","schema":{"@context":"https:\/\/schema.org","@graph":[{"@type":"WebPage","@id":"https:\/\/www.matts-guitar-shop.com\/es\/produit\/sentchordi-hermanos-de-jose-reyes-gipsy-kings\/","url":"https:\/\/www.matts-guitar-shop.com\/es\/produit\/sentchordi-hermanos-de-jose-reyes-gipsy-kings\/","name":"Sentchordi Hermanos de Jos\u00e9 Reyes (Gipsy Kings) - Matt&#039;s Guitar Shop","isPartOf":{"@id":"https:\/\/www.matts-guitar-shop.com\/es\/#website"},"primaryImageOfPage":{"@id":"https:\/\/www.matts-guitar-shop.com\/es\/produit\/sentchordi-hermanos-de-jose-reyes-gipsy-kings\/#primaryimage"},"image":{"@id":"https:\/\/www.matts-guitar-shop.com\/es\/produit\/sentchordi-hermanos-de-jose-reyes-gipsy-kings\/#primaryimage"},"thumbnailUrl":"https:\/\/www.matts-guitar-shop.com\/wp-content\/uploads\/2024\/12\/jose-reyes-sentchordi-hermanos-gipsy-kings-83.jpg","datePublished":"2024-12-16T23:51:19+00:00","dateModified":"2025-10-17T19:02:44+00:00","description":"Esta guitarra adquiere as\u00ed un car\u00e1cter a\u00fan m\u00e1s excepcional, ya que ha atravesado los a\u00f1os para llegar hasta nosotros.","breadcrumb":{"@id":"https:\/\/www.matts-guitar-shop.com\/es\/produit\/sentchordi-hermanos-de-jose-reyes-gipsy-kings\/#breadcrumb"},"inLanguage":"es","potentialAction":[{"@type":"ReadAction","target":["https:\/\/www.matts-guitar-shop.com\/es\/produit\/sentchordi-hermanos-de-jose-reyes-gipsy-kings\/"]}]},{"@type":"ImageObject","inLanguage":"es","@id":"https:\/\/www.matts-guitar-shop.com\/es\/produit\/sentchordi-hermanos-de-jose-reyes-gipsy-kings\/#primaryimage","url":"https:\/\/www.matts-guitar-shop.com\/wp-content\/uploads\/2024\/12\/jose-reyes-sentchordi-hermanos-gipsy-kings-83.jpg","contentUrl":"https:\/\/www.matts-guitar-shop.com\/wp-content\/uploads\/2024\/12\/jose-reyes-sentchordi-hermanos-gipsy-kings-83.jpg","width":800,"height":1000},{"@type":"BreadcrumbList","@id":"https:\/\/www.matts-guitar-shop.com\/es\/produit\/sentchordi-hermanos-de-jose-reyes-gipsy-kings\/#breadcrumb","itemListElement":[{"@type":"ListItem","position":1,"name":"Inicio","item":"https:\/\/www.matts-guitar-shop.com\/es\/"},{"@type":"ListItem","position":2,"name":"Tienda","item":"https:\/\/www.matts-guitar-shop.com\/es\/tienda\/"},{"@type":"ListItem","position":3,"name":"Sentchordi Hermanos de Jos\u00e9 Reyes (Gipsy Kings)"}]},{"@type":"WebSite","@id":"https:\/\/www.matts-guitar-shop.com\/es\/#website","url":"https:\/\/www.matts-guitar-shop.com\/es\/","name":"matts-guitar-shop.com","description":"Guitar Shop","publisher":{"@id":"https:\/\/www.matts-guitar-shop.com\/es\/#organization"},"potentialAction":[{"@type":"SearchAction","target":{"@type":"EntryPoint","urlTemplate":"https:\/\/www.matts-guitar-shop.com\/es\/?s={search_term_string}"},"query-input":{"@type":"PropertyValueSpecification","valueRequired":true,"valueName":"search_term_string"}}],"inLanguage":"es"},{"@type":"Organization","@id":"https:\/\/www.matts-guitar-shop.com\/es\/#organization","name":"matts-guitar-shop.com","url":"https:\/\/www.matts-guitar-shop.com\/es\/","logo":{"@type":"ImageObject","inLanguage":"es","@id":"https:\/\/www.matts-guitar-shop.com\/es\/#\/schema\/logo\/image\/","url":"https:\/\/www.matts-guitar-shop.com\/wp-content\/uploads\/2024\/09\/MGS-logo-site-02.png","contentUrl":"https:\/\/www.matts-guitar-shop.com\/wp-content\/uploads\/2024\/09\/MGS-logo-site-02.png","width":200,"height":122,"caption":"matts-guitar-shop.com"},"image":{"@id":"https:\/\/www.matts-guitar-shop.com\/es\/#\/schema\/logo\/image\/"},"sameAs":["https:\/\/www.facebook.com\/profile.php?id=100044359842817","https:\/\/www.instagram.com\/mattsguitarshop\/","https:\/\/www.youtube.com\/@MattLucasMan\/videos"]}]}},"_links":{"self":[{"href":"https:\/\/www.matts-guitar-shop.com\/es\/wp-json\/wp\/v2\/product\/17983","targetHints":{"allow":["GET"]}}],"collection":[{"href":"https:\/\/www.matts-guitar-shop.com\/es\/wp-json\/wp\/v2\/product"}],"about":[{"href":"https:\/\/www.matts-guitar-shop.com\/es\/wp-json\/wp\/v2\/types\/product"}],"replies":[{"embeddable":true,"href":"https:\/\/www.matts-guitar-shop.com\/es\/wp-json\/wp\/v2\/comments?post=17983"}],"wp:featuredmedia":[{"embeddable":true,"href":"https:\/\/www.matts-guitar-shop.com\/es\/wp-json\/wp\/v2\/media\/17984"}],"wp:attachment":[{"href":"https:\/\/www.matts-guitar-shop.com\/es\/wp-json\/wp\/v2\/media?parent=17983"}],"wp:term":[{"taxonomy":"product_brand","embeddable":true,"href":"https:\/\/www.matts-guitar-shop.com\/es\/wp-json\/wp\/v2\/product_brand?post=17983"},{"taxonomy":"product_cat","embeddable":true,"href":"https:\/\/www.matts-guitar-shop.com\/es\/wp-json\/wp\/v2\/product_cat?post=17983"},{"taxonomy":"product_tag","embeddable":true,"href":"https:\/\/www.matts-guitar-shop.com\/es\/wp-json\/wp\/v2\/product_tag?post=17983"}],"curies":[{"name":"wp","href":"https:\/\/api.w.org\/{rel}","templated":true}]}}