{"id":17926,"date":"2024-12-17T00:22:06","date_gmt":"2024-12-16T23:22:06","guid":{"rendered":"https:\/\/www.matts-guitar-shop.com\/produit\/music-man-stingray-1976-de-cliff-williams\/"},"modified":"2026-01-12T18:06:39","modified_gmt":"2026-01-12T17:06:39","slug":"music-man-stingray-1976-de-cliff-williams","status":"publish","type":"product","link":"https:\/\/www.matts-guitar-shop.com\/es\/produit\/music-man-stingray-1976-de-cliff-williams\/","title":{"rendered":"Music Man StingRay 1976 de Cliff Williams"},"content":{"rendered":"<h2>Biograf\u00eda de Cliff Williams, legendario bajista de AC\/DC<\/h2>\n<p><strong>Cliff Williams<\/strong> es un <strong>bajista brit\u00e1nico<\/strong>, nacido el 14 de diciembre de 1949 en Inglaterra. Es mundialmente conocido como el <strong>bajista ic\u00f3nico de AC\/DC<\/strong>, a quienes se uni\u00f3 en 1977 y con quienes hizo historia en el <strong>hard rock<\/strong>.<\/p>\n<h3>Una carrera destacada en el rock<\/h3>\n<p>Dentro de <strong>AC\/DC<\/strong>, <strong>Cliff Williams<\/strong> particip\u00f3 en \u00e1lbumes legendarios como <strong>Highway to Hell<\/strong> y <strong>Back in Black<\/strong>, uno de los discos m\u00e1s vendidos de todos los tiempos. Su forma de tocar el bajo se distingue por un <strong>ritmo potente y preciso<\/strong>, perfectamente adaptado al sonido de la banda.<\/p>\n<h3>Estilo de interpretaci\u00f3n e instrumentos<\/h3>\n<p>Reconocido por su <strong>t\u00e9cnica sobria y eficaz<\/strong>, <strong>Cliff Williams<\/strong> privilegia l\u00edneas de bajo s\u00f3lidas al servicio del groove. Est\u00e1 estrechamente asociado con los bajos <strong>Music Man StingRay<\/strong>, especialmente los modelos vintage de los a\u00f1os 70, que se han convertido en referencia para los bajistas de <strong>rock<\/strong>.<\/p>\n<h3>Un \u00edcono del hard rock<\/h3>\n<p>Miembro del <strong>Rock &amp; Roll Hall of Fame<\/strong>, <strong>Cliff Williams<\/strong> es hoy considerado uno de los <strong>bajistas de rock m\u00e1s influyentes<\/strong>, apreciado por su constancia, su sonido distintivo y su papel clave en el \u00e9xito de <strong>AC\/DC<\/strong>.<\/p>\n","protected":false},"excerpt":{"rendered":"<p>La colecci\u00f3n de Matt\u2019s Guitar Shop no est\u00e1 exenta de algunas bajas legendarias. En este sentido, esta <b>Music Man Stingray<\/b> es una verdadera pieza hist\u00f3rica para todos los fans del hard rock y, por supuesto, de AC\/DC.<\/p>\n<p>Cuando <b>Cliff Williams<\/b> se uni\u00f3 a AC\/DC en 1977, tocaba una Fender Precision, un instrumento que se adaptaba bien a su estilo potente y efectivo con la p\u00faa. Pero en ese intervalo, la marca californiana Music Man, creada por el mismo Leo Fender, lanz\u00f3 el bajo StingRay, un modelo que mantiene la simplicidad del Precision Bass pero que le a\u00f1ade un nivel de salida m\u00e1s alto y un mayor corte. Estas mejoras encajaban perfectamente con la evoluci\u00f3n del sonido de las producciones musicales de la \u00e9poca.<\/p>\n<p><b>Cliff Williams<\/b> adopt\u00f3 definitivamente la StingRay en 1979, durante la gira que sigui\u00f3 al \u00e1lbum <i>Highway To Hell<\/i>. De hecho, se puede ver un sunburst maltrecho por el maestro en la pel\u00edcula <em>Let There Be Rock<\/em>, grabada en Par\u00eds en diciembre de 1979. Tambi\u00e9n es la que aparece en 2011 en <i>Live At The River Plate<\/i>, hasta el <i>Rock Or Bust World Tour<\/i> que termin\u00f3 en 2016. Entre tanto, Cliff Williams solo ha tenido cinco StingRay durante estos 37 a\u00f1os de fiel y leal servicio. Esta es la n\u00famero 3. <b>Se puede decir que pocos bajos pueden presumir de haber hecho vibrar tantos estadios como esta modesta Music Man!<\/b><\/p>\n<p>Ad\u00e9ntrate en el legendario mundo de Matt\u2019s Guitar Shop, la <strong><a href=\"https:\/\/www.matts-guitar-shop.com\/es\/\">tienda de guitarras en Par\u00eds<\/a><\/strong>, y descubre piezas \u00fanicas como la <strong><a href=\"https:\/\/www.matts-guitar-shop.com\/es\/produit\/gibson-les-paul-standard-1974-de-randy-rhoads\/\" target=\"_new\" rel=\"noopener\">Guitarra de Randy Rhoads<\/a><\/strong>, la ic\u00f3nica <strong><a href=\"https:\/\/www.matts-guitar-shop.com\/es\/produit\/gibson-melody-maker-de-rory-gallagher-1960\/\" target=\"_new\" rel=\"noopener\">Guitarra de Rory Gallagher<\/a><\/strong>, la <strong><a href=\"https:\/\/www.matts-guitar-shop.com\/es\/produit\/joe-perrys-gibson-les-paul-special-tribute-aerosmith\/\" target=\"_new\" rel=\"noopener\">Guitarra de Aerosmith<\/a><\/strong>, la <strong><a href=\"https:\/\/www.matts-guitar-shop.com\/es\/produit\/lorenzi-john-frusciante-tribute\/\" target=\"_new\" rel=\"noopener\">Guitarra de John Frusciante<\/a><\/strong>, la <strong><a href=\"https:\/\/www.matts-guitar-shop.com\/es\/produit\/la-gibson-flying-v-numero-1-de-paul-stanley-kiss\/\" target=\"_new\" rel=\"noopener\">Guitarra de KISS<\/a><\/strong>, el <strong><a href=\"https:\/\/www.matts-guitar-shop.com\/es\/produit\/bajo-de-gene-simmons-pintado-a-mano-por-el-propio-gene\/\" target=\"_new\" rel=\"noopener\">Bajo de Gene Simmons<\/a><\/strong> o la legendaria <strong><a href=\"https:\/\/www.matts-guitar-shop.com\/es\/produit\/fender-custom-shop-telecaster-keith-richards-prototype\/\" target=\"_new\" rel=\"noopener\">Keith Richards Telecaster Guitar<\/a><\/strong>.<\/p>\n","protected":false},"featured_media":17927,"comment_status":"open","ping_status":"closed","template":"","meta":{"_et_pb_use_builder":"","_et_pb_old_content":"","_et_gb_content_width":""},"product_brand":[],"product_cat":[656,658,652],"product_tag":[],"class_list":{"0":"post-17926","1":"product","2":"type-product","3":"status-publish","4":"has-post-thumbnail","6":"product_cat-bajos","7":"product_cat-guitarras-iconicas","8":"product_cat-artistas","9":"pa_artiste-cliff-williams-es","10":"pa_disponibilite-en-venta","11":"pa_marque-music-man-es","13":"first","14":"instock","15":"shipping-taxable","16":"product-type-simple"},"yoast_head":"<!-- This site is optimized with the Yoast SEO plugin v26.8 - https:\/\/yoast.com\/product\/yoast-seo-wordpress\/ -->\n<title>Cliff Williams Bass 1976 Music Man StingRay - Matt&#039;s Guitar Shop<\/title>\n<meta name=\"description\" content=\"La colecci\u00f3n de Matt\u2019s Guitar Shop no deja de incluir algunos bajos legendarios. En este sentido, este Music Man Stingray es una aut\u00e9ntica pieza de historia. Descubre el bajo de Cliff Williams.\" \/>\n<meta name=\"robots\" content=\"index, follow, max-snippet:-1, max-image-preview:large, max-video-preview:-1\" \/>\n<link rel=\"canonical\" href=\"https:\/\/www.matts-guitar-shop.com\/es\/produit\/music-man-stingray-1976-de-cliff-williams\/\" \/>\n<meta property=\"og:locale\" content=\"es_ES\" \/>\n<meta property=\"og:type\" content=\"article\" \/>\n<meta property=\"og:title\" content=\"Cliff Williams Bass 1976 Music Man StingRay - Matt&#039;s Guitar Shop\" \/>\n<meta property=\"og:description\" content=\"La colecci\u00f3n de Matt\u2019s Guitar Shop no deja de incluir algunos bajos legendarios. En este sentido, este Music Man Stingray es una aut\u00e9ntica pieza de historia. Descubre el bajo de Cliff Williams.\" \/>\n<meta property=\"og:url\" content=\"https:\/\/www.matts-guitar-shop.com\/es\/produit\/music-man-stingray-1976-de-cliff-williams\/\" \/>\n<meta property=\"og:site_name\" content=\"Matt&#039;s Guitar Shop\" \/>\n<meta property=\"article:publisher\" content=\"https:\/\/www.facebook.com\/profile.php?id=100044359842817\" \/>\n<meta property=\"article:modified_time\" content=\"2026-01-12T17:06:39+00:00\" \/>\n<meta property=\"og:image\" content=\"https:\/\/www.matts-guitar-shop.com\/wp-content\/uploads\/2024\/12\/cliff-williams-1976-music-man-stingray-81.jpg\" \/>\n\t<meta property=\"og:image:width\" content=\"800\" \/>\n\t<meta property=\"og:image:height\" content=\"1000\" \/>\n\t<meta property=\"og:image:type\" content=\"image\/jpeg\" \/>\n<meta name=\"twitter:card\" content=\"summary_large_image\" \/>\n<meta name=\"twitter:label1\" content=\"Tiempo de lectura\" \/>\n\t<meta name=\"twitter:data1\" content=\"1 minuto\" \/>\n<script type=\"application\/ld+json\" class=\"yoast-schema-graph\">{\"@context\":\"https:\/\/schema.org\",\"@graph\":[{\"@type\":\"WebPage\",\"@id\":\"https:\/\/www.matts-guitar-shop.com\/es\/produit\/music-man-stingray-1976-de-cliff-williams\/\",\"url\":\"https:\/\/www.matts-guitar-shop.com\/es\/produit\/music-man-stingray-1976-de-cliff-williams\/\",\"name\":\"Cliff Williams Bass 1976 Music Man StingRay - Matt&#039;s Guitar Shop\",\"isPartOf\":{\"@id\":\"https:\/\/www.matts-guitar-shop.com\/es\/#website\"},\"primaryImageOfPage\":{\"@id\":\"https:\/\/www.matts-guitar-shop.com\/es\/produit\/music-man-stingray-1976-de-cliff-williams\/#primaryimage\"},\"image\":{\"@id\":\"https:\/\/www.matts-guitar-shop.com\/es\/produit\/music-man-stingray-1976-de-cliff-williams\/#primaryimage\"},\"thumbnailUrl\":\"https:\/\/www.matts-guitar-shop.com\/wp-content\/uploads\/2024\/12\/cliff-williams-1976-music-man-stingray-81.jpg\",\"datePublished\":\"2024-12-16T23:22:06+00:00\",\"dateModified\":\"2026-01-12T17:06:39+00:00\",\"description\":\"La colecci\u00f3n de Matt\u2019s Guitar Shop no deja de incluir algunos bajos legendarios. En este sentido, este Music Man Stingray es una aut\u00e9ntica pieza de historia. Descubre el bajo de Cliff Williams.\",\"breadcrumb\":{\"@id\":\"https:\/\/www.matts-guitar-shop.com\/es\/produit\/music-man-stingray-1976-de-cliff-williams\/#breadcrumb\"},\"inLanguage\":\"es\",\"potentialAction\":[{\"@type\":\"ReadAction\",\"target\":[\"https:\/\/www.matts-guitar-shop.com\/es\/produit\/music-man-stingray-1976-de-cliff-williams\/\"]}]},{\"@type\":\"ImageObject\",\"inLanguage\":\"es\",\"@id\":\"https:\/\/www.matts-guitar-shop.com\/es\/produit\/music-man-stingray-1976-de-cliff-williams\/#primaryimage\",\"url\":\"https:\/\/www.matts-guitar-shop.com\/wp-content\/uploads\/2024\/12\/cliff-williams-1976-music-man-stingray-81.jpg\",\"contentUrl\":\"https:\/\/www.matts-guitar-shop.com\/wp-content\/uploads\/2024\/12\/cliff-williams-1976-music-man-stingray-81.jpg\",\"width\":800,\"height\":1000,\"caption\":\"cliff william bass\"},{\"@type\":\"BreadcrumbList\",\"@id\":\"https:\/\/www.matts-guitar-shop.com\/es\/produit\/music-man-stingray-1976-de-cliff-williams\/#breadcrumb\",\"itemListElement\":[{\"@type\":\"ListItem\",\"position\":1,\"name\":\"Inicio\",\"item\":\"https:\/\/www.matts-guitar-shop.com\/es\/\"},{\"@type\":\"ListItem\",\"position\":2,\"name\":\"Tienda\",\"item\":\"https:\/\/www.matts-guitar-shop.com\/es\/tienda\/\"},{\"@type\":\"ListItem\",\"position\":3,\"name\":\"Music Man StingRay 1976 de Cliff Williams\"}]},{\"@type\":\"WebSite\",\"@id\":\"https:\/\/www.matts-guitar-shop.com\/es\/#website\",\"url\":\"https:\/\/www.matts-guitar-shop.com\/es\/\",\"name\":\"matts-guitar-shop.com\",\"description\":\"Guitar Shop\",\"publisher\":{\"@id\":\"https:\/\/www.matts-guitar-shop.com\/es\/#organization\"},\"potentialAction\":[{\"@type\":\"SearchAction\",\"target\":{\"@type\":\"EntryPoint\",\"urlTemplate\":\"https:\/\/www.matts-guitar-shop.com\/es\/?s={search_term_string}\"},\"query-input\":{\"@type\":\"PropertyValueSpecification\",\"valueRequired\":true,\"valueName\":\"search_term_string\"}}],\"inLanguage\":\"es\"},{\"@type\":\"Organization\",\"@id\":\"https:\/\/www.matts-guitar-shop.com\/es\/#organization\",\"name\":\"matts-guitar-shop.com\",\"url\":\"https:\/\/www.matts-guitar-shop.com\/es\/\",\"logo\":{\"@type\":\"ImageObject\",\"inLanguage\":\"es\",\"@id\":\"https:\/\/www.matts-guitar-shop.com\/es\/#\/schema\/logo\/image\/\",\"url\":\"https:\/\/www.matts-guitar-shop.com\/wp-content\/uploads\/2024\/09\/MGS-logo-site-02.png\",\"contentUrl\":\"https:\/\/www.matts-guitar-shop.com\/wp-content\/uploads\/2024\/09\/MGS-logo-site-02.png\",\"width\":200,\"height\":122,\"caption\":\"matts-guitar-shop.com\"},\"image\":{\"@id\":\"https:\/\/www.matts-guitar-shop.com\/es\/#\/schema\/logo\/image\/\"},\"sameAs\":[\"https:\/\/www.facebook.com\/profile.php?id=100044359842817\",\"https:\/\/www.instagram.com\/mattsguitarshop\/\",\"https:\/\/www.youtube.com\/@MattLucasMan\/videos\"]}]}<\/script>\n<!-- \/ Yoast SEO plugin. -->","yoast_head_json":{"title":"Cliff Williams Bass 1976 Music Man StingRay - Matt&#039;s Guitar Shop","description":"La colecci\u00f3n de Matt\u2019s Guitar Shop no deja de incluir algunos bajos legendarios. En este sentido, este Music Man Stingray es una aut\u00e9ntica pieza de historia. Descubre el bajo de Cliff Williams.","robots":{"index":"index","follow":"follow","max-snippet":"max-snippet:-1","max-image-preview":"max-image-preview:large","max-video-preview":"max-video-preview:-1"},"canonical":"https:\/\/www.matts-guitar-shop.com\/es\/produit\/music-man-stingray-1976-de-cliff-williams\/","og_locale":"es_ES","og_type":"article","og_title":"Cliff Williams Bass 1976 Music Man StingRay - Matt&#039;s Guitar Shop","og_description":"La colecci\u00f3n de Matt\u2019s Guitar Shop no deja de incluir algunos bajos legendarios. En este sentido, este Music Man Stingray es una aut\u00e9ntica pieza de historia. Descubre el bajo de Cliff Williams.","og_url":"https:\/\/www.matts-guitar-shop.com\/es\/produit\/music-man-stingray-1976-de-cliff-williams\/","og_site_name":"Matt&#039;s Guitar Shop","article_publisher":"https:\/\/www.facebook.com\/profile.php?id=100044359842817","article_modified_time":"2026-01-12T17:06:39+00:00","og_image":[{"width":800,"height":1000,"url":"https:\/\/www.matts-guitar-shop.com\/wp-content\/uploads\/2024\/12\/cliff-williams-1976-music-man-stingray-81.jpg","type":"image\/jpeg"}],"twitter_card":"summary_large_image","twitter_misc":{"Tiempo de lectura":"1 minuto"},"schema":{"@context":"https:\/\/schema.org","@graph":[{"@type":"WebPage","@id":"https:\/\/www.matts-guitar-shop.com\/es\/produit\/music-man-stingray-1976-de-cliff-williams\/","url":"https:\/\/www.matts-guitar-shop.com\/es\/produit\/music-man-stingray-1976-de-cliff-williams\/","name":"Cliff Williams Bass 1976 Music Man StingRay - Matt&#039;s Guitar Shop","isPartOf":{"@id":"https:\/\/www.matts-guitar-shop.com\/es\/#website"},"primaryImageOfPage":{"@id":"https:\/\/www.matts-guitar-shop.com\/es\/produit\/music-man-stingray-1976-de-cliff-williams\/#primaryimage"},"image":{"@id":"https:\/\/www.matts-guitar-shop.com\/es\/produit\/music-man-stingray-1976-de-cliff-williams\/#primaryimage"},"thumbnailUrl":"https:\/\/www.matts-guitar-shop.com\/wp-content\/uploads\/2024\/12\/cliff-williams-1976-music-man-stingray-81.jpg","datePublished":"2024-12-16T23:22:06+00:00","dateModified":"2026-01-12T17:06:39+00:00","description":"La colecci\u00f3n de Matt\u2019s Guitar Shop no deja de incluir algunos bajos legendarios. En este sentido, este Music Man Stingray es una aut\u00e9ntica pieza de historia. Descubre el bajo de Cliff Williams.","breadcrumb":{"@id":"https:\/\/www.matts-guitar-shop.com\/es\/produit\/music-man-stingray-1976-de-cliff-williams\/#breadcrumb"},"inLanguage":"es","potentialAction":[{"@type":"ReadAction","target":["https:\/\/www.matts-guitar-shop.com\/es\/produit\/music-man-stingray-1976-de-cliff-williams\/"]}]},{"@type":"ImageObject","inLanguage":"es","@id":"https:\/\/www.matts-guitar-shop.com\/es\/produit\/music-man-stingray-1976-de-cliff-williams\/#primaryimage","url":"https:\/\/www.matts-guitar-shop.com\/wp-content\/uploads\/2024\/12\/cliff-williams-1976-music-man-stingray-81.jpg","contentUrl":"https:\/\/www.matts-guitar-shop.com\/wp-content\/uploads\/2024\/12\/cliff-williams-1976-music-man-stingray-81.jpg","width":800,"height":1000,"caption":"cliff william bass"},{"@type":"BreadcrumbList","@id":"https:\/\/www.matts-guitar-shop.com\/es\/produit\/music-man-stingray-1976-de-cliff-williams\/#breadcrumb","itemListElement":[{"@type":"ListItem","position":1,"name":"Inicio","item":"https:\/\/www.matts-guitar-shop.com\/es\/"},{"@type":"ListItem","position":2,"name":"Tienda","item":"https:\/\/www.matts-guitar-shop.com\/es\/tienda\/"},{"@type":"ListItem","position":3,"name":"Music Man StingRay 1976 de Cliff Williams"}]},{"@type":"WebSite","@id":"https:\/\/www.matts-guitar-shop.com\/es\/#website","url":"https:\/\/www.matts-guitar-shop.com\/es\/","name":"matts-guitar-shop.com","description":"Guitar Shop","publisher":{"@id":"https:\/\/www.matts-guitar-shop.com\/es\/#organization"},"potentialAction":[{"@type":"SearchAction","target":{"@type":"EntryPoint","urlTemplate":"https:\/\/www.matts-guitar-shop.com\/es\/?s={search_term_string}"},"query-input":{"@type":"PropertyValueSpecification","valueRequired":true,"valueName":"search_term_string"}}],"inLanguage":"es"},{"@type":"Organization","@id":"https:\/\/www.matts-guitar-shop.com\/es\/#organization","name":"matts-guitar-shop.com","url":"https:\/\/www.matts-guitar-shop.com\/es\/","logo":{"@type":"ImageObject","inLanguage":"es","@id":"https:\/\/www.matts-guitar-shop.com\/es\/#\/schema\/logo\/image\/","url":"https:\/\/www.matts-guitar-shop.com\/wp-content\/uploads\/2024\/09\/MGS-logo-site-02.png","contentUrl":"https:\/\/www.matts-guitar-shop.com\/wp-content\/uploads\/2024\/09\/MGS-logo-site-02.png","width":200,"height":122,"caption":"matts-guitar-shop.com"},"image":{"@id":"https:\/\/www.matts-guitar-shop.com\/es\/#\/schema\/logo\/image\/"},"sameAs":["https:\/\/www.facebook.com\/profile.php?id=100044359842817","https:\/\/www.instagram.com\/mattsguitarshop\/","https:\/\/www.youtube.com\/@MattLucasMan\/videos"]}]}},"_links":{"self":[{"href":"https:\/\/www.matts-guitar-shop.com\/es\/wp-json\/wp\/v2\/product\/17926","targetHints":{"allow":["GET"]}}],"collection":[{"href":"https:\/\/www.matts-guitar-shop.com\/es\/wp-json\/wp\/v2\/product"}],"about":[{"href":"https:\/\/www.matts-guitar-shop.com\/es\/wp-json\/wp\/v2\/types\/product"}],"replies":[{"embeddable":true,"href":"https:\/\/www.matts-guitar-shop.com\/es\/wp-json\/wp\/v2\/comments?post=17926"}],"wp:featuredmedia":[{"embeddable":true,"href":"https:\/\/www.matts-guitar-shop.com\/es\/wp-json\/wp\/v2\/media\/17927"}],"wp:attachment":[{"href":"https:\/\/www.matts-guitar-shop.com\/es\/wp-json\/wp\/v2\/media?parent=17926"}],"wp:term":[{"taxonomy":"product_brand","embeddable":true,"href":"https:\/\/www.matts-guitar-shop.com\/es\/wp-json\/wp\/v2\/product_brand?post=17926"},{"taxonomy":"product_cat","embeddable":true,"href":"https:\/\/www.matts-guitar-shop.com\/es\/wp-json\/wp\/v2\/product_cat?post=17926"},{"taxonomy":"product_tag","embeddable":true,"href":"https:\/\/www.matts-guitar-shop.com\/es\/wp-json\/wp\/v2\/product_tag?post=17926"}],"curies":[{"name":"wp","href":"https:\/\/api.w.org\/{rel}","templated":true}]}}