{"id":17915,"date":"2024-12-17T00:05:31","date_gmt":"2024-12-16T23:05:31","guid":{"rendered":"https:\/\/www.matts-guitar-shop.com\/produit\/gibson-es-345-memphis-custom-shop-de-marcus-king\/"},"modified":"2025-11-22T13:16:49","modified_gmt":"2025-11-22T12:16:49","slug":"gibson-es-345-memphis-custom-shop-de-marcus-king","status":"publish","type":"product","link":"https:\/\/www.matts-guitar-shop.com\/es\/produit\/gibson-es-345-memphis-custom-shop-de-marcus-king\/","title":{"rendered":"Gibson ES-345 Memphis Custom Shop de Marcus King"},"content":{"rendered":"<h2>Marcus King<\/h2>\n<p>La historia del blues est\u00e1 marcada por nombres poderosos que se han convertido en pilares de referencia y figuras tutelares. Entre ellos, los \u201cKing\u201d ocupan un lugar monumental. B.B. King, Albert King y Freddie King son tres leyendas absolutas que moldearon el blues estadounidense y abrieron el camino para generaciones enteras de guitarristas. Muchos a\u00f1os despu\u00e9s, un joven talentoso de Carolina del Sur llamado <strong>Marcus King<\/strong> devolvi\u00f3 ese apellido a la cima de las listas y record\u00f3 al mundo que, cuando se trata de blues rock, siguen siendo aut\u00e9nticos reyes.<\/p>\n<p>Nacido en una familia de m\u00fasicos \u2014su padre Marvin King fue una figura destacada en la escena local\u2014, el m\u00fasico estadounidense Marcus King apareci\u00f3 a mediados de la d\u00e9cada de 2010 con una mezcla musical a medio camino entre el soul, el blues, el rock, el gospel y el jazz. Ya mostraba un grado impresionante de madurez y pon\u00eda su guitarra de ataque blues al servicio de composiciones que no tardaron en atraer la atenci\u00f3n. A lo largo de los \u00e1lbumes y actuaciones que encaden\u00f3 con una disciplina y ambici\u00f3n excepcionales, Marcus King consolid\u00f3 su estatus como un m\u00fasico de blues virtuoso. Hoy es uno de los guitarristas m\u00e1s talentosos de su generaci\u00f3n, capaz de rodearse de m\u00fasicos de alt\u00edsimo nivel en su banda (incluido el guitarrista Drew Smithers) y de rendir un vibrante homenaje a los grandes iconos que lo inspiraron. Una cosa es segura: al llevar el apellido King, Marcus no solo hered\u00f3 un nombre, sino que abraz\u00f3 el inmenso legado de los tres King del blues, un legado que parece haber sido hecho para \u00e9l.<\/p>\n","protected":false},"excerpt":{"rendered":"<p>Siguiendo la l\u00ednea de los grandes maestros del blues, <b>Marcus King<\/b> ha hecho de la Gibson ES su guitarra predilecta. Pero antes de su famosa \u00ab Big Red \u00bb replicada por Gibson y de las guitarras vintage que pudo comprarse despu\u00e9s, su instrumento principal fue una <b>Gibson ES-345<\/b> Memphis Custom Shop. Es esta guitarra la que se uni\u00f3 a la colecci\u00f3n de Matt\u2019s Guitar Shop hace ya algunos a\u00f1os.<\/p>\n<p>Pocos son los instrumentos que han sido tocados durante tanto tiempo, con tanta intensidad y pasi\u00f3n por un joven artista que la conoc\u00eda de memoria. Este es el caso de esta ES-345, que acompa\u00f1\u00f3 fielmente los comienzos de Marcus King. Fue <b>su guitarra principal<\/b> de 2014 a 2020, la que llevaba a cuestas de sala en sala. Tambi\u00e9n fue su guitarra preferida en el estudio, especialmente en el \u00e1lbum <i>Carolina Confession<\/i> (2018), en el que la guitarra aparece particularmente en el tema <i>Homesick.<\/i><\/p>\n<p>Esta Gibson ES-345 ya no es una simple Memphis Custom Shop. Sus horas incalculables de uso le han conferido una apertura rara, una proyecci\u00f3n notable y una evidente facilidad para tocar. Varias marcas aqu\u00ed y all\u00e1 tambi\u00e9n dan testimonio de estos a\u00f1os vagando de concierto en concierto, forjando poco a poco la reputaci\u00f3n de Marcus King.<\/p>\n","protected":false},"featured_media":17916,"comment_status":"open","ping_status":"closed","template":"","meta":{"_et_pb_use_builder":"","_et_pb_old_content":"","_et_gb_content_width":""},"product_brand":[],"product_cat":[654,658],"product_tag":[],"class_list":{"0":"post-17915","1":"product","2":"type-product","3":"status-publish","4":"has-post-thumbnail","6":"product_cat-vendidos","7":"product_cat-guitarras-iconicas","8":"pa_artiste-marcus-king-es","9":"pa_disponibilite-vendido","10":"pa_marque-gibson-es","12":"first","13":"outofstock","14":"shipping-taxable","15":"product-type-simple"},"yoast_head":"<!-- This site is optimized with the Yoast SEO plugin v26.8 - https:\/\/yoast.com\/product\/yoast-seo-wordpress\/ -->\n<title>Gibson ES-345 Memphis Custom Shop de Marcus King - Matt&#039;s Guitar Shop<\/title>\n<meta name=\"description\" content=\"Siguiendo la tradici\u00f3n de los grandes maestros del blues, Marcus King ha hecho de la Gibson ES su guitarra predilecta.\" \/>\n<meta name=\"robots\" content=\"index, follow, max-snippet:-1, max-image-preview:large, max-video-preview:-1\" \/>\n<link rel=\"canonical\" href=\"https:\/\/www.matts-guitar-shop.com\/es\/produit\/gibson-es-345-memphis-custom-shop-de-marcus-king\/\" \/>\n<meta property=\"og:locale\" content=\"es_ES\" \/>\n<meta property=\"og:type\" content=\"article\" \/>\n<meta property=\"og:title\" content=\"Gibson ES-345 Memphis Custom Shop de Marcus King - Matt&#039;s Guitar Shop\" \/>\n<meta property=\"og:description\" content=\"Siguiendo la tradici\u00f3n de los grandes maestros del blues, Marcus King ha hecho de la Gibson ES su guitarra predilecta.\" \/>\n<meta property=\"og:url\" content=\"https:\/\/www.matts-guitar-shop.com\/es\/produit\/gibson-es-345-memphis-custom-shop-de-marcus-king\/\" \/>\n<meta property=\"og:site_name\" content=\"Matt&#039;s Guitar Shop\" \/>\n<meta property=\"article:publisher\" content=\"https:\/\/www.facebook.com\/profile.php?id=100044359842817\" \/>\n<meta property=\"article:modified_time\" content=\"2025-11-22T12:16:49+00:00\" \/>\n<meta property=\"og:image\" content=\"https:\/\/www.matts-guitar-shop.com\/wp-content\/uploads\/2024\/12\/marcus-king-s-gibson-es-345-memphis-custom-shop-73.jpg\" \/>\n\t<meta property=\"og:image:width\" content=\"800\" \/>\n\t<meta property=\"og:image:height\" content=\"1000\" \/>\n\t<meta property=\"og:image:type\" content=\"image\/jpeg\" \/>\n<meta name=\"twitter:card\" content=\"summary_large_image\" \/>\n<meta name=\"twitter:label1\" content=\"Tiempo de lectura\" \/>\n\t<meta name=\"twitter:data1\" content=\"1 minuto\" \/>\n<script type=\"application\/ld+json\" class=\"yoast-schema-graph\">{\"@context\":\"https:\/\/schema.org\",\"@graph\":[{\"@type\":\"WebPage\",\"@id\":\"https:\/\/www.matts-guitar-shop.com\/es\/produit\/gibson-es-345-memphis-custom-shop-de-marcus-king\/\",\"url\":\"https:\/\/www.matts-guitar-shop.com\/es\/produit\/gibson-es-345-memphis-custom-shop-de-marcus-king\/\",\"name\":\"Gibson ES-345 Memphis Custom Shop de Marcus King - Matt&#039;s Guitar Shop\",\"isPartOf\":{\"@id\":\"https:\/\/www.matts-guitar-shop.com\/es\/#website\"},\"primaryImageOfPage\":{\"@id\":\"https:\/\/www.matts-guitar-shop.com\/es\/produit\/gibson-es-345-memphis-custom-shop-de-marcus-king\/#primaryimage\"},\"image\":{\"@id\":\"https:\/\/www.matts-guitar-shop.com\/es\/produit\/gibson-es-345-memphis-custom-shop-de-marcus-king\/#primaryimage\"},\"thumbnailUrl\":\"https:\/\/www.matts-guitar-shop.com\/wp-content\/uploads\/2024\/12\/marcus-king-s-gibson-es-345-memphis-custom-shop-73.jpg\",\"datePublished\":\"2024-12-16T23:05:31+00:00\",\"dateModified\":\"2025-11-22T12:16:49+00:00\",\"description\":\"Siguiendo la tradici\u00f3n de los grandes maestros del blues, Marcus King ha hecho de la Gibson ES su guitarra predilecta.\",\"breadcrumb\":{\"@id\":\"https:\/\/www.matts-guitar-shop.com\/es\/produit\/gibson-es-345-memphis-custom-shop-de-marcus-king\/#breadcrumb\"},\"inLanguage\":\"es\",\"potentialAction\":[{\"@type\":\"ReadAction\",\"target\":[\"https:\/\/www.matts-guitar-shop.com\/es\/produit\/gibson-es-345-memphis-custom-shop-de-marcus-king\/\"]}]},{\"@type\":\"ImageObject\",\"inLanguage\":\"es\",\"@id\":\"https:\/\/www.matts-guitar-shop.com\/es\/produit\/gibson-es-345-memphis-custom-shop-de-marcus-king\/#primaryimage\",\"url\":\"https:\/\/www.matts-guitar-shop.com\/wp-content\/uploads\/2024\/12\/marcus-king-s-gibson-es-345-memphis-custom-shop-73.jpg\",\"contentUrl\":\"https:\/\/www.matts-guitar-shop.com\/wp-content\/uploads\/2024\/12\/marcus-king-s-gibson-es-345-memphis-custom-shop-73.jpg\",\"width\":800,\"height\":1000},{\"@type\":\"BreadcrumbList\",\"@id\":\"https:\/\/www.matts-guitar-shop.com\/es\/produit\/gibson-es-345-memphis-custom-shop-de-marcus-king\/#breadcrumb\",\"itemListElement\":[{\"@type\":\"ListItem\",\"position\":1,\"name\":\"Inicio\",\"item\":\"https:\/\/www.matts-guitar-shop.com\/es\/\"},{\"@type\":\"ListItem\",\"position\":2,\"name\":\"Tienda\",\"item\":\"https:\/\/www.matts-guitar-shop.com\/es\/tienda\/\"},{\"@type\":\"ListItem\",\"position\":3,\"name\":\"Gibson ES-345 Memphis Custom Shop de Marcus King\"}]},{\"@type\":\"WebSite\",\"@id\":\"https:\/\/www.matts-guitar-shop.com\/es\/#website\",\"url\":\"https:\/\/www.matts-guitar-shop.com\/es\/\",\"name\":\"matts-guitar-shop.com\",\"description\":\"Guitar Shop\",\"publisher\":{\"@id\":\"https:\/\/www.matts-guitar-shop.com\/es\/#organization\"},\"potentialAction\":[{\"@type\":\"SearchAction\",\"target\":{\"@type\":\"EntryPoint\",\"urlTemplate\":\"https:\/\/www.matts-guitar-shop.com\/es\/?s={search_term_string}\"},\"query-input\":{\"@type\":\"PropertyValueSpecification\",\"valueRequired\":true,\"valueName\":\"search_term_string\"}}],\"inLanguage\":\"es\"},{\"@type\":\"Organization\",\"@id\":\"https:\/\/www.matts-guitar-shop.com\/es\/#organization\",\"name\":\"matts-guitar-shop.com\",\"url\":\"https:\/\/www.matts-guitar-shop.com\/es\/\",\"logo\":{\"@type\":\"ImageObject\",\"inLanguage\":\"es\",\"@id\":\"https:\/\/www.matts-guitar-shop.com\/es\/#\/schema\/logo\/image\/\",\"url\":\"https:\/\/www.matts-guitar-shop.com\/wp-content\/uploads\/2024\/09\/MGS-logo-site-02.png\",\"contentUrl\":\"https:\/\/www.matts-guitar-shop.com\/wp-content\/uploads\/2024\/09\/MGS-logo-site-02.png\",\"width\":200,\"height\":122,\"caption\":\"matts-guitar-shop.com\"},\"image\":{\"@id\":\"https:\/\/www.matts-guitar-shop.com\/es\/#\/schema\/logo\/image\/\"},\"sameAs\":[\"https:\/\/www.facebook.com\/profile.php?id=100044359842817\",\"https:\/\/www.instagram.com\/mattsguitarshop\/\",\"https:\/\/www.youtube.com\/@MattLucasMan\/videos\"]}]}<\/script>\n<!-- \/ Yoast SEO plugin. -->","yoast_head_json":{"title":"Gibson ES-345 Memphis Custom Shop de Marcus King - Matt&#039;s Guitar Shop","description":"Siguiendo la tradici\u00f3n de los grandes maestros del blues, Marcus King ha hecho de la Gibson ES su guitarra predilecta.","robots":{"index":"index","follow":"follow","max-snippet":"max-snippet:-1","max-image-preview":"max-image-preview:large","max-video-preview":"max-video-preview:-1"},"canonical":"https:\/\/www.matts-guitar-shop.com\/es\/produit\/gibson-es-345-memphis-custom-shop-de-marcus-king\/","og_locale":"es_ES","og_type":"article","og_title":"Gibson ES-345 Memphis Custom Shop de Marcus King - Matt&#039;s Guitar Shop","og_description":"Siguiendo la tradici\u00f3n de los grandes maestros del blues, Marcus King ha hecho de la Gibson ES su guitarra predilecta.","og_url":"https:\/\/www.matts-guitar-shop.com\/es\/produit\/gibson-es-345-memphis-custom-shop-de-marcus-king\/","og_site_name":"Matt&#039;s Guitar Shop","article_publisher":"https:\/\/www.facebook.com\/profile.php?id=100044359842817","article_modified_time":"2025-11-22T12:16:49+00:00","og_image":[{"width":800,"height":1000,"url":"https:\/\/www.matts-guitar-shop.com\/wp-content\/uploads\/2024\/12\/marcus-king-s-gibson-es-345-memphis-custom-shop-73.jpg","type":"image\/jpeg"}],"twitter_card":"summary_large_image","twitter_misc":{"Tiempo de lectura":"1 minuto"},"schema":{"@context":"https:\/\/schema.org","@graph":[{"@type":"WebPage","@id":"https:\/\/www.matts-guitar-shop.com\/es\/produit\/gibson-es-345-memphis-custom-shop-de-marcus-king\/","url":"https:\/\/www.matts-guitar-shop.com\/es\/produit\/gibson-es-345-memphis-custom-shop-de-marcus-king\/","name":"Gibson ES-345 Memphis Custom Shop de Marcus King - Matt&#039;s Guitar Shop","isPartOf":{"@id":"https:\/\/www.matts-guitar-shop.com\/es\/#website"},"primaryImageOfPage":{"@id":"https:\/\/www.matts-guitar-shop.com\/es\/produit\/gibson-es-345-memphis-custom-shop-de-marcus-king\/#primaryimage"},"image":{"@id":"https:\/\/www.matts-guitar-shop.com\/es\/produit\/gibson-es-345-memphis-custom-shop-de-marcus-king\/#primaryimage"},"thumbnailUrl":"https:\/\/www.matts-guitar-shop.com\/wp-content\/uploads\/2024\/12\/marcus-king-s-gibson-es-345-memphis-custom-shop-73.jpg","datePublished":"2024-12-16T23:05:31+00:00","dateModified":"2025-11-22T12:16:49+00:00","description":"Siguiendo la tradici\u00f3n de los grandes maestros del blues, Marcus King ha hecho de la Gibson ES su guitarra predilecta.","breadcrumb":{"@id":"https:\/\/www.matts-guitar-shop.com\/es\/produit\/gibson-es-345-memphis-custom-shop-de-marcus-king\/#breadcrumb"},"inLanguage":"es","potentialAction":[{"@type":"ReadAction","target":["https:\/\/www.matts-guitar-shop.com\/es\/produit\/gibson-es-345-memphis-custom-shop-de-marcus-king\/"]}]},{"@type":"ImageObject","inLanguage":"es","@id":"https:\/\/www.matts-guitar-shop.com\/es\/produit\/gibson-es-345-memphis-custom-shop-de-marcus-king\/#primaryimage","url":"https:\/\/www.matts-guitar-shop.com\/wp-content\/uploads\/2024\/12\/marcus-king-s-gibson-es-345-memphis-custom-shop-73.jpg","contentUrl":"https:\/\/www.matts-guitar-shop.com\/wp-content\/uploads\/2024\/12\/marcus-king-s-gibson-es-345-memphis-custom-shop-73.jpg","width":800,"height":1000},{"@type":"BreadcrumbList","@id":"https:\/\/www.matts-guitar-shop.com\/es\/produit\/gibson-es-345-memphis-custom-shop-de-marcus-king\/#breadcrumb","itemListElement":[{"@type":"ListItem","position":1,"name":"Inicio","item":"https:\/\/www.matts-guitar-shop.com\/es\/"},{"@type":"ListItem","position":2,"name":"Tienda","item":"https:\/\/www.matts-guitar-shop.com\/es\/tienda\/"},{"@type":"ListItem","position":3,"name":"Gibson ES-345 Memphis Custom Shop de Marcus King"}]},{"@type":"WebSite","@id":"https:\/\/www.matts-guitar-shop.com\/es\/#website","url":"https:\/\/www.matts-guitar-shop.com\/es\/","name":"matts-guitar-shop.com","description":"Guitar Shop","publisher":{"@id":"https:\/\/www.matts-guitar-shop.com\/es\/#organization"},"potentialAction":[{"@type":"SearchAction","target":{"@type":"EntryPoint","urlTemplate":"https:\/\/www.matts-guitar-shop.com\/es\/?s={search_term_string}"},"query-input":{"@type":"PropertyValueSpecification","valueRequired":true,"valueName":"search_term_string"}}],"inLanguage":"es"},{"@type":"Organization","@id":"https:\/\/www.matts-guitar-shop.com\/es\/#organization","name":"matts-guitar-shop.com","url":"https:\/\/www.matts-guitar-shop.com\/es\/","logo":{"@type":"ImageObject","inLanguage":"es","@id":"https:\/\/www.matts-guitar-shop.com\/es\/#\/schema\/logo\/image\/","url":"https:\/\/www.matts-guitar-shop.com\/wp-content\/uploads\/2024\/09\/MGS-logo-site-02.png","contentUrl":"https:\/\/www.matts-guitar-shop.com\/wp-content\/uploads\/2024\/09\/MGS-logo-site-02.png","width":200,"height":122,"caption":"matts-guitar-shop.com"},"image":{"@id":"https:\/\/www.matts-guitar-shop.com\/es\/#\/schema\/logo\/image\/"},"sameAs":["https:\/\/www.facebook.com\/profile.php?id=100044359842817","https:\/\/www.instagram.com\/mattsguitarshop\/","https:\/\/www.youtube.com\/@MattLucasMan\/videos"]}]}},"_links":{"self":[{"href":"https:\/\/www.matts-guitar-shop.com\/es\/wp-json\/wp\/v2\/product\/17915","targetHints":{"allow":["GET"]}}],"collection":[{"href":"https:\/\/www.matts-guitar-shop.com\/es\/wp-json\/wp\/v2\/product"}],"about":[{"href":"https:\/\/www.matts-guitar-shop.com\/es\/wp-json\/wp\/v2\/types\/product"}],"replies":[{"embeddable":true,"href":"https:\/\/www.matts-guitar-shop.com\/es\/wp-json\/wp\/v2\/comments?post=17915"}],"wp:featuredmedia":[{"embeddable":true,"href":"https:\/\/www.matts-guitar-shop.com\/es\/wp-json\/wp\/v2\/media\/17916"}],"wp:attachment":[{"href":"https:\/\/www.matts-guitar-shop.com\/es\/wp-json\/wp\/v2\/media?parent=17915"}],"wp:term":[{"taxonomy":"product_brand","embeddable":true,"href":"https:\/\/www.matts-guitar-shop.com\/es\/wp-json\/wp\/v2\/product_brand?post=17915"},{"taxonomy":"product_cat","embeddable":true,"href":"https:\/\/www.matts-guitar-shop.com\/es\/wp-json\/wp\/v2\/product_cat?post=17915"},{"taxonomy":"product_tag","embeddable":true,"href":"https:\/\/www.matts-guitar-shop.com\/es\/wp-json\/wp\/v2\/product_tag?post=17915"}],"curies":[{"name":"wp","href":"https:\/\/api.w.org\/{rel}","templated":true}]}}