{"id":17905,"date":"2024-12-16T23:51:42","date_gmt":"2024-12-16T22:51:42","guid":{"rendered":"https:\/\/www.matts-guitar-shop.com\/produit\/kay-acustica-de-los-anos-60-de-john-frusciante\/"},"modified":"2025-12-02T15:13:32","modified_gmt":"2025-12-02T14:13:32","slug":"kay-acustica-de-los-anos-60-de-john-frusciante","status":"publish","type":"product","link":"https:\/\/www.matts-guitar-shop.com\/es\/produit\/kay-acustica-de-los-anos-60-de-john-frusciante\/","title":{"rendered":"Kay ac\u00fastica de los a\u00f1os 60 de John Frusciante"},"content":{"rendered":"<h2>John Frusciante<\/h2>\n<p>A comienzos de los a\u00f1os 2000, cuando los Red Hot Chili Peppers viv\u00edan un renacimiento creativo, un guitarrista alto, t\u00edmido y casi invisible fuera del escenario apareci\u00f3 como el alma del grupo: <strong>John Frusciante<\/strong>. Con su toque fr\u00e1gil pero incandescente \u2014una mezcla de funk, rock y una sensibilidad casi barroca\u2014 forj\u00f3 un sonido inmediatamente reconocible, el mismo que ilumina <em>Californication<\/em>, <em>By the Way<\/em> y <em>Stadium Arcadium<\/em>.<\/p>\n<p>John Frusciante nunca busc\u00f3 la virtuosidad ostentosa. Como creador instintivo y sensible, su marca reside en la l\u00ednea mel\u00f3dica pura, el riff simple que se impone por s\u00ed mismo, el solo que no necesita m\u00e1s que un suspiro y un vibrato para atravesarte. Toca como respira, con una sinceridad directa al coraz\u00f3n. En el escenario, a menudo cierra los ojos, inclinado sobre su Strat como si rezara. En el estudio, teje armon\u00edas que solo le pertenecen a \u00e9l.<\/p>\n<p>Pero detr\u00e1s de la luz hubo tambi\u00e9n sombra. Todos los fans conocen su largo descenso al infierno, ese periodo en el que la m\u00fasica parec\u00eda haberlo abandonado y casi todo a su alrededor desapareci\u00f3. Sus guitarras m\u00edticas se quemaron o fueron vendidas. Una de las pocas que sobrevivi\u00f3 a ese abismo fue su VPro, una guitarra improbable y improvisada que permaneci\u00f3 a su lado como el \u00faltimo hilo que lo un\u00eda a la m\u00fasica, un fragmento de vida aferrado al caos.<\/p>\n<p>Cuando regres\u00f3, John volvi\u00f3 entero. Al reincorporarse a los Red Hot Chili Peppers, no trajo una demostraci\u00f3n de fuerza, sino una nueva profundidad. Cada nota parec\u00eda cargada de historia vivida, cada melod\u00eda de una fragilidad asumida. Su estilo, siempre tan depurado, se abri\u00f3 a nuevos matices, mezclando influencias electr\u00f3nicas, armon\u00edas vocales sutiles y un sentido casi espiritual del espacio sonoro.<\/p>\n<p>Explorador incansable, multiplic\u00f3 los \u00e1lbumes en solitario, los proyectos experimentales y las colaboraciones inesperadas. Siempre con ese enfoque artesanal: elegir sus guitarras con cuidado, reconstruir lo que pueda reconstruirse, buscar un sonido que nunca mienta. Hoy en d\u00eda, sus Fenders seleccionadas con mimo y sus pedales improvisados reflejan su relaci\u00f3n \u00edntima con la creaci\u00f3n: cada herramienta debe ser capaz de transmitir una emoci\u00f3n aut\u00e9ntica.<\/p>\n<p>Una cosa es segura: John Frusciante encarna la esencia misma del artista renacido. Con su toque puro, su trayectoria marcada y su regreso luminoso, sigue siendo uno de los guitarristas m\u00e1s conmovedores e inspiradores de su generaci\u00f3n. Un f\u00e9nix fr\u00e1gil pero visionario, guiado por una \u00fanica certeza: mientras exista una guitarra, existir\u00e1 un camino de vuelta a la m\u00fasica.<\/p>\n","protected":false},"excerpt":{"rendered":"<p>Quiz\u00e1s una de las guitarras m\u00e1s misteriosas e impresionantes del Shop, esta modesta ac\u00fastica Kay es testigo de uno de los per\u00edodos m\u00e1s oscuros en la carrera de <b>John Frusciante.<\/b><\/p>\n<p>Las guitarras pueden ser la herramienta del genio, el soporte de la creaci\u00f3n, una clave de inspiraci\u00f3n, pero tambi\u00e9n el testigo de una decadencia tan profunda como reveladora. Para un m\u00fasico visceral como John Frusciante, rasguear es un grito org\u00e1nico, una necesidad esencial y un modo de expresi\u00f3n que va m\u00e1s all\u00e1 de las palabras. En 1994, en pleno caos y al borde del abismo, John Frusciante se aferra a una guitarra ac\u00fastica de tonos anaranjados como un \u00faltimo llamado a sus sentidos m\u00e1s \u00edntimos. Es esta guitarra, una Kay K-230, la que aparece en una entrevista con VPRO donde se le ve sudando y presa de sus demonios m\u00e1s oscuros y temibles.<\/p>\n<p><b>John Frusciante<\/b> forma parte de esas trayectorias virtuosas violentamente contrariadas por la droga. <b>Guitarrista excepcional<\/b> e inimitable, su ascenso en el rock de los a\u00f1os 1990 est\u00e1 marcado por un malestar y por adicciones crecientes. Se hunde en las profundidades de las sustancias sint\u00e9ticas, esperando encontrar en esos para\u00edsos artificiales una tranquilidad que su mente le prohib\u00eda. A menudo al borde del precipicio, John Frusciante siempre se ha aferrado a la guitarra, como el \u00faltimo y necesario baluarte que lo separa del vac\u00edo absoluto. Los a\u00f1os 1990 son as\u00ed episodios tr\u00e1gicos, vi\u00e9ndolo rozar la muerte en el incendio de su casa en las alturas de Los \u00c1ngeles y perder su colecci\u00f3n de guitarras y numerosos \u00e1lbumes.<\/p>\n<p>Cuando John Frusciante concede una entrevista a <b>VPRO<\/b> en 1994, se le ve en el apartamento de su novia aferr\u00e1ndose febrilmente a esta guitarra naranja con el cuerpo deteriorado. Rasgue\u00e1ndola con el apego de un hombre roto, John Frusciante manifiesta su v\u00ednculo visceral con la guitarra tocando en una angustia desarmante. Desgastado por largos meses de adicci\u00f3n, sostiene una de las \u00faltimas guitarras que a\u00fan posee tras haber sido separado de sus mejores instrumentos vintage (vendidos como la m\u00edtica Jaguar de 1966 de Under the Bridge o perdidos en el incendio de su casa). Este instrumento muy org\u00e1nico ha sido <b>testigo privilegiado de instantes de una dura realidad,<\/b> que las marcas en la tapa recuerdan con su gravedad. Aunque hay varios cambios que destacar (como el puente reemplazado y una pastilla instalada), su tapa naranja da\u00f1ada hace reconocible este instrumento. Es testigo de las horas m\u00e1s duras del tumultuoso John Frusciante, que m\u00e1s tarde logr\u00f3 salir de las garras de la depresi\u00f3n y la adicci\u00f3n.<\/p>\n","protected":false},"featured_media":17906,"comment_status":"open","ping_status":"closed","template":"","meta":{"_et_pb_use_builder":"","_et_pb_old_content":"","_et_gb_content_width":""},"product_brand":[],"product_cat":[654,658],"product_tag":[],"class_list":{"0":"post-17905","1":"product","2":"type-product","3":"status-publish","4":"has-post-thumbnail","6":"product_cat-vendidos","7":"product_cat-guitarras-iconicas","8":"pa_artiste-john-frusciante-es","9":"pa_disponibilite-vendido","10":"pa_marque-kay-es","12":"first","13":"outofstock","14":"shipping-taxable","15":"product-type-simple"},"yoast_head":"<!-- This site is optimized with the Yoast SEO plugin v26.8 - https:\/\/yoast.com\/product\/yoast-seo-wordpress\/ -->\n<title>Kay ac\u00fastica de los a\u00f1os 60 de John Frusciante - Matt&#039;s Guitar Shop<\/title>\n<meta name=\"description\" content=\"Esta guitarra ac\u00fastica Kay es testigo de uno de los periodos m\u00e1s oscuros de la carrera de John Frusciante.\" \/>\n<meta name=\"robots\" content=\"index, follow, max-snippet:-1, max-image-preview:large, max-video-preview:-1\" \/>\n<link rel=\"canonical\" href=\"https:\/\/www.matts-guitar-shop.com\/es\/produit\/kay-acustica-de-los-anos-60-de-john-frusciante\/\" \/>\n<meta property=\"og:locale\" content=\"es_ES\" \/>\n<meta property=\"og:type\" content=\"article\" \/>\n<meta property=\"og:title\" content=\"Kay ac\u00fastica de los a\u00f1os 60 de John Frusciante - Matt&#039;s Guitar Shop\" \/>\n<meta property=\"og:description\" content=\"Esta guitarra ac\u00fastica Kay es testigo de uno de los periodos m\u00e1s oscuros de la carrera de John Frusciante.\" \/>\n<meta property=\"og:url\" content=\"https:\/\/www.matts-guitar-shop.com\/es\/produit\/kay-acustica-de-los-anos-60-de-john-frusciante\/\" \/>\n<meta property=\"og:site_name\" content=\"Matt&#039;s Guitar Shop\" \/>\n<meta property=\"article:publisher\" content=\"https:\/\/www.facebook.com\/profile.php?id=100044359842817\" \/>\n<meta property=\"article:modified_time\" content=\"2025-12-02T14:13:32+00:00\" \/>\n<meta property=\"og:image\" content=\"https:\/\/www.matts-guitar-shop.com\/wp-content\/uploads\/2024\/12\/john-frusciante-s-kay-acoustic-60s-26.jpg\" \/>\n\t<meta property=\"og:image:width\" content=\"800\" \/>\n\t<meta property=\"og:image:height\" content=\"1000\" \/>\n\t<meta property=\"og:image:type\" content=\"image\/jpeg\" \/>\n<meta name=\"twitter:card\" content=\"summary_large_image\" \/>\n<meta name=\"twitter:label1\" content=\"Tiempo de lectura\" \/>\n\t<meta name=\"twitter:data1\" content=\"2 minutos\" \/>\n<script type=\"application\/ld+json\" class=\"yoast-schema-graph\">{\"@context\":\"https:\/\/schema.org\",\"@graph\":[{\"@type\":\"WebPage\",\"@id\":\"https:\/\/www.matts-guitar-shop.com\/es\/produit\/kay-acustica-de-los-anos-60-de-john-frusciante\/\",\"url\":\"https:\/\/www.matts-guitar-shop.com\/es\/produit\/kay-acustica-de-los-anos-60-de-john-frusciante\/\",\"name\":\"Kay ac\u00fastica de los a\u00f1os 60 de John Frusciante - Matt&#039;s Guitar Shop\",\"isPartOf\":{\"@id\":\"https:\/\/www.matts-guitar-shop.com\/es\/#website\"},\"primaryImageOfPage\":{\"@id\":\"https:\/\/www.matts-guitar-shop.com\/es\/produit\/kay-acustica-de-los-anos-60-de-john-frusciante\/#primaryimage\"},\"image\":{\"@id\":\"https:\/\/www.matts-guitar-shop.com\/es\/produit\/kay-acustica-de-los-anos-60-de-john-frusciante\/#primaryimage\"},\"thumbnailUrl\":\"https:\/\/www.matts-guitar-shop.com\/wp-content\/uploads\/2024\/12\/john-frusciante-s-kay-acoustic-60s-26.jpg\",\"datePublished\":\"2024-12-16T22:51:42+00:00\",\"dateModified\":\"2025-12-02T14:13:32+00:00\",\"description\":\"Esta guitarra ac\u00fastica Kay es testigo de uno de los periodos m\u00e1s oscuros de la carrera de John Frusciante.\",\"breadcrumb\":{\"@id\":\"https:\/\/www.matts-guitar-shop.com\/es\/produit\/kay-acustica-de-los-anos-60-de-john-frusciante\/#breadcrumb\"},\"inLanguage\":\"es\",\"potentialAction\":[{\"@type\":\"ReadAction\",\"target\":[\"https:\/\/www.matts-guitar-shop.com\/es\/produit\/kay-acustica-de-los-anos-60-de-john-frusciante\/\"]}]},{\"@type\":\"ImageObject\",\"inLanguage\":\"es\",\"@id\":\"https:\/\/www.matts-guitar-shop.com\/es\/produit\/kay-acustica-de-los-anos-60-de-john-frusciante\/#primaryimage\",\"url\":\"https:\/\/www.matts-guitar-shop.com\/wp-content\/uploads\/2024\/12\/john-frusciante-s-kay-acoustic-60s-26.jpg\",\"contentUrl\":\"https:\/\/www.matts-guitar-shop.com\/wp-content\/uploads\/2024\/12\/john-frusciante-s-kay-acoustic-60s-26.jpg\",\"width\":800,\"height\":1000},{\"@type\":\"BreadcrumbList\",\"@id\":\"https:\/\/www.matts-guitar-shop.com\/es\/produit\/kay-acustica-de-los-anos-60-de-john-frusciante\/#breadcrumb\",\"itemListElement\":[{\"@type\":\"ListItem\",\"position\":1,\"name\":\"Inicio\",\"item\":\"https:\/\/www.matts-guitar-shop.com\/es\/\"},{\"@type\":\"ListItem\",\"position\":2,\"name\":\"Tienda\",\"item\":\"https:\/\/www.matts-guitar-shop.com\/es\/tienda\/\"},{\"@type\":\"ListItem\",\"position\":3,\"name\":\"Kay ac\u00fastica de los a\u00f1os 60 de John Frusciante\"}]},{\"@type\":\"WebSite\",\"@id\":\"https:\/\/www.matts-guitar-shop.com\/es\/#website\",\"url\":\"https:\/\/www.matts-guitar-shop.com\/es\/\",\"name\":\"matts-guitar-shop.com\",\"description\":\"Guitar Shop\",\"publisher\":{\"@id\":\"https:\/\/www.matts-guitar-shop.com\/es\/#organization\"},\"potentialAction\":[{\"@type\":\"SearchAction\",\"target\":{\"@type\":\"EntryPoint\",\"urlTemplate\":\"https:\/\/www.matts-guitar-shop.com\/es\/?s={search_term_string}\"},\"query-input\":{\"@type\":\"PropertyValueSpecification\",\"valueRequired\":true,\"valueName\":\"search_term_string\"}}],\"inLanguage\":\"es\"},{\"@type\":\"Organization\",\"@id\":\"https:\/\/www.matts-guitar-shop.com\/es\/#organization\",\"name\":\"matts-guitar-shop.com\",\"url\":\"https:\/\/www.matts-guitar-shop.com\/es\/\",\"logo\":{\"@type\":\"ImageObject\",\"inLanguage\":\"es\",\"@id\":\"https:\/\/www.matts-guitar-shop.com\/es\/#\/schema\/logo\/image\/\",\"url\":\"https:\/\/www.matts-guitar-shop.com\/wp-content\/uploads\/2024\/09\/MGS-logo-site-02.png\",\"contentUrl\":\"https:\/\/www.matts-guitar-shop.com\/wp-content\/uploads\/2024\/09\/MGS-logo-site-02.png\",\"width\":200,\"height\":122,\"caption\":\"matts-guitar-shop.com\"},\"image\":{\"@id\":\"https:\/\/www.matts-guitar-shop.com\/es\/#\/schema\/logo\/image\/\"},\"sameAs\":[\"https:\/\/www.facebook.com\/profile.php?id=100044359842817\",\"https:\/\/www.instagram.com\/mattsguitarshop\/\",\"https:\/\/www.youtube.com\/@MattLucasMan\/videos\"]}]}<\/script>\n<!-- \/ Yoast SEO plugin. -->","yoast_head_json":{"title":"Kay ac\u00fastica de los a\u00f1os 60 de John Frusciante - Matt&#039;s Guitar Shop","description":"Esta guitarra ac\u00fastica Kay es testigo de uno de los periodos m\u00e1s oscuros de la carrera de John Frusciante.","robots":{"index":"index","follow":"follow","max-snippet":"max-snippet:-1","max-image-preview":"max-image-preview:large","max-video-preview":"max-video-preview:-1"},"canonical":"https:\/\/www.matts-guitar-shop.com\/es\/produit\/kay-acustica-de-los-anos-60-de-john-frusciante\/","og_locale":"es_ES","og_type":"article","og_title":"Kay ac\u00fastica de los a\u00f1os 60 de John Frusciante - Matt&#039;s Guitar Shop","og_description":"Esta guitarra ac\u00fastica Kay es testigo de uno de los periodos m\u00e1s oscuros de la carrera de John Frusciante.","og_url":"https:\/\/www.matts-guitar-shop.com\/es\/produit\/kay-acustica-de-los-anos-60-de-john-frusciante\/","og_site_name":"Matt&#039;s Guitar Shop","article_publisher":"https:\/\/www.facebook.com\/profile.php?id=100044359842817","article_modified_time":"2025-12-02T14:13:32+00:00","og_image":[{"width":800,"height":1000,"url":"https:\/\/www.matts-guitar-shop.com\/wp-content\/uploads\/2024\/12\/john-frusciante-s-kay-acoustic-60s-26.jpg","type":"image\/jpeg"}],"twitter_card":"summary_large_image","twitter_misc":{"Tiempo de lectura":"2 minutos"},"schema":{"@context":"https:\/\/schema.org","@graph":[{"@type":"WebPage","@id":"https:\/\/www.matts-guitar-shop.com\/es\/produit\/kay-acustica-de-los-anos-60-de-john-frusciante\/","url":"https:\/\/www.matts-guitar-shop.com\/es\/produit\/kay-acustica-de-los-anos-60-de-john-frusciante\/","name":"Kay ac\u00fastica de los a\u00f1os 60 de John Frusciante - Matt&#039;s Guitar Shop","isPartOf":{"@id":"https:\/\/www.matts-guitar-shop.com\/es\/#website"},"primaryImageOfPage":{"@id":"https:\/\/www.matts-guitar-shop.com\/es\/produit\/kay-acustica-de-los-anos-60-de-john-frusciante\/#primaryimage"},"image":{"@id":"https:\/\/www.matts-guitar-shop.com\/es\/produit\/kay-acustica-de-los-anos-60-de-john-frusciante\/#primaryimage"},"thumbnailUrl":"https:\/\/www.matts-guitar-shop.com\/wp-content\/uploads\/2024\/12\/john-frusciante-s-kay-acoustic-60s-26.jpg","datePublished":"2024-12-16T22:51:42+00:00","dateModified":"2025-12-02T14:13:32+00:00","description":"Esta guitarra ac\u00fastica Kay es testigo de uno de los periodos m\u00e1s oscuros de la carrera de John Frusciante.","breadcrumb":{"@id":"https:\/\/www.matts-guitar-shop.com\/es\/produit\/kay-acustica-de-los-anos-60-de-john-frusciante\/#breadcrumb"},"inLanguage":"es","potentialAction":[{"@type":"ReadAction","target":["https:\/\/www.matts-guitar-shop.com\/es\/produit\/kay-acustica-de-los-anos-60-de-john-frusciante\/"]}]},{"@type":"ImageObject","inLanguage":"es","@id":"https:\/\/www.matts-guitar-shop.com\/es\/produit\/kay-acustica-de-los-anos-60-de-john-frusciante\/#primaryimage","url":"https:\/\/www.matts-guitar-shop.com\/wp-content\/uploads\/2024\/12\/john-frusciante-s-kay-acoustic-60s-26.jpg","contentUrl":"https:\/\/www.matts-guitar-shop.com\/wp-content\/uploads\/2024\/12\/john-frusciante-s-kay-acoustic-60s-26.jpg","width":800,"height":1000},{"@type":"BreadcrumbList","@id":"https:\/\/www.matts-guitar-shop.com\/es\/produit\/kay-acustica-de-los-anos-60-de-john-frusciante\/#breadcrumb","itemListElement":[{"@type":"ListItem","position":1,"name":"Inicio","item":"https:\/\/www.matts-guitar-shop.com\/es\/"},{"@type":"ListItem","position":2,"name":"Tienda","item":"https:\/\/www.matts-guitar-shop.com\/es\/tienda\/"},{"@type":"ListItem","position":3,"name":"Kay ac\u00fastica de los a\u00f1os 60 de John Frusciante"}]},{"@type":"WebSite","@id":"https:\/\/www.matts-guitar-shop.com\/es\/#website","url":"https:\/\/www.matts-guitar-shop.com\/es\/","name":"matts-guitar-shop.com","description":"Guitar Shop","publisher":{"@id":"https:\/\/www.matts-guitar-shop.com\/es\/#organization"},"potentialAction":[{"@type":"SearchAction","target":{"@type":"EntryPoint","urlTemplate":"https:\/\/www.matts-guitar-shop.com\/es\/?s={search_term_string}"},"query-input":{"@type":"PropertyValueSpecification","valueRequired":true,"valueName":"search_term_string"}}],"inLanguage":"es"},{"@type":"Organization","@id":"https:\/\/www.matts-guitar-shop.com\/es\/#organization","name":"matts-guitar-shop.com","url":"https:\/\/www.matts-guitar-shop.com\/es\/","logo":{"@type":"ImageObject","inLanguage":"es","@id":"https:\/\/www.matts-guitar-shop.com\/es\/#\/schema\/logo\/image\/","url":"https:\/\/www.matts-guitar-shop.com\/wp-content\/uploads\/2024\/09\/MGS-logo-site-02.png","contentUrl":"https:\/\/www.matts-guitar-shop.com\/wp-content\/uploads\/2024\/09\/MGS-logo-site-02.png","width":200,"height":122,"caption":"matts-guitar-shop.com"},"image":{"@id":"https:\/\/www.matts-guitar-shop.com\/es\/#\/schema\/logo\/image\/"},"sameAs":["https:\/\/www.facebook.com\/profile.php?id=100044359842817","https:\/\/www.instagram.com\/mattsguitarshop\/","https:\/\/www.youtube.com\/@MattLucasMan\/videos"]}]}},"_links":{"self":[{"href":"https:\/\/www.matts-guitar-shop.com\/es\/wp-json\/wp\/v2\/product\/17905","targetHints":{"allow":["GET"]}}],"collection":[{"href":"https:\/\/www.matts-guitar-shop.com\/es\/wp-json\/wp\/v2\/product"}],"about":[{"href":"https:\/\/www.matts-guitar-shop.com\/es\/wp-json\/wp\/v2\/types\/product"}],"replies":[{"embeddable":true,"href":"https:\/\/www.matts-guitar-shop.com\/es\/wp-json\/wp\/v2\/comments?post=17905"}],"wp:featuredmedia":[{"embeddable":true,"href":"https:\/\/www.matts-guitar-shop.com\/es\/wp-json\/wp\/v2\/media\/17906"}],"wp:attachment":[{"href":"https:\/\/www.matts-guitar-shop.com\/es\/wp-json\/wp\/v2\/media?parent=17905"}],"wp:term":[{"taxonomy":"product_brand","embeddable":true,"href":"https:\/\/www.matts-guitar-shop.com\/es\/wp-json\/wp\/v2\/product_brand?post=17905"},{"taxonomy":"product_cat","embeddable":true,"href":"https:\/\/www.matts-guitar-shop.com\/es\/wp-json\/wp\/v2\/product_cat?post=17905"},{"taxonomy":"product_tag","embeddable":true,"href":"https:\/\/www.matts-guitar-shop.com\/es\/wp-json\/wp\/v2\/product_tag?post=17905"}],"curies":[{"name":"wp","href":"https:\/\/api.w.org\/{rel}","templated":true}]}}