{"id":17884,"date":"2024-12-16T23:42:23","date_gmt":"2024-12-16T22:42:23","guid":{"rendered":"https:\/\/www.matts-guitar-shop.com\/produit\/gibson-les-paul-custom-de-1955-ex-paul-kossoff-y-eric-clapton\/"},"modified":"2025-10-17T21:55:08","modified_gmt":"2025-10-17T19:55:08","slug":"gibson-les-paul-custom-de-1955-ex-paul-kossoff-y-eric-clapton","status":"publish","type":"product","link":"https:\/\/www.matts-guitar-shop.com\/es\/produit\/gibson-les-paul-custom-de-1955-ex-paul-kossoff-y-eric-clapton\/","title":{"rendered":"Gibson Les Paul Custom de 1955, ex Paul Kossoff y Eric Clapton"},"content":{"rendered":"<p>Paul Kossoff<br \/>\nEric Clapton<\/p>\n","protected":false},"excerpt":{"rendered":"<p>En la categor\u00eda de Les Paul fetiches del Shop, esta <b>Gibson Les Paul Custom de<\/b> 1955 ocupa un lugar importante. Pura y elegante, es una guitarra tan delicada como potente que ha pasado por las manos de artistas destacados.<\/p>\n<p>A mediados de los a\u00f1os 60, cuando a\u00fan no era el maestro del vibrato blues en <i>Free<\/i>, <b>Paul Kossoff<\/b> ya quer\u00eda una Les Paul. Las verdaderas Gibson eran un bien extremadamente raro en el Londres de la \u00e9poca, y tras empezar con una Les Paul Junior, fue gracias a un viaje de su padre, el actor David Kossoff, a Estados Unidos que el joven Paul recibi\u00f3 su primera verdadera Les Paul.<\/p>\n<p>A\u00fan est\u00e1bamos lejos de las Burst y las Gold Top que tocar\u00eda en el escenario de la Isla de Wight, pero sobre una Les Paul Custom de 1955. Este segundo a\u00f1o de producci\u00f3n corresponde a la primera versi\u00f3n de la Black Beauty, antes de la llegada de las pastillas humbuckers. Por tanto, est\u00e1 equipada con un P90 en la posici\u00f3n de agudos y una pastilla Alnico \u201cstaples\u201d en la posici\u00f3n de m\u00e1stil.<\/p>\n<p>Incapaz de soportar ver su preciosa guitarra amarillear en el binding, Kossoff le quit\u00f3 el barniz. Esta ausencia de laca hace que los bindings sigan siendo blancos m\u00e1s de cincuenta a\u00f1os despu\u00e9s, y permite identificar esta Les Paul al primer vistazo en las fotos donde Kossoff la toca con su primera banda, los <i>Black Cat Bones<\/i>.<\/p>\n<p>A\u00fan m\u00e1s, tambi\u00e9n se puede identificar esta guitarra en una foto de <b>Eric Clapton<\/b> en Londres en el Marquee en 1967, durante la gira de Cream correspondiente al \u00e1lbum <i>Disraeli Gears<\/i>. La Black Beauty tambi\u00e9n habr\u00eda pasado por las manos de Duff McKagan antes de llegar a Matt\u2019s Guitar Shop. Una cosa es segura: despu\u00e9s de todos estos a\u00f1os, los peque\u00f1os papeles pegados en las cavidades electr\u00f3nicas y las inscripciones donde Kossoff marc\u00f3 su nombre todav\u00eda est\u00e1n en la guitarra, como si nunca pudiera pertenecer completamente a otro.<\/p>\n<p>Regularmente prestada, esta guitarra ha sido tocada especialmente por Marcus King, por Adrian Smith (Iron Maiden), por Craig Ross (Lenny Kravitz), por Charlie Starr (Blackberry Smoke) y por J.J. Julius Son (Kaleo).<\/p>\n","protected":false},"featured_media":17885,"comment_status":"open","ping_status":"closed","template":"","meta":{"_et_pb_use_builder":"","_et_pb_old_content":"","_et_gb_content_width":""},"product_brand":[],"product_cat":[659,658,652,655],"product_tag":[],"class_list":{"0":"post-17884","1":"product","2":"type-product","3":"status-publish","4":"has-post-thumbnail","6":"product_cat-guitarras-electricas","7":"product_cat-guitarras-iconicas","8":"product_cat-artistas","9":"product_cat-guitarras","10":"pa_artiste-eric-clapton-es","11":"pa_artiste-paul-kossoff-es","12":"pa_disponibilite-en-venta","13":"pa_marque-gibson-es","15":"first","16":"instock","17":"shipping-taxable","18":"product-type-simple"},"yoast_head":"<!-- This site is optimized with the Yoast SEO plugin v26.8 - https:\/\/yoast.com\/product\/yoast-seo-wordpress\/ -->\n<title>Gibson Les Paul Custom de 1955, ex Paul Kossoff y Eric Clapton - Matt&#039;s Guitar Shop<\/title>\n<meta name=\"description\" content=\"Pura y elegante, es una guitarra tan delicada como potente, que ha pasado por las manos de grandes artistas.\" \/>\n<meta name=\"robots\" content=\"index, follow, max-snippet:-1, max-image-preview:large, max-video-preview:-1\" \/>\n<link rel=\"canonical\" href=\"https:\/\/www.matts-guitar-shop.com\/es\/produit\/gibson-les-paul-custom-de-1955-ex-paul-kossoff-y-eric-clapton\/\" \/>\n<meta property=\"og:locale\" content=\"es_ES\" \/>\n<meta property=\"og:type\" content=\"article\" \/>\n<meta property=\"og:title\" content=\"Gibson Les Paul Custom de 1955, ex Paul Kossoff y Eric Clapton - Matt&#039;s Guitar Shop\" \/>\n<meta property=\"og:description\" content=\"Pura y elegante, es una guitarra tan delicada como potente, que ha pasado por las manos de grandes artistas.\" \/>\n<meta property=\"og:url\" content=\"https:\/\/www.matts-guitar-shop.com\/es\/produit\/gibson-les-paul-custom-de-1955-ex-paul-kossoff-y-eric-clapton\/\" \/>\n<meta property=\"og:site_name\" content=\"Matt&#039;s Guitar Shop\" \/>\n<meta property=\"article:publisher\" content=\"https:\/\/www.facebook.com\/profile.php?id=100044359842817\" \/>\n<meta property=\"article:modified_time\" content=\"2025-10-17T19:55:08+00:00\" \/>\n<meta property=\"og:image\" content=\"https:\/\/www.matts-guitar-shop.com\/wp-content\/uploads\/2024\/12\/gibson-les-paul-custom-1955-kossoff-clapton-78.jpg\" \/>\n\t<meta property=\"og:image:width\" content=\"800\" \/>\n\t<meta property=\"og:image:height\" content=\"1000\" \/>\n\t<meta property=\"og:image:type\" content=\"image\/jpeg\" \/>\n<meta name=\"twitter:card\" content=\"summary_large_image\" \/>\n<script type=\"application\/ld+json\" class=\"yoast-schema-graph\">{\"@context\":\"https:\/\/schema.org\",\"@graph\":[{\"@type\":\"WebPage\",\"@id\":\"https:\/\/www.matts-guitar-shop.com\/es\/produit\/gibson-les-paul-custom-de-1955-ex-paul-kossoff-y-eric-clapton\/\",\"url\":\"https:\/\/www.matts-guitar-shop.com\/es\/produit\/gibson-les-paul-custom-de-1955-ex-paul-kossoff-y-eric-clapton\/\",\"name\":\"Gibson Les Paul Custom de 1955, ex Paul Kossoff y Eric Clapton - Matt&#039;s Guitar Shop\",\"isPartOf\":{\"@id\":\"https:\/\/www.matts-guitar-shop.com\/es\/#website\"},\"primaryImageOfPage\":{\"@id\":\"https:\/\/www.matts-guitar-shop.com\/es\/produit\/gibson-les-paul-custom-de-1955-ex-paul-kossoff-y-eric-clapton\/#primaryimage\"},\"image\":{\"@id\":\"https:\/\/www.matts-guitar-shop.com\/es\/produit\/gibson-les-paul-custom-de-1955-ex-paul-kossoff-y-eric-clapton\/#primaryimage\"},\"thumbnailUrl\":\"https:\/\/www.matts-guitar-shop.com\/wp-content\/uploads\/2024\/12\/gibson-les-paul-custom-1955-kossoff-clapton-78.jpg\",\"datePublished\":\"2024-12-16T22:42:23+00:00\",\"dateModified\":\"2025-10-17T19:55:08+00:00\",\"description\":\"Pura y elegante, es una guitarra tan delicada como potente, que ha pasado por las manos de grandes artistas.\",\"breadcrumb\":{\"@id\":\"https:\/\/www.matts-guitar-shop.com\/es\/produit\/gibson-les-paul-custom-de-1955-ex-paul-kossoff-y-eric-clapton\/#breadcrumb\"},\"inLanguage\":\"es\",\"potentialAction\":[{\"@type\":\"ReadAction\",\"target\":[\"https:\/\/www.matts-guitar-shop.com\/es\/produit\/gibson-les-paul-custom-de-1955-ex-paul-kossoff-y-eric-clapton\/\"]}]},{\"@type\":\"ImageObject\",\"inLanguage\":\"es\",\"@id\":\"https:\/\/www.matts-guitar-shop.com\/es\/produit\/gibson-les-paul-custom-de-1955-ex-paul-kossoff-y-eric-clapton\/#primaryimage\",\"url\":\"https:\/\/www.matts-guitar-shop.com\/wp-content\/uploads\/2024\/12\/gibson-les-paul-custom-1955-kossoff-clapton-78.jpg\",\"contentUrl\":\"https:\/\/www.matts-guitar-shop.com\/wp-content\/uploads\/2024\/12\/gibson-les-paul-custom-1955-kossoff-clapton-78.jpg\",\"width\":800,\"height\":1000},{\"@type\":\"BreadcrumbList\",\"@id\":\"https:\/\/www.matts-guitar-shop.com\/es\/produit\/gibson-les-paul-custom-de-1955-ex-paul-kossoff-y-eric-clapton\/#breadcrumb\",\"itemListElement\":[{\"@type\":\"ListItem\",\"position\":1,\"name\":\"Inicio\",\"item\":\"https:\/\/www.matts-guitar-shop.com\/es\/\"},{\"@type\":\"ListItem\",\"position\":2,\"name\":\"Tienda\",\"item\":\"https:\/\/www.matts-guitar-shop.com\/es\/tienda\/\"},{\"@type\":\"ListItem\",\"position\":3,\"name\":\"Gibson Les Paul Custom de 1955, ex Paul Kossoff y Eric Clapton\"}]},{\"@type\":\"WebSite\",\"@id\":\"https:\/\/www.matts-guitar-shop.com\/es\/#website\",\"url\":\"https:\/\/www.matts-guitar-shop.com\/es\/\",\"name\":\"matts-guitar-shop.com\",\"description\":\"Guitar Shop\",\"publisher\":{\"@id\":\"https:\/\/www.matts-guitar-shop.com\/es\/#organization\"},\"potentialAction\":[{\"@type\":\"SearchAction\",\"target\":{\"@type\":\"EntryPoint\",\"urlTemplate\":\"https:\/\/www.matts-guitar-shop.com\/es\/?s={search_term_string}\"},\"query-input\":{\"@type\":\"PropertyValueSpecification\",\"valueRequired\":true,\"valueName\":\"search_term_string\"}}],\"inLanguage\":\"es\"},{\"@type\":\"Organization\",\"@id\":\"https:\/\/www.matts-guitar-shop.com\/es\/#organization\",\"name\":\"matts-guitar-shop.com\",\"url\":\"https:\/\/www.matts-guitar-shop.com\/es\/\",\"logo\":{\"@type\":\"ImageObject\",\"inLanguage\":\"es\",\"@id\":\"https:\/\/www.matts-guitar-shop.com\/es\/#\/schema\/logo\/image\/\",\"url\":\"https:\/\/www.matts-guitar-shop.com\/wp-content\/uploads\/2024\/09\/MGS-logo-site-02.png\",\"contentUrl\":\"https:\/\/www.matts-guitar-shop.com\/wp-content\/uploads\/2024\/09\/MGS-logo-site-02.png\",\"width\":200,\"height\":122,\"caption\":\"matts-guitar-shop.com\"},\"image\":{\"@id\":\"https:\/\/www.matts-guitar-shop.com\/es\/#\/schema\/logo\/image\/\"},\"sameAs\":[\"https:\/\/www.facebook.com\/profile.php?id=100044359842817\",\"https:\/\/www.instagram.com\/mattsguitarshop\/\",\"https:\/\/www.youtube.com\/@MattLucasMan\/videos\"]}]}<\/script>\n<!-- \/ Yoast SEO plugin. -->","yoast_head_json":{"title":"Gibson Les Paul Custom de 1955, ex Paul Kossoff y Eric Clapton - Matt&#039;s Guitar Shop","description":"Pura y elegante, es una guitarra tan delicada como potente, que ha pasado por las manos de grandes artistas.","robots":{"index":"index","follow":"follow","max-snippet":"max-snippet:-1","max-image-preview":"max-image-preview:large","max-video-preview":"max-video-preview:-1"},"canonical":"https:\/\/www.matts-guitar-shop.com\/es\/produit\/gibson-les-paul-custom-de-1955-ex-paul-kossoff-y-eric-clapton\/","og_locale":"es_ES","og_type":"article","og_title":"Gibson Les Paul Custom de 1955, ex Paul Kossoff y Eric Clapton - Matt&#039;s Guitar Shop","og_description":"Pura y elegante, es una guitarra tan delicada como potente, que ha pasado por las manos de grandes artistas.","og_url":"https:\/\/www.matts-guitar-shop.com\/es\/produit\/gibson-les-paul-custom-de-1955-ex-paul-kossoff-y-eric-clapton\/","og_site_name":"Matt&#039;s Guitar Shop","article_publisher":"https:\/\/www.facebook.com\/profile.php?id=100044359842817","article_modified_time":"2025-10-17T19:55:08+00:00","og_image":[{"width":800,"height":1000,"url":"https:\/\/www.matts-guitar-shop.com\/wp-content\/uploads\/2024\/12\/gibson-les-paul-custom-1955-kossoff-clapton-78.jpg","type":"image\/jpeg"}],"twitter_card":"summary_large_image","schema":{"@context":"https:\/\/schema.org","@graph":[{"@type":"WebPage","@id":"https:\/\/www.matts-guitar-shop.com\/es\/produit\/gibson-les-paul-custom-de-1955-ex-paul-kossoff-y-eric-clapton\/","url":"https:\/\/www.matts-guitar-shop.com\/es\/produit\/gibson-les-paul-custom-de-1955-ex-paul-kossoff-y-eric-clapton\/","name":"Gibson Les Paul Custom de 1955, ex Paul Kossoff y Eric Clapton - Matt&#039;s Guitar Shop","isPartOf":{"@id":"https:\/\/www.matts-guitar-shop.com\/es\/#website"},"primaryImageOfPage":{"@id":"https:\/\/www.matts-guitar-shop.com\/es\/produit\/gibson-les-paul-custom-de-1955-ex-paul-kossoff-y-eric-clapton\/#primaryimage"},"image":{"@id":"https:\/\/www.matts-guitar-shop.com\/es\/produit\/gibson-les-paul-custom-de-1955-ex-paul-kossoff-y-eric-clapton\/#primaryimage"},"thumbnailUrl":"https:\/\/www.matts-guitar-shop.com\/wp-content\/uploads\/2024\/12\/gibson-les-paul-custom-1955-kossoff-clapton-78.jpg","datePublished":"2024-12-16T22:42:23+00:00","dateModified":"2025-10-17T19:55:08+00:00","description":"Pura y elegante, es una guitarra tan delicada como potente, que ha pasado por las manos de grandes artistas.","breadcrumb":{"@id":"https:\/\/www.matts-guitar-shop.com\/es\/produit\/gibson-les-paul-custom-de-1955-ex-paul-kossoff-y-eric-clapton\/#breadcrumb"},"inLanguage":"es","potentialAction":[{"@type":"ReadAction","target":["https:\/\/www.matts-guitar-shop.com\/es\/produit\/gibson-les-paul-custom-de-1955-ex-paul-kossoff-y-eric-clapton\/"]}]},{"@type":"ImageObject","inLanguage":"es","@id":"https:\/\/www.matts-guitar-shop.com\/es\/produit\/gibson-les-paul-custom-de-1955-ex-paul-kossoff-y-eric-clapton\/#primaryimage","url":"https:\/\/www.matts-guitar-shop.com\/wp-content\/uploads\/2024\/12\/gibson-les-paul-custom-1955-kossoff-clapton-78.jpg","contentUrl":"https:\/\/www.matts-guitar-shop.com\/wp-content\/uploads\/2024\/12\/gibson-les-paul-custom-1955-kossoff-clapton-78.jpg","width":800,"height":1000},{"@type":"BreadcrumbList","@id":"https:\/\/www.matts-guitar-shop.com\/es\/produit\/gibson-les-paul-custom-de-1955-ex-paul-kossoff-y-eric-clapton\/#breadcrumb","itemListElement":[{"@type":"ListItem","position":1,"name":"Inicio","item":"https:\/\/www.matts-guitar-shop.com\/es\/"},{"@type":"ListItem","position":2,"name":"Tienda","item":"https:\/\/www.matts-guitar-shop.com\/es\/tienda\/"},{"@type":"ListItem","position":3,"name":"Gibson Les Paul Custom de 1955, ex Paul Kossoff y Eric Clapton"}]},{"@type":"WebSite","@id":"https:\/\/www.matts-guitar-shop.com\/es\/#website","url":"https:\/\/www.matts-guitar-shop.com\/es\/","name":"matts-guitar-shop.com","description":"Guitar Shop","publisher":{"@id":"https:\/\/www.matts-guitar-shop.com\/es\/#organization"},"potentialAction":[{"@type":"SearchAction","target":{"@type":"EntryPoint","urlTemplate":"https:\/\/www.matts-guitar-shop.com\/es\/?s={search_term_string}"},"query-input":{"@type":"PropertyValueSpecification","valueRequired":true,"valueName":"search_term_string"}}],"inLanguage":"es"},{"@type":"Organization","@id":"https:\/\/www.matts-guitar-shop.com\/es\/#organization","name":"matts-guitar-shop.com","url":"https:\/\/www.matts-guitar-shop.com\/es\/","logo":{"@type":"ImageObject","inLanguage":"es","@id":"https:\/\/www.matts-guitar-shop.com\/es\/#\/schema\/logo\/image\/","url":"https:\/\/www.matts-guitar-shop.com\/wp-content\/uploads\/2024\/09\/MGS-logo-site-02.png","contentUrl":"https:\/\/www.matts-guitar-shop.com\/wp-content\/uploads\/2024\/09\/MGS-logo-site-02.png","width":200,"height":122,"caption":"matts-guitar-shop.com"},"image":{"@id":"https:\/\/www.matts-guitar-shop.com\/es\/#\/schema\/logo\/image\/"},"sameAs":["https:\/\/www.facebook.com\/profile.php?id=100044359842817","https:\/\/www.instagram.com\/mattsguitarshop\/","https:\/\/www.youtube.com\/@MattLucasMan\/videos"]}]}},"_links":{"self":[{"href":"https:\/\/www.matts-guitar-shop.com\/es\/wp-json\/wp\/v2\/product\/17884","targetHints":{"allow":["GET"]}}],"collection":[{"href":"https:\/\/www.matts-guitar-shop.com\/es\/wp-json\/wp\/v2\/product"}],"about":[{"href":"https:\/\/www.matts-guitar-shop.com\/es\/wp-json\/wp\/v2\/types\/product"}],"replies":[{"embeddable":true,"href":"https:\/\/www.matts-guitar-shop.com\/es\/wp-json\/wp\/v2\/comments?post=17884"}],"wp:featuredmedia":[{"embeddable":true,"href":"https:\/\/www.matts-guitar-shop.com\/es\/wp-json\/wp\/v2\/media\/17885"}],"wp:attachment":[{"href":"https:\/\/www.matts-guitar-shop.com\/es\/wp-json\/wp\/v2\/media?parent=17884"}],"wp:term":[{"taxonomy":"product_brand","embeddable":true,"href":"https:\/\/www.matts-guitar-shop.com\/es\/wp-json\/wp\/v2\/product_brand?post=17884"},{"taxonomy":"product_cat","embeddable":true,"href":"https:\/\/www.matts-guitar-shop.com\/es\/wp-json\/wp\/v2\/product_cat?post=17884"},{"taxonomy":"product_tag","embeddable":true,"href":"https:\/\/www.matts-guitar-shop.com\/es\/wp-json\/wp\/v2\/product_tag?post=17884"}],"curies":[{"name":"wp","href":"https:\/\/api.w.org\/{rel}","templated":true}]}}