{"id":17871,"date":"2024-12-16T17:47:44","date_gmt":"2024-12-16T16:47:44","guid":{"rendered":"https:\/\/www.matts-guitar-shop.com\/produit\/la-gibson-les-paul-custom-blanca-de-1974-de-steve-jones-usada-con-los-sex-pistols\/"},"modified":"2025-10-17T21:52:32","modified_gmt":"2025-10-17T19:52:32","slug":"la-gibson-les-paul-custom-blanca-de-1974-de-steve-jones-usada-con-los-sex-pistols","status":"publish","type":"product","link":"https:\/\/www.matts-guitar-shop.com\/es\/produit\/la-gibson-les-paul-custom-blanca-de-1974-de-steve-jones-usada-con-los-sex-pistols\/","title":{"rendered":"La Gibson Les Paul Custom blanca de 1974 de Steve Jones usada con los Sex Pistols"},"content":{"rendered":"<p>Steve Jones<br \/>\nSex Pistols<\/p>\n","protected":false},"excerpt":{"rendered":"<p><b>M\u00e1s que una simple guitarra, esta Les Paul Custom de 1974 revolucion\u00f3 la m\u00fasica, transgredi\u00f3 los c\u00f3digos pol\u00edticos y sociales, provoc\u00f3 a la corona brit\u00e1nica y acompa\u00f1\u00f3 toda una cultura de rebeld\u00eda y rabia. Es una de las dos guitarras usadas por Steve Jones para la grabaci\u00f3n del \u00e1lbum emblem\u00e1tico de los Sex Pistols, <i>Never Mind The Bollocks<\/i>, <i>Here\u2019s the Sex Pistols<\/i> (1977) y la guitarra principal usada luego en concierto.<\/b><\/p>\n<p>Guitarra de salas h\u00famedas y electrizadas, de himnos llenos de ira y rabia, y de riffs incisivos y precisos, la Les Paul Custom blanca de Steve Jones entr\u00f3 en <b>la historia del punk<\/b> al mismo nivel que la actitud despreocupada e insolente de Johnny Rotten. Decir que provoc\u00f3 una revoluci\u00f3n es atrevido. Sin embargo, es uno de los instrumentos m\u00e1s <b>subversivos<\/b> de la historia pol\u00edtica occidental reciente. Estrechamente vigilada, criticada y luego censurada, esta guitarra contiene mucho m\u00e1s que notas listas para sonar, est\u00e1 habitada por la esencia de la revoluci\u00f3n punk y sus ideales.<\/p>\n<p>Si esta guitarra entr\u00f3 en la posteridad en manos de Steve Jones, tiene una historia mucho m\u00e1s rica que su \u00absolo\u00bb paso por la banda punk m\u00e1s poderosa del Reino Unido. De hecho, fue uno de los instrumentos de Syl Sylvain, guitarrista emblem\u00e1tico del grupo punk <b><i>New York Dolls<\/i><\/b>. Se dice que su manager de entonces, el mismo Malcolm McLaren, impulsor de la creaci\u00f3n de los <b>Sex Pistols<\/b>, habr\u00eda tomado esta guitarra como pago, para luego entregarla a su nuevo protegido Steve Jones. La guitarra ten\u00eda entonces dos pegatinas de pin-ups sugerentes pegadas en la tapa, distinguiendo esta guitarra de todas las dem\u00e1s.<\/p>\n<p>Esta guitarra <b>desapareci\u00f3<\/b> misteriosamente tras una gira fallida de los Sex Pistols en Estados Unidos en 1978, rodeada de todos los fantasmas y mitos que una reliquia cultural como esta suscita. La legendaria Les Paul <b>reapareci\u00f3 en 2024<\/b>, adquirida por Matt\u2019s Guitar Shop despu\u00e9s de un largo trabajo de autenticaci\u00f3n. Supuestamente vendida varias veces por el propio Steve Jones, esta Gibson Les Paul Custom de 1974 es sin duda la original.<\/p>\n<p>Siempre movido por una sed de compartir y por su deseo de colocar los instrumentos hist\u00f3ricos en un relato contempor\u00e1neo, Matt\u2019s Guitar Shop presta regularmente esta guitarra a artistas influenciados por los Sex Pistols. As\u00ed, ha sido tocada por Billie Joe Armstrong con Green Day en junio de 2024, luego por Craig Ross con Lenny Kravitz y por Yungblud en julio de 2024, y m\u00e1s recientemente por Deryck Whibley con Sum 41 para el \u00faltimo concierto europeo de la historia de la banda. Estos artistas recuerdan as\u00ed cu\u00e1nto los Sex Pistols construyeron una corriente y revolucionaron el punk.<\/p>\n","protected":false},"featured_media":17872,"comment_status":"open","ping_status":"closed","template":"","meta":{"_et_pb_use_builder":"","_et_pb_old_content":"","_et_gb_content_width":""},"product_brand":[],"product_cat":[654,658,652],"product_tag":[],"class_list":{"0":"post-17871","1":"product","2":"type-product","3":"status-publish","4":"has-post-thumbnail","6":"product_cat-vendidos","7":"product_cat-guitarras-iconicas","8":"product_cat-artistas","9":"pa_artiste-sex-pistols-es","10":"pa_artiste-steve-jones-es","11":"pa_disponibilite-vendido","12":"pa_marque-gibson-es","14":"first","15":"outofstock","16":"shipping-taxable","17":"product-type-simple"},"yoast_head":"<!-- This site is optimized with the Yoast SEO plugin v26.8 - https:\/\/yoast.com\/product\/yoast-seo-wordpress\/ -->\n<title>La Gibson Les Paul Custom blanca de 1974 de Steve Jones usada con los Sex Pistols - Matt&#039;s Guitar Shop<\/title>\n<meta name=\"description\" content=\"M\u00e1s que una simple guitarra, esta Les Paul Custom de 1974 revolucion\u00f3 la m\u00fasica y transgredi\u00f3 los c\u00f3digos pol\u00edticos y sociales.\" \/>\n<meta name=\"robots\" content=\"index, follow, max-snippet:-1, max-image-preview:large, max-video-preview:-1\" \/>\n<link rel=\"canonical\" href=\"https:\/\/www.matts-guitar-shop.com\/es\/produit\/la-gibson-les-paul-custom-blanca-de-1974-de-steve-jones-usada-con-los-sex-pistols\/\" \/>\n<meta property=\"og:locale\" content=\"es_ES\" \/>\n<meta property=\"og:type\" content=\"article\" \/>\n<meta property=\"og:title\" content=\"La Gibson Les Paul Custom blanca de 1974 de Steve Jones usada con los Sex Pistols - Matt&#039;s Guitar Shop\" \/>\n<meta property=\"og:description\" content=\"M\u00e1s que una simple guitarra, esta Les Paul Custom de 1974 revolucion\u00f3 la m\u00fasica y transgredi\u00f3 los c\u00f3digos pol\u00edticos y sociales.\" \/>\n<meta property=\"og:url\" content=\"https:\/\/www.matts-guitar-shop.com\/es\/produit\/la-gibson-les-paul-custom-blanca-de-1974-de-steve-jones-usada-con-los-sex-pistols\/\" \/>\n<meta property=\"og:site_name\" content=\"Matt&#039;s Guitar Shop\" \/>\n<meta property=\"article:publisher\" content=\"https:\/\/www.facebook.com\/profile.php?id=100044359842817\" \/>\n<meta property=\"article:modified_time\" content=\"2025-10-17T19:52:32+00:00\" \/>\n<meta property=\"og:image\" content=\"https:\/\/www.matts-guitar-shop.com\/wp-content\/uploads\/2024\/12\/steve-jones-white-1974-gibson-les-paul-custom-92.jpg\" \/>\n\t<meta property=\"og:image:width\" content=\"800\" \/>\n\t<meta property=\"og:image:height\" content=\"1000\" \/>\n\t<meta property=\"og:image:type\" content=\"image\/jpeg\" \/>\n<meta name=\"twitter:card\" content=\"summary_large_image\" \/>\n<script type=\"application\/ld+json\" class=\"yoast-schema-graph\">{\"@context\":\"https:\/\/schema.org\",\"@graph\":[{\"@type\":\"WebPage\",\"@id\":\"https:\/\/www.matts-guitar-shop.com\/es\/produit\/la-gibson-les-paul-custom-blanca-de-1974-de-steve-jones-usada-con-los-sex-pistols\/\",\"url\":\"https:\/\/www.matts-guitar-shop.com\/es\/produit\/la-gibson-les-paul-custom-blanca-de-1974-de-steve-jones-usada-con-los-sex-pistols\/\",\"name\":\"La Gibson Les Paul Custom blanca de 1974 de Steve Jones usada con los Sex Pistols - Matt&#039;s Guitar Shop\",\"isPartOf\":{\"@id\":\"https:\/\/www.matts-guitar-shop.com\/es\/#website\"},\"primaryImageOfPage\":{\"@id\":\"https:\/\/www.matts-guitar-shop.com\/es\/produit\/la-gibson-les-paul-custom-blanca-de-1974-de-steve-jones-usada-con-los-sex-pistols\/#primaryimage\"},\"image\":{\"@id\":\"https:\/\/www.matts-guitar-shop.com\/es\/produit\/la-gibson-les-paul-custom-blanca-de-1974-de-steve-jones-usada-con-los-sex-pistols\/#primaryimage\"},\"thumbnailUrl\":\"https:\/\/www.matts-guitar-shop.com\/wp-content\/uploads\/2024\/12\/steve-jones-white-1974-gibson-les-paul-custom-92.jpg\",\"datePublished\":\"2024-12-16T16:47:44+00:00\",\"dateModified\":\"2025-10-17T19:52:32+00:00\",\"description\":\"M\u00e1s que una simple guitarra, esta Les Paul Custom de 1974 revolucion\u00f3 la m\u00fasica y transgredi\u00f3 los c\u00f3digos pol\u00edticos y sociales.\",\"breadcrumb\":{\"@id\":\"https:\/\/www.matts-guitar-shop.com\/es\/produit\/la-gibson-les-paul-custom-blanca-de-1974-de-steve-jones-usada-con-los-sex-pistols\/#breadcrumb\"},\"inLanguage\":\"es\",\"potentialAction\":[{\"@type\":\"ReadAction\",\"target\":[\"https:\/\/www.matts-guitar-shop.com\/es\/produit\/la-gibson-les-paul-custom-blanca-de-1974-de-steve-jones-usada-con-los-sex-pistols\/\"]}]},{\"@type\":\"ImageObject\",\"inLanguage\":\"es\",\"@id\":\"https:\/\/www.matts-guitar-shop.com\/es\/produit\/la-gibson-les-paul-custom-blanca-de-1974-de-steve-jones-usada-con-los-sex-pistols\/#primaryimage\",\"url\":\"https:\/\/www.matts-guitar-shop.com\/wp-content\/uploads\/2024\/12\/steve-jones-white-1974-gibson-les-paul-custom-92.jpg\",\"contentUrl\":\"https:\/\/www.matts-guitar-shop.com\/wp-content\/uploads\/2024\/12\/steve-jones-white-1974-gibson-les-paul-custom-92.jpg\",\"width\":800,\"height\":1000},{\"@type\":\"BreadcrumbList\",\"@id\":\"https:\/\/www.matts-guitar-shop.com\/es\/produit\/la-gibson-les-paul-custom-blanca-de-1974-de-steve-jones-usada-con-los-sex-pistols\/#breadcrumb\",\"itemListElement\":[{\"@type\":\"ListItem\",\"position\":1,\"name\":\"Inicio\",\"item\":\"https:\/\/www.matts-guitar-shop.com\/es\/\"},{\"@type\":\"ListItem\",\"position\":2,\"name\":\"Tienda\",\"item\":\"https:\/\/www.matts-guitar-shop.com\/es\/tienda\/\"},{\"@type\":\"ListItem\",\"position\":3,\"name\":\"La Gibson Les Paul Custom blanca de 1974 de Steve Jones usada con los Sex Pistols\"}]},{\"@type\":\"WebSite\",\"@id\":\"https:\/\/www.matts-guitar-shop.com\/es\/#website\",\"url\":\"https:\/\/www.matts-guitar-shop.com\/es\/\",\"name\":\"matts-guitar-shop.com\",\"description\":\"Guitar Shop\",\"publisher\":{\"@id\":\"https:\/\/www.matts-guitar-shop.com\/es\/#organization\"},\"potentialAction\":[{\"@type\":\"SearchAction\",\"target\":{\"@type\":\"EntryPoint\",\"urlTemplate\":\"https:\/\/www.matts-guitar-shop.com\/es\/?s={search_term_string}\"},\"query-input\":{\"@type\":\"PropertyValueSpecification\",\"valueRequired\":true,\"valueName\":\"search_term_string\"}}],\"inLanguage\":\"es\"},{\"@type\":\"Organization\",\"@id\":\"https:\/\/www.matts-guitar-shop.com\/es\/#organization\",\"name\":\"matts-guitar-shop.com\",\"url\":\"https:\/\/www.matts-guitar-shop.com\/es\/\",\"logo\":{\"@type\":\"ImageObject\",\"inLanguage\":\"es\",\"@id\":\"https:\/\/www.matts-guitar-shop.com\/es\/#\/schema\/logo\/image\/\",\"url\":\"https:\/\/www.matts-guitar-shop.com\/wp-content\/uploads\/2024\/09\/MGS-logo-site-02.png\",\"contentUrl\":\"https:\/\/www.matts-guitar-shop.com\/wp-content\/uploads\/2024\/09\/MGS-logo-site-02.png\",\"width\":200,\"height\":122,\"caption\":\"matts-guitar-shop.com\"},\"image\":{\"@id\":\"https:\/\/www.matts-guitar-shop.com\/es\/#\/schema\/logo\/image\/\"},\"sameAs\":[\"https:\/\/www.facebook.com\/profile.php?id=100044359842817\",\"https:\/\/www.instagram.com\/mattsguitarshop\/\",\"https:\/\/www.youtube.com\/@MattLucasMan\/videos\"]}]}<\/script>\n<!-- \/ Yoast SEO plugin. -->","yoast_head_json":{"title":"La Gibson Les Paul Custom blanca de 1974 de Steve Jones usada con los Sex Pistols - Matt&#039;s Guitar Shop","description":"M\u00e1s que una simple guitarra, esta Les Paul Custom de 1974 revolucion\u00f3 la m\u00fasica y transgredi\u00f3 los c\u00f3digos pol\u00edticos y sociales.","robots":{"index":"index","follow":"follow","max-snippet":"max-snippet:-1","max-image-preview":"max-image-preview:large","max-video-preview":"max-video-preview:-1"},"canonical":"https:\/\/www.matts-guitar-shop.com\/es\/produit\/la-gibson-les-paul-custom-blanca-de-1974-de-steve-jones-usada-con-los-sex-pistols\/","og_locale":"es_ES","og_type":"article","og_title":"La Gibson Les Paul Custom blanca de 1974 de Steve Jones usada con los Sex Pistols - Matt&#039;s Guitar Shop","og_description":"M\u00e1s que una simple guitarra, esta Les Paul Custom de 1974 revolucion\u00f3 la m\u00fasica y transgredi\u00f3 los c\u00f3digos pol\u00edticos y sociales.","og_url":"https:\/\/www.matts-guitar-shop.com\/es\/produit\/la-gibson-les-paul-custom-blanca-de-1974-de-steve-jones-usada-con-los-sex-pistols\/","og_site_name":"Matt&#039;s Guitar Shop","article_publisher":"https:\/\/www.facebook.com\/profile.php?id=100044359842817","article_modified_time":"2025-10-17T19:52:32+00:00","og_image":[{"width":800,"height":1000,"url":"https:\/\/www.matts-guitar-shop.com\/wp-content\/uploads\/2024\/12\/steve-jones-white-1974-gibson-les-paul-custom-92.jpg","type":"image\/jpeg"}],"twitter_card":"summary_large_image","schema":{"@context":"https:\/\/schema.org","@graph":[{"@type":"WebPage","@id":"https:\/\/www.matts-guitar-shop.com\/es\/produit\/la-gibson-les-paul-custom-blanca-de-1974-de-steve-jones-usada-con-los-sex-pistols\/","url":"https:\/\/www.matts-guitar-shop.com\/es\/produit\/la-gibson-les-paul-custom-blanca-de-1974-de-steve-jones-usada-con-los-sex-pistols\/","name":"La Gibson Les Paul Custom blanca de 1974 de Steve Jones usada con los Sex Pistols - Matt&#039;s Guitar Shop","isPartOf":{"@id":"https:\/\/www.matts-guitar-shop.com\/es\/#website"},"primaryImageOfPage":{"@id":"https:\/\/www.matts-guitar-shop.com\/es\/produit\/la-gibson-les-paul-custom-blanca-de-1974-de-steve-jones-usada-con-los-sex-pistols\/#primaryimage"},"image":{"@id":"https:\/\/www.matts-guitar-shop.com\/es\/produit\/la-gibson-les-paul-custom-blanca-de-1974-de-steve-jones-usada-con-los-sex-pistols\/#primaryimage"},"thumbnailUrl":"https:\/\/www.matts-guitar-shop.com\/wp-content\/uploads\/2024\/12\/steve-jones-white-1974-gibson-les-paul-custom-92.jpg","datePublished":"2024-12-16T16:47:44+00:00","dateModified":"2025-10-17T19:52:32+00:00","description":"M\u00e1s que una simple guitarra, esta Les Paul Custom de 1974 revolucion\u00f3 la m\u00fasica y transgredi\u00f3 los c\u00f3digos pol\u00edticos y sociales.","breadcrumb":{"@id":"https:\/\/www.matts-guitar-shop.com\/es\/produit\/la-gibson-les-paul-custom-blanca-de-1974-de-steve-jones-usada-con-los-sex-pistols\/#breadcrumb"},"inLanguage":"es","potentialAction":[{"@type":"ReadAction","target":["https:\/\/www.matts-guitar-shop.com\/es\/produit\/la-gibson-les-paul-custom-blanca-de-1974-de-steve-jones-usada-con-los-sex-pistols\/"]}]},{"@type":"ImageObject","inLanguage":"es","@id":"https:\/\/www.matts-guitar-shop.com\/es\/produit\/la-gibson-les-paul-custom-blanca-de-1974-de-steve-jones-usada-con-los-sex-pistols\/#primaryimage","url":"https:\/\/www.matts-guitar-shop.com\/wp-content\/uploads\/2024\/12\/steve-jones-white-1974-gibson-les-paul-custom-92.jpg","contentUrl":"https:\/\/www.matts-guitar-shop.com\/wp-content\/uploads\/2024\/12\/steve-jones-white-1974-gibson-les-paul-custom-92.jpg","width":800,"height":1000},{"@type":"BreadcrumbList","@id":"https:\/\/www.matts-guitar-shop.com\/es\/produit\/la-gibson-les-paul-custom-blanca-de-1974-de-steve-jones-usada-con-los-sex-pistols\/#breadcrumb","itemListElement":[{"@type":"ListItem","position":1,"name":"Inicio","item":"https:\/\/www.matts-guitar-shop.com\/es\/"},{"@type":"ListItem","position":2,"name":"Tienda","item":"https:\/\/www.matts-guitar-shop.com\/es\/tienda\/"},{"@type":"ListItem","position":3,"name":"La Gibson Les Paul Custom blanca de 1974 de Steve Jones usada con los Sex Pistols"}]},{"@type":"WebSite","@id":"https:\/\/www.matts-guitar-shop.com\/es\/#website","url":"https:\/\/www.matts-guitar-shop.com\/es\/","name":"matts-guitar-shop.com","description":"Guitar Shop","publisher":{"@id":"https:\/\/www.matts-guitar-shop.com\/es\/#organization"},"potentialAction":[{"@type":"SearchAction","target":{"@type":"EntryPoint","urlTemplate":"https:\/\/www.matts-guitar-shop.com\/es\/?s={search_term_string}"},"query-input":{"@type":"PropertyValueSpecification","valueRequired":true,"valueName":"search_term_string"}}],"inLanguage":"es"},{"@type":"Organization","@id":"https:\/\/www.matts-guitar-shop.com\/es\/#organization","name":"matts-guitar-shop.com","url":"https:\/\/www.matts-guitar-shop.com\/es\/","logo":{"@type":"ImageObject","inLanguage":"es","@id":"https:\/\/www.matts-guitar-shop.com\/es\/#\/schema\/logo\/image\/","url":"https:\/\/www.matts-guitar-shop.com\/wp-content\/uploads\/2024\/09\/MGS-logo-site-02.png","contentUrl":"https:\/\/www.matts-guitar-shop.com\/wp-content\/uploads\/2024\/09\/MGS-logo-site-02.png","width":200,"height":122,"caption":"matts-guitar-shop.com"},"image":{"@id":"https:\/\/www.matts-guitar-shop.com\/es\/#\/schema\/logo\/image\/"},"sameAs":["https:\/\/www.facebook.com\/profile.php?id=100044359842817","https:\/\/www.instagram.com\/mattsguitarshop\/","https:\/\/www.youtube.com\/@MattLucasMan\/videos"]}]}},"_links":{"self":[{"href":"https:\/\/www.matts-guitar-shop.com\/es\/wp-json\/wp\/v2\/product\/17871","targetHints":{"allow":["GET"]}}],"collection":[{"href":"https:\/\/www.matts-guitar-shop.com\/es\/wp-json\/wp\/v2\/product"}],"about":[{"href":"https:\/\/www.matts-guitar-shop.com\/es\/wp-json\/wp\/v2\/types\/product"}],"replies":[{"embeddable":true,"href":"https:\/\/www.matts-guitar-shop.com\/es\/wp-json\/wp\/v2\/comments?post=17871"}],"wp:featuredmedia":[{"embeddable":true,"href":"https:\/\/www.matts-guitar-shop.com\/es\/wp-json\/wp\/v2\/media\/17872"}],"wp:attachment":[{"href":"https:\/\/www.matts-guitar-shop.com\/es\/wp-json\/wp\/v2\/media?parent=17871"}],"wp:term":[{"taxonomy":"product_brand","embeddable":true,"href":"https:\/\/www.matts-guitar-shop.com\/es\/wp-json\/wp\/v2\/product_brand?post=17871"},{"taxonomy":"product_cat","embeddable":true,"href":"https:\/\/www.matts-guitar-shop.com\/es\/wp-json\/wp\/v2\/product_cat?post=17871"},{"taxonomy":"product_tag","embeddable":true,"href":"https:\/\/www.matts-guitar-shop.com\/es\/wp-json\/wp\/v2\/product_tag?post=17871"}],"curies":[{"name":"wp","href":"https:\/\/api.w.org\/{rel}","templated":true}]}}