{"id":17861,"date":"2024-12-17T01:54:39","date_gmt":"2024-12-17T00:54:39","guid":{"rendered":"https:\/\/www.matts-guitar-shop.com\/produit\/gibson-les-paul-goldtop-1957-the-trench\/"},"modified":"2025-10-17T21:22:45","modified_gmt":"2025-10-17T19:22:45","slug":"gibson-les-paul-goldtop-1957-the-trench","status":"publish","type":"product","link":"https:\/\/www.matts-guitar-shop.com\/es\/produit\/gibson-les-paul-goldtop-1957-the-trench\/","title":{"rendered":"Gibson Les Paul Goldtop 1957 \u00ab The Trench \u00bb"},"content":{"rendered":"<p>Gibson Les Paul Goldtop 1957 \u00ab The Trench \u00bb<\/p>\n","protected":false},"excerpt":{"rendered":"<p>Tan cautivadora como fascinante, la <b>Les Paul Goldtop<\/b> ha conservado a lo largo del tiempo todo su poder de atracci\u00f3n. Forma parte de esos mitos de la guitarra el\u00e9ctrica, de esos colores impresionantes que remiten a una \u00e9poca, la de los comienzos de la guitarra el\u00e9ctrica y cuya calidad a\u00fan hoy es envidiada. Las Goldtops son los primeros modelos de Les Paul, producidas desde 1952 hasta 1957 antes de la llegada del no menos legendario \u2018sunburst\u2019.<\/p>\n<p>En esta genealog\u00eda, el a\u00f1o 1957 es muy especial. Corresponde a la llegada de los famosos pastillas humbuckers \u2018P.A.F.\u2019 que hicieron toda la leyenda de Gibson. Muchos h\u00e9roes de la guitarra se han apropiado de la Goldtop para inscribirla mejor en la historia del rock.<\/p>\n<p>Esta Gibson Les Paul Goldtop de 1957, completamente original, es una pieza de colecci\u00f3n realmente fuera de lo com\u00fan. Su elegante acabado dorado se complementa y contrasta con sus pl\u00e1sticos negros, que solo se encuentran en las guitarras de principios de 1957. Esta delicada combinaci\u00f3n de negro y dorado es tan m\u00e1gica como rar\u00edsima. Finalmente, hereda el sobrenombre de <b>\u00abThe Trench\u00bb<\/b> debido a su sorprendente marca en el puente, que la hace tan \u00fanica como reconocible entre todas.<\/p>\n<p>Una guitarra con un sonido a la altura de su belleza\u2026 \u00a1The Trench!<\/p>\n","protected":false},"featured_media":17862,"comment_status":"open","ping_status":"closed","template":"","meta":{"_et_pb_use_builder":"","_et_pb_old_content":"","_et_gb_content_width":""},"product_brand":[],"product_cat":[654,658],"product_tag":[],"class_list":{"0":"post-17861","1":"product","2":"type-product","3":"status-publish","4":"has-post-thumbnail","6":"product_cat-vendidos","7":"product_cat-guitarras-iconicas","8":"pa_disponibilite-vendido","9":"pa_marque-gibson-es","11":"first","12":"outofstock","13":"shipping-taxable","14":"product-type-simple"},"yoast_head":"<!-- This site is optimized with the Yoast SEO plugin v26.8 - https:\/\/yoast.com\/product\/yoast-seo-wordpress\/ -->\n<title>Gibson Les Paul Goldtop 1957 \u00ab The Trench \u00bb - Matt&#039;s Guitar Shop<\/title>\n<meta name=\"description\" content=\"Gibson Les Paul Goldtop 1957 \u2013 &quot;The Trench&quot;. Un Goldtop excepcional, guitarra rara de estilo vintage cl\u00e1sico, pieza de colecci\u00f3n prestigiosa en Matts Guitar Shop.\" \/>\n<meta name=\"robots\" content=\"index, follow, max-snippet:-1, max-image-preview:large, max-video-preview:-1\" \/>\n<link rel=\"canonical\" href=\"https:\/\/www.matts-guitar-shop.com\/es\/produit\/gibson-les-paul-goldtop-1957-the-trench\/\" \/>\n<meta property=\"og:locale\" content=\"es_ES\" \/>\n<meta property=\"og:type\" content=\"article\" \/>\n<meta property=\"og:title\" content=\"Gibson Les Paul Goldtop 1957 \u00ab The Trench \u00bb - Matt&#039;s Guitar Shop\" \/>\n<meta property=\"og:description\" content=\"Gibson Les Paul Goldtop 1957 \u2013 &quot;The Trench&quot;. Un Goldtop excepcional, guitarra rara de estilo vintage cl\u00e1sico, pieza de colecci\u00f3n prestigiosa en Matts Guitar Shop.\" \/>\n<meta property=\"og:url\" content=\"https:\/\/www.matts-guitar-shop.com\/es\/produit\/gibson-les-paul-goldtop-1957-the-trench\/\" \/>\n<meta property=\"og:site_name\" content=\"Matt&#039;s Guitar Shop\" \/>\n<meta property=\"article:publisher\" content=\"https:\/\/www.facebook.com\/profile.php?id=100044359842817\" \/>\n<meta property=\"article:modified_time\" content=\"2025-10-17T19:22:45+00:00\" \/>\n<meta property=\"og:image\" content=\"https:\/\/www.matts-guitar-shop.com\/wp-content\/uploads\/2024\/12\/1957-gibson-les-paul-goldtop-the-trench-01.jpg\" \/>\n\t<meta property=\"og:image:width\" content=\"800\" \/>\n\t<meta property=\"og:image:height\" content=\"1000\" \/>\n\t<meta property=\"og:image:type\" content=\"image\/jpeg\" \/>\n<meta name=\"twitter:card\" content=\"summary_large_image\" \/>\n<script type=\"application\/ld+json\" class=\"yoast-schema-graph\">{\"@context\":\"https:\/\/schema.org\",\"@graph\":[{\"@type\":\"WebPage\",\"@id\":\"https:\/\/www.matts-guitar-shop.com\/es\/produit\/gibson-les-paul-goldtop-1957-the-trench\/\",\"url\":\"https:\/\/www.matts-guitar-shop.com\/es\/produit\/gibson-les-paul-goldtop-1957-the-trench\/\",\"name\":\"Gibson Les Paul Goldtop 1957 \u00ab The Trench \u00bb - Matt&#039;s Guitar Shop\",\"isPartOf\":{\"@id\":\"https:\/\/www.matts-guitar-shop.com\/es\/#website\"},\"primaryImageOfPage\":{\"@id\":\"https:\/\/www.matts-guitar-shop.com\/es\/produit\/gibson-les-paul-goldtop-1957-the-trench\/#primaryimage\"},\"image\":{\"@id\":\"https:\/\/www.matts-guitar-shop.com\/es\/produit\/gibson-les-paul-goldtop-1957-the-trench\/#primaryimage\"},\"thumbnailUrl\":\"https:\/\/www.matts-guitar-shop.com\/wp-content\/uploads\/2024\/12\/1957-gibson-les-paul-goldtop-the-trench-01.jpg\",\"datePublished\":\"2024-12-17T00:54:39+00:00\",\"dateModified\":\"2025-10-17T19:22:45+00:00\",\"description\":\"Gibson Les Paul Goldtop 1957 \u2013 \\\"The Trench\\\". Un Goldtop excepcional, guitarra rara de estilo vintage cl\u00e1sico, pieza de colecci\u00f3n prestigiosa en Matts Guitar Shop.\",\"breadcrumb\":{\"@id\":\"https:\/\/www.matts-guitar-shop.com\/es\/produit\/gibson-les-paul-goldtop-1957-the-trench\/#breadcrumb\"},\"inLanguage\":\"es\",\"potentialAction\":[{\"@type\":\"ReadAction\",\"target\":[\"https:\/\/www.matts-guitar-shop.com\/es\/produit\/gibson-les-paul-goldtop-1957-the-trench\/\"]}]},{\"@type\":\"ImageObject\",\"inLanguage\":\"es\",\"@id\":\"https:\/\/www.matts-guitar-shop.com\/es\/produit\/gibson-les-paul-goldtop-1957-the-trench\/#primaryimage\",\"url\":\"https:\/\/www.matts-guitar-shop.com\/wp-content\/uploads\/2024\/12\/1957-gibson-les-paul-goldtop-the-trench-01.jpg\",\"contentUrl\":\"https:\/\/www.matts-guitar-shop.com\/wp-content\/uploads\/2024\/12\/1957-gibson-les-paul-goldtop-the-trench-01.jpg\",\"width\":800,\"height\":1000},{\"@type\":\"BreadcrumbList\",\"@id\":\"https:\/\/www.matts-guitar-shop.com\/es\/produit\/gibson-les-paul-goldtop-1957-the-trench\/#breadcrumb\",\"itemListElement\":[{\"@type\":\"ListItem\",\"position\":1,\"name\":\"Inicio\",\"item\":\"https:\/\/www.matts-guitar-shop.com\/es\/\"},{\"@type\":\"ListItem\",\"position\":2,\"name\":\"Tienda\",\"item\":\"https:\/\/www.matts-guitar-shop.com\/es\/tienda\/\"},{\"@type\":\"ListItem\",\"position\":3,\"name\":\"Gibson Les Paul Goldtop 1957 \u00ab The Trench \u00bb\"}]},{\"@type\":\"WebSite\",\"@id\":\"https:\/\/www.matts-guitar-shop.com\/es\/#website\",\"url\":\"https:\/\/www.matts-guitar-shop.com\/es\/\",\"name\":\"matts-guitar-shop.com\",\"description\":\"Guitar Shop\",\"publisher\":{\"@id\":\"https:\/\/www.matts-guitar-shop.com\/es\/#organization\"},\"potentialAction\":[{\"@type\":\"SearchAction\",\"target\":{\"@type\":\"EntryPoint\",\"urlTemplate\":\"https:\/\/www.matts-guitar-shop.com\/es\/?s={search_term_string}\"},\"query-input\":{\"@type\":\"PropertyValueSpecification\",\"valueRequired\":true,\"valueName\":\"search_term_string\"}}],\"inLanguage\":\"es\"},{\"@type\":\"Organization\",\"@id\":\"https:\/\/www.matts-guitar-shop.com\/es\/#organization\",\"name\":\"matts-guitar-shop.com\",\"url\":\"https:\/\/www.matts-guitar-shop.com\/es\/\",\"logo\":{\"@type\":\"ImageObject\",\"inLanguage\":\"es\",\"@id\":\"https:\/\/www.matts-guitar-shop.com\/es\/#\/schema\/logo\/image\/\",\"url\":\"https:\/\/www.matts-guitar-shop.com\/wp-content\/uploads\/2024\/09\/MGS-logo-site-02.png\",\"contentUrl\":\"https:\/\/www.matts-guitar-shop.com\/wp-content\/uploads\/2024\/09\/MGS-logo-site-02.png\",\"width\":200,\"height\":122,\"caption\":\"matts-guitar-shop.com\"},\"image\":{\"@id\":\"https:\/\/www.matts-guitar-shop.com\/es\/#\/schema\/logo\/image\/\"},\"sameAs\":[\"https:\/\/www.facebook.com\/profile.php?id=100044359842817\",\"https:\/\/www.instagram.com\/mattsguitarshop\/\",\"https:\/\/www.youtube.com\/@MattLucasMan\/videos\"]}]}<\/script>\n<!-- \/ Yoast SEO plugin. -->","yoast_head_json":{"title":"Gibson Les Paul Goldtop 1957 \u00ab The Trench \u00bb - Matt&#039;s Guitar Shop","description":"Gibson Les Paul Goldtop 1957 \u2013 \"The Trench\". Un Goldtop excepcional, guitarra rara de estilo vintage cl\u00e1sico, pieza de colecci\u00f3n prestigiosa en Matts Guitar Shop.","robots":{"index":"index","follow":"follow","max-snippet":"max-snippet:-1","max-image-preview":"max-image-preview:large","max-video-preview":"max-video-preview:-1"},"canonical":"https:\/\/www.matts-guitar-shop.com\/es\/produit\/gibson-les-paul-goldtop-1957-the-trench\/","og_locale":"es_ES","og_type":"article","og_title":"Gibson Les Paul Goldtop 1957 \u00ab The Trench \u00bb - Matt&#039;s Guitar Shop","og_description":"Gibson Les Paul Goldtop 1957 \u2013 \"The Trench\". Un Goldtop excepcional, guitarra rara de estilo vintage cl\u00e1sico, pieza de colecci\u00f3n prestigiosa en Matts Guitar Shop.","og_url":"https:\/\/www.matts-guitar-shop.com\/es\/produit\/gibson-les-paul-goldtop-1957-the-trench\/","og_site_name":"Matt&#039;s Guitar Shop","article_publisher":"https:\/\/www.facebook.com\/profile.php?id=100044359842817","article_modified_time":"2025-10-17T19:22:45+00:00","og_image":[{"width":800,"height":1000,"url":"https:\/\/www.matts-guitar-shop.com\/wp-content\/uploads\/2024\/12\/1957-gibson-les-paul-goldtop-the-trench-01.jpg","type":"image\/jpeg"}],"twitter_card":"summary_large_image","schema":{"@context":"https:\/\/schema.org","@graph":[{"@type":"WebPage","@id":"https:\/\/www.matts-guitar-shop.com\/es\/produit\/gibson-les-paul-goldtop-1957-the-trench\/","url":"https:\/\/www.matts-guitar-shop.com\/es\/produit\/gibson-les-paul-goldtop-1957-the-trench\/","name":"Gibson Les Paul Goldtop 1957 \u00ab The Trench \u00bb - Matt&#039;s Guitar Shop","isPartOf":{"@id":"https:\/\/www.matts-guitar-shop.com\/es\/#website"},"primaryImageOfPage":{"@id":"https:\/\/www.matts-guitar-shop.com\/es\/produit\/gibson-les-paul-goldtop-1957-the-trench\/#primaryimage"},"image":{"@id":"https:\/\/www.matts-guitar-shop.com\/es\/produit\/gibson-les-paul-goldtop-1957-the-trench\/#primaryimage"},"thumbnailUrl":"https:\/\/www.matts-guitar-shop.com\/wp-content\/uploads\/2024\/12\/1957-gibson-les-paul-goldtop-the-trench-01.jpg","datePublished":"2024-12-17T00:54:39+00:00","dateModified":"2025-10-17T19:22:45+00:00","description":"Gibson Les Paul Goldtop 1957 \u2013 \"The Trench\". Un Goldtop excepcional, guitarra rara de estilo vintage cl\u00e1sico, pieza de colecci\u00f3n prestigiosa en Matts Guitar Shop.","breadcrumb":{"@id":"https:\/\/www.matts-guitar-shop.com\/es\/produit\/gibson-les-paul-goldtop-1957-the-trench\/#breadcrumb"},"inLanguage":"es","potentialAction":[{"@type":"ReadAction","target":["https:\/\/www.matts-guitar-shop.com\/es\/produit\/gibson-les-paul-goldtop-1957-the-trench\/"]}]},{"@type":"ImageObject","inLanguage":"es","@id":"https:\/\/www.matts-guitar-shop.com\/es\/produit\/gibson-les-paul-goldtop-1957-the-trench\/#primaryimage","url":"https:\/\/www.matts-guitar-shop.com\/wp-content\/uploads\/2024\/12\/1957-gibson-les-paul-goldtop-the-trench-01.jpg","contentUrl":"https:\/\/www.matts-guitar-shop.com\/wp-content\/uploads\/2024\/12\/1957-gibson-les-paul-goldtop-the-trench-01.jpg","width":800,"height":1000},{"@type":"BreadcrumbList","@id":"https:\/\/www.matts-guitar-shop.com\/es\/produit\/gibson-les-paul-goldtop-1957-the-trench\/#breadcrumb","itemListElement":[{"@type":"ListItem","position":1,"name":"Inicio","item":"https:\/\/www.matts-guitar-shop.com\/es\/"},{"@type":"ListItem","position":2,"name":"Tienda","item":"https:\/\/www.matts-guitar-shop.com\/es\/tienda\/"},{"@type":"ListItem","position":3,"name":"Gibson Les Paul Goldtop 1957 \u00ab The Trench \u00bb"}]},{"@type":"WebSite","@id":"https:\/\/www.matts-guitar-shop.com\/es\/#website","url":"https:\/\/www.matts-guitar-shop.com\/es\/","name":"matts-guitar-shop.com","description":"Guitar Shop","publisher":{"@id":"https:\/\/www.matts-guitar-shop.com\/es\/#organization"},"potentialAction":[{"@type":"SearchAction","target":{"@type":"EntryPoint","urlTemplate":"https:\/\/www.matts-guitar-shop.com\/es\/?s={search_term_string}"},"query-input":{"@type":"PropertyValueSpecification","valueRequired":true,"valueName":"search_term_string"}}],"inLanguage":"es"},{"@type":"Organization","@id":"https:\/\/www.matts-guitar-shop.com\/es\/#organization","name":"matts-guitar-shop.com","url":"https:\/\/www.matts-guitar-shop.com\/es\/","logo":{"@type":"ImageObject","inLanguage":"es","@id":"https:\/\/www.matts-guitar-shop.com\/es\/#\/schema\/logo\/image\/","url":"https:\/\/www.matts-guitar-shop.com\/wp-content\/uploads\/2024\/09\/MGS-logo-site-02.png","contentUrl":"https:\/\/www.matts-guitar-shop.com\/wp-content\/uploads\/2024\/09\/MGS-logo-site-02.png","width":200,"height":122,"caption":"matts-guitar-shop.com"},"image":{"@id":"https:\/\/www.matts-guitar-shop.com\/es\/#\/schema\/logo\/image\/"},"sameAs":["https:\/\/www.facebook.com\/profile.php?id=100044359842817","https:\/\/www.instagram.com\/mattsguitarshop\/","https:\/\/www.youtube.com\/@MattLucasMan\/videos"]}]}},"_links":{"self":[{"href":"https:\/\/www.matts-guitar-shop.com\/es\/wp-json\/wp\/v2\/product\/17861","targetHints":{"allow":["GET"]}}],"collection":[{"href":"https:\/\/www.matts-guitar-shop.com\/es\/wp-json\/wp\/v2\/product"}],"about":[{"href":"https:\/\/www.matts-guitar-shop.com\/es\/wp-json\/wp\/v2\/types\/product"}],"replies":[{"embeddable":true,"href":"https:\/\/www.matts-guitar-shop.com\/es\/wp-json\/wp\/v2\/comments?post=17861"}],"wp:featuredmedia":[{"embeddable":true,"href":"https:\/\/www.matts-guitar-shop.com\/es\/wp-json\/wp\/v2\/media\/17862"}],"wp:attachment":[{"href":"https:\/\/www.matts-guitar-shop.com\/es\/wp-json\/wp\/v2\/media?parent=17861"}],"wp:term":[{"taxonomy":"product_brand","embeddable":true,"href":"https:\/\/www.matts-guitar-shop.com\/es\/wp-json\/wp\/v2\/product_brand?post=17861"},{"taxonomy":"product_cat","embeddable":true,"href":"https:\/\/www.matts-guitar-shop.com\/es\/wp-json\/wp\/v2\/product_cat?post=17861"},{"taxonomy":"product_tag","embeddable":true,"href":"https:\/\/www.matts-guitar-shop.com\/es\/wp-json\/wp\/v2\/product_tag?post=17861"}],"curies":[{"name":"wp","href":"https:\/\/api.w.org\/{rel}","templated":true}]}}