{"id":17813,"date":"2024-12-17T01:29:51","date_gmt":"2024-12-17T00:29:51","guid":{"rendered":"https:\/\/www.matts-guitar-shop.com\/produit\/la-gibson-flying-v-numero-1-de-paul-stanley-kiss\/"},"modified":"2025-11-20T19:26:54","modified_gmt":"2025-11-20T18:26:54","slug":"la-gibson-flying-v-numero-1-de-paul-stanley-kiss","status":"publish","type":"product","link":"https:\/\/www.matts-guitar-shop.com\/es\/produit\/la-gibson-flying-v-numero-1-de-paul-stanley-kiss\/","title":{"rendered":"La Gibson Flying V n\u00famero 1 de Paul Stanley (KISS)"},"content":{"rendered":"<h2>Paul Stanley \u2013 KISS, m\u00e1s que una banda. Paul Stanley, m\u00e1s que el Starchild<\/h2>\n<p>En Estados Unidos, <strong>KISS<\/strong> va mucho m\u00e1s all\u00e1 de ser una simple banda de rock: es un verdadero culto, un fen\u00f3meno cultural de proporciones descomunales. Su club de fans, la famosa <em>KISS Army<\/em>, incluso cuenta con miembros inesperados, como la exsecretaria de Estado Condoleezza Rice. Cada estadounidense tiene una an\u00e9cdota vinculada a la banda: la primera vez que escuch\u00f3 sus canciones, el d\u00eda que se maquill\u00f3 como <em>Starchild<\/em> o <em>Demon<\/em> en Halloween, o el momento en que decidi\u00f3 empezar a tocar la guitarra tras descubrirlos.<\/p>\n<p>Los miembros del grupo inventaron literalmente el concierto-espect\u00e1culo, con pirotecnia y efectos coreografiados, mientras que su sentido del merchandising sigue siendo una lecci\u00f3n para cualquier banda o manager, incluso el m\u00e1s oportunista.<\/p>\n<p>Los fundadores <strong>Gene Simmons<\/strong> (bajo\/voz) y <strong>Paul Stanley<\/strong> (guitarra r\u00edtmica\/voz) forman el coraz\u00f3n indestructible del grupo. Presentes desde el nacimiento del proyecto en 1973, todav\u00eda estaban all\u00ed en diciembre de 2023 para su show de despedida en Nueva York. Juntos, encarnan una especie de d\u00fao <strong>Lennon\/McCartney del glam rock<\/strong>, ya que sus talentos como compositores han producido una impresionante cantidad de cl\u00e1sicos. Stanley, con su voz a la vez aguda y bluesy, tiene un timbre inmediatamente reconocible. Su forma de tocar la guitarra sigue siendo simple, pero tiene lo que tantos m\u00fasicos envidian: una mano derecha hecha para el riff, capaz de mover un estadio entero. Donde <strong>Ace Frehley<\/strong> brillaba con solos llamativos, Stanley impone su presencia esc\u00e9nica y su muro de sonido.<\/p>\n<p>A lo largo de los a\u00f1os, Paul Stanley ha reunido una impresionante colecci\u00f3n de instrumentos, incluidos varios <em>bursts<\/em> que reserva para el trabajo en estudio. En el escenario, r\u00e1pidamente adapt\u00f3 guitarras a su imagen para acompa\u00f1ar su forma de actuar. Durante mucho tiempo asociado con sus <strong>Ibanez Iceman<\/strong>, casi una extensi\u00f3n de su silueta, pas\u00f3 despu\u00e9s a <strong>Washburn<\/strong> y <strong>Gibson<\/strong>, que le dise\u00f1aron excelentes modelos signature. Con acabados ic\u00f3nicos como el espejo roto o las piedras brillantes, Paul Stanley entendi\u00f3 todos los secretos de una guitarra de escenario: debe sonar, s\u00ed, pero tambi\u00e9n imponer para interactuar con el p\u00fablico.<\/p>\n","protected":false},"excerpt":{"rendered":"<p>El legado musical de <b>KISS<\/b> no se mide solo por los disfraces extravagantes y el maquillaje exc\u00e9ntrico, sino por su impresionante discograf\u00eda y sus conciertos espectaculares. Mientras la banda se despidi\u00f3 en Nueva York en diciembre de 2023, esta guitarra ocupa un lugar importante en la historia del grupo. Fue la Flying V principal de <b>Paul Stanley<\/b>, modificada por su lutier en varios puntos y tocada durante el \u00faltimo concierto de la historia de la banda en Nueva York. Desde la modificaci\u00f3n del cable jack hasta la correa de la guitarra, sin olvidar el potenci\u00f3metro modificado para mayor agarre, esta Flying V identificada por Paul como la #1 fue dise\u00f1ada para el escenario.<\/p>\n<p>Esta bonita guitarra lleva as\u00ed todas las marcas de toque del \u00abStarchild\u00bb \u2014 como tantas se\u00f1ales f\u00edsicas de su inmenso legado.<\/p>\n","protected":false},"featured_media":17814,"comment_status":"open","ping_status":"closed","template":"","meta":{"_et_pb_use_builder":"","_et_pb_old_content":"","_et_gb_content_width":""},"product_brand":[],"product_cat":[658,652,655],"product_tag":[],"class_list":{"0":"post-17813","1":"product","2":"type-product","3":"status-publish","4":"has-post-thumbnail","6":"product_cat-guitarras-iconicas","7":"product_cat-artistas","8":"product_cat-guitarras","9":"pa_artiste-paul-stanley-es","10":"pa_disponibilite-en-venta","11":"pa_marque-gibson-es","13":"first","14":"instock","15":"shipping-taxable","16":"product-type-simple"},"yoast_head":"<!-- This site is optimized with the Yoast SEO plugin v26.8 - https:\/\/yoast.com\/product\/yoast-seo-wordpress\/ -->\n<title>Guitarra KISS \u2013 Gibson Flying V Number #1 de Paul Stanley - Matt&#039;s Guitar Shop<\/title>\n<meta name=\"description\" content=\"El legado musical de KISS no se mide solo por los trajes y maquillajes exc\u00e9ntricos, sino por su impresionante discograf\u00eda. Descubre la guitarra de KISS.\" \/>\n<meta name=\"robots\" content=\"index, follow, max-snippet:-1, max-image-preview:large, max-video-preview:-1\" \/>\n<link rel=\"canonical\" href=\"https:\/\/www.matts-guitar-shop.com\/es\/produit\/la-gibson-flying-v-numero-1-de-paul-stanley-kiss\/\" \/>\n<meta property=\"og:locale\" content=\"es_ES\" \/>\n<meta property=\"og:type\" content=\"article\" \/>\n<meta property=\"og:title\" content=\"Guitarra KISS \u2013 Gibson Flying V Number #1 de Paul Stanley - Matt&#039;s Guitar Shop\" \/>\n<meta property=\"og:description\" content=\"El legado musical de KISS no se mide solo por los trajes y maquillajes exc\u00e9ntricos, sino por su impresionante discograf\u00eda. Descubre la guitarra de KISS.\" \/>\n<meta property=\"og:url\" content=\"https:\/\/www.matts-guitar-shop.com\/es\/produit\/la-gibson-flying-v-numero-1-de-paul-stanley-kiss\/\" \/>\n<meta property=\"og:site_name\" content=\"Matt&#039;s Guitar Shop\" \/>\n<meta property=\"article:publisher\" content=\"https:\/\/www.facebook.com\/profile.php?id=100044359842817\" \/>\n<meta property=\"article:modified_time\" content=\"2025-11-20T18:26:54+00:00\" \/>\n<meta property=\"og:image\" content=\"https:\/\/www.matts-guitar-shop.com\/wp-content\/uploads\/2024\/12\/gibson-flying-v-ex-paul-stanley-kiss-number-1-03.jpg\" \/>\n\t<meta property=\"og:image:width\" content=\"800\" \/>\n\t<meta property=\"og:image:height\" content=\"1200\" \/>\n\t<meta property=\"og:image:type\" content=\"image\/jpeg\" \/>\n<meta name=\"twitter:card\" content=\"summary_large_image\" \/>\n<meta name=\"twitter:label1\" content=\"Tiempo de lectura\" \/>\n\t<meta name=\"twitter:data1\" content=\"2 minutos\" \/>\n<script type=\"application\/ld+json\" class=\"yoast-schema-graph\">{\"@context\":\"https:\/\/schema.org\",\"@graph\":[{\"@type\":\"WebPage\",\"@id\":\"https:\/\/www.matts-guitar-shop.com\/es\/produit\/la-gibson-flying-v-numero-1-de-paul-stanley-kiss\/\",\"url\":\"https:\/\/www.matts-guitar-shop.com\/es\/produit\/la-gibson-flying-v-numero-1-de-paul-stanley-kiss\/\",\"name\":\"Guitarra KISS \u2013 Gibson Flying V Number #1 de Paul Stanley - Matt&#039;s Guitar Shop\",\"isPartOf\":{\"@id\":\"https:\/\/www.matts-guitar-shop.com\/es\/#website\"},\"primaryImageOfPage\":{\"@id\":\"https:\/\/www.matts-guitar-shop.com\/es\/produit\/la-gibson-flying-v-numero-1-de-paul-stanley-kiss\/#primaryimage\"},\"image\":{\"@id\":\"https:\/\/www.matts-guitar-shop.com\/es\/produit\/la-gibson-flying-v-numero-1-de-paul-stanley-kiss\/#primaryimage\"},\"thumbnailUrl\":\"https:\/\/www.matts-guitar-shop.com\/wp-content\/uploads\/2024\/12\/gibson-flying-v-ex-paul-stanley-kiss-number-1-03.jpg\",\"datePublished\":\"2024-12-17T00:29:51+00:00\",\"dateModified\":\"2025-11-20T18:26:54+00:00\",\"description\":\"El legado musical de KISS no se mide solo por los trajes y maquillajes exc\u00e9ntricos, sino por su impresionante discograf\u00eda. Descubre la guitarra de KISS.\",\"breadcrumb\":{\"@id\":\"https:\/\/www.matts-guitar-shop.com\/es\/produit\/la-gibson-flying-v-numero-1-de-paul-stanley-kiss\/#breadcrumb\"},\"inLanguage\":\"es\",\"potentialAction\":[{\"@type\":\"ReadAction\",\"target\":[\"https:\/\/www.matts-guitar-shop.com\/es\/produit\/la-gibson-flying-v-numero-1-de-paul-stanley-kiss\/\"]}]},{\"@type\":\"ImageObject\",\"inLanguage\":\"es\",\"@id\":\"https:\/\/www.matts-guitar-shop.com\/es\/produit\/la-gibson-flying-v-numero-1-de-paul-stanley-kiss\/#primaryimage\",\"url\":\"https:\/\/www.matts-guitar-shop.com\/wp-content\/uploads\/2024\/12\/gibson-flying-v-ex-paul-stanley-kiss-number-1-03.jpg\",\"contentUrl\":\"https:\/\/www.matts-guitar-shop.com\/wp-content\/uploads\/2024\/12\/gibson-flying-v-ex-paul-stanley-kiss-number-1-03.jpg\",\"width\":800,\"height\":1200,\"caption\":\"Paul Stanley\u2019s Gibson Flying V Number 1\"},{\"@type\":\"BreadcrumbList\",\"@id\":\"https:\/\/www.matts-guitar-shop.com\/es\/produit\/la-gibson-flying-v-numero-1-de-paul-stanley-kiss\/#breadcrumb\",\"itemListElement\":[{\"@type\":\"ListItem\",\"position\":1,\"name\":\"Inicio\",\"item\":\"https:\/\/www.matts-guitar-shop.com\/es\/\"},{\"@type\":\"ListItem\",\"position\":2,\"name\":\"Tienda\",\"item\":\"https:\/\/www.matts-guitar-shop.com\/es\/tienda\/\"},{\"@type\":\"ListItem\",\"position\":3,\"name\":\"La Gibson Flying V n\u00famero 1 de Paul Stanley (KISS)\"}]},{\"@type\":\"WebSite\",\"@id\":\"https:\/\/www.matts-guitar-shop.com\/es\/#website\",\"url\":\"https:\/\/www.matts-guitar-shop.com\/es\/\",\"name\":\"matts-guitar-shop.com\",\"description\":\"Guitar Shop\",\"publisher\":{\"@id\":\"https:\/\/www.matts-guitar-shop.com\/es\/#organization\"},\"potentialAction\":[{\"@type\":\"SearchAction\",\"target\":{\"@type\":\"EntryPoint\",\"urlTemplate\":\"https:\/\/www.matts-guitar-shop.com\/es\/?s={search_term_string}\"},\"query-input\":{\"@type\":\"PropertyValueSpecification\",\"valueRequired\":true,\"valueName\":\"search_term_string\"}}],\"inLanguage\":\"es\"},{\"@type\":\"Organization\",\"@id\":\"https:\/\/www.matts-guitar-shop.com\/es\/#organization\",\"name\":\"matts-guitar-shop.com\",\"url\":\"https:\/\/www.matts-guitar-shop.com\/es\/\",\"logo\":{\"@type\":\"ImageObject\",\"inLanguage\":\"es\",\"@id\":\"https:\/\/www.matts-guitar-shop.com\/es\/#\/schema\/logo\/image\/\",\"url\":\"https:\/\/www.matts-guitar-shop.com\/wp-content\/uploads\/2024\/09\/MGS-logo-site-02.png\",\"contentUrl\":\"https:\/\/www.matts-guitar-shop.com\/wp-content\/uploads\/2024\/09\/MGS-logo-site-02.png\",\"width\":200,\"height\":122,\"caption\":\"matts-guitar-shop.com\"},\"image\":{\"@id\":\"https:\/\/www.matts-guitar-shop.com\/es\/#\/schema\/logo\/image\/\"},\"sameAs\":[\"https:\/\/www.facebook.com\/profile.php?id=100044359842817\",\"https:\/\/www.instagram.com\/mattsguitarshop\/\",\"https:\/\/www.youtube.com\/@MattLucasMan\/videos\"]}]}<\/script>\n<!-- \/ Yoast SEO plugin. -->","yoast_head_json":{"title":"Guitarra KISS \u2013 Gibson Flying V Number #1 de Paul Stanley - Matt&#039;s Guitar Shop","description":"El legado musical de KISS no se mide solo por los trajes y maquillajes exc\u00e9ntricos, sino por su impresionante discograf\u00eda. Descubre la guitarra de KISS.","robots":{"index":"index","follow":"follow","max-snippet":"max-snippet:-1","max-image-preview":"max-image-preview:large","max-video-preview":"max-video-preview:-1"},"canonical":"https:\/\/www.matts-guitar-shop.com\/es\/produit\/la-gibson-flying-v-numero-1-de-paul-stanley-kiss\/","og_locale":"es_ES","og_type":"article","og_title":"Guitarra KISS \u2013 Gibson Flying V Number #1 de Paul Stanley - Matt&#039;s Guitar Shop","og_description":"El legado musical de KISS no se mide solo por los trajes y maquillajes exc\u00e9ntricos, sino por su impresionante discograf\u00eda. Descubre la guitarra de KISS.","og_url":"https:\/\/www.matts-guitar-shop.com\/es\/produit\/la-gibson-flying-v-numero-1-de-paul-stanley-kiss\/","og_site_name":"Matt&#039;s Guitar Shop","article_publisher":"https:\/\/www.facebook.com\/profile.php?id=100044359842817","article_modified_time":"2025-11-20T18:26:54+00:00","og_image":[{"width":800,"height":1200,"url":"https:\/\/www.matts-guitar-shop.com\/wp-content\/uploads\/2024\/12\/gibson-flying-v-ex-paul-stanley-kiss-number-1-03.jpg","type":"image\/jpeg"}],"twitter_card":"summary_large_image","twitter_misc":{"Tiempo de lectura":"2 minutos"},"schema":{"@context":"https:\/\/schema.org","@graph":[{"@type":"WebPage","@id":"https:\/\/www.matts-guitar-shop.com\/es\/produit\/la-gibson-flying-v-numero-1-de-paul-stanley-kiss\/","url":"https:\/\/www.matts-guitar-shop.com\/es\/produit\/la-gibson-flying-v-numero-1-de-paul-stanley-kiss\/","name":"Guitarra KISS \u2013 Gibson Flying V Number #1 de Paul Stanley - Matt&#039;s Guitar Shop","isPartOf":{"@id":"https:\/\/www.matts-guitar-shop.com\/es\/#website"},"primaryImageOfPage":{"@id":"https:\/\/www.matts-guitar-shop.com\/es\/produit\/la-gibson-flying-v-numero-1-de-paul-stanley-kiss\/#primaryimage"},"image":{"@id":"https:\/\/www.matts-guitar-shop.com\/es\/produit\/la-gibson-flying-v-numero-1-de-paul-stanley-kiss\/#primaryimage"},"thumbnailUrl":"https:\/\/www.matts-guitar-shop.com\/wp-content\/uploads\/2024\/12\/gibson-flying-v-ex-paul-stanley-kiss-number-1-03.jpg","datePublished":"2024-12-17T00:29:51+00:00","dateModified":"2025-11-20T18:26:54+00:00","description":"El legado musical de KISS no se mide solo por los trajes y maquillajes exc\u00e9ntricos, sino por su impresionante discograf\u00eda. Descubre la guitarra de KISS.","breadcrumb":{"@id":"https:\/\/www.matts-guitar-shop.com\/es\/produit\/la-gibson-flying-v-numero-1-de-paul-stanley-kiss\/#breadcrumb"},"inLanguage":"es","potentialAction":[{"@type":"ReadAction","target":["https:\/\/www.matts-guitar-shop.com\/es\/produit\/la-gibson-flying-v-numero-1-de-paul-stanley-kiss\/"]}]},{"@type":"ImageObject","inLanguage":"es","@id":"https:\/\/www.matts-guitar-shop.com\/es\/produit\/la-gibson-flying-v-numero-1-de-paul-stanley-kiss\/#primaryimage","url":"https:\/\/www.matts-guitar-shop.com\/wp-content\/uploads\/2024\/12\/gibson-flying-v-ex-paul-stanley-kiss-number-1-03.jpg","contentUrl":"https:\/\/www.matts-guitar-shop.com\/wp-content\/uploads\/2024\/12\/gibson-flying-v-ex-paul-stanley-kiss-number-1-03.jpg","width":800,"height":1200,"caption":"Paul Stanley\u2019s Gibson Flying V Number 1"},{"@type":"BreadcrumbList","@id":"https:\/\/www.matts-guitar-shop.com\/es\/produit\/la-gibson-flying-v-numero-1-de-paul-stanley-kiss\/#breadcrumb","itemListElement":[{"@type":"ListItem","position":1,"name":"Inicio","item":"https:\/\/www.matts-guitar-shop.com\/es\/"},{"@type":"ListItem","position":2,"name":"Tienda","item":"https:\/\/www.matts-guitar-shop.com\/es\/tienda\/"},{"@type":"ListItem","position":3,"name":"La Gibson Flying V n\u00famero 1 de Paul Stanley (KISS)"}]},{"@type":"WebSite","@id":"https:\/\/www.matts-guitar-shop.com\/es\/#website","url":"https:\/\/www.matts-guitar-shop.com\/es\/","name":"matts-guitar-shop.com","description":"Guitar Shop","publisher":{"@id":"https:\/\/www.matts-guitar-shop.com\/es\/#organization"},"potentialAction":[{"@type":"SearchAction","target":{"@type":"EntryPoint","urlTemplate":"https:\/\/www.matts-guitar-shop.com\/es\/?s={search_term_string}"},"query-input":{"@type":"PropertyValueSpecification","valueRequired":true,"valueName":"search_term_string"}}],"inLanguage":"es"},{"@type":"Organization","@id":"https:\/\/www.matts-guitar-shop.com\/es\/#organization","name":"matts-guitar-shop.com","url":"https:\/\/www.matts-guitar-shop.com\/es\/","logo":{"@type":"ImageObject","inLanguage":"es","@id":"https:\/\/www.matts-guitar-shop.com\/es\/#\/schema\/logo\/image\/","url":"https:\/\/www.matts-guitar-shop.com\/wp-content\/uploads\/2024\/09\/MGS-logo-site-02.png","contentUrl":"https:\/\/www.matts-guitar-shop.com\/wp-content\/uploads\/2024\/09\/MGS-logo-site-02.png","width":200,"height":122,"caption":"matts-guitar-shop.com"},"image":{"@id":"https:\/\/www.matts-guitar-shop.com\/es\/#\/schema\/logo\/image\/"},"sameAs":["https:\/\/www.facebook.com\/profile.php?id=100044359842817","https:\/\/www.instagram.com\/mattsguitarshop\/","https:\/\/www.youtube.com\/@MattLucasMan\/videos"]}]}},"_links":{"self":[{"href":"https:\/\/www.matts-guitar-shop.com\/es\/wp-json\/wp\/v2\/product\/17813","targetHints":{"allow":["GET"]}}],"collection":[{"href":"https:\/\/www.matts-guitar-shop.com\/es\/wp-json\/wp\/v2\/product"}],"about":[{"href":"https:\/\/www.matts-guitar-shop.com\/es\/wp-json\/wp\/v2\/types\/product"}],"replies":[{"embeddable":true,"href":"https:\/\/www.matts-guitar-shop.com\/es\/wp-json\/wp\/v2\/comments?post=17813"}],"wp:featuredmedia":[{"embeddable":true,"href":"https:\/\/www.matts-guitar-shop.com\/es\/wp-json\/wp\/v2\/media\/17814"}],"wp:attachment":[{"href":"https:\/\/www.matts-guitar-shop.com\/es\/wp-json\/wp\/v2\/media?parent=17813"}],"wp:term":[{"taxonomy":"product_brand","embeddable":true,"href":"https:\/\/www.matts-guitar-shop.com\/es\/wp-json\/wp\/v2\/product_brand?post=17813"},{"taxonomy":"product_cat","embeddable":true,"href":"https:\/\/www.matts-guitar-shop.com\/es\/wp-json\/wp\/v2\/product_cat?post=17813"},{"taxonomy":"product_tag","embeddable":true,"href":"https:\/\/www.matts-guitar-shop.com\/es\/wp-json\/wp\/v2\/product_tag?post=17813"}],"curies":[{"name":"wp","href":"https:\/\/api.w.org\/{rel}","templated":true}]}}