{"id":17802,"date":"2024-12-17T01:15:27","date_gmt":"2024-12-17T00:15:27","guid":{"rendered":"https:\/\/www.matts-guitar-shop.com\/produit\/joe-perrys-gibson-les-paul-special-tribute-aerosmith\/"},"modified":"2026-01-12T19:17:46","modified_gmt":"2026-01-12T18:17:46","slug":"joe-perrys-gibson-les-paul-special-tribute-aerosmith","status":"publish","type":"product","link":"https:\/\/www.matts-guitar-shop.com\/es\/produit\/joe-perrys-gibson-les-paul-special-tribute-aerosmith\/","title":{"rendered":"Joe Perry\u2019s Gibson Les Paul Special Tribute &#8211; Aerosmith"},"content":{"rendered":"<h2>Biograf\u00eda de Joe Perry: El \u00abToxic Twin\u00bb de Aerosmith<\/h2>\n<h3>El Axeman y el Sonido del Hard Rock Americano<\/h3>\n<p><b>Joe Perry<\/b> es una figura esencial del <b>Hard Rock Americano<\/b>, cofundador y guitarrista principal de la legendaria banda <b>Aerosmith<\/b>. Clasificado entre los mayores <b>guitarristas<\/b> de todos los tiempos por <i>Rolling Stone<\/i>, es venerado por su enfoque instintivo y su potente t\u00e9cnica. Su estilo es una mezcla \u00fanica de <b>riffs de heavy-rock<\/b> incisivos, un feeling bluesy y ritmos funky. Apodado \u00ab<b>The Axeman<\/b>\u00ab, su forma de tocar no solo defini\u00f3 la identidad sonora de <b>Aerosmith<\/b>, sino que tambi\u00e9n inspir\u00f3 a generaciones de <b>m\u00fasicos<\/b>.<\/p>\n<h3>La Gibson Les Paul: Su Instrumento Favorito<\/h3>\n<p>La historia de <b>Joe Perry<\/b> est\u00e1 \u00edntimamente ligada a la <b>Gibson Les Paul<\/b>. Estas <b>guitarras<\/b>, especialmente los <b>modelos vintage Burst<\/b> de finales de los a\u00f1os 50 y principios de los 60, han sido sus <b>instrumentos<\/b> preferidos durante toda su carrera, tanto para grabaciones importantes como para giras mundiales. Su pasi\u00f3n por las <b>Les Pauls<\/b>, que colecciona con entusiasmo, refleja su b\u00fasqueda constante del <b>sonido rock perfecto<\/b>: c\u00e1lido, lleno y de potencia legendaria.<\/p>\n<h3>Aerosmith y los A\u00f1os Dorados (1970-1979)<\/h3>\n<p>Formado en 1970 con Steven Tyler, Tom Hamilton, Joey Kramer y Brad Whitford, <b>Aerosmith<\/b> conquist\u00f3 r\u00e1pidamente el mundo con \u00e1lbumes de culto como <b><i>Toys in the Attic<\/i><\/b> (1975) y <b><i>Rocks<\/i><\/b> (1976). El d\u00fao Perry\/Tyler, apodado los \u00ab<b>Toxic Twins<\/b>\u00ab, se convirti\u00f3 en la encarnaci\u00f3n misma del exceso y \u00e9xito del rock&#8217;n&#8217;roll. A pesar de una separaci\u00f3n destacada en 1979, cuando <b>Perry<\/b> form\u00f3 el Joe Perry Project, su influencia en el sonido de Aerosmith de los a\u00f1os 70 sigue siendo fundamental.<\/p>\n<h3>Renacimiento y Legado Duradero<\/h3>\n<p>La reuni\u00f3n de la formaci\u00f3n original en 1984 marc\u00f3 el inicio de una segunda edad dorada para la banda, consolidada por el enorme \u00e9xito de la colaboraci\u00f3n con Run-DMC en el remix de \u00ab<b>Walk This Way<\/b>\u00ab. La carrera de <b>Joe Perry<\/b> es un modelo de perseverancia y \u00e9xito duradero. Como \u00e9l mismo declar\u00f3, destacando la qu\u00edmica \u00fanica de la banda: \u00abCreo que una de las cosas m\u00e1s valiosas que tiene <b>Aerosmith<\/b> es la energ\u00eda que generamos cuando todos tocamos juntos.\u00bb<\/p>\n<p>Desde su famosa <b>Gibson Les Paul &#8217;59<\/b> (recuperada despu\u00e9s de a\u00f1os) hasta sus <b>modelos signature<\/b>, cada <b>instrumento<\/b> asociado a <b>Joe Perry<\/b> es una pieza de historia. Encapsula el alma cruda e ind\u00f3mita del <b>rock estadounidense<\/b>, convirtiendo sus <b>guitarras <\/b><\/p>\n","protected":false},"excerpt":{"rendered":"<p>Mientras <b>Aerosmith<\/b> acaba de poner fin a su carrera tras m\u00e1s de cincuenta a\u00f1os de un recorrido rico e impresionante, sus miembros han adquirido a\u00fan m\u00e1s el estatus de leyendas del rock y sus instrumentos se han convertido en reliquias codiciadas. Entre ellas, esta guitarra es un instrumento muy particular.<\/p>\n<p>Como guitarrista experto, <b>Joe Perry<\/b> ha formado una colecci\u00f3n amplia y completa de guitarras a lo largo de los a\u00f1os. Habiendo elegido en varias ocasiones modelos Gibson, las Les Paul forman parte integral del repertorio de conciertos de Perry durante d\u00e9cadas, tanto con Aerosmith como en solitario. Esta Gibson Les Paul Junior Special Double Cut de 2019 es un ejemplar muy especial: fue utilizada por Joe Perry en el escenario <b>durante el concierto aniversario de los 50 a\u00f1os de Aerosmith<\/b> en Boston en septiembre de 2022, antes de ser firmada en el cuerpo. Es una edici\u00f3n especial que muestra el logo alado de Joe Perry en la pala del instrumento.<\/p>\n<p>La historia de Aerosmith est\u00e1 marcada por el fuerte apego del grupo a su ciudad natal, Boston. Despu\u00e9s de 50 a\u00f1os de \u00e9xito y \u00e9xitos, era fundamental para la banda regresar a celebrar su longevidad y su carrera excepcional en Fenway Park, 50 a\u00f1os despu\u00e9s de sus inicios. En el tema emblem\u00e1tico <i>\u00abLove in an Elevator\u00bb<\/i>, Joe Perry tom\u00f3 esta Les Paul JR Special DC en cherry red para acompa\u00f1ar a la banda. \u00a1Es esta guitarra excepcional la que hizo vibrar el estadio de Boston en esta fecha hist\u00f3rica del 50 aniversario de Aerosmith!<\/p>\n<p>Ad\u00e9ntrate en el legendario mundo de Matt\u2019s Guitar Shop, la <strong><a href=\"https:\/\/www.matts-guitar-shop.com\/es\/\">tienda de guitarras en Par\u00eds<\/a><\/strong>, y descubre piezas \u00fanicas como la <strong><a href=\"https:\/\/www.matts-guitar-shop.com\/es\/produit\/gibson-les-paul-standard-1974-de-randy-rhoads\/\" target=\"_new\" rel=\"noopener\">Guitarra de Randy Rhoads<\/a><\/strong>, la ic\u00f3nica <strong><a href=\"https:\/\/www.matts-guitar-shop.com\/es\/produit\/gibson-melody-maker-de-rory-gallagher-1960\/\" target=\"_new\" rel=\"noopener\">Guitarra de Rory Gallagher<\/a><\/strong>, el <strong><a href=\"https:\/\/www.matts-guitar-shop.com\/es\/produit\/music-man-stingray-1976-de-cliff-williams\/\" target=\"_new\" rel=\"noopener\">Bajo de Cliff Williams<\/a><\/strong>, la <strong><a href=\"https:\/\/www.matts-guitar-shop.com\/es\/produit\/lorenzi-john-frusciante-tribute\/\" target=\"_new\" rel=\"noopener\">Guitarra de John Frusciante<\/a><\/strong>, la <strong><a href=\"https:\/\/www.matts-guitar-shop.com\/es\/produit\/la-gibson-flying-v-numero-1-de-paul-stanley-kiss\/\" target=\"_new\" rel=\"noopener\">Guitarra de KISS<\/a><\/strong>, el <strong><a href=\"https:\/\/www.matts-guitar-shop.com\/es\/produit\/bajo-de-gene-simmons-pintado-a-mano-por-el-propio-gene\/\" target=\"_new\" rel=\"noopener\">Bajo de Gene Simmons<\/a><\/strong> o la legendaria <strong><a href=\"https:\/\/www.matts-guitar-shop.com\/es\/produit\/fender-custom-shop-telecaster-keith-richards-prototype\/\" target=\"_new\" rel=\"noopener\">Keith Richards Telecaster Guitar<\/a><\/strong>.<\/p>\n","protected":false},"featured_media":17803,"comment_status":"open","ping_status":"closed","template":"","meta":{"_et_pb_use_builder":"on","_et_pb_old_content":"","_et_gb_content_width":""},"product_brand":[],"product_cat":[654,658],"product_tag":[],"class_list":{"0":"post-17802","1":"product","2":"type-product","3":"status-publish","4":"has-post-thumbnail","6":"product_cat-vendidos","7":"product_cat-guitarras-iconicas","8":"pa_artiste-aerosmith-es","9":"pa_artiste-joe-perry-es","10":"pa_disponibilite-vendido","11":"pa_marque-gibson-es","13":"first","14":"outofstock","15":"shipping-taxable","16":"product-type-simple"},"yoast_head":"<!-- This site is optimized with the Yoast SEO plugin v26.8 - https:\/\/yoast.com\/product\/yoast-seo-wordpress\/ -->\n<title>Guitarra Aerosmith \u2013 Gibson Les Paul Special Tribute de Joe Perry - Matt&#039;s Guitar Shop<\/title>\n<meta name=\"description\" content=\"Como guitarrista experimentado, Joe Perry ha reunido a lo largo de los a\u00f1os una colecci\u00f3n extensa y completa de guitarras. Descubre la guitarra de Aerosmith.\" \/>\n<meta name=\"robots\" content=\"index, follow, max-snippet:-1, max-image-preview:large, max-video-preview:-1\" \/>\n<link rel=\"canonical\" href=\"https:\/\/www.matts-guitar-shop.com\/es\/produit\/joe-perrys-gibson-les-paul-special-tribute-aerosmith\/\" \/>\n<meta property=\"og:locale\" content=\"es_ES\" \/>\n<meta property=\"og:type\" content=\"article\" \/>\n<meta property=\"og:title\" content=\"Guitarra Aerosmith \u2013 Gibson Les Paul Special Tribute de Joe Perry - Matt&#039;s Guitar Shop\" \/>\n<meta property=\"og:description\" content=\"Como guitarrista experimentado, Joe Perry ha reunido a lo largo de los a\u00f1os una colecci\u00f3n extensa y completa de guitarras. Descubre la guitarra de Aerosmith.\" \/>\n<meta property=\"og:url\" content=\"https:\/\/www.matts-guitar-shop.com\/es\/produit\/joe-perrys-gibson-les-paul-special-tribute-aerosmith\/\" \/>\n<meta property=\"og:site_name\" content=\"Matt&#039;s Guitar Shop\" \/>\n<meta property=\"article:publisher\" content=\"https:\/\/www.facebook.com\/profile.php?id=100044359842817\" \/>\n<meta property=\"article:modified_time\" content=\"2026-01-12T18:17:46+00:00\" \/>\n<meta property=\"og:image\" content=\"https:\/\/www.matts-guitar-shop.com\/wp-content\/uploads\/2024\/12\/joe-perry-gibson-les-paul-special-tribute-aerosmith-02.jpg\" \/>\n\t<meta property=\"og:image:width\" content=\"800\" \/>\n\t<meta property=\"og:image:height\" content=\"1000\" \/>\n\t<meta property=\"og:image:type\" content=\"image\/jpeg\" \/>\n<meta name=\"twitter:card\" content=\"summary_large_image\" \/>\n<meta name=\"twitter:label1\" content=\"Tiempo de lectura\" \/>\n\t<meta name=\"twitter:data1\" content=\"2 minutos\" \/>\n<script type=\"application\/ld+json\" class=\"yoast-schema-graph\">{\"@context\":\"https:\/\/schema.org\",\"@graph\":[{\"@type\":\"WebPage\",\"@id\":\"https:\/\/www.matts-guitar-shop.com\/es\/produit\/joe-perrys-gibson-les-paul-special-tribute-aerosmith\/\",\"url\":\"https:\/\/www.matts-guitar-shop.com\/es\/produit\/joe-perrys-gibson-les-paul-special-tribute-aerosmith\/\",\"name\":\"Guitarra Aerosmith \u2013 Gibson Les Paul Special Tribute de Joe Perry - Matt&#039;s Guitar Shop\",\"isPartOf\":{\"@id\":\"https:\/\/www.matts-guitar-shop.com\/es\/#website\"},\"primaryImageOfPage\":{\"@id\":\"https:\/\/www.matts-guitar-shop.com\/es\/produit\/joe-perrys-gibson-les-paul-special-tribute-aerosmith\/#primaryimage\"},\"image\":{\"@id\":\"https:\/\/www.matts-guitar-shop.com\/es\/produit\/joe-perrys-gibson-les-paul-special-tribute-aerosmith\/#primaryimage\"},\"thumbnailUrl\":\"https:\/\/www.matts-guitar-shop.com\/wp-content\/uploads\/2024\/12\/joe-perry-gibson-les-paul-special-tribute-aerosmith-02.jpg\",\"datePublished\":\"2024-12-17T00:15:27+00:00\",\"dateModified\":\"2026-01-12T18:17:46+00:00\",\"description\":\"Como guitarrista experimentado, Joe Perry ha reunido a lo largo de los a\u00f1os una colecci\u00f3n extensa y completa de guitarras. Descubre la guitarra de Aerosmith.\",\"breadcrumb\":{\"@id\":\"https:\/\/www.matts-guitar-shop.com\/es\/produit\/joe-perrys-gibson-les-paul-special-tribute-aerosmith\/#breadcrumb\"},\"inLanguage\":\"es\",\"potentialAction\":[{\"@type\":\"ReadAction\",\"target\":[\"https:\/\/www.matts-guitar-shop.com\/es\/produit\/joe-perrys-gibson-les-paul-special-tribute-aerosmith\/\"]}]},{\"@type\":\"ImageObject\",\"inLanguage\":\"es\",\"@id\":\"https:\/\/www.matts-guitar-shop.com\/es\/produit\/joe-perrys-gibson-les-paul-special-tribute-aerosmith\/#primaryimage\",\"url\":\"https:\/\/www.matts-guitar-shop.com\/wp-content\/uploads\/2024\/12\/joe-perry-gibson-les-paul-special-tribute-aerosmith-02.jpg\",\"contentUrl\":\"https:\/\/www.matts-guitar-shop.com\/wp-content\/uploads\/2024\/12\/joe-perry-gibson-les-paul-special-tribute-aerosmith-02.jpg\",\"width\":800,\"height\":1000,\"caption\":\"Joe Perry Gibson Les Paul Special Tribute Aerosmith\"},{\"@type\":\"BreadcrumbList\",\"@id\":\"https:\/\/www.matts-guitar-shop.com\/es\/produit\/joe-perrys-gibson-les-paul-special-tribute-aerosmith\/#breadcrumb\",\"itemListElement\":[{\"@type\":\"ListItem\",\"position\":1,\"name\":\"Inicio\",\"item\":\"https:\/\/www.matts-guitar-shop.com\/es\/\"},{\"@type\":\"ListItem\",\"position\":2,\"name\":\"Tienda\",\"item\":\"https:\/\/www.matts-guitar-shop.com\/es\/tienda\/\"},{\"@type\":\"ListItem\",\"position\":3,\"name\":\"Joe Perry\u2019s Gibson Les Paul Special Tribute &#8211; Aerosmith\"}]},{\"@type\":\"WebSite\",\"@id\":\"https:\/\/www.matts-guitar-shop.com\/es\/#website\",\"url\":\"https:\/\/www.matts-guitar-shop.com\/es\/\",\"name\":\"matts-guitar-shop.com\",\"description\":\"Guitar Shop\",\"publisher\":{\"@id\":\"https:\/\/www.matts-guitar-shop.com\/es\/#organization\"},\"potentialAction\":[{\"@type\":\"SearchAction\",\"target\":{\"@type\":\"EntryPoint\",\"urlTemplate\":\"https:\/\/www.matts-guitar-shop.com\/es\/?s={search_term_string}\"},\"query-input\":{\"@type\":\"PropertyValueSpecification\",\"valueRequired\":true,\"valueName\":\"search_term_string\"}}],\"inLanguage\":\"es\"},{\"@type\":\"Organization\",\"@id\":\"https:\/\/www.matts-guitar-shop.com\/es\/#organization\",\"name\":\"matts-guitar-shop.com\",\"url\":\"https:\/\/www.matts-guitar-shop.com\/es\/\",\"logo\":{\"@type\":\"ImageObject\",\"inLanguage\":\"es\",\"@id\":\"https:\/\/www.matts-guitar-shop.com\/es\/#\/schema\/logo\/image\/\",\"url\":\"https:\/\/www.matts-guitar-shop.com\/wp-content\/uploads\/2024\/09\/MGS-logo-site-02.png\",\"contentUrl\":\"https:\/\/www.matts-guitar-shop.com\/wp-content\/uploads\/2024\/09\/MGS-logo-site-02.png\",\"width\":200,\"height\":122,\"caption\":\"matts-guitar-shop.com\"},\"image\":{\"@id\":\"https:\/\/www.matts-guitar-shop.com\/es\/#\/schema\/logo\/image\/\"},\"sameAs\":[\"https:\/\/www.facebook.com\/profile.php?id=100044359842817\",\"https:\/\/www.instagram.com\/mattsguitarshop\/\",\"https:\/\/www.youtube.com\/@MattLucasMan\/videos\"]}]}<\/script>\n<!-- \/ Yoast SEO plugin. -->","yoast_head_json":{"title":"Guitarra Aerosmith \u2013 Gibson Les Paul Special Tribute de Joe Perry - Matt&#039;s Guitar Shop","description":"Como guitarrista experimentado, Joe Perry ha reunido a lo largo de los a\u00f1os una colecci\u00f3n extensa y completa de guitarras. Descubre la guitarra de Aerosmith.","robots":{"index":"index","follow":"follow","max-snippet":"max-snippet:-1","max-image-preview":"max-image-preview:large","max-video-preview":"max-video-preview:-1"},"canonical":"https:\/\/www.matts-guitar-shop.com\/es\/produit\/joe-perrys-gibson-les-paul-special-tribute-aerosmith\/","og_locale":"es_ES","og_type":"article","og_title":"Guitarra Aerosmith \u2013 Gibson Les Paul Special Tribute de Joe Perry - Matt&#039;s Guitar Shop","og_description":"Como guitarrista experimentado, Joe Perry ha reunido a lo largo de los a\u00f1os una colecci\u00f3n extensa y completa de guitarras. Descubre la guitarra de Aerosmith.","og_url":"https:\/\/www.matts-guitar-shop.com\/es\/produit\/joe-perrys-gibson-les-paul-special-tribute-aerosmith\/","og_site_name":"Matt&#039;s Guitar Shop","article_publisher":"https:\/\/www.facebook.com\/profile.php?id=100044359842817","article_modified_time":"2026-01-12T18:17:46+00:00","og_image":[{"width":800,"height":1000,"url":"https:\/\/www.matts-guitar-shop.com\/wp-content\/uploads\/2024\/12\/joe-perry-gibson-les-paul-special-tribute-aerosmith-02.jpg","type":"image\/jpeg"}],"twitter_card":"summary_large_image","twitter_misc":{"Tiempo de lectura":"2 minutos"},"schema":{"@context":"https:\/\/schema.org","@graph":[{"@type":"WebPage","@id":"https:\/\/www.matts-guitar-shop.com\/es\/produit\/joe-perrys-gibson-les-paul-special-tribute-aerosmith\/","url":"https:\/\/www.matts-guitar-shop.com\/es\/produit\/joe-perrys-gibson-les-paul-special-tribute-aerosmith\/","name":"Guitarra Aerosmith \u2013 Gibson Les Paul Special Tribute de Joe Perry - Matt&#039;s Guitar Shop","isPartOf":{"@id":"https:\/\/www.matts-guitar-shop.com\/es\/#website"},"primaryImageOfPage":{"@id":"https:\/\/www.matts-guitar-shop.com\/es\/produit\/joe-perrys-gibson-les-paul-special-tribute-aerosmith\/#primaryimage"},"image":{"@id":"https:\/\/www.matts-guitar-shop.com\/es\/produit\/joe-perrys-gibson-les-paul-special-tribute-aerosmith\/#primaryimage"},"thumbnailUrl":"https:\/\/www.matts-guitar-shop.com\/wp-content\/uploads\/2024\/12\/joe-perry-gibson-les-paul-special-tribute-aerosmith-02.jpg","datePublished":"2024-12-17T00:15:27+00:00","dateModified":"2026-01-12T18:17:46+00:00","description":"Como guitarrista experimentado, Joe Perry ha reunido a lo largo de los a\u00f1os una colecci\u00f3n extensa y completa de guitarras. Descubre la guitarra de Aerosmith.","breadcrumb":{"@id":"https:\/\/www.matts-guitar-shop.com\/es\/produit\/joe-perrys-gibson-les-paul-special-tribute-aerosmith\/#breadcrumb"},"inLanguage":"es","potentialAction":[{"@type":"ReadAction","target":["https:\/\/www.matts-guitar-shop.com\/es\/produit\/joe-perrys-gibson-les-paul-special-tribute-aerosmith\/"]}]},{"@type":"ImageObject","inLanguage":"es","@id":"https:\/\/www.matts-guitar-shop.com\/es\/produit\/joe-perrys-gibson-les-paul-special-tribute-aerosmith\/#primaryimage","url":"https:\/\/www.matts-guitar-shop.com\/wp-content\/uploads\/2024\/12\/joe-perry-gibson-les-paul-special-tribute-aerosmith-02.jpg","contentUrl":"https:\/\/www.matts-guitar-shop.com\/wp-content\/uploads\/2024\/12\/joe-perry-gibson-les-paul-special-tribute-aerosmith-02.jpg","width":800,"height":1000,"caption":"Joe Perry Gibson Les Paul Special Tribute Aerosmith"},{"@type":"BreadcrumbList","@id":"https:\/\/www.matts-guitar-shop.com\/es\/produit\/joe-perrys-gibson-les-paul-special-tribute-aerosmith\/#breadcrumb","itemListElement":[{"@type":"ListItem","position":1,"name":"Inicio","item":"https:\/\/www.matts-guitar-shop.com\/es\/"},{"@type":"ListItem","position":2,"name":"Tienda","item":"https:\/\/www.matts-guitar-shop.com\/es\/tienda\/"},{"@type":"ListItem","position":3,"name":"Joe Perry\u2019s Gibson Les Paul Special Tribute &#8211; Aerosmith"}]},{"@type":"WebSite","@id":"https:\/\/www.matts-guitar-shop.com\/es\/#website","url":"https:\/\/www.matts-guitar-shop.com\/es\/","name":"matts-guitar-shop.com","description":"Guitar Shop","publisher":{"@id":"https:\/\/www.matts-guitar-shop.com\/es\/#organization"},"potentialAction":[{"@type":"SearchAction","target":{"@type":"EntryPoint","urlTemplate":"https:\/\/www.matts-guitar-shop.com\/es\/?s={search_term_string}"},"query-input":{"@type":"PropertyValueSpecification","valueRequired":true,"valueName":"search_term_string"}}],"inLanguage":"es"},{"@type":"Organization","@id":"https:\/\/www.matts-guitar-shop.com\/es\/#organization","name":"matts-guitar-shop.com","url":"https:\/\/www.matts-guitar-shop.com\/es\/","logo":{"@type":"ImageObject","inLanguage":"es","@id":"https:\/\/www.matts-guitar-shop.com\/es\/#\/schema\/logo\/image\/","url":"https:\/\/www.matts-guitar-shop.com\/wp-content\/uploads\/2024\/09\/MGS-logo-site-02.png","contentUrl":"https:\/\/www.matts-guitar-shop.com\/wp-content\/uploads\/2024\/09\/MGS-logo-site-02.png","width":200,"height":122,"caption":"matts-guitar-shop.com"},"image":{"@id":"https:\/\/www.matts-guitar-shop.com\/es\/#\/schema\/logo\/image\/"},"sameAs":["https:\/\/www.facebook.com\/profile.php?id=100044359842817","https:\/\/www.instagram.com\/mattsguitarshop\/","https:\/\/www.youtube.com\/@MattLucasMan\/videos"]}]}},"_links":{"self":[{"href":"https:\/\/www.matts-guitar-shop.com\/es\/wp-json\/wp\/v2\/product\/17802","targetHints":{"allow":["GET"]}}],"collection":[{"href":"https:\/\/www.matts-guitar-shop.com\/es\/wp-json\/wp\/v2\/product"}],"about":[{"href":"https:\/\/www.matts-guitar-shop.com\/es\/wp-json\/wp\/v2\/types\/product"}],"replies":[{"embeddable":true,"href":"https:\/\/www.matts-guitar-shop.com\/es\/wp-json\/wp\/v2\/comments?post=17802"}],"wp:featuredmedia":[{"embeddable":true,"href":"https:\/\/www.matts-guitar-shop.com\/es\/wp-json\/wp\/v2\/media\/17803"}],"wp:attachment":[{"href":"https:\/\/www.matts-guitar-shop.com\/es\/wp-json\/wp\/v2\/media?parent=17802"}],"wp:term":[{"taxonomy":"product_brand","embeddable":true,"href":"https:\/\/www.matts-guitar-shop.com\/es\/wp-json\/wp\/v2\/product_brand?post=17802"},{"taxonomy":"product_cat","embeddable":true,"href":"https:\/\/www.matts-guitar-shop.com\/es\/wp-json\/wp\/v2\/product_cat?post=17802"},{"taxonomy":"product_tag","embeddable":true,"href":"https:\/\/www.matts-guitar-shop.com\/es\/wp-json\/wp\/v2\/product_tag?post=17802"}],"curies":[{"name":"wp","href":"https:\/\/api.w.org\/{rel}","templated":true}]}}