{"id":17706,"date":"2024-12-18T21:17:55","date_gmt":"2024-12-18T20:17:55","guid":{"rendered":"https:\/\/www.matts-guitar-shop.com\/produit\/gibson-les-paul-snakepit-firmada-por-slash\/"},"modified":"2025-10-17T21:26:22","modified_gmt":"2025-10-17T19:26:22","slug":"gibson-les-paul-snakepit-firmada-por-slash","status":"publish","type":"product","link":"https:\/\/www.matts-guitar-shop.com\/es\/produit\/gibson-les-paul-snakepit-firmada-por-slash\/","title":{"rendered":"Gibson Les Paul Snakepit firmada por Slash"},"content":{"rendered":"<p>Slash<br \/> (1965)<\/p>\n<p>Grupo: Guns N\u2019 Roses<br \/> Guitarra principal: Gibson Les Paul Standard 1959 Kris Derrig<br \/> Canci\u00f3n imprescindible: Welcome To The Jungle<\/p>\n<p>Sin Slash, es muy probable que la Les Paul no fuera m\u00e1s que una reliquia del pasado que s\u00f3lo interesar\u00eda a los fans extremos de Clapton. Sin embargo, con la fuerza de sus riffs legendarios y su tono h\u00famedo y seductor, este h\u00e9roe definitivo de la guitarra volvi\u00f3 a poner de moda el sunburst y lo convirti\u00f3 en una marca registrada, al igual que su sombrero de copa y su larga melena rizada.<\/p>\n<p>Saul Hudson (su verdadero nombre) fue un producto puro de los a\u00f1os 80, hasta el punto de haber audicionado para los reyes del glam Poison, pero logr\u00f3 una gran metamorfosis al unirse a Hollywood Rose, la banda que se convertir\u00eda en Guns N\u2019 Roses. \u00c9l y el cantante Axl Rose se reinventaron como chicos malos, dandis junkies y rockeros post-glam, renovando el modelo del d\u00fao peligroso formado por un cantante y su guitarrista principal, al estilo de Steven Tyler y Joe Perry. Con el r\u00edtmico Izzy Stradlin, Slash cre\u00f3 un muro de guitarras que se convirti\u00f3 en la banda sonora de finales de los 80 con el enorme \u00e1lbum Appetite For Destruction (1987), que contiene tantos riffs inolvidables como canciones, entre ellas Welcome To The Jungle, Nightrain, Mr Brownstone y muchas m\u00e1s. El siguiente \u00e1lbum, Use Your Illusion (1991), confirm\u00f3 el estatus colosal mundial del grupo que se embarc\u00f3 en una gira ininterrumpida de dos a\u00f1os. Slash estaba en la cima de su gloria, y todos los adolescentes de la \u00e9poca quer\u00edan una Les Paul para aprender a tocar la intro de Sweet Child O\u2019 Mine.<\/p>\n<p>Cansado de las tensiones internas, Slash finalmente dej\u00f3 la banda en 1996 para dedicarse a su proyecto en solitario, el muy bluesero Slash\u2019s Snakepit. Tambi\u00e9n fue invitado a numerosos \u00e1lbumes de otros artistas, desde Michael Jackson hasta Bob Dylan y Lenny Kravitz. En 2002, fund\u00f3 Velvet Revolver junto con los ex-Guns Duff McKagan y Matt Sorum. Pero la maldici\u00f3n del cantante persigui\u00f3 a Slash en esta banda y se vio obligado a despedir a Scott Weiland en 2008 debido a sus invasivos problemas con las drogas. En 2010, el pelirrojo finalmente hizo lo que se esperaba de \u00e9l y lanz\u00f3 un \u00e1lbum bajo su propio nombre, un solo asumido en el que todos sus amigos cantantes colaboraron. Entre ellos, Myles Kennedy se convirti\u00f3 en el cantante para los siguientes \u00e1lbumes en solitario.<\/p>\n<p>Finalmente, en 2016, Slash regres\u00f3 a Guns N\u2019 Roses para una gira memorable con entradas agotadas. La banda toc\u00f3 como si les fuera la vida en ello, los conciertos fueron largos y apasionantes, y Slash definitivamente alcanz\u00f3 el estatus de dios viviente. Y sus Les Paul signature se venden mejor que nunca.<\/p>\n","protected":false},"excerpt":{"rendered":"<p>En la sucesi\u00f3n de proyectos extraordinarios emprendidos por el Gibson Custom Shop, la famosa <b>Snakepit<\/b> ocupa un lugar muy especial. Detestada por unos, adorada por otros, esta <b>Les Paul<\/b> de un rojo intenso es un proyecto art\u00edstico en s\u00ed mismo y sin duda la guitarra m\u00e1s bella realizada en torno a <b>Slash<\/b>. Descubra este ejemplar excepcional firmado por el maestro del sombrero.<\/p>\n<p>Puesta en circulaci\u00f3n a finales de los a\u00f1os 1990, la <b>Gibson Les Paul Snakepit<\/b> celebra una etapa de la carrera de Slash. Entonces en plena expansi\u00f3n en solitario con el primer trabajo de <i>Slash\u2019s Snakepit<\/i>, Slash acababa de asumir sus ambiciones de guitarrista estrella. El \u00e1lbum <i>It\u2019s Five O\u2019 Clock Somewhere<\/i> (1995) representa muchas de sus inquietudes de entonces. Es a la vez representativo del talento de Slash al salir de Guns N\u2019 Roses y de sus manifestaciones crudas y rock\u2019n\u2019roll. Para este primer trabajo con algunos de sus antiguos compa\u00f1eros de Guns N\u2019 Roses, Slash recurri\u00f3 a su hermano Ash Hudson para dise\u00f1ar la portada del \u00e1lbum. El resultado fue una imagen que se ha vuelto emblem\u00e1tica, la c\u00e9lebre <b><i>Snakepit<\/i><\/b>.<\/p>\n<p>El <i>Snakepit<\/i> se ha convertido progresivamente en el s\u00edmbolo de Slash. Esta <b>serpiente<\/b> con mirada traviesa, cuerpo curvado en forma de S y coronada con un sombrero de copa, se ha instalado como una de las firmas visuales de Slash. Detr\u00e1s de este dibujo se esconde adem\u00e1s una antigua referencia familiar. El personaje de Kaa del <i>Libro de la Selva<\/i> es, de hecho, muy querido por la familia Hudson. Era el libro que su madre Ola les le\u00eda cuando eran ni\u00f1os. Ash se inspir\u00f3 en \u00e9l para personificar a su hermano, a\u00f1adi\u00e9ndole un cigarrillo y un sombrero.<\/p>\n<p>Fue esta imagen la que inspir\u00f3 la <b>Les Paul Snakepit<\/b>. Slash pidi\u00f3 a Gibson que se la fabricara en 1996 o 1997. Seg\u00fan sus propias palabras, es una guitarra \u00abmagn\u00edfica\u00bb y \u00abun modelo muy raro\u00bb, y \u00abuna de las mejores guitarras (que haya) usado\u00bb. Esta impresionante guitarra tiene un sonido rock y agresivo desde las primeras notas. Se inspira directamente en la portada del Snakepit, de donde toma su nombre: encontramos una magn\u00edfica serpiente incrustada y pintada sobre la tapa roja intensa, acompa\u00f1ada de un impresionante cobra de n\u00e1car en el diapas\u00f3n. Visualmente, esta Les Paul es una de las ejecuciones m\u00e1s impresionantes del Gibson Custom Shop. Adem\u00e1s de ser uno de los ejemplares mejor conservados, esta Snakepit fue firmada en la tapa por Slash con un marcador dorado. \u00a1Una pieza de colecci\u00f3n fuera de lo com\u00fan!<\/p>\n<p><strong>\u00bfTiene preguntas sobre este producto? \u00a1Cont\u00e1ctenos!<\/strong><\/p>\n","protected":false},"featured_media":17707,"comment_status":"open","ping_status":"closed","template":"","meta":{"_et_pb_use_builder":"","_et_pb_old_content":"","_et_gb_content_width":""},"product_brand":[],"product_cat":[654],"product_tag":[],"class_list":{"0":"post-17706","1":"product","2":"type-product","3":"status-publish","4":"has-post-thumbnail","6":"product_cat-vendidos","7":"pa_artiste-slash-es","8":"pa_disponibilite-vendido","9":"pa_marque-gibson-es","11":"first","12":"outofstock","13":"shipping-taxable","14":"purchasable","15":"product-type-simple"},"yoast_head":"<!-- This site is optimized with the Yoast SEO plugin v26.8 - https:\/\/yoast.com\/product\/yoast-seo-wordpress\/ -->\n<title>Gibson Les Paul Snakepit firmada por Slash - Matt&#039;s Guitar Shop<\/title>\n<meta name=\"description\" content=\"Gibson Les Paul Snakepit firmada por Slash. Una guitarra rara y de colecci\u00f3n, pieza excepcional para los fans de Guns N\u2019 Roses, disponible en Matts Guitar Shop.\" \/>\n<meta name=\"robots\" content=\"index, follow, max-snippet:-1, max-image-preview:large, max-video-preview:-1\" \/>\n<link rel=\"canonical\" href=\"https:\/\/www.matts-guitar-shop.com\/es\/produit\/gibson-les-paul-snakepit-firmada-por-slash\/\" \/>\n<meta property=\"og:locale\" content=\"es_ES\" \/>\n<meta property=\"og:type\" content=\"article\" \/>\n<meta property=\"og:title\" content=\"Gibson Les Paul Snakepit firmada por Slash - Matt&#039;s Guitar Shop\" \/>\n<meta property=\"og:description\" content=\"Gibson Les Paul Snakepit firmada por Slash. Una guitarra rara y de colecci\u00f3n, pieza excepcional para los fans de Guns N\u2019 Roses, disponible en Matts Guitar Shop.\" \/>\n<meta property=\"og:url\" content=\"https:\/\/www.matts-guitar-shop.com\/es\/produit\/gibson-les-paul-snakepit-firmada-por-slash\/\" \/>\n<meta property=\"og:site_name\" content=\"Matt&#039;s Guitar Shop\" \/>\n<meta property=\"article:publisher\" content=\"https:\/\/www.facebook.com\/profile.php?id=100044359842817\" \/>\n<meta property=\"article:modified_time\" content=\"2025-10-17T19:26:22+00:00\" \/>\n<meta property=\"og:image\" content=\"https:\/\/www.matts-guitar-shop.com\/wp-content\/uploads\/2024\/12\/slash-signed-gibson-les-paul-custom-snakepit-04.jpg\" \/>\n\t<meta property=\"og:image:width\" content=\"800\" \/>\n\t<meta property=\"og:image:height\" content=\"1200\" \/>\n\t<meta property=\"og:image:type\" content=\"image\/jpeg\" \/>\n<meta name=\"twitter:card\" content=\"summary_large_image\" \/>\n<meta name=\"twitter:label1\" content=\"Tiempo de lectura\" \/>\n\t<meta name=\"twitter:data1\" content=\"2 minutos\" \/>\n<script type=\"application\/ld+json\" class=\"yoast-schema-graph\">{\"@context\":\"https:\/\/schema.org\",\"@graph\":[{\"@type\":\"WebPage\",\"@id\":\"https:\/\/www.matts-guitar-shop.com\/es\/produit\/gibson-les-paul-snakepit-firmada-por-slash\/\",\"url\":\"https:\/\/www.matts-guitar-shop.com\/es\/produit\/gibson-les-paul-snakepit-firmada-por-slash\/\",\"name\":\"Gibson Les Paul Snakepit firmada por Slash - Matt&#039;s Guitar Shop\",\"isPartOf\":{\"@id\":\"https:\/\/www.matts-guitar-shop.com\/es\/#website\"},\"primaryImageOfPage\":{\"@id\":\"https:\/\/www.matts-guitar-shop.com\/es\/produit\/gibson-les-paul-snakepit-firmada-por-slash\/#primaryimage\"},\"image\":{\"@id\":\"https:\/\/www.matts-guitar-shop.com\/es\/produit\/gibson-les-paul-snakepit-firmada-por-slash\/#primaryimage\"},\"thumbnailUrl\":\"https:\/\/www.matts-guitar-shop.com\/wp-content\/uploads\/2024\/12\/slash-signed-gibson-les-paul-custom-snakepit-04.jpg\",\"datePublished\":\"2024-12-18T20:17:55+00:00\",\"dateModified\":\"2025-10-17T19:26:22+00:00\",\"description\":\"Gibson Les Paul Snakepit firmada por Slash. Una guitarra rara y de colecci\u00f3n, pieza excepcional para los fans de Guns N\u2019 Roses, disponible en Matts Guitar Shop.\",\"breadcrumb\":{\"@id\":\"https:\/\/www.matts-guitar-shop.com\/es\/produit\/gibson-les-paul-snakepit-firmada-por-slash\/#breadcrumb\"},\"inLanguage\":\"es\",\"potentialAction\":[{\"@type\":\"ReadAction\",\"target\":[\"https:\/\/www.matts-guitar-shop.com\/es\/produit\/gibson-les-paul-snakepit-firmada-por-slash\/\"]}]},{\"@type\":\"ImageObject\",\"inLanguage\":\"es\",\"@id\":\"https:\/\/www.matts-guitar-shop.com\/es\/produit\/gibson-les-paul-snakepit-firmada-por-slash\/#primaryimage\",\"url\":\"https:\/\/www.matts-guitar-shop.com\/wp-content\/uploads\/2024\/12\/slash-signed-gibson-les-paul-custom-snakepit-04.jpg\",\"contentUrl\":\"https:\/\/www.matts-guitar-shop.com\/wp-content\/uploads\/2024\/12\/slash-signed-gibson-les-paul-custom-snakepit-04.jpg\",\"width\":800,\"height\":1200},{\"@type\":\"BreadcrumbList\",\"@id\":\"https:\/\/www.matts-guitar-shop.com\/es\/produit\/gibson-les-paul-snakepit-firmada-por-slash\/#breadcrumb\",\"itemListElement\":[{\"@type\":\"ListItem\",\"position\":1,\"name\":\"Inicio\",\"item\":\"https:\/\/www.matts-guitar-shop.com\/es\/\"},{\"@type\":\"ListItem\",\"position\":2,\"name\":\"Tienda\",\"item\":\"https:\/\/www.matts-guitar-shop.com\/es\/tienda\/\"},{\"@type\":\"ListItem\",\"position\":3,\"name\":\"Gibson Les Paul Snakepit firmada por Slash\"}]},{\"@type\":\"WebSite\",\"@id\":\"https:\/\/www.matts-guitar-shop.com\/es\/#website\",\"url\":\"https:\/\/www.matts-guitar-shop.com\/es\/\",\"name\":\"matts-guitar-shop.com\",\"description\":\"Guitar Shop\",\"publisher\":{\"@id\":\"https:\/\/www.matts-guitar-shop.com\/es\/#organization\"},\"potentialAction\":[{\"@type\":\"SearchAction\",\"target\":{\"@type\":\"EntryPoint\",\"urlTemplate\":\"https:\/\/www.matts-guitar-shop.com\/es\/?s={search_term_string}\"},\"query-input\":{\"@type\":\"PropertyValueSpecification\",\"valueRequired\":true,\"valueName\":\"search_term_string\"}}],\"inLanguage\":\"es\"},{\"@type\":\"Organization\",\"@id\":\"https:\/\/www.matts-guitar-shop.com\/es\/#organization\",\"name\":\"matts-guitar-shop.com\",\"url\":\"https:\/\/www.matts-guitar-shop.com\/es\/\",\"logo\":{\"@type\":\"ImageObject\",\"inLanguage\":\"es\",\"@id\":\"https:\/\/www.matts-guitar-shop.com\/es\/#\/schema\/logo\/image\/\",\"url\":\"https:\/\/www.matts-guitar-shop.com\/wp-content\/uploads\/2024\/09\/MGS-logo-site-02.png\",\"contentUrl\":\"https:\/\/www.matts-guitar-shop.com\/wp-content\/uploads\/2024\/09\/MGS-logo-site-02.png\",\"width\":200,\"height\":122,\"caption\":\"matts-guitar-shop.com\"},\"image\":{\"@id\":\"https:\/\/www.matts-guitar-shop.com\/es\/#\/schema\/logo\/image\/\"},\"sameAs\":[\"https:\/\/www.facebook.com\/profile.php?id=100044359842817\",\"https:\/\/www.instagram.com\/mattsguitarshop\/\",\"https:\/\/www.youtube.com\/@MattLucasMan\/videos\"]}]}<\/script>\n<!-- \/ Yoast SEO plugin. -->","yoast_head_json":{"title":"Gibson Les Paul Snakepit firmada por Slash - Matt&#039;s Guitar Shop","description":"Gibson Les Paul Snakepit firmada por Slash. Una guitarra rara y de colecci\u00f3n, pieza excepcional para los fans de Guns N\u2019 Roses, disponible en Matts Guitar Shop.","robots":{"index":"index","follow":"follow","max-snippet":"max-snippet:-1","max-image-preview":"max-image-preview:large","max-video-preview":"max-video-preview:-1"},"canonical":"https:\/\/www.matts-guitar-shop.com\/es\/produit\/gibson-les-paul-snakepit-firmada-por-slash\/","og_locale":"es_ES","og_type":"article","og_title":"Gibson Les Paul Snakepit firmada por Slash - Matt&#039;s Guitar Shop","og_description":"Gibson Les Paul Snakepit firmada por Slash. Una guitarra rara y de colecci\u00f3n, pieza excepcional para los fans de Guns N\u2019 Roses, disponible en Matts Guitar Shop.","og_url":"https:\/\/www.matts-guitar-shop.com\/es\/produit\/gibson-les-paul-snakepit-firmada-por-slash\/","og_site_name":"Matt&#039;s Guitar Shop","article_publisher":"https:\/\/www.facebook.com\/profile.php?id=100044359842817","article_modified_time":"2025-10-17T19:26:22+00:00","og_image":[{"width":800,"height":1200,"url":"https:\/\/www.matts-guitar-shop.com\/wp-content\/uploads\/2024\/12\/slash-signed-gibson-les-paul-custom-snakepit-04.jpg","type":"image\/jpeg"}],"twitter_card":"summary_large_image","twitter_misc":{"Tiempo de lectura":"2 minutos"},"schema":{"@context":"https:\/\/schema.org","@graph":[{"@type":"WebPage","@id":"https:\/\/www.matts-guitar-shop.com\/es\/produit\/gibson-les-paul-snakepit-firmada-por-slash\/","url":"https:\/\/www.matts-guitar-shop.com\/es\/produit\/gibson-les-paul-snakepit-firmada-por-slash\/","name":"Gibson Les Paul Snakepit firmada por Slash - Matt&#039;s Guitar Shop","isPartOf":{"@id":"https:\/\/www.matts-guitar-shop.com\/es\/#website"},"primaryImageOfPage":{"@id":"https:\/\/www.matts-guitar-shop.com\/es\/produit\/gibson-les-paul-snakepit-firmada-por-slash\/#primaryimage"},"image":{"@id":"https:\/\/www.matts-guitar-shop.com\/es\/produit\/gibson-les-paul-snakepit-firmada-por-slash\/#primaryimage"},"thumbnailUrl":"https:\/\/www.matts-guitar-shop.com\/wp-content\/uploads\/2024\/12\/slash-signed-gibson-les-paul-custom-snakepit-04.jpg","datePublished":"2024-12-18T20:17:55+00:00","dateModified":"2025-10-17T19:26:22+00:00","description":"Gibson Les Paul Snakepit firmada por Slash. Una guitarra rara y de colecci\u00f3n, pieza excepcional para los fans de Guns N\u2019 Roses, disponible en Matts Guitar Shop.","breadcrumb":{"@id":"https:\/\/www.matts-guitar-shop.com\/es\/produit\/gibson-les-paul-snakepit-firmada-por-slash\/#breadcrumb"},"inLanguage":"es","potentialAction":[{"@type":"ReadAction","target":["https:\/\/www.matts-guitar-shop.com\/es\/produit\/gibson-les-paul-snakepit-firmada-por-slash\/"]}]},{"@type":"ImageObject","inLanguage":"es","@id":"https:\/\/www.matts-guitar-shop.com\/es\/produit\/gibson-les-paul-snakepit-firmada-por-slash\/#primaryimage","url":"https:\/\/www.matts-guitar-shop.com\/wp-content\/uploads\/2024\/12\/slash-signed-gibson-les-paul-custom-snakepit-04.jpg","contentUrl":"https:\/\/www.matts-guitar-shop.com\/wp-content\/uploads\/2024\/12\/slash-signed-gibson-les-paul-custom-snakepit-04.jpg","width":800,"height":1200},{"@type":"BreadcrumbList","@id":"https:\/\/www.matts-guitar-shop.com\/es\/produit\/gibson-les-paul-snakepit-firmada-por-slash\/#breadcrumb","itemListElement":[{"@type":"ListItem","position":1,"name":"Inicio","item":"https:\/\/www.matts-guitar-shop.com\/es\/"},{"@type":"ListItem","position":2,"name":"Tienda","item":"https:\/\/www.matts-guitar-shop.com\/es\/tienda\/"},{"@type":"ListItem","position":3,"name":"Gibson Les Paul Snakepit firmada por Slash"}]},{"@type":"WebSite","@id":"https:\/\/www.matts-guitar-shop.com\/es\/#website","url":"https:\/\/www.matts-guitar-shop.com\/es\/","name":"matts-guitar-shop.com","description":"Guitar Shop","publisher":{"@id":"https:\/\/www.matts-guitar-shop.com\/es\/#organization"},"potentialAction":[{"@type":"SearchAction","target":{"@type":"EntryPoint","urlTemplate":"https:\/\/www.matts-guitar-shop.com\/es\/?s={search_term_string}"},"query-input":{"@type":"PropertyValueSpecification","valueRequired":true,"valueName":"search_term_string"}}],"inLanguage":"es"},{"@type":"Organization","@id":"https:\/\/www.matts-guitar-shop.com\/es\/#organization","name":"matts-guitar-shop.com","url":"https:\/\/www.matts-guitar-shop.com\/es\/","logo":{"@type":"ImageObject","inLanguage":"es","@id":"https:\/\/www.matts-guitar-shop.com\/es\/#\/schema\/logo\/image\/","url":"https:\/\/www.matts-guitar-shop.com\/wp-content\/uploads\/2024\/09\/MGS-logo-site-02.png","contentUrl":"https:\/\/www.matts-guitar-shop.com\/wp-content\/uploads\/2024\/09\/MGS-logo-site-02.png","width":200,"height":122,"caption":"matts-guitar-shop.com"},"image":{"@id":"https:\/\/www.matts-guitar-shop.com\/es\/#\/schema\/logo\/image\/"},"sameAs":["https:\/\/www.facebook.com\/profile.php?id=100044359842817","https:\/\/www.instagram.com\/mattsguitarshop\/","https:\/\/www.youtube.com\/@MattLucasMan\/videos"]}]}},"_links":{"self":[{"href":"https:\/\/www.matts-guitar-shop.com\/es\/wp-json\/wp\/v2\/product\/17706","targetHints":{"allow":["GET"]}}],"collection":[{"href":"https:\/\/www.matts-guitar-shop.com\/es\/wp-json\/wp\/v2\/product"}],"about":[{"href":"https:\/\/www.matts-guitar-shop.com\/es\/wp-json\/wp\/v2\/types\/product"}],"replies":[{"embeddable":true,"href":"https:\/\/www.matts-guitar-shop.com\/es\/wp-json\/wp\/v2\/comments?post=17706"}],"wp:featuredmedia":[{"embeddable":true,"href":"https:\/\/www.matts-guitar-shop.com\/es\/wp-json\/wp\/v2\/media\/17707"}],"wp:attachment":[{"href":"https:\/\/www.matts-guitar-shop.com\/es\/wp-json\/wp\/v2\/media?parent=17706"}],"wp:term":[{"taxonomy":"product_brand","embeddable":true,"href":"https:\/\/www.matts-guitar-shop.com\/es\/wp-json\/wp\/v2\/product_brand?post=17706"},{"taxonomy":"product_cat","embeddable":true,"href":"https:\/\/www.matts-guitar-shop.com\/es\/wp-json\/wp\/v2\/product_cat?post=17706"},{"taxonomy":"product_tag","embeddable":true,"href":"https:\/\/www.matts-guitar-shop.com\/es\/wp-json\/wp\/v2\/product_tag?post=17706"}],"curies":[{"name":"wp","href":"https:\/\/api.w.org\/{rel}","templated":true}]}}