{"id":17518,"date":"2024-12-22T17:09:51","date_gmt":"2024-12-22T16:09:51","guid":{"rendered":"https:\/\/www.matts-guitar-shop.com\/produit\/evh-1979-bumblebee-tribute-relic-edicion-limitada-firmada-por-eddie-van-halen\/"},"modified":"2026-02-05T18:01:41","modified_gmt":"2026-02-05T17:01:41","slug":"evh-1979-bumblebee-tribute-relic-edicion-limitada-firmada-por-eddie-van-halen","status":"publish","type":"product","link":"https:\/\/www.matts-guitar-shop.com\/es\/produit\/evh-1979-bumblebee-tribute-relic-edicion-limitada-firmada-por-eddie-van-halen\/","title":{"rendered":"EVH 1979 Bumblebee Tribute Relic &#8211; Edici\u00f3n limitada firmada por Eddie Van Halen"},"content":{"rendered":"<h2>Biograf\u00eda de Van Halen<\/h2>\n<p>A finales de los a\u00f1os 70, <strong>Van Halen<\/strong> irrumpi\u00f3 como una aut\u00e9ntica explosi\u00f3n en el panorama del rock mundial, devolviendo al hard rock una energ\u00eda explosiva y jubilosa. Impulsado por el genio revolucionario de <strong>Eddie Van Halen<\/strong>, el grupo redefini\u00f3 la guitarra el\u00e9ctrica y lanz\u00f3 el rock a una nueva era de virtuosismo, diversi\u00f3n y libertad.<\/p>\n<p><strong>Van Halen<\/strong> no era solo una m\u00e1quina de \u00e9xitos, era un estado de \u00e1nimo: una m\u00fasica luminosa, excesiva y alegre, que contrastaba con la pesadez de algunas corrientes de la \u00e9poca. Canciones como <em>Eruption<\/em>, <em>Ain\u2019t Talkin\u2019 \u2019Bout Love<\/em>, <em>Panama<\/em> o <em>Jump<\/em> se convirtieron en cl\u00e1sicos, combinando riffs incendiarios, estribillos memorables y una energ\u00eda esc\u00e9nica irresistible.<\/p>\n<p>En el coraz\u00f3n del grupo, <strong>Eddie Van Halen<\/strong> transform\u00f3 la relaci\u00f3n con el instrumento. Su forma de tocar, su revolucionario tapping y su enfoque experimental abrieron nuevas perspectivas para generaciones de guitarristas. Su guitarra ic\u00f3nica, la Frankenstrat \u2014construida y modificada a mano, \u00fanica\u2014 encarna ese esp\u00edritu creativo: crear tu propio sonido, romper l\u00edmites y no conformarte nunca con lo establecido.<\/p>\n<p>El mito de <strong>Van Halen<\/strong> sigue creciendo. En octubre de 2025, una guitarra Kramer construida para Eddie a principios de los a\u00f1os 80 y utilizada en las giras mundiales del grupo se vendi\u00f3 en subasta por 2.734.000 d\u00f3lares, convirti\u00e9ndose en una de las guitarras m\u00e1s caras de la historia en una subasta de Sotheby\u2019s. Este precio refleja la enorme influencia que <strong>Van Halen<\/strong> sigue teniendo en la cultura del rock y entre los coleccionistas.<\/p>\n<p>Su influencia fue m\u00e1s all\u00e1 del rock. El legendario solo de Eddie en <em>Beat It<\/em> de Michael Jackson lo demuestra: <strong>Van Halen<\/strong> supo unir el rock y el pop en una de las colaboraciones m\u00e1s ic\u00f3nicas de todos los tiempos.<\/p>\n<p>Una cosa es segura: <strong>Van Halen<\/strong> ha dejado una huella imborrable en la historia de la m\u00fasica. El grupo, liderado por Eddie, demostr\u00f3 que la virtuosidad puede ser alegre, accesible y universal, y que el rock, cuando se atreve, puede dialogar con todos los universos musicales.<\/p>\n","protected":false},"excerpt":{"rendered":"<p>Si tiene alguna pregunta, nuestro equipo est\u00e1 a su disposici\u00f3n.<\/p>\n","protected":false},"featured_media":17519,"comment_status":"open","ping_status":"closed","template":"","meta":{"_et_pb_use_builder":"","_et_pb_old_content":"","_et_gb_content_width":""},"product_brand":[],"product_cat":[654,659,652,655],"product_tag":[],"class_list":{"0":"post-17518","1":"product","2":"type-product","3":"status-publish","4":"has-post-thumbnail","6":"product_cat-vendidos","7":"product_cat-guitarras-electricas","8":"product_cat-artistas","9":"product_cat-guitarras","10":"pa_artiste-eddie-van-halen-es","11":"pa_disponibilite-vendido","12":"pa_marque-evh-es","14":"first","15":"outofstock","16":"shipping-taxable","17":"purchasable","18":"product-type-simple"},"yoast_head":"<!-- This site is optimized with the Yoast SEO plugin v26.8 - https:\/\/yoast.com\/product\/yoast-seo-wordpress\/ -->\n<title>Eddie Van Halen edici\u00f3n limitada firmada - Matt&#039;s Guitar Shop<\/title>\n<meta name=\"description\" content=\"EVH 1979 Bumblebee Tribute Relic, edici\u00f3n limitada firmada por Eddie Van Halen. Una guitarra de colecci\u00f3n rara y exclusiva, disponible en Matt\u2019s Guitar Shop.\" \/>\n<meta name=\"robots\" content=\"index, follow, max-snippet:-1, max-image-preview:large, max-video-preview:-1\" \/>\n<link rel=\"canonical\" href=\"https:\/\/www.matts-guitar-shop.com\/es\/produit\/evh-1979-bumblebee-tribute-relic-edicion-limitada-firmada-por-eddie-van-halen\/\" \/>\n<meta property=\"og:locale\" content=\"es_ES\" \/>\n<meta property=\"og:type\" content=\"article\" \/>\n<meta property=\"og:title\" content=\"Eddie Van Halen edici\u00f3n limitada firmada - Matt&#039;s Guitar Shop\" \/>\n<meta property=\"og:description\" content=\"EVH 1979 Bumblebee Tribute Relic, edici\u00f3n limitada firmada por Eddie Van Halen. Una guitarra de colecci\u00f3n rara y exclusiva, disponible en Matt\u2019s Guitar Shop.\" \/>\n<meta property=\"og:url\" content=\"https:\/\/www.matts-guitar-shop.com\/es\/produit\/evh-1979-bumblebee-tribute-relic-edicion-limitada-firmada-por-eddie-van-halen\/\" \/>\n<meta property=\"og:site_name\" content=\"Matt&#039;s Guitar Shop\" \/>\n<meta property=\"article:publisher\" content=\"https:\/\/www.facebook.com\/profile.php?id=100044359842817\" \/>\n<meta property=\"article:modified_time\" content=\"2026-02-05T17:01:41+00:00\" \/>\n<meta property=\"og:image\" content=\"https:\/\/www.matts-guitar-shop.com\/wp-content\/uploads\/2024\/12\/EVH-Masterbuilt-Bumblebee-Van-Halen-02.jpg\" \/>\n\t<meta property=\"og:image:width\" content=\"800\" \/>\n\t<meta property=\"og:image:height\" content=\"1200\" \/>\n\t<meta property=\"og:image:type\" content=\"image\/jpeg\" \/>\n<meta name=\"twitter:card\" content=\"summary_large_image\" \/>\n<meta name=\"twitter:label1\" content=\"Tiempo de lectura\" \/>\n\t<meta name=\"twitter:data1\" content=\"2 minutos\" \/>\n<script type=\"application\/ld+json\" class=\"yoast-schema-graph\">{\"@context\":\"https:\/\/schema.org\",\"@graph\":[{\"@type\":\"WebPage\",\"@id\":\"https:\/\/www.matts-guitar-shop.com\/es\/produit\/evh-1979-bumblebee-tribute-relic-edicion-limitada-firmada-por-eddie-van-halen\/\",\"url\":\"https:\/\/www.matts-guitar-shop.com\/es\/produit\/evh-1979-bumblebee-tribute-relic-edicion-limitada-firmada-por-eddie-van-halen\/\",\"name\":\"Eddie Van Halen edici\u00f3n limitada firmada - Matt&#039;s Guitar Shop\",\"isPartOf\":{\"@id\":\"https:\/\/www.matts-guitar-shop.com\/es\/#website\"},\"primaryImageOfPage\":{\"@id\":\"https:\/\/www.matts-guitar-shop.com\/es\/produit\/evh-1979-bumblebee-tribute-relic-edicion-limitada-firmada-por-eddie-van-halen\/#primaryimage\"},\"image\":{\"@id\":\"https:\/\/www.matts-guitar-shop.com\/es\/produit\/evh-1979-bumblebee-tribute-relic-edicion-limitada-firmada-por-eddie-van-halen\/#primaryimage\"},\"thumbnailUrl\":\"https:\/\/www.matts-guitar-shop.com\/wp-content\/uploads\/2024\/12\/EVH-Masterbuilt-Bumblebee-Van-Halen-02.jpg\",\"datePublished\":\"2024-12-22T16:09:51+00:00\",\"dateModified\":\"2026-02-05T17:01:41+00:00\",\"description\":\"EVH 1979 Bumblebee Tribute Relic, edici\u00f3n limitada firmada por Eddie Van Halen. Una guitarra de colecci\u00f3n rara y exclusiva, disponible en Matt\u2019s Guitar Shop.\",\"breadcrumb\":{\"@id\":\"https:\/\/www.matts-guitar-shop.com\/es\/produit\/evh-1979-bumblebee-tribute-relic-edicion-limitada-firmada-por-eddie-van-halen\/#breadcrumb\"},\"inLanguage\":\"es\",\"potentialAction\":[{\"@type\":\"ReadAction\",\"target\":[\"https:\/\/www.matts-guitar-shop.com\/es\/produit\/evh-1979-bumblebee-tribute-relic-edicion-limitada-firmada-por-eddie-van-halen\/\"]}]},{\"@type\":\"ImageObject\",\"inLanguage\":\"es\",\"@id\":\"https:\/\/www.matts-guitar-shop.com\/es\/produit\/evh-1979-bumblebee-tribute-relic-edicion-limitada-firmada-por-eddie-van-halen\/#primaryimage\",\"url\":\"https:\/\/www.matts-guitar-shop.com\/wp-content\/uploads\/2024\/12\/EVH-Masterbuilt-Bumblebee-Van-Halen-02.jpg\",\"contentUrl\":\"https:\/\/www.matts-guitar-shop.com\/wp-content\/uploads\/2024\/12\/EVH-Masterbuilt-Bumblebee-Van-Halen-02.jpg\",\"width\":800,\"height\":1200},{\"@type\":\"BreadcrumbList\",\"@id\":\"https:\/\/www.matts-guitar-shop.com\/es\/produit\/evh-1979-bumblebee-tribute-relic-edicion-limitada-firmada-por-eddie-van-halen\/#breadcrumb\",\"itemListElement\":[{\"@type\":\"ListItem\",\"position\":1,\"name\":\"Inicio\",\"item\":\"https:\/\/www.matts-guitar-shop.com\/es\/\"},{\"@type\":\"ListItem\",\"position\":2,\"name\":\"Tienda\",\"item\":\"https:\/\/www.matts-guitar-shop.com\/es\/tienda\/\"},{\"@type\":\"ListItem\",\"position\":3,\"name\":\"EVH 1979 Bumblebee Tribute Relic &#8211; Edici\u00f3n limitada firmada por Eddie Van Halen\"}]},{\"@type\":\"WebSite\",\"@id\":\"https:\/\/www.matts-guitar-shop.com\/es\/#website\",\"url\":\"https:\/\/www.matts-guitar-shop.com\/es\/\",\"name\":\"matts-guitar-shop.com\",\"description\":\"Guitar Shop\",\"publisher\":{\"@id\":\"https:\/\/www.matts-guitar-shop.com\/es\/#organization\"},\"potentialAction\":[{\"@type\":\"SearchAction\",\"target\":{\"@type\":\"EntryPoint\",\"urlTemplate\":\"https:\/\/www.matts-guitar-shop.com\/es\/?s={search_term_string}\"},\"query-input\":{\"@type\":\"PropertyValueSpecification\",\"valueRequired\":true,\"valueName\":\"search_term_string\"}}],\"inLanguage\":\"es\"},{\"@type\":\"Organization\",\"@id\":\"https:\/\/www.matts-guitar-shop.com\/es\/#organization\",\"name\":\"matts-guitar-shop.com\",\"url\":\"https:\/\/www.matts-guitar-shop.com\/es\/\",\"logo\":{\"@type\":\"ImageObject\",\"inLanguage\":\"es\",\"@id\":\"https:\/\/www.matts-guitar-shop.com\/es\/#\/schema\/logo\/image\/\",\"url\":\"https:\/\/www.matts-guitar-shop.com\/wp-content\/uploads\/2024\/09\/MGS-logo-site-02.png\",\"contentUrl\":\"https:\/\/www.matts-guitar-shop.com\/wp-content\/uploads\/2024\/09\/MGS-logo-site-02.png\",\"width\":200,\"height\":122,\"caption\":\"matts-guitar-shop.com\"},\"image\":{\"@id\":\"https:\/\/www.matts-guitar-shop.com\/es\/#\/schema\/logo\/image\/\"},\"sameAs\":[\"https:\/\/www.facebook.com\/profile.php?id=100044359842817\",\"https:\/\/www.instagram.com\/mattsguitarshop\/\",\"https:\/\/www.youtube.com\/@MattLucasMan\/videos\"]}]}<\/script>\n<!-- \/ Yoast SEO plugin. -->","yoast_head_json":{"title":"Eddie Van Halen edici\u00f3n limitada firmada - Matt&#039;s Guitar Shop","description":"EVH 1979 Bumblebee Tribute Relic, edici\u00f3n limitada firmada por Eddie Van Halen. Una guitarra de colecci\u00f3n rara y exclusiva, disponible en Matt\u2019s Guitar Shop.","robots":{"index":"index","follow":"follow","max-snippet":"max-snippet:-1","max-image-preview":"max-image-preview:large","max-video-preview":"max-video-preview:-1"},"canonical":"https:\/\/www.matts-guitar-shop.com\/es\/produit\/evh-1979-bumblebee-tribute-relic-edicion-limitada-firmada-por-eddie-van-halen\/","og_locale":"es_ES","og_type":"article","og_title":"Eddie Van Halen edici\u00f3n limitada firmada - Matt&#039;s Guitar Shop","og_description":"EVH 1979 Bumblebee Tribute Relic, edici\u00f3n limitada firmada por Eddie Van Halen. Una guitarra de colecci\u00f3n rara y exclusiva, disponible en Matt\u2019s Guitar Shop.","og_url":"https:\/\/www.matts-guitar-shop.com\/es\/produit\/evh-1979-bumblebee-tribute-relic-edicion-limitada-firmada-por-eddie-van-halen\/","og_site_name":"Matt&#039;s Guitar Shop","article_publisher":"https:\/\/www.facebook.com\/profile.php?id=100044359842817","article_modified_time":"2026-02-05T17:01:41+00:00","og_image":[{"width":800,"height":1200,"url":"https:\/\/www.matts-guitar-shop.com\/wp-content\/uploads\/2024\/12\/EVH-Masterbuilt-Bumblebee-Van-Halen-02.jpg","type":"image\/jpeg"}],"twitter_card":"summary_large_image","twitter_misc":{"Tiempo de lectura":"2 minutos"},"schema":{"@context":"https:\/\/schema.org","@graph":[{"@type":"WebPage","@id":"https:\/\/www.matts-guitar-shop.com\/es\/produit\/evh-1979-bumblebee-tribute-relic-edicion-limitada-firmada-por-eddie-van-halen\/","url":"https:\/\/www.matts-guitar-shop.com\/es\/produit\/evh-1979-bumblebee-tribute-relic-edicion-limitada-firmada-por-eddie-van-halen\/","name":"Eddie Van Halen edici\u00f3n limitada firmada - Matt&#039;s Guitar Shop","isPartOf":{"@id":"https:\/\/www.matts-guitar-shop.com\/es\/#website"},"primaryImageOfPage":{"@id":"https:\/\/www.matts-guitar-shop.com\/es\/produit\/evh-1979-bumblebee-tribute-relic-edicion-limitada-firmada-por-eddie-van-halen\/#primaryimage"},"image":{"@id":"https:\/\/www.matts-guitar-shop.com\/es\/produit\/evh-1979-bumblebee-tribute-relic-edicion-limitada-firmada-por-eddie-van-halen\/#primaryimage"},"thumbnailUrl":"https:\/\/www.matts-guitar-shop.com\/wp-content\/uploads\/2024\/12\/EVH-Masterbuilt-Bumblebee-Van-Halen-02.jpg","datePublished":"2024-12-22T16:09:51+00:00","dateModified":"2026-02-05T17:01:41+00:00","description":"EVH 1979 Bumblebee Tribute Relic, edici\u00f3n limitada firmada por Eddie Van Halen. Una guitarra de colecci\u00f3n rara y exclusiva, disponible en Matt\u2019s Guitar Shop.","breadcrumb":{"@id":"https:\/\/www.matts-guitar-shop.com\/es\/produit\/evh-1979-bumblebee-tribute-relic-edicion-limitada-firmada-por-eddie-van-halen\/#breadcrumb"},"inLanguage":"es","potentialAction":[{"@type":"ReadAction","target":["https:\/\/www.matts-guitar-shop.com\/es\/produit\/evh-1979-bumblebee-tribute-relic-edicion-limitada-firmada-por-eddie-van-halen\/"]}]},{"@type":"ImageObject","inLanguage":"es","@id":"https:\/\/www.matts-guitar-shop.com\/es\/produit\/evh-1979-bumblebee-tribute-relic-edicion-limitada-firmada-por-eddie-van-halen\/#primaryimage","url":"https:\/\/www.matts-guitar-shop.com\/wp-content\/uploads\/2024\/12\/EVH-Masterbuilt-Bumblebee-Van-Halen-02.jpg","contentUrl":"https:\/\/www.matts-guitar-shop.com\/wp-content\/uploads\/2024\/12\/EVH-Masterbuilt-Bumblebee-Van-Halen-02.jpg","width":800,"height":1200},{"@type":"BreadcrumbList","@id":"https:\/\/www.matts-guitar-shop.com\/es\/produit\/evh-1979-bumblebee-tribute-relic-edicion-limitada-firmada-por-eddie-van-halen\/#breadcrumb","itemListElement":[{"@type":"ListItem","position":1,"name":"Inicio","item":"https:\/\/www.matts-guitar-shop.com\/es\/"},{"@type":"ListItem","position":2,"name":"Tienda","item":"https:\/\/www.matts-guitar-shop.com\/es\/tienda\/"},{"@type":"ListItem","position":3,"name":"EVH 1979 Bumblebee Tribute Relic &#8211; Edici\u00f3n limitada firmada por Eddie Van Halen"}]},{"@type":"WebSite","@id":"https:\/\/www.matts-guitar-shop.com\/es\/#website","url":"https:\/\/www.matts-guitar-shop.com\/es\/","name":"matts-guitar-shop.com","description":"Guitar Shop","publisher":{"@id":"https:\/\/www.matts-guitar-shop.com\/es\/#organization"},"potentialAction":[{"@type":"SearchAction","target":{"@type":"EntryPoint","urlTemplate":"https:\/\/www.matts-guitar-shop.com\/es\/?s={search_term_string}"},"query-input":{"@type":"PropertyValueSpecification","valueRequired":true,"valueName":"search_term_string"}}],"inLanguage":"es"},{"@type":"Organization","@id":"https:\/\/www.matts-guitar-shop.com\/es\/#organization","name":"matts-guitar-shop.com","url":"https:\/\/www.matts-guitar-shop.com\/es\/","logo":{"@type":"ImageObject","inLanguage":"es","@id":"https:\/\/www.matts-guitar-shop.com\/es\/#\/schema\/logo\/image\/","url":"https:\/\/www.matts-guitar-shop.com\/wp-content\/uploads\/2024\/09\/MGS-logo-site-02.png","contentUrl":"https:\/\/www.matts-guitar-shop.com\/wp-content\/uploads\/2024\/09\/MGS-logo-site-02.png","width":200,"height":122,"caption":"matts-guitar-shop.com"},"image":{"@id":"https:\/\/www.matts-guitar-shop.com\/es\/#\/schema\/logo\/image\/"},"sameAs":["https:\/\/www.facebook.com\/profile.php?id=100044359842817","https:\/\/www.instagram.com\/mattsguitarshop\/","https:\/\/www.youtube.com\/@MattLucasMan\/videos"]}]}},"_links":{"self":[{"href":"https:\/\/www.matts-guitar-shop.com\/es\/wp-json\/wp\/v2\/product\/17518","targetHints":{"allow":["GET"]}}],"collection":[{"href":"https:\/\/www.matts-guitar-shop.com\/es\/wp-json\/wp\/v2\/product"}],"about":[{"href":"https:\/\/www.matts-guitar-shop.com\/es\/wp-json\/wp\/v2\/types\/product"}],"replies":[{"embeddable":true,"href":"https:\/\/www.matts-guitar-shop.com\/es\/wp-json\/wp\/v2\/comments?post=17518"}],"wp:featuredmedia":[{"embeddable":true,"href":"https:\/\/www.matts-guitar-shop.com\/es\/wp-json\/wp\/v2\/media\/17519"}],"wp:attachment":[{"href":"https:\/\/www.matts-guitar-shop.com\/es\/wp-json\/wp\/v2\/media?parent=17518"}],"wp:term":[{"taxonomy":"product_brand","embeddable":true,"href":"https:\/\/www.matts-guitar-shop.com\/es\/wp-json\/wp\/v2\/product_brand?post=17518"},{"taxonomy":"product_cat","embeddable":true,"href":"https:\/\/www.matts-guitar-shop.com\/es\/wp-json\/wp\/v2\/product_cat?post=17518"},{"taxonomy":"product_tag","embeddable":true,"href":"https:\/\/www.matts-guitar-shop.com\/es\/wp-json\/wp\/v2\/product_tag?post=17518"}],"curies":[{"name":"wp","href":"https:\/\/api.w.org\/{rel}","templated":true}]}}